{"id":14572,"date":"2024-10-22T15:27:20","date_gmt":"2024-10-22T07:27:20","guid":{"rendered":"https:\/\/landu-china.com\/?page_id=14572"},"modified":"2024-11-07T10:38:11","modified_gmt":"2024-11-07T02:38:11","slug":"ki%cc%87si%cc%87sel-evde-bakim-i%cc%87cgoruleri%cc%87-2","status":"publish","type":"page","link":"https:\/\/landu-china.com\/tr\/haberler-etkinlikler\/ki%cc%87si%cc%87sel-evde-bakim-i%cc%87cgoruleri%cc%87-2\/","title":{"rendered":"Ki\u015fisel ve Ev Bak\u0131m\u0131 \u0130\u00e7g\u00f6r\u00fcleri"},"content":{"rendered":"<div data-elementor-type=\"wp-page\" data-elementor-id=\"14572\" class=\"elementor elementor-14572\" data-elementor-post-type=\"page\">\n\t\t\t\t<div class=\"elementor-element elementor-element-f81d54a e-flex e-con-boxed e-con e-parent\" data-id=\"f81d54a\" data-element_type=\"container\" data-settings=\"{&quot;background_background&quot;:&quot;classic&quot;,&quot;ekit_has_onepagescroll_dot&quot;:&quot;yes&quot;}\">\n\t\t\t\t\t<div class=\"e-con-inner\">\n\t\t\t\t<div class=\"elementor-element elementor-element-b3a9adb elementor-widget__width-initial elementor-widget elementor-widget-heading\" data-id=\"b3a9adb\" data-element_type=\"widget\" data-settings=\"{&quot;ekit_we_effect_on&quot;:&quot;none&quot;}\" data-widget_type=\"heading.default\">\n\t\t\t\t<div class=\"elementor-widget-container\">\n\t\t\t\t\t<h2 class=\"elementor-heading-title elementor-size-default\">Ki\u015fisel ve Ev Bak\u0131m\u0131 \u0130\u00e7g\u00f6r\u00fcleri<\/h2>\t\t\t\t<\/div>\n\t\t\t\t<\/div>\n\t\t\t\t\t<\/div>\n\t\t\t\t<\/div>\n\t\t\t\t<section class=\"elementor-section elementor-top-section elementor-element elementor-element-14f119f elementor-section-full_width elementor-section-height-default elementor-section-height-default\" data-id=\"14f119f\" data-element_type=\"section\" data-settings=\"{&quot;background_background&quot;:&quot;classic&quot;,&quot;ekit_has_onepagescroll_dot&quot;:&quot;yes&quot;}\">\n\t\t\t\t\t\t<div class=\"elementor-container elementor-column-gap-default\">\n\t\t\t\t\t<div class=\"elementor-column elementor-col-100 elementor-top-column elementor-element elementor-element-0d94b74\" data-id=\"0d94b74\" data-element_type=\"column\">\n\t\t\t<div class=\"elementor-widget-wrap elementor-element-populated\">\n\t\t\t\t\t\t<section class=\"elementor-section elementor-inner-section elementor-element elementor-element-32a2a45 elementor-section-boxed elementor-section-height-default elementor-section-height-default\" data-id=\"32a2a45\" data-element_type=\"section\" data-settings=\"{&quot;ekit_has_onepagescroll_dot&quot;:&quot;yes&quot;}\">\n\t\t\t\t\t\t<div class=\"elementor-container elementor-column-gap-default\">\n\t\t\t\t\t<div class=\"elementor-column elementor-col-100 elementor-inner-column elementor-element elementor-element-bc29830\" data-id=\"bc29830\" data-element_type=\"column\">\n\t\t\t<div class=\"elementor-widget-wrap elementor-element-populated\">\n\t\t\t\t\t\t<div class=\"elementor-element elementor-element-2c06974 elementor-widget elementor-widget-elementskit-blog-posts\" data-id=\"2c06974\" data-element_type=\"widget\" data-settings=\"{&quot;ekit_we_effect_on&quot;:&quot;none&quot;}\" data-widget_type=\"elementskit-blog-posts.default\">\n\t\t\t\t<div class=\"elementor-widget-container\">\n\t\t\t\t\t<div class=\"ekit-wid-con\" >\n        <div id=\"post-items--2c06974\" class=\"row post-items ekit-blog-posts-content\" data-enable=\"no\">\n\n\t\t\t<!-- Blog Carousel markup render -->\n\t\t\t\n\n            <div class=\"col-lg-4 col-md-6\">\n\n                                    <div class=\"elementskit-post-image-card\">\n                        <div class=\"elementskit-entry-header\">\n                                                            <a href=\"https:\/\/landu-china.com\/tr\/8-hpmc-kalinlastirici-kullanilan-deterjan-formulasyonlarinda-sik-karsilasilan-sorunlar-ve-cozumleri%cc%87\/\" class=\"elementskit-entry-thumb\">\n                                    <img decoding=\"async\" src=\"https:\/\/landu-china.com\/wp-content\/uploads\/2024\/11\/a-basket-with-detergents-in-the-hands-of-a-woman-1024x682.jpg\" alt=\"8 HPMC K\u0131vamla\u015ft\u0131r\u0131c\u0131 Kullan\u0131lan Deterjan Form\u00fclasyonunda S\u0131k Kar\u015f\u0131la\u015f\u0131lan Sorunlar ve \u00c7\u00f6z\u00fcmleri\">\n                                <\/a><!-- .elementskit-entry-thumb END -->\n                                                            \n                                                            <div class=\"elementskit-meta-categories\">\n                                    <span class=\"elementskit-meta-wraper\">\n                                        <span><a href=\"https:\/\/landu-china.com\/tr\/blog\/\" rel=\"category tag\">Blog<\/a><\/span><span><a href=\"https:\/\/landu-china.com\/tr\/hpmc\/\" rel=\"category tag\">HPMC<\/a><\/span><span><a href=\"https:\/\/landu-china.com\/tr\/ki%cc%87si%cc%87sel-evde-bakim-i%cc%87cgoruleri%cc%87-2\/\" rel=\"category tag\">Ki\u015fisel ve Ev Bak\u0131m\u0131 \u0130\u00e7g\u00f6r\u00fcleri<\/a><\/span>\n                                    <\/span>\n                                <\/div>\n                            \n                                                    <\/div><!-- .elementskit-entry-header END -->\n\n                        <div class=\"elementskit-post-body\">\n                            \n                                                                                                                <div class=\"post-meta-list\">\n                                                                                                                        <span class=\"post-cat\">\n\n                                <i aria-hidden=\"true\" class=\"icon icon-folder\"><\/i>\n                                <a href=\"https:\/\/landu-china.com\/tr\/blog\/\" rel=\"category tag\">Blog<\/a> | <a href=\"https:\/\/landu-china.com\/tr\/hpmc\/\" rel=\"category tag\">HPMC<\/a> | <a href=\"https:\/\/landu-china.com\/tr\/ki%cc%87si%cc%87sel-evde-bakim-i%cc%87cgoruleri%cc%87-2\/\" rel=\"category tag\">Ki\u015fisel ve Ev Bak\u0131m\u0131 \u0130\u00e7g\u00f6r\u00fcleri<\/a>                            <\/span>\n                                                                                    <\/div>\n                                                                        \n                                        \n                                                                                                <h2 class=\"entry-title\">\n                    <a href=\"https:\/\/landu-china.com\/tr\/8-hpmc-kalinlastirici-kullanilan-deterjan-formulasyonlarinda-sik-karsilasilan-sorunlar-ve-cozumleri%cc%87\/\">\n                            8 HPMC K\u0131vamla\u015ft\u0131r\u0131c\u0131 Kullan\u0131lan Deterjan Form\u00fclasyonunda S\u0131k Kar\u015f\u0131la\u015f\u0131lan Sorunlar ve \u00c7\u00f6z\u00fcmleri                    <\/a>\n                <\/h2>\n                                                                                                                                                                                            <p>Etkili deterjanlar\u0131n form\u00fcle edilmesi, bile\u015fenlerin derinlemesine anla\u015f\u0131lmas\u0131n\u0131 gerektirir<\/p>\n                                                                                                                                                        <div class=\"btn-wraper\">\n                                    \n                                                                            <a href=\"https:\/\/landu-china.com\/tr\/8-hpmc-kalinlastirici-kullanilan-deterjan-formulasyonlarinda-sik-karsilasilan-sorunlar-ve-cozumleri%cc%87\/\" class=\"elementskit-btn  whitespace--normal\" >\n                                                                                    Daha fazla bilgi edinin                                         <\/a>\n                                                                    <\/div>\n                                                    <\/div><!-- .elementskit-post-body END -->\n                    <\/div>\n                \n            <\/div>\t\t\t\t\n\n            <div class=\"col-lg-4 col-md-6\">\n\n                                    <div class=\"elementskit-post-image-card\">\n                        <div class=\"elementskit-entry-header\">\n                                                            <a href=\"https:\/\/landu-china.com\/tr\/koyulastirici-olarak-hpmc-kullanilan-deterjan-urunleri%cc%87nde-kali%cc%87te-nasil-saglanir\/\" class=\"elementskit-entry-thumb\">\n                                    <img decoding=\"async\" src=\"https:\/\/landu-china.com\/wp-content\/uploads\/2024\/11\/detergents-and-a-washcloth-with-fresh-flowers-1024x682.jpg\" alt=\"K\u0131vamla\u015ft\u0131r\u0131c\u0131 Olarak HPMC Kullan\u0131lan Deterjan \u00dcr\u00fcnlerinde Kalite Nas\u0131l Sa\u011flan\u0131r?\">\n                                <\/a><!-- .elementskit-entry-thumb END -->\n                                                            \n                                                            <div class=\"elementskit-meta-categories\">\n                                    <span class=\"elementskit-meta-wraper\">\n                                        <span><a href=\"https:\/\/landu-china.com\/tr\/blog\/\" rel=\"category tag\">Blog<\/a><\/span><span><a href=\"https:\/\/landu-china.com\/tr\/hpmc\/\" rel=\"category tag\">HPMC<\/a><\/span><span><a href=\"https:\/\/landu-china.com\/tr\/ki%cc%87si%cc%87sel-evde-bakim-i%cc%87cgoruleri%cc%87-2\/\" rel=\"category tag\">Ki\u015fisel ve Ev Bak\u0131m\u0131 \u0130\u00e7g\u00f6r\u00fcleri<\/a><\/span>\n                                    <\/span>\n                                <\/div>\n                            \n                                                    <\/div><!-- .elementskit-entry-header END -->\n\n                        <div class=\"elementskit-post-body\">\n                            \n                                                                                                                <div class=\"post-meta-list\">\n                                                                                                                        <span class=\"post-cat\">\n\n                                <i aria-hidden=\"true\" class=\"icon icon-folder\"><\/i>\n                                <a href=\"https:\/\/landu-china.com\/tr\/blog\/\" rel=\"category tag\">Blog<\/a> | <a href=\"https:\/\/landu-china.com\/tr\/hpmc\/\" rel=\"category tag\">HPMC<\/a> | <a href=\"https:\/\/landu-china.com\/tr\/ki%cc%87si%cc%87sel-evde-bakim-i%cc%87cgoruleri%cc%87-2\/\" rel=\"category tag\">Ki\u015fisel ve Ev Bak\u0131m\u0131 \u0130\u00e7g\u00f6r\u00fcleri<\/a>                            <\/span>\n                                                                                    <\/div>\n                                                                        \n                                        \n                                                                                                <h2 class=\"entry-title\">\n                    <a href=\"https:\/\/landu-china.com\/tr\/koyulastirici-olarak-hpmc-kullanilan-deterjan-urunleri%cc%87nde-kali%cc%87te-nasil-saglanir\/\">\n                            K\u0131vamla\u015ft\u0131r\u0131c\u0131 Olarak HPMC Kullan\u0131lan Deterjan \u00dcr\u00fcnlerinde Kalite Nas\u0131l Sa\u011flan\u0131r?                    <\/a>\n                <\/h2>\n                                                                                                                                                                                            <p>G\u00fcn\u00fcm\u00fcz\u00fcn rekabet\u00e7i deterjan pazar\u0131nda, tutarl\u0131 kalite elde etmek ve<\/p>\n                                                                                                                                                        <div class=\"btn-wraper\">\n                                    \n                                                                            <a href=\"https:\/\/landu-china.com\/tr\/koyulastirici-olarak-hpmc-kullanilan-deterjan-urunleri%cc%87nde-kali%cc%87te-nasil-saglanir\/\" class=\"elementskit-btn  whitespace--normal\" >\n                                                                                    Daha fazla bilgi edinin                                         <\/a>\n                                                                    <\/div>\n                                                    <\/div><!-- .elementskit-post-body END -->\n                    <\/div>\n                \n            <\/div>\t\t\t\t\n\n            <div class=\"col-lg-4 col-md-6\">\n\n                                    <div class=\"elementskit-post-image-card\">\n                        <div class=\"elementskit-entry-header\">\n                                                            <a href=\"https:\/\/landu-china.com\/tr\/koyulastirici-olarak-hpmc-kullanarak-deterjan-urunleri-nasil-uretilir-eksiksiz-bir-kilavuz\/\" class=\"elementskit-entry-thumb\">\n                                    <img decoding=\"async\" src=\"https:\/\/landu-china.com\/wp-content\/uploads\/2024\/11\/eco-bag-bottles-with-detergents-and-cleaning-tools-on-light-background-top-view-1024x682.jpg\" alt=\"HPMC K\u0131vamla\u015ft\u0131r\u0131c\u0131 Olarak Kullan\u0131larak Deterjan \u00dcr\u00fcnleri Nas\u0131l \u00dcretilir? Eksiksiz Bir K\u0131lavuz\">\n                                <\/a><!-- .elementskit-entry-thumb END -->\n                                                            \n                                                            <div class=\"elementskit-meta-categories\">\n                                    <span class=\"elementskit-meta-wraper\">\n                                        <span><a href=\"https:\/\/landu-china.com\/tr\/blog\/\" rel=\"category tag\">Blog<\/a><\/span><span><a href=\"https:\/\/landu-china.com\/tr\/hpmc\/\" rel=\"category tag\">HPMC<\/a><\/span><span><a href=\"https:\/\/landu-china.com\/tr\/ki%cc%87si%cc%87sel-evde-bakim-i%cc%87cgoruleri%cc%87-2\/\" rel=\"category tag\">Ki\u015fisel ve Ev Bak\u0131m\u0131 \u0130\u00e7g\u00f6r\u00fcleri<\/a><\/span>\n                                    <\/span>\n                                <\/div>\n                            \n                                                    <\/div><!-- .elementskit-entry-header END -->\n\n                        <div class=\"elementskit-post-body\">\n                            \n                                                                                                                <div class=\"post-meta-list\">\n                                                                                                                        <span class=\"post-cat\">\n\n                                <i aria-hidden=\"true\" class=\"icon icon-folder\"><\/i>\n                                <a href=\"https:\/\/landu-china.com\/tr\/blog\/\" rel=\"category tag\">Blog<\/a> | <a href=\"https:\/\/landu-china.com\/tr\/hpmc\/\" rel=\"category tag\">HPMC<\/a> | <a href=\"https:\/\/landu-china.com\/tr\/ki%cc%87si%cc%87sel-evde-bakim-i%cc%87cgoruleri%cc%87-2\/\" rel=\"category tag\">Ki\u015fisel ve Ev Bak\u0131m\u0131 \u0130\u00e7g\u00f6r\u00fcleri<\/a>                            <\/span>\n                                                                                    <\/div>\n                                                                        \n                                        \n                                                                                                <h2 class=\"entry-title\">\n                    <a href=\"https:\/\/landu-china.com\/tr\/koyulastirici-olarak-hpmc-kullanarak-deterjan-urunleri-nasil-uretilir-eksiksiz-bir-kilavuz\/\">\n                            HPMC K\u0131vamla\u015ft\u0131r\u0131c\u0131 Olarak Kullan\u0131larak Deterjan \u00dcr\u00fcnleri Nas\u0131l \u00dcretilir? Eksiksiz Bir K\u0131lavuz                    <\/a>\n                <\/h2>\n                                                                                                                                                                                            <p>Hidroksipropil Metilsel\u00fcloz (HPMC) yayg\u0131n olarak kullan\u0131lan \u00e7ok y\u00f6nl\u00fc ve \u00e7evre dostu bir k\u0131vamla\u015ft\u0131r\u0131c\u0131d\u0131r<\/p>\n                                                                                                                                                        <div class=\"btn-wraper\">\n                                    \n                                                                            <a href=\"https:\/\/landu-china.com\/tr\/koyulastirici-olarak-hpmc-kullanarak-deterjan-urunleri-nasil-uretilir-eksiksiz-bir-kilavuz\/\" class=\"elementskit-btn  whitespace--normal\" >\n                                                                                    Daha fazla bilgi edinin                                         <\/a>\n                                                                    <\/div>\n                                                    <\/div><!-- .elementskit-post-body END -->\n                    <\/div>\n                \n            <\/div>\t\t\t\t\n\n            <div class=\"col-lg-4 col-md-6\">\n\n                                    <div class=\"elementskit-post-image-card\">\n                        <div class=\"elementskit-entry-header\">\n                                                            <a href=\"https:\/\/landu-china.com\/tr\/ekonomi%cc%87k-sivi-sabun-ve-deterjan-formulasyon-katkisi\/\" class=\"elementskit-entry-thumb\">\n                                    <img decoding=\"async\" src=\"https:\/\/landu-china.com\/wp-content\/uploads\/2024\/11\/134A9527-1024x678.jpg\" alt=\"Ekonomik S\u0131v\u0131 Sabun ve Deterjan Form\u00fclasyonu - Katk\u0131 Maddesi\">\n                                <\/a><!-- .elementskit-entry-thumb END -->\n                                                            \n                                                            <div class=\"elementskit-meta-categories\">\n                                    <span class=\"elementskit-meta-wraper\">\n                                        <span><a href=\"https:\/\/landu-china.com\/tr\/blog\/\" rel=\"category tag\">Blog<\/a><\/span><span><a href=\"https:\/\/landu-china.com\/tr\/ki%cc%87si%cc%87sel-evde-bakim-i%cc%87cgoruleri%cc%87-2\/\" rel=\"category tag\">Ki\u015fisel ve Ev Bak\u0131m\u0131 \u0130\u00e7g\u00f6r\u00fcleri<\/a><\/span>\n                                    <\/span>\n                                <\/div>\n                            \n                                                    <\/div><!-- .elementskit-entry-header END -->\n\n                        <div class=\"elementskit-post-body\">\n                            \n                                                                                                                <div class=\"post-meta-list\">\n                                                                                                                        <span class=\"post-cat\">\n\n                                <i aria-hidden=\"true\" class=\"icon icon-folder\"><\/i>\n                                <a href=\"https:\/\/landu-china.com\/tr\/blog\/\" rel=\"category tag\">Blog<\/a> | <a href=\"https:\/\/landu-china.com\/tr\/ki%cc%87si%cc%87sel-evde-bakim-i%cc%87cgoruleri%cc%87-2\/\" rel=\"category tag\">Ki\u015fisel ve Ev Bak\u0131m\u0131 \u0130\u00e7g\u00f6r\u00fcleri<\/a>                            <\/span>\n                                                                                    <\/div>\n                                                                        \n                                        \n                                                                                                <h2 class=\"entry-title\">\n                    <a href=\"https:\/\/landu-china.com\/tr\/ekonomi%cc%87k-sivi-sabun-ve-deterjan-formulasyon-katkisi\/\">\n                            Ekonomik S\u0131v\u0131 Sabun ve Deterjan Form\u00fclasyonu - Katk\u0131 Maddesi                    <\/a>\n                <\/h2>\n                                                                                                                                                                                            <p>https:\/\/youtu.be\/fZDQmX5ba80?si=IrQMG-pmG4TuxFCb Sel\u00fcloz eter, deterjan uygulamalar\u0131 i\u00e7in ideal bir k\u0131vamla\u015ft\u0131r\u0131c\u0131d\u0131r. \u00dcr\u00fcn\u00fc artt\u0131r\u0131r<\/p>\n                                                                                                                                                        <div class=\"btn-wraper\">\n                                    \n                                                                            <a href=\"https:\/\/landu-china.com\/tr\/ekonomi%cc%87k-sivi-sabun-ve-deterjan-formulasyon-katkisi\/\" class=\"elementskit-btn  whitespace--normal\" >\n                                                                                    Daha fazla bilgi edinin                                         <\/a>\n                                                                    <\/div>\n                                                    <\/div><!-- .elementskit-post-body END -->\n                    <\/div>\n                \n            <\/div>\t\t\t\t        <\/div>\n        \n        \n                    <div \n            data-ekit-blog-post-style=\"numbered\"\n            class=\"ekit-blog-post-pagination-container ekit-blog-post-pagination-style-numbered\" \n            id=\"post-nagivation--2c06974\">\n                \n            <\/div>\n\n            <\/div>\t\t\t\t<\/div>\n\t\t\t\t<\/div>\n\t\t\t\t\t<\/div>\n\t\t<\/div>\n\t\t\t\t\t<\/div>\n\t\t<\/section>\n\t\t\t\t\t<\/div>\n\t\t<\/div>\n\t\t\t\t\t<\/div>\n\t\t<\/section>\n\t\t\t\t<\/div>","protected":false},"excerpt":{"rendered":"<p>Ki\u015fisel ve Ev Bak\u0131m\u0131 Bilgileri BloguPersonal &amp; Home Care Insights Blog | Personal &amp; Home Care Insights Ekonomik S\u0131v\u0131 Sabun ve Deterjan Form\u00fclasyonu - Katk\u0131 Maddesi https:\/\/youtu.be\/fZDQmX5ba80?si=IrQMG-pmG4TuxFCb Sel\u00fcloz eter, deterjan uygulamalar\u0131 i\u00e7in ideal bir k\u0131vamla\u015ft\u0131r\u0131c\u0131d\u0131r. \u00dcr\u00fcn\u00fc artt\u0131r\u0131r Daha fazla bilgi<\/p>","protected":false},"author":1,"featured_media":0,"parent":517,"menu_order":0,"comment_status":"closed","ping_status":"closed","template":"elementor_header_footer","meta":{"footnotes":""},"class_list":["post-14572","page","type-page","status-publish","hentry"],"_links":{"self":[{"href":"https:\/\/landu-china.com\/tr\/wp-json\/wp\/v2\/pages\/14572","targetHints":{"allow":["GET"]}}],"collection":[{"href":"https:\/\/landu-china.com\/tr\/wp-json\/wp\/v2\/pages"}],"about":[{"href":"https:\/\/landu-china.com\/tr\/wp-json\/wp\/v2\/types\/page"}],"author":[{"embeddable":true,"href":"https:\/\/landu-china.com\/tr\/wp-json\/wp\/v2\/users\/1"}],"replies":[{"embeddable":true,"href":"https:\/\/landu-china.com\/tr\/wp-json\/wp\/v2\/comments?post=14572"}],"version-history":[{"count":10,"href":"https:\/\/landu-china.com\/tr\/wp-json\/wp\/v2\/pages\/14572\/revisions"}],"predecessor-version":[{"id":18557,"href":"https:\/\/landu-china.com\/tr\/wp-json\/wp\/v2\/pages\/14572\/revisions\/18557"}],"up":[{"embeddable":true,"href":"https:\/\/landu-china.com\/tr\/wp-json\/wp\/v2\/pages\/517"}],"wp:attachment":[{"href":"https:\/\/landu-china.com\/tr\/wp-json\/wp\/v2\/media?parent=14572"}],"curies":[{"name":"wp","href":"https:\/\/api.w.org\/{rel}","templated":true}]}}