{"id":13638,"date":"2024-10-21T09:24:03","date_gmt":"2024-10-21T01:24:03","guid":{"rendered":"https:\/\/landu-china.com\/?page_id=13638"},"modified":"2024-11-14T14:35:40","modified_gmt":"2024-11-14T06:35:40","slug":"i%cc%87nsanlar-bakim-taahhudumuz","status":"publish","type":"page","link":"https:\/\/landu-china.com\/tr\/surdurulebi%cc%87li%cc%87rli%cc%87k\/i%cc%87nsanlar-bakim-taahhudumuz\/","title":{"rendered":"\u0130nsanlar: Bak\u0131m Taahh\u00fcd\u00fcm\u00fcz"},"content":{"rendered":"<div data-elementor-type=\"wp-page\" data-elementor-id=\"13638\" class=\"elementor elementor-13638\" data-elementor-post-type=\"page\">\n\t\t\t\t<div class=\"elementor-element elementor-element-f81d54a e-con-full e-flex e-con e-parent\" data-id=\"f81d54a\" data-element_type=\"container\" data-settings=\"{&quot;background_background&quot;:&quot;classic&quot;,&quot;ekit_has_onepagescroll_dot&quot;:&quot;yes&quot;}\">\n\t\t\t\t<div class=\"elementor-element elementor-element-b3a9adb elementor-widget elementor-widget-heading\" data-id=\"b3a9adb\" data-element_type=\"widget\" data-settings=\"{&quot;ekit_we_effect_on&quot;:&quot;none&quot;}\" data-widget_type=\"heading.default\">\n\t\t\t\t<div class=\"elementor-widget-container\">\n\t\t\t\t\t<h2 class=\"elementor-heading-title elementor-size-default\">\u0130nsanlar: Bak\u0131m Taahh\u00fcd\u00fcm\u00fcz<\/h2>\t\t\t\t<\/div>\n\t\t\t\t<\/div>\n\t\t\t\t<div class=\"elementor-element elementor-element-833d792 elementor-widget__width-initial elementor-widget elementor-widget-text-editor\" data-id=\"833d792\" data-element_type=\"widget\" data-settings=\"{&quot;ekit_we_effect_on&quot;:&quot;none&quot;}\" data-widget_type=\"text-editor.default\">\n\t\t\t\t<div class=\"elementor-widget-container\">\n\t\t\t\t\t\t\t\t\t<p>LANDU, karbon ayak izlerini azaltan s\u00fcrd\u00fcr\u00fclebilir, yenilik\u00e7i \u00fcr\u00fcnler yaratmak i\u00e7in yenilenebilir malzemeler kullan\u0131r. \u0130lerleme kaydetmek ve herkes i\u00e7in daha g\u00fcvenli, s\u00fcrd\u00fcr\u00fclebilir bir gelecek sa\u011flamak i\u00e7in payda\u015flarla i\u015fbirli\u011fi yap\u0131yoruz.<\/p>\t\t\t\t\t\t\t\t<\/div>\n\t\t\t\t<\/div>\n\t\t\t\t<\/div>\n\t\t<div class=\"elementor-element elementor-element-cf4b4d3 e-flex e-con-boxed e-con e-parent\" data-id=\"cf4b4d3\" data-element_type=\"container\" data-settings=\"{&quot;background_background&quot;:&quot;classic&quot;,&quot;ekit_has_onepagescroll_dot&quot;:&quot;yes&quot;}\">\n\t\t\t\t\t<div class=\"e-con-inner\">\n\t\t<div class=\"elementor-element elementor-element-ec8f33f e-flex e-con-boxed e-con e-child\" data-id=\"ec8f33f\" data-element_type=\"container\" data-settings=\"{&quot;background_background&quot;:&quot;classic&quot;,&quot;ekit_has_onepagescroll_dot&quot;:&quot;yes&quot;}\">\n\t\t\t\t\t<div class=\"e-con-inner\">\n\t\t\t\t<div class=\"elementor-element elementor-element-17b78e6 elementor-widget elementor-widget-image\" data-id=\"17b78e6\" data-element_type=\"widget\" data-settings=\"{&quot;ekit_we_effect_on&quot;:&quot;none&quot;}\" data-widget_type=\"image.default\">\n\t\t\t\t<div class=\"elementor-widget-container\">\n\t\t\t\t\t\t\t\t\t\t\t\t\t\t\t<img fetchpriority=\"high\" decoding=\"async\" width=\"800\" height=\"533\" src=\"https:\/\/landu-china.com\/wp-content\/uploads\/2024\/06\/smiling-female-construction-worker-in-protective-helmet-standing-against-on-construction-background-1024x682-1.webp\" class=\"attachment-large size-large wp-image-150\" alt=\"\" srcset=\"https:\/\/landu-china.com\/wp-content\/uploads\/2024\/06\/smiling-female-construction-worker-in-protective-helmet-standing-against-on-construction-background-1024x682-1.webp 1024w, https:\/\/landu-china.com\/wp-content\/uploads\/2024\/06\/smiling-female-construction-worker-in-protective-helmet-standing-against-on-construction-background-1024x682-1-300x200.webp 300w, https:\/\/landu-china.com\/wp-content\/uploads\/2024\/06\/smiling-female-construction-worker-in-protective-helmet-standing-against-on-construction-background-1024x682-1-768x512.webp 768w\" sizes=\"(max-width: 800px) 100vw, 800px\" \/>\t\t\t\t\t\t\t\t\t\t\t\t\t\t\t<\/div>\n\t\t\t\t<\/div>\n\t\t\t\t<div class=\"elementor-element elementor-element-b7c6449 elementor-widget elementor-widget-heading\" data-id=\"b7c6449\" data-element_type=\"widget\" data-settings=\"{&quot;ekit_we_effect_on&quot;:&quot;none&quot;}\" data-widget_type=\"heading.default\">\n\t\t\t\t<div class=\"elementor-widget-container\">\n\t\t\t\t\t<h2 class=\"elementor-heading-title elementor-size-default\">\u00d6nce G\u00fcvenlik: \u00d6nceli\u011fimiz<\/h2>\t\t\t\t<\/div>\n\t\t\t\t<\/div>\n\t\t\t\t<div class=\"elementor-element elementor-element-ee440e9 elementor-widget elementor-widget-text-editor\" data-id=\"ee440e9\" data-element_type=\"widget\" data-settings=\"{&quot;ekit_we_effect_on&quot;:&quot;none&quot;}\" data-widget_type=\"text-editor.default\">\n\t\t\t\t<div class=\"elementor-widget-container\">\n\t\t\t\t\t\t\t\t\t<p>G\u00fcvenli ve sa\u011fl\u0131kl\u0131 bir \u00e7al\u0131\u015fma ortam\u0131, s\u00fcrd\u00fcr\u00fclebilir i\u015f faaliyetlerinin sa\u011flanmas\u0131 i\u00e7in \u00e7ok \u00f6nemlidir ve proaktif, y\u00fcksek vas\u0131fl\u0131 yetenekleri \u00e7ekmek i\u00e7in bir \u00f6n ko\u015fuldur.<\/p>\t\t\t\t\t\t\t\t<\/div>\n\t\t\t\t<\/div>\n\t\t\t\t<div class=\"elementor-element elementor-element-5a43c80 elementor-widget elementor-widget-button\" data-id=\"5a43c80\" data-element_type=\"widget\" data-settings=\"{&quot;ekit_we_effect_on&quot;:&quot;none&quot;}\" data-widget_type=\"button.default\">\n\t\t\t\t<div class=\"elementor-widget-container\">\n\t\t\t\t\t\t\t\t\t<div class=\"elementor-button-wrapper\">\n\t\t\t\t\t<a class=\"elementor-button elementor-button-link elementor-size-sm\" href=\"https:\/\/landu-china.com\/tr\/calisanlarla-isbirligi\/\" target=\"_blank\">\n\t\t\t\t\t\t<span class=\"elementor-button-content-wrapper\">\n\t\t\t\t\t\t<span class=\"elementor-button-icon\">\n\t\t\t\t<svg aria-hidden=\"true\" class=\"e-font-icon-svg e-fas-angle-right\" viewbox=\"0 0 256 512\" xmlns=\"http:\/\/www.w3.org\/2000\/svg\"><path d=\"M224.3 273l-136 136c-9.4 9.4-24.6 9.4-33.9 0l-22.6-22.6c-9.4-9.4-9.4-24.6 0-33.9l96.4-96.4-96.4-96.4c-9.4-9.4-9.4-24.6 0-33.9L54.3 103c9.4-9.4 24.6-9.4 33.9 0l136 136c9.5 9.4 9.5 24.6.1 34z\"><\/path><\/svg>\t\t\t<\/span>\n\t\t\t\t\t\t\t\t\t<span class=\"elementor-button-text\"> Daha Fazla Bilgi<\/span>\n\t\t\t\t\t<\/span>\n\t\t\t\t\t<\/a>\n\t\t\t\t<\/div>\n\t\t\t\t\t\t\t\t<\/div>\n\t\t\t\t<\/div>\n\t\t\t\t\t<\/div>\n\t\t\t\t<\/div>\n\t\t<div class=\"elementor-element elementor-element-e581fca e-flex e-con-boxed e-con e-child\" data-id=\"e581fca\" data-element_type=\"container\" data-settings=\"{&quot;background_background&quot;:&quot;classic&quot;,&quot;ekit_has_onepagescroll_dot&quot;:&quot;yes&quot;}\">\n\t\t\t\t\t<div class=\"e-con-inner\">\n\t\t\t\t<div class=\"elementor-element elementor-element-3a52850 elementor-widget elementor-widget-image\" data-id=\"3a52850\" data-element_type=\"widget\" data-settings=\"{&quot;ekit_we_effect_on&quot;:&quot;none&quot;}\" data-widget_type=\"image.default\">\n\t\t\t\t<div class=\"elementor-widget-container\">\n\t\t\t\t\t\t\t\t\t\t\t\t\t\t\t<img decoding=\"async\" width=\"800\" height=\"534\" src=\"https:\/\/landu-china.com\/wp-content\/uploads\/2024\/06\/business-people-smiling-in-office-seen-through-glass-1024x683-1.webp\" class=\"attachment-large size-large wp-image-156\" alt=\"\" srcset=\"https:\/\/landu-china.com\/wp-content\/uploads\/2024\/06\/business-people-smiling-in-office-seen-through-glass-1024x683-1.webp 1024w, https:\/\/landu-china.com\/wp-content\/uploads\/2024\/06\/business-people-smiling-in-office-seen-through-glass-1024x683-1-300x200.webp 300w, https:\/\/landu-china.com\/wp-content\/uploads\/2024\/06\/business-people-smiling-in-office-seen-through-glass-1024x683-1-768x512.webp 768w\" sizes=\"(max-width: 800px) 100vw, 800px\" \/>\t\t\t\t\t\t\t\t\t\t\t\t\t\t\t<\/div>\n\t\t\t\t<\/div>\n\t\t\t\t<div class=\"elementor-element elementor-element-638bdb7 elementor-widget elementor-widget-heading\" data-id=\"638bdb7\" data-element_type=\"widget\" data-settings=\"{&quot;ekit_we_effect_on&quot;:&quot;none&quot;}\" data-widget_type=\"heading.default\">\n\t\t\t\t<div class=\"elementor-widget-container\">\n\t\t\t\t\t<h2 class=\"elementor-heading-title elementor-size-default\">G\u00fc\u00e7l\u00fc Kurum K\u00fclt\u00fcr\u00fc: Temelimiz<\/h2>\t\t\t\t<\/div>\n\t\t\t\t<\/div>\n\t\t\t\t<div class=\"elementor-element elementor-element-f4f58b5 elementor-widget elementor-widget-text-editor\" data-id=\"f4f58b5\" data-element_type=\"widget\" data-settings=\"{&quot;ekit_we_effect_on&quot;:&quot;none&quot;}\" data-widget_type=\"text-editor.default\">\n\t\t\t\t<div class=\"elementor-widget-container\">\n\t\t\t\t\t\t\t\t\t<p>Kurumsal k\u00fclt\u00fcr\u00fcm\u00fcz\u00fcn g\u00fc\u00e7l\u00fc bir pazar odakl\u0131l\u0131k, s\u00fcrekli yenilik\u00e7ilik ve de\u011fi\u015fimi kucaklama ve y\u00f6nlendirme becerisinden etkilenmesini arzuluyoruz.<\/p>\t\t\t\t\t\t\t\t<\/div>\n\t\t\t\t<\/div>\n\t\t\t\t<div class=\"elementor-element elementor-element-9ca4361 elementor-widget elementor-widget-button\" data-id=\"9ca4361\" data-element_type=\"widget\" data-settings=\"{&quot;ekit_we_effect_on&quot;:&quot;none&quot;}\" data-widget_type=\"button.default\">\n\t\t\t\t<div class=\"elementor-widget-container\">\n\t\t\t\t\t\t\t\t\t<div class=\"elementor-button-wrapper\">\n\t\t\t\t\t<a class=\"elementor-button elementor-button-link elementor-size-sm\" href=\"https:\/\/landu-china.com\/tr\/buyumek-ve-yenilik-yapmak\/\" target=\"_blank\">\n\t\t\t\t\t\t<span class=\"elementor-button-content-wrapper\">\n\t\t\t\t\t\t<span class=\"elementor-button-icon\">\n\t\t\t\t<svg aria-hidden=\"true\" class=\"e-font-icon-svg e-fas-angle-right\" viewbox=\"0 0 256 512\" xmlns=\"http:\/\/www.w3.org\/2000\/svg\"><path d=\"M224.3 273l-136 136c-9.4 9.4-24.6 9.4-33.9 0l-22.6-22.6c-9.4-9.4-9.4-24.6 0-33.9l96.4-96.4-96.4-96.4c-9.4-9.4-9.4-24.6 0-33.9L54.3 103c9.4-9.4 24.6-9.4 33.9 0l136 136c9.5 9.4 9.5 24.6.1 34z\"><\/path><\/svg>\t\t\t<\/span>\n\t\t\t\t\t\t\t\t\t<span class=\"elementor-button-text\"> Daha Fazla Bilgi<\/span>\n\t\t\t\t\t<\/span>\n\t\t\t\t\t<\/a>\n\t\t\t\t<\/div>\n\t\t\t\t\t\t\t\t<\/div>\n\t\t\t\t<\/div>\n\t\t\t\t\t<\/div>\n\t\t\t\t<\/div>\n\t\t<div class=\"elementor-element elementor-element-dd550b6 e-flex e-con-boxed e-con e-child\" data-id=\"dd550b6\" data-element_type=\"container\" data-settings=\"{&quot;background_background&quot;:&quot;classic&quot;,&quot;ekit_has_onepagescroll_dot&quot;:&quot;yes&quot;}\">\n\t\t\t\t\t<div class=\"e-con-inner\">\n\t\t\t\t<div class=\"elementor-element elementor-element-ad08bfd elementor-widget elementor-widget-image\" data-id=\"ad08bfd\" data-element_type=\"widget\" data-settings=\"{&quot;ekit_we_effect_on&quot;:&quot;none&quot;}\" data-widget_type=\"image.default\">\n\t\t\t\t<div class=\"elementor-widget-container\">\n\t\t\t\t\t\t\t\t\t\t\t\t\t\t\t<img decoding=\"async\" width=\"800\" height=\"533\" src=\"https:\/\/landu-china.com\/wp-content\/uploads\/2024\/06\/happy-couple-handshaking-with-their-financial-advisor-in-the-office-1024x682-1.webp\" class=\"attachment-large size-large wp-image-147\" alt=\"\" srcset=\"https:\/\/landu-china.com\/wp-content\/uploads\/2024\/06\/happy-couple-handshaking-with-their-financial-advisor-in-the-office-1024x682-1.webp 1024w, https:\/\/landu-china.com\/wp-content\/uploads\/2024\/06\/happy-couple-handshaking-with-their-financial-advisor-in-the-office-1024x682-1-300x200.webp 300w, https:\/\/landu-china.com\/wp-content\/uploads\/2024\/06\/happy-couple-handshaking-with-their-financial-advisor-in-the-office-1024x682-1-768x512.webp 768w\" sizes=\"(max-width: 800px) 100vw, 800px\" \/>\t\t\t\t\t\t\t\t\t\t\t\t\t\t\t<\/div>\n\t\t\t\t<\/div>\n\t\t\t\t<div class=\"elementor-element elementor-element-38f5569 elementor-widget elementor-widget-heading\" data-id=\"38f5569\" data-element_type=\"widget\" data-settings=\"{&quot;ekit_we_effect_on&quot;:&quot;none&quot;}\" data-widget_type=\"heading.default\">\n\t\t\t\t<div class=\"elementor-widget-container\">\n\t\t\t\t\t<h2 class=\"elementor-heading-title elementor-size-default\">Etik ve Bilgi U\u00e7urma: Temel D\u00fcr\u00fcstl\u00fck<\/h2>\t\t\t\t<\/div>\n\t\t\t\t<\/div>\n\t\t\t\t<div class=\"elementor-element elementor-element-0f5d9f3 elementor-widget elementor-widget-text-editor\" data-id=\"0f5d9f3\" data-element_type=\"widget\" data-settings=\"{&quot;ekit_we_effect_on&quot;:&quot;none&quot;}\" data-widget_type=\"text-editor.default\">\n\t\t\t\t<div class=\"elementor-widget-container\">\n\t\t\t\t\t\t\t\t\t<p>Y\u00fcksek a\u00e7\u0131kl\u0131k, \u015feffafl\u0131k, g\u00fc\u00e7l\u00fc etik standartlar ve sa\u011flam uygun raporlama prosed\u00fcrlerinden olu\u015fan bir k\u00fclt\u00fcr\u00fc aktif olarak s\u00fcrd\u00fcrmeye kararl\u0131y\u0131z.<\/p>\t\t\t\t\t\t\t\t<\/div>\n\t\t\t\t<\/div>\n\t\t\t\t<div class=\"elementor-element elementor-element-ddc99bd elementor-widget elementor-widget-button\" data-id=\"ddc99bd\" data-element_type=\"widget\" data-settings=\"{&quot;ekit_we_effect_on&quot;:&quot;none&quot;}\" data-widget_type=\"button.default\">\n\t\t\t\t<div class=\"elementor-widget-container\">\n\t\t\t\t\t\t\t\t\t<div class=\"elementor-button-wrapper\">\n\t\t\t\t\t<a class=\"elementor-button elementor-button-link elementor-size-sm\" href=\"https:\/\/landu-china.com\/tr\/eylemde-durustluk\/\" target=\"_blank\">\n\t\t\t\t\t\t<span class=\"elementor-button-content-wrapper\">\n\t\t\t\t\t\t<span class=\"elementor-button-icon\">\n\t\t\t\t<svg aria-hidden=\"true\" class=\"e-font-icon-svg e-fas-angle-right\" viewbox=\"0 0 256 512\" xmlns=\"http:\/\/www.w3.org\/2000\/svg\"><path d=\"M224.3 273l-136 136c-9.4 9.4-24.6 9.4-33.9 0l-22.6-22.6c-9.4-9.4-9.4-24.6 0-33.9l96.4-96.4-96.4-96.4c-9.4-9.4-9.4-24.6 0-33.9L54.3 103c9.4-9.4 24.6-9.4 33.9 0l136 136c9.5 9.4 9.5 24.6.1 34z\"><\/path><\/svg>\t\t\t<\/span>\n\t\t\t\t\t\t\t\t\t<span class=\"elementor-button-text\"> Daha Fazla Bilgi<\/span>\n\t\t\t\t\t<\/span>\n\t\t\t\t\t<\/a>\n\t\t\t\t<\/div>\n\t\t\t\t\t\t\t\t<\/div>\n\t\t\t\t<\/div>\n\t\t\t\t\t<\/div>\n\t\t\t\t<\/div>\n\t\t\t\t\t<\/div>\n\t\t\t\t<\/div>\n\t\t\t\t<\/div>","protected":false},"excerpt":{"rendered":"<p>\u0130nsanlar: Bak\u0131m Taahh\u00fcd\u00fcm\u00fcz LANDU, karbon ayak izini azaltan s\u00fcrd\u00fcr\u00fclebilir, yenilik\u00e7i \u00fcr\u00fcnler yaratmak i\u00e7in yenilenebilir malzemeler kullan\u0131r. \u0130lerleme kaydetmek ve herkes i\u00e7in daha g\u00fcvenli, s\u00fcrd\u00fcr\u00fclebilir bir gelecek sa\u011flamak i\u00e7in payda\u015flarla i\u015fbirli\u011fi yap\u0131yoruz. \u00d6nce G\u00fcvenlik: \u00d6nceli\u011fimiz G\u00fcvenli ve sa\u011fl\u0131kl\u0131 bir \u00e7al\u0131\u015fma ortam\u0131, s\u00fcrd\u00fcr\u00fclebilir i\u015f faaliyetlerinin sa\u011flanmas\u0131 i\u00e7in \u00e7ok \u00f6nemlidir ve [...]<\/p>","protected":false},"author":1,"featured_media":0,"parent":137,"menu_order":0,"comment_status":"closed","ping_status":"closed","template":"elementor_header_footer","meta":{"footnotes":""},"class_list":["post-13638","page","type-page","status-publish","hentry"],"_links":{"self":[{"href":"https:\/\/landu-china.com\/tr\/wp-json\/wp\/v2\/pages\/13638","targetHints":{"allow":["GET"]}}],"collection":[{"href":"https:\/\/landu-china.com\/tr\/wp-json\/wp\/v2\/pages"}],"about":[{"href":"https:\/\/landu-china.com\/tr\/wp-json\/wp\/v2\/types\/page"}],"author":[{"embeddable":true,"href":"https:\/\/landu-china.com\/tr\/wp-json\/wp\/v2\/users\/1"}],"replies":[{"embeddable":true,"href":"https:\/\/landu-china.com\/tr\/wp-json\/wp\/v2\/comments?post=13638"}],"version-history":[{"count":16,"href":"https:\/\/landu-china.com\/tr\/wp-json\/wp\/v2\/pages\/13638\/revisions"}],"predecessor-version":[{"id":19460,"href":"https:\/\/landu-china.com\/tr\/wp-json\/wp\/v2\/pages\/13638\/revisions\/19460"}],"up":[{"embeddable":true,"href":"https:\/\/landu-china.com\/tr\/wp-json\/wp\/v2\/pages\/137"}],"wp:attachment":[{"href":"https:\/\/landu-china.com\/tr\/wp-json\/wp\/v2\/media?parent=13638"}],"curies":[{"name":"wp","href":"https:\/\/api.w.org\/{rel}","templated":true}]}}