{"id":3729,"date":"2024-07-29T14:50:50","date_gmt":"2024-07-29T06:50:50","guid":{"rendered":"https:\/\/landu-china.com\/?page_id=3729"},"modified":"2024-08-02T10:50:44","modified_gmt":"2024-08-02T02:50:44","slug":"sakerhetsprogram-och-utvardering-av-prestationer","status":"publish","type":"page","link":"https:\/\/landu-china.com\/sv\/sakerhetsprogram-och-utvardering-av-prestationer\/","title":{"rendered":"Utv\u00e4rdering av s\u00e4kerhetsprogram och prestationer"},"content":{"rendered":"<div data-elementor-type=\"wp-page\" data-elementor-id=\"3729\" class=\"elementor elementor-3729\" data-elementor-post-type=\"page\">\n\t\t\t\t<div class=\"elementor-element elementor-element-832e259 e-flex e-con-boxed e-con e-parent\" data-id=\"832e259\" data-element_type=\"container\" data-settings=\"{&quot;background_background&quot;:&quot;classic&quot;,&quot;ekit_has_onepagescroll_dot&quot;:&quot;yes&quot;}\">\n\t\t\t\t\t<div class=\"e-con-inner\">\n\t\t\t\t<div class=\"elementor-element elementor-element-f07d774 elementor-widget__width-initial elementor-widget elementor-widget-heading\" data-id=\"f07d774\" data-element_type=\"widget\" data-settings=\"{&quot;ekit_we_effect_on&quot;:&quot;none&quot;}\" data-widget_type=\"heading.default\">\n\t\t\t\t<div class=\"elementor-widget-container\">\n\t\t\t\t\t<h2 class=\"elementor-heading-title elementor-size-default\">Utv\u00e4rdering av s\u00e4kerhetsprogram och prestationer<\/h2>\t\t\t\t<\/div>\n\t\t\t\t<\/div>\n\t\t\t\t<div class=\"elementor-element elementor-element-54592e9 elementor-widget__width-initial elementor-widget elementor-widget-text-editor\" data-id=\"54592e9\" data-element_type=\"widget\" data-settings=\"{&quot;ekit_we_effect_on&quot;:&quot;none&quot;}\" data-widget_type=\"text-editor.default\">\n\t\t\t\t<div class=\"elementor-widget-container\">\n\t\t\t\t\t\t\t\t\t<p>En s\u00e4ker och h\u00e4lsosam arbetsmilj\u00f6 \u00e4r avg\u00f6rande f\u00f6r att s\u00e4kerst\u00e4lla ett h\u00e5llbart f\u00f6retagande och \u00e4r en f\u00f6ruts\u00e4ttning f\u00f6r att attrahera proaktiva och h\u00f6gkvalificerade talanger.<\/p>\t\t\t\t\t\t\t\t<\/div>\n\t\t\t\t<\/div>\n\t\t\t\t\t<\/div>\n\t\t\t\t<\/div>\n\t\t<div class=\"elementor-element elementor-element-989eac6 e-flex e-con-boxed e-con e-parent\" data-id=\"989eac6\" data-element_type=\"container\" data-settings=\"{&quot;ekit_has_onepagescroll_dot&quot;:&quot;yes&quot;}\">\n\t\t\t\t\t<div class=\"e-con-inner\">\n\t\t<div class=\"elementor-element elementor-element-5f766c1 e-con-full e-flex e-con e-child\" data-id=\"5f766c1\" data-element_type=\"container\" data-settings=\"{&quot;ekit_has_onepagescroll_dot&quot;:&quot;yes&quot;}\">\n\t\t\t\t<div class=\"elementor-element elementor-element-77dba10 elementor-widget elementor-widget-image\" data-id=\"77dba10\" data-element_type=\"widget\" data-settings=\"{&quot;ekit_we_effect_on&quot;:&quot;none&quot;}\" data-widget_type=\"image.default\">\n\t\t\t\t<div class=\"elementor-widget-container\">\n\t\t\t\t\t\t\t\t\t\t\t\t\t\t\t<img fetchpriority=\"high\" decoding=\"async\" width=\"800\" height=\"533\" src=\"https:\/\/landu-china.com\/wp-content\/uploads\/2024\/07\/builders-discussing-external-glazing-1024x682.webp\" class=\"attachment-large size-large wp-image-3739\" alt=\"\" srcset=\"https:\/\/landu-china.com\/wp-content\/uploads\/2024\/07\/builders-discussing-external-glazing-1024x682.webp 1024w, https:\/\/landu-china.com\/wp-content\/uploads\/2024\/07\/builders-discussing-external-glazing-300x200.webp 300w, https:\/\/landu-china.com\/wp-content\/uploads\/2024\/07\/builders-discussing-external-glazing-768x512.webp 768w, https:\/\/landu-china.com\/wp-content\/uploads\/2024\/07\/builders-discussing-external-glazing-1536x1023.webp 1536w, https:\/\/landu-china.com\/wp-content\/uploads\/2024\/07\/builders-discussing-external-glazing.webp 1600w\" sizes=\"(max-width: 800px) 100vw, 800px\" \/>\t\t\t\t\t\t\t\t\t\t\t\t\t\t\t<\/div>\n\t\t\t\t<\/div>\n\t\t\t\t<\/div>\n\t\t<div class=\"elementor-element elementor-element-dadbbfa e-con-full e-flex e-con e-child\" data-id=\"dadbbfa\" data-element_type=\"container\" data-settings=\"{&quot;ekit_has_onepagescroll_dot&quot;:&quot;yes&quot;}\">\n\t\t\t\t<div class=\"elementor-element elementor-element-ee22895 elementor-widget elementor-widget-heading\" data-id=\"ee22895\" data-element_type=\"widget\" data-settings=\"{&quot;ekit_we_effect_on&quot;:&quot;none&quot;}\" data-widget_type=\"heading.default\">\n\t\t\t\t<div class=\"elementor-widget-container\">\n\t\t\t\t\t<h2 class=\"elementor-heading-title elementor-size-default\">Ledarskap f\u00f6r m\u00e4nniskor och process\u00e4kerhet<\/h2>\t\t\t\t<\/div>\n\t\t\t\t<\/div>\n\t\t\t\t<div class=\"elementor-element elementor-element-b0428b0 elementor-widget elementor-widget-image\" data-id=\"b0428b0\" data-element_type=\"widget\" data-settings=\"{&quot;ekit_we_effect_on&quot;:&quot;none&quot;}\" data-widget_type=\"image.default\">\n\t\t\t\t<div class=\"elementor-widget-container\">\n\t\t\t\t\t\t\t\t\t\t\t\t\t\t\t<img decoding=\"async\" width=\"55\" height=\"9\" src=\"https:\/\/landu-china.com\/wp-content\/uploads\/2024\/06\/\u8d44\u6e90-1.png\" class=\"attachment-large size-large wp-image-87\" alt=\"\" \/>\t\t\t\t\t\t\t\t\t\t\t\t\t\t\t<\/div>\n\t\t\t\t<\/div>\n\t\t\t\t<div class=\"elementor-element elementor-element-e6c6337 elementor-widget elementor-widget-text-editor\" data-id=\"e6c6337\" data-element_type=\"widget\" data-settings=\"{&quot;ekit_we_effect_on&quot;:&quot;none&quot;}\" data-widget_type=\"text-editor.default\">\n\t\t\t\t<div class=\"elementor-widget-container\">\n\t\t\t\t\t\t\t\t\t<div class=\"elementor-element elementor-element-26d6bf8c elementor-widget__width-initial elementor-widget elementor-widget-text-editor\" data-id=\"26d6bf8c\" data-element_type=\"widget\" data-settings=\"{&quot;ekit_we_effect_on&quot;:&quot;none&quot;}\" data-widget_type=\"text-editor.default\"><div class=\"elementor-widget-container\"><div class=\"elementor-element elementor-element-26d6bf8c elementor-widget__width-initial elementor-widget elementor-widget-text-editor\" data-id=\"26d6bf8c\" data-element_type=\"widget\" data-settings=\"{&quot;ekit_we_effect_on&quot;:&quot;none&quot;}\" data-widget_type=\"text-editor.default\"><div class=\"elementor-widget-container\"><div class=\"elementor-element elementor-element-531d8aa elementor-widget__width-initial elementor-widget elementor-widget-text-editor\" data-id=\"531d8aa\" data-element_type=\"widget\" data-settings=\"{&quot;ekit_we_effect_on&quot;:&quot;none&quot;}\" data-widget_type=\"text-editor.default\"><div class=\"elementor-widget-container\"><p>Som en ansvarsfull operat\u00f6r och p\u00e5litlig leverant\u00f6r prioriterar vi s\u00e4kerhet framf\u00f6r allt. V\u00e5rt m\u00e5l \u00e4r att uppr\u00e4tth\u00e5lla en ansvarsfull verksamhet genom kontinuerlig f\u00f6rb\u00e4ttring av prestandan och str\u00e4va efter noll skador med fokus p\u00e5 personals\u00e4kerhet, process\u00e4kerhet och produkts\u00e4kerhet. Vi \u00e4r fast beslutna att kontinuerligt f\u00f6rb\u00e4ttra v\u00e5r s\u00e4kerhetsprestanda.<\/p><\/div><\/div><\/div><\/div><\/div><\/div>\t\t\t\t\t\t\t\t<\/div>\n\t\t\t\t<\/div>\n\t\t\t\t<div class=\"elementor-element elementor-element-fe59517 elementor-icon-list--layout-traditional elementor-list-item-link-full_width elementor-widget elementor-widget-icon-list\" data-id=\"fe59517\" data-element_type=\"widget\" data-settings=\"{&quot;ekit_we_effect_on&quot;:&quot;none&quot;}\" data-widget_type=\"icon-list.default\">\n\t\t\t\t<div class=\"elementor-widget-container\">\n\t\t\t\t\t\t\t<ul class=\"elementor-icon-list-items\">\n\t\t\t\t\t\t\t<li class=\"elementor-icon-list-item\">\n\t\t\t\t\t\t\t\t\t\t\t<span class=\"elementor-icon-list-icon\">\n\t\t\t\t\t\t\t<svg aria-hidden=\"true\" class=\"e-font-icon-svg e-fas-check-circle\" viewbox=\"0 0 512 512\" xmlns=\"http:\/\/www.w3.org\/2000\/svg\"><path d=\"M504 256c0 136.967-111.033 248-248 248S8 392.967 8 256 119.033 8 256 8s248 111.033 248 248zM227.314 387.314l184-184c6.248-6.248 6.248-16.379 0-22.627l-22.627-22.627c-6.248-6.249-16.379-6.249-22.628 0L216 308.118l-70.059-70.059c-6.248-6.248-16.379-6.248-22.628 0l-22.627 22.627c-6.248 6.248-6.248 16.379 0 22.627l104 104c6.249 6.249 16.379 6.249 22.628.001z\"><\/path><\/svg>\t\t\t\t\t\t<\/span>\n\t\t\t\t\t\t\t\t\t\t<span class=\"elementor-icon-list-text\">V\u00e5rt s\u00e4kerhetsm\u00e5l: Noll skador och ol\u00e4genheter<\/span>\n\t\t\t\t\t\t\t\t\t<\/li>\n\t\t\t\t\t\t\t\t<li class=\"elementor-icon-list-item\">\n\t\t\t\t\t\t\t\t\t\t\t<span class=\"elementor-icon-list-icon\">\n\t\t\t\t\t\t\t<svg aria-hidden=\"true\" class=\"e-font-icon-svg e-fas-check-circle\" viewbox=\"0 0 512 512\" xmlns=\"http:\/\/www.w3.org\/2000\/svg\"><path d=\"M504 256c0 136.967-111.033 248-248 248S8 392.967 8 256 119.033 8 256 8s248 111.033 248 248zM227.314 387.314l184-184c6.248-6.248 6.248-16.379 0-22.627l-22.627-22.627c-6.248-6.249-16.379-6.249-22.628 0L216 308.118l-70.059-70.059c-6.248-6.248-16.379-6.248-22.628 0l-22.627 22.627c-6.248 6.248-6.248 16.379 0 22.627l104 104c6.249 6.249 16.379 6.249 22.628.001z\"><\/path><\/svg>\t\t\t\t\t\t<\/span>\n\t\t\t\t\t\t\t\t\t\t<span class=\"elementor-icon-list-text\">Uppn\u00e5tt genom robust riskhantering och medarbetarinflytande.<\/span>\n\t\t\t\t\t\t\t\t\t<\/li>\n\t\t\t\t\t\t<\/ul>\n\t\t\t\t\t\t<\/div>\n\t\t\t\t<\/div>\n\t\t\t\t<\/div>\n\t\t\t\t\t<\/div>\n\t\t\t\t<\/div>\n\t\t<div class=\"elementor-element elementor-element-9738fbb e-flex e-con-boxed e-con e-parent\" data-id=\"9738fbb\" data-element_type=\"container\" data-settings=\"{&quot;ekit_has_onepagescroll_dot&quot;:&quot;yes&quot;}\">\n\t\t\t\t\t<div class=\"e-con-inner\">\n\t\t\t\t<div class=\"elementor-element elementor-element-35ce1e6 elementor-widget elementor-widget-heading\" data-id=\"35ce1e6\" data-element_type=\"widget\" data-settings=\"{&quot;ekit_we_effect_on&quot;:&quot;none&quot;}\" data-widget_type=\"heading.default\">\n\t\t\t\t<div class=\"elementor-widget-container\">\n\t\t\t\t\t<h2 class=\"elementor-heading-title elementor-size-default\">M\u00e4nniskor och process\u00e4kerhetshantering<\/h2>\t\t\t\t<\/div>\n\t\t\t\t<\/div>\n\t\t\t\t<div class=\"elementor-element elementor-element-5706767 elementor-widget elementor-widget-image\" data-id=\"5706767\" data-element_type=\"widget\" data-settings=\"{&quot;ekit_we_effect_on&quot;:&quot;none&quot;}\" data-widget_type=\"image.default\">\n\t\t\t\t<div class=\"elementor-widget-container\">\n\t\t\t\t\t\t\t\t\t\t\t\t\t\t\t<img decoding=\"async\" width=\"55\" height=\"9\" src=\"https:\/\/landu-china.com\/wp-content\/uploads\/2024\/06\/\u8d44\u6e90-1.png\" class=\"attachment-large size-large wp-image-87\" alt=\"\" \/>\t\t\t\t\t\t\t\t\t\t\t\t\t\t\t<\/div>\n\t\t\t\t<\/div>\n\t\t\t\t<div class=\"elementor-element elementor-element-cdd01f5 elementor-widget__width-initial elementor-widget elementor-widget-text-editor\" data-id=\"cdd01f5\" data-element_type=\"widget\" data-settings=\"{&quot;ekit_we_effect_on&quot;:&quot;none&quot;}\" data-widget_type=\"text-editor.default\">\n\t\t\t\t<div class=\"elementor-widget-container\">\n\t\t\t\t\t\t\t\t\t<div class=\"elementor-element elementor-element-26d6bf8c elementor-widget__width-initial elementor-widget elementor-widget-text-editor\" data-id=\"26d6bf8c\" data-element_type=\"widget\" data-settings=\"{&quot;ekit_we_effect_on&quot;:&quot;none&quot;}\" data-widget_type=\"text-editor.default\"><div class=\"elementor-widget-container\"><div class=\"elementor-element elementor-element-26d6bf8c elementor-widget__width-initial elementor-widget elementor-widget-text-editor\" data-id=\"26d6bf8c\" data-element_type=\"widget\" data-settings=\"{&quot;ekit_we_effect_on&quot;:&quot;none&quot;}\" data-widget_type=\"text-editor.default\"><div class=\"elementor-widget-container\"><div class=\"elementor-element elementor-element-26d6bf8c elementor-widget__width-initial elementor-widget elementor-widget-text-editor\" data-id=\"26d6bf8c\" data-element_type=\"widget\" data-settings=\"{&quot;ekit_we_effect_on&quot;:&quot;none&quot;}\" data-widget_type=\"text-editor.default\"><div class=\"elementor-widget-container\"><p>Vi \u00e4r fast \u00f6vertygade om att s\u00e4kerhet b\u00f6r vara djupt integrerat i varje skikt av v\u00e5r kultur, underbyggt av ett banbrytande ledningssystem som inte bara fr\u00e4mjar utan ocks\u00e5 s\u00e4kerst\u00e4ller kontinuerliga f\u00f6rb\u00e4ttringar i hela verksamheten.<\/p><\/div><\/div><\/div><\/div><\/div><\/div>\t\t\t\t\t\t\t\t<\/div>\n\t\t\t\t<\/div>\n\t\t\t\t\t<\/div>\n\t\t\t\t<\/div>\n\t\t<div class=\"elementor-element elementor-element-fbe8b37 e-con-full e-flex e-con e-parent\" data-id=\"fbe8b37\" data-element_type=\"container\" data-settings=\"{&quot;ekit_has_onepagescroll_dot&quot;:&quot;yes&quot;}\">\n\t\t\t\t<div class=\"elementor-element elementor-element-2344f66 elementor-widget__width-inherit elementor-widget elementor-widget-image\" data-id=\"2344f66\" data-element_type=\"widget\" data-settings=\"{&quot;ekit_we_effect_on&quot;:&quot;none&quot;}\" data-widget_type=\"image.default\">\n\t\t\t\t<div class=\"elementor-widget-container\">\n\t\t\t\t\t\t\t\t\t\t\t\t\t\t\t<img decoding=\"async\" width=\"1441\" height=\"471\" src=\"https:\/\/landu-china.com\/wp-content\/uploads\/2024\/07\/12.webp\" class=\"attachment-full size-full wp-image-3734\" alt=\"\" srcset=\"https:\/\/landu-china.com\/wp-content\/uploads\/2024\/07\/12.webp 1441w, https:\/\/landu-china.com\/wp-content\/uploads\/2024\/07\/12-300x98.webp 300w, https:\/\/landu-china.com\/wp-content\/uploads\/2024\/07\/12-1024x335.webp 1024w, https:\/\/landu-china.com\/wp-content\/uploads\/2024\/07\/12-768x251.webp 768w\" sizes=\"(max-width: 1441px) 100vw, 1441px\" \/>\t\t\t\t\t\t\t\t\t\t\t\t\t\t\t<\/div>\n\t\t\t\t<\/div>\n\t\t\t\t<\/div>\n\t\t<div class=\"elementor-element elementor-element-8b7c8ed e-flex e-con-boxed e-con e-parent\" data-id=\"8b7c8ed\" data-element_type=\"container\" data-settings=\"{&quot;ekit_has_onepagescroll_dot&quot;:&quot;yes&quot;}\">\n\t\t\t\t\t<div class=\"e-con-inner\">\n\t\t\t\t<div class=\"elementor-element elementor-element-6f3194d elementor-invisible elementor-widget elementor-widget-heading\" data-id=\"6f3194d\" data-element_type=\"widget\" data-settings=\"{&quot;_animation&quot;:&quot;fadeInUp&quot;,&quot;ekit_we_effect_on&quot;:&quot;none&quot;}\" data-widget_type=\"heading.default\">\n\t\t\t\t<div class=\"elementor-widget-container\">\n\t\t\t\t\t<h3 class=\"elementor-heading-title elementor-size-default\">Bland andra proaktiva \u00e5tg\u00e4rder kan n\u00e4mnas att vi:<\/h3>\t\t\t\t<\/div>\n\t\t\t\t<\/div>\n\t\t\t\t<div class=\"elementor-element elementor-element-1b06b83 elementor-icon-list--layout-traditional elementor-list-item-link-full_width elementor-widget elementor-widget-icon-list\" data-id=\"1b06b83\" data-element_type=\"widget\" data-settings=\"{&quot;ekit_we_effect_on&quot;:&quot;none&quot;}\" data-widget_type=\"icon-list.default\">\n\t\t\t\t<div class=\"elementor-widget-container\">\n\t\t\t\t\t\t\t<ul class=\"elementor-icon-list-items\">\n\t\t\t\t\t\t\t<li class=\"elementor-icon-list-item\">\n\t\t\t\t\t\t\t\t\t\t\t<span class=\"elementor-icon-list-icon\">\n\t\t\t\t\t\t\t<svg aria-hidden=\"true\" class=\"e-font-icon-svg e-fas-circle\" viewbox=\"0 0 512 512\" xmlns=\"http:\/\/www.w3.org\/2000\/svg\"><path d=\"M256 8C119 8 8 119 8 256s111 248 248 248 248-111 248-248S393 8 256 8z\"><\/path><\/svg>\t\t\t\t\t\t<\/span>\n\t\t\t\t\t\t\t\t\t\t<span class=\"elementor-icon-list-text\">Vi rapporterar och drar l\u00e4rdom av nyckelindikatorer som tillbud - h\u00e4ndelser som kunde ha orsakat personskador, h\u00e4lsoproblem eller skador p\u00e5 tillg\u00e5ngar eller milj\u00f6n - och faror som potentiellt kan skada m\u00e4nniskor, produkter eller milj\u00f6n.<\/span>\n\t\t\t\t\t\t\t\t\t<\/li>\n\t\t\t\t\t\t\t\t<li class=\"elementor-icon-list-item\">\n\t\t\t\t\t\t\t\t\t\t\t<span class=\"elementor-icon-list-icon\">\n\t\t\t\t\t\t\t<svg aria-hidden=\"true\" class=\"e-font-icon-svg e-fas-circle\" viewbox=\"0 0 512 512\" xmlns=\"http:\/\/www.w3.org\/2000\/svg\"><path d=\"M256 8C119 8 8 119 8 256s111 248 248 248 248-111 248-248S393 8 256 8z\"><\/path><\/svg>\t\t\t\t\t\t<\/span>\n\t\t\t\t\t\t\t\t\t\t<span class=\"elementor-icon-list-text\">Varje anl\u00e4ggning genomg\u00e5r revisioner f\u00f6r att s\u00e4kerst\u00e4lla att lokalsamh\u00e4llet \u00e4r informerat och engagerat i verksamheten, och regelbundna utbildningar och n\u00f6d\u00f6vningar genomf\u00f6rs, med resultat och l\u00e4rdomar dokumenterade.<\/span>\n\t\t\t\t\t\t\t\t\t<\/li>\n\t\t\t\t\t\t\t\t<li class=\"elementor-icon-list-item\">\n\t\t\t\t\t\t\t\t\t\t\t<span class=\"elementor-icon-list-icon\">\n\t\t\t\t\t\t\t<svg aria-hidden=\"true\" class=\"e-font-icon-svg e-fas-circle\" viewbox=\"0 0 512 512\" xmlns=\"http:\/\/www.w3.org\/2000\/svg\"><path d=\"M256 8C119 8 8 119 8 256s111 248 248 248 248-111 248-248S393 8 256 8z\"><\/path><\/svg>\t\t\t\t\t\t<\/span>\n\t\t\t\t\t\t\t\t\t\t<span class=\"elementor-icon-list-text\">Riskbed\u00f6mningar \u00e4r en del av varje incidentutredning, inklusive tabeller \u00f6ver faktiska och potentiella konsekvenser.<\/span>\n\t\t\t\t\t\t\t\t\t<\/li>\n\t\t\t\t\t\t\t\t<li class=\"elementor-icon-list-item\">\n\t\t\t\t\t\t\t\t\t\t\t<span class=\"elementor-icon-list-icon\">\n\t\t\t\t\t\t\t<svg aria-hidden=\"true\" class=\"e-font-icon-svg e-fas-circle\" viewbox=\"0 0 512 512\" xmlns=\"http:\/\/www.w3.org\/2000\/svg\"><path d=\"M256 8C119 8 8 119 8 256s111 248 248 248 248-111 248-248S393 8 256 8z\"><\/path><\/svg>\t\t\t\t\t\t<\/span>\n\t\t\t\t\t\t\t\t\t\t<span class=\"elementor-icon-list-text\">Vi utbildar ledare i frontlinjen och motiverar medarbetare och entrepren\u00f6rer att \u00e4ndra beteenden, vilket minskar potentiella risker p\u00e5 arbetsplatsen.<\/span>\n\t\t\t\t\t\t\t\t\t<\/li>\n\t\t\t\t\t\t\t\t<li class=\"elementor-icon-list-item\">\n\t\t\t\t\t\t\t\t\t\t\t<span class=\"elementor-icon-list-icon\">\n\t\t\t\t\t\t\t<svg aria-hidden=\"true\" class=\"e-font-icon-svg e-fas-circle\" viewbox=\"0 0 512 512\" xmlns=\"http:\/\/www.w3.org\/2000\/svg\"><path d=\"M256 8C119 8 8 119 8 256s111 248 248 248 248-111 248-248S393 8 256 8z\"><\/path><\/svg>\t\t\t\t\t\t<\/span>\n\t\t\t\t\t\t\t\t\t\t<span class=\"elementor-icon-list-text\">Varje registrerbar skada utreds f\u00f6r att fastst\u00e4lla grundorsaken, och l\u00e4mpliga korrigerande \u00e5tg\u00e4rder vidtas f\u00f6r att f\u00f6rhindra liknande incidenter i framtiden.<\/span>\n\t\t\t\t\t\t\t\t\t<\/li>\n\t\t\t\t\t\t\t\t<li class=\"elementor-icon-list-item\">\n\t\t\t\t\t\t\t\t\t\t\t<span class=\"elementor-icon-list-icon\">\n\t\t\t\t\t\t\t<svg aria-hidden=\"true\" class=\"e-font-icon-svg e-fas-circle\" viewbox=\"0 0 512 512\" xmlns=\"http:\/\/www.w3.org\/2000\/svg\"><path d=\"M256 8C119 8 8 119 8 256s111 248 248 248 248-111 248-248S393 8 256 8z\"><\/path><\/svg>\t\t\t\t\t\t<\/span>\n\t\t\t\t\t\t\t\t\t\t<span class=\"elementor-icon-list-text\">En kemikalief\u00f6rteckning och s\u00e4kerhetsdatablad (SDS) f\u00f6r anv\u00e4nda \u00e4mnen m\u00e5ste finnas tillg\u00e4ngliga.<\/span>\n\t\t\t\t\t\t\t\t\t<\/li>\n\t\t\t\t\t\t\t\t<li class=\"elementor-icon-list-item\">\n\t\t\t\t\t\t\t\t\t\t\t<span class=\"elementor-icon-list-icon\">\n\t\t\t\t\t\t\t<svg aria-hidden=\"true\" class=\"e-font-icon-svg e-fas-circle\" viewbox=\"0 0 512 512\" xmlns=\"http:\/\/www.w3.org\/2000\/svg\"><path d=\"M256 8C119 8 8 119 8 256s111 248 248 248 248-111 248-248S393 8 256 8z\"><\/path><\/svg>\t\t\t\t\t\t<\/span>\n\t\t\t\t\t\t\t\t\t\t<span class=\"elementor-icon-list-text\">Varje \u00e5r anordnas en s\u00e4kerhetsdag f\u00f6r hela f\u00f6retaget f\u00f6r att \u00f6ka medvetenheten bland medarbetarna och st\u00e4rka v\u00e5r globala s\u00e4kerhetskultur.<\/span>\n\t\t\t\t\t\t\t\t\t<\/li>\n\t\t\t\t\t\t<\/ul>\n\t\t\t\t\t\t<\/div>\n\t\t\t\t<\/div>\n\t\t\t\t\t<\/div>\n\t\t\t\t<\/div>\n\t\t\t\t<\/div>","protected":false},"excerpt":{"rendered":"<p>Utv\u00e4rdering av s\u00e4kerhetsprogram och prestanda En s\u00e4ker och h\u00e4lsosam arbetsmilj\u00f6 \u00e4r avg\u00f6rande f\u00f6r att s\u00e4kerst\u00e4lla ett h\u00e5llbart f\u00f6retagande och \u00e4r en f\u00f6ruts\u00e4ttning f\u00f6r att attrahera proaktiva, h\u00f6gkvalificerade talanger. Ledande inom personal- och process\u00e4kerhet Som en ansvarsfull operat\u00f6r och p\u00e5litlig leverant\u00f6r prioriterar vi s\u00e4kerhet framf\u00f6r allt. V\u00e5rt m\u00e5l \u00e4r att uppr\u00e4tth\u00e5lla en ansvarsfull verksamhet genom kontinuerlig [...]<\/p>","protected":false},"author":1,"featured_media":0,"parent":0,"menu_order":0,"comment_status":"closed","ping_status":"closed","template":"elementor_header_footer","meta":{"footnotes":""},"class_list":["post-3729","page","type-page","status-publish","hentry"],"_links":{"self":[{"href":"https:\/\/landu-china.com\/sv\/wp-json\/wp\/v2\/pages\/3729","targetHints":{"allow":["GET"]}}],"collection":[{"href":"https:\/\/landu-china.com\/sv\/wp-json\/wp\/v2\/pages"}],"about":[{"href":"https:\/\/landu-china.com\/sv\/wp-json\/wp\/v2\/types\/page"}],"author":[{"embeddable":true,"href":"https:\/\/landu-china.com\/sv\/wp-json\/wp\/v2\/users\/1"}],"replies":[{"embeddable":true,"href":"https:\/\/landu-china.com\/sv\/wp-json\/wp\/v2\/comments?post=3729"}],"version-history":[{"count":13,"href":"https:\/\/landu-china.com\/sv\/wp-json\/wp\/v2\/pages\/3729\/revisions"}],"predecessor-version":[{"id":3816,"href":"https:\/\/landu-china.com\/sv\/wp-json\/wp\/v2\/pages\/3729\/revisions\/3816"}],"wp:attachment":[{"href":"https:\/\/landu-china.com\/sv\/wp-json\/wp\/v2\/media?parent=3729"}],"curies":[{"name":"wp","href":"https:\/\/api.w.org\/{rel}","templated":true}]}}