{"id":14562,"date":"2024-10-22T15:23:16","date_gmt":"2024-10-22T07:23:16","guid":{"rendered":"https:\/\/landu-china.com\/?page_id=14562"},"modified":"2024-11-07T09:43:54","modified_gmt":"2024-11-07T01:43:54","slug":"farmaceutiska-insikter","status":"publish","type":"page","link":"https:\/\/landu-china.com\/sv\/nyhetshandelser\/farmaceutiska-insikter\/","title":{"rendered":"Insikter om l\u00e4kemedel"},"content":{"rendered":"<div data-elementor-type=\"wp-page\" data-elementor-id=\"14562\" class=\"elementor elementor-14562\" data-elementor-post-type=\"page\">\n\t\t\t\t<div class=\"elementor-element elementor-element-f81d54a e-flex e-con-boxed e-con e-parent\" data-id=\"f81d54a\" data-element_type=\"container\" data-settings=\"{&quot;background_background&quot;:&quot;classic&quot;,&quot;ekit_has_onepagescroll_dot&quot;:&quot;yes&quot;}\">\n\t\t\t\t\t<div class=\"e-con-inner\">\n\t\t\t\t<div class=\"elementor-element elementor-element-b3a9adb elementor-widget__width-initial elementor-widget elementor-widget-heading\" data-id=\"b3a9adb\" data-element_type=\"widget\" data-settings=\"{&quot;ekit_we_effect_on&quot;:&quot;none&quot;}\" data-widget_type=\"heading.default\">\n\t\t\t\t<div class=\"elementor-widget-container\">\n\t\t\t\t\t<h2 class=\"elementor-heading-title elementor-size-default\">Insikter om l\u00e4kemedel<\/h2>\t\t\t\t<\/div>\n\t\t\t\t<\/div>\n\t\t\t\t\t<\/div>\n\t\t\t\t<\/div>\n\t\t\t\t<section class=\"elementor-section elementor-top-section elementor-element elementor-element-fbeb60f elementor-section-full_width elementor-section-height-default elementor-section-height-default\" data-id=\"fbeb60f\" data-element_type=\"section\" data-settings=\"{&quot;background_background&quot;:&quot;classic&quot;,&quot;ekit_has_onepagescroll_dot&quot;:&quot;yes&quot;}\">\n\t\t\t\t\t\t<div class=\"elementor-container elementor-column-gap-default\">\n\t\t\t\t\t<div class=\"elementor-column elementor-col-100 elementor-top-column elementor-element elementor-element-05a3cee\" data-id=\"05a3cee\" data-element_type=\"column\">\n\t\t\t<div class=\"elementor-widget-wrap elementor-element-populated\">\n\t\t\t\t\t\t<section class=\"elementor-section elementor-inner-section elementor-element elementor-element-c175a87 elementor-section-boxed elementor-section-height-default elementor-section-height-default\" data-id=\"c175a87\" data-element_type=\"section\" data-settings=\"{&quot;ekit_has_onepagescroll_dot&quot;:&quot;yes&quot;}\">\n\t\t\t\t\t\t<div class=\"elementor-container elementor-column-gap-default\">\n\t\t\t\t\t<div class=\"elementor-column elementor-col-100 elementor-inner-column elementor-element elementor-element-150513a\" data-id=\"150513a\" data-element_type=\"column\">\n\t\t\t<div class=\"elementor-widget-wrap elementor-element-populated\">\n\t\t\t\t\t\t<div class=\"elementor-element elementor-element-14a9258 elementor-widget elementor-widget-elementskit-blog-posts\" data-id=\"14a9258\" data-element_type=\"widget\" data-settings=\"{&quot;ekit_we_effect_on&quot;:&quot;none&quot;}\" data-widget_type=\"elementskit-blog-posts.default\">\n\t\t\t\t<div class=\"elementor-widget-container\">\n\t\t\t\t\t<div class=\"ekit-wid-con\" >\n        <div id=\"post-items--14a9258\" class=\"row post-items ekit-blog-posts-content\" data-enable=\"no\">\n\n\t\t\t<!-- Blog Carousel markup render -->\n\t\t\t\n\n            <div class=\"col-lg-4 col-md-6\">\n\n                                    <div class=\"elementskit-post-image-card\">\n                        <div class=\"elementskit-entry-header\">\n                                                            <a href=\"https:\/\/landu-china.com\/sv\/guide-till-egenskaper-for-metylcellulosa-av-farmaceutisk-kvalitet\/\" class=\"elementskit-entry-thumb\">\n                                    <img decoding=\"async\" src=\"https:\/\/landu-china.com\/wp-content\/uploads\/2024\/11\/DSC7164-\u62f7\u8d1d.webp\" alt=\"Guide f\u00f6r egenskaper f\u00f6r metylcellulosa av farmaceutisk kvalitet\">\n                                <\/a><!-- .elementskit-entry-thumb END -->\n                                                            \n                                                            <div class=\"elementskit-meta-categories\">\n                                    <span class=\"elementskit-meta-wraper\">\n                                        <span><a href=\"https:\/\/landu-china.com\/sv\/blogg\/\" rel=\"category tag\">Blogg<\/a><\/span><span><a href=\"https:\/\/landu-china.com\/sv\/farmaceutiska-insikter\/\" rel=\"category tag\">Insikter om l\u00e4kemedel<\/a><\/span>\n                                    <\/span>\n                                <\/div>\n                            \n                                                    <\/div><!-- .elementskit-entry-header END -->\n\n                        <div class=\"elementskit-post-body\">\n                            \n                                                                                                                <div class=\"post-meta-list\">\n                                                                                                                        <span class=\"post-cat\">\n\n                                <i aria-hidden=\"true\" class=\"icon icon-folder\"><\/i>\n                                <a href=\"https:\/\/landu-china.com\/sv\/blogg\/\" rel=\"category tag\">Blogg<\/a> | <a href=\"https:\/\/landu-china.com\/sv\/farmaceutiska-insikter\/\" rel=\"category tag\">Insikter om l\u00e4kemedel<\/a>                            <\/span>\n                                                                                    <\/div>\n                                                                        \n                                        \n                                                                                                <h2 class=\"entry-title\">\n                    <a href=\"https:\/\/landu-china.com\/sv\/guide-till-egenskaper-for-metylcellulosa-av-farmaceutisk-kvalitet\/\">\n                            Guide f\u00f6r egenskaper f\u00f6r metylcellulosa av farmaceutisk kvalitet                    <\/a>\n                <\/h2>\n                                                                                                                                                                                            <p>Metylcellulosa \u00e4r en viktig ingrediens i l\u00e4kemedelsv\u00e4rlden,<\/p>\n                                                                                                                                                        <div class=\"btn-wraper\">\n                                    \n                                                                            <a href=\"https:\/\/landu-china.com\/sv\/guide-till-egenskaper-for-metylcellulosa-av-farmaceutisk-kvalitet\/\" class=\"elementskit-btn  whitespace--normal\" >\n                                                                                    L\u00e4s mer om detta                                         <\/a>\n                                                                    <\/div>\n                                                    <\/div><!-- .elementskit-post-body END -->\n                    <\/div>\n                \n            <\/div>\t\t\t\t\n\n            <div class=\"col-lg-4 col-md-6\">\n\n                                    <div class=\"elementskit-post-image-card\">\n                        <div class=\"elementskit-entry-header\">\n                                                            <a href=\"https:\/\/landu-china.com\/sv\/forstaelse-for-vegetariska-kapslar-material-storlekar-och-anvandningsomraden\/\" class=\"elementskit-entry-thumb\">\n                                    <img decoding=\"async\" src=\"https:\/\/landu-china.com\/wp-content\/uploads\/2024\/11\/above-view-capsule-pills-in-plastic-box-multi-colored-capsule-pills-vitamin-and-supplement-concept-1024x683.jpg\" alt=\"F\u00f6rst\u00e5else f\u00f6r vegetariska kapslar: Material, storlekar och anv\u00e4ndningsomr\u00e5den\">\n                                <\/a><!-- .elementskit-entry-thumb END -->\n                                                            \n                                                            <div class=\"elementskit-meta-categories\">\n                                    <span class=\"elementskit-meta-wraper\">\n                                        <span><a href=\"https:\/\/landu-china.com\/sv\/blogg\/\" rel=\"category tag\">Blogg<\/a><\/span><span><a href=\"https:\/\/landu-china.com\/sv\/farmaceutiska-insikter\/\" rel=\"category tag\">Insikter om l\u00e4kemedel<\/a><\/span>\n                                    <\/span>\n                                <\/div>\n                            \n                                                    <\/div><!-- .elementskit-entry-header END -->\n\n                        <div class=\"elementskit-post-body\">\n                            \n                                                                                                                <div class=\"post-meta-list\">\n                                                                                                                        <span class=\"post-cat\">\n\n                                <i aria-hidden=\"true\" class=\"icon icon-folder\"><\/i>\n                                <a href=\"https:\/\/landu-china.com\/sv\/blogg\/\" rel=\"category tag\">Blogg<\/a> | <a href=\"https:\/\/landu-china.com\/sv\/farmaceutiska-insikter\/\" rel=\"category tag\">Insikter om l\u00e4kemedel<\/a>                            <\/span>\n                                                                                    <\/div>\n                                                                        \n                                        \n                                                                                                <h2 class=\"entry-title\">\n                    <a href=\"https:\/\/landu-china.com\/sv\/forstaelse-for-vegetariska-kapslar-material-storlekar-och-anvandningsomraden\/\">\n                            F\u00f6rst\u00e5else f\u00f6r vegetariska kapslar: Material, storlekar och anv\u00e4ndningsomr\u00e5den                    <\/a>\n                <\/h2>\n                                                                                                                                                                                            <p>\u00d6kningen av vegetariska kapslar i kosttillskottsindustrin som<\/p>\n                                                                                                                                                        <div class=\"btn-wraper\">\n                                    \n                                                                            <a href=\"https:\/\/landu-china.com\/sv\/forstaelse-for-vegetariska-kapslar-material-storlekar-och-anvandningsomraden\/\" class=\"elementskit-btn  whitespace--normal\" >\n                                                                                    L\u00e4s mer om detta                                         <\/a>\n                                                                    <\/div>\n                                                    <\/div><!-- .elementskit-post-body END -->\n                    <\/div>\n                \n            <\/div>\t\t\t\t\n\n            <div class=\"col-lg-4 col-md-6\">\n\n                                    <div class=\"elementskit-post-image-card\">\n                        <div class=\"elementskit-entry-header\">\n                                                            <a href=\"https:\/\/landu-china.com\/sv\/hydroxipropylmetylcellulosa-hpmc-i-farmaceutiska-tillampningar\/\" class=\"elementskit-entry-thumb\">\n                                    <img decoding=\"async\" src=\"https:\/\/landu-china.com\/wp-content\/uploads\/2024\/11\/composition-with-pill-box-and-pills-on-color-background-1024x682.jpg\" alt=\"Hydroxipropylmetylcellulosa (HPMC) i farmaceutiska till\u00e4mpningar\">\n                                <\/a><!-- .elementskit-entry-thumb END -->\n                                                            \n                                                            <div class=\"elementskit-meta-categories\">\n                                    <span class=\"elementskit-meta-wraper\">\n                                        <span><a href=\"https:\/\/landu-china.com\/sv\/farmaceutiska-insikter\/\" rel=\"category tag\">Insikter om l\u00e4kemedel<\/a><\/span><span><a href=\"https:\/\/landu-china.com\/sv\/blogg\/\" rel=\"category tag\">Blogg<\/a><\/span>\n                                    <\/span>\n                                <\/div>\n                            \n                                                    <\/div><!-- .elementskit-entry-header END -->\n\n                        <div class=\"elementskit-post-body\">\n                            \n                                                                                                                <div class=\"post-meta-list\">\n                                                                                                                        <span class=\"post-cat\">\n\n                                <i aria-hidden=\"true\" class=\"icon icon-folder\"><\/i>\n                                <a href=\"https:\/\/landu-china.com\/sv\/farmaceutiska-insikter\/\" rel=\"category tag\">Insikter om l\u00e4kemedel<\/a> | <a href=\"https:\/\/landu-china.com\/sv\/blogg\/\" rel=\"category tag\">Blogg<\/a>                            <\/span>\n                                                                                    <\/div>\n                                                                        \n                                        \n                                                                                                <h2 class=\"entry-title\">\n                    <a href=\"https:\/\/landu-china.com\/sv\/hydroxipropylmetylcellulosa-hpmc-i-farmaceutiska-tillampningar\/\">\n                            Hydroxipropylmetylcellulosa (HPMC) i farmaceutiska till\u00e4mpningar                    <\/a>\n                <\/h2>\n                                                                                                                                                                                            <p>Hydroxipropylmetylcellulosa (HPMC), en m\u00e5ngsidig polymer som \u00e4r k\u00e4nd f\u00f6r sina exceptionella<\/p>\n                                                                                                                                                        <div class=\"btn-wraper\">\n                                    \n                                                                            <a href=\"https:\/\/landu-china.com\/sv\/hydroxipropylmetylcellulosa-hpmc-i-farmaceutiska-tillampningar\/\" class=\"elementskit-btn  whitespace--normal\" >\n                                                                                    L\u00e4s mer om detta                                         <\/a>\n                                                                    <\/div>\n                                                    <\/div><!-- .elementskit-post-body END -->\n                    <\/div>\n                \n            <\/div>\t\t\t\t\n\n            <div class=\"col-lg-4 col-md-6\">\n\n                                    <div class=\"elementskit-post-image-card\">\n                        <div class=\"elementskit-entry-header\">\n                                                            <a href=\"https:\/\/landu-china.com\/sv\/vad-du-behover-veta-om-hpmc-kapslar\/\" class=\"elementskit-entry-thumb\">\n                                    <img decoding=\"async\" src=\"https:\/\/landu-china.com\/wp-content\/uploads\/2024\/10\/different-pills-on-color-background-flat-lay-1024x702.jpg\" alt=\"Vad du beh\u00f6ver veta om HPMC-kapslar\">\n                                <\/a><!-- .elementskit-entry-thumb END -->\n                                                            \n                                                            <div class=\"elementskit-meta-categories\">\n                                    <span class=\"elementskit-meta-wraper\">\n                                        <span><a href=\"https:\/\/landu-china.com\/sv\/farmaceutiska-insikter\/\" rel=\"category tag\">Insikter om l\u00e4kemedel<\/a><\/span><span><a href=\"https:\/\/landu-china.com\/sv\/blogg\/\" rel=\"category tag\">Blogg<\/a><\/span>\n                                    <\/span>\n                                <\/div>\n                            \n                                                    <\/div><!-- .elementskit-entry-header END -->\n\n                        <div class=\"elementskit-post-body\">\n                            \n                                                                                                                <div class=\"post-meta-list\">\n                                                                                                                        <span class=\"post-cat\">\n\n                                <i aria-hidden=\"true\" class=\"icon icon-folder\"><\/i>\n                                <a href=\"https:\/\/landu-china.com\/sv\/farmaceutiska-insikter\/\" rel=\"category tag\">Insikter om l\u00e4kemedel<\/a> | <a href=\"https:\/\/landu-china.com\/sv\/blogg\/\" rel=\"category tag\">Blogg<\/a>                            <\/span>\n                                                                                    <\/div>\n                                                                        \n                                        \n                                                                                                <h2 class=\"entry-title\">\n                    <a href=\"https:\/\/landu-china.com\/sv\/vad-du-behover-veta-om-hpmc-kapslar\/\">\n                            Vad du beh\u00f6ver veta om HPMC-kapslar                    <\/a>\n                <\/h2>\n                                                                                                                                                                                            <p>HPMC st\u00e5r f\u00f6r hydroxipropylmetylcellulosa, vanligen kallat hydroxipropylcellulosa.<\/p>\n                                                                                                                                                        <div class=\"btn-wraper\">\n                                    \n                                                                            <a href=\"https:\/\/landu-china.com\/sv\/vad-du-behover-veta-om-hpmc-kapslar\/\" class=\"elementskit-btn  whitespace--normal\" >\n                                                                                    L\u00e4s mer om detta                                         <\/a>\n                                                                    <\/div>\n                                                    <\/div><!-- .elementskit-post-body END -->\n                    <\/div>\n                \n            <\/div>\t\t\t\t        <\/div>\n        \n        \n                    <div \n            data-ekit-blog-post-style=\"numbered\"\n            class=\"ekit-blog-post-pagination-container ekit-blog-post-pagination-style-numbered\" \n            id=\"post-nagivation--14a9258\">\n                \n            <\/div>\n\n            <\/div>\t\t\t\t<\/div>\n\t\t\t\t<\/div>\n\t\t\t\t\t<\/div>\n\t\t<\/div>\n\t\t\t\t\t<\/div>\n\t\t<\/section>\n\t\t\t\t\t<\/div>\n\t\t<\/div>\n\t\t\t\t\t<\/div>\n\t\t<\/section>\n\t\t\t\t<\/div>","protected":false},"excerpt":{"rendered":"<p>Pharmaceutical Insights Pharmaceutical InsightsBlog Pharmaceutical Insights | Blog Vad du beh\u00f6ver veta om HPMC-kapslar HPMC st\u00e5r f\u00f6r hydroxipropylmetylcellulosa, vanligen kallat hydroxipropyl L\u00e4s mer<\/p>","protected":false},"author":1,"featured_media":0,"parent":517,"menu_order":0,"comment_status":"closed","ping_status":"closed","template":"elementor_header_footer","meta":{"footnotes":""},"class_list":["post-14562","page","type-page","status-publish","hentry"],"_links":{"self":[{"href":"https:\/\/landu-china.com\/sv\/wp-json\/wp\/v2\/pages\/14562","targetHints":{"allow":["GET"]}}],"collection":[{"href":"https:\/\/landu-china.com\/sv\/wp-json\/wp\/v2\/pages"}],"about":[{"href":"https:\/\/landu-china.com\/sv\/wp-json\/wp\/v2\/types\/page"}],"author":[{"embeddable":true,"href":"https:\/\/landu-china.com\/sv\/wp-json\/wp\/v2\/users\/1"}],"replies":[{"embeddable":true,"href":"https:\/\/landu-china.com\/sv\/wp-json\/wp\/v2\/comments?post=14562"}],"version-history":[{"count":7,"href":"https:\/\/landu-china.com\/sv\/wp-json\/wp\/v2\/pages\/14562\/revisions"}],"predecessor-version":[{"id":18509,"href":"https:\/\/landu-china.com\/sv\/wp-json\/wp\/v2\/pages\/14562\/revisions\/18509"}],"up":[{"embeddable":true,"href":"https:\/\/landu-china.com\/sv\/wp-json\/wp\/v2\/pages\/517"}],"wp:attachment":[{"href":"https:\/\/landu-china.com\/sv\/wp-json\/wp\/v2\/media?parent=14562"}],"curies":[{"name":"wp","href":"https:\/\/api.w.org\/{rel}","templated":true}]}}