{"id":3768,"date":"2024-07-29T16:25:43","date_gmt":"2024-07-29T08:25:43","guid":{"rendered":"https:\/\/landu-china.com\/?page_id=3768"},"modified":"2024-12-02T09:47:37","modified_gmt":"2024-12-02T01:47:37","slug":"doseganje-ciljev-trajnostnega-razvoja","status":"publish","type":"page","link":"https:\/\/landu-china.com\/sl\/doseganje-ciljev-trajnostnega-razvoja\/","title":{"rendered":"Pospe\u0161evanje ciljev trajnostnega razvoja"},"content":{"rendered":"<div data-elementor-type=\"wp-page\" data-elementor-id=\"3768\" class=\"elementor elementor-3768\" data-elementor-post-type=\"page\">\n\t\t\t\t<div class=\"elementor-element elementor-element-832e259 e-flex e-con-boxed e-con e-parent\" data-id=\"832e259\" data-element_type=\"container\" data-settings=\"{&quot;background_background&quot;:&quot;classic&quot;,&quot;ekit_has_onepagescroll_dot&quot;:&quot;yes&quot;}\">\n\t\t\t\t\t<div class=\"e-con-inner\">\n\t\t\t\t<div class=\"elementor-element elementor-element-f07d774 elementor-widget__width-initial elementor-widget elementor-widget-heading\" data-id=\"f07d774\" data-element_type=\"widget\" data-settings=\"{&quot;ekit_we_effect_on&quot;:&quot;none&quot;}\" data-widget_type=\"heading.default\">\n\t\t\t\t<div class=\"elementor-widget-container\">\n\t\t\t\t\t<h2 class=\"elementor-heading-title elementor-size-default\">Pospe\u0161evanje ciljev trajnostnega razvoja<\/h2>\t\t\t\t<\/div>\n\t\t\t\t<\/div>\n\t\t\t\t<div class=\"elementor-element elementor-element-54592e9 elementor-widget__width-initial elementor-widget elementor-widget-text-editor\" data-id=\"54592e9\" data-element_type=\"widget\" data-settings=\"{&quot;ekit_we_effect_on&quot;:&quot;none&quot;}\" data-widget_type=\"text-editor.default\">\n\t\t\t\t<div class=\"elementor-widget-container\">\n\t\t\t\t\t\t\t\t\t<p>Prepri\u010dani smo, da je dobra kemija klju\u010dnega pomena za blaginjo in dobro po\u010dutje trajnostne dru\u017ebe.<\/p>\t\t\t\t\t\t\t\t<\/div>\n\t\t\t\t<\/div>\n\t\t\t\t\t<\/div>\n\t\t\t\t<\/div>\n\t\t<div class=\"elementor-element elementor-element-af21400 e-flex e-con-boxed e-con e-parent\" data-id=\"af21400\" data-element_type=\"container\" data-settings=\"{&quot;ekit_has_onepagescroll_dot&quot;:&quot;yes&quot;}\">\n\t\t\t\t\t<div class=\"e-con-inner\">\n\t\t\t\t<div class=\"elementor-element elementor-element-ee22895 elementor-widget elementor-widget-heading\" data-id=\"ee22895\" data-element_type=\"widget\" data-settings=\"{&quot;ekit_we_effect_on&quot;:&quot;none&quot;}\" data-widget_type=\"heading.default\">\n\t\t\t\t<div class=\"elementor-widget-container\">\n\t\t\t\t\t<h2 class=\"elementor-heading-title elementor-size-default\">Ve\u010dni vir - trajnostno upravljani naravni obnovljivi materiali<\/h2>\t\t\t\t<\/div>\n\t\t\t\t<\/div>\n\t\t\t\t<div class=\"elementor-element elementor-element-b0428b0 elementor-widget elementor-widget-image\" data-id=\"b0428b0\" data-element_type=\"widget\" data-settings=\"{&quot;ekit_we_effect_on&quot;:&quot;none&quot;}\" data-widget_type=\"image.default\">\n\t\t\t\t<div class=\"elementor-widget-container\">\n\t\t\t\t\t\t\t\t\t\t\t\t\t\t\t<img decoding=\"async\" width=\"55\" height=\"9\" src=\"https:\/\/landu-china.com\/wp-content\/uploads\/2024\/06\/\u8d44\u6e90-1.png\" class=\"attachment-large size-large wp-image-87\" alt=\"\" \/>\t\t\t\t\t\t\t\t\t\t\t\t\t\t\t<\/div>\n\t\t\t\t<\/div>\n\t\t\t\t<div class=\"elementor-element elementor-element-e6c6337 elementor-widget elementor-widget-text-editor\" data-id=\"e6c6337\" data-element_type=\"widget\" data-settings=\"{&quot;ekit_we_effect_on&quot;:&quot;none&quot;}\" data-widget_type=\"text-editor.default\">\n\t\t\t\t<div class=\"elementor-widget-container\">\n\t\t\t\t\t\t\t\t\t<div class=\"elementor-element elementor-element-26d6bf8c elementor-widget__width-initial elementor-widget elementor-widget-text-editor\" data-id=\"26d6bf8c\" data-element_type=\"widget\" data-settings=\"{&quot;ekit_we_effect_on&quot;:&quot;none&quot;}\" data-widget_type=\"text-editor.default\"><div class=\"elementor-widget-container\"><div class=\"elementor-element elementor-element-26d6bf8c elementor-widget__width-initial elementor-widget elementor-widget-text-editor\" data-id=\"26d6bf8c\" data-element_type=\"widget\" data-settings=\"{&quot;ekit_we_effect_on&quot;:&quot;none&quot;}\" data-widget_type=\"text-editor.default\"><div class=\"elementor-widget-container\"><div class=\"elementor-element elementor-element-531d8aa elementor-widget__width-initial elementor-widget elementor-widget-text-editor\" data-id=\"531d8aa\" data-element_type=\"widget\" data-settings=\"{&quot;ekit_we_effect_on&quot;:&quot;none&quot;}\" data-widget_type=\"text-editor.default\"><div class=\"elementor-widget-container\"><p>Dana\u0161nja generacija se soo\u010da z eksisten\u010dnimi gro\u017enjami za na\u0161 planet. Podnebne spremembe, trajnostni razvoj in zaveza k varnej\u0161emu in bolj zdravemu svetu zahtevajo nove na\u010dine poslovanja.Posebno poro\u010dilo Zdru\u017eenih narodov o podnebnih spremembah in zemlji\u0161\u010dih za leto 2019 ka\u017ee, da imajo raba zemlji\u0161\u010d in gozdovi klju\u010dno vlogo pri doseganju treh klju\u010dnih ciljev:<\/p><\/div><\/div><\/div><\/div><\/div><\/div>\t\t\t\t\t\t\t\t<\/div>\n\t\t\t\t<\/div>\n\t\t\t\t\t<\/div>\n\t\t\t\t<\/div>\n\t\t<div class=\"elementor-element elementor-element-212b9e5 e-grid e-con-boxed e-con e-parent\" data-id=\"212b9e5\" data-element_type=\"container\" data-settings=\"{&quot;ekit_has_onepagescroll_dot&quot;:&quot;yes&quot;}\">\n\t\t\t\t\t<div class=\"e-con-inner\">\n\t\t<div class=\"elementor-element elementor-element-2c8a6cb e-con-full e-flex e-con e-child\" data-id=\"2c8a6cb\" data-element_type=\"container\" data-settings=\"{&quot;ekit_has_onepagescroll_dot&quot;:&quot;yes&quot;}\">\n\t\t\t\t<div class=\"elementor-element elementor-element-b61eeca elementor-widget elementor-widget-image\" data-id=\"b61eeca\" data-element_type=\"widget\" data-settings=\"{&quot;ekit_we_effect_on&quot;:&quot;none&quot;}\" data-widget_type=\"image.default\">\n\t\t\t\t<div class=\"elementor-widget-container\">\n\t\t\t\t\t\t\t\t\t\t\t\t\t\t\t<img fetchpriority=\"high\" decoding=\"async\" width=\"800\" height=\"533\" src=\"https:\/\/landu-china.com\/wp-content\/uploads\/2024\/07\/antarctica-wild-nature-landscape-1024x682.webp\" class=\"attachment-large size-large wp-image-3771\" alt=\"\" srcset=\"https:\/\/landu-china.com\/wp-content\/uploads\/2024\/07\/antarctica-wild-nature-landscape-1024x682.webp 1024w, https:\/\/landu-china.com\/wp-content\/uploads\/2024\/07\/antarctica-wild-nature-landscape-300x200.webp 300w, https:\/\/landu-china.com\/wp-content\/uploads\/2024\/07\/antarctica-wild-nature-landscape-768x512.webp 768w, https:\/\/landu-china.com\/wp-content\/uploads\/2024\/07\/antarctica-wild-nature-landscape-1536x1023.webp 1536w, https:\/\/landu-china.com\/wp-content\/uploads\/2024\/07\/antarctica-wild-nature-landscape.webp 1600w\" sizes=\"(max-width: 800px) 100vw, 800px\" \/>\t\t\t\t\t\t\t\t\t\t\t\t\t\t\t<\/div>\n\t\t\t\t<\/div>\n\t\t\t\t<div class=\"elementor-element elementor-element-688dd42 elementor-widget elementor-widget-heading\" data-id=\"688dd42\" data-element_type=\"widget\" data-settings=\"{&quot;ekit_we_effect_on&quot;:&quot;none&quot;}\" data-widget_type=\"heading.default\">\n\t\t\t\t<div class=\"elementor-widget-container\">\n\t\t\t\t\t<h2 class=\"elementor-heading-title elementor-size-default\">Podnebje<\/h2>\t\t\t\t<\/div>\n\t\t\t\t<\/div>\n\t\t\t\t<div class=\"elementor-element elementor-element-52a3e87 elementor-widget-divider--view-line elementor-widget elementor-widget-divider\" data-id=\"52a3e87\" data-element_type=\"widget\" data-settings=\"{&quot;ekit_we_effect_on&quot;:&quot;none&quot;}\" data-widget_type=\"divider.default\">\n\t\t\t\t<div class=\"elementor-widget-container\">\n\t\t\t\t\t\t\t<div class=\"elementor-divider\">\n\t\t\t<span class=\"elementor-divider-separator\">\n\t\t\t\t\t\t<\/span>\n\t\t<\/div>\n\t\t\t\t\t\t<\/div>\n\t\t\t\t<\/div>\n\t\t\t\t<div class=\"elementor-element elementor-element-dc779ef elementor-widget elementor-widget-text-editor\" data-id=\"dc779ef\" data-element_type=\"widget\" data-settings=\"{&quot;ekit_we_effect_on&quot;:&quot;none&quot;}\" data-widget_type=\"text-editor.default\">\n\t\t\t\t<div class=\"elementor-widget-container\">\n\t\t\t\t\t\t\t\t\tMedtem ko drevesa rastejo, absorbirajo in shranjujejo CO2 iz ozra\u010dja. S staranjem se njihova stopnja zajemanja CO2 zmanj\u0161uje, zato so idealna za pridobivanje biomase za trajnostne izdelke, ki lahko nadomestijo alternativne izdelke na osnovi nafte. Nekateri od teh izdelkov, kot so gradbeni materiali, \u0161e naprej delujejo kot ponori ogljika, saj shranjujejo CO2 skozi celotno \u017eivljenjsko dobo.\t\t\t\t\t\t\t\t<\/div>\n\t\t\t\t<\/div>\n\t\t\t\t<\/div>\n\t\t<div class=\"elementor-element elementor-element-0078476 e-con-full e-flex e-con e-child\" data-id=\"0078476\" data-element_type=\"container\" data-settings=\"{&quot;ekit_has_onepagescroll_dot&quot;:&quot;yes&quot;}\">\n\t\t\t\t<div class=\"elementor-element elementor-element-1bbb316 elementor-widget elementor-widget-image\" data-id=\"1bbb316\" data-element_type=\"widget\" data-settings=\"{&quot;ekit_we_effect_on&quot;:&quot;none&quot;}\" data-widget_type=\"image.default\">\n\t\t\t\t<div class=\"elementor-widget-container\">\n\t\t\t\t\t\t\t\t\t\t\t\t\t\t\t<img decoding=\"async\" width=\"800\" height=\"533\" src=\"https:\/\/landu-china.com\/wp-content\/uploads\/2024\/10\/aerial-view-of-blue-colored-forest-lake-in-poland-1024x682.jpg\" class=\"attachment-large size-large wp-image-16914\" alt=\"Pogled iz zraka na modro obarvano gozdno jezero na Poljskem\" srcset=\"https:\/\/landu-china.com\/wp-content\/uploads\/2024\/10\/aerial-view-of-blue-colored-forest-lake-in-poland-1024x682.jpg 1024w, https:\/\/landu-china.com\/wp-content\/uploads\/2024\/10\/aerial-view-of-blue-colored-forest-lake-in-poland-300x200.jpg 300w, https:\/\/landu-china.com\/wp-content\/uploads\/2024\/10\/aerial-view-of-blue-colored-forest-lake-in-poland-768x512.jpg 768w, https:\/\/landu-china.com\/wp-content\/uploads\/2024\/10\/aerial-view-of-blue-colored-forest-lake-in-poland-1536x1024.jpg 1536w, https:\/\/landu-china.com\/wp-content\/uploads\/2024\/10\/aerial-view-of-blue-colored-forest-lake-in-poland.jpg 2000w\" sizes=\"(max-width: 800px) 100vw, 800px\" \/>\t\t\t\t\t\t\t\t\t\t\t\t\t\t\t<\/div>\n\t\t\t\t<\/div>\n\t\t\t\t<div class=\"elementor-element elementor-element-78117cc elementor-widget elementor-widget-heading\" data-id=\"78117cc\" data-element_type=\"widget\" data-settings=\"{&quot;ekit_we_effect_on&quot;:&quot;none&quot;}\" data-widget_type=\"heading.default\">\n\t\t\t\t<div class=\"elementor-widget-container\">\n\t\t\t\t\t<h2 class=\"elementor-heading-title elementor-size-default\">Biotska raznovrstnost<\/h2>\t\t\t\t<\/div>\n\t\t\t\t<\/div>\n\t\t\t\t<div class=\"elementor-element elementor-element-0bc282d elementor-widget-divider--view-line elementor-widget elementor-widget-divider\" data-id=\"0bc282d\" data-element_type=\"widget\" data-settings=\"{&quot;ekit_we_effect_on&quot;:&quot;none&quot;}\" data-widget_type=\"divider.default\">\n\t\t\t\t<div class=\"elementor-widget-container\">\n\t\t\t\t\t\t\t<div class=\"elementor-divider\">\n\t\t\t<span class=\"elementor-divider-separator\">\n\t\t\t\t\t\t<\/span>\n\t\t<\/div>\n\t\t\t\t\t\t<\/div>\n\t\t\t\t<\/div>\n\t\t\t\t<div class=\"elementor-element elementor-element-e152112 elementor-widget elementor-widget-text-editor\" data-id=\"e152112\" data-element_type=\"widget\" data-settings=\"{&quot;ekit_we_effect_on&quot;:&quot;none&quot;}\" data-widget_type=\"text-editor.default\">\n\t\t\t\t<div class=\"elementor-widget-container\">\n\t\t\t\t\t\t\t\t\tGozdovi, ki so med biolo\u0161ko najbolj raznolikimi ekosistemi na Zemlji, zagotavljajo bistvene vire in \u017eivljenjski prostor \u0161tevilnim vrstam. Prav tako nudijo materiale za gradbeni\u0161tvo in vsakodnevne izdelke. U\u010dinkovito gospodarjenje z gozdovi vklju\u010duje ohranjanje ekolo\u0161ko in kulturno pomembnih obmo\u010dij ter vzdr\u017eevanje raznolikih struktur za podporo razli\u010dnim vrstam in pove\u010danje biotske raznovrstnosti.\t\t\t\t\t\t\t\t<\/div>\n\t\t\t\t<\/div>\n\t\t\t\t<\/div>\n\t\t<div class=\"elementor-element elementor-element-2716e7e e-con-full e-flex e-con e-child\" data-id=\"2716e7e\" data-element_type=\"container\" data-settings=\"{&quot;ekit_has_onepagescroll_dot&quot;:&quot;yes&quot;}\">\n\t\t\t\t<div class=\"elementor-element elementor-element-fd492dd elementor-widget elementor-widget-image\" data-id=\"fd492dd\" data-element_type=\"widget\" data-settings=\"{&quot;ekit_we_effect_on&quot;:&quot;none&quot;}\" data-widget_type=\"image.default\">\n\t\t\t\t<div class=\"elementor-widget-container\">\n\t\t\t\t\t\t\t\t\t\t\t\t\t\t\t<img loading=\"lazy\" decoding=\"async\" width=\"800\" height=\"530\" src=\"https:\/\/landu-china.com\/wp-content\/uploads\/2024\/07\/solar-panels-solar-farms-in-asia-1024x678.webp\" class=\"attachment-large size-large wp-image-3776\" alt=\"\" srcset=\"https:\/\/landu-china.com\/wp-content\/uploads\/2024\/07\/solar-panels-solar-farms-in-asia-1024x678.webp 1024w, https:\/\/landu-china.com\/wp-content\/uploads\/2024\/07\/solar-panels-solar-farms-in-asia-300x199.webp 300w, https:\/\/landu-china.com\/wp-content\/uploads\/2024\/07\/solar-panels-solar-farms-in-asia-768x508.webp 768w, https:\/\/landu-china.com\/wp-content\/uploads\/2024\/07\/solar-panels-solar-farms-in-asia-1536x1017.webp 1536w, https:\/\/landu-china.com\/wp-content\/uploads\/2024\/07\/solar-panels-solar-farms-in-asia.webp 1600w\" sizes=\"(max-width: 800px) 100vw, 800px\" \/>\t\t\t\t\t\t\t\t\t\t\t\t\t\t\t<\/div>\n\t\t\t\t<\/div>\n\t\t\t\t<div class=\"elementor-element elementor-element-6f4c976 elementor-widget elementor-widget-heading\" data-id=\"6f4c976\" data-element_type=\"widget\" data-settings=\"{&quot;ekit_we_effect_on&quot;:&quot;none&quot;}\" data-widget_type=\"heading.default\">\n\t\t\t\t<div class=\"elementor-widget-container\">\n\t\t\t\t\t<h2 class=\"elementor-heading-title elementor-size-default\">Obnovljive surovine<\/h2>\t\t\t\t<\/div>\n\t\t\t\t<\/div>\n\t\t\t\t<div class=\"elementor-element elementor-element-e78654e elementor-widget-divider--view-line elementor-widget elementor-widget-divider\" data-id=\"e78654e\" data-element_type=\"widget\" data-settings=\"{&quot;ekit_we_effect_on&quot;:&quot;none&quot;}\" data-widget_type=\"divider.default\">\n\t\t\t\t<div class=\"elementor-widget-container\">\n\t\t\t\t\t\t\t<div class=\"elementor-divider\">\n\t\t\t<span class=\"elementor-divider-separator\">\n\t\t\t\t\t\t<\/span>\n\t\t<\/div>\n\t\t\t\t\t\t<\/div>\n\t\t\t\t<\/div>\n\t\t\t\t<div class=\"elementor-element elementor-element-1e35ad2 elementor-widget elementor-widget-text-editor\" data-id=\"1e35ad2\" data-element_type=\"widget\" data-settings=\"{&quot;ekit_we_effect_on&quot;:&quot;none&quot;}\" data-widget_type=\"text-editor.default\">\n\t\t\t\t<div class=\"elementor-widget-container\">\n\t\t\t\t\t\t\t\t\tObnovljive surovine, pridobljene na trajnosten na\u010din za naravno ali hitro obnovo, so klju\u010dne za okoljsko trajnost, zmanj\u0161anje odvisnosti od neobnovljivih virov ter podporo prizadevanjem za \u010disto energijo in kro\u017eno gospodarstvo.\t\t\t\t\t\t\t\t<\/div>\n\t\t\t\t<\/div>\n\t\t\t\t<\/div>\n\t\t\t\t\t<\/div>\n\t\t\t\t<\/div>\n\t\t<div class=\"elementor-element elementor-element-a167ec6 e-grid e-con-boxed e-con e-parent\" data-id=\"a167ec6\" data-element_type=\"container\" data-settings=\"{&quot;ekit_has_onepagescroll_dot&quot;:&quot;yes&quot;}\">\n\t\t\t\t\t<div class=\"e-con-inner\">\n\t\t<div class=\"elementor-element elementor-element-e923f8f e-con-full e-flex e-con e-child\" data-id=\"e923f8f\" data-element_type=\"container\" data-settings=\"{&quot;background_background&quot;:&quot;classic&quot;,&quot;ekit_has_onepagescroll_dot&quot;:&quot;yes&quot;}\">\n\t\t\t\t<div class=\"elementor-element elementor-element-687a5f5 elementor-widget elementor-widget-text-editor\" data-id=\"687a5f5\" data-element_type=\"widget\" data-settings=\"{&quot;ekit_we_effect_on&quot;:&quot;none&quot;}\" data-widget_type=\"text-editor.default\">\n\t\t\t\t<div class=\"elementor-widget-container\">\n\t\t\t\t\t\t\t\t\tNa\u0161a celuloza, izdelana iz bomba\u017ea, uporablja surovine, ki var\u010dujejo z energijo ali izkori\u0161\u010dajo obnovljive vire energije. Celulozo LANDU odlikuje izjemno nizek oglji\u010dni odtis med proizvodnjo, kar je v skladu z mednarodnimi standardi.\t\t\t\t\t\t\t\t<\/div>\n\t\t\t\t<\/div>\n\t\t\t\t<\/div>\n\t\t<div class=\"elementor-element elementor-element-1267f47 e-con-full e-flex e-con e-child\" data-id=\"1267f47\" data-element_type=\"container\" data-settings=\"{&quot;background_background&quot;:&quot;classic&quot;,&quot;ekit_has_onepagescroll_dot&quot;:&quot;yes&quot;}\">\n\t\t\t\t<\/div>\n\t\t<div class=\"elementor-element elementor-element-f3abacf e-con-full e-flex e-con e-child\" data-id=\"f3abacf\" data-element_type=\"container\" data-settings=\"{&quot;background_background&quot;:&quot;classic&quot;,&quot;ekit_has_onepagescroll_dot&quot;:&quot;yes&quot;}\">\n\t\t\t\t<\/div>\n\t\t<div class=\"elementor-element elementor-element-2160341 e-con-full e-flex e-con e-child\" data-id=\"2160341\" data-element_type=\"container\" data-settings=\"{&quot;background_background&quot;:&quot;classic&quot;,&quot;ekit_has_onepagescroll_dot&quot;:&quot;yes&quot;}\">\n\t\t\t\t<div class=\"elementor-element elementor-element-5ecd47a elementor-widget elementor-widget-text-editor\" data-id=\"5ecd47a\" data-element_type=\"widget\" data-settings=\"{&quot;ekit_we_effect_on&quot;:&quot;none&quot;}\" data-widget_type=\"text-editor.default\">\n\t\t\t\t<div class=\"elementor-widget-container\">\n\t\t\t\t\t\t\t\t\tS svojim visoko integriranim proizvodnim sistemom nenehno optimiziramo procese, da bi \u010dim bolj pove\u010dali porabo materialov in energetsko u\u010dinkovitost, s \u010dimer bistveno izbolj\u0161ujemo svojo trajnost.\t\t\t\t\t\t\t\t<\/div>\n\t\t\t\t<\/div>\n\t\t\t\t<\/div>\n\t\t<div class=\"elementor-element elementor-element-9533552 e-con-full e-flex e-con e-child\" data-id=\"9533552\" data-element_type=\"container\" data-settings=\"{&quot;background_background&quot;:&quot;classic&quot;,&quot;ekit_has_onepagescroll_dot&quot;:&quot;yes&quot;}\">\n\t\t\t\t<\/div>\n\t\t<div class=\"elementor-element elementor-element-22628df e-con-full e-flex e-con e-child\" data-id=\"22628df\" data-element_type=\"container\" data-settings=\"{&quot;background_background&quot;:&quot;classic&quot;,&quot;ekit_has_onepagescroll_dot&quot;:&quot;yes&quot;}\">\n\t\t\t\t<div class=\"elementor-element elementor-element-ec3a53a elementor-widget elementor-widget-text-editor\" data-id=\"ec3a53a\" data-element_type=\"widget\" data-settings=\"{&quot;ekit_we_effect_on&quot;:&quot;none&quot;}\" data-widget_type=\"text-editor.default\">\n\t\t\t\t<div class=\"elementor-widget-container\">\n\t\t\t\t\t\t\t\t\tUporaba elektri\u010dne energije iz hidroelektrarn podpira na\u0161o zavezanost k trajnosti in energetski u\u010dinkovitosti. Ta obnovljivi vir energije zmanj\u0161uje na\u0161 oglji\u010dni odtis in odvisnost od fosilnih goriv, kar je v skladu z na\u0161imi cilji za optimizacijo procesov in izbolj\u0161anje okoljskega upravljanja v na\u0161em proizvodnem sistemu.\t\t\t\t\t\t\t\t<\/div>\n\t\t\t\t<\/div>\n\t\t\t\t<\/div>\n\t\t<div class=\"elementor-element elementor-element-eeb3cfc e-con-full e-flex e-con e-child\" data-id=\"eeb3cfc\" data-element_type=\"container\" data-settings=\"{&quot;background_background&quot;:&quot;classic&quot;,&quot;ekit_has_onepagescroll_dot&quot;:&quot;yes&quot;}\">\n\t\t\t\t<div class=\"elementor-element elementor-element-e694364 elementor-widget elementor-widget-text-editor\" data-id=\"e694364\" data-element_type=\"widget\" data-settings=\"{&quot;ekit_we_effect_on&quot;:&quot;none&quot;}\" data-widget_type=\"text-editor.default\">\n\t\t\t\t<div class=\"elementor-widget-container\">\n\t\t\t\t\t\t\t\t\tV prihodnosti nameravamo v celoti preiti na son\u010dno energijo, kar je v skladu z na\u0161o zavezanostjo k trajnosti in zmanj\u0161anju vpliva na okolje. Ta prehod nam bo pomagal zmanj\u0161ati odvisnost od neobnovljivih virov in pove\u010dati energetsko u\u010dinkovitost v na\u0161ih dejavnostih.\t\t\t\t\t\t\t\t<\/div>\n\t\t\t\t<\/div>\n\t\t\t\t<\/div>\n\t\t<div class=\"elementor-element elementor-element-34178dc e-con-full e-flex e-con e-child\" data-id=\"34178dc\" data-element_type=\"container\" data-settings=\"{&quot;background_background&quot;:&quot;classic&quot;,&quot;ekit_has_onepagescroll_dot&quot;:&quot;yes&quot;}\">\n\t\t\t\t<\/div>\n\t\t\t\t\t<\/div>\n\t\t\t\t<\/div>\n\t\t\t\t<\/div>","protected":false},"excerpt":{"rendered":"<p>Spodbujanje ciljev trajnostnega razvoja Verjamemo, da je dobra kemija klju\u010dna za blaginjo in dobro po\u010dutje trajnostne dru\u017ebe. Ve\u010dni vir - trajnostno upravljani naravni obnovljivi materiali Dana\u0161nja generacija se soo\u010da z eksisten\u010dnimi gro\u017enjami na\u0161emu planetu. Podnebne spremembe, trajnostni razvoj in zaveza k varnej\u0161emu in bolj zdravemu svetu zahtevajo nove na\u010dine poslovanja.<\/p>","protected":false},"author":1,"featured_media":0,"parent":0,"menu_order":0,"comment_status":"closed","ping_status":"closed","template":"elementor_header_footer","meta":{"footnotes":""},"class_list":["post-3768","page","type-page","status-publish","hentry"],"_links":{"self":[{"href":"https:\/\/landu-china.com\/sl\/wp-json\/wp\/v2\/pages\/3768","targetHints":{"allow":["GET"]}}],"collection":[{"href":"https:\/\/landu-china.com\/sl\/wp-json\/wp\/v2\/pages"}],"about":[{"href":"https:\/\/landu-china.com\/sl\/wp-json\/wp\/v2\/types\/page"}],"author":[{"embeddable":true,"href":"https:\/\/landu-china.com\/sl\/wp-json\/wp\/v2\/users\/1"}],"replies":[{"embeddable":true,"href":"https:\/\/landu-china.com\/sl\/wp-json\/wp\/v2\/comments?post=3768"}],"version-history":[{"count":16,"href":"https:\/\/landu-china.com\/sl\/wp-json\/wp\/v2\/pages\/3768\/revisions"}],"predecessor-version":[{"id":20502,"href":"https:\/\/landu-china.com\/sl\/wp-json\/wp\/v2\/pages\/3768\/revisions\/20502"}],"wp:attachment":[{"href":"https:\/\/landu-china.com\/sl\/wp-json\/wp\/v2\/media?parent=3768"}],"curies":[{"name":"wp","href":"https:\/\/api.w.org\/{rel}","templated":true}]}}