{"id":3745,"date":"2024-07-29T15:13:20","date_gmt":"2024-07-29T07:13:20","guid":{"rendered":"https:\/\/landu-china.com\/?page_id=3745"},"modified":"2024-07-29T16:14:04","modified_gmt":"2024-07-29T08:14:04","slug":"izdelki-z-dokumentiranim-nizkim-okoljskim-odtisom","status":"publish","type":"page","link":"https:\/\/landu-china.com\/sl\/izdelki-z-dokumentiranim-nizkim-okoljskim-odtisom\/","title":{"rendered":"Izdelki z dokumentiranim nizkim okoljskim odtisom"},"content":{"rendered":"<div data-elementor-type=\"wp-page\" data-elementor-id=\"3745\" class=\"elementor elementor-3745\" data-elementor-post-type=\"page\">\n\t\t\t\t<div class=\"elementor-element elementor-element-832e259 e-flex e-con-boxed e-con e-parent\" data-id=\"832e259\" data-element_type=\"container\" data-settings=\"{&quot;background_background&quot;:&quot;classic&quot;,&quot;ekit_has_onepagescroll_dot&quot;:&quot;yes&quot;}\">\n\t\t\t\t\t<div class=\"e-con-inner\">\n\t\t\t\t<div class=\"elementor-element elementor-element-f07d774 elementor-widget__width-initial elementor-widget elementor-widget-heading\" data-id=\"f07d774\" data-element_type=\"widget\" data-settings=\"{&quot;ekit_we_effect_on&quot;:&quot;none&quot;}\" data-widget_type=\"heading.default\">\n\t\t\t\t<div class=\"elementor-widget-container\">\n\t\t\t\t\t<h2 class=\"elementor-heading-title elementor-size-default\">Izdelki z dokumentiranim nizkim okoljskim odtisom<\/h2>\t\t\t\t<\/div>\n\t\t\t\t<\/div>\n\t\t\t\t<div class=\"elementor-element elementor-element-54592e9 elementor-widget__width-initial elementor-widget elementor-widget-text-editor\" data-id=\"54592e9\" data-element_type=\"widget\" data-settings=\"{&quot;ekit_we_effect_on&quot;:&quot;none&quot;}\" data-widget_type=\"text-editor.default\">\n\t\t\t\t<div class=\"elementor-widget-container\">\n\t\t\t\t\t\t\t\t\t<p>Na\u0161i izdelki se v ve\u010dini kategorij pona\u0161ajo z majhnim podnebnim odtisom in vrhunsko okoljsko u\u010dinkovitostjo.<\/p>\t\t\t\t\t\t\t\t<\/div>\n\t\t\t\t<\/div>\n\t\t\t\t\t<\/div>\n\t\t\t\t<\/div>\n\t\t<div class=\"elementor-element elementor-element-af21400 e-flex e-con-boxed e-con e-parent\" data-id=\"af21400\" data-element_type=\"container\" data-settings=\"{&quot;ekit_has_onepagescroll_dot&quot;:&quot;yes&quot;}\">\n\t\t\t\t\t<div class=\"e-con-inner\">\n\t\t\t\t<div class=\"elementor-element elementor-element-ee22895 elementor-widget elementor-widget-heading\" data-id=\"ee22895\" data-element_type=\"widget\" data-settings=\"{&quot;ekit_we_effect_on&quot;:&quot;none&quot;}\" data-widget_type=\"heading.default\">\n\t\t\t\t<div class=\"elementor-widget-container\">\n\t\t\t\t\t<h2 class=\"elementor-heading-title elementor-size-default\">Na\u0161 strate\u0161ki pristop<\/h2>\t\t\t\t<\/div>\n\t\t\t\t<\/div>\n\t\t\t\t<div class=\"elementor-element elementor-element-b0428b0 elementor-widget elementor-widget-image\" data-id=\"b0428b0\" data-element_type=\"widget\" data-settings=\"{&quot;ekit_we_effect_on&quot;:&quot;none&quot;}\" data-widget_type=\"image.default\">\n\t\t\t\t<div class=\"elementor-widget-container\">\n\t\t\t\t\t\t\t\t\t\t\t\t\t\t\t<img decoding=\"async\" width=\"55\" height=\"9\" src=\"https:\/\/landu-china.com\/wp-content\/uploads\/2024\/06\/\u8d44\u6e90-1.png\" class=\"attachment-large size-large wp-image-87\" alt=\"\" \/>\t\t\t\t\t\t\t\t\t\t\t\t\t\t\t<\/div>\n\t\t\t\t<\/div>\n\t\t\t\t<div class=\"elementor-element elementor-element-e6c6337 elementor-widget elementor-widget-text-editor\" data-id=\"e6c6337\" data-element_type=\"widget\" data-settings=\"{&quot;ekit_we_effect_on&quot;:&quot;none&quot;}\" data-widget_type=\"text-editor.default\">\n\t\t\t\t<div class=\"elementor-widget-container\">\n\t\t\t\t\t\t\t\t\t<div class=\"elementor-element elementor-element-26d6bf8c elementor-widget__width-initial elementor-widget elementor-widget-text-editor\" data-id=\"26d6bf8c\" data-element_type=\"widget\" data-settings=\"{&quot;ekit_we_effect_on&quot;:&quot;none&quot;}\" data-widget_type=\"text-editor.default\"><div class=\"elementor-widget-container\"><div class=\"elementor-element elementor-element-26d6bf8c elementor-widget__width-initial elementor-widget elementor-widget-text-editor\" data-id=\"26d6bf8c\" data-element_type=\"widget\" data-settings=\"{&quot;ekit_we_effect_on&quot;:&quot;none&quot;}\" data-widget_type=\"text-editor.default\"><div class=\"elementor-widget-container\"><div class=\"elementor-element elementor-element-531d8aa elementor-widget__width-initial elementor-widget elementor-widget-text-editor\" data-id=\"531d8aa\" data-element_type=\"widget\" data-settings=\"{&quot;ekit_we_effect_on&quot;:&quot;none&quot;}\" data-widget_type=\"text-editor.default\"><div class=\"elementor-widget-container\"><p>\"Pri spodbujanju trajnostnih inovacij tesno sodelujemo s strankami in celotno vrednostno verigo. Na\u0161a zavezanost presega zgolj izpolnjevanje okoljskih predpisov, temve\u010d si prizadevamo prese\u010di te standarde in pri\u010dakovanja strank v vseh vidikih na\u0161ega delovanja.\"<\/p><\/div><\/div><\/div><\/div><\/div><\/div>\t\t\t\t\t\t\t\t<\/div>\n\t\t\t\t<\/div>\n\t\t\t\t\t<\/div>\n\t\t\t\t<\/div>\n\t\t<div class=\"elementor-element elementor-element-212b9e5 e-grid e-con-boxed e-con e-parent\" data-id=\"212b9e5\" data-element_type=\"container\" data-settings=\"{&quot;ekit_has_onepagescroll_dot&quot;:&quot;yes&quot;}\">\n\t\t\t\t\t<div class=\"e-con-inner\">\n\t\t\t\t<div class=\"elementor-element elementor-element-b61eeca elementor-widget elementor-widget-image\" data-id=\"b61eeca\" data-element_type=\"widget\" data-settings=\"{&quot;ekit_we_effect_on&quot;:&quot;none&quot;}\" data-widget_type=\"image.default\">\n\t\t\t\t<div class=\"elementor-widget-container\">\n\t\t\t\t\t\t\t\t\t\t\t\t\t\t\t<img fetchpriority=\"high\" decoding=\"async\" width=\"800\" height=\"534\" src=\"https:\/\/landu-china.com\/wp-content\/uploads\/2024\/07\/cheerful-female-scientist-in-lab-1024x684-1.webp\" class=\"attachment-large size-large wp-image-3750\" alt=\"\" srcset=\"https:\/\/landu-china.com\/wp-content\/uploads\/2024\/07\/cheerful-female-scientist-in-lab-1024x684-1.webp 1024w, https:\/\/landu-china.com\/wp-content\/uploads\/2024\/07\/cheerful-female-scientist-in-lab-1024x684-1-300x200.webp 300w, https:\/\/landu-china.com\/wp-content\/uploads\/2024\/07\/cheerful-female-scientist-in-lab-1024x684-1-768x513.webp 768w\" sizes=\"(max-width: 800px) 100vw, 800px\" \/>\t\t\t\t\t\t\t\t\t\t\t\t\t\t\t<\/div>\n\t\t\t\t<\/div>\n\t\t\t\t<div class=\"elementor-element elementor-element-fb3b300 elementor-widget elementor-widget-image\" data-id=\"fb3b300\" data-element_type=\"widget\" data-settings=\"{&quot;ekit_we_effect_on&quot;:&quot;none&quot;}\" data-widget_type=\"image.default\">\n\t\t\t\t<div class=\"elementor-widget-container\">\n\t\t\t\t\t\t\t\t\t\t\t\t\t\t\t<img decoding=\"async\" width=\"800\" height=\"532\" src=\"https:\/\/landu-china.com\/wp-content\/uploads\/2024\/07\/choosing-wall-paints-1024x681-1.webp\" class=\"attachment-large size-large wp-image-3751\" alt=\"\" srcset=\"https:\/\/landu-china.com\/wp-content\/uploads\/2024\/07\/choosing-wall-paints-1024x681-1.webp 1024w, https:\/\/landu-china.com\/wp-content\/uploads\/2024\/07\/choosing-wall-paints-1024x681-1-300x200.webp 300w, https:\/\/landu-china.com\/wp-content\/uploads\/2024\/07\/choosing-wall-paints-1024x681-1-768x511.webp 768w\" sizes=\"(max-width: 800px) 100vw, 800px\" \/>\t\t\t\t\t\t\t\t\t\t\t\t\t\t\t<\/div>\n\t\t\t\t<\/div>\n\t\t\t\t<div class=\"elementor-element elementor-element-e05ee47 elementor-widget elementor-widget-image\" data-id=\"e05ee47\" data-element_type=\"widget\" data-settings=\"{&quot;ekit_we_effect_on&quot;:&quot;none&quot;}\" data-widget_type=\"image.default\">\n\t\t\t\t<div class=\"elementor-widget-container\">\n\t\t\t\t\t\t\t\t\t\t\t\t\t\t\t<img loading=\"lazy\" decoding=\"async\" width=\"800\" height=\"533\" src=\"https:\/\/landu-china.com\/wp-content\/uploads\/2024\/07\/ceramic-tiles-and-tools-for-tiler-floor-tiles-installation-home-improvement-renovation-ceramic-1024x682-1.webp\" class=\"attachment-large size-large wp-image-3749\" alt=\"\" srcset=\"https:\/\/landu-china.com\/wp-content\/uploads\/2024\/07\/ceramic-tiles-and-tools-for-tiler-floor-tiles-installation-home-improvement-renovation-ceramic-1024x682-1.webp 1024w, https:\/\/landu-china.com\/wp-content\/uploads\/2024\/07\/ceramic-tiles-and-tools-for-tiler-floor-tiles-installation-home-improvement-renovation-ceramic-1024x682-1-300x200.webp 300w, https:\/\/landu-china.com\/wp-content\/uploads\/2024\/07\/ceramic-tiles-and-tools-for-tiler-floor-tiles-installation-home-improvement-renovation-ceramic-1024x682-1-768x512.webp 768w\" sizes=\"(max-width: 800px) 100vw, 800px\" \/>\t\t\t\t\t\t\t\t\t\t\t\t\t\t\t<\/div>\n\t\t\t\t<\/div>\n\t\t\t\t\t<\/div>\n\t\t\t\t<\/div>\n\t\t<div class=\"elementor-element elementor-element-8599190 e-flex e-con-boxed e-con e-parent\" data-id=\"8599190\" data-element_type=\"container\" data-settings=\"{&quot;ekit_has_onepagescroll_dot&quot;:&quot;yes&quot;}\">\n\t\t\t\t\t<div class=\"e-con-inner\">\n\t\t<div class=\"elementor-element elementor-element-e95b722 e-con-full e-flex e-con e-child\" data-id=\"e95b722\" data-element_type=\"container\" data-settings=\"{&quot;ekit_has_onepagescroll_dot&quot;:&quot;yes&quot;}\">\n\t\t<div class=\"elementor-element elementor-element-def66d5 e-con-full e-flex e-con e-child\" data-id=\"def66d5\" data-element_type=\"container\" data-settings=\"{&quot;background_background&quot;:&quot;classic&quot;,&quot;ekit_has_onepagescroll_dot&quot;:&quot;yes&quot;}\">\n\t\t\t\t<div class=\"elementor-element elementor-element-21991d4 elementor-widget elementor-widget-heading\" data-id=\"21991d4\" data-element_type=\"widget\" data-settings=\"{&quot;ekit_we_effect_on&quot;:&quot;none&quot;}\" data-widget_type=\"heading.default\">\n\t\t\t\t<div class=\"elementor-widget-container\">\n\t\t\t\t\t<h2 class=\"elementor-heading-title elementor-size-default\">Inoviranje trajnostnih materialov prihodnosti<\/h2>\t\t\t\t<\/div>\n\t\t\t\t<\/div>\n\t\t\t\t<div class=\"elementor-element elementor-element-039d692 elementor-widget__width-initial elementor-widget-divider--view-line elementor-widget elementor-widget-divider\" data-id=\"039d692\" data-element_type=\"widget\" data-settings=\"{&quot;ekit_we_effect_on&quot;:&quot;none&quot;}\" data-widget_type=\"divider.default\">\n\t\t\t\t<div class=\"elementor-widget-container\">\n\t\t\t\t\t\t\t<div class=\"elementor-divider\">\n\t\t\t<span class=\"elementor-divider-separator\">\n\t\t\t\t\t\t<\/span>\n\t\t<\/div>\n\t\t\t\t\t\t<\/div>\n\t\t\t\t<\/div>\n\t\t\t\t<div class=\"elementor-element elementor-element-687a5f5 elementor-widget elementor-widget-text-editor\" data-id=\"687a5f5\" data-element_type=\"widget\" data-settings=\"{&quot;ekit_we_effect_on&quot;:&quot;none&quot;}\" data-widget_type=\"text-editor.default\">\n\t\t\t\t<div class=\"elementor-widget-container\">\n\t\t\t\t\t\t\t\t\t<p>Celuloza in njeni derivati se proizvajajo iz naravnih obnovljivih surovin, predvsem iz bomba\u017ene ali lesne celuloze. Ve\u010dina izdelkov, ki vsebujejo celulozo, prispeva k izbolj\u0161anju vsakdanjega \u017eivljenja milijard ljudi, od energetsko var\u010dnej\u0161ih gradbenih materialov do bolj zdravih \u017eivilskih sestavin in izbolj\u0161anega delovanja zdravil.<\/p><p>Del strategije Landu je u\u010dinkovit in premi\u0161ljen razvoj podjetja. V tej strategiji imajo osrednjo vlogo standardi kakovosti, varstva okolja, varnosti in varovanja zdravja, vklju\u010dno s proizvodno usmerjenim varstvom okolja.<\/p><p>Drugi klju\u010dni vidik LANDU je vstop na trge, na katerih pri\u010dakujemo pomembne spremembe na podro\u010dju trajnostnega razvoja, s \u010dimer bomo ustvarili prihodnje prilo\u017enosti za na\u0161e trajnostne izdelke.<\/p>\t\t\t\t\t\t\t\t<\/div>\n\t\t\t\t<\/div>\n\t\t\t\t<\/div>\n\t\t\t\t<\/div>\n\t\t<div class=\"elementor-element elementor-element-9b28c3b e-con-full e-flex e-con e-child\" data-id=\"9b28c3b\" data-element_type=\"container\" data-settings=\"{&quot;background_background&quot;:&quot;classic&quot;,&quot;ekit_has_onepagescroll_dot&quot;:&quot;yes&quot;}\">\n\t\t\t\t<\/div>\n\t\t\t\t\t<\/div>\n\t\t\t\t<\/div>\n\t\t<div class=\"elementor-element elementor-element-2fc6490 e-flex e-con-boxed e-con e-parent\" data-id=\"2fc6490\" data-element_type=\"container\" data-settings=\"{&quot;background_background&quot;:&quot;classic&quot;,&quot;ekit_has_onepagescroll_dot&quot;:&quot;yes&quot;}\">\n\t\t\t\t\t<div class=\"e-con-inner\">\n\t\t\t\t<div class=\"elementor-element elementor-element-d25fc07 elementor-widget elementor-widget-heading\" data-id=\"d25fc07\" data-element_type=\"widget\" data-settings=\"{&quot;ekit_we_effect_on&quot;:&quot;none&quot;}\" data-widget_type=\"heading.default\">\n\t\t\t\t<div class=\"elementor-widget-container\">\n\t\t\t\t\t<h2 class=\"elementor-heading-title elementor-size-default\">Sprejeli smo postopke MVR za ni\u010delne emisije odpadkov in skladnost s standardom ISO 14000.<\/h2>\t\t\t\t<\/div>\n\t\t\t\t<\/div>\n\t\t\t\t\t<\/div>\n\t\t\t\t<\/div>\n\t\t<div class=\"elementor-element elementor-element-08e5bfe e-flex e-con-boxed e-con e-parent\" data-id=\"08e5bfe\" data-element_type=\"container\" data-settings=\"{&quot;ekit_has_onepagescroll_dot&quot;:&quot;yes&quot;}\">\n\t\t\t\t\t<div class=\"e-con-inner\">\n\t\t<div class=\"elementor-element elementor-element-57c3e2d e-con-full e-flex e-con e-child\" data-id=\"57c3e2d\" data-element_type=\"container\" data-settings=\"{&quot;ekit_has_onepagescroll_dot&quot;:&quot;yes&quot;}\">\n\t\t\t\t<div class=\"elementor-element elementor-element-12083e7 elementor-widget elementor-widget-image\" data-id=\"12083e7\" data-element_type=\"widget\" data-settings=\"{&quot;ekit_we_effect_on&quot;:&quot;none&quot;}\" data-widget_type=\"image.default\">\n\t\t\t\t<div class=\"elementor-widget-container\">\n\t\t\t\t\t\t\t\t\t\t\t\t\t\t\t<img loading=\"lazy\" decoding=\"async\" width=\"800\" height=\"400\" src=\"https:\/\/landu-china.com\/wp-content\/uploads\/2024\/07\/2341-1024x512.webp\" class=\"attachment-large size-large wp-image-3747\" alt=\"\" srcset=\"https:\/\/landu-china.com\/wp-content\/uploads\/2024\/07\/2341-1024x512.webp 1024w, https:\/\/landu-china.com\/wp-content\/uploads\/2024\/07\/2341-300x150.webp 300w, https:\/\/landu-china.com\/wp-content\/uploads\/2024\/07\/2341-768x384.webp 768w, https:\/\/landu-china.com\/wp-content\/uploads\/2024\/07\/2341.webp 1300w\" sizes=\"(max-width: 800px) 100vw, 800px\" \/>\t\t\t\t\t\t\t\t\t\t\t\t\t\t\t<\/div>\n\t\t\t\t<\/div>\n\t\t\t\t<\/div>\n\t\t<div class=\"elementor-element elementor-element-2a4f08a e-con-full e-flex e-con e-child\" data-id=\"2a4f08a\" data-element_type=\"container\" data-settings=\"{&quot;ekit_has_onepagescroll_dot&quot;:&quot;yes&quot;}\">\n\t\t\t\t<div class=\"elementor-element elementor-element-4c7cc88 elementor-widget elementor-widget-heading\" data-id=\"4c7cc88\" data-element_type=\"widget\" data-settings=\"{&quot;ekit_we_effect_on&quot;:&quot;none&quot;}\" data-widget_type=\"heading.default\">\n\t\t\t\t<div class=\"elementor-widget-container\">\n\t\t\t\t\t<h2 class=\"elementor-heading-title elementor-size-default\">\nKlju\u010dna tehnologija razsoljevanja za ni\u010delno izpu\u0161\u010danje<\/h2>\t\t\t\t<\/div>\n\t\t\t\t<\/div>\n\t\t\t\t<div class=\"elementor-element elementor-element-b0a50bc elementor-widget elementor-widget-text-editor\" data-id=\"b0a50bc\" data-element_type=\"widget\" data-settings=\"{&quot;ekit_we_effect_on&quot;:&quot;none&quot;}\" data-widget_type=\"text-editor.default\">\n\t\t\t\t<div class=\"elementor-widget-container\">\n\t\t\t\t\t\t\t\t\tTehnologija mehanske rekompresije pare (MVR) stisne sekundarno paro, proizvedeno v sistemu uparjanja, z uporabo parnega kompresorja. Stisnjena para se nato vrne v sistem izhlapevanja, da se ohrani postopek izhlapevanja. Med izhlapevanjem je za predhodno segrevanje materiala potrebna le majhna koli\u010dina pare, s \u010dimer se v primerjavi s tradicionalnimi uparjalniki prihrani ve\u010d kot 60-80% sve\u017ee pare in ve\u010d kot 90% hladilne vode. MVR je zelo napredna tehnologija za var\u010devanje z energijo pri uparjanju, ki v primerjavi s tradicionalnimi uparjalniki z ve\u010d efekti zmanj\u0161a obratovalne stro\u0161ke za 40-80%.\t\t\t\t\t\t\t\t<\/div>\n\t\t\t\t<\/div>\n\t\t\t\t<\/div>\n\t\t\t\t\t<\/div>\n\t\t\t\t<\/div>\n\t\t<div class=\"elementor-element elementor-element-cd9c454 e-flex e-con-boxed e-con e-parent\" data-id=\"cd9c454\" data-element_type=\"container\" data-settings=\"{&quot;ekit_has_onepagescroll_dot&quot;:&quot;yes&quot;}\">\n\t\t\t\t\t<div class=\"e-con-inner\">\n\t\t<div class=\"elementor-element elementor-element-a5d305c e-con-full e-flex e-con e-child\" data-id=\"a5d305c\" data-element_type=\"container\" data-settings=\"{&quot;ekit_has_onepagescroll_dot&quot;:&quot;yes&quot;}\">\n\t\t\t\t<div class=\"elementor-element elementor-element-61a92b3 elementor-widget elementor-widget-text-editor\" data-id=\"61a92b3\" data-element_type=\"widget\" data-settings=\"{&quot;ekit_we_effect_on&quot;:&quot;none&quot;}\" data-widget_type=\"text-editor.default\">\n\t\t\t\t<div class=\"elementor-widget-container\">\n\t\t\t\t\t\t\t\t\tPrej zavr\u017eena para se zdaj v celoti uporabi v uparjalniku MVR, pri \u010demer se povrne njena latentna toplota uparjanja in izbolj\u0161a toplotna u\u010dinkovitost. Poleg tega se zaradi uporabe elektri\u010dne energije namesto vhodne pare zmanj\u0161ajo stro\u0161ki obratovanja. Izparilniki MVR lahko izvajajo nizkotemperaturno izhlapevanje. Pri na\u010drtovanju uparjalnikov MVR je klju\u010dnega pomena izbira ustreznega parnega kompresorja. Glavni vrsti parnih kompresorjev, ki se uporabljata v uparjalnikih MVR, sta centrifugalni in Rootsov parni kompresor. Rootsovi kompresorji so primerni za manj\u0161e obremenitve pri uparjanju, medtem ko so centrifugalni kompresorji bolj vsestranski, z enostopenjskim dvigom temperature do 24 \u00b0C.\t\t\t\t\t\t\t\t<\/div>\n\t\t\t\t<\/div>\n\t\t\t\t<\/div>\n\t\t<div class=\"elementor-element elementor-element-ee7d26e e-con-full e-flex e-con e-child\" data-id=\"ee7d26e\" data-element_type=\"container\" data-settings=\"{&quot;ekit_has_onepagescroll_dot&quot;:&quot;yes&quot;}\">\n\t\t\t\t<div class=\"elementor-element elementor-element-ad220b1 elementor-widget elementor-widget-image\" data-id=\"ad220b1\" data-element_type=\"widget\" data-settings=\"{&quot;ekit_we_effect_on&quot;:&quot;none&quot;}\" data-widget_type=\"image.default\">\n\t\t\t\t<div class=\"elementor-widget-container\">\n\t\t\t\t\t\t\t\t\t\t\t\t\t\t\t<img loading=\"lazy\" decoding=\"async\" width=\"800\" height=\"533\" src=\"https:\/\/landu-china.com\/wp-content\/uploads\/2024\/07\/aerial-view-of-modern-water-cleaning-facility-at-urban-wastewater-treatment-plant--1024x682.webp\" class=\"attachment-large size-large wp-image-3748\" alt=\"\" srcset=\"https:\/\/landu-china.com\/wp-content\/uploads\/2024\/07\/aerial-view-of-modern-water-cleaning-facility-at-urban-wastewater-treatment-plant--1024x682.webp 1024w, https:\/\/landu-china.com\/wp-content\/uploads\/2024\/07\/aerial-view-of-modern-water-cleaning-facility-at-urban-wastewater-treatment-plant--300x200.webp 300w, https:\/\/landu-china.com\/wp-content\/uploads\/2024\/07\/aerial-view-of-modern-water-cleaning-facility-at-urban-wastewater-treatment-plant--768x512.webp 768w, https:\/\/landu-china.com\/wp-content\/uploads\/2024\/07\/aerial-view-of-modern-water-cleaning-facility-at-urban-wastewater-treatment-plant--1536x1023.webp 1536w, https:\/\/landu-china.com\/wp-content\/uploads\/2024\/07\/aerial-view-of-modern-water-cleaning-facility-at-urban-wastewater-treatment-plant-.webp 1600w\" sizes=\"(max-width: 800px) 100vw, 800px\" \/>\t\t\t\t\t\t\t\t\t\t\t\t\t\t\t<\/div>\n\t\t\t\t<\/div>\n\t\t\t\t<\/div>\n\t\t\t\t\t<\/div>\n\t\t\t\t<\/div>\n\t\t\t\t<\/div>","protected":false},"excerpt":{"rendered":"<p>Izdelki z dokumentiranim nizkim okoljskim odtisom Na\u0161i izdelki se pona\u0161ajo z nizkim podnebnim odtisom in vrhunsko okoljsko u\u010dinkovitostjo v ve\u010dini kategorij. Na\u0161 strate\u0161ki pristop \"Tesno sodelujemo s svojimi strankami in celotno vrednostno verigo, da bi spodbudili trajnostne inovacije. Na\u0161a zavezanost presega zgolj izpolnjevanje okoljskih predpisov; na\u0161 cilj je presegati te standarde in presegati pri\u010dakovanja strank [...]<\/p>","protected":false},"author":1,"featured_media":0,"parent":0,"menu_order":0,"comment_status":"closed","ping_status":"closed","template":"elementor_header_footer","meta":{"footnotes":""},"class_list":["post-3745","page","type-page","status-publish","hentry"],"_links":{"self":[{"href":"https:\/\/landu-china.com\/sl\/wp-json\/wp\/v2\/pages\/3745","targetHints":{"allow":["GET"]}}],"collection":[{"href":"https:\/\/landu-china.com\/sl\/wp-json\/wp\/v2\/pages"}],"about":[{"href":"https:\/\/landu-china.com\/sl\/wp-json\/wp\/v2\/types\/page"}],"author":[{"embeddable":true,"href":"https:\/\/landu-china.com\/sl\/wp-json\/wp\/v2\/users\/1"}],"replies":[{"embeddable":true,"href":"https:\/\/landu-china.com\/sl\/wp-json\/wp\/v2\/comments?post=3745"}],"version-history":[{"count":13,"href":"https:\/\/landu-china.com\/sl\/wp-json\/wp\/v2\/pages\/3745\/revisions"}],"predecessor-version":[{"id":3767,"href":"https:\/\/landu-china.com\/sl\/wp-json\/wp\/v2\/pages\/3745\/revisions\/3767"}],"wp:attachment":[{"href":"https:\/\/landu-china.com\/sl\/wp-json\/wp\/v2\/media?parent=3745"}],"curies":[{"name":"wp","href":"https:\/\/api.w.org\/{rel}","templated":true}]}}