{"id":13424,"date":"2024-10-19T13:40:37","date_gmt":"2024-10-19T05:40:37","guid":{"rendered":"https:\/\/landu-china.com\/?page_id=13424"},"modified":"2025-08-05T14:50:21","modified_gmt":"2025-08-05T06:50:21","slug":"predprodajne-storitve","status":"publish","type":"page","link":"https:\/\/landu-china.com\/sl\/storitve\/predprodajne-storitve\/","title":{"rendered":"Predprodajne storitve"},"content":{"rendered":"<div data-elementor-type=\"wp-page\" data-elementor-id=\"13424\" class=\"elementor elementor-13424\" data-elementor-post-type=\"page\">\n\t\t\t\t<div class=\"elementor-element elementor-element-fc15d14 e-flex e-con-boxed e-con e-parent\" data-id=\"fc15d14\" data-element_type=\"container\" data-settings=\"{&quot;background_background&quot;:&quot;classic&quot;,&quot;ekit_has_onepagescroll_dot&quot;:&quot;yes&quot;}\">\n\t\t\t\t\t<div class=\"e-con-inner\">\n\t\t<div class=\"elementor-element elementor-element-d29a8f3 e-con-full e-flex elementor-invisible e-con e-child\" data-id=\"d29a8f3\" data-element_type=\"container\" data-settings=\"{&quot;animation&quot;:&quot;fadeInUp&quot;,&quot;ekit_has_onepagescroll_dot&quot;:&quot;yes&quot;}\">\n\t\t\t\t<div class=\"elementor-element elementor-element-0e79d78 elementor-widget elementor-widget-heading\" data-id=\"0e79d78\" data-element_type=\"widget\" data-settings=\"{&quot;ekit_we_effect_on&quot;:&quot;none&quot;}\" data-widget_type=\"heading.default\">\n\t\t\t\t<div class=\"elementor-widget-container\">\n\t\t\t\t\t<h1 class=\"elementor-heading-title elementor-size-default\">Predprodajne storitve<\/h1>\t\t\t\t<\/div>\n\t\t\t\t<\/div>\n\t\t\t\t<div class=\"elementor-element elementor-element-c04a8cb elementor-widget elementor-widget-elementskit-breadcrumb\" data-id=\"c04a8cb\" data-element_type=\"widget\" data-settings=\"{&quot;ekit_we_effect_on&quot;:&quot;none&quot;}\" data-widget_type=\"elementskit-breadcrumb.default\">\n\t\t\t\t<div class=\"elementor-widget-container\">\n\t\t\t\t\t<div class=\"ekit-wid-con\" ><ol class=\"ekit-breadcrumb\"><li class=\"ekit_breadcrumbs_start\"><a href=\"https:\/\/landu-china.com\/sl\">Domov<\/a><\/li><\/ol><\/div>\t\t\t\t<\/div>\n\t\t\t\t<\/div>\n\t\t\t\t<\/div>\n\t\t\t\t\t<\/div>\n\t\t\t\t<\/div>\n\t\t\t\t<section class=\"elementor-section elementor-top-section elementor-element elementor-element-5462d86f elementor-section-boxed elementor-section-height-default elementor-section-height-default\" data-id=\"5462d86f\" data-element_type=\"section\" data-settings=\"{&quot;ekit_has_onepagescroll_dot&quot;:&quot;yes&quot;}\">\n\t\t\t\t\t\t<div class=\"elementor-container elementor-column-gap-default\">\n\t\t\t\t\t<div class=\"elementor-column elementor-col-100 elementor-top-column elementor-element elementor-element-53d0d340\" data-id=\"53d0d340\" data-element_type=\"column\">\n\t\t\t<div class=\"elementor-widget-wrap elementor-element-populated\">\n\t\t\t\t\t\t<div class=\"elementor-element elementor-element-58911ef4 elementor-widget-divider--view-line elementor-invisible elementor-widget elementor-widget-divider\" data-id=\"58911ef4\" data-element_type=\"widget\" data-settings=\"{&quot;_animation&quot;:&quot;fadeIn&quot;,&quot;ekit_we_effect_on&quot;:&quot;none&quot;}\" data-widget_type=\"divider.default\">\n\t\t\t\t<div class=\"elementor-widget-container\">\n\t\t\t\t\t\t\t<div class=\"elementor-divider\">\n\t\t\t<span class=\"elementor-divider-separator\">\n\t\t\t\t\t\t<\/span>\n\t\t<\/div>\n\t\t\t\t\t\t<\/div>\n\t\t\t\t<\/div>\n\t\t\t\t\t<\/div>\n\t\t<\/div>\n\t\t\t\t\t<\/div>\n\t\t<\/section>\n\t\t<div class=\"elementor-element elementor-element-1cb48eb5 e-flex e-con-boxed e-con e-parent\" data-id=\"1cb48eb5\" data-element_type=\"container\" data-settings=\"{&quot;background_background&quot;:&quot;classic&quot;,&quot;ekit_has_onepagescroll_dot&quot;:&quot;yes&quot;}\">\n\t\t\t\t\t<div class=\"e-con-inner\">\n\t\t<div class=\"elementor-element elementor-element-201162da e-con-full e-flex e-con e-child\" data-id=\"201162da\" data-element_type=\"container\" data-settings=\"{&quot;ekit_has_onepagescroll_dot&quot;:&quot;yes&quot;}\">\n\t\t<div class=\"elementor-element elementor-element-5ab87104 e-con-full e-flex elementor-invisible e-con e-child\" data-id=\"5ab87104\" data-element_type=\"container\" data-settings=\"{&quot;animation&quot;:&quot;fadeInLeft&quot;,&quot;ekit_has_onepagescroll_dot&quot;:&quot;yes&quot;}\">\n\t\t<div class=\"elementor-element elementor-element-11ea9489 e-con-full e-flex e-con e-child\" data-id=\"11ea9489\" data-element_type=\"container\" data-settings=\"{&quot;ekit_has_onepagescroll_dot&quot;:&quot;yes&quot;}\">\n\t\t<div class=\"elementor-element elementor-element-6ef743a8 e-con-full e-flex e-con e-child\" data-id=\"6ef743a8\" data-element_type=\"container\" data-settings=\"{&quot;background_background&quot;:&quot;classic&quot;,&quot;ekit_has_onepagescroll_dot&quot;:&quot;yes&quot;}\">\n\t\t\t\t<div class=\"elementor-element elementor-element-6982c310 elementor-widget elementor-widget-heading\" data-id=\"6982c310\" data-element_type=\"widget\" data-settings=\"{&quot;ekit_we_effect_on&quot;:&quot;none&quot;}\" data-widget_type=\"heading.default\">\n\t\t\t\t<div class=\"elementor-widget-container\">\n\t\t\t\t\t<h6 class=\"elementor-heading-title elementor-size-default\">1.Technical strokovno znanje in prilagajanje<\/h6>\t\t\t\t<\/div>\n\t\t\t\t<\/div>\n\t\t\t\t<div class=\"elementor-element elementor-element-351c56b elementor-widget elementor-widget-text-editor\" data-id=\"351c56b\" data-element_type=\"widget\" data-settings=\"{&quot;ekit_we_effect_on&quot;:&quot;none&quot;}\" data-widget_type=\"text-editor.default\">\n\t\t\t\t<div class=\"elementor-widget-container\">\n\t\t\t\t\t\t\t\t\t<p>Srce predprodajnih storitev podjetja LANDU je na\u0161e tehni\u010dno svetovanje. Na\u0161i strokovni svetovalci tesno sodelujejo s strankami pri izbiri najprimernej\u0161ega celuloznega etra ali drugih izdelkov glede na posebne potrebe stranke (npr. gradbeni\u0161tvo, proizvodnja barv ali druge industrije).<\/p><p>Ta osebni pristop se razteza tudi na prilagajanje izdelkov. LANDU zagotavlja prilagodljivost specifikacij izdelka (viskoznost, topnost, \u010das odprtja itd.) glede na zahteve strank.<\/p>\t\t\t\t\t\t\t\t<\/div>\n\t\t\t\t<\/div>\n\t\t\t\t<\/div>\n\t\t\t\t<\/div>\n\t\t<div class=\"elementor-element elementor-element-62386b4 e-con-full e-flex e-con e-child\" data-id=\"62386b4\" data-element_type=\"container\" data-settings=\"{&quot;ekit_has_onepagescroll_dot&quot;:&quot;yes&quot;}\">\n\t\t<div class=\"elementor-element elementor-element-a77aec4 e-con-full e-flex e-con e-child\" data-id=\"a77aec4\" data-element_type=\"container\" data-settings=\"{&quot;background_background&quot;:&quot;classic&quot;,&quot;ekit_has_onepagescroll_dot&quot;:&quot;yes&quot;}\">\n\t\t\t\t<div class=\"elementor-element elementor-element-184f33b elementor-widget elementor-widget-heading\" data-id=\"184f33b\" data-element_type=\"widget\" data-settings=\"{&quot;ekit_we_effect_on&quot;:&quot;none&quot;}\" data-widget_type=\"heading.default\">\n\t\t\t\t<div class=\"elementor-widget-container\">\n\t\t\t\t\t<h6 class=\"elementor-heading-title elementor-size-default\">2.Brezpla\u010dni vzorci in presku\u0161anje zmogljivosti<\/h6>\t\t\t\t<\/div>\n\t\t\t\t<\/div>\n\t\t\t\t<div class=\"elementor-element elementor-element-c66708f elementor-widget elementor-widget-text-editor\" data-id=\"c66708f\" data-element_type=\"widget\" data-settings=\"{&quot;ekit_we_effect_on&quot;:&quot;none&quot;}\" data-widget_type=\"text-editor.default\">\n\t\t\t\t<div class=\"elementor-widget-container\">\n\t\t\t\t\t\t\t\t\t<p>LANDU presega teoreti\u010dne nasvete in strankam ponuja brezpla\u010dne vzorce izdelkov, ki jih lahko preizkusijo in ocenijo v svojih aplikacijah. Ti vzorci so opremljeni z iz\u010drpnim vodnikom za testiranje in navodili za uporabo, kar zagotavlja natan\u010dne rezultate testiranja.<\/p><p>Za bolj poglobljeno analizo LANDU z veseljem preizkusi izdelke v na\u0161em laboratoriju ter pripravi podrobna poro\u010dila o delovanju in priporo\u010dila.<\/p>\t\t\t\t\t\t\t\t<\/div>\n\t\t\t\t<\/div>\n\t\t\t\t<\/div>\n\t\t\t\t<\/div>\n\t\t\t\t<\/div>\n\t\t<div class=\"elementor-element elementor-element-7395a7c0 e-con-full e-flex elementor-invisible e-con e-child\" data-id=\"7395a7c0\" data-element_type=\"container\" data-settings=\"{&quot;animation&quot;:&quot;fadeInRight&quot;,&quot;ekit_has_onepagescroll_dot&quot;:&quot;yes&quot;}\">\n\t\t\t\t<div class=\"elementor-element elementor-element-39d16225 elementor-widget elementor-widget-image\" data-id=\"39d16225\" data-element_type=\"widget\" data-settings=\"{&quot;ekit_we_effect_on&quot;:&quot;none&quot;}\" data-widget_type=\"image.default\">\n\t\t\t\t<div class=\"elementor-widget-container\">\n\t\t\t\t\t\t\t\t\t\t\t\t\t\t\t<img fetchpriority=\"high\" decoding=\"async\" width=\"800\" height=\"533\" src=\"https:\/\/landu-china.com\/wp-content\/uploads\/2024\/10\/laboratory.webp\" class=\"elementor-animation-float attachment-full size-full wp-image-12055\" alt=\"laboratorij\" srcset=\"https:\/\/landu-china.com\/wp-content\/uploads\/2024\/10\/laboratory.webp 800w, https:\/\/landu-china.com\/wp-content\/uploads\/2024\/10\/laboratory-300x200.webp 300w, https:\/\/landu-china.com\/wp-content\/uploads\/2024\/10\/laboratory-768x512.webp 768w\" sizes=\"(max-width: 800px) 100vw, 800px\" \/>\t\t\t\t\t\t\t\t\t\t\t\t\t\t\t<\/div>\n\t\t\t\t<\/div>\n\t\t\t\t<div class=\"elementor-element elementor-element-bd3c3a0 elementor-align-center elementor-widget elementor-widget-button\" data-id=\"bd3c3a0\" data-element_type=\"widget\" data-settings=\"{&quot;ekit_we_effect_on&quot;:&quot;none&quot;}\" data-widget_type=\"button.default\">\n\t\t\t\t<div class=\"elementor-widget-container\">\n\t\t\t\t\t\t\t\t\t<div class=\"elementor-button-wrapper\">\n\t\t\t\t\t<a class=\"elementor-button elementor-button-link elementor-size-sm elementor-animation-float\" href=\"#elementor-action%3Aaction%3Dpopup%3Aopen%26settings%3DeyJpZCI6IjE1MTkiLCJ0b2dnbGUiOmZhbHNlfQ%3D%3D\">\n\t\t\t\t\t\t<span class=\"elementor-button-content-wrapper\">\n\t\t\t\t\t\t<span class=\"elementor-button-icon\">\n\t\t\t\t<svg aria-hidden=\"true\" class=\"e-font-icon-svg e-fas-angle-right\" viewbox=\"0 0 256 512\" xmlns=\"http:\/\/www.w3.org\/2000\/svg\"><path d=\"M224.3 273l-136 136c-9.4 9.4-24.6 9.4-33.9 0l-22.6-22.6c-9.4-9.4-9.4-24.6 0-33.9l96.4-96.4-96.4-96.4c-9.4-9.4-9.4-24.6 0-33.9L54.3 103c9.4-9.4 24.6-9.4 33.9 0l136 136c9.5 9.4 9.5 24.6.1 34z\"><\/path><\/svg>\t\t\t<\/span>\n\t\t\t\t\t\t\t\t\t<span class=\"elementor-button-text\">Takoj se obrnite na na\u0161e strokovnjake<\/span>\n\t\t\t\t\t<\/span>\n\t\t\t\t\t<\/a>\n\t\t\t\t<\/div>\n\t\t\t\t\t\t\t\t<\/div>\n\t\t\t\t<\/div>\n\t\t\t\t<\/div>\n\t\t\t\t<\/div>\n\t\t\t\t\t<\/div>\n\t\t\t\t<\/div>\n\t\t<div class=\"elementor-element elementor-element-10a3e00 e-flex e-con-boxed e-con e-parent\" data-id=\"10a3e00\" data-element_type=\"container\" data-settings=\"{&quot;ekit_has_onepagescroll_dot&quot;:&quot;yes&quot;}\">\n\t\t\t\t\t<div class=\"e-con-inner\">\n\t\t<div class=\"elementor-element elementor-element-94b43c3 e-grid e-con-full e-con e-child\" data-id=\"94b43c3\" data-element_type=\"container\" data-settings=\"{&quot;ekit_has_onepagescroll_dot&quot;:&quot;yes&quot;}\">\n\t\t<div class=\"elementor-element elementor-element-009bd7c e-con-full e-flex e-con e-child\" data-id=\"009bd7c\" data-element_type=\"container\" data-settings=\"{&quot;background_background&quot;:&quot;classic&quot;,&quot;ekit_has_onepagescroll_dot&quot;:&quot;yes&quot;}\">\n\t\t\t\t<div class=\"elementor-element elementor-element-2872de3 elementor-widget elementor-widget-heading\" data-id=\"2872de3\" data-element_type=\"widget\" data-settings=\"{&quot;ekit_we_effect_on&quot;:&quot;none&quot;}\" data-widget_type=\"heading.default\">\n\t\t\t\t<div class=\"elementor-widget-container\">\n\t\t\t\t\t<h6 class=\"elementor-heading-title elementor-size-default\">3.Izmenjava znanja in dokumentacija<\/h6>\t\t\t\t<\/div>\n\t\t\t\t<\/div>\n\t\t\t\t<div class=\"elementor-element elementor-element-4ef6c3a elementor-widget elementor-widget-text-editor\" data-id=\"4ef6c3a\" data-element_type=\"widget\" data-settings=\"{&quot;ekit_we_effect_on&quot;:&quot;none&quot;}\" data-widget_type=\"text-editor.default\">\n\t\t\t\t<div class=\"elementor-widget-container\">\n\t\t\t\t\t\t\t\t\t<p>LANDU organizira delavnice, spletne seminarje ali usposabljanja na kraju samem, da bi stranke pou\u010dil o uporabi in prednostih celuloznega etra ali RDP.\u00a0<\/p><p>To zavezo podpira tudi obse\u017ena dokumentacija o izdelkih, vklju\u010dno s podrobnimi podatkovnimi listi (TDS), varnostnimi listi (SDS) in potrdili o analizi (COA) za vsak izdelek.<\/p>\t\t\t\t\t\t\t\t<\/div>\n\t\t\t\t<\/div>\n\t\t\t\t<\/div>\n\t\t<div class=\"elementor-element elementor-element-d31ba6b e-con-full e-flex e-con e-child\" data-id=\"d31ba6b\" data-element_type=\"container\" data-settings=\"{&quot;background_background&quot;:&quot;classic&quot;,&quot;ekit_has_onepagescroll_dot&quot;:&quot;yes&quot;}\">\n\t\t\t\t<div class=\"elementor-element elementor-element-4b476b4 elementor-widget elementor-widget-heading\" data-id=\"4b476b4\" data-element_type=\"widget\" data-settings=\"{&quot;ekit_we_effect_on&quot;:&quot;none&quot;}\" data-widget_type=\"heading.default\">\n\t\t\t\t<div class=\"elementor-widget-container\">\n\t\t\t\t\t<h6 class=\"elementor-heading-title elementor-size-default\">4.Vpogledi v industrijo in hitra podpora<\/h6>\t\t\t\t<\/div>\n\t\t\t\t<\/div>\n\t\t\t\t<div class=\"elementor-element elementor-element-6c5d4dc elementor-widget elementor-widget-text-editor\" data-id=\"6c5d4dc\" data-element_type=\"widget\" data-settings=\"{&quot;ekit_we_effect_on&quot;:&quot;none&quot;}\" data-widget_type=\"text-editor.default\">\n\t\t\t\t<div class=\"elementor-widget-container\">\n\t\t\t\t\t\t\t\t\t<p>Podjetje LANDU se zaveda pomena pravo\u010dasne dostave, zato poskrbi za vso logistiko, vklju\u010dno z mednarodnim prevozom in carinsko dokumentacijo.<\/p><p>Pozornost do podrobnosti se nana\u0161a tudi na na\u0161 pristop k partnerstvom, saj strankam, ki si \u017eelijo dolgoro\u010dnega sodelovanja, ponujamo prilo\u017enosti za skupni razvoj in prilagodljive pogoje.<\/p>\t\t\t\t\t\t\t\t<\/div>\n\t\t\t\t<\/div>\n\t\t\t\t<\/div>\n\t\t<div class=\"elementor-element elementor-element-e0e8cf4 e-con-full e-flex e-con e-child\" data-id=\"e0e8cf4\" data-element_type=\"container\" data-settings=\"{&quot;background_background&quot;:&quot;classic&quot;,&quot;ekit_has_onepagescroll_dot&quot;:&quot;yes&quot;}\">\n\t\t\t\t<div class=\"elementor-element elementor-element-0b3a1f8 elementor-widget elementor-widget-heading\" data-id=\"0b3a1f8\" data-element_type=\"widget\" data-settings=\"{&quot;ekit_we_effect_on&quot;:&quot;none&quot;}\" data-widget_type=\"heading.default\">\n\t\t\t\t<div class=\"elementor-widget-container\">\n\t\t\t\t\t<h6 class=\"elementor-heading-title elementor-size-default\">5.Logistika in vzpostavljanje partnerstev<\/h6>\t\t\t\t<\/div>\n\t\t\t\t<\/div>\n\t\t\t\t<div class=\"elementor-element elementor-element-3f1a3ba elementor-widget elementor-widget-text-editor\" data-id=\"3f1a3ba\" data-element_type=\"widget\" data-settings=\"{&quot;ekit_we_effect_on&quot;:&quot;none&quot;}\" data-widget_type=\"text-editor.default\">\n\t\t\t\t<div class=\"elementor-widget-container\">\n\t\t\t\t\t\t\t\t\t<p>Podjetje LANDU se zaveda pomena pravo\u010dasne dostave, zato poskrbi za vso logistiko, vklju\u010dno z mednarodnim prevozom in carinsko dokumentacijo.<\/p><p>Pozornost do podrobnosti se nana\u0161a tudi na na\u0161 pristop k partnerstvom, saj strankam, ki si \u017eelijo dolgoro\u010dnega sodelovanja, ponujamo prilo\u017enosti za skupni razvoj in prilagodljive pogoje.<\/p>\t\t\t\t\t\t\t\t<\/div>\n\t\t\t\t<\/div>\n\t\t\t\t<\/div>\n\t\t\t\t<\/div>\n\t\t\t\t\t<\/div>\n\t\t\t\t<\/div>\n\t\t<div class=\"elementor-element elementor-element-79d5593 e-flex e-con-boxed e-con e-parent\" data-id=\"79d5593\" data-element_type=\"container\" data-settings=\"{&quot;ekit_has_onepagescroll_dot&quot;:&quot;yes&quot;}\">\n\t\t\t\t\t<div class=\"e-con-inner\">\n\t\t\t\t<div class=\"elementor-element elementor-element-009cd61 elementor-widget elementor-widget-text-editor\" data-id=\"009cd61\" data-element_type=\"widget\" data-settings=\"{&quot;ekit_we_effect_on&quot;:&quot;none&quot;}\" data-widget_type=\"text-editor.default\">\n\t\t\t\t<div class=\"elementor-widget-container\">\n\t\t\t\t\t\t\t\t\t<p>S ponudbo celovitega sklopa predprodajnih storitev podjetje LANDU dokazuje svojo zavezanost uspehu strank in se postavlja kot zaupanja vreden partner. Na\u0161 pristop vam pomaga pri sprejemanju informiranih odlo\u010ditev in postavlja temelje za trajne poslovne odnose, ki temeljijo na strokovnem znanju, kakovosti in podpori.<\/p>\t\t\t\t\t\t\t\t<\/div>\n\t\t\t\t<\/div>\n\t\t\t\t\t<\/div>\n\t\t\t\t<\/div>\n\t\t\t\t<\/div>","protected":false},"excerpt":{"rendered":"<p>Predprodajne storitve Domov 1.Tehni\u010dno znanje in prilagajanje Osrednji del predprodajnih storitev podjetja LANDU je na\u0161e tehni\u010dno svetovanje. Na\u0161i strokovni svetovalci tesno sodelujejo s strankami pri izbiri najprimernej\u0161ega celuloznega etra ali drugih izdelkov na podlagi posebnih potreb stranke (npr. gradbeni\u0161tvo, proizvodnja barv ali druge industrije). Ta osebni pristop zajema tudi prilagajanje izdelkov. LANDU [...]<\/p>","protected":false},"author":1,"featured_media":0,"parent":344,"menu_order":0,"comment_status":"closed","ping_status":"closed","template":"elementor_header_footer","meta":{"footnotes":""},"class_list":["post-13424","page","type-page","status-publish","hentry"],"_links":{"self":[{"href":"https:\/\/landu-china.com\/sl\/wp-json\/wp\/v2\/pages\/13424","targetHints":{"allow":["GET"]}}],"collection":[{"href":"https:\/\/landu-china.com\/sl\/wp-json\/wp\/v2\/pages"}],"about":[{"href":"https:\/\/landu-china.com\/sl\/wp-json\/wp\/v2\/types\/page"}],"author":[{"embeddable":true,"href":"https:\/\/landu-china.com\/sl\/wp-json\/wp\/v2\/users\/1"}],"replies":[{"embeddable":true,"href":"https:\/\/landu-china.com\/sl\/wp-json\/wp\/v2\/comments?post=13424"}],"version-history":[{"count":37,"href":"https:\/\/landu-china.com\/sl\/wp-json\/wp\/v2\/pages\/13424\/revisions"}],"predecessor-version":[{"id":22915,"href":"https:\/\/landu-china.com\/sl\/wp-json\/wp\/v2\/pages\/13424\/revisions\/22915"}],"up":[{"embeddable":true,"href":"https:\/\/landu-china.com\/sl\/wp-json\/wp\/v2\/pages\/344"}],"wp:attachment":[{"href":"https:\/\/landu-china.com\/sl\/wp-json\/wp\/v2\/media?parent=13424"}],"curies":[{"name":"wp","href":"https:\/\/api.w.org\/{rel}","templated":true}]}}