{"id":388,"date":"2024-06-17T17:29:17","date_gmt":"2024-06-17T09:29:17","guid":{"rendered":"https:\/\/landu-china.com\/?page_id=388"},"modified":"2024-11-26T10:14:08","modified_gmt":"2024-11-26T02:14:08","slug":"sluzby-tykajuce-sa-eteru-celulozy","status":"publish","type":"page","link":"https:\/\/landu-china.com\/sk\/sluzby-tykajuce-sa-eteru-celulozy\/","title":{"rendered":"Slu\u017eby celul\u00f3zov\u00e9ho \u00e9teru"},"content":{"rendered":"<div data-elementor-type=\"wp-page\" data-elementor-id=\"388\" class=\"elementor elementor-388\" data-elementor-post-type=\"page\">\n\t\t\t\t<div class=\"elementor-element elementor-element-f81d54a e-flex e-con-boxed e-con e-parent\" data-id=\"f81d54a\" data-element_type=\"container\" data-settings=\"{&quot;background_background&quot;:&quot;classic&quot;,&quot;ekit_has_onepagescroll_dot&quot;:&quot;yes&quot;}\">\n\t\t\t\t\t<div class=\"e-con-inner\">\n\t\t\t\t<div class=\"elementor-element elementor-element-b3a9adb elementor-widget__width-initial elementor-widget elementor-widget-heading\" data-id=\"b3a9adb\" data-element_type=\"widget\" data-settings=\"{&quot;ekit_we_effect_on&quot;:&quot;none&quot;}\" data-widget_type=\"heading.default\">\n\t\t\t\t<div class=\"elementor-widget-container\">\n\t\t\t\t\t<h1 class=\"elementor-heading-title elementor-size-default\">Slu\u017eby celul\u00f3zov\u00e9ho \u00e9teru<\/h1>\t\t\t\t<\/div>\n\t\t\t\t<\/div>\n\t\t\t\t<div class=\"elementor-element elementor-element-28586f2 elementor-widget__width-initial elementor-widget elementor-widget-text-editor\" data-id=\"28586f2\" data-element_type=\"widget\" data-settings=\"{&quot;ekit_we_effect_on&quot;:&quot;none&quot;}\" data-widget_type=\"text-editor.default\">\n\t\t\t\t<div class=\"elementor-widget-container\">\n\t\t\t\t\t\t\t\t\t<p>Spolo\u010dnos\u0165 LANDU je celosvetovo uzn\u00e1van\u00fdm l\u00eddrom v oblasti slu\u017eieb celul\u00f3zovej technol\u00f3gie, ktor\u00fd sa \u0161pecializuje na glob\u00e1lne technick\u00e9 rie\u0161enia.<\/p>\t\t\t\t\t\t\t\t<\/div>\n\t\t\t\t<\/div>\n\t\t\t\t\t<\/div>\n\t\t\t\t<\/div>\n\t\t<div class=\"elementor-element elementor-element-7033ade e-flex e-con-boxed e-con e-parent\" data-id=\"7033ade\" data-element_type=\"container\" data-settings=\"{&quot;background_background&quot;:&quot;classic&quot;,&quot;ekit_has_onepagescroll_dot&quot;:&quot;yes&quot;}\">\n\t\t\t\t\t<div class=\"e-con-inner\">\n\t\t<div class=\"elementor-element elementor-element-228ad11 e-con-full e-flex e-con e-child\" data-id=\"228ad11\" data-element_type=\"container\" data-settings=\"{&quot;ekit_has_onepagescroll_dot&quot;:&quot;yes&quot;}\">\n\t\t\t\t<div class=\"elementor-element elementor-element-3fb3201 elementor-widget elementor-widget-heading\" data-id=\"3fb3201\" data-element_type=\"widget\" data-settings=\"{&quot;ekit_we_effect_on&quot;:&quot;none&quot;}\" data-widget_type=\"heading.default\">\n\t\t\t\t<div class=\"elementor-widget-container\">\n\t\t\t\t\t<h2 class=\"elementor-heading-title elementor-size-default\">\nO LANDU<\/h2>\t\t\t\t<\/div>\n\t\t\t\t<\/div>\n\t\t\t\t<div class=\"elementor-element elementor-element-9416f12 elementor-widget elementor-widget-image\" data-id=\"9416f12\" data-element_type=\"widget\" data-settings=\"{&quot;ekit_we_effect_on&quot;:&quot;none&quot;}\" data-widget_type=\"image.default\">\n\t\t\t\t<div class=\"elementor-widget-container\">\n\t\t\t\t\t\t\t\t\t\t\t\t\t\t\t<img decoding=\"async\" width=\"55\" height=\"9\" src=\"https:\/\/landu-china.com\/wp-content\/uploads\/2024\/06\/\u8d44\u6e90-1.png\" class=\"attachment-large size-large wp-image-87\" alt=\"\" \/>\t\t\t\t\t\t\t\t\t\t\t\t\t\t\t<\/div>\n\t\t\t\t<\/div>\n\t\t\t\t<div class=\"elementor-element elementor-element-e760586 elementor-widget__width-initial elementor-view-default elementor-position-top elementor-mobile-position-top elementor-widget elementor-widget-icon-box\" data-id=\"e760586\" data-element_type=\"widget\" data-settings=\"{&quot;ekit_we_effect_on&quot;:&quot;none&quot;}\" data-widget_type=\"icon-box.default\">\n\t\t\t\t<div class=\"elementor-widget-container\">\n\t\t\t\t\t\t\t<div class=\"elementor-icon-box-wrapper\">\n\n\t\t\t\t\t\t<div class=\"elementor-icon-box-icon\">\n\t\t\t\t<span  class=\"elementor-icon\">\n\t\t\t\t<i aria-hidden=\"true\" class=\"icon icon-quote1\"><\/i>\t\t\t\t<\/span>\n\t\t\t<\/div>\n\t\t\t\n\t\t\t\t\t\t<div class=\"elementor-icon-box-content\">\n\n\t\t\t\t\n\t\t\t\t\t\t\t\t\t<p class=\"elementor-icon-box-description\">\n\t\t\t\t\t\tLANDU je popredn\u00fd high-tech podnik so s\u00eddlom v provincii \u0160an-tung, ktor\u00fd je na \u010dele \u0161pi\u010dkov\u00e9ho v\u00fdskumu, v\u00fdvoja a v\u00fdroby v oblasti stavebn\u00fdch materi\u00e1lov.\t\t\t\t\t<\/p>\n\t\t\t\t\n\t\t\t<\/div>\n\t\t\t\n\t\t<\/div>\n\t\t\t\t\t\t<\/div>\n\t\t\t\t<\/div>\n\t\t\t\t<\/div>\n\t\t<div class=\"elementor-element elementor-element-ac76562 e-con-full e-flex e-con e-child\" data-id=\"ac76562\" data-element_type=\"container\" data-settings=\"{&quot;ekit_has_onepagescroll_dot&quot;:&quot;yes&quot;}\">\n\t\t\t\t<div class=\"elementor-element elementor-element-6606622 elementor-widget elementor-widget-text-editor\" data-id=\"6606622\" data-element_type=\"widget\" data-settings=\"{&quot;ekit_we_effect_on&quot;:&quot;none&quot;}\" data-widget_type=\"text-editor.default\">\n\t\t\t\t<div class=\"elementor-widget-container\">\n\t\t\t\t\t\t\t\t\t<p>LANDU m\u00e1 viac ako 20 rokov rozsiahlych sk\u00fasenost\u00ed vo viacer\u00fdch odboroch vr\u00e1tane v\u00fdroby celul\u00f3zy, v\u00fdskumu a v\u00fdvoja, ch\u00e9mie a anal\u00fdzy \u00fadajov. \u00dazko spolupracujeme s klientmi pri realiz\u00e1cii projektov vytv\u00e1rania hodn\u00f4t, ako s\u00fa anal\u00fdzy produktivity, \u0161koliace semin\u00e1re, v\u00fdvoj nov\u00fdch v\u00fdrobkov a du\u00e1lne certifik\u00e1cie. Okrem toho pom\u00e1hame spolo\u010dnosti LANDU pri v\u00fdrobe, kontrole kvality, logistike a v\u00fdskume a v\u00fdvoji s cie\u013eom zabezpe\u010di\u0165 splnenie alebo prekro\u010denie po\u017eiadaviek z\u00e1kazn\u00edkov.<\/p>\t\t\t\t\t\t\t\t<\/div>\n\t\t\t\t<\/div>\n\t\t<div class=\"elementor-element elementor-element-dc52784 e-flex e-con-boxed e-con e-child\" data-id=\"dc52784\" data-element_type=\"container\" data-settings=\"{&quot;ekit_has_onepagescroll_dot&quot;:&quot;yes&quot;}\">\n\t\t\t\t\t<div class=\"e-con-inner\">\n\t\t\t\t<div class=\"elementor-element elementor-element-43a8fcb elementor-widget__width-initial elementor-widget elementor-widget-image\" data-id=\"43a8fcb\" data-element_type=\"widget\" data-settings=\"{&quot;ekit_we_effect_on&quot;:&quot;none&quot;}\" data-widget_type=\"image.default\">\n\t\t\t\t<div class=\"elementor-widget-container\">\n\t\t\t\t\t\t\t\t\t\t\t\t\t\t\t<img fetchpriority=\"high\" decoding=\"async\" width=\"800\" height=\"600\" src=\"https:\/\/landu-china.com\/wp-content\/uploads\/2024\/06\/minimal-abstract-composition-1024x768.webp\" class=\"attachment-large size-large wp-image-399\" alt=\"\" srcset=\"https:\/\/landu-china.com\/wp-content\/uploads\/2024\/06\/minimal-abstract-composition-1024x768.webp 1024w, https:\/\/landu-china.com\/wp-content\/uploads\/2024\/06\/minimal-abstract-composition-300x225.webp 300w, https:\/\/landu-china.com\/wp-content\/uploads\/2024\/06\/minimal-abstract-composition-768x576.webp 768w, https:\/\/landu-china.com\/wp-content\/uploads\/2024\/06\/minimal-abstract-composition-1536x1152.webp 1536w, https:\/\/landu-china.com\/wp-content\/uploads\/2024\/06\/minimal-abstract-composition.webp 1600w\" sizes=\"(max-width: 800px) 100vw, 800px\" \/>\t\t\t\t\t\t\t\t\t\t\t\t\t\t\t<\/div>\n\t\t\t\t<\/div>\n\t\t\t\t<div class=\"elementor-element elementor-element-8afd56b elementor-widget__width-initial elementor-widget elementor-widget-image\" data-id=\"8afd56b\" data-element_type=\"widget\" data-settings=\"{&quot;ekit_we_effect_on&quot;:&quot;none&quot;}\" data-widget_type=\"image.default\">\n\t\t\t\t<div class=\"elementor-widget-container\">\n\t\t\t\t\t\t\t\t\t\t\t\t\t\t\t<img decoding=\"async\" width=\"800\" height=\"534\" src=\"https:\/\/landu-china.com\/wp-content\/uploads\/2024\/06\/office-building-1024x684.webp\" class=\"attachment-large size-large wp-image-400\" alt=\"\" srcset=\"https:\/\/landu-china.com\/wp-content\/uploads\/2024\/06\/office-building-1024x684.webp 1024w, https:\/\/landu-china.com\/wp-content\/uploads\/2024\/06\/office-building-300x200.webp 300w, https:\/\/landu-china.com\/wp-content\/uploads\/2024\/06\/office-building-768x513.webp 768w, https:\/\/landu-china.com\/wp-content\/uploads\/2024\/06\/office-building-1536x1025.webp 1536w, https:\/\/landu-china.com\/wp-content\/uploads\/2024\/06\/office-building.webp 1600w\" sizes=\"(max-width: 800px) 100vw, 800px\" \/>\t\t\t\t\t\t\t\t\t\t\t\t\t\t\t<\/div>\n\t\t\t\t<\/div>\n\t\t\t\t\t<\/div>\n\t\t\t\t<\/div>\n\t\t\t\t<\/div>\n\t\t\t\t\t<\/div>\n\t\t\t\t<\/div>\n\t\t<div class=\"elementor-element elementor-element-60bbfdb e-flex e-con-boxed e-con e-parent\" data-id=\"60bbfdb\" data-element_type=\"container\" data-settings=\"{&quot;ekit_has_onepagescroll_dot&quot;:&quot;yes&quot;}\">\n\t\t\t\t\t<div class=\"e-con-inner\">\n\t\t<div class=\"elementor-element elementor-element-ce29f0f e-flex e-con-boxed e-con e-child\" data-id=\"ce29f0f\" data-element_type=\"container\" data-settings=\"{&quot;background_background&quot;:&quot;classic&quot;,&quot;ekit_has_onepagescroll_dot&quot;:&quot;yes&quot;}\">\n\t\t\t\t\t<div class=\"e-con-inner\">\n\t\t\t\t<div class=\"elementor-element elementor-element-78cfdf1 elementor-widget elementor-widget-image\" data-id=\"78cfdf1\" data-element_type=\"widget\" data-settings=\"{&quot;ekit_we_effect_on&quot;:&quot;none&quot;}\" data-widget_type=\"image.default\">\n\t\t\t\t<div class=\"elementor-widget-container\">\n\t\t\t\t\t\t\t\t\t\t\t\t\t\t\t<img loading=\"lazy\" decoding=\"async\" width=\"532\" height=\"108\" src=\"https:\/\/landu-china.com\/wp-content\/uploads\/2024\/06\/Landercoll.png\" class=\"attachment-large size-large wp-image-402\" alt=\"\" srcset=\"https:\/\/landu-china.com\/wp-content\/uploads\/2024\/06\/Landercoll.png 532w, https:\/\/landu-china.com\/wp-content\/uploads\/2024\/06\/Landercoll-300x61.png 300w\" sizes=\"(max-width: 532px) 100vw, 532px\" \/>\t\t\t\t\t\t\t\t\t\t\t\t\t\t\t<\/div>\n\t\t\t\t<\/div>\n\t\t\t\t<div class=\"elementor-element elementor-element-de3bd7a elementor-widget elementor-widget-heading\" data-id=\"de3bd7a\" data-element_type=\"widget\" data-settings=\"{&quot;ekit_we_effect_on&quot;:&quot;none&quot;}\" data-widget_type=\"heading.default\">\n\t\t\t\t<div class=\"elementor-widget-container\">\n\t\t\t\t\t<h2 class=\"elementor-heading-title elementor-size-default\">Pr\u00edrodn\u00fd polym\u00e9r z\u00edskan\u00fd z dreva alebo bavlnen\u00fdch vl\u00e1kien<\/h2>\t\t\t\t<\/div>\n\t\t\t\t<\/div>\n\t\t\t\t<div class=\"elementor-element elementor-element-736f608 elementor-align-center elementor-widget elementor-widget-button\" data-id=\"736f608\" data-element_type=\"widget\" data-settings=\"{&quot;ekit_we_effect_on&quot;:&quot;none&quot;}\" data-widget_type=\"button.default\">\n\t\t\t\t<div class=\"elementor-widget-container\">\n\t\t\t\t\t\t\t\t\t<div class=\"elementor-button-wrapper\">\n\t\t\t\t\t<a class=\"elementor-button elementor-button-link elementor-size-sm\" href=\"https:\/\/landu-china.com\/sk\/produkty\/celuloza-landercoll\/\" target=\"_blank\">\n\t\t\t\t\t\t<span class=\"elementor-button-content-wrapper\">\n\t\t\t\t\t\t\t\t\t<span class=\"elementor-button-text\">Presk\u00fama\u0165 detail<\/span>\n\t\t\t\t\t<\/span>\n\t\t\t\t\t<\/a>\n\t\t\t\t<\/div>\n\t\t\t\t\t\t\t\t<\/div>\n\t\t\t\t<\/div>\n\t\t\t\t\t<\/div>\n\t\t\t\t<\/div>\n\t\t<div class=\"elementor-element elementor-element-3cb6093 e-flex e-con-boxed e-con e-child\" data-id=\"3cb6093\" data-element_type=\"container\" data-settings=\"{&quot;ekit_has_onepagescroll_dot&quot;:&quot;yes&quot;}\">\n\t\t\t\t\t<div class=\"e-con-inner\">\n\t\t\t\t<div class=\"elementor-element elementor-element-88ac030 elementor-widget elementor-widget-heading\" data-id=\"88ac030\" data-element_type=\"widget\" data-settings=\"{&quot;ekit_we_effect_on&quot;:&quot;none&quot;}\" data-widget_type=\"heading.default\">\n\t\t\t\t<div class=\"elementor-widget-container\">\n\t\t\t\t\t<h2 class=\"elementor-heading-title elementor-size-default\">Landercoll\u00ae<\/h2>\t\t\t\t<\/div>\n\t\t\t\t<\/div>\n\t\t\t\t<div class=\"elementor-element elementor-element-a3c3138 elementor-widget elementor-widget-image\" data-id=\"a3c3138\" data-element_type=\"widget\" data-settings=\"{&quot;ekit_we_effect_on&quot;:&quot;none&quot;}\" data-widget_type=\"image.default\">\n\t\t\t\t<div class=\"elementor-widget-container\">\n\t\t\t\t\t\t\t\t\t\t\t\t\t\t\t<img decoding=\"async\" width=\"55\" height=\"9\" src=\"https:\/\/landu-china.com\/wp-content\/uploads\/2024\/06\/\u8d44\u6e90-1.png\" class=\"attachment-large size-large wp-image-87\" alt=\"\" \/>\t\t\t\t\t\t\t\t\t\t\t\t\t\t\t<\/div>\n\t\t\t\t<\/div>\n\t\t\t\t<div class=\"elementor-element elementor-element-270af46 elementor-widget elementor-widget-heading\" data-id=\"270af46\" data-element_type=\"widget\" data-settings=\"{&quot;ekit_we_effect_on&quot;:&quot;none&quot;}\" data-widget_type=\"heading.default\">\n\t\t\t\t<div class=\"elementor-widget-container\">\n\t\t\t\t\t<h2 class=\"elementor-heading-title elementor-size-default\">Pr\u00edrodn\u00fd polym\u00e9r z\u00edskan\u00fd z dreva alebo bavlnen\u00fdch vl\u00e1kien<\/h2>\t\t\t\t<\/div>\n\t\t\t\t<\/div>\n\t\t\t\t<div class=\"elementor-element elementor-element-e9f3d54 elementor-widget elementor-widget-heading\" data-id=\"e9f3d54\" data-element_type=\"widget\" data-settings=\"{&quot;ekit_we_effect_on&quot;:&quot;none&quot;}\" data-widget_type=\"heading.default\">\n\t\t\t\t<div class=\"elementor-widget-container\">\n\t\t\t\t\t<h2 class=\"elementor-heading-title elementor-size-default\">Celul\u00f3za LANDU Landercoll\u00ae bola starostlivo vyvinut\u00e1 tak, aby poskytovala \u0161irok\u00fa \u0161k\u00e1lu vlastnost\u00ed.<\/h2>\t\t\t\t<\/div>\n\t\t\t\t<\/div>\n\t\t\t\t<div class=\"elementor-element elementor-element-d83e23e elementor-widget elementor-widget-text-editor\" data-id=\"d83e23e\" data-element_type=\"widget\" data-settings=\"{&quot;ekit_we_effect_on&quot;:&quot;none&quot;}\" data-widget_type=\"text-editor.default\">\n\t\t\t\t<div class=\"elementor-widget-container\">\n\t\t\t\t\t\t\t\t\t<ol><li><span class=\"elementor-icon-list-text\">Zv\u00fd\u0161en\u00e1 retencia vody<\/span><\/li><li><i class=\"material-icons md-check_circle\" aria-hidden=\"true\" data-md-icon=\"check_circle\"><\/i><span class=\"elementor-icon-list-text\">Zlep\u0161en\u00e1 spracovate\u013enos\u0165<\/span><\/li><li><i class=\"material-icons md-check_circle\" aria-hidden=\"true\" data-md-icon=\"check_circle\"><\/i><span class=\"elementor-icon-list-text\">Zv\u00fd\u0161en\u00e1 odolnos\u0165 proti prehnutiu<\/span><\/li><li><i class=\"material-icons md-check_circle\" aria-hidden=\"true\" data-md-icon=\"check_circle\"><\/i><span class=\"elementor-icon-list-text\">Pred\u013a\u017een\u00fd \u010das otvorenia<\/span><\/li><li><i class=\"material-icons md-check_circle\" aria-hidden=\"true\" data-md-icon=\"check_circle\"><\/i><span class=\"elementor-icon-list-text\">Zv\u00fd\u0161en\u00e1 pevnos\u0165 v \u0165ahu<\/span><\/li><\/ol>\t\t\t\t\t\t\t\t<\/div>\n\t\t\t\t<\/div>\n\t\t\t\t\t<\/div>\n\t\t\t\t<\/div>\n\t\t\t\t\t<\/div>\n\t\t\t\t<\/div>\n\t\t<div class=\"elementor-element elementor-element-384bdc8 e-flex e-con-boxed e-con e-parent\" data-id=\"384bdc8\" data-element_type=\"container\" data-settings=\"{&quot;background_background&quot;:&quot;classic&quot;,&quot;ekit_has_onepagescroll_dot&quot;:&quot;yes&quot;}\">\n\t\t\t\t\t<div class=\"e-con-inner\">\n\t\t<div class=\"elementor-element elementor-element-4778a52 e-flex e-con-boxed e-con e-child\" data-id=\"4778a52\" data-element_type=\"container\" data-settings=\"{&quot;ekit_has_onepagescroll_dot&quot;:&quot;yes&quot;}\">\n\t\t\t\t\t<div class=\"e-con-inner\">\n\t\t\t\t<div class=\"elementor-element elementor-element-5921843 elementor-widget elementor-widget-heading\" data-id=\"5921843\" data-element_type=\"widget\" data-settings=\"{&quot;ekit_we_effect_on&quot;:&quot;none&quot;}\" data-widget_type=\"heading.default\">\n\t\t\t\t<div class=\"elementor-widget-container\">\n\t\t\t\t\t<h2 class=\"elementor-heading-title elementor-size-default\">Presn\u00e9\u2122<\/h2>\t\t\t\t<\/div>\n\t\t\t\t<\/div>\n\t\t\t\t<div class=\"elementor-element elementor-element-79289cc elementor-widget elementor-widget-image\" data-id=\"79289cc\" data-element_type=\"widget\" data-settings=\"{&quot;ekit_we_effect_on&quot;:&quot;none&quot;}\" data-widget_type=\"image.default\">\n\t\t\t\t<div class=\"elementor-widget-container\">\n\t\t\t\t\t\t\t\t\t\t\t\t\t\t\t<img decoding=\"async\" width=\"55\" height=\"9\" src=\"https:\/\/landu-china.com\/wp-content\/uploads\/2024\/06\/\u8d44\u6e90-1.png\" class=\"attachment-large size-large wp-image-87\" alt=\"\" \/>\t\t\t\t\t\t\t\t\t\t\t\t\t\t\t<\/div>\n\t\t\t\t<\/div>\n\t\t\t\t<div class=\"elementor-element elementor-element-f4921ba elementor-widget elementor-widget-heading\" data-id=\"f4921ba\" data-element_type=\"widget\" data-settings=\"{&quot;ekit_we_effect_on&quot;:&quot;none&quot;}\" data-widget_type=\"heading.default\">\n\t\t\t\t<div class=\"elementor-widget-container\">\n\t\t\t\t\t<h2 class=\"elementor-heading-title elementor-size-default\">Ako inovat\u00edvna technol\u00f3gia Accurate\u2122 dop\u013a\u0148a na\u0161e existuj\u00face portf\u00f3lio celul\u00f3zy Landercoll\u00ae.<\/h2>\t\t\t\t<\/div>\n\t\t\t\t<\/div>\n\t\t\t\t<div class=\"elementor-element elementor-element-d76482b elementor-widget elementor-widget-heading\" data-id=\"d76482b\" data-element_type=\"widget\" data-settings=\"{&quot;ekit_we_effect_on&quot;:&quot;none&quot;}\" data-widget_type=\"heading.default\">\n\t\t\t\t<div class=\"elementor-widget-container\">\n\t\t\t\t\t<h2 class=\"elementor-heading-title elementor-size-default\">LANDU Accurate\u2122 redispergovate\u013en\u00fd polym\u00e9rny pr\u00e1\u0161ok je univerz\u00e1lna a inovat\u00edvna chemick\u00e1 pr\u00edsada, ktor\u00e1 zohr\u00e1va k\u013e\u00fa\u010dov\u00fa \u00falohu v r\u00f4znych priemyseln\u00fdch odvetviach, najm\u00e4 v stavebn\u00edctve a stavebn\u00fdch materi\u00e1loch.<\/h2>\t\t\t\t<\/div>\n\t\t\t\t<\/div>\n\t\t\t\t<div class=\"elementor-element elementor-element-1f427c7 elementor-widget elementor-widget-text-editor\" data-id=\"1f427c7\" data-element_type=\"widget\" data-settings=\"{&quot;ekit_we_effect_on&quot;:&quot;none&quot;}\" data-widget_type=\"text-editor.default\">\n\t\t\t\t<div class=\"elementor-widget-container\">\n\t\t\t\t\t\t\t\t\t<ol><li>Pru\u017enos\u0165 a pri\u013enavos\u0165<\/li><li>Zlep\u0161en\u00e1 spracovate\u013enos\u0165<\/li><li>Zn\u00ed\u017een\u00e9 zmr\u0161tenie<\/li><li>Zv\u00fd\u0161en\u00e1 odolnos\u0165<\/li><li>Teplotn\u00e1 tolerancia<\/li><\/ol>\t\t\t\t\t\t\t\t<\/div>\n\t\t\t\t<\/div>\n\t\t\t\t\t<\/div>\n\t\t\t\t<\/div>\n\t\t<div class=\"elementor-element elementor-element-baa61a2 e-flex e-con-boxed e-con e-child\" data-id=\"baa61a2\" data-element_type=\"container\" data-settings=\"{&quot;background_background&quot;:&quot;classic&quot;,&quot;ekit_has_onepagescroll_dot&quot;:&quot;yes&quot;}\">\n\t\t\t\t\t<div class=\"e-con-inner\">\n\t\t\t\t<div class=\"elementor-element elementor-element-84994a0 elementor-widget elementor-widget-image\" data-id=\"84994a0\" data-element_type=\"widget\" data-settings=\"{&quot;ekit_we_effect_on&quot;:&quot;none&quot;}\" data-widget_type=\"image.default\">\n\t\t\t\t<div class=\"elementor-widget-container\">\n\t\t\t\t\t\t\t\t\t\t\t\t\t\t\t<img loading=\"lazy\" decoding=\"async\" width=\"496\" height=\"102\" src=\"https:\/\/landu-china.com\/wp-content\/uploads\/2024\/06\/Accurate.png\" class=\"attachment-large size-large wp-image-403\" alt=\"\" srcset=\"https:\/\/landu-china.com\/wp-content\/uploads\/2024\/06\/Accurate.png 496w, https:\/\/landu-china.com\/wp-content\/uploads\/2024\/06\/Accurate-300x62.png 300w\" sizes=\"(max-width: 496px) 100vw, 496px\" \/>\t\t\t\t\t\t\t\t\t\t\t\t\t\t\t<\/div>\n\t\t\t\t<\/div>\n\t\t\t\t<div class=\"elementor-element elementor-element-d79587d elementor-widget elementor-widget-heading\" data-id=\"d79587d\" data-element_type=\"widget\" data-settings=\"{&quot;ekit_we_effect_on&quot;:&quot;none&quot;}\" data-widget_type=\"heading.default\">\n\t\t\t\t<div class=\"elementor-widget-container\">\n\t\t\t\t\t<h2 class=\"elementor-heading-title elementor-size-default\">Re-dispergovate\u013en\u00fd polym\u00e9rny pr\u00e1\u0161ok<\/h2>\t\t\t\t<\/div>\n\t\t\t\t<\/div>\n\t\t\t\t<div class=\"elementor-element elementor-element-05db8aa elementor-align-center elementor-widget elementor-widget-button\" data-id=\"05db8aa\" data-element_type=\"widget\" data-settings=\"{&quot;ekit_we_effect_on&quot;:&quot;none&quot;}\" data-widget_type=\"button.default\">\n\t\t\t\t<div class=\"elementor-widget-container\">\n\t\t\t\t\t\t\t\t\t<div class=\"elementor-button-wrapper\">\n\t\t\t\t\t<a class=\"elementor-button elementor-button-link elementor-size-sm\" href=\"https:\/\/landu-china.com\/sk\/produkty\/presny-redispergovatelny-polymerny-prasok\/\" target=\"_blank\">\n\t\t\t\t\t\t<span class=\"elementor-button-content-wrapper\">\n\t\t\t\t\t\t\t\t\t<span class=\"elementor-button-text\">Presk\u00fama\u0165 detail<\/span>\n\t\t\t\t\t<\/span>\n\t\t\t\t\t<\/a>\n\t\t\t\t<\/div>\n\t\t\t\t\t\t\t\t<\/div>\n\t\t\t\t<\/div>\n\t\t\t\t\t<\/div>\n\t\t\t\t<\/div>\n\t\t\t\t\t<\/div>\n\t\t\t\t<\/div>\n\t\t\t\t<\/div>","protected":false},"excerpt":{"rendered":"<p>Cellulose Ether Services LANDU je celosvetovo uzn\u00e1van\u00fd l\u00edder v oblasti slu\u017eieb celul\u00f3zovej technol\u00f3gie, ktor\u00fd sa \u0161pecializuje na glob\u00e1lne technick\u00e9 rie\u0161enia. O LANDU LANDU je popredn\u00fd high-tech podnik so s\u00eddlom v provincii \u0160an-tung, ktor\u00fd stoj\u00ed na \u010dele \u0161pi\u010dkov\u00e9ho v\u00fdskumu, v\u00fdvoja a v\u00fdroby v oblasti stavebn\u00fdch materi\u00e1lov. Spolo\u010dnos\u0165 LANDU m\u00e1 za sebou viac ako 20 rokov komplexnej [...]<\/p>","protected":false},"author":1,"featured_media":0,"parent":0,"menu_order":0,"comment_status":"closed","ping_status":"closed","template":"elementor_header_footer","meta":{"footnotes":""},"class_list":["post-388","page","type-page","status-publish","hentry"],"_links":{"self":[{"href":"https:\/\/landu-china.com\/sk\/wp-json\/wp\/v2\/pages\/388","targetHints":{"allow":["GET"]}}],"collection":[{"href":"https:\/\/landu-china.com\/sk\/wp-json\/wp\/v2\/pages"}],"about":[{"href":"https:\/\/landu-china.com\/sk\/wp-json\/wp\/v2\/types\/page"}],"author":[{"embeddable":true,"href":"https:\/\/landu-china.com\/sk\/wp-json\/wp\/v2\/users\/1"}],"replies":[{"embeddable":true,"href":"https:\/\/landu-china.com\/sk\/wp-json\/wp\/v2\/comments?post=388"}],"version-history":[{"count":40,"href":"https:\/\/landu-china.com\/sk\/wp-json\/wp\/v2\/pages\/388\/revisions"}],"predecessor-version":[{"id":20081,"href":"https:\/\/landu-china.com\/sk\/wp-json\/wp\/v2\/pages\/388\/revisions\/20081"}],"wp:attachment":[{"href":"https:\/\/landu-china.com\/sk\/wp-json\/wp\/v2\/media?parent=388"}],"curies":[{"name":"wp","href":"https:\/\/api.w.org\/{rel}","templated":true}]}}