{"id":3768,"date":"2024-07-29T16:25:43","date_gmt":"2024-07-29T08:25:43","guid":{"rendered":"https:\/\/landu-china.com\/?page_id=3768"},"modified":"2024-12-02T09:47:37","modified_gmt":"2024-12-02T01:47:37","slug":"podpora-cielov-trvalo-udrzatelneho-rozvoja","status":"publish","type":"page","link":"https:\/\/landu-china.com\/sk\/podpora-cielov-trvalo-udrzatelneho-rozvoja\/","title":{"rendered":"Pokrok v plnen\u00ed cie\u013eov trvalo udr\u017eate\u013en\u00e9ho rozvoja"},"content":{"rendered":"<div data-elementor-type=\"wp-page\" data-elementor-id=\"3768\" class=\"elementor elementor-3768\" data-elementor-post-type=\"page\">\n\t\t\t\t<div class=\"elementor-element elementor-element-832e259 e-flex e-con-boxed e-con e-parent\" data-id=\"832e259\" data-element_type=\"container\" data-settings=\"{&quot;background_background&quot;:&quot;classic&quot;,&quot;ekit_has_onepagescroll_dot&quot;:&quot;yes&quot;}\">\n\t\t\t\t\t<div class=\"e-con-inner\">\n\t\t\t\t<div class=\"elementor-element elementor-element-f07d774 elementor-widget__width-initial elementor-widget elementor-widget-heading\" data-id=\"f07d774\" data-element_type=\"widget\" data-settings=\"{&quot;ekit_we_effect_on&quot;:&quot;none&quot;}\" data-widget_type=\"heading.default\">\n\t\t\t\t<div class=\"elementor-widget-container\">\n\t\t\t\t\t<h2 class=\"elementor-heading-title elementor-size-default\">Pokrok v plnen\u00ed cie\u013eov trvalo udr\u017eate\u013en\u00e9ho rozvoja<\/h2>\t\t\t\t<\/div>\n\t\t\t\t<\/div>\n\t\t\t\t<div class=\"elementor-element elementor-element-54592e9 elementor-widget__width-initial elementor-widget elementor-widget-text-editor\" data-id=\"54592e9\" data-element_type=\"widget\" data-settings=\"{&quot;ekit_we_effect_on&quot;:&quot;none&quot;}\" data-widget_type=\"text-editor.default\">\n\t\t\t\t<div class=\"elementor-widget-container\">\n\t\t\t\t\t\t\t\t\t<p>Ver\u00edme, \u017ee dobr\u00e1 ch\u00e9mia je k\u013e\u00fa\u010dom k prosperite a blahobytu udr\u017eate\u013enej spolo\u010dnosti.<\/p>\t\t\t\t\t\t\t\t<\/div>\n\t\t\t\t<\/div>\n\t\t\t\t\t<\/div>\n\t\t\t\t<\/div>\n\t\t<div class=\"elementor-element elementor-element-af21400 e-flex e-con-boxed e-con e-parent\" data-id=\"af21400\" data-element_type=\"container\" data-settings=\"{&quot;ekit_has_onepagescroll_dot&quot;:&quot;yes&quot;}\">\n\t\t\t\t\t<div class=\"e-con-inner\">\n\t\t\t\t<div class=\"elementor-element elementor-element-ee22895 elementor-widget elementor-widget-heading\" data-id=\"ee22895\" data-element_type=\"widget\" data-settings=\"{&quot;ekit_we_effect_on&quot;:&quot;none&quot;}\" data-widget_type=\"heading.default\">\n\t\t\t\t<div class=\"elementor-widget-container\">\n\t\t\t\t\t<h2 class=\"elementor-heading-title elementor-size-default\">Ve\u010dn\u00fd zdroj - trvalo udr\u017eate\u013en\u00e9 riadenie pr\u00edrodn\u00fdch obnovite\u013en\u00fdch materi\u00e1lov<\/h2>\t\t\t\t<\/div>\n\t\t\t\t<\/div>\n\t\t\t\t<div class=\"elementor-element elementor-element-b0428b0 elementor-widget elementor-widget-image\" data-id=\"b0428b0\" data-element_type=\"widget\" data-settings=\"{&quot;ekit_we_effect_on&quot;:&quot;none&quot;}\" data-widget_type=\"image.default\">\n\t\t\t\t<div class=\"elementor-widget-container\">\n\t\t\t\t\t\t\t\t\t\t\t\t\t\t\t<img decoding=\"async\" width=\"55\" height=\"9\" src=\"https:\/\/landu-china.com\/wp-content\/uploads\/2024\/06\/\u8d44\u6e90-1.png\" class=\"attachment-large size-large wp-image-87\" alt=\"\" \/>\t\t\t\t\t\t\t\t\t\t\t\t\t\t\t<\/div>\n\t\t\t\t<\/div>\n\t\t\t\t<div class=\"elementor-element elementor-element-e6c6337 elementor-widget elementor-widget-text-editor\" data-id=\"e6c6337\" data-element_type=\"widget\" data-settings=\"{&quot;ekit_we_effect_on&quot;:&quot;none&quot;}\" data-widget_type=\"text-editor.default\">\n\t\t\t\t<div class=\"elementor-widget-container\">\n\t\t\t\t\t\t\t\t\t<div class=\"elementor-element elementor-element-26d6bf8c elementor-widget__width-initial elementor-widget elementor-widget-text-editor\" data-id=\"26d6bf8c\" data-element_type=\"widget\" data-settings=\"{&quot;ekit_we_effect_on&quot;:&quot;none&quot;}\" data-widget_type=\"text-editor.default\"><div class=\"elementor-widget-container\"><div class=\"elementor-element elementor-element-26d6bf8c elementor-widget__width-initial elementor-widget elementor-widget-text-editor\" data-id=\"26d6bf8c\" data-element_type=\"widget\" data-settings=\"{&quot;ekit_we_effect_on&quot;:&quot;none&quot;}\" data-widget_type=\"text-editor.default\"><div class=\"elementor-widget-container\"><div class=\"elementor-element elementor-element-531d8aa elementor-widget__width-initial elementor-widget elementor-widget-text-editor\" data-id=\"531d8aa\" data-element_type=\"widget\" data-settings=\"{&quot;ekit_we_effect_on&quot;:&quot;none&quot;}\" data-widget_type=\"text-editor.default\"><div class=\"elementor-widget-container\"><p>Dne\u0161n\u00e1 gener\u00e1cia \u010del\u00ed existen\u010dn\u00fdm hrozb\u00e1m pre na\u0161u plan\u00e9tu. Zmena kl\u00edmy, udr\u017eate\u013en\u00fd rozvoj a z\u00e1v\u00e4zok vytvori\u0165 bezpe\u010dnej\u0161\u00ed a zdrav\u0161\u00ed svet si vy\u017eaduj\u00fa nov\u00e9 sp\u00f4soby podnikania. osobitn\u00e1 spr\u00e1va OSN o zmene kl\u00edmy a p\u00f4de z roku 2019 ukazuje, \u017ee vyu\u017e\u00edvanie p\u00f4dy a lesov zohr\u00e1va k\u013e\u00fa\u010dov\u00fa \u00falohu pri dosahovan\u00ed troch k\u013e\u00fa\u010dov\u00fdch cie\u013eov:<\/p><\/div><\/div><\/div><\/div><\/div><\/div>\t\t\t\t\t\t\t\t<\/div>\n\t\t\t\t<\/div>\n\t\t\t\t\t<\/div>\n\t\t\t\t<\/div>\n\t\t<div class=\"elementor-element elementor-element-212b9e5 e-grid e-con-boxed e-con e-parent\" data-id=\"212b9e5\" data-element_type=\"container\" data-settings=\"{&quot;ekit_has_onepagescroll_dot&quot;:&quot;yes&quot;}\">\n\t\t\t\t\t<div class=\"e-con-inner\">\n\t\t<div class=\"elementor-element elementor-element-2c8a6cb e-con-full e-flex e-con e-child\" data-id=\"2c8a6cb\" data-element_type=\"container\" data-settings=\"{&quot;ekit_has_onepagescroll_dot&quot;:&quot;yes&quot;}\">\n\t\t\t\t<div class=\"elementor-element elementor-element-b61eeca elementor-widget elementor-widget-image\" data-id=\"b61eeca\" data-element_type=\"widget\" data-settings=\"{&quot;ekit_we_effect_on&quot;:&quot;none&quot;}\" data-widget_type=\"image.default\">\n\t\t\t\t<div class=\"elementor-widget-container\">\n\t\t\t\t\t\t\t\t\t\t\t\t\t\t\t<img fetchpriority=\"high\" decoding=\"async\" width=\"800\" height=\"533\" src=\"https:\/\/landu-china.com\/wp-content\/uploads\/2024\/07\/antarctica-wild-nature-landscape-1024x682.webp\" class=\"attachment-large size-large wp-image-3771\" alt=\"\" srcset=\"https:\/\/landu-china.com\/wp-content\/uploads\/2024\/07\/antarctica-wild-nature-landscape-1024x682.webp 1024w, https:\/\/landu-china.com\/wp-content\/uploads\/2024\/07\/antarctica-wild-nature-landscape-300x200.webp 300w, https:\/\/landu-china.com\/wp-content\/uploads\/2024\/07\/antarctica-wild-nature-landscape-768x512.webp 768w, https:\/\/landu-china.com\/wp-content\/uploads\/2024\/07\/antarctica-wild-nature-landscape-1536x1023.webp 1536w, https:\/\/landu-china.com\/wp-content\/uploads\/2024\/07\/antarctica-wild-nature-landscape.webp 1600w\" sizes=\"(max-width: 800px) 100vw, 800px\" \/>\t\t\t\t\t\t\t\t\t\t\t\t\t\t\t<\/div>\n\t\t\t\t<\/div>\n\t\t\t\t<div class=\"elementor-element elementor-element-688dd42 elementor-widget elementor-widget-heading\" data-id=\"688dd42\" data-element_type=\"widget\" data-settings=\"{&quot;ekit_we_effect_on&quot;:&quot;none&quot;}\" data-widget_type=\"heading.default\">\n\t\t\t\t<div class=\"elementor-widget-container\">\n\t\t\t\t\t<h2 class=\"elementor-heading-title elementor-size-default\">Podnebie<\/h2>\t\t\t\t<\/div>\n\t\t\t\t<\/div>\n\t\t\t\t<div class=\"elementor-element elementor-element-52a3e87 elementor-widget-divider--view-line elementor-widget elementor-widget-divider\" data-id=\"52a3e87\" data-element_type=\"widget\" data-settings=\"{&quot;ekit_we_effect_on&quot;:&quot;none&quot;}\" data-widget_type=\"divider.default\">\n\t\t\t\t<div class=\"elementor-widget-container\">\n\t\t\t\t\t\t\t<div class=\"elementor-divider\">\n\t\t\t<span class=\"elementor-divider-separator\">\n\t\t\t\t\t\t<\/span>\n\t\t<\/div>\n\t\t\t\t\t\t<\/div>\n\t\t\t\t<\/div>\n\t\t\t\t<div class=\"elementor-element elementor-element-dc779ef elementor-widget elementor-widget-text-editor\" data-id=\"dc779ef\" data-element_type=\"widget\" data-settings=\"{&quot;ekit_we_effect_on&quot;:&quot;none&quot;}\" data-widget_type=\"text-editor.default\">\n\t\t\t\t<div class=\"elementor-widget-container\">\n\t\t\t\t\t\t\t\t\tK\u00fdm stromy rast\u00fa, absorbuj\u00fa a ukladaj\u00fa CO2 z atmosf\u00e9ry. S prib\u00fadaj\u00facim vekom sa ich miera zachyt\u00e1vania CO2 zni\u017euje, \u010do z nich rob\u00ed ide\u00e1lne drevo na \u0165a\u017ebu biomasy na v\u00fdrobu udr\u017eate\u013en\u00fdch produktov, ktor\u00e9 m\u00f4\u017eu nahradi\u0165 alternat\u00edvy na b\u00e1ze ropy. Niektor\u00e9 z t\u00fdchto produktov, ako napr\u00edklad stavebn\u00e9 materi\u00e1ly, na\u010falej funguj\u00fa ako z\u00e1sobn\u00edky uhl\u00edka t\u00fdm, \u017ee ukladaj\u00fa CO2 po\u010das celej svojej \u017eivotnosti.\t\t\t\t\t\t\t\t<\/div>\n\t\t\t\t<\/div>\n\t\t\t\t<\/div>\n\t\t<div class=\"elementor-element elementor-element-0078476 e-con-full e-flex e-con e-child\" data-id=\"0078476\" data-element_type=\"container\" data-settings=\"{&quot;ekit_has_onepagescroll_dot&quot;:&quot;yes&quot;}\">\n\t\t\t\t<div class=\"elementor-element elementor-element-1bbb316 elementor-widget elementor-widget-image\" data-id=\"1bbb316\" data-element_type=\"widget\" data-settings=\"{&quot;ekit_we_effect_on&quot;:&quot;none&quot;}\" data-widget_type=\"image.default\">\n\t\t\t\t<div class=\"elementor-widget-container\">\n\t\t\t\t\t\t\t\t\t\t\t\t\t\t\t<img decoding=\"async\" width=\"800\" height=\"533\" src=\"https:\/\/landu-china.com\/wp-content\/uploads\/2024\/10\/aerial-view-of-blue-colored-forest-lake-in-poland-1024x682.jpg\" class=\"attachment-large size-large wp-image-16914\" alt=\"Leteck\u00fd poh\u013ead na modro sfarben\u00e9 lesn\u00e9 jazero v Po\u013esku\" srcset=\"https:\/\/landu-china.com\/wp-content\/uploads\/2024\/10\/aerial-view-of-blue-colored-forest-lake-in-poland-1024x682.jpg 1024w, https:\/\/landu-china.com\/wp-content\/uploads\/2024\/10\/aerial-view-of-blue-colored-forest-lake-in-poland-300x200.jpg 300w, https:\/\/landu-china.com\/wp-content\/uploads\/2024\/10\/aerial-view-of-blue-colored-forest-lake-in-poland-768x512.jpg 768w, https:\/\/landu-china.com\/wp-content\/uploads\/2024\/10\/aerial-view-of-blue-colored-forest-lake-in-poland-1536x1024.jpg 1536w, https:\/\/landu-china.com\/wp-content\/uploads\/2024\/10\/aerial-view-of-blue-colored-forest-lake-in-poland.jpg 2000w\" sizes=\"(max-width: 800px) 100vw, 800px\" \/>\t\t\t\t\t\t\t\t\t\t\t\t\t\t\t<\/div>\n\t\t\t\t<\/div>\n\t\t\t\t<div class=\"elementor-element elementor-element-78117cc elementor-widget elementor-widget-heading\" data-id=\"78117cc\" data-element_type=\"widget\" data-settings=\"{&quot;ekit_we_effect_on&quot;:&quot;none&quot;}\" data-widget_type=\"heading.default\">\n\t\t\t\t<div class=\"elementor-widget-container\">\n\t\t\t\t\t<h2 class=\"elementor-heading-title elementor-size-default\">Biodiverzita<\/h2>\t\t\t\t<\/div>\n\t\t\t\t<\/div>\n\t\t\t\t<div class=\"elementor-element elementor-element-0bc282d elementor-widget-divider--view-line elementor-widget elementor-widget-divider\" data-id=\"0bc282d\" data-element_type=\"widget\" data-settings=\"{&quot;ekit_we_effect_on&quot;:&quot;none&quot;}\" data-widget_type=\"divider.default\">\n\t\t\t\t<div class=\"elementor-widget-container\">\n\t\t\t\t\t\t\t<div class=\"elementor-divider\">\n\t\t\t<span class=\"elementor-divider-separator\">\n\t\t\t\t\t\t<\/span>\n\t\t<\/div>\n\t\t\t\t\t\t<\/div>\n\t\t\t\t<\/div>\n\t\t\t\t<div class=\"elementor-element elementor-element-e152112 elementor-widget elementor-widget-text-editor\" data-id=\"e152112\" data-element_type=\"widget\" data-settings=\"{&quot;ekit_we_effect_on&quot;:&quot;none&quot;}\" data-widget_type=\"text-editor.default\">\n\t\t\t\t<div class=\"elementor-widget-container\">\n\t\t\t\t\t\t\t\t\tLesy, ktor\u00e9 patria k biologicky najrozmanitej\u0161\u00edm ekosyst\u00e9mom na Zemi, poskytuj\u00fa z\u00e1kladn\u00e9 zdroje a biotopy pre mnoh\u00e9 druhy. Poskytuj\u00fa tie\u017e materi\u00e1ly pre stavebn\u00edctvo a v\u00fdrobky dennej potreby. Efekt\u00edvne obhospodarovanie lesov zah\u0155\u0148a zachovanie ekologicky a kult\u00farne v\u00fdznamn\u00fdch oblast\u00ed a udr\u017eiavanie rozmanit\u00fdch \u0161trukt\u00far na podporu r\u00f4znych druhov a zv\u00fd\u0161enie biodiverzity.\t\t\t\t\t\t\t\t<\/div>\n\t\t\t\t<\/div>\n\t\t\t\t<\/div>\n\t\t<div class=\"elementor-element elementor-element-2716e7e e-con-full e-flex e-con e-child\" data-id=\"2716e7e\" data-element_type=\"container\" data-settings=\"{&quot;ekit_has_onepagescroll_dot&quot;:&quot;yes&quot;}\">\n\t\t\t\t<div class=\"elementor-element elementor-element-fd492dd elementor-widget elementor-widget-image\" data-id=\"fd492dd\" data-element_type=\"widget\" data-settings=\"{&quot;ekit_we_effect_on&quot;:&quot;none&quot;}\" data-widget_type=\"image.default\">\n\t\t\t\t<div class=\"elementor-widget-container\">\n\t\t\t\t\t\t\t\t\t\t\t\t\t\t\t<img loading=\"lazy\" decoding=\"async\" width=\"800\" height=\"530\" src=\"https:\/\/landu-china.com\/wp-content\/uploads\/2024\/07\/solar-panels-solar-farms-in-asia-1024x678.webp\" class=\"attachment-large size-large wp-image-3776\" alt=\"\" srcset=\"https:\/\/landu-china.com\/wp-content\/uploads\/2024\/07\/solar-panels-solar-farms-in-asia-1024x678.webp 1024w, https:\/\/landu-china.com\/wp-content\/uploads\/2024\/07\/solar-panels-solar-farms-in-asia-300x199.webp 300w, https:\/\/landu-china.com\/wp-content\/uploads\/2024\/07\/solar-panels-solar-farms-in-asia-768x508.webp 768w, https:\/\/landu-china.com\/wp-content\/uploads\/2024\/07\/solar-panels-solar-farms-in-asia-1536x1017.webp 1536w, https:\/\/landu-china.com\/wp-content\/uploads\/2024\/07\/solar-panels-solar-farms-in-asia.webp 1600w\" sizes=\"(max-width: 800px) 100vw, 800px\" \/>\t\t\t\t\t\t\t\t\t\t\t\t\t\t\t<\/div>\n\t\t\t\t<\/div>\n\t\t\t\t<div class=\"elementor-element elementor-element-6f4c976 elementor-widget elementor-widget-heading\" data-id=\"6f4c976\" data-element_type=\"widget\" data-settings=\"{&quot;ekit_we_effect_on&quot;:&quot;none&quot;}\" data-widget_type=\"heading.default\">\n\t\t\t\t<div class=\"elementor-widget-container\">\n\t\t\t\t\t<h2 class=\"elementor-heading-title elementor-size-default\">Obnovite\u013en\u00e9 suroviny<\/h2>\t\t\t\t<\/div>\n\t\t\t\t<\/div>\n\t\t\t\t<div class=\"elementor-element elementor-element-e78654e elementor-widget-divider--view-line elementor-widget elementor-widget-divider\" data-id=\"e78654e\" data-element_type=\"widget\" data-settings=\"{&quot;ekit_we_effect_on&quot;:&quot;none&quot;}\" data-widget_type=\"divider.default\">\n\t\t\t\t<div class=\"elementor-widget-container\">\n\t\t\t\t\t\t\t<div class=\"elementor-divider\">\n\t\t\t<span class=\"elementor-divider-separator\">\n\t\t\t\t\t\t<\/span>\n\t\t<\/div>\n\t\t\t\t\t\t<\/div>\n\t\t\t\t<\/div>\n\t\t\t\t<div class=\"elementor-element elementor-element-1e35ad2 elementor-widget elementor-widget-text-editor\" data-id=\"1e35ad2\" data-element_type=\"widget\" data-settings=\"{&quot;ekit_we_effect_on&quot;:&quot;none&quot;}\" data-widget_type=\"text-editor.default\">\n\t\t\t\t<div class=\"elementor-widget-container\">\n\t\t\t\t\t\t\t\t\tObnovite\u013en\u00e9 suroviny, ktor\u00e9 sa z\u00edskavaj\u00fa udr\u017eate\u013en\u00fdm sp\u00f4sobom pre prirodzen\u00fa alebo r\u00fdchlu regener\u00e1ciu, s\u00fa k\u013e\u00fa\u010dom k environment\u00e1lnej udr\u017eate\u013enosti, zni\u017euj\u00fa z\u00e1vislos\u0165 od neobnovite\u013en\u00fdch zdrojov a podporuj\u00fa \u00fasilie o \u010dist\u00fa energiu a obehov\u00e9 hospod\u00e1rstvo.\t\t\t\t\t\t\t\t<\/div>\n\t\t\t\t<\/div>\n\t\t\t\t<\/div>\n\t\t\t\t\t<\/div>\n\t\t\t\t<\/div>\n\t\t<div class=\"elementor-element elementor-element-a167ec6 e-grid e-con-boxed e-con e-parent\" data-id=\"a167ec6\" data-element_type=\"container\" data-settings=\"{&quot;ekit_has_onepagescroll_dot&quot;:&quot;yes&quot;}\">\n\t\t\t\t\t<div class=\"e-con-inner\">\n\t\t<div class=\"elementor-element elementor-element-e923f8f e-con-full e-flex e-con e-child\" data-id=\"e923f8f\" data-element_type=\"container\" data-settings=\"{&quot;background_background&quot;:&quot;classic&quot;,&quot;ekit_has_onepagescroll_dot&quot;:&quot;yes&quot;}\">\n\t\t\t\t<div class=\"elementor-element elementor-element-687a5f5 elementor-widget elementor-widget-text-editor\" data-id=\"687a5f5\" data-element_type=\"widget\" data-settings=\"{&quot;ekit_we_effect_on&quot;:&quot;none&quot;}\" data-widget_type=\"text-editor.default\">\n\t\t\t\t<div class=\"elementor-widget-container\">\n\t\t\t\t\t\t\t\t\tNa\u0161a celul\u00f3za vyroben\u00e1 z bavlny vyu\u017e\u00edva suroviny, ktor\u00e9 \u0161etria energiu alebo vyu\u017e\u00edvaj\u00fa obnovite\u013en\u00e9 zdroje energie. Celul\u00f3za LANDU sa vyzna\u010duje v\u00fdnimo\u010dne n\u00edzkou uhl\u00edkovou stopou po\u010das v\u00fdroby, \u010do je v s\u00falade s medzin\u00e1rodn\u00fdmi normami.\t\t\t\t\t\t\t\t<\/div>\n\t\t\t\t<\/div>\n\t\t\t\t<\/div>\n\t\t<div class=\"elementor-element elementor-element-1267f47 e-con-full e-flex e-con e-child\" data-id=\"1267f47\" data-element_type=\"container\" data-settings=\"{&quot;background_background&quot;:&quot;classic&quot;,&quot;ekit_has_onepagescroll_dot&quot;:&quot;yes&quot;}\">\n\t\t\t\t<\/div>\n\t\t<div class=\"elementor-element elementor-element-f3abacf e-con-full e-flex e-con e-child\" data-id=\"f3abacf\" data-element_type=\"container\" data-settings=\"{&quot;background_background&quot;:&quot;classic&quot;,&quot;ekit_has_onepagescroll_dot&quot;:&quot;yes&quot;}\">\n\t\t\t\t<\/div>\n\t\t<div class=\"elementor-element elementor-element-2160341 e-con-full e-flex e-con e-child\" data-id=\"2160341\" data-element_type=\"container\" data-settings=\"{&quot;background_background&quot;:&quot;classic&quot;,&quot;ekit_has_onepagescroll_dot&quot;:&quot;yes&quot;}\">\n\t\t\t\t<div class=\"elementor-element elementor-element-5ecd47a elementor-widget elementor-widget-text-editor\" data-id=\"5ecd47a\" data-element_type=\"widget\" data-settings=\"{&quot;ekit_we_effect_on&quot;:&quot;none&quot;}\" data-widget_type=\"text-editor.default\">\n\t\t\t\t<div class=\"elementor-widget-container\">\n\t\t\t\t\t\t\t\t\tProstredn\u00edctvom n\u00e1\u0161ho vysoko integrovan\u00e9ho v\u00fdrobn\u00e9ho syst\u00e9mu neust\u00e1le optimalizujeme procesy s cie\u013eom maximalizova\u0165 vyu\u017e\u00edvanie materi\u00e1lov a energetick\u00fa \u00fa\u010dinnos\u0165, \u010d\u00edm v\u00fdrazne zvy\u0161ujeme na\u0161u udr\u017eate\u013enos\u0165.\t\t\t\t\t\t\t\t<\/div>\n\t\t\t\t<\/div>\n\t\t\t\t<\/div>\n\t\t<div class=\"elementor-element elementor-element-9533552 e-con-full e-flex e-con e-child\" data-id=\"9533552\" data-element_type=\"container\" data-settings=\"{&quot;background_background&quot;:&quot;classic&quot;,&quot;ekit_has_onepagescroll_dot&quot;:&quot;yes&quot;}\">\n\t\t\t\t<\/div>\n\t\t<div class=\"elementor-element elementor-element-22628df e-con-full e-flex e-con e-child\" data-id=\"22628df\" data-element_type=\"container\" data-settings=\"{&quot;background_background&quot;:&quot;classic&quot;,&quot;ekit_has_onepagescroll_dot&quot;:&quot;yes&quot;}\">\n\t\t\t\t<div class=\"elementor-element elementor-element-ec3a53a elementor-widget elementor-widget-text-editor\" data-id=\"ec3a53a\" data-element_type=\"widget\" data-settings=\"{&quot;ekit_we_effect_on&quot;:&quot;none&quot;}\" data-widget_type=\"text-editor.default\">\n\t\t\t\t<div class=\"elementor-widget-container\">\n\t\t\t\t\t\t\t\t\tVyu\u017e\u00edvanie elektrickej energie z vodn\u00fdch elektr\u00e1rn\u00ed podporuje n\u00e1\u0161 z\u00e1v\u00e4zok k udr\u017eate\u013enosti a energetickej \u00fa\u010dinnosti. Tento obnovite\u013en\u00fd zdroj energie zni\u017euje na\u0161u uhl\u00edkov\u00fa stopu a z\u00e1vislos\u0165 od fos\u00edlnych pal\u00edv, \u010do je v s\u00falade s na\u0161imi cie\u013emi optimalizova\u0165 procesy a zlep\u0161i\u0165 environment\u00e1lne riadenie n\u00e1\u0161ho v\u00fdrobn\u00e9ho syst\u00e9mu.\t\t\t\t\t\t\t\t<\/div>\n\t\t\t\t<\/div>\n\t\t\t\t<\/div>\n\t\t<div class=\"elementor-element elementor-element-eeb3cfc e-con-full e-flex e-con e-child\" data-id=\"eeb3cfc\" data-element_type=\"container\" data-settings=\"{&quot;background_background&quot;:&quot;classic&quot;,&quot;ekit_has_onepagescroll_dot&quot;:&quot;yes&quot;}\">\n\t\t\t\t<div class=\"elementor-element elementor-element-e694364 elementor-widget elementor-widget-text-editor\" data-id=\"e694364\" data-element_type=\"widget\" data-settings=\"{&quot;ekit_we_effect_on&quot;:&quot;none&quot;}\" data-widget_type=\"text-editor.default\">\n\t\t\t\t<div class=\"elementor-widget-container\">\n\t\t\t\t\t\t\t\t\tV bud\u00facnosti chceme plne prejs\u0165 na sol\u00e1rnu energiu, \u010do je v s\u00falade s na\u0161\u00edm z\u00e1v\u00e4zkom udr\u017eate\u013enosti a zn\u00ed\u017eenia n\u00e1\u0161ho vplyvu na \u017eivotn\u00e9 prostredie. Tento prechod n\u00e1m pom\u00f4\u017ee minimalizova\u0165 z\u00e1vislos\u0165 od neobnovite\u013en\u00fdch zdrojov a zv\u00fd\u0161i\u0165 energetick\u00fa \u00fa\u010dinnos\u0165 v r\u00e1mci na\u0161ich prev\u00e1dzok.\t\t\t\t\t\t\t\t<\/div>\n\t\t\t\t<\/div>\n\t\t\t\t<\/div>\n\t\t<div class=\"elementor-element elementor-element-34178dc e-con-full e-flex e-con e-child\" data-id=\"34178dc\" data-element_type=\"container\" data-settings=\"{&quot;background_background&quot;:&quot;classic&quot;,&quot;ekit_has_onepagescroll_dot&quot;:&quot;yes&quot;}\">\n\t\t\t\t<\/div>\n\t\t\t\t\t<\/div>\n\t\t\t\t<\/div>\n\t\t\t\t<\/div>","protected":false},"excerpt":{"rendered":"<p>Podpora cie\u013eov trvalo udr\u017eate\u013en\u00e9ho rozvoja Ver\u00edme, \u017ee dobr\u00e1 ch\u00e9mia je k\u013e\u00fa\u010dom k prosperite a blahobytu trvalo udr\u017eate\u013enej spolo\u010dnosti. Ve\u010dn\u00fd zdroj - trvalo udr\u017eate\u013ene spravovan\u00e9 pr\u00edrodn\u00e9 obnovite\u013en\u00e9 materi\u00e1ly Dne\u0161n\u00e1 gener\u00e1cia \u010del\u00ed existen\u010dn\u00fdm hrozb\u00e1m pre na\u0161u plan\u00e9tu. Zmena kl\u00edmy, udr\u017eate\u013en\u00fd rozvoj a z\u00e1v\u00e4zok vytvori\u0165 bezpe\u010dnej\u0161\u00ed a zdrav\u0161\u00ed svet si vy\u017eaduj\u00fa nov\u00e9 sp\u00f4soby podnikania.<\/p>","protected":false},"author":1,"featured_media":0,"parent":0,"menu_order":0,"comment_status":"closed","ping_status":"closed","template":"elementor_header_footer","meta":{"footnotes":""},"class_list":["post-3768","page","type-page","status-publish","hentry"],"_links":{"self":[{"href":"https:\/\/landu-china.com\/sk\/wp-json\/wp\/v2\/pages\/3768","targetHints":{"allow":["GET"]}}],"collection":[{"href":"https:\/\/landu-china.com\/sk\/wp-json\/wp\/v2\/pages"}],"about":[{"href":"https:\/\/landu-china.com\/sk\/wp-json\/wp\/v2\/types\/page"}],"author":[{"embeddable":true,"href":"https:\/\/landu-china.com\/sk\/wp-json\/wp\/v2\/users\/1"}],"replies":[{"embeddable":true,"href":"https:\/\/landu-china.com\/sk\/wp-json\/wp\/v2\/comments?post=3768"}],"version-history":[{"count":16,"href":"https:\/\/landu-china.com\/sk\/wp-json\/wp\/v2\/pages\/3768\/revisions"}],"predecessor-version":[{"id":20502,"href":"https:\/\/landu-china.com\/sk\/wp-json\/wp\/v2\/pages\/3768\/revisions\/20502"}],"wp:attachment":[{"href":"https:\/\/landu-china.com\/sk\/wp-json\/wp\/v2\/media?parent=3768"}],"curies":[{"name":"wp","href":"https:\/\/api.w.org\/{rel}","templated":true}]}}