{"id":12586,"date":"2024-10-17T13:01:40","date_gmt":"2024-10-17T05:01:40","guid":{"rendered":"https:\/\/landu-china.com\/?page_id=12586"},"modified":"2024-11-11T09:26:44","modified_gmt":"2024-11-11T01:26:44","slug":"farmaceuticka-vysoko-substituovana-hydroxypropylcelulozah-hpc","status":"publish","type":"page","link":"https:\/\/landu-china.com\/sk\/produkty\/uquick-farmaceuticke-medziprodukty\/farmaceuticka-vysoko-substituovana-hydroxypropylcelulozah-hpc\/","title":{"rendered":"Farmaceutick\u00e1 vysoko substituovan\u00e1 hydroxypropylcelul\u00f3za (H-HPC)"},"content":{"rendered":"<div data-elementor-type=\"wp-page\" data-elementor-id=\"12586\" class=\"elementor elementor-12586\" data-elementor-post-type=\"page\">\n\t\t\t\t<div class=\"elementor-element elementor-element-e6aecb1 e-con-full e-flex e-con e-parent\" data-id=\"e6aecb1\" data-element_type=\"container\" data-settings=\"{&quot;background_background&quot;:&quot;classic&quot;,&quot;ekit_has_onepagescroll_dot&quot;:&quot;yes&quot;}\">\n\t\t\t\t<div class=\"elementor-element elementor-element-a32e68c elementor--h-position-center elementor--v-position-middle elementor-arrows-position-inside elementor-pagination-position-inside elementor-widget elementor-widget-slides\" data-id=\"a32e68c\" data-element_type=\"widget\" data-settings=\"{&quot;navigation&quot;:&quot;both&quot;,&quot;autoplay&quot;:&quot;yes&quot;,&quot;pause_on_hover&quot;:&quot;yes&quot;,&quot;pause_on_interaction&quot;:&quot;yes&quot;,&quot;autoplay_speed&quot;:5000,&quot;infinite&quot;:&quot;yes&quot;,&quot;transition&quot;:&quot;slide&quot;,&quot;transition_speed&quot;:500,&quot;ekit_we_effect_on&quot;:&quot;none&quot;}\" data-widget_type=\"slides.default\">\n\t\t\t\t<div class=\"elementor-widget-container\">\n\t\t\t\t\t\t\t\t\t<div class=\"elementor-swiper\">\n\t\t\t\t\t<div class=\"elementor-slides-wrapper elementor-main-swiper swiper\" role=\"region\" aria-roledescription=\"carousel\" aria-label=\"Prezent\u00e1cie\" dir=\"ltr\" data-animation=\"fadeInUp\">\n\t\t\t\t<div class=\"swiper-wrapper elementor-slides\">\n\t\t\t\t\t\t\t\t\t\t<div class=\"elementor-repeater-item-9f5a44f swiper-slide\" role=\"group\" aria-roledescription=\"slide\"><div class=\"swiper-slide-bg elementor-ken-burns elementor-ken-burns--in\" role=\"img\"><\/div><div class=\"elementor-background-overlay\"><\/div><div class=\"swiper-slide-inner\" ><div class=\"swiper-slide-contents\"><h1 class=\"elementor-slide-heading\">Farmaceutick\u00e1 vysoko substituovan\u00e1 hydroxypropylcelul\u00f3za (H-HPC)<\/h1><div class=\"elementor-slide-description\">H-HPC m\u00f4\u017ee p\u00f4sobi\u0165 ako spojivo vo farmaceutick\u00fdch aplik\u00e1ci\u00e1ch, ako je tvorba tabliet a gran\u00fal, \u010d\u00edm sa zvy\u0161uje trvanlivos\u0165 a tuhos\u0165 tabliet. V\u010faka svojim v\u00fdnimo\u010dn\u00fdm filmotvorn\u00fdm vlastnostiam dok\u00e1\u017ee H-HPC vytv\u00e1ra\u0165 pevn\u00e9 a pru\u017en\u00e9 filmy, \u010do ho stavia do poz\u00edcie vynikaj\u00facej vo\u013eby pre materi\u00e1ly na filmovanie.<\/div><\/div><\/div><\/div>\t\t\t\t<\/div>\n\t\t\t\t\t\t\t<\/div>\n\t\t\t\t<\/div>\n\t\t\t\t\t\t\t\t<\/div>\n\t\t\t\t<\/div>\n\t\t\t\t<\/div>\n\t\t\t\t<section class=\"elementor-section elementor-top-section elementor-element elementor-element-4ab5f51 elementor-section-content-middle elementor-section-boxed elementor-section-height-default elementor-section-height-default\" data-id=\"4ab5f51\" data-element_type=\"section\" data-settings=\"{&quot;ekit_has_onepagescroll_dot&quot;:&quot;yes&quot;}\">\n\t\t\t\t\t\t<div class=\"elementor-container elementor-column-gap-default\">\n\t\t\t\t\t<div class=\"elementor-column elementor-col-50 elementor-top-column elementor-element elementor-element-77f541b5\" data-id=\"77f541b5\" data-element_type=\"column\">\n\t\t\t<div class=\"elementor-widget-wrap elementor-element-populated\">\n\t\t\t\t\t\t<div class=\"elementor-element elementor-element-67f757e2 elementor-widget__width-initial elementor-widget elementor-widget-heading\" data-id=\"67f757e2\" data-element_type=\"widget\" data-settings=\"{&quot;ekit_we_effect_on&quot;:&quot;none&quot;}\" data-widget_type=\"heading.default\">\n\t\t\t\t<div class=\"elementor-widget-container\">\n\t\t\t\t\t<h2 class=\"elementor-heading-title elementor-size-default\">Farmaceutick\u00e1 vysoko substituovan\u00e1 hydroxypropylcelul\u00f3za (H-HPC)<\/h2>\t\t\t\t<\/div>\n\t\t\t\t<\/div>\n\t\t\t\t<div class=\"elementor-element elementor-element-d1b94d1 elementor-widget-divider--view-line elementor-widget elementor-widget-divider\" data-id=\"d1b94d1\" data-element_type=\"widget\" data-settings=\"{&quot;ekit_we_effect_on&quot;:&quot;none&quot;}\" data-widget_type=\"divider.default\">\n\t\t\t\t<div class=\"elementor-widget-container\">\n\t\t\t\t\t\t\t<div class=\"elementor-divider\">\n\t\t\t<span class=\"elementor-divider-separator\">\n\t\t\t\t\t\t<\/span>\n\t\t<\/div>\n\t\t\t\t\t\t<\/div>\n\t\t\t\t<\/div>\n\t\t\t\t<div class=\"elementor-element elementor-element-7140cc2a elementor-widget elementor-widget-text-editor\" data-id=\"7140cc2a\" data-element_type=\"widget\" data-settings=\"{&quot;ekit_we_effect_on&quot;:&quot;none&quot;}\" data-widget_type=\"text-editor.default\">\n\t\t\t\t<div class=\"elementor-widget-container\">\n\t\t\t\t\t\t\t\t\t<p>Hydroxypropylcelul\u00f3za (HPC), nei\u00f3nov\u00fd \u00e9ter celul\u00f3zy, sa vyr\u00e1ba reakciou alkalickej celul\u00f3zy s propyl\u00e9noxidom. Na z\u00e1klade stup\u0148a substit\u00facie hydroxypropylom sa rozde\u013euje na n\u00edzko substituovan\u00e9 (L-HPC) a vysoko substituovan\u00e9 (H-HPC) typy. L-HPC so substit\u00faciou 9% - 15% vykazuje dobr\u00fa tekutos\u0165 a stla\u010dite\u013enos\u0165, tak\u017ee je ide\u00e1lny ako dezintegrant a spojivo v tablet\u00e1ch. H-HPC so substit\u00faciou pribli\u017ene 60% pon\u00faka vynikaj\u00facu rozpustnos\u0165 a viskozitu, \u010do z neho rob\u00ed preferovan\u00e9 zahus\u0165ovadlo, emulg\u00e1tor a filmotvorn\u00e9 \u010dinidlo.<\/p>\t\t\t\t\t\t\t\t<\/div>\n\t\t\t\t<\/div>\n\t\t\t\t<div class=\"elementor-element elementor-element-6da8ac6 elementor-align-left elementor-widget elementor-widget-elementskit-button\" data-id=\"6da8ac6\" data-element_type=\"widget\" data-settings=\"{&quot;ekit_we_effect_on&quot;:&quot;none&quot;}\" data-widget_type=\"elementskit-button.default\">\n\t\t\t\t<div class=\"elementor-widget-container\">\n\t\t\t\t\t<div class=\"ekit-wid-con\" >\t\t<div class=\"ekit-btn-wraper\">\n\t\t\t\t\t\t\t<a href=\"#elementor-action%3Aaction%3Dpopup%3Aopen%26settings%3DeyJpZCI6IjE1MTkiLCJ0b2dnbGUiOmZhbHNlfQ%3D%3D\" class=\"elementskit-btn  whitespace--normal\" id=\"\">\n\t\t\t\t\tSp\u00fdtajte sa na cenov\u00fa ponuku<i class=\"fasicon icon-arrow-right\"><\/i>\t\t\t\t<\/a>\n\t\t\t\t\t<\/div>\n        <\/div>\t\t\t\t<\/div>\n\t\t\t\t<\/div>\n\t\t\t\t\t<\/div>\n\t\t<\/div>\n\t\t\t\t<div class=\"elementor-column elementor-col-50 elementor-top-column elementor-element elementor-element-1908aac7\" data-id=\"1908aac7\" data-element_type=\"column\" data-settings=\"{&quot;background_background&quot;:&quot;classic&quot;}\">\n\t\t\t<div class=\"elementor-widget-wrap\">\n\t\t\t\t\t\t\t<\/div>\n\t\t<\/div>\n\t\t\t\t\t<\/div>\n\t\t<\/section>\n\t\t\t\t<section class=\"elementor-section elementor-top-section elementor-element elementor-element-49d2f36 elementor-section-boxed elementor-section-height-default elementor-section-height-default\" data-id=\"49d2f36\" data-element_type=\"section\" data-settings=\"{&quot;ekit_has_onepagescroll_dot&quot;:&quot;yes&quot;}\">\n\t\t\t\t\t\t<div class=\"elementor-container elementor-column-gap-default\">\n\t\t\t\t\t<div class=\"elementor-column elementor-col-100 elementor-top-column elementor-element elementor-element-5ca0f8d\" data-id=\"5ca0f8d\" data-element_type=\"column\">\n\t\t\t<div class=\"elementor-widget-wrap elementor-element-populated\">\n\t\t\t\t\t\t<section class=\"elementor-section elementor-inner-section elementor-element elementor-element-0c16823 elementor-section-boxed elementor-section-height-default elementor-section-height-default\" data-id=\"0c16823\" data-element_type=\"section\" data-settings=\"{&quot;ekit_has_onepagescroll_dot&quot;:&quot;yes&quot;}\">\n\t\t\t\t\t\t<div class=\"elementor-container elementor-column-gap-default\">\n\t\t\t\t\t<div class=\"elementor-column elementor-col-25 elementor-inner-column elementor-element elementor-element-35334ec\" data-id=\"35334ec\" data-element_type=\"column\">\n\t\t\t<div class=\"elementor-widget-wrap elementor-element-populated\">\n\t\t\t\t\t\t<div class=\"elementor-element elementor-element-800ebf7 ekit-equal-height-disable elementor-widget elementor-widget-elementskit-icon-box\" data-id=\"800ebf7\" data-element_type=\"widget\" data-settings=\"{&quot;ekit_we_effect_on&quot;:&quot;none&quot;}\" data-widget_type=\"elementskit-icon-box.default\">\n\t\t\t\t<div class=\"elementor-widget-container\">\n\t\t\t\t\t<div class=\"ekit-wid-con\" >        <!-- link opening -->\n                <!-- end link opening -->\n\n        <div class=\"elementskit-infobox text- text- icon-lef-right-aligin elementor-animation-bob\">\n                        <div class=\"box-body\">\n                            <h3 class=\"elementskit-info-box-title\">\n                    Biely pr\u00e1\u0161ok bez z\u00e1pachu a chuti.                <\/h3>\n                        \t\t  \t<p>Rozpustn\u00fd vo vode a r\u00f4znych organick\u00fdch rozp\u00fa\u0161\u0165adl\u00e1ch, ako je etanol a acet\u00f3n, pri izbovej teplote; roztoky s\u00fa \u010d\u00edre.<\/p>\n                                        <div class=\"box-footer disable_hover_button\">\n                    <div class=\"btn-wraper\">\n                                                            <a class=\"elementskit-btn whitespace--normal\" href=\"#elementor-action%3Aaction%3Dpopup%3Aopen%26settings%3DeyJpZCI6IjE1MTkiLCJ0b2dnbGUiOmZhbHNlfQ%3D%3D\">\n                                        Dozvedie\u0165 sa viac                                                                            <\/a>\n                                                        <\/div>\n                <\/div>\n                    <\/div>\n        \n        \n                <\/div>\n        <\/div>\t\t\t\t<\/div>\n\t\t\t\t<\/div>\n\t\t\t\t\t<\/div>\n\t\t<\/div>\n\t\t\t\t<div class=\"elementor-column elementor-col-25 elementor-inner-column elementor-element elementor-element-839c4e6\" data-id=\"839c4e6\" data-element_type=\"column\">\n\t\t\t<div class=\"elementor-widget-wrap elementor-element-populated\">\n\t\t\t\t\t\t<div class=\"elementor-element elementor-element-70304ee ekit-equal-height-disable elementor-widget elementor-widget-elementskit-icon-box\" data-id=\"70304ee\" data-element_type=\"widget\" data-settings=\"{&quot;ekit_we_effect_on&quot;:&quot;none&quot;}\" data-widget_type=\"elementskit-icon-box.default\">\n\t\t\t\t<div class=\"elementor-widget-container\">\n\t\t\t\t\t<div class=\"ekit-wid-con\" >        <!-- link opening -->\n                <!-- end link opening -->\n\n        <div class=\"elementskit-infobox text- text- icon-lef-right-aligin elementor-animation-bob\">\n                        <div class=\"box-body\">\n                            <h3 class=\"elementskit-info-box-title\">\n                    Vynikaj\u00face filmotvorn\u00e9 vlastnosti.                <\/h3>\n                        \t\t  \t<p>H-HPC je dobr\u00fd termoplastick\u00fd materi\u00e1l s vynikaj\u00facimi filmotvorn\u00fdmi vlastnos\u0165ami. Filmy s\u00fa pevn\u00e9, leskl\u00e9 a vysoko elastick\u00e9.<\/p>\n                                        <div class=\"box-footer disable_hover_button\">\n                    <div class=\"btn-wraper\">\n                                                            <a class=\"elementskit-btn whitespace--normal\" href=\"#elementor-action%3Aaction%3Dpopup%3Aopen%26settings%3DeyJpZCI6IjE1MTkiLCJ0b2dnbGUiOmZhbHNlfQ%3D%3D\">\n                                        Dozvedie\u0165 sa viac                                                                            <\/a>\n                                                        <\/div>\n                <\/div>\n                    <\/div>\n        \n        \n                <\/div>\n        <\/div>\t\t\t\t<\/div>\n\t\t\t\t<\/div>\n\t\t\t\t\t<\/div>\n\t\t<\/div>\n\t\t\t\t<div class=\"elementor-column elementor-col-25 elementor-inner-column elementor-element elementor-element-0680bbe\" data-id=\"0680bbe\" data-element_type=\"column\">\n\t\t\t<div class=\"elementor-widget-wrap elementor-element-populated\">\n\t\t\t\t\t\t<div class=\"elementor-element elementor-element-24d770a ekit-equal-height-disable elementor-widget elementor-widget-elementskit-icon-box\" data-id=\"24d770a\" data-element_type=\"widget\" data-settings=\"{&quot;ekit_we_effect_on&quot;:&quot;none&quot;}\" data-widget_type=\"elementskit-icon-box.default\">\n\t\t\t\t<div class=\"elementor-widget-container\">\n\t\t\t\t\t<div class=\"ekit-wid-con\" >        <!-- link opening -->\n                <!-- end link opening -->\n\n        <div class=\"elementskit-infobox text- text- icon-lef-right-aligin elementor-animation-bob\">\n                        <div class=\"box-body\">\n                            <h3 class=\"elementskit-info-box-title\">\n                    n\u00edzky obsah popola.                <\/h3>\n                        \t\t  \t<p>V\u010faka ve\u013emi n\u00edzkemu obsahu popola m\u00e1 tento v\u00fdrobok vynikaj\u00face adh\u00e9zne vlastnosti. Pri pou\u017eit\u00ed ako zahus\u0165ovadlo emulzie je vysoko stabiln\u00fd a m\u00e1 dobr\u00fa dispergovate\u013enos\u0165.<\/p>\n                                        <div class=\"box-footer disable_hover_button\">\n                    <div class=\"btn-wraper\">\n                                                            <a class=\"elementskit-btn whitespace--normal\" href=\"#elementor-action%3Aaction%3Dpopup%3Aopen%26settings%3DeyJpZCI6IjE1MTkiLCJ0b2dnbGUiOmZhbHNlfQ%3D%3D\">\n                                        Dozvedie\u0165 sa viac                                                                            <\/a>\n                                                        <\/div>\n                <\/div>\n                    <\/div>\n        \n        \n                <\/div>\n        <\/div>\t\t\t\t<\/div>\n\t\t\t\t<\/div>\n\t\t\t\t\t<\/div>\n\t\t<\/div>\n\t\t\t\t<div class=\"elementor-column elementor-col-25 elementor-inner-column elementor-element elementor-element-bac3d33\" data-id=\"bac3d33\" data-element_type=\"column\">\n\t\t\t<div class=\"elementor-widget-wrap elementor-element-populated\">\n\t\t\t\t\t\t<div class=\"elementor-element elementor-element-07178d3 ekit-equal-height-disable elementor-widget elementor-widget-elementskit-icon-box\" data-id=\"07178d3\" data-element_type=\"widget\" data-settings=\"{&quot;ekit_we_effect_on&quot;:&quot;none&quot;}\" data-widget_type=\"elementskit-icon-box.default\">\n\t\t\t\t<div class=\"elementor-widget-container\">\n\t\t\t\t\t<div class=\"ekit-wid-con\" >        <!-- link opening -->\n                <!-- end link opening -->\n\n        <div class=\"elementskit-infobox text- text- icon-lef-right-aligin elementor-animation-bob\">\n                        <div class=\"box-body\">\n                            <h3 class=\"elementskit-info-box-title\">\n                    Siln\u00e9 antibakteri\u00e1lne vlastnosti.                <\/h3>\n                        \t\t  \t<p>Substitu\u010dn\u00e9 skupiny v H-HPC s\u00fa rovnomerne a \u00faplne rozlo\u017een\u00e9, \u010do mu dod\u00e1va siln\u00e9 antibakteri\u00e1lne vlastnosti. M\u00e1 tie\u017e n\u00edzky obsah rovnov\u00e1\u017enej vlhkosti.<\/p>\n                                        <div class=\"box-footer disable_hover_button\">\n                    <div class=\"btn-wraper\">\n                                                            <a class=\"elementskit-btn whitespace--normal\" href=\"#elementor-action%3Aaction%3Dpopup%3Aopen%26settings%3DeyJpZCI6IjE1MTkiLCJ0b2dnbGUiOmZhbHNlfQ%3D%3D\">\n                                        Dozvedie\u0165 sa viac                                                                            <\/a>\n                                                        <\/div>\n                <\/div>\n                    <\/div>\n        \n        \n                <\/div>\n        <\/div>\t\t\t\t<\/div>\n\t\t\t\t<\/div>\n\t\t\t\t\t<\/div>\n\t\t<\/div>\n\t\t\t\t\t<\/div>\n\t\t<\/section>\n\t\t\t\t\t<\/div>\n\t\t<\/div>\n\t\t\t\t\t<\/div>\n\t\t<\/section>\n\t\t\t\t<section class=\"elementor-section elementor-top-section elementor-element elementor-element-44f2ecce elementor-section-boxed elementor-section-height-default elementor-section-height-default\" data-id=\"44f2ecce\" data-element_type=\"section\" data-settings=\"{&quot;ekit_has_onepagescroll_dot&quot;:&quot;yes&quot;}\">\n\t\t\t\t\t\t<div class=\"elementor-container elementor-column-gap-default\">\n\t\t\t\t\t<div class=\"elementor-column elementor-col-100 elementor-top-column elementor-element elementor-element-2dfc2e86\" data-id=\"2dfc2e86\" data-element_type=\"column\">\n\t\t\t<div class=\"elementor-widget-wrap elementor-element-populated\">\n\t\t\t\t\t\t<section class=\"elementor-section elementor-inner-section elementor-element elementor-element-7f99b3c9 elementor-section-boxed elementor-section-height-default elementor-section-height-default\" data-id=\"7f99b3c9\" data-element_type=\"section\" data-settings=\"{&quot;ekit_has_onepagescroll_dot&quot;:&quot;yes&quot;}\">\n\t\t\t\t\t\t<div class=\"elementor-container elementor-column-gap-default\">\n\t\t\t\t\t<div class=\"elementor-column elementor-col-50 elementor-inner-column elementor-element elementor-element-51800808\" data-id=\"51800808\" data-element_type=\"column\">\n\t\t\t<div class=\"elementor-widget-wrap elementor-element-populated\">\n\t\t\t\t\t\t<div class=\"elementor-element elementor-element-579c4339 elementor-widget elementor-widget-elementskit-stylish-list\" data-id=\"579c4339\" data-element_type=\"widget\" data-settings=\"{&quot;ekit_we_effect_on&quot;:&quot;none&quot;}\" data-widget_type=\"elementskit-stylish-list.default\">\n\t\t\t\t<div class=\"elementor-widget-container\">\n\t\t\t\t\t<div class=\"ekit-wid-con\">\t\t<ul class=\"ekit-stylish-list\" >\n\t\t\t\t\t\t\t<li class=\"ekit-stylish-list-content-wrapper elementor-repeater-item-64a7fad\" >\n\t\t\t\t\t\t\t\t\t\t<div class=\"ekit-stylish-list-content\">\n\t\t\t\t\t\t\t\t\t\t\t\t\t\t\t\t\t\t\t\t\t\t\t\t<div class=\"ekit-stylish-list-content-text\">\n\t\t\t\t\t\t\t<span class=\"ekit-stylish-list-content-title\">Ako spojivo vo farmaceutick\u00fdch v\u00fdrobkoch<\/span>\n\t\t\t\t\t\t\t\t\t\t\t\t\t\t\t<span class=\"ekit-stylish-list-content-description\">Vo farmaceutickom priemysle sa vysoko substituovan\u00e1 hydroxypropylcelul\u00f3za (H-HPC) pou\u017e\u00edva predov\u0161etk\u00fdm ako spojivo v tablet\u00e1ch, granul\u00e1ch a granulovan\u00fdch materi\u00e1loch. Jej pou\u017eitie sa zvy\u010dajne pohybuje od 1% do 5% celkovej hmotnosti lieku. HPC m\u00f4\u017ee zv\u00fd\u0161i\u0165 stabilitu a tvrdos\u0165 tabliet a jej \u010das rozp\u00fa\u0161\u0165ania je lep\u0161\u00ed ako u tabliet, ktor\u00e9 pou\u017e\u00edvaj\u00fa in\u00e9 materi\u00e1ly ako spojiv\u00e1. V\u010faka tomu je HPC d\u00f4le\u017eitou zlo\u017ekou na optimaliz\u00e1ciu liekov\u00fdch foriem a zlep\u0161enie \u00fa\u010dinnosti uvo\u013e\u0148ovania lie\u010diva.<\/span>\n\t\t\t\t\t\t\t\t\t\t\t\t\t<\/div>\n\t\t\t\t\t\t\t\t\t\t\t<\/div>\n\t\t\t\t\t\n\t\t\t\t<\/li>\n\t\t\t\t\t\t\t\t\t<\/ul>\n\t<\/div>\t\t\t\t<\/div>\n\t\t\t\t<\/div>\n\t\t\t\t\t<\/div>\n\t\t<\/div>\n\t\t\t\t<div class=\"elementor-column elementor-col-50 elementor-inner-column elementor-element elementor-element-1b3d35aa\" data-id=\"1b3d35aa\" data-element_type=\"column\">\n\t\t\t<div class=\"elementor-widget-wrap elementor-element-populated\">\n\t\t\t\t\t\t<div class=\"elementor-element elementor-element-ef33b19 elementor-widget elementor-widget-elementskit-stylish-list\" data-id=\"ef33b19\" data-element_type=\"widget\" data-settings=\"{&quot;ekit_we_effect_on&quot;:&quot;none&quot;}\" data-widget_type=\"elementskit-stylish-list.default\">\n\t\t\t\t<div class=\"elementor-widget-container\">\n\t\t\t\t\t<div class=\"ekit-wid-con\">\t\t<ul class=\"ekit-stylish-list\" >\n\t\t\t\t\t\t\t<li class=\"ekit-stylish-list-content-wrapper elementor-repeater-item-be39af2\" >\n\t\t\t\t\t\t\t\t\t\t<div class=\"ekit-stylish-list-content\">\n\t\t\t\t\t\t\t\t\t\t\t\t\t\t\t\t\t\t\t\t\t\t\t\t<div class=\"ekit-stylish-list-content-text\">\n\t\t\t\t\t\t\t<span class=\"ekit-stylish-list-content-title\">Obalov\u00fd materi\u00e1l na tablety<\/span>\n\t\t\t\t\t\t\t\t\t\t\t\t\t\t\t<span class=\"ekit-stylish-list-content-description\">Vysoko substituovan\u00e1 hydroxypropylcelul\u00f3za, \u010dasto ozna\u010dovan\u00e1 skratkou H-HPC, sa vo farmaceutickom priemysle \u010dasto pou\u017e\u00edva ako materi\u00e1l na filmov\u00e9 po\u0165ahovanie tabliet. Vyzna\u010duje sa v\u00fdnimo\u010dn\u00fdmi filmotvorn\u00fdmi vlastnos\u0165ami, v\u010faka ktor\u00fdm vznik\u00e1 film, ktor\u00fd je nielen pevn\u00fd, ale aj pru\u017en\u00fd, kvalitou porovnate\u013en\u00fd s filmami vyroben\u00fdmi pomocou plastifik\u00e1torov. Jednou z pozoruhodn\u00fdch vlastnost\u00ed H-HPC je jeho schopnos\u0165 udr\u017eiava\u0165 pozoruhodne n\u00edzky rovnov\u00e1\u017eny obsah vlhkosti. <\/span>\n\t\t\t\t\t\t\t\t\t\t\t\t\t<\/div>\n\t\t\t\t\t\t\t\t\t\t\t<\/div>\n\t\t\t\t\t\n\t\t\t\t<\/li>\n\t\t\t\t\t\t\t\t\t<\/ul>\n\t<\/div>\t\t\t\t<\/div>\n\t\t\t\t<\/div>\n\t\t\t\t\t<\/div>\n\t\t<\/div>\n\t\t\t\t\t<\/div>\n\t\t<\/section>\n\t\t\t\t\t<\/div>\n\t\t<\/div>\n\t\t\t\t\t<\/div>\n\t\t<\/section>\n\t\t\t\t<section class=\"elementor-section elementor-top-section elementor-element elementor-element-68c9a3a elementor-section-boxed elementor-section-height-default elementor-section-height-default\" data-id=\"68c9a3a\" data-element_type=\"section\" data-settings=\"{&quot;ekit_has_onepagescroll_dot&quot;:&quot;yes&quot;}\">\n\t\t\t\t\t\t<div class=\"elementor-container elementor-column-gap-default\">\n\t\t\t\t\t<div class=\"elementor-column elementor-col-100 elementor-top-column elementor-element elementor-element-236cf49\" data-id=\"236cf49\" data-element_type=\"column\">\n\t\t\t<div class=\"elementor-widget-wrap elementor-element-populated\">\n\t\t\t\t\t\t<section class=\"elementor-section elementor-inner-section elementor-element elementor-element-4898ccc elementor-section-full_width elementor-section-height-default elementor-section-height-default\" data-id=\"4898ccc\" data-element_type=\"section\" data-settings=\"{&quot;background_background&quot;:&quot;classic&quot;,&quot;ekit_has_onepagescroll_dot&quot;:&quot;yes&quot;}\">\n\t\t\t\t\t\t<div class=\"elementor-container elementor-column-gap-default\">\n\t\t\t\t\t<div class=\"elementor-column elementor-col-100 elementor-inner-column elementor-element elementor-element-5fa0893\" data-id=\"5fa0893\" data-element_type=\"column\">\n\t\t\t<div class=\"elementor-widget-wrap elementor-element-populated\">\n\t\t\t\t\t\t<div class=\"elementor-element elementor-element-e46b95e elementor-widget elementor-widget-elementskit-heading\" data-id=\"e46b95e\" data-element_type=\"widget\" data-settings=\"{&quot;ekit_we_effect_on&quot;:&quot;none&quot;}\" data-widget_type=\"elementskit-heading.default\">\n\t\t\t\t<div class=\"elementor-widget-container\">\n\t\t\t\t\t<div class=\"ekit-wid-con\" ><div class=\"ekit-heading elementskit-section-title-wraper center   ekit_heading_tablet-   ekit_heading_mobile-\"><h2 class=\"ekit-heading--title elementskit-section-title\">Potrebujete viac podpory ?<\/h2>\t\t\t\t<div class='ekit-heading__description'>\n\t\t\t\t\t<p>Ak potrebujete ak\u00fako\u013evek pomoc alebo m\u00e1te ot\u00e1zky, nev\u00e1hajte sa obr\u00e1ti\u0165 na n\u00e1\u0161 technick\u00fd t\u00edm.<\/p>\n\t\t\t\t<\/div>\n\t\t\t<\/div><\/div>\t\t\t\t<\/div>\n\t\t\t\t<\/div>\n\t\t\t\t<div class=\"elementor-element elementor-element-0e67316 elementor-align--mobilecenter elementor-align-center elementor-widget elementor-widget-elementskit-button\" data-id=\"0e67316\" data-element_type=\"widget\" data-settings=\"{&quot;ekit_we_effect_on&quot;:&quot;none&quot;}\" data-widget_type=\"elementskit-button.default\">\n\t\t\t\t<div class=\"elementor-widget-container\">\n\t\t\t\t\t<div class=\"ekit-wid-con\" >\t\t<div class=\"ekit-btn-wraper\">\n\t\t\t\t\t\t\t<a href=\"#elementor-action%3Aaction%3Dpopup%3Aopen%26settings%3DeyJpZCI6IjE1MTkiLCJ0b2dnbGUiOmZhbHNlfQ%3D%3D\" class=\"elementskit-btn  whitespace--normal\" id=\"\">\n\t\t\t\t\tTechnick\u00e1 pomoc\t\t\t\t<\/a>\n\t\t\t\t\t<\/div>\n        <\/div>\t\t\t\t<\/div>\n\t\t\t\t<\/div>\n\t\t\t\t\t<\/div>\n\t\t<\/div>\n\t\t\t\t\t<\/div>\n\t\t<\/section>\n\t\t\t\t\t<\/div>\n\t\t<\/div>\n\t\t\t\t\t<\/div>\n\t\t<\/section>\n\t\t\t\t<\/div>","protected":false},"excerpt":{"rendered":"<p>Farmaceutick\u00e1 vysoko substituovan\u00e1 hydroxypropylcelul\u00f3za (H-HPC) H-HPC m\u00f4\u017ee p\u00f4sobi\u0165 ako spojivo vo farmaceutick\u00fdch aplik\u00e1ci\u00e1ch, ako je tvorba tabliet a gran\u00fal, \u010d\u00edm zlep\u0161uje trvanlivos\u0165 a tuhos\u0165 tabliet. V\u010faka svojim v\u00fdnimo\u010dn\u00fdm filmotvorn\u00fdm vlastnostiam dok\u00e1\u017ee H-HPC vytv\u00e1ra\u0165 pevn\u00e9 a pru\u017en\u00e9 filmy, \u010do ju stavia do poz\u00edcie vynikaj\u00facej vo\u013eby pre filmov\u00e9 po\u0165ahov\u00e9 materi\u00e1ly. Vysokozast\u00fapen\u00e1 HPC farmaceutickej triedy [...]<\/p>","protected":false},"author":1,"featured_media":0,"parent":9903,"menu_order":0,"comment_status":"closed","ping_status":"closed","template":"elementor_header_footer","meta":{"footnotes":""},"class_list":["post-12586","page","type-page","status-publish","hentry"],"_links":{"self":[{"href":"https:\/\/landu-china.com\/sk\/wp-json\/wp\/v2\/pages\/12586","targetHints":{"allow":["GET"]}}],"collection":[{"href":"https:\/\/landu-china.com\/sk\/wp-json\/wp\/v2\/pages"}],"about":[{"href":"https:\/\/landu-china.com\/sk\/wp-json\/wp\/v2\/types\/page"}],"author":[{"embeddable":true,"href":"https:\/\/landu-china.com\/sk\/wp-json\/wp\/v2\/users\/1"}],"replies":[{"embeddable":true,"href":"https:\/\/landu-china.com\/sk\/wp-json\/wp\/v2\/comments?post=12586"}],"version-history":[{"count":41,"href":"https:\/\/landu-china.com\/sk\/wp-json\/wp\/v2\/pages\/12586\/revisions"}],"predecessor-version":[{"id":19099,"href":"https:\/\/landu-china.com\/sk\/wp-json\/wp\/v2\/pages\/12586\/revisions\/19099"}],"up":[{"embeddable":true,"href":"https:\/\/landu-china.com\/sk\/wp-json\/wp\/v2\/pages\/9903"}],"wp:attachment":[{"href":"https:\/\/landu-china.com\/sk\/wp-json\/wp\/v2\/media?parent=12586"}],"curies":[{"name":"wp","href":"https:\/\/api.w.org\/{rel}","templated":true}]}}