{"id":11605,"date":"2024-10-15T16:23:22","date_gmt":"2024-10-15T08:23:22","guid":{"rendered":"https:\/\/landu-china.com\/?page_id=11605"},"modified":"2024-11-06T10:43:36","modified_gmt":"2024-11-06T02:43:36","slug":"potravinarska-vysoko-substituovana-hydroxypropylceluloza","status":"publish","type":"page","link":"https:\/\/landu-china.com\/sk\/produkty\/pridavne-latky-v-potravinach\/potravinarska-vysoko-substituovana-hydroxypropylceluloza\/","title":{"rendered":"Potravin\u00e1rska vysoko substituovan\u00e1 hydroxypropylcelul\u00f3za"},"content":{"rendered":"<div data-elementor-type=\"wp-page\" data-elementor-id=\"11605\" class=\"elementor elementor-11605\" data-elementor-post-type=\"page\">\n\t\t\t\t<div class=\"elementor-element elementor-element-8e5ed44 e-con-full e-flex e-con e-parent\" data-id=\"8e5ed44\" data-element_type=\"container\" data-settings=\"{&quot;ekit_has_onepagescroll_dot&quot;:&quot;yes&quot;}\">\n\t\t\t\t<div class=\"elementor-element elementor-element-e88d62d elementor--h-position-center elementor--v-position-middle elementor-arrows-position-inside elementor-pagination-position-inside elementor-widget elementor-widget-slides\" data-id=\"e88d62d\" data-element_type=\"widget\" data-settings=\"{&quot;navigation&quot;:&quot;both&quot;,&quot;autoplay&quot;:&quot;yes&quot;,&quot;pause_on_hover&quot;:&quot;yes&quot;,&quot;pause_on_interaction&quot;:&quot;yes&quot;,&quot;autoplay_speed&quot;:5000,&quot;infinite&quot;:&quot;yes&quot;,&quot;transition&quot;:&quot;slide&quot;,&quot;transition_speed&quot;:500,&quot;ekit_we_effect_on&quot;:&quot;none&quot;}\" data-widget_type=\"slides.default\">\n\t\t\t\t<div class=\"elementor-widget-container\">\n\t\t\t\t\t\t\t\t\t<div class=\"elementor-swiper\">\n\t\t\t\t\t<div class=\"elementor-slides-wrapper elementor-main-swiper swiper\" role=\"region\" aria-roledescription=\"carousel\" aria-label=\"Prezent\u00e1cie\" dir=\"ltr\" data-animation=\"fadeInUp\">\n\t\t\t\t<div class=\"swiper-wrapper elementor-slides\">\n\t\t\t\t\t\t\t\t\t\t<div class=\"elementor-repeater-item-9f5a44f swiper-slide\" role=\"group\" aria-roledescription=\"slide\"><div class=\"swiper-slide-bg elementor-ken-burns elementor-ken-burns--in\" role=\"img\"><\/div><div class=\"elementor-background-overlay\"><\/div><div class=\"swiper-slide-inner\" ><div class=\"swiper-slide-contents\"><h1 class=\"elementor-slide-heading\">Potravin\u00e1rska vysoko substitu\u010dn\u00e1 hydroxypropylcelul\u00f3za (H-HPC)<\/h1><div class=\"elementor-slide-description\">V potravin\u00e1rskom a n\u00e1pojovom priemysle sa vysoko substitu\u010dn\u00e1 hydroxypropylcelul\u00f3za (H-HPC) \u0161iroko pou\u017e\u00edva ako emulg\u00e1tor, stabiliz\u00e1tor a zahus\u0165ovadlo pre r\u00f4zne potraviny.<\/div><\/div><\/div><\/div>\t\t\t\t<\/div>\n\t\t\t\t\t\t\t<\/div>\n\t\t\t\t<\/div>\n\t\t\t\t\t\t\t\t<\/div>\n\t\t\t\t<\/div>\n\t\t\t\t<\/div>\n\t\t\t\t<section class=\"elementor-section elementor-top-section elementor-element elementor-element-4ee4086e elementor-section-boxed elementor-section-height-default elementor-section-height-default\" data-id=\"4ee4086e\" data-element_type=\"section\" data-settings=\"{&quot;ekit_has_onepagescroll_dot&quot;:&quot;yes&quot;}\">\n\t\t\t\t\t\t<div class=\"elementor-container elementor-column-gap-default\">\n\t\t\t\t\t<div class=\"elementor-column elementor-col-50 elementor-top-column elementor-element elementor-element-18be4841\" data-id=\"18be4841\" data-element_type=\"column\" data-settings=\"{&quot;background_background&quot;:&quot;classic&quot;}\">\n\t\t\t<div class=\"elementor-widget-wrap elementor-element-populated\">\n\t\t\t\t\t\t<div class=\"elementor-element elementor-element-81a5461 elementor-widget elementor-widget-spacer\" data-id=\"81a5461\" data-element_type=\"widget\" data-settings=\"{&quot;ekit_we_effect_on&quot;:&quot;none&quot;}\" data-widget_type=\"spacer.default\">\n\t\t\t\t<div class=\"elementor-widget-container\">\n\t\t\t\t\t\t\t<div class=\"elementor-spacer\">\n\t\t\t<div class=\"elementor-spacer-inner\"><\/div>\n\t\t<\/div>\n\t\t\t\t\t\t<\/div>\n\t\t\t\t<\/div>\n\t\t\t\t\t<\/div>\n\t\t<\/div>\n\t\t\t\t<div class=\"elementor-column elementor-col-50 elementor-top-column elementor-element elementor-element-125b4494\" data-id=\"125b4494\" data-element_type=\"column\">\n\t\t\t<div class=\"elementor-widget-wrap elementor-element-populated\">\n\t\t\t\t\t\t<div class=\"elementor-element elementor-element-60da59cc elementor-widget elementor-widget-elementskit-heading\" data-id=\"60da59cc\" data-element_type=\"widget\" data-settings=\"{&quot;ekit_we_effect_on&quot;:&quot;none&quot;}\" data-widget_type=\"elementskit-heading.default\">\n\t\t\t\t<div class=\"elementor-widget-container\">\n\t\t\t\t\t<div class=\"ekit-wid-con\" ><div class=\"ekit-heading elementskit-section-title-wraper text_left   ekit_heading_tablet-   ekit_heading_mobile-\"><h2 class=\"ekit-heading--title elementskit-section-title\">Potravin\u00e1rska vysoko substitu\u010dn\u00e1 hydroxypropylcelul\u00f3za (H-HPC)<\/h2><h3 class=\"ekit-heading--subtitle elementskit-section-subtitle\">\n\t\t\t\t\t\t\"Jednostup\u0148ov\u00e1 suspenzn\u00e1 met\u00f3da\" na v\u00fdrobu vysoko substituovan\u00e9ho hydroxypropylcelul\u00f3zov\u00e9ho \u00e9teru (obsahuj\u00faceho hydroxypropoxy 50-80%) pozost\u00e1va z alkaliz\u00e1cie, eterifik\u00e1cie a neutraliz\u00e1cie.\n\t\t\t\t\t<\/h3>\t\t\t\t<div class='ekit-heading__description'>\n\t\t\t\t\t<p>H-HPC p\u00f4sob\u00ed predov\u0161etk\u00fdm ako zahus\u0165ovadlo a stabiliz\u00e1tor, ktor\u00fd zlep\u0161uje \u0161trukt\u00faru a viskozitu r\u00f4znych potravin\u00e1rskych v\u00fdrobkov. V\u010faka svojej schopnosti vytv\u00e1ra\u0165 stabiln\u00e9 g\u00e9ly a emulzie je obzvl\u00e1\u0161\u0165 u\u017eito\u010dn\u00e1 v om\u00e1\u010dkach, dresingoch a mlie\u010dnych v\u00fdrobkoch, kde pom\u00e1ha udr\u017eiava\u0165 konzistenciu a zabra\u0148uje odde\u013eovaniu. Okrem toho H-HPC m\u00f4\u017ee zlep\u0161i\u0165 pocit v \u00fastach v pr\u00edpravkoch s n\u00edzkym obsahom tuku, preto\u017ee poskytuje kr\u00e9mov\u00fa text\u00faru bez potreby pridania tukov.<\/p>\n\t\t\t\t<\/div>\n\t\t\t<\/div><\/div>\t\t\t\t<\/div>\n\t\t\t\t<\/div>\n\t\t\t\t<div class=\"elementor-element elementor-element-8e8fc0f elementor-align-left elementor-widget elementor-widget-elementskit-button\" data-id=\"8e8fc0f\" data-element_type=\"widget\" data-settings=\"{&quot;ekit_we_effect_on&quot;:&quot;none&quot;}\" data-widget_type=\"elementskit-button.default\">\n\t\t\t\t<div class=\"elementor-widget-container\">\n\t\t\t\t\t<div class=\"ekit-wid-con\" >\t\t<div class=\"ekit-btn-wraper\">\n\t\t\t\t\t\t\t<a href=\"#elementor-action%3Aaction%3Dpopup%3Aopen%26settings%3DeyJpZCI6IjE1MTkiLCJ0b2dnbGUiOmZhbHNlfQ%3D%3D\" class=\"elementskit-btn  whitespace--normal\" id=\"\">\n\t\t\t\t\tPo\u017eiada\u0165 o bezplatn\u00fa cenov\u00fa ponuku<i class=\"fasicon icon-arrow-right\"><\/i>\t\t\t\t<\/a>\n\t\t\t\t\t<\/div>\n        <\/div>\t\t\t\t<\/div>\n\t\t\t\t<\/div>\n\t\t\t\t\t<\/div>\n\t\t<\/div>\n\t\t\t\t\t<\/div>\n\t\t<\/section>\n\t\t\t\t<section class=\"elementor-section elementor-top-section elementor-element elementor-element-648fafbe elementor-section-boxed elementor-section-height-default elementor-section-height-default\" data-id=\"648fafbe\" data-element_type=\"section\" data-settings=\"{&quot;ekit_has_onepagescroll_dot&quot;:&quot;yes&quot;}\">\n\t\t\t\t\t\t<div class=\"elementor-container elementor-column-gap-default\">\n\t\t\t\t\t<div class=\"elementor-column elementor-col-100 elementor-top-column elementor-element elementor-element-c732d59\" data-id=\"c732d59\" data-element_type=\"column\">\n\t\t\t<div class=\"elementor-widget-wrap elementor-element-populated\">\n\t\t\t\t\t\t<section class=\"elementor-section elementor-inner-section elementor-element elementor-element-41bd753 elementor-section-boxed elementor-section-height-default elementor-section-height-default\" data-id=\"41bd753\" data-element_type=\"section\" data-settings=\"{&quot;ekit_has_onepagescroll_dot&quot;:&quot;yes&quot;}\">\n\t\t\t\t\t\t<div class=\"elementor-container elementor-column-gap-default\">\n\t\t\t\t\t<div class=\"elementor-column elementor-col-25 elementor-inner-column elementor-element elementor-element-78321446\" data-id=\"78321446\" data-element_type=\"column\">\n\t\t\t<div class=\"elementor-widget-wrap elementor-element-populated\">\n\t\t\t\t\t\t<div class=\"elementor-element elementor-element-4f5d1866 ekit-equal-height-disable elementor-widget elementor-widget-elementskit-icon-box\" data-id=\"4f5d1866\" data-element_type=\"widget\" data-settings=\"{&quot;ekit_we_effect_on&quot;:&quot;none&quot;}\" data-widget_type=\"elementskit-icon-box.default\">\n\t\t\t\t<div class=\"elementor-widget-container\">\n\t\t\t\t\t<div class=\"ekit-wid-con\" >        <!-- link opening -->\n                <!-- end link opening -->\n\n        <div class=\"elementskit-infobox text- text- icon-lef-right-aligin elementor-animation-bob\">\n                        <div class=\"box-body\">\n                            <h3 class=\"elementskit-info-box-title\">\n                    Biely pr\u00e1\u0161ok bez z\u00e1pachu a chuti.                <\/h3>\n                        \t\t  \t<p>Rozpustn\u00fd vo vode a r\u00f4znych organick\u00fdch rozp\u00fa\u0161\u0165adl\u00e1ch, ako je etanol a acet\u00f3n, pri izbovej teplote; roztoky s\u00fa \u010d\u00edre.<\/p>\n                                        <div class=\"box-footer disable_hover_button\">\n                    <div class=\"btn-wraper\">\n                                                            <a class=\"elementskit-btn whitespace--normal\" href=\"#elementor-action%3Aaction%3Dpopup%3Aopen%26settings%3DeyJpZCI6IjE1MTkiLCJ0b2dnbGUiOmZhbHNlfQ%3D%3D\">\n                                        Dozvedie\u0165 sa viac                                                                            <\/a>\n                                                        <\/div>\n                <\/div>\n                    <\/div>\n        \n        \n                <\/div>\n        <\/div>\t\t\t\t<\/div>\n\t\t\t\t<\/div>\n\t\t\t\t\t<\/div>\n\t\t<\/div>\n\t\t\t\t<div class=\"elementor-column elementor-col-25 elementor-inner-column elementor-element elementor-element-21e3d14c\" data-id=\"21e3d14c\" data-element_type=\"column\">\n\t\t\t<div class=\"elementor-widget-wrap elementor-element-populated\">\n\t\t\t\t\t\t<div class=\"elementor-element elementor-element-137ad64 ekit-equal-height-disable elementor-widget elementor-widget-elementskit-icon-box\" data-id=\"137ad64\" data-element_type=\"widget\" data-settings=\"{&quot;ekit_we_effect_on&quot;:&quot;none&quot;}\" data-widget_type=\"elementskit-icon-box.default\">\n\t\t\t\t<div class=\"elementor-widget-container\">\n\t\t\t\t\t<div class=\"ekit-wid-con\" >        <!-- link opening -->\n                <!-- end link opening -->\n\n        <div class=\"elementskit-infobox text- text- icon-lef-right-aligin elementor-animation-bob\">\n                        <div class=\"box-body\">\n                            <h3 class=\"elementskit-info-box-title\">\n                    Vynikaj\u00face filmotvorn\u00e9 vlastnosti.                <\/h3>\n                        \t\t  \t<p>H-HPC je dobr\u00fd termoplastick\u00fd materi\u00e1l s vynikaj\u00facimi filmotvorn\u00fdmi vlastnos\u0165ami. Filmy s\u00fa pevn\u00e9, leskl\u00e9 a vysoko elastick\u00e9.<\/p>\n                                        <div class=\"box-footer disable_hover_button\">\n                    <div class=\"btn-wraper\">\n                                                            <a class=\"elementskit-btn whitespace--normal\" href=\"#elementor-action%3Aaction%3Dpopup%3Aopen%26settings%3DeyJpZCI6IjE1MTkiLCJ0b2dnbGUiOmZhbHNlfQ%3D%3D\">\n                                        Dozvedie\u0165 sa viac                                                                            <\/a>\n                                                        <\/div>\n                <\/div>\n                    <\/div>\n        \n        \n                <\/div>\n        <\/div>\t\t\t\t<\/div>\n\t\t\t\t<\/div>\n\t\t\t\t\t<\/div>\n\t\t<\/div>\n\t\t\t\t<div class=\"elementor-column elementor-col-25 elementor-inner-column elementor-element elementor-element-e49ca8d\" data-id=\"e49ca8d\" data-element_type=\"column\">\n\t\t\t<div class=\"elementor-widget-wrap elementor-element-populated\">\n\t\t\t\t\t\t<div class=\"elementor-element elementor-element-6fa5274 ekit-equal-height-disable elementor-widget elementor-widget-elementskit-icon-box\" data-id=\"6fa5274\" data-element_type=\"widget\" data-settings=\"{&quot;ekit_we_effect_on&quot;:&quot;none&quot;}\" data-widget_type=\"elementskit-icon-box.default\">\n\t\t\t\t<div class=\"elementor-widget-container\">\n\t\t\t\t\t<div class=\"ekit-wid-con\" >        <!-- link opening -->\n                <!-- end link opening -->\n\n        <div class=\"elementskit-infobox text- text- icon-lef-right-aligin elementor-animation-bob\">\n                        <div class=\"box-body\">\n                            <h3 class=\"elementskit-info-box-title\">\n                    n\u00edzky obsah popola.                <\/h3>\n                        \t\t  \t<p>V\u010faka ve\u013emi n\u00edzkemu obsahu popola m\u00e1 tento v\u00fdrobok vynikaj\u00face adh\u00e9zne vlastnosti. Pri pou\u017eit\u00ed ako zahus\u0165ovadlo emulzie je vysoko stabiln\u00fd a m\u00e1 dobr\u00fa dispergovate\u013enos\u0165.<\/p>\n                                        <div class=\"box-footer disable_hover_button\">\n                    <div class=\"btn-wraper\">\n                                                            <a class=\"elementskit-btn whitespace--normal\" href=\"#elementor-action%3Aaction%3Dpopup%3Aopen%26settings%3DeyJpZCI6IjE1MTkiLCJ0b2dnbGUiOmZhbHNlfQ%3D%3D\">\n                                        Dozvedie\u0165 sa viac                                                                            <\/a>\n                                                        <\/div>\n                <\/div>\n                    <\/div>\n        \n        \n                <\/div>\n        <\/div>\t\t\t\t<\/div>\n\t\t\t\t<\/div>\n\t\t\t\t\t<\/div>\n\t\t<\/div>\n\t\t\t\t<div class=\"elementor-column elementor-col-25 elementor-inner-column elementor-element elementor-element-506a50b7\" data-id=\"506a50b7\" data-element_type=\"column\">\n\t\t\t<div class=\"elementor-widget-wrap elementor-element-populated\">\n\t\t\t\t\t\t<div class=\"elementor-element elementor-element-5960940 ekit-equal-height-disable elementor-widget elementor-widget-elementskit-icon-box\" data-id=\"5960940\" data-element_type=\"widget\" data-settings=\"{&quot;ekit_we_effect_on&quot;:&quot;none&quot;}\" data-widget_type=\"elementskit-icon-box.default\">\n\t\t\t\t<div class=\"elementor-widget-container\">\n\t\t\t\t\t<div class=\"ekit-wid-con\" >        <!-- link opening -->\n                <!-- end link opening -->\n\n        <div class=\"elementskit-infobox text- text- icon-lef-right-aligin elementor-animation-bob\">\n                        <div class=\"box-body\">\n                            <h3 class=\"elementskit-info-box-title\">\n                    Siln\u00e9 antibakteri\u00e1lne vlastnosti.                <\/h3>\n                        \t\t  \t<p>Substitu\u010dn\u00e9 skupiny v H-HPC s\u00fa rovnomerne a \u00faplne rozlo\u017een\u00e9, \u010do mu dod\u00e1va siln\u00e9 antibakteri\u00e1lne vlastnosti. M\u00e1 tie\u017e n\u00edzky obsah rovnov\u00e1\u017enej vlhkosti.<\/p>\n                                        <div class=\"box-footer disable_hover_button\">\n                    <div class=\"btn-wraper\">\n                                                            <a class=\"elementskit-btn whitespace--normal\" href=\"#elementor-action%3Aaction%3Dpopup%3Aopen%26settings%3DeyJpZCI6IjE1MTkiLCJ0b2dnbGUiOmZhbHNlfQ%3D%3D\">\n                                        Dozvedie\u0165 sa viac                                                                            <\/a>\n                                                        <\/div>\n                <\/div>\n                    <\/div>\n        \n        \n                <\/div>\n        <\/div>\t\t\t\t<\/div>\n\t\t\t\t<\/div>\n\t\t\t\t\t<\/div>\n\t\t<\/div>\n\t\t\t\t\t<\/div>\n\t\t<\/section>\n\t\t\t\t\t<\/div>\n\t\t<\/div>\n\t\t\t\t\t<\/div>\n\t\t<\/section>\n\t\t\t\t<section class=\"elementor-section elementor-top-section elementor-element elementor-element-1d05d612 elementor-section-full_width elementor-section-height-default elementor-section-height-default\" data-id=\"1d05d612\" data-element_type=\"section\" id=\"xs_cta_style_19\" data-settings=\"{&quot;ekit_has_onepagescroll_dot&quot;:&quot;yes&quot;}\">\n\t\t\t\t\t\t<div class=\"elementor-container elementor-column-gap-default\">\n\t\t\t\t\t<div class=\"elementor-column elementor-col-100 elementor-top-column elementor-element elementor-element-39370e0f\" data-id=\"39370e0f\" data-element_type=\"column\">\n\t\t\t<div class=\"elementor-widget-wrap elementor-element-populated\">\n\t\t\t\t\t\t<section class=\"elementor-section elementor-inner-section elementor-element elementor-element-25418739 elementor-section-full_width elementor-section-height-default elementor-section-height-default\" data-id=\"25418739\" data-element_type=\"section\" data-settings=\"{&quot;background_background&quot;:&quot;classic&quot;,&quot;ekit_has_onepagescroll_dot&quot;:&quot;yes&quot;}\">\n\t\t\t\t\t\t<div class=\"elementor-container elementor-column-gap-default\">\n\t\t\t\t\t<div class=\"elementor-column elementor-col-100 elementor-inner-column elementor-element elementor-element-1207794e\" data-id=\"1207794e\" data-element_type=\"column\">\n\t\t\t<div class=\"elementor-widget-wrap elementor-element-populated\">\n\t\t\t\t\t\t<div class=\"elementor-element elementor-element-26ddaf8 elementor-widget elementor-widget-elementskit-heading\" data-id=\"26ddaf8\" data-element_type=\"widget\" data-settings=\"{&quot;ekit_we_effect_on&quot;:&quot;none&quot;}\" data-widget_type=\"elementskit-heading.default\">\n\t\t\t\t<div class=\"elementor-widget-container\">\n\t\t\t\t\t<div class=\"ekit-wid-con\" ><div class=\"ekit-heading elementskit-section-title-wraper center   ekit_heading_tablet-   ekit_heading_mobile-\"><h2 class=\"ekit-heading--title elementskit-section-title\">Potrebujete viac podpory ?<\/h2>\t\t\t\t<div class='ekit-heading__description'>\n\t\t\t\t\t<p>Ak potrebujete ak\u00fako\u013evek pomoc alebo m\u00e1te ot\u00e1zky, nev\u00e1hajte sa obr\u00e1ti\u0165 na n\u00e1\u0161 technick\u00fd t\u00edm.<\/p>\n\t\t\t\t<\/div>\n\t\t\t<\/div><\/div>\t\t\t\t<\/div>\n\t\t\t\t<\/div>\n\t\t\t\t<div class=\"elementor-element elementor-element-38dc5702 elementor-align--mobilecenter elementor-align-center elementor-widget elementor-widget-elementskit-button\" data-id=\"38dc5702\" data-element_type=\"widget\" data-settings=\"{&quot;ekit_we_effect_on&quot;:&quot;none&quot;}\" data-widget_type=\"elementskit-button.default\">\n\t\t\t\t<div class=\"elementor-widget-container\">\n\t\t\t\t\t<div class=\"ekit-wid-con\" >\t\t<div class=\"ekit-btn-wraper\">\n\t\t\t\t\t\t\t<a href=\"#elementor-action%3Aaction%3Dpopup%3Aopen%26settings%3DeyJpZCI6IjE1MTkiLCJ0b2dnbGUiOmZhbHNlfQ%3D%3D\" class=\"elementskit-btn  whitespace--normal\" id=\"\">\n\t\t\t\t\tTechnick\u00e1 pomoc\t\t\t\t<\/a>\n\t\t\t\t\t<\/div>\n        <\/div>\t\t\t\t<\/div>\n\t\t\t\t<\/div>\n\t\t\t\t\t<\/div>\n\t\t<\/div>\n\t\t\t\t\t<\/div>\n\t\t<\/section>\n\t\t\t\t\t<\/div>\n\t\t<\/div>\n\t\t\t\t\t<\/div>\n\t\t<\/section>\n\t\t\t\t<\/div>","protected":false},"excerpt":{"rendered":"<p>Potravin\u00e1rska vysoko substitu\u010dn\u00e1 hydroxypropylcelul\u00f3za (H-HPC) V potravin\u00e1rskom a n\u00e1pojovom priemysle sa vysoko substitu\u010dn\u00e1 hydroxypropylcelul\u00f3za (H-HPC) \u0161iroko pou\u017e\u00edva ako emulg\u00e1tor, stabiliz\u00e1tor a zahus\u0165ovadlo pre r\u00f4zne potraviny. Vysokozast\u00fapen\u00e1 hydroxypropylcelul\u00f3za (H-HPC) potravin\u00e1rskej triedy \"jednokrokov\u00e1 suspenzn\u00e1 met\u00f3da\" na v\u00fdrobu vysokozast\u00fapen\u00e9ho hydroxypropylcelul\u00f3zov\u00e9ho \u00e9teru (obsahuj\u00faceho hydroxypropoxy 50-80%) pozost\u00e1va z alkaliz\u00e1cie, \u00e9teriz\u00e1cie a neutraliz\u00e1cie. H-HPC p\u00f4sob\u00ed predov\u0161etk\u00fdm [...]<\/p>","protected":false},"author":1,"featured_media":0,"parent":9722,"menu_order":0,"comment_status":"closed","ping_status":"closed","template":"elementor_header_footer","meta":{"footnotes":""},"class_list":["post-11605","page","type-page","status-publish","hentry"],"_links":{"self":[{"href":"https:\/\/landu-china.com\/sk\/wp-json\/wp\/v2\/pages\/11605","targetHints":{"allow":["GET"]}}],"collection":[{"href":"https:\/\/landu-china.com\/sk\/wp-json\/wp\/v2\/pages"}],"about":[{"href":"https:\/\/landu-china.com\/sk\/wp-json\/wp\/v2\/types\/page"}],"author":[{"embeddable":true,"href":"https:\/\/landu-china.com\/sk\/wp-json\/wp\/v2\/users\/1"}],"replies":[{"embeddable":true,"href":"https:\/\/landu-china.com\/sk\/wp-json\/wp\/v2\/comments?post=11605"}],"version-history":[{"count":54,"href":"https:\/\/landu-china.com\/sk\/wp-json\/wp\/v2\/pages\/11605\/revisions"}],"predecessor-version":[{"id":18365,"href":"https:\/\/landu-china.com\/sk\/wp-json\/wp\/v2\/pages\/11605\/revisions\/18365"}],"up":[{"embeddable":true,"href":"https:\/\/landu-china.com\/sk\/wp-json\/wp\/v2\/pages\/9722"}],"wp:attachment":[{"href":"https:\/\/landu-china.com\/sk\/wp-json\/wp\/v2\/media?parent=11605"}],"curies":[{"name":"wp","href":"https:\/\/api.w.org\/{rel}","templated":true}]}}