{"id":410,"date":"2024-06-18T13:35:02","date_gmt":"2024-06-18T05:35:02","guid":{"rendered":"https:\/\/landu-china.com\/?page_id=410"},"modified":"2025-08-04T13:31:37","modified_gmt":"2025-08-04T05:31:37","slug":"servicii-de-productie-sub-contract","status":"publish","type":"page","link":"https:\/\/landu-china.com\/ro\/servicii-de-productie-sub-contract\/","title":{"rendered":"Servicii contractuale de fabrica\u021bie"},"content":{"rendered":"<div data-elementor-type=\"wp-page\" data-elementor-id=\"410\" class=\"elementor elementor-410\" data-elementor-post-type=\"page\">\n\t\t\t\t<div class=\"elementor-element elementor-element-f81d54a e-flex e-con-boxed e-con e-parent\" data-id=\"f81d54a\" data-element_type=\"container\" data-settings=\"{&quot;background_background&quot;:&quot;classic&quot;,&quot;ekit_has_onepagescroll_dot&quot;:&quot;yes&quot;}\">\n\t\t\t\t\t<div class=\"e-con-inner\">\n\t\t\t\t<div class=\"elementor-element elementor-element-b3a9adb elementor-widget__width-initial elementor-widget elementor-widget-heading\" data-id=\"b3a9adb\" data-element_type=\"widget\" data-settings=\"{&quot;ekit_we_effect_on&quot;:&quot;none&quot;}\" data-widget_type=\"heading.default\">\n\t\t\t\t<div class=\"elementor-widget-container\">\n\t\t\t\t\t<h2 class=\"elementor-heading-title elementor-size-default\">Servicii contractuale de fabrica\u021bie<\/h2>\t\t\t\t<\/div>\n\t\t\t\t<\/div>\n\t\t\t\t<div class=\"elementor-element elementor-element-28586f2 elementor-widget__width-initial elementor-widget elementor-widget-text-editor\" data-id=\"28586f2\" data-element_type=\"widget\" data-settings=\"{&quot;ekit_we_effect_on&quot;:&quot;none&quot;}\" data-widget_type=\"text-editor.default\">\n\t\t\t\t<div class=\"elementor-widget-container\">\n\t\t\t\t\t\t\t\t\t<p>LANDU este un lider recunoscut la nivel mondial \u00een domeniul serviciilor tehnologice pentru celuloz\u0103, specializat \u00een solu\u021bii tehnice globale.<\/p>\t\t\t\t\t\t\t\t<\/div>\n\t\t\t\t<\/div>\n\t\t\t\t\t<\/div>\n\t\t\t\t<\/div>\n\t\t<div class=\"elementor-element elementor-element-290387c e-flex e-con-boxed e-con e-parent\" data-id=\"290387c\" data-element_type=\"container\" data-settings=\"{&quot;ekit_has_onepagescroll_dot&quot;:&quot;yes&quot;}\">\n\t\t\t\t\t<div class=\"e-con-inner\">\n\t\t\t\t<div class=\"elementor-element elementor-element-3fb3201 elementor-widget elementor-widget-heading\" data-id=\"3fb3201\" data-element_type=\"widget\" data-settings=\"{&quot;ekit_we_effect_on&quot;:&quot;none&quot;}\" data-widget_type=\"heading.default\">\n\t\t\t\t<div class=\"elementor-widget-container\">\n\t\t\t\t\t<h2 class=\"elementor-heading-title elementor-size-default\">Servicii optimizate de produc\u021bie contractual\u0103 pentru suplimente alimentare<\/h2>\t\t\t\t<\/div>\n\t\t\t\t<\/div>\n\t\t\t\t<div class=\"elementor-element elementor-element-9416f12 elementor-widget elementor-widget-image\" data-id=\"9416f12\" data-element_type=\"widget\" data-settings=\"{&quot;ekit_we_effect_on&quot;:&quot;none&quot;}\" data-widget_type=\"image.default\">\n\t\t\t\t<div class=\"elementor-widget-container\">\n\t\t\t\t\t\t\t\t\t\t\t\t\t\t\t<img decoding=\"async\" width=\"55\" height=\"9\" src=\"https:\/\/landu-china.com\/wp-content\/uploads\/2024\/06\/\u8d44\u6e90-1.png\" class=\"attachment-large size-large wp-image-87\" alt=\"\" \/>\t\t\t\t\t\t\t\t\t\t\t\t\t\t\t<\/div>\n\t\t\t\t<\/div>\n\t\t\t\t<div class=\"elementor-element elementor-element-6606622 elementor-widget elementor-widget-text-editor\" data-id=\"6606622\" data-element_type=\"widget\" data-settings=\"{&quot;ekit_we_effect_on&quot;:&quot;none&quot;}\" data-widget_type=\"text-editor.default\">\n\t\t\t\t<div class=\"elementor-widget-container\">\n\t\t\t\t\t\t\t\t\t<p>C\u0103uta\u021bi un partener de produc\u021bie pentru urm\u0103toarea dvs. inova\u021bie? Echipa noastr\u0103 de servicii tehnice este preg\u0103tit\u0103 s\u0103 v\u0103 ajute, indiferent dac\u0103 dori\u021bi s\u0103 lansa\u021bi un nou produs sub form\u0103 de pulbere sau s\u0103 perfec\u021biona\u021bi unul existent. Cu capacit\u0103\u021bile noastre de produc\u021bie, oferim un ghi\u0219eu unic distinctiv pentru procesarea formul\u0103rilor la cheie.<\/p>\t\t\t\t\t\t\t\t<\/div>\n\t\t\t\t<\/div>\n\t\t\t\t\t<\/div>\n\t\t\t\t<\/div>\n\t\t<div class=\"elementor-element elementor-element-3aee58d e-flex e-con-boxed e-con e-parent\" data-id=\"3aee58d\" data-element_type=\"container\" data-settings=\"{&quot;ekit_has_onepagescroll_dot&quot;:&quot;yes&quot;}\">\n\t\t\t\t\t<div class=\"e-con-inner\">\n\t\t<div class=\"elementor-element elementor-element-7577986 e-con-full e-flex e-con e-child\" data-id=\"7577986\" data-element_type=\"container\" data-settings=\"{&quot;ekit_has_onepagescroll_dot&quot;:&quot;yes&quot;}\">\n\t\t\t\t<div class=\"elementor-element elementor-element-abe0950 elementor-widget elementor-widget-heading\" data-id=\"abe0950\" data-element_type=\"widget\" data-settings=\"{&quot;ekit_we_effect_on&quot;:&quot;none&quot;}\" data-widget_type=\"heading.default\">\n\t\t\t\t<div class=\"elementor-widget-container\">\n\t\t\t\t\t<h2 class=\"elementor-heading-title elementor-size-default\">Ambalaje<\/h2>\t\t\t\t<\/div>\n\t\t\t\t<\/div>\n\t\t\t\t<div class=\"elementor-element elementor-element-f694b81 elementor-widget__width-initial elementor-widget-divider--view-line elementor-widget elementor-widget-divider\" data-id=\"f694b81\" data-element_type=\"widget\" data-settings=\"{&quot;ekit_we_effect_on&quot;:&quot;none&quot;}\" data-widget_type=\"divider.default\">\n\t\t\t\t<div class=\"elementor-widget-container\">\n\t\t\t\t\t\t\t<div class=\"elementor-divider\">\n\t\t\t<span class=\"elementor-divider-separator\">\n\t\t\t\t\t\t<\/span>\n\t\t<\/div>\n\t\t\t\t\t\t<\/div>\n\t\t\t\t<\/div>\n\t\t\t\t<div class=\"elementor-element elementor-element-31d31e2 elementor-widget elementor-widget-text-editor\" data-id=\"31d31e2\" data-element_type=\"widget\" data-settings=\"{&quot;ekit_we_effect_on&quot;:&quot;none&quot;}\" data-widget_type=\"text-editor.default\">\n\t\t\t\t<div class=\"elementor-widget-container\">\n\t\t\t\t\t\t\t\t\t<p>Explora\u021bi gama noastr\u0103 cuprinz\u0103toare de solu\u021bii de ambalare meticulos concepute pentru produsele sub form\u0103 de pudr\u0103. De la comoditatea de ultim\u0103 genera\u021bie a ambalajelor stick la func\u021bionalitatea clasic\u0103 a borcanelor cu capac asociate cu linguri pentru m\u0103sur\u0103tori precise, avem o op\u021biune adaptat\u0103 cerin\u021belor dumneavoastr\u0103.<br \/>Sistemele noastre de pulbere direct la gur\u0103 ofer\u0103 un confort de neegalat, \u00een timp ce canistrele noastre rigide \u0219i rezistente asigur\u0103 durabilitatea \u0219i integritatea produsului.<br \/>Indiferent de preferin\u021bele dvs. de ambalare sau de specifica\u021biile produsului, oferim o gam\u0103 versatil\u0103 pentru a v\u0103 satisface nevoile \u0219i a v\u0103 dep\u0103\u0219i a\u0219tept\u0103rile.<\/p>\t\t\t\t\t\t\t\t<\/div>\n\t\t\t\t<\/div>\n\t\t\t\t<\/div>\n\t\t<div class=\"elementor-element elementor-element-f3cd1ae e-con-full e-flex e-con e-child\" data-id=\"f3cd1ae\" data-element_type=\"container\" data-settings=\"{&quot;background_background&quot;:&quot;classic&quot;,&quot;ekit_has_onepagescroll_dot&quot;:&quot;yes&quot;}\">\n\t\t\t\t<\/div>\n\t\t\t\t\t<\/div>\n\t\t\t\t<\/div>\n\t\t<div class=\"elementor-element elementor-element-9433bd2 e-flex e-con-boxed e-con e-parent\" data-id=\"9433bd2\" data-element_type=\"container\" data-settings=\"{&quot;background_background&quot;:&quot;classic&quot;,&quot;ekit_has_onepagescroll_dot&quot;:&quot;yes&quot;}\">\n\t\t\t\t\t<div class=\"e-con-inner\">\n\t\t<div class=\"elementor-element elementor-element-e3cad86 e-con-full e-flex e-con e-child\" data-id=\"e3cad86\" data-element_type=\"container\" data-settings=\"{&quot;background_background&quot;:&quot;classic&quot;,&quot;ekit_has_onepagescroll_dot&quot;:&quot;yes&quot;}\">\n\t\t\t\t<\/div>\n\t\t<div class=\"elementor-element elementor-element-0e3acea e-con-full e-flex e-con e-child\" data-id=\"0e3acea\" data-element_type=\"container\" data-settings=\"{&quot;ekit_has_onepagescroll_dot&quot;:&quot;yes&quot;}\">\n\t\t\t\t<div class=\"elementor-element elementor-element-abbe6e6 elementor-widget elementor-widget-heading\" data-id=\"abbe6e6\" data-element_type=\"widget\" data-settings=\"{&quot;ekit_we_effect_on&quot;:&quot;none&quot;}\" data-widget_type=\"heading.default\">\n\t\t\t\t<div class=\"elementor-widget-container\">\n\t\t\t\t\t<h2 class=\"elementor-heading-title elementor-size-default\">Calitate \u0219i certific\u0103ri<\/h2>\t\t\t\t<\/div>\n\t\t\t\t<\/div>\n\t\t\t\t<div class=\"elementor-element elementor-element-0f46435 elementor-widget__width-initial elementor-widget-divider--view-line elementor-widget elementor-widget-divider\" data-id=\"0f46435\" data-element_type=\"widget\" data-settings=\"{&quot;ekit_we_effect_on&quot;:&quot;none&quot;}\" data-widget_type=\"divider.default\">\n\t\t\t\t<div class=\"elementor-widget-container\">\n\t\t\t\t\t\t\t<div class=\"elementor-divider\">\n\t\t\t<span class=\"elementor-divider-separator\">\n\t\t\t\t\t\t<\/span>\n\t\t<\/div>\n\t\t\t\t\t\t<\/div>\n\t\t\t\t<\/div>\n\t\t\t\t<div class=\"elementor-element elementor-element-da0384f elementor-widget elementor-widget-text-editor\" data-id=\"da0384f\" data-element_type=\"widget\" data-settings=\"{&quot;ekit_we_effect_on&quot;:&quot;none&quot;}\" data-widget_type=\"text-editor.default\">\n\t\t\t\t<div class=\"elementor-widget-container\">\n\t\t\t\t\t\t\t\t\t<p>Noi respect\u0103m standarde riguroase \u0219i \u0219tim c\u0103 \u0219i dvs. face\u021bi la fel. Acesta este motivul pentru care calitatea \u0219i siguran\u021ba sunt primordiale pentru noi. De la calificarea meticuloas\u0103 a ingredientelor p\u00e2n\u0103 la supravegherea fiec\u0103rei etape a procesului de fabrica\u021bie, ne angaj\u0103m s\u0103 oferim certific\u0103rile \u0219i asigurarea calit\u0103\u021bii de care ave\u021bi nevoie.<\/p><p>Iat\u0103 o list\u0103 par\u021bial\u0103 a certific\u0103rilor disponibile pentru multe dintre produsele noastre:<br \/>-<strong>\u00a0ISO<\/strong>\u00a0Certificare<br \/>-\u00a0<strong>REACH<\/strong>\u00a0Conformitate<\/p><p>V\u0103 rug\u0103m s\u0103 re\u021bine\u021bi c\u0103 nu toate produsele \u00eendeplinesc toate certific\u0103rile enumerate mai sus. Pentru mai multe informa\u021bii, v\u0103 rug\u0103m s\u0103 consulta\u021bi reprezentantul dvs. de v\u00e2nz\u0103ri LANDU.<\/p>\t\t\t\t\t\t\t\t<\/div>\n\t\t\t\t<\/div>\n\t\t\t\t<\/div>\n\t\t\t\t\t<\/div>\n\t\t\t\t<\/div>\n\t\t<div class=\"elementor-element elementor-element-20d5277 e-flex e-con-boxed e-con e-parent\" data-id=\"20d5277\" data-element_type=\"container\" data-settings=\"{&quot;ekit_has_onepagescroll_dot&quot;:&quot;yes&quot;}\">\n\t\t\t\t\t<div class=\"e-con-inner\">\n\t\t<div class=\"elementor-element elementor-element-5dbae40 e-con-full e-flex e-con e-child\" data-id=\"5dbae40\" data-element_type=\"container\" data-settings=\"{&quot;ekit_has_onepagescroll_dot&quot;:&quot;yes&quot;}\">\n\t\t\t\t<div class=\"elementor-element elementor-element-a62a8bb elementor-widget elementor-widget-heading\" data-id=\"a62a8bb\" data-element_type=\"widget\" data-settings=\"{&quot;ekit_we_effect_on&quot;:&quot;none&quot;}\" data-widget_type=\"heading.default\">\n\t\t\t\t<div class=\"elementor-widget-container\">\n\t\t\t\t\t<h2 class=\"elementor-heading-title elementor-size-default\">Servicii excep\u021bionale<\/h2>\t\t\t\t<\/div>\n\t\t\t\t<\/div>\n\t\t\t\t<div class=\"elementor-element elementor-element-2f58cba elementor-widget__width-initial elementor-widget-divider--view-line elementor-widget elementor-widget-divider\" data-id=\"2f58cba\" data-element_type=\"widget\" data-settings=\"{&quot;ekit_we_effect_on&quot;:&quot;none&quot;}\" data-widget_type=\"divider.default\">\n\t\t\t\t<div class=\"elementor-widget-container\">\n\t\t\t\t\t\t\t<div class=\"elementor-divider\">\n\t\t\t<span class=\"elementor-divider-separator\">\n\t\t\t\t\t\t<\/span>\n\t\t<\/div>\n\t\t\t\t\t\t<\/div>\n\t\t\t\t<\/div>\n\t\t\t\t<div class=\"elementor-element elementor-element-1765993 elementor-widget elementor-widget-text-editor\" data-id=\"1765993\" data-element_type=\"widget\" data-settings=\"{&quot;ekit_we_effect_on&quot;:&quot;none&quot;}\" data-widget_type=\"text-editor.default\">\n\t\t\t\t<div class=\"elementor-widget-container\">\n\t\t\t\t\t\t\t\t\t<p>LANDU este solu\u021bia dvs. complet\u0103, oferind o integrare perfect\u0103 a serviciilor care cuprind cercetarea \u0219i dezvoltarea aprofundat\u0103, aprovizionarea cu ingrediente speciale, fabricarea, prelucrarea \u0219i produc\u021bia. Cu aceste capacit\u0103\u021bi integrate, colabor\u0103m \u00eendeaproape cu dvs. de la experimentele ini\u021biale pe bancul de lucru p\u00e2n\u0103 la produc\u021bia la scar\u0103 larg\u0103. Fie c\u0103 este vorba de crearea unor formul\u0103ri personalizate, de \u00eembun\u0103t\u0103\u021birea performan\u021bei produselor sau de perfec\u021bionarea profilurilor de arom\u0103, abordarea noastr\u0103 colaborativ\u0103 ne asigur\u0103 c\u0103 v\u0103 \u00eendeplinim nevoile \u00een mod eficient \u0219i eficace.<\/p>\t\t\t\t\t\t\t\t<\/div>\n\t\t\t\t<\/div>\n\t\t\t\t<\/div>\n\t\t<div class=\"elementor-element elementor-element-02899a7 e-con-full e-flex e-con e-child\" data-id=\"02899a7\" data-element_type=\"container\" data-settings=\"{&quot;background_background&quot;:&quot;classic&quot;,&quot;ekit_has_onepagescroll_dot&quot;:&quot;yes&quot;}\">\n\t\t\t\t<div class=\"elementor-element elementor-element-690eb3d elementor-widget elementor-widget-spacer\" data-id=\"690eb3d\" data-element_type=\"widget\" data-settings=\"{&quot;ekit_we_effect_on&quot;:&quot;none&quot;}\" data-widget_type=\"spacer.default\">\n\t\t\t\t<div class=\"elementor-widget-container\">\n\t\t\t\t\t\t\t<div class=\"elementor-spacer\">\n\t\t\t<div class=\"elementor-spacer-inner\"><\/div>\n\t\t<\/div>\n\t\t\t\t\t\t<\/div>\n\t\t\t\t<\/div>\n\t\t\t\t<\/div>\n\t\t\t\t\t<\/div>\n\t\t\t\t<\/div>\n\t\t\t\t<\/div>","protected":false},"excerpt":{"rendered":"<p>Servicii contractuale de fabrica\u021bie LANDU este un lider recunoscut la nivel mondial \u00een domeniul serviciilor tehnologice pentru celuloz\u0103, specializat \u00een solu\u021bii tehnice globale. Servicii optimizate de produc\u021bie prin contract pentru suplimente alimentare C\u0103uta\u021bi un partener de produc\u021bie pentru urm\u0103toarea dvs. inova\u021bie? Echipa noastr\u0103 de servicii tehnice este preg\u0103tit\u0103 s\u0103 v\u0103 ajute, indiferent dac\u0103 dori\u021bi s\u0103 lansa\u021bi o nou\u0103 pudr\u0103 [...]<\/p>","protected":false},"author":1,"featured_media":0,"parent":0,"menu_order":0,"comment_status":"closed","ping_status":"closed","template":"elementor_header_footer","meta":{"footnotes":""},"class_list":["post-410","page","type-page","status-publish","hentry"],"_links":{"self":[{"href":"https:\/\/landu-china.com\/ro\/wp-json\/wp\/v2\/pages\/410","targetHints":{"allow":["GET"]}}],"collection":[{"href":"https:\/\/landu-china.com\/ro\/wp-json\/wp\/v2\/pages"}],"about":[{"href":"https:\/\/landu-china.com\/ro\/wp-json\/wp\/v2\/types\/page"}],"author":[{"embeddable":true,"href":"https:\/\/landu-china.com\/ro\/wp-json\/wp\/v2\/users\/1"}],"replies":[{"embeddable":true,"href":"https:\/\/landu-china.com\/ro\/wp-json\/wp\/v2\/comments?post=410"}],"version-history":[{"count":19,"href":"https:\/\/landu-china.com\/ro\/wp-json\/wp\/v2\/pages\/410\/revisions"}],"predecessor-version":[{"id":22908,"href":"https:\/\/landu-china.com\/ro\/wp-json\/wp\/v2\/pages\/410\/revisions\/22908"}],"wp:attachment":[{"href":"https:\/\/landu-china.com\/ro\/wp-json\/wp\/v2\/media?parent=410"}],"curies":[{"name":"wp","href":"https:\/\/api.w.org\/{rel}","templated":true}]}}