{"id":388,"date":"2024-06-17T17:29:17","date_gmt":"2024-06-17T09:29:17","guid":{"rendered":"https:\/\/landu-china.com\/?page_id=388"},"modified":"2024-11-26T10:14:08","modified_gmt":"2024-11-26T02:14:08","slug":"servicii-de-eter-de-celuloza","status":"publish","type":"page","link":"https:\/\/landu-china.com\/ro\/servicii-de-eter-de-celuloza\/","title":{"rendered":"Servicii de eter de celuloz\u0103"},"content":{"rendered":"<div data-elementor-type=\"wp-page\" data-elementor-id=\"388\" class=\"elementor elementor-388\" data-elementor-post-type=\"page\">\n\t\t\t\t<div class=\"elementor-element elementor-element-f81d54a e-flex e-con-boxed e-con e-parent\" data-id=\"f81d54a\" data-element_type=\"container\" data-settings=\"{&quot;background_background&quot;:&quot;classic&quot;,&quot;ekit_has_onepagescroll_dot&quot;:&quot;yes&quot;}\">\n\t\t\t\t\t<div class=\"e-con-inner\">\n\t\t\t\t<div class=\"elementor-element elementor-element-b3a9adb elementor-widget__width-initial elementor-widget elementor-widget-heading\" data-id=\"b3a9adb\" data-element_type=\"widget\" data-settings=\"{&quot;ekit_we_effect_on&quot;:&quot;none&quot;}\" data-widget_type=\"heading.default\">\n\t\t\t\t<div class=\"elementor-widget-container\">\n\t\t\t\t\t<h1 class=\"elementor-heading-title elementor-size-default\">Servicii de eter de celuloz\u0103<\/h1>\t\t\t\t<\/div>\n\t\t\t\t<\/div>\n\t\t\t\t<div class=\"elementor-element elementor-element-28586f2 elementor-widget__width-initial elementor-widget elementor-widget-text-editor\" data-id=\"28586f2\" data-element_type=\"widget\" data-settings=\"{&quot;ekit_we_effect_on&quot;:&quot;none&quot;}\" data-widget_type=\"text-editor.default\">\n\t\t\t\t<div class=\"elementor-widget-container\">\n\t\t\t\t\t\t\t\t\t<p>LANDU este un lider recunoscut la nivel mondial \u00een domeniul serviciilor tehnologice pentru celuloz\u0103, specializat \u00een solu\u021bii tehnice globale.<\/p>\t\t\t\t\t\t\t\t<\/div>\n\t\t\t\t<\/div>\n\t\t\t\t\t<\/div>\n\t\t\t\t<\/div>\n\t\t<div class=\"elementor-element elementor-element-7033ade e-flex e-con-boxed e-con e-parent\" data-id=\"7033ade\" data-element_type=\"container\" data-settings=\"{&quot;background_background&quot;:&quot;classic&quot;,&quot;ekit_has_onepagescroll_dot&quot;:&quot;yes&quot;}\">\n\t\t\t\t\t<div class=\"e-con-inner\">\n\t\t<div class=\"elementor-element elementor-element-228ad11 e-con-full e-flex e-con e-child\" data-id=\"228ad11\" data-element_type=\"container\" data-settings=\"{&quot;ekit_has_onepagescroll_dot&quot;:&quot;yes&quot;}\">\n\t\t\t\t<div class=\"elementor-element elementor-element-3fb3201 elementor-widget elementor-widget-heading\" data-id=\"3fb3201\" data-element_type=\"widget\" data-settings=\"{&quot;ekit_we_effect_on&quot;:&quot;none&quot;}\" data-widget_type=\"heading.default\">\n\t\t\t\t<div class=\"elementor-widget-container\">\n\t\t\t\t\t<h2 class=\"elementor-heading-title elementor-size-default\">\nDESPRE LANDU<\/h2>\t\t\t\t<\/div>\n\t\t\t\t<\/div>\n\t\t\t\t<div class=\"elementor-element elementor-element-9416f12 elementor-widget elementor-widget-image\" data-id=\"9416f12\" data-element_type=\"widget\" data-settings=\"{&quot;ekit_we_effect_on&quot;:&quot;none&quot;}\" data-widget_type=\"image.default\">\n\t\t\t\t<div class=\"elementor-widget-container\">\n\t\t\t\t\t\t\t\t\t\t\t\t\t\t\t<img decoding=\"async\" width=\"55\" height=\"9\" src=\"https:\/\/landu-china.com\/wp-content\/uploads\/2024\/06\/\u8d44\u6e90-1.png\" class=\"attachment-large size-large wp-image-87\" alt=\"\" \/>\t\t\t\t\t\t\t\t\t\t\t\t\t\t\t<\/div>\n\t\t\t\t<\/div>\n\t\t\t\t<div class=\"elementor-element elementor-element-e760586 elementor-widget__width-initial elementor-view-default elementor-position-top elementor-mobile-position-top elementor-widget elementor-widget-icon-box\" data-id=\"e760586\" data-element_type=\"widget\" data-settings=\"{&quot;ekit_we_effect_on&quot;:&quot;none&quot;}\" data-widget_type=\"icon-box.default\">\n\t\t\t\t<div class=\"elementor-widget-container\">\n\t\t\t\t\t\t\t<div class=\"elementor-icon-box-wrapper\">\n\n\t\t\t\t\t\t<div class=\"elementor-icon-box-icon\">\n\t\t\t\t<span  class=\"elementor-icon\">\n\t\t\t\t<i aria-hidden=\"true\" class=\"icon icon-quote1\"><\/i>\t\t\t\t<\/span>\n\t\t\t<\/div>\n\t\t\t\n\t\t\t\t\t\t<div class=\"elementor-icon-box-content\">\n\n\t\t\t\t\n\t\t\t\t\t\t\t\t\t<p class=\"elementor-icon-box-description\">\n\t\t\t\t\t\tLANDU este o \u00eentreprindere de v\u00e2rf de \u00eenalt\u0103 tehnologie cu sediul central \u00een provincia Shandong, \u00een fruntea cercet\u0103rii, dezvolt\u0103rii \u0219i produc\u021biei de v\u00e2rf \u00een domeniul materialelor de construc\u021bii.\t\t\t\t\t<\/p>\n\t\t\t\t\n\t\t\t<\/div>\n\t\t\t\n\t\t<\/div>\n\t\t\t\t\t\t<\/div>\n\t\t\t\t<\/div>\n\t\t\t\t<\/div>\n\t\t<div class=\"elementor-element elementor-element-ac76562 e-con-full e-flex e-con e-child\" data-id=\"ac76562\" data-element_type=\"container\" data-settings=\"{&quot;ekit_has_onepagescroll_dot&quot;:&quot;yes&quot;}\">\n\t\t\t\t<div class=\"elementor-element elementor-element-6606622 elementor-widget elementor-widget-text-editor\" data-id=\"6606622\" data-element_type=\"widget\" data-settings=\"{&quot;ekit_we_effect_on&quot;:&quot;none&quot;}\" data-widget_type=\"text-editor.default\">\n\t\t\t\t<div class=\"elementor-widget-container\">\n\t\t\t\t\t\t\t\t\t<p>LANDU are peste 20 de ani de experien\u021b\u0103 cuprinz\u0103toare \u00een mai multe discipline, inclusiv fabricarea celulozei, cercetare \u0219i dezvoltare, chimie \u0219i analiza datelor. Colabor\u0103m \u00eendeaproape cu clien\u021bii pentru a \u00eentreprinde proiecte de creare a valorii, cum ar fi analiza productivit\u0103\u021bii, seminarii de formare, dezvoltarea de noi produse \u0219i certific\u0103ri duble. \u00cen plus, asist\u0103m LANDU \u00een produc\u021bie, controlul calit\u0103\u021bii, logistic\u0103 \u0219i cercetare \u0219i dezvoltare pentru a asigura \u00eendeplinirea sau dep\u0103\u0219irea cerin\u021belor clien\u021bilor.<\/p>\t\t\t\t\t\t\t\t<\/div>\n\t\t\t\t<\/div>\n\t\t<div class=\"elementor-element elementor-element-dc52784 e-flex e-con-boxed e-con e-child\" data-id=\"dc52784\" data-element_type=\"container\" data-settings=\"{&quot;ekit_has_onepagescroll_dot&quot;:&quot;yes&quot;}\">\n\t\t\t\t\t<div class=\"e-con-inner\">\n\t\t\t\t<div class=\"elementor-element elementor-element-43a8fcb elementor-widget__width-initial elementor-widget elementor-widget-image\" data-id=\"43a8fcb\" data-element_type=\"widget\" data-settings=\"{&quot;ekit_we_effect_on&quot;:&quot;none&quot;}\" data-widget_type=\"image.default\">\n\t\t\t\t<div class=\"elementor-widget-container\">\n\t\t\t\t\t\t\t\t\t\t\t\t\t\t\t<img fetchpriority=\"high\" decoding=\"async\" width=\"800\" height=\"600\" src=\"https:\/\/landu-china.com\/wp-content\/uploads\/2024\/06\/minimal-abstract-composition-1024x768.webp\" class=\"attachment-large size-large wp-image-399\" alt=\"\" srcset=\"https:\/\/landu-china.com\/wp-content\/uploads\/2024\/06\/minimal-abstract-composition-1024x768.webp 1024w, https:\/\/landu-china.com\/wp-content\/uploads\/2024\/06\/minimal-abstract-composition-300x225.webp 300w, https:\/\/landu-china.com\/wp-content\/uploads\/2024\/06\/minimal-abstract-composition-768x576.webp 768w, https:\/\/landu-china.com\/wp-content\/uploads\/2024\/06\/minimal-abstract-composition-1536x1152.webp 1536w, https:\/\/landu-china.com\/wp-content\/uploads\/2024\/06\/minimal-abstract-composition.webp 1600w\" sizes=\"(max-width: 800px) 100vw, 800px\" \/>\t\t\t\t\t\t\t\t\t\t\t\t\t\t\t<\/div>\n\t\t\t\t<\/div>\n\t\t\t\t<div class=\"elementor-element elementor-element-8afd56b elementor-widget__width-initial elementor-widget elementor-widget-image\" data-id=\"8afd56b\" data-element_type=\"widget\" data-settings=\"{&quot;ekit_we_effect_on&quot;:&quot;none&quot;}\" data-widget_type=\"image.default\">\n\t\t\t\t<div class=\"elementor-widget-container\">\n\t\t\t\t\t\t\t\t\t\t\t\t\t\t\t<img decoding=\"async\" width=\"800\" height=\"534\" src=\"https:\/\/landu-china.com\/wp-content\/uploads\/2024\/06\/office-building-1024x684.webp\" class=\"attachment-large size-large wp-image-400\" alt=\"\" srcset=\"https:\/\/landu-china.com\/wp-content\/uploads\/2024\/06\/office-building-1024x684.webp 1024w, https:\/\/landu-china.com\/wp-content\/uploads\/2024\/06\/office-building-300x200.webp 300w, https:\/\/landu-china.com\/wp-content\/uploads\/2024\/06\/office-building-768x513.webp 768w, https:\/\/landu-china.com\/wp-content\/uploads\/2024\/06\/office-building-1536x1025.webp 1536w, https:\/\/landu-china.com\/wp-content\/uploads\/2024\/06\/office-building.webp 1600w\" sizes=\"(max-width: 800px) 100vw, 800px\" \/>\t\t\t\t\t\t\t\t\t\t\t\t\t\t\t<\/div>\n\t\t\t\t<\/div>\n\t\t\t\t\t<\/div>\n\t\t\t\t<\/div>\n\t\t\t\t<\/div>\n\t\t\t\t\t<\/div>\n\t\t\t\t<\/div>\n\t\t<div class=\"elementor-element elementor-element-60bbfdb e-flex e-con-boxed e-con e-parent\" data-id=\"60bbfdb\" data-element_type=\"container\" data-settings=\"{&quot;ekit_has_onepagescroll_dot&quot;:&quot;yes&quot;}\">\n\t\t\t\t\t<div class=\"e-con-inner\">\n\t\t<div class=\"elementor-element elementor-element-ce29f0f e-flex e-con-boxed e-con e-child\" data-id=\"ce29f0f\" data-element_type=\"container\" data-settings=\"{&quot;background_background&quot;:&quot;classic&quot;,&quot;ekit_has_onepagescroll_dot&quot;:&quot;yes&quot;}\">\n\t\t\t\t\t<div class=\"e-con-inner\">\n\t\t\t\t<div class=\"elementor-element elementor-element-78cfdf1 elementor-widget elementor-widget-image\" data-id=\"78cfdf1\" data-element_type=\"widget\" data-settings=\"{&quot;ekit_we_effect_on&quot;:&quot;none&quot;}\" data-widget_type=\"image.default\">\n\t\t\t\t<div class=\"elementor-widget-container\">\n\t\t\t\t\t\t\t\t\t\t\t\t\t\t\t<img loading=\"lazy\" decoding=\"async\" width=\"532\" height=\"108\" src=\"https:\/\/landu-china.com\/wp-content\/uploads\/2024\/06\/Landercoll.png\" class=\"attachment-large size-large wp-image-402\" alt=\"\" srcset=\"https:\/\/landu-china.com\/wp-content\/uploads\/2024\/06\/Landercoll.png 532w, https:\/\/landu-china.com\/wp-content\/uploads\/2024\/06\/Landercoll-300x61.png 300w\" sizes=\"(max-width: 532px) 100vw, 532px\" \/>\t\t\t\t\t\t\t\t\t\t\t\t\t\t\t<\/div>\n\t\t\t\t<\/div>\n\t\t\t\t<div class=\"elementor-element elementor-element-de3bd7a elementor-widget elementor-widget-heading\" data-id=\"de3bd7a\" data-element_type=\"widget\" data-settings=\"{&quot;ekit_we_effect_on&quot;:&quot;none&quot;}\" data-widget_type=\"heading.default\">\n\t\t\t\t<div class=\"elementor-widget-container\">\n\t\t\t\t\t<h2 class=\"elementor-heading-title elementor-size-default\">Un polimer natural derivat din inuri de lemn sau bumbac<\/h2>\t\t\t\t<\/div>\n\t\t\t\t<\/div>\n\t\t\t\t<div class=\"elementor-element elementor-element-736f608 elementor-align-center elementor-widget elementor-widget-button\" data-id=\"736f608\" data-element_type=\"widget\" data-settings=\"{&quot;ekit_we_effect_on&quot;:&quot;none&quot;}\" data-widget_type=\"button.default\">\n\t\t\t\t<div class=\"elementor-widget-container\">\n\t\t\t\t\t\t\t\t\t<div class=\"elementor-button-wrapper\">\n\t\t\t\t\t<a class=\"elementor-button elementor-button-link elementor-size-sm\" href=\"https:\/\/landu-china.com\/ro\/produse\/celuloza-landercoll\/\" target=\"_blank\">\n\t\t\t\t\t\t<span class=\"elementor-button-content-wrapper\">\n\t\t\t\t\t\t\t\t\t<span class=\"elementor-button-text\">Exploreaz\u0103 detalii<\/span>\n\t\t\t\t\t<\/span>\n\t\t\t\t\t<\/a>\n\t\t\t\t<\/div>\n\t\t\t\t\t\t\t\t<\/div>\n\t\t\t\t<\/div>\n\t\t\t\t\t<\/div>\n\t\t\t\t<\/div>\n\t\t<div class=\"elementor-element elementor-element-3cb6093 e-flex e-con-boxed e-con e-child\" data-id=\"3cb6093\" data-element_type=\"container\" data-settings=\"{&quot;ekit_has_onepagescroll_dot&quot;:&quot;yes&quot;}\">\n\t\t\t\t\t<div class=\"e-con-inner\">\n\t\t\t\t<div class=\"elementor-element elementor-element-88ac030 elementor-widget elementor-widget-heading\" data-id=\"88ac030\" data-element_type=\"widget\" data-settings=\"{&quot;ekit_we_effect_on&quot;:&quot;none&quot;}\" data-widget_type=\"heading.default\">\n\t\t\t\t<div class=\"elementor-widget-container\">\n\t\t\t\t\t<h2 class=\"elementor-heading-title elementor-size-default\">Landercoll\u00ae<\/h2>\t\t\t\t<\/div>\n\t\t\t\t<\/div>\n\t\t\t\t<div class=\"elementor-element elementor-element-a3c3138 elementor-widget elementor-widget-image\" data-id=\"a3c3138\" data-element_type=\"widget\" data-settings=\"{&quot;ekit_we_effect_on&quot;:&quot;none&quot;}\" data-widget_type=\"image.default\">\n\t\t\t\t<div class=\"elementor-widget-container\">\n\t\t\t\t\t\t\t\t\t\t\t\t\t\t\t<img decoding=\"async\" width=\"55\" height=\"9\" src=\"https:\/\/landu-china.com\/wp-content\/uploads\/2024\/06\/\u8d44\u6e90-1.png\" class=\"attachment-large size-large wp-image-87\" alt=\"\" \/>\t\t\t\t\t\t\t\t\t\t\t\t\t\t\t<\/div>\n\t\t\t\t<\/div>\n\t\t\t\t<div class=\"elementor-element elementor-element-270af46 elementor-widget elementor-widget-heading\" data-id=\"270af46\" data-element_type=\"widget\" data-settings=\"{&quot;ekit_we_effect_on&quot;:&quot;none&quot;}\" data-widget_type=\"heading.default\">\n\t\t\t\t<div class=\"elementor-widget-container\">\n\t\t\t\t\t<h2 class=\"elementor-heading-title elementor-size-default\">Un polimer natural derivat din inuri de lemn sau bumbac<\/h2>\t\t\t\t<\/div>\n\t\t\t\t<\/div>\n\t\t\t\t<div class=\"elementor-element elementor-element-e9f3d54 elementor-widget elementor-widget-heading\" data-id=\"e9f3d54\" data-element_type=\"widget\" data-settings=\"{&quot;ekit_we_effect_on&quot;:&quot;none&quot;}\" data-widget_type=\"heading.default\">\n\t\t\t\t<div class=\"elementor-widget-container\">\n\t\t\t\t\t<h2 class=\"elementor-heading-title elementor-size-default\">Celuloza LANDU Landercoll\u00ae a fost meticulos dezvoltat\u0103 pentru a conferi o gam\u0103 larg\u0103 de propriet\u0103\u021bi.<\/h2>\t\t\t\t<\/div>\n\t\t\t\t<\/div>\n\t\t\t\t<div class=\"elementor-element elementor-element-d83e23e elementor-widget elementor-widget-text-editor\" data-id=\"d83e23e\" data-element_type=\"widget\" data-settings=\"{&quot;ekit_we_effect_on&quot;:&quot;none&quot;}\" data-widget_type=\"text-editor.default\">\n\t\t\t\t<div class=\"elementor-widget-container\">\n\t\t\t\t\t\t\t\t\t<ol><li><span class=\"elementor-icon-list-text\">\u00cembun\u0103t\u0103\u021birea reten\u021biei de ap\u0103<\/span><\/li><li><i class=\"material-icons md-check_circle\" aria-hidden=\"true\" data-md-icon=\"check_circle\"><\/i><span class=\"elementor-icon-list-text\">Lucrabilitate \u00eembun\u0103t\u0103\u021bit\u0103<\/span><\/li><li><i class=\"material-icons md-check_circle\" aria-hidden=\"true\" data-md-icon=\"check_circle\"><\/i><span class=\"elementor-icon-list-text\">Rezisten\u021b\u0103 crescut\u0103 la c\u0103dere<\/span><\/li><li><i class=\"material-icons md-check_circle\" aria-hidden=\"true\" data-md-icon=\"check_circle\"><\/i><span class=\"elementor-icon-list-text\">Timp de deschidere prelungit<\/span><\/li><li><i class=\"material-icons md-check_circle\" aria-hidden=\"true\" data-md-icon=\"check_circle\"><\/i><span class=\"elementor-icon-list-text\">Rezisten\u021b\u0103 sporit\u0103 la trac\u021biune<\/span><\/li><\/ol>\t\t\t\t\t\t\t\t<\/div>\n\t\t\t\t<\/div>\n\t\t\t\t\t<\/div>\n\t\t\t\t<\/div>\n\t\t\t\t\t<\/div>\n\t\t\t\t<\/div>\n\t\t<div class=\"elementor-element elementor-element-384bdc8 e-flex e-con-boxed e-con e-parent\" data-id=\"384bdc8\" data-element_type=\"container\" data-settings=\"{&quot;background_background&quot;:&quot;classic&quot;,&quot;ekit_has_onepagescroll_dot&quot;:&quot;yes&quot;}\">\n\t\t\t\t\t<div class=\"e-con-inner\">\n\t\t<div class=\"elementor-element elementor-element-4778a52 e-flex e-con-boxed e-con e-child\" data-id=\"4778a52\" data-element_type=\"container\" data-settings=\"{&quot;ekit_has_onepagescroll_dot&quot;:&quot;yes&quot;}\">\n\t\t\t\t\t<div class=\"e-con-inner\">\n\t\t\t\t<div class=\"elementor-element elementor-element-5921843 elementor-widget elementor-widget-heading\" data-id=\"5921843\" data-element_type=\"widget\" data-settings=\"{&quot;ekit_we_effect_on&quot;:&quot;none&quot;}\" data-widget_type=\"heading.default\">\n\t\t\t\t<div class=\"elementor-widget-container\">\n\t\t\t\t\t<h2 class=\"elementor-heading-title elementor-size-default\">Precis\u2122<\/h2>\t\t\t\t<\/div>\n\t\t\t\t<\/div>\n\t\t\t\t<div class=\"elementor-element elementor-element-79289cc elementor-widget elementor-widget-image\" data-id=\"79289cc\" data-element_type=\"widget\" data-settings=\"{&quot;ekit_we_effect_on&quot;:&quot;none&quot;}\" data-widget_type=\"image.default\">\n\t\t\t\t<div class=\"elementor-widget-container\">\n\t\t\t\t\t\t\t\t\t\t\t\t\t\t\t<img decoding=\"async\" width=\"55\" height=\"9\" src=\"https:\/\/landu-china.com\/wp-content\/uploads\/2024\/06\/\u8d44\u6e90-1.png\" class=\"attachment-large size-large wp-image-87\" alt=\"\" \/>\t\t\t\t\t\t\t\t\t\t\t\t\t\t\t<\/div>\n\t\t\t\t<\/div>\n\t\t\t\t<div class=\"elementor-element elementor-element-f4921ba elementor-widget elementor-widget-heading\" data-id=\"f4921ba\" data-element_type=\"widget\" data-settings=\"{&quot;ekit_we_effect_on&quot;:&quot;none&quot;}\" data-widget_type=\"heading.default\">\n\t\t\t\t<div class=\"elementor-widget-container\">\n\t\t\t\t\t<h2 class=\"elementor-heading-title elementor-size-default\">Ca tehnologie inovatoare, Accurate\u2122 completeaz\u0103 portofoliul nostru existent de celuloz\u0103 Landercoll\u00ae.<\/h2>\t\t\t\t<\/div>\n\t\t\t\t<\/div>\n\t\t\t\t<div class=\"elementor-element elementor-element-d76482b elementor-widget elementor-widget-heading\" data-id=\"d76482b\" data-element_type=\"widget\" data-settings=\"{&quot;ekit_we_effect_on&quot;:&quot;none&quot;}\" data-widget_type=\"heading.default\">\n\t\t\t\t<div class=\"elementor-widget-container\">\n\t\t\t\t\t<h2 class=\"elementor-heading-title elementor-size-default\">Pulberea polimeric\u0103 redispersabil\u0103 LANDU Accurate\u2122 este un aditiv chimic versatil \u0219i inovator care joac\u0103 un rol esen\u021bial \u00een diverse industrii, \u00een special \u00een construc\u021bii \u0219i materiale de construc\u021bii.<\/h2>\t\t\t\t<\/div>\n\t\t\t\t<\/div>\n\t\t\t\t<div class=\"elementor-element elementor-element-1f427c7 elementor-widget elementor-widget-text-editor\" data-id=\"1f427c7\" data-element_type=\"widget\" data-settings=\"{&quot;ekit_we_effect_on&quot;:&quot;none&quot;}\" data-widget_type=\"text-editor.default\">\n\t\t\t\t<div class=\"elementor-widget-container\">\n\t\t\t\t\t\t\t\t\t<ol><li>Flexibilitate \u0219i aderen\u021b\u0103<\/li><li>Lucrabilitate \u00eembun\u0103t\u0103\u021bit\u0103<\/li><li>Contrac\u021bie redus\u0103<\/li><li>Durabilitate \u00eembun\u0103t\u0103\u021bit\u0103<\/li><li>Toleran\u021ba la temperatur\u0103<\/li><\/ol>\t\t\t\t\t\t\t\t<\/div>\n\t\t\t\t<\/div>\n\t\t\t\t\t<\/div>\n\t\t\t\t<\/div>\n\t\t<div class=\"elementor-element elementor-element-baa61a2 e-flex e-con-boxed e-con e-child\" data-id=\"baa61a2\" data-element_type=\"container\" data-settings=\"{&quot;background_background&quot;:&quot;classic&quot;,&quot;ekit_has_onepagescroll_dot&quot;:&quot;yes&quot;}\">\n\t\t\t\t\t<div class=\"e-con-inner\">\n\t\t\t\t<div class=\"elementor-element elementor-element-84994a0 elementor-widget elementor-widget-image\" data-id=\"84994a0\" data-element_type=\"widget\" data-settings=\"{&quot;ekit_we_effect_on&quot;:&quot;none&quot;}\" data-widget_type=\"image.default\">\n\t\t\t\t<div class=\"elementor-widget-container\">\n\t\t\t\t\t\t\t\t\t\t\t\t\t\t\t<img loading=\"lazy\" decoding=\"async\" width=\"496\" height=\"102\" src=\"https:\/\/landu-china.com\/wp-content\/uploads\/2024\/06\/Accurate.png\" class=\"attachment-large size-large wp-image-403\" alt=\"\" srcset=\"https:\/\/landu-china.com\/wp-content\/uploads\/2024\/06\/Accurate.png 496w, https:\/\/landu-china.com\/wp-content\/uploads\/2024\/06\/Accurate-300x62.png 300w\" sizes=\"(max-width: 496px) 100vw, 496px\" \/>\t\t\t\t\t\t\t\t\t\t\t\t\t\t\t<\/div>\n\t\t\t\t<\/div>\n\t\t\t\t<div class=\"elementor-element elementor-element-d79587d elementor-widget elementor-widget-heading\" data-id=\"d79587d\" data-element_type=\"widget\" data-settings=\"{&quot;ekit_we_effect_on&quot;:&quot;none&quot;}\" data-widget_type=\"heading.default\">\n\t\t\t\t<div class=\"elementor-widget-container\">\n\t\t\t\t\t<h2 class=\"elementor-heading-title elementor-size-default\">Pulbere polimeric\u0103 redispersabil\u0103<\/h2>\t\t\t\t<\/div>\n\t\t\t\t<\/div>\n\t\t\t\t<div class=\"elementor-element elementor-element-05db8aa elementor-align-center elementor-widget elementor-widget-button\" data-id=\"05db8aa\" data-element_type=\"widget\" data-settings=\"{&quot;ekit_we_effect_on&quot;:&quot;none&quot;}\" data-widget_type=\"button.default\">\n\t\t\t\t<div class=\"elementor-widget-container\">\n\t\t\t\t\t\t\t\t\t<div class=\"elementor-button-wrapper\">\n\t\t\t\t\t<a class=\"elementor-button elementor-button-link elementor-size-sm\" href=\"https:\/\/landu-china.com\/ro\/produse\/pulbere-polimerica-redispersabila-precisa\/\" target=\"_blank\">\n\t\t\t\t\t\t<span class=\"elementor-button-content-wrapper\">\n\t\t\t\t\t\t\t\t\t<span class=\"elementor-button-text\">Exploreaz\u0103 detalii<\/span>\n\t\t\t\t\t<\/span>\n\t\t\t\t\t<\/a>\n\t\t\t\t<\/div>\n\t\t\t\t\t\t\t\t<\/div>\n\t\t\t\t<\/div>\n\t\t\t\t\t<\/div>\n\t\t\t\t<\/div>\n\t\t\t\t\t<\/div>\n\t\t\t\t<\/div>\n\t\t\t\t<\/div>","protected":false},"excerpt":{"rendered":"<p>Servicii pentru eterul de celuloz\u0103 LANDU este un lider recunoscut la nivel mondial \u00een domeniul serviciilor tehnologice pentru celuloz\u0103, specializat \u00een solu\u021bii tehnice globale. DESPRE LANDU LANDU este o \u00eentreprindere de v\u00e2rf de \u00eenalt\u0103 tehnologie cu sediul \u00een provincia Shandong, \u00een fruntea cercet\u0103rii, dezvolt\u0103rii \u0219i produc\u021biei de ultim\u0103 or\u0103 \u00een domeniul materialelor de construc\u021bie. LANDU are peste 20 de ani de experien\u021b\u0103 [...]<\/p>","protected":false},"author":1,"featured_media":0,"parent":0,"menu_order":0,"comment_status":"closed","ping_status":"closed","template":"elementor_header_footer","meta":{"footnotes":""},"class_list":["post-388","page","type-page","status-publish","hentry"],"_links":{"self":[{"href":"https:\/\/landu-china.com\/ro\/wp-json\/wp\/v2\/pages\/388","targetHints":{"allow":["GET"]}}],"collection":[{"href":"https:\/\/landu-china.com\/ro\/wp-json\/wp\/v2\/pages"}],"about":[{"href":"https:\/\/landu-china.com\/ro\/wp-json\/wp\/v2\/types\/page"}],"author":[{"embeddable":true,"href":"https:\/\/landu-china.com\/ro\/wp-json\/wp\/v2\/users\/1"}],"replies":[{"embeddable":true,"href":"https:\/\/landu-china.com\/ro\/wp-json\/wp\/v2\/comments?post=388"}],"version-history":[{"count":40,"href":"https:\/\/landu-china.com\/ro\/wp-json\/wp\/v2\/pages\/388\/revisions"}],"predecessor-version":[{"id":20081,"href":"https:\/\/landu-china.com\/ro\/wp-json\/wp\/v2\/pages\/388\/revisions\/20081"}],"wp:attachment":[{"href":"https:\/\/landu-china.com\/ro\/wp-json\/wp\/v2\/media?parent=388"}],"curies":[{"name":"wp","href":"https:\/\/api.w.org\/{rel}","templated":true}]}}