{"id":17105,"date":"2024-10-31T13:19:52","date_gmt":"2024-10-31T05:19:52","guid":{"rendered":"https:\/\/landu-china.com\/?page_id=17105"},"modified":"2024-11-08T13:46:56","modified_gmt":"2024-11-08T05:46:56","slug":"textile","status":"publish","type":"page","link":"https:\/\/landu-china.com\/ro\/piete\/mai-multe-piete\/textile\/","title":{"rendered":"Textile"},"content":{"rendered":"<div data-elementor-type=\"wp-page\" data-elementor-id=\"17105\" class=\"elementor elementor-17105\" data-elementor-post-type=\"page\">\n\t\t\t\t<div class=\"elementor-element elementor-element-f81d54a e-flex e-con-boxed e-con e-parent\" data-id=\"f81d54a\" data-element_type=\"container\" data-settings=\"{&quot;background_background&quot;:&quot;classic&quot;,&quot;ekit_has_onepagescroll_dot&quot;:&quot;yes&quot;}\">\n\t\t\t\t\t<div class=\"e-con-inner\">\n\t\t\t\t<div class=\"elementor-element elementor-element-b3a9adb elementor-widget elementor-widget-heading\" data-id=\"b3a9adb\" data-element_type=\"widget\" data-settings=\"{&quot;ekit_we_effect_on&quot;:&quot;none&quot;}\" data-widget_type=\"heading.default\">\n\t\t\t\t<div class=\"elementor-widget-container\">\n\t\t\t\t\t<h2 class=\"elementor-heading-title elementor-size-default\">Textile<\/h2>\t\t\t\t<\/div>\n\t\t\t\t<\/div>\n\t\t\t\t<div class=\"elementor-element elementor-element-833d792 elementor-widget elementor-widget-text-editor\" data-id=\"833d792\" data-element_type=\"widget\" data-settings=\"{&quot;ekit_we_effect_on&quot;:&quot;none&quot;}\" data-widget_type=\"text-editor.default\">\n\t\t\t\t<div class=\"elementor-widget-container\">\n\t\t\t\t\t\t\t\t\t<p>Pentru solu\u021biile de baterii oferim performan\u021be ridicate \u0219i o durat\u0103 de via\u021b\u0103 mai lung\u0103.<\/p>\t\t\t\t\t\t\t\t<\/div>\n\t\t\t\t<\/div>\n\t\t\t\t\t<\/div>\n\t\t\t\t<\/div>\n\t\t\t\t<section class=\"elementor-section elementor-top-section elementor-element elementor-element-33b5d928 elementor-section-content-middle elementor-section-boxed elementor-section-height-default elementor-section-height-default\" data-id=\"33b5d928\" data-element_type=\"section\" data-settings=\"{&quot;ekit_has_onepagescroll_dot&quot;:&quot;yes&quot;}\">\n\t\t\t\t\t\t<div class=\"elementor-container elementor-column-gap-default\">\n\t\t\t\t\t<div class=\"elementor-column elementor-col-50 elementor-top-column elementor-element elementor-element-6770edaa\" data-id=\"6770edaa\" data-element_type=\"column\" data-settings=\"{&quot;background_background&quot;:&quot;classic&quot;}\">\n\t\t\t<div class=\"elementor-widget-wrap elementor-element-populated\">\n\t\t\t\t\t\t<div class=\"elementor-element elementor-element-273d1d47 elementor-widget elementor-widget-heading\" data-id=\"273d1d47\" data-element_type=\"widget\" data-settings=\"{&quot;ekit_we_effect_on&quot;:&quot;none&quot;}\" data-widget_type=\"heading.default\">\n\t\t\t\t<div class=\"elementor-widget-container\">\n\t\t\t\t\t<h2 class=\"elementor-heading-title elementor-size-default\">Celuloza \u00een textile<\/h2>\t\t\t\t<\/div>\n\t\t\t\t<\/div>\n\t\t\t\t<div class=\"elementor-element elementor-element-1cc7c8b elementor-widget-divider--view-line elementor-widget elementor-widget-divider\" data-id=\"1cc7c8b\" data-element_type=\"widget\" data-settings=\"{&quot;ekit_we_effect_on&quot;:&quot;none&quot;}\" data-widget_type=\"divider.default\">\n\t\t\t\t<div class=\"elementor-widget-container\">\n\t\t\t\t\t\t\t<div class=\"elementor-divider\">\n\t\t\t<span class=\"elementor-divider-separator\">\n\t\t\t\t\t\t<\/span>\n\t\t<\/div>\n\t\t\t\t\t\t<\/div>\n\t\t\t\t<\/div>\n\t\t\t\t<div class=\"elementor-element elementor-element-2a0c8c18 elementor-widget elementor-widget-text-editor\" data-id=\"2a0c8c18\" data-element_type=\"widget\" data-settings=\"{&quot;ekit_we_effect_on&quot;:&quot;none&quot;}\" data-widget_type=\"text-editor.default\">\n\t\t\t\t<div class=\"elementor-widget-container\">\n\t\t\t\t\t\t\t\t\t<p>Celuloza este o component\u0103 fundamental\u0103 \u00een industria textil\u0103, \u00een special \u00een produc\u021bia de fibre naturale precum bumbacul, inul \u0219i raionul. Fibrele de celuloz\u0103 pot absorbi \u0219i elibera eficient umiditatea, permi\u021b\u00e2nd \u00een acela\u0219i timp circula\u021bia aerului. Aceste propriet\u0103\u021bi fac ca textilele pe baz\u0103 de celuloz\u0103 s\u0103 fie ideale pentru \u00eembr\u0103c\u0103minte, \u00een special \u00een condi\u021bii de c\u0103ldur\u0103 \u0219i umiditate. De asemenea, fibrele de celuloz\u0103 accept\u0103 cu u\u0219urin\u021b\u0103 coloran\u021bii, oferind diverse posibilit\u0103\u021bi de colorare a \u00eembr\u0103c\u0103mintei \u0219i a textilelor pentru cas\u0103. confortabil, moale, durabil,<\/p>\t\t\t\t\t\t\t\t<\/div>\n\t\t\t\t<\/div>\n\t\t\t\t\t<\/div>\n\t\t<\/div>\n\t\t\t\t<div class=\"elementor-column elementor-col-50 elementor-top-column elementor-element elementor-element-3b9ee209\" data-id=\"3b9ee209\" data-element_type=\"column\" data-settings=\"{&quot;background_background&quot;:&quot;classic&quot;}\">\n\t\t\t<div class=\"elementor-widget-wrap elementor-element-populated\">\n\t\t\t\t\t\t<div class=\"elementor-element elementor-element-2fa1bda elementor-widget elementor-widget-spacer\" data-id=\"2fa1bda\" data-element_type=\"widget\" data-settings=\"{&quot;ekit_we_effect_on&quot;:&quot;none&quot;}\" data-widget_type=\"spacer.default\">\n\t\t\t\t<div class=\"elementor-widget-container\">\n\t\t\t\t\t\t\t<div class=\"elementor-spacer\">\n\t\t\t<div class=\"elementor-spacer-inner\"><\/div>\n\t\t<\/div>\n\t\t\t\t\t\t<\/div>\n\t\t\t\t<\/div>\n\t\t\t\t\t<\/div>\n\t\t<\/div>\n\t\t\t\t\t<\/div>\n\t\t<\/section>\n\t\t\t\t<section class=\"elementor-section elementor-top-section elementor-element elementor-element-fb9d0b1 elementor-section-content-middle elementor-section-boxed elementor-section-height-default elementor-section-height-default\" data-id=\"fb9d0b1\" data-element_type=\"section\" data-settings=\"{&quot;ekit_has_onepagescroll_dot&quot;:&quot;yes&quot;}\">\n\t\t\t\t\t\t<div class=\"elementor-container elementor-column-gap-default\">\n\t\t\t\t\t<div class=\"elementor-column elementor-col-50 elementor-top-column elementor-element elementor-element-f1349db\" data-id=\"f1349db\" data-element_type=\"column\" data-settings=\"{&quot;background_background&quot;:&quot;classic&quot;}\">\n\t\t\t<div class=\"elementor-widget-wrap elementor-element-populated\">\n\t\t\t\t\t\t<div class=\"elementor-element elementor-element-40fc989 elementor-widget elementor-widget-spacer\" data-id=\"40fc989\" data-element_type=\"widget\" data-settings=\"{&quot;ekit_we_effect_on&quot;:&quot;none&quot;}\" data-widget_type=\"spacer.default\">\n\t\t\t\t<div class=\"elementor-widget-container\">\n\t\t\t\t\t\t\t<div class=\"elementor-spacer\">\n\t\t\t<div class=\"elementor-spacer-inner\"><\/div>\n\t\t<\/div>\n\t\t\t\t\t\t<\/div>\n\t\t\t\t<\/div>\n\t\t\t\t\t<\/div>\n\t\t<\/div>\n\t\t\t\t<div class=\"elementor-column elementor-col-50 elementor-top-column elementor-element elementor-element-1437cd1\" data-id=\"1437cd1\" data-element_type=\"column\" data-settings=\"{&quot;background_background&quot;:&quot;classic&quot;}\">\n\t\t\t<div class=\"elementor-widget-wrap elementor-element-populated\">\n\t\t\t\t\t\t<div class=\"elementor-element elementor-element-80ce6bf elementor-widget elementor-widget-heading\" data-id=\"80ce6bf\" data-element_type=\"widget\" data-settings=\"{&quot;ekit_we_effect_on&quot;:&quot;none&quot;}\" data-widget_type=\"heading.default\">\n\t\t\t\t<div class=\"elementor-widget-container\">\n\t\t\t\t\t<h2 class=\"elementor-heading-title elementor-size-default\">LANDU: Revolu\u021biona\u021bi textilele dvs. cu tehnologia celulozei<\/h2>\t\t\t\t<\/div>\n\t\t\t\t<\/div>\n\t\t\t\t<div class=\"elementor-element elementor-element-8f00e23 elementor-widget-divider--view-line elementor-widget elementor-widget-divider\" data-id=\"8f00e23\" data-element_type=\"widget\" data-settings=\"{&quot;ekit_we_effect_on&quot;:&quot;none&quot;}\" data-widget_type=\"divider.default\">\n\t\t\t\t<div class=\"elementor-widget-container\">\n\t\t\t\t\t\t\t<div class=\"elementor-divider\">\n\t\t\t<span class=\"elementor-divider-separator\">\n\t\t\t\t\t\t<\/span>\n\t\t<\/div>\n\t\t\t\t\t\t<\/div>\n\t\t\t\t<\/div>\n\t\t\t\t<div class=\"elementor-element elementor-element-71adb2f elementor-widget elementor-widget-text-editor\" data-id=\"71adb2f\" data-element_type=\"widget\" data-settings=\"{&quot;ekit_we_effect_on&quot;:&quot;none&quot;}\" data-widget_type=\"text-editor.default\">\n\t\t\t\t<div class=\"elementor-widget-container\">\n\t\t\t\t\t\t\t\t\t<p>LANDU este o \u00eentreprindere de \u00eenalt\u0103 tehnologie \u00een fruntea cercet\u0103rii de ultim\u0103 or\u0103. Expertiza noastr\u0103 de baz\u0103 const\u0103 \u00een produc\u021bia \u0219i distribu\u021bia global\u0103 de celuloz\u0103. Prin \u00eencorporarea celulozei de la LANDU, pute\u021bi crea textile care nu sunt doar confortabile \u0219i moi, ci \u0219i durabile \u0219i uimitoare din punct de vedere vizual. Formul\u0103rile noastre inovatoare pot fi adaptate pentru a v\u0103 satisface nevoile specifice. Alege\u021bi LANDU pentru un partener de \u00eencredere pentru solu\u021bii textile excep\u021bionale.<\/p>\t\t\t\t\t\t\t\t<\/div>\n\t\t\t\t<\/div>\n\t\t\t\t<div class=\"elementor-element elementor-element-3f7ebc2 elementor-widget-elementskit-dual-button-center elementor-widget elementor-widget-elementskit-dual-button\" data-id=\"3f7ebc2\" data-element_type=\"widget\" data-settings=\"{&quot;ekit_we_effect_on&quot;:&quot;none&quot;}\" data-widget_type=\"elementskit-dual-button.default\">\n\t\t\t\t<div class=\"elementor-widget-container\">\n\t\t\t\t\t<div class=\"ekit-wid-con\" >\n                <div class=\"ekit-element-align-wrapper\">\n                    <div class=\"ekit_double_button\">                <a class=\"ekit-double-btn ekit-double-btn-one\" href=\"#elementor-action%3Aaction%3Dpopup%3Aopen%26settings%3DeyJpZCI6IjE1MTkiLCJ0b2dnbGUiOmZhbHNlfQ%3D%3D\">\n                    Downlaod TDS produs                <\/a>\n            \n            <a class=\"ekit-double-btn ekit-double-btn-two\" href=\"#elementor-action%3Aaction%3Dpopup%3Aopen%26settings%3DeyJpZCI6IjE1MTkiLCJ0b2dnbGUiOmZhbHNlfQ%3D%3D\" target=\"_blank\">\n                    Desc\u0103rcare fi\u0219\u0103 de securitate a produsului                <\/a>\n                  <\/div>\n                <\/div>\n            <\/div>\t\t\t\t<\/div>\n\t\t\t\t<\/div>\n\t\t\t\t\t<\/div>\n\t\t<\/div>\n\t\t\t\t\t<\/div>\n\t\t<\/section>\n\t\t\t\t<\/div>","protected":false},"excerpt":{"rendered":"<p>Textile Pentru solu\u021biile de baterii oferim performan\u021be ridicate \u0219i o durat\u0103 de via\u021b\u0103 mai lung\u0103. Celuloza \u00een textile Celuloza este o component\u0103 fundamental\u0103 \u00een industria textil\u0103, \u00een special \u00een produc\u021bia de fibre naturale precum bumbacul, inul \u0219i raionul. Fibrele de celuloz\u0103 pot absorbi \u0219i elibera eficient umiditatea, permi\u021b\u00e2nd \u00een acela\u0219i timp circula\u021bia aerului. Aceste propriet\u0103\u021bi fac textilele pe baz\u0103 de celuloz\u0103 ideale pentru \u00eembr\u0103c\u0103minte, [...]<\/p>","protected":false},"author":1,"featured_media":0,"parent":13080,"menu_order":0,"comment_status":"closed","ping_status":"closed","template":"elementor_header_footer","meta":{"footnotes":""},"class_list":["post-17105","page","type-page","status-publish","hentry"],"_links":{"self":[{"href":"https:\/\/landu-china.com\/ro\/wp-json\/wp\/v2\/pages\/17105","targetHints":{"allow":["GET"]}}],"collection":[{"href":"https:\/\/landu-china.com\/ro\/wp-json\/wp\/v2\/pages"}],"about":[{"href":"https:\/\/landu-china.com\/ro\/wp-json\/wp\/v2\/types\/page"}],"author":[{"embeddable":true,"href":"https:\/\/landu-china.com\/ro\/wp-json\/wp\/v2\/users\/1"}],"replies":[{"embeddable":true,"href":"https:\/\/landu-china.com\/ro\/wp-json\/wp\/v2\/comments?post=17105"}],"version-history":[{"count":13,"href":"https:\/\/landu-china.com\/ro\/wp-json\/wp\/v2\/pages\/17105\/revisions"}],"predecessor-version":[{"id":18814,"href":"https:\/\/landu-china.com\/ro\/wp-json\/wp\/v2\/pages\/17105\/revisions\/18814"}],"up":[{"embeddable":true,"href":"https:\/\/landu-china.com\/ro\/wp-json\/wp\/v2\/pages\/13080"}],"wp:attachment":[{"href":"https:\/\/landu-china.com\/ro\/wp-json\/wp\/v2\/media?parent=17105"}],"curies":[{"name":"wp","href":"https:\/\/api.w.org\/{rel}","templated":true}]}}