{"id":11605,"date":"2024-10-15T16:23:22","date_gmt":"2024-10-15T08:23:22","guid":{"rendered":"https:\/\/landu-china.com\/?page_id=11605"},"modified":"2024-11-06T10:43:36","modified_gmt":"2024-11-06T02:43:36","slug":"hidroxipropilceluloza-inalt-substituita-de-calitate-alimentara","status":"publish","type":"page","link":"https:\/\/landu-china.com\/ro\/produse\/aditivi-alimentari\/hidroxipropilceluloza-inalt-substituita-de-calitate-alimentara\/","title":{"rendered":"Grad alimentar ridicat substituit hidroxipropilceluloz\u0103"},"content":{"rendered":"<div data-elementor-type=\"wp-page\" data-elementor-id=\"11605\" class=\"elementor elementor-11605\" data-elementor-post-type=\"page\">\n\t\t\t\t<div class=\"elementor-element elementor-element-8e5ed44 e-con-full e-flex e-con e-parent\" data-id=\"8e5ed44\" data-element_type=\"container\" data-settings=\"{&quot;ekit_has_onepagescroll_dot&quot;:&quot;yes&quot;}\">\n\t\t\t\t<div class=\"elementor-element elementor-element-e88d62d elementor--h-position-center elementor--v-position-middle elementor-arrows-position-inside elementor-pagination-position-inside elementor-widget elementor-widget-slides\" data-id=\"e88d62d\" data-element_type=\"widget\" data-settings=\"{&quot;navigation&quot;:&quot;both&quot;,&quot;autoplay&quot;:&quot;yes&quot;,&quot;pause_on_hover&quot;:&quot;yes&quot;,&quot;pause_on_interaction&quot;:&quot;yes&quot;,&quot;autoplay_speed&quot;:5000,&quot;infinite&quot;:&quot;yes&quot;,&quot;transition&quot;:&quot;slide&quot;,&quot;transition_speed&quot;:500,&quot;ekit_we_effect_on&quot;:&quot;none&quot;}\" data-widget_type=\"slides.default\">\n\t\t\t\t<div class=\"elementor-widget-container\">\n\t\t\t\t\t\t\t\t\t<div class=\"elementor-swiper\">\n\t\t\t\t\t<div class=\"elementor-slides-wrapper elementor-main-swiper swiper\" role=\"region\" aria-roledescription=\"carousel\" aria-label=\"Diapozitive\" dir=\"ltr\" data-animation=\"fadeInUp\">\n\t\t\t\t<div class=\"swiper-wrapper elementor-slides\">\n\t\t\t\t\t\t\t\t\t\t<div class=\"elementor-repeater-item-9f5a44f swiper-slide\" role=\"group\" aria-roledescription=\"slide\"><div class=\"swiper-slide-bg elementor-ken-burns elementor-ken-burns--in\" role=\"img\"><\/div><div class=\"elementor-background-overlay\"><\/div><div class=\"swiper-slide-inner\" ><div class=\"swiper-slide-contents\"><h1 class=\"elementor-slide-heading\">Grad alimentar High-Substitute Hydroxypropyl Cellulose (H-HPC)<\/h1><div class=\"elementor-slide-description\">\u00cen industria alimentar\u0103 \u0219i a b\u0103uturilor, hidroxipropilceluloza cu substituent ridicat (H-HPC) este utilizat\u0103 pe scar\u0103 larg\u0103 ca emulsifiant, stabilizator \u0219i agent de \u00eengro\u0219are pentru diverse alimente.<\/div><\/div><\/div><\/div>\t\t\t\t<\/div>\n\t\t\t\t\t\t\t<\/div>\n\t\t\t\t<\/div>\n\t\t\t\t\t\t\t\t<\/div>\n\t\t\t\t<\/div>\n\t\t\t\t<\/div>\n\t\t\t\t<section class=\"elementor-section elementor-top-section elementor-element elementor-element-4ee4086e elementor-section-boxed elementor-section-height-default elementor-section-height-default\" data-id=\"4ee4086e\" data-element_type=\"section\" data-settings=\"{&quot;ekit_has_onepagescroll_dot&quot;:&quot;yes&quot;}\">\n\t\t\t\t\t\t<div class=\"elementor-container elementor-column-gap-default\">\n\t\t\t\t\t<div class=\"elementor-column elementor-col-50 elementor-top-column elementor-element elementor-element-18be4841\" data-id=\"18be4841\" data-element_type=\"column\" data-settings=\"{&quot;background_background&quot;:&quot;classic&quot;}\">\n\t\t\t<div class=\"elementor-widget-wrap elementor-element-populated\">\n\t\t\t\t\t\t<div class=\"elementor-element elementor-element-81a5461 elementor-widget elementor-widget-spacer\" data-id=\"81a5461\" data-element_type=\"widget\" data-settings=\"{&quot;ekit_we_effect_on&quot;:&quot;none&quot;}\" data-widget_type=\"spacer.default\">\n\t\t\t\t<div class=\"elementor-widget-container\">\n\t\t\t\t\t\t\t<div class=\"elementor-spacer\">\n\t\t\t<div class=\"elementor-spacer-inner\"><\/div>\n\t\t<\/div>\n\t\t\t\t\t\t<\/div>\n\t\t\t\t<\/div>\n\t\t\t\t\t<\/div>\n\t\t<\/div>\n\t\t\t\t<div class=\"elementor-column elementor-col-50 elementor-top-column elementor-element elementor-element-125b4494\" data-id=\"125b4494\" data-element_type=\"column\">\n\t\t\t<div class=\"elementor-widget-wrap elementor-element-populated\">\n\t\t\t\t\t\t<div class=\"elementor-element elementor-element-60da59cc elementor-widget elementor-widget-elementskit-heading\" data-id=\"60da59cc\" data-element_type=\"widget\" data-settings=\"{&quot;ekit_we_effect_on&quot;:&quot;none&quot;}\" data-widget_type=\"elementskit-heading.default\">\n\t\t\t\t<div class=\"elementor-widget-container\">\n\t\t\t\t\t<div class=\"ekit-wid-con\" ><div class=\"ekit-heading elementskit-section-title-wraper text_left   ekit_heading_tablet-   ekit_heading_mobile-\"><h2 class=\"ekit-heading--title elementskit-section-title\">Grad alimentar High-Substitute Hydroxypropyl Cellulose (H-HPC)<\/h2><h3 class=\"ekit-heading--subtitle elementskit-section-subtitle\">\n\t\t\t\t\t\t\"Metoda cu suspensie \u00eentr-o singur\u0103 etap\u0103\" pentru producerea eterului de hidroxipropilceluloz\u0103 \u00eenalt substituit (care con\u021bine 50-80% hidroxipropoxi) const\u0103 \u00een etape de alcalinizare, eterificare \u0219i neutralizare.\n\t\t\t\t\t<\/h3>\t\t\t\t<div class='ekit-heading__description'>\n\t\t\t\t\t<p>H-HPC ac\u021bioneaz\u0103 \u00een principal ca agent de \u00eengro\u0219are \u0219i stabilizare, \u00eembun\u0103t\u0103\u021bind textura \u0219i v\u00e2scozitatea diferitelor produse alimentare. Capacitatea sa de a forma geluri \u0219i emulsii stabile \u00eel face deosebit de util \u00een sosuri, pansamente \u0219i produse lactate, unde ajut\u0103 la men\u021binerea consisten\u021bei \u0219i la prevenirea separ\u0103rii. \u00cen plus, H-HPC poate \u00eembun\u0103t\u0103\u021bi senza\u021bia \u00een gur\u0103 a formul\u0103rilor cu con\u021binut sc\u0103zut de gr\u0103simi, oferind o textur\u0103 cremoas\u0103 f\u0103r\u0103 a fi nevoie de gr\u0103simi ad\u0103ugate.<\/p>\n\t\t\t\t<\/div>\n\t\t\t<\/div><\/div>\t\t\t\t<\/div>\n\t\t\t\t<\/div>\n\t\t\t\t<div class=\"elementor-element elementor-element-8e8fc0f elementor-align-left elementor-widget elementor-widget-elementskit-button\" data-id=\"8e8fc0f\" data-element_type=\"widget\" data-settings=\"{&quot;ekit_we_effect_on&quot;:&quot;none&quot;}\" data-widget_type=\"elementskit-button.default\">\n\t\t\t\t<div class=\"elementor-widget-container\">\n\t\t\t\t\t<div class=\"ekit-wid-con\" >\t\t<div class=\"ekit-btn-wraper\">\n\t\t\t\t\t\t\t<a href=\"#elementor-action%3Aaction%3Dpopup%3Aopen%26settings%3DeyJpZCI6IjE1MTkiLCJ0b2dnbGUiOmZhbHNlfQ%3D%3D\" class=\"elementskit-btn  whitespace--normal\" id=\"\">\n\t\t\t\t\tCerere de ofert\u0103 gratuit\u0103<i class=\"fasicon icon-arrow-right\"><\/i>\t\t\t\t<\/a>\n\t\t\t\t\t<\/div>\n        <\/div>\t\t\t\t<\/div>\n\t\t\t\t<\/div>\n\t\t\t\t\t<\/div>\n\t\t<\/div>\n\t\t\t\t\t<\/div>\n\t\t<\/section>\n\t\t\t\t<section class=\"elementor-section elementor-top-section elementor-element elementor-element-648fafbe elementor-section-boxed elementor-section-height-default elementor-section-height-default\" data-id=\"648fafbe\" data-element_type=\"section\" data-settings=\"{&quot;ekit_has_onepagescroll_dot&quot;:&quot;yes&quot;}\">\n\t\t\t\t\t\t<div class=\"elementor-container elementor-column-gap-default\">\n\t\t\t\t\t<div class=\"elementor-column elementor-col-100 elementor-top-column elementor-element elementor-element-c732d59\" data-id=\"c732d59\" data-element_type=\"column\">\n\t\t\t<div class=\"elementor-widget-wrap elementor-element-populated\">\n\t\t\t\t\t\t<section class=\"elementor-section elementor-inner-section elementor-element elementor-element-41bd753 elementor-section-boxed elementor-section-height-default elementor-section-height-default\" data-id=\"41bd753\" data-element_type=\"section\" data-settings=\"{&quot;ekit_has_onepagescroll_dot&quot;:&quot;yes&quot;}\">\n\t\t\t\t\t\t<div class=\"elementor-container elementor-column-gap-default\">\n\t\t\t\t\t<div class=\"elementor-column elementor-col-25 elementor-inner-column elementor-element elementor-element-78321446\" data-id=\"78321446\" data-element_type=\"column\">\n\t\t\t<div class=\"elementor-widget-wrap elementor-element-populated\">\n\t\t\t\t\t\t<div class=\"elementor-element elementor-element-4f5d1866 ekit-equal-height-disable elementor-widget elementor-widget-elementskit-icon-box\" data-id=\"4f5d1866\" data-element_type=\"widget\" data-settings=\"{&quot;ekit_we_effect_on&quot;:&quot;none&quot;}\" data-widget_type=\"elementskit-icon-box.default\">\n\t\t\t\t<div class=\"elementor-widget-container\">\n\t\t\t\t\t<div class=\"ekit-wid-con\" >        <!-- link opening -->\n                <!-- end link opening -->\n\n        <div class=\"elementskit-infobox text- text- icon-lef-right-aligin elementor-animation-bob\">\n                        <div class=\"box-body\">\n                            <h3 class=\"elementskit-info-box-title\">\n                    Pulbere alb\u0103, inodor\u0103, f\u0103r\u0103 gust.                <\/h3>\n                        \t\t  \t<p>Solubil \u00een ap\u0103 \u0219i \u00een diferi\u021bi solven\u021bi organici, cum ar fi etanolul \u0219i acetona, la temperatura camerei; solu\u021biile sunt clare.<\/p>\n                                        <div class=\"box-footer disable_hover_button\">\n                    <div class=\"btn-wraper\">\n                                                            <a class=\"elementskit-btn whitespace--normal\" href=\"#elementor-action%3Aaction%3Dpopup%3Aopen%26settings%3DeyJpZCI6IjE1MTkiLCJ0b2dnbGUiOmZhbHNlfQ%3D%3D\">\n                                        Afla\u021bi mai multe                                                                            <\/a>\n                                                        <\/div>\n                <\/div>\n                    <\/div>\n        \n        \n                <\/div>\n        <\/div>\t\t\t\t<\/div>\n\t\t\t\t<\/div>\n\t\t\t\t\t<\/div>\n\t\t<\/div>\n\t\t\t\t<div class=\"elementor-column elementor-col-25 elementor-inner-column elementor-element elementor-element-21e3d14c\" data-id=\"21e3d14c\" data-element_type=\"column\">\n\t\t\t<div class=\"elementor-widget-wrap elementor-element-populated\">\n\t\t\t\t\t\t<div class=\"elementor-element elementor-element-137ad64 ekit-equal-height-disable elementor-widget elementor-widget-elementskit-icon-box\" data-id=\"137ad64\" data-element_type=\"widget\" data-settings=\"{&quot;ekit_we_effect_on&quot;:&quot;none&quot;}\" data-widget_type=\"elementskit-icon-box.default\">\n\t\t\t\t<div class=\"elementor-widget-container\">\n\t\t\t\t\t<div class=\"ekit-wid-con\" >        <!-- link opening -->\n                <!-- end link opening -->\n\n        <div class=\"elementskit-infobox text- text- icon-lef-right-aligin elementor-animation-bob\">\n                        <div class=\"box-body\">\n                            <h3 class=\"elementskit-info-box-title\">\n                    Propriet\u0103\u021bi excelente de formare a filmului.                <\/h3>\n                        \t\t  \t<p>H-HPC este un material termoplastic bun, cu propriet\u0103\u021bi excelente de formare a filmelor. Filmele sunt rezistente, lucioase \u0219i foarte elastice.<\/p>\n                                        <div class=\"box-footer disable_hover_button\">\n                    <div class=\"btn-wraper\">\n                                                            <a class=\"elementskit-btn whitespace--normal\" href=\"#elementor-action%3Aaction%3Dpopup%3Aopen%26settings%3DeyJpZCI6IjE1MTkiLCJ0b2dnbGUiOmZhbHNlfQ%3D%3D\">\n                                        Afla\u021bi mai multe                                                                            <\/a>\n                                                        <\/div>\n                <\/div>\n                    <\/div>\n        \n        \n                <\/div>\n        <\/div>\t\t\t\t<\/div>\n\t\t\t\t<\/div>\n\t\t\t\t\t<\/div>\n\t\t<\/div>\n\t\t\t\t<div class=\"elementor-column elementor-col-25 elementor-inner-column elementor-element elementor-element-e49ca8d\" data-id=\"e49ca8d\" data-element_type=\"column\">\n\t\t\t<div class=\"elementor-widget-wrap elementor-element-populated\">\n\t\t\t\t\t\t<div class=\"elementor-element elementor-element-6fa5274 ekit-equal-height-disable elementor-widget elementor-widget-elementskit-icon-box\" data-id=\"6fa5274\" data-element_type=\"widget\" data-settings=\"{&quot;ekit_we_effect_on&quot;:&quot;none&quot;}\" data-widget_type=\"elementskit-icon-box.default\">\n\t\t\t\t<div class=\"elementor-widget-container\">\n\t\t\t\t\t<div class=\"ekit-wid-con\" >        <!-- link opening -->\n                <!-- end link opening -->\n\n        <div class=\"elementskit-infobox text- text- icon-lef-right-aligin elementor-animation-bob\">\n                        <div class=\"box-body\">\n                            <h3 class=\"elementskit-info-box-title\">\n                    con\u021binut sc\u0103zut de cenu\u0219\u0103.                <\/h3>\n                        \t\t  \t<p>Cu un con\u021binut foarte sc\u0103zut de cenu\u0219\u0103, acest produs are propriet\u0103\u021bi excelente de aderen\u021b\u0103. Este foarte stabil atunci c\u00e2nd este utilizat ca agent de \u00eengro\u0219are a emulsiilor \u0219i are o dispersabilitate bun\u0103.<\/p>\n                                        <div class=\"box-footer disable_hover_button\">\n                    <div class=\"btn-wraper\">\n                                                            <a class=\"elementskit-btn whitespace--normal\" href=\"#elementor-action%3Aaction%3Dpopup%3Aopen%26settings%3DeyJpZCI6IjE1MTkiLCJ0b2dnbGUiOmZhbHNlfQ%3D%3D\">\n                                        Afla\u021bi mai multe                                                                            <\/a>\n                                                        <\/div>\n                <\/div>\n                    <\/div>\n        \n        \n                <\/div>\n        <\/div>\t\t\t\t<\/div>\n\t\t\t\t<\/div>\n\t\t\t\t\t<\/div>\n\t\t<\/div>\n\t\t\t\t<div class=\"elementor-column elementor-col-25 elementor-inner-column elementor-element elementor-element-506a50b7\" data-id=\"506a50b7\" data-element_type=\"column\">\n\t\t\t<div class=\"elementor-widget-wrap elementor-element-populated\">\n\t\t\t\t\t\t<div class=\"elementor-element elementor-element-5960940 ekit-equal-height-disable elementor-widget elementor-widget-elementskit-icon-box\" data-id=\"5960940\" data-element_type=\"widget\" data-settings=\"{&quot;ekit_we_effect_on&quot;:&quot;none&quot;}\" data-widget_type=\"elementskit-icon-box.default\">\n\t\t\t\t<div class=\"elementor-widget-container\">\n\t\t\t\t\t<div class=\"ekit-wid-con\" >        <!-- link opening -->\n                <!-- end link opening -->\n\n        <div class=\"elementskit-infobox text- text- icon-lef-right-aligin elementor-animation-bob\">\n                        <div class=\"box-body\">\n                            <h3 class=\"elementskit-info-box-title\">\n                    Propriet\u0103\u021bi antibacteriene puternice.                <\/h3>\n                        \t\t  \t<p>Grupurile de substituen\u021bi din H-HPC sunt distribuite uniform \u0219i complet, conferindu-i propriet\u0103\u021bi antibacteriene puternice. De asemenea, are un con\u021binut sc\u0103zut de umiditate \u00een echilibru.<\/p>\n                                        <div class=\"box-footer disable_hover_button\">\n                    <div class=\"btn-wraper\">\n                                                            <a class=\"elementskit-btn whitespace--normal\" href=\"#elementor-action%3Aaction%3Dpopup%3Aopen%26settings%3DeyJpZCI6IjE1MTkiLCJ0b2dnbGUiOmZhbHNlfQ%3D%3D\">\n                                        Afla\u021bi mai multe                                                                            <\/a>\n                                                        <\/div>\n                <\/div>\n                    <\/div>\n        \n        \n                <\/div>\n        <\/div>\t\t\t\t<\/div>\n\t\t\t\t<\/div>\n\t\t\t\t\t<\/div>\n\t\t<\/div>\n\t\t\t\t\t<\/div>\n\t\t<\/section>\n\t\t\t\t\t<\/div>\n\t\t<\/div>\n\t\t\t\t\t<\/div>\n\t\t<\/section>\n\t\t\t\t<section class=\"elementor-section elementor-top-section elementor-element elementor-element-1d05d612 elementor-section-full_width elementor-section-height-default elementor-section-height-default\" data-id=\"1d05d612\" data-element_type=\"section\" id=\"xs_cta_style_19\" data-settings=\"{&quot;ekit_has_onepagescroll_dot&quot;:&quot;yes&quot;}\">\n\t\t\t\t\t\t<div class=\"elementor-container elementor-column-gap-default\">\n\t\t\t\t\t<div class=\"elementor-column elementor-col-100 elementor-top-column elementor-element elementor-element-39370e0f\" data-id=\"39370e0f\" data-element_type=\"column\">\n\t\t\t<div class=\"elementor-widget-wrap elementor-element-populated\">\n\t\t\t\t\t\t<section class=\"elementor-section elementor-inner-section elementor-element elementor-element-25418739 elementor-section-full_width elementor-section-height-default elementor-section-height-default\" data-id=\"25418739\" data-element_type=\"section\" data-settings=\"{&quot;background_background&quot;:&quot;classic&quot;,&quot;ekit_has_onepagescroll_dot&quot;:&quot;yes&quot;}\">\n\t\t\t\t\t\t<div class=\"elementor-container elementor-column-gap-default\">\n\t\t\t\t\t<div class=\"elementor-column elementor-col-100 elementor-inner-column elementor-element elementor-element-1207794e\" data-id=\"1207794e\" data-element_type=\"column\">\n\t\t\t<div class=\"elementor-widget-wrap elementor-element-populated\">\n\t\t\t\t\t\t<div class=\"elementor-element elementor-element-26ddaf8 elementor-widget elementor-widget-elementskit-heading\" data-id=\"26ddaf8\" data-element_type=\"widget\" data-settings=\"{&quot;ekit_we_effect_on&quot;:&quot;none&quot;}\" data-widget_type=\"elementskit-heading.default\">\n\t\t\t\t<div class=\"elementor-widget-container\">\n\t\t\t\t\t<div class=\"ekit-wid-con\" ><div class=\"ekit-heading elementskit-section-title-wraper center   ekit_heading_tablet-   ekit_heading_mobile-\"><h2 class=\"ekit-heading--title elementskit-section-title\">Ave\u021bi nevoie de mai mult sprijin?<\/h2>\t\t\t\t<div class='ekit-heading__description'>\n\t\t\t\t\t<p>Dac\u0103 ave\u021bi nevoie de asisten\u021b\u0103 sau ave\u021bi \u00eentreb\u0103ri, v\u0103 rug\u0103m s\u0103 nu ezita\u021bi s\u0103 contacta\u021bi echipa noastr\u0103 tehnic\u0103 pentru asisten\u021b\u0103.<\/p>\n\t\t\t\t<\/div>\n\t\t\t<\/div><\/div>\t\t\t\t<\/div>\n\t\t\t\t<\/div>\n\t\t\t\t<div class=\"elementor-element elementor-element-38dc5702 elementor-align--mobilecenter elementor-align-center elementor-widget elementor-widget-elementskit-button\" data-id=\"38dc5702\" data-element_type=\"widget\" data-settings=\"{&quot;ekit_we_effect_on&quot;:&quot;none&quot;}\" data-widget_type=\"elementskit-button.default\">\n\t\t\t\t<div class=\"elementor-widget-container\">\n\t\t\t\t\t<div class=\"ekit-wid-con\" >\t\t<div class=\"ekit-btn-wraper\">\n\t\t\t\t\t\t\t<a href=\"#elementor-action%3Aaction%3Dpopup%3Aopen%26settings%3DeyJpZCI6IjE1MTkiLCJ0b2dnbGUiOmZhbHNlfQ%3D%3D\" class=\"elementskit-btn  whitespace--normal\" id=\"\">\n\t\t\t\t\tAjutor tehnic\t\t\t\t<\/a>\n\t\t\t\t\t<\/div>\n        <\/div>\t\t\t\t<\/div>\n\t\t\t\t<\/div>\n\t\t\t\t\t<\/div>\n\t\t<\/div>\n\t\t\t\t\t<\/div>\n\t\t<\/section>\n\t\t\t\t\t<\/div>\n\t\t<\/div>\n\t\t\t\t\t<\/div>\n\t\t<\/section>\n\t\t\t\t<\/div>","protected":false},"excerpt":{"rendered":"<p>\u00cen industria alimentar\u0103 \u0219i a b\u0103uturilor, hidroxipropilceluloza de \u00eenalt\u0103 substitu\u021bie (H-HPC) este utilizat\u0103 pe scar\u0103 larg\u0103 ca emulsifiant, stabilizator \u0219i agent de \u00eengro\u0219are pentru diferite alimente. Celuloz\u0103 hidroxipropilic\u0103 de \u00eenalt\u0103 substitu\u021bie de calitate alimentar\u0103 (H-HPC) \"Metoda slurry \u00eentr-o singur\u0103 etap\u0103\" pentru producerea eterului de hidroxipropilceluloz\u0103 de \u00eenalt\u0103 substitu\u021bie (care con\u021bine 50-80% hidroxipropoxi) const\u0103 \u00een etape de alcalinizare, eterificare \u0219i neutralizare. H-HPC ac\u021bioneaz\u0103 \u00een principal [...]<\/p>","protected":false},"author":1,"featured_media":0,"parent":9722,"menu_order":0,"comment_status":"closed","ping_status":"closed","template":"elementor_header_footer","meta":{"footnotes":""},"class_list":["post-11605","page","type-page","status-publish","hentry"],"_links":{"self":[{"href":"https:\/\/landu-china.com\/ro\/wp-json\/wp\/v2\/pages\/11605","targetHints":{"allow":["GET"]}}],"collection":[{"href":"https:\/\/landu-china.com\/ro\/wp-json\/wp\/v2\/pages"}],"about":[{"href":"https:\/\/landu-china.com\/ro\/wp-json\/wp\/v2\/types\/page"}],"author":[{"embeddable":true,"href":"https:\/\/landu-china.com\/ro\/wp-json\/wp\/v2\/users\/1"}],"replies":[{"embeddable":true,"href":"https:\/\/landu-china.com\/ro\/wp-json\/wp\/v2\/comments?post=11605"}],"version-history":[{"count":54,"href":"https:\/\/landu-china.com\/ro\/wp-json\/wp\/v2\/pages\/11605\/revisions"}],"predecessor-version":[{"id":18365,"href":"https:\/\/landu-china.com\/ro\/wp-json\/wp\/v2\/pages\/11605\/revisions\/18365"}],"up":[{"embeddable":true,"href":"https:\/\/landu-china.com\/ro\/wp-json\/wp\/v2\/pages\/9722"}],"wp:attachment":[{"href":"https:\/\/landu-china.com\/ro\/wp-json\/wp\/v2\/media?parent=11605"}],"curies":[{"name":"wp","href":"https:\/\/api.w.org\/{rel}","templated":true}]}}