{"id":410,"date":"2024-06-18T13:35:02","date_gmt":"2024-06-18T05:35:02","guid":{"rendered":"https:\/\/landu-china.com\/?page_id=410"},"modified":"2025-08-04T13:31:37","modified_gmt":"2025-08-04T05:31:37","slug":"servicos-de-fabricacao-por-contrato","status":"publish","type":"page","link":"https:\/\/landu-china.com\/pt_br\/servicos-de-fabricacao-por-contrato\/","title":{"rendered":"Servi\u00e7os de fabrica\u00e7\u00e3o por contrato"},"content":{"rendered":"<div data-elementor-type=\"wp-page\" data-elementor-id=\"410\" class=\"elementor elementor-410\" data-elementor-post-type=\"page\">\n\t\t\t\t<div class=\"elementor-element elementor-element-f81d54a e-flex e-con-boxed e-con e-parent\" data-id=\"f81d54a\" data-element_type=\"container\" data-settings=\"{&quot;background_background&quot;:&quot;classic&quot;,&quot;ekit_has_onepagescroll_dot&quot;:&quot;yes&quot;}\">\n\t\t\t\t\t<div class=\"e-con-inner\">\n\t\t\t\t<div class=\"elementor-element elementor-element-b3a9adb elementor-widget__width-initial elementor-widget elementor-widget-heading\" data-id=\"b3a9adb\" data-element_type=\"widget\" data-settings=\"{&quot;ekit_we_effect_on&quot;:&quot;none&quot;}\" data-widget_type=\"heading.default\">\n\t\t\t\t<div class=\"elementor-widget-container\">\n\t\t\t\t\t<h2 class=\"elementor-heading-title elementor-size-default\">Servi\u00e7os de fabrica\u00e7\u00e3o por contrato<\/h2>\t\t\t\t<\/div>\n\t\t\t\t<\/div>\n\t\t\t\t<div class=\"elementor-element elementor-element-28586f2 elementor-widget__width-initial elementor-widget elementor-widget-text-editor\" data-id=\"28586f2\" data-element_type=\"widget\" data-settings=\"{&quot;ekit_we_effect_on&quot;:&quot;none&quot;}\" data-widget_type=\"text-editor.default\">\n\t\t\t\t<div class=\"elementor-widget-container\">\n\t\t\t\t\t\t\t\t\t<p>A LANDU \u00e9 uma l\u00edder mundialmente reconhecida na \u00e1rea de servi\u00e7os de tecnologia de celulose, especializada em solu\u00e7\u00f5es t\u00e9cnicas globais.<\/p>\t\t\t\t\t\t\t\t<\/div>\n\t\t\t\t<\/div>\n\t\t\t\t\t<\/div>\n\t\t\t\t<\/div>\n\t\t<div class=\"elementor-element elementor-element-290387c e-flex e-con-boxed e-con e-parent\" data-id=\"290387c\" data-element_type=\"container\" data-settings=\"{&quot;ekit_has_onepagescroll_dot&quot;:&quot;yes&quot;}\">\n\t\t\t\t\t<div class=\"e-con-inner\">\n\t\t\t\t<div class=\"elementor-element elementor-element-3fb3201 elementor-widget elementor-widget-heading\" data-id=\"3fb3201\" data-element_type=\"widget\" data-settings=\"{&quot;ekit_we_effect_on&quot;:&quot;none&quot;}\" data-widget_type=\"heading.default\">\n\t\t\t\t<div class=\"elementor-widget-container\">\n\t\t\t\t\t<h2 class=\"elementor-heading-title elementor-size-default\">Servi\u00e7os otimizados de fabrica\u00e7\u00e3o por contrato para suplementos alimentares<\/h2>\t\t\t\t<\/div>\n\t\t\t\t<\/div>\n\t\t\t\t<div class=\"elementor-element elementor-element-9416f12 elementor-widget elementor-widget-image\" data-id=\"9416f12\" data-element_type=\"widget\" data-settings=\"{&quot;ekit_we_effect_on&quot;:&quot;none&quot;}\" data-widget_type=\"image.default\">\n\t\t\t\t<div class=\"elementor-widget-container\">\n\t\t\t\t\t\t\t\t\t\t\t\t\t\t\t<img decoding=\"async\" width=\"55\" height=\"9\" src=\"https:\/\/landu-china.com\/wp-content\/uploads\/2024\/06\/\u8d44\u6e90-1.png\" class=\"attachment-large size-large wp-image-87\" alt=\"\" \/>\t\t\t\t\t\t\t\t\t\t\t\t\t\t\t<\/div>\n\t\t\t\t<\/div>\n\t\t\t\t<div class=\"elementor-element elementor-element-6606622 elementor-widget elementor-widget-text-editor\" data-id=\"6606622\" data-element_type=\"widget\" data-settings=\"{&quot;ekit_we_effect_on&quot;:&quot;none&quot;}\" data-widget_type=\"text-editor.default\">\n\t\t\t\t<div class=\"elementor-widget-container\">\n\t\t\t\t\t\t\t\t\t<p>Est\u00e1 procurando um parceiro de fabrica\u00e7\u00e3o para sua pr\u00f3xima inova\u00e7\u00e3o? Nossa equipe de servi\u00e7os t\u00e9cnicos est\u00e1 preparada para ajud\u00e1-lo, seja para lan\u00e7ar um novo produto em p\u00f3 ou para refinar um j\u00e1 existente. Com nossos recursos de fabrica\u00e7\u00e3o, oferecemos um balc\u00e3o \u00fanico e diferenciado para o processamento de formula\u00e7\u00f5es prontas para uso.<\/p>\t\t\t\t\t\t\t\t<\/div>\n\t\t\t\t<\/div>\n\t\t\t\t\t<\/div>\n\t\t\t\t<\/div>\n\t\t<div class=\"elementor-element elementor-element-3aee58d e-flex e-con-boxed e-con e-parent\" data-id=\"3aee58d\" data-element_type=\"container\" data-settings=\"{&quot;ekit_has_onepagescroll_dot&quot;:&quot;yes&quot;}\">\n\t\t\t\t\t<div class=\"e-con-inner\">\n\t\t<div class=\"elementor-element elementor-element-7577986 e-con-full e-flex e-con e-child\" data-id=\"7577986\" data-element_type=\"container\" data-settings=\"{&quot;ekit_has_onepagescroll_dot&quot;:&quot;yes&quot;}\">\n\t\t\t\t<div class=\"elementor-element elementor-element-abe0950 elementor-widget elementor-widget-heading\" data-id=\"abe0950\" data-element_type=\"widget\" data-settings=\"{&quot;ekit_we_effect_on&quot;:&quot;none&quot;}\" data-widget_type=\"heading.default\">\n\t\t\t\t<div class=\"elementor-widget-container\">\n\t\t\t\t\t<h2 class=\"elementor-heading-title elementor-size-default\">Embalagem<\/h2>\t\t\t\t<\/div>\n\t\t\t\t<\/div>\n\t\t\t\t<div class=\"elementor-element elementor-element-f694b81 elementor-widget__width-initial elementor-widget-divider--view-line elementor-widget elementor-widget-divider\" data-id=\"f694b81\" data-element_type=\"widget\" data-settings=\"{&quot;ekit_we_effect_on&quot;:&quot;none&quot;}\" data-widget_type=\"divider.default\">\n\t\t\t\t<div class=\"elementor-widget-container\">\n\t\t\t\t\t\t\t<div class=\"elementor-divider\">\n\t\t\t<span class=\"elementor-divider-separator\">\n\t\t\t\t\t\t<\/span>\n\t\t<\/div>\n\t\t\t\t\t\t<\/div>\n\t\t\t\t<\/div>\n\t\t\t\t<div class=\"elementor-element elementor-element-31d31e2 elementor-widget elementor-widget-text-editor\" data-id=\"31d31e2\" data-element_type=\"widget\" data-settings=\"{&quot;ekit_we_effect_on&quot;:&quot;none&quot;}\" data-widget_type=\"text-editor.default\">\n\t\t\t\t<div class=\"elementor-widget-container\">\n\t\t\t\t\t\t\t\t\t<p>Explore nossa ampla gama de solu\u00e7\u00f5es de embalagem meticulosamente elaboradas para atender a produtos em p\u00f3. Desde a conveni\u00eancia de ponta das embalagens em bast\u00e3o at\u00e9 a funcionalidade cl\u00e1ssica dos frascos com tampa combinados com colheres para medi\u00e7\u00f5es precisas, temos uma op\u00e7\u00e3o adaptada \u00e0s suas necessidades.<br \/>Nossos sistemas de p\u00f3 direto para a boca oferecem conveni\u00eancia inigual\u00e1vel, enquanto nossos recipientes r\u00edgidos e resistentes garantem a durabilidade e a integridade do produto.<br \/>Independentemente de suas prefer\u00eancias de embalagem ou especifica\u00e7\u00f5es de produto, oferecemos uma linha vers\u00e1til para atender \u00e0s suas necessidades e superar suas expectativas.<\/p>\t\t\t\t\t\t\t\t<\/div>\n\t\t\t\t<\/div>\n\t\t\t\t<\/div>\n\t\t<div class=\"elementor-element elementor-element-f3cd1ae e-con-full e-flex e-con e-child\" data-id=\"f3cd1ae\" data-element_type=\"container\" data-settings=\"{&quot;background_background&quot;:&quot;classic&quot;,&quot;ekit_has_onepagescroll_dot&quot;:&quot;yes&quot;}\">\n\t\t\t\t<\/div>\n\t\t\t\t\t<\/div>\n\t\t\t\t<\/div>\n\t\t<div class=\"elementor-element elementor-element-9433bd2 e-flex e-con-boxed e-con e-parent\" data-id=\"9433bd2\" data-element_type=\"container\" data-settings=\"{&quot;background_background&quot;:&quot;classic&quot;,&quot;ekit_has_onepagescroll_dot&quot;:&quot;yes&quot;}\">\n\t\t\t\t\t<div class=\"e-con-inner\">\n\t\t<div class=\"elementor-element elementor-element-e3cad86 e-con-full e-flex e-con e-child\" data-id=\"e3cad86\" data-element_type=\"container\" data-settings=\"{&quot;background_background&quot;:&quot;classic&quot;,&quot;ekit_has_onepagescroll_dot&quot;:&quot;yes&quot;}\">\n\t\t\t\t<\/div>\n\t\t<div class=\"elementor-element elementor-element-0e3acea e-con-full e-flex e-con e-child\" data-id=\"0e3acea\" data-element_type=\"container\" data-settings=\"{&quot;ekit_has_onepagescroll_dot&quot;:&quot;yes&quot;}\">\n\t\t\t\t<div class=\"elementor-element elementor-element-abbe6e6 elementor-widget elementor-widget-heading\" data-id=\"abbe6e6\" data-element_type=\"widget\" data-settings=\"{&quot;ekit_we_effect_on&quot;:&quot;none&quot;}\" data-widget_type=\"heading.default\">\n\t\t\t\t<div class=\"elementor-widget-container\">\n\t\t\t\t\t<h2 class=\"elementor-heading-title elementor-size-default\">Qualidade e certifica\u00e7\u00f5es<\/h2>\t\t\t\t<\/div>\n\t\t\t\t<\/div>\n\t\t\t\t<div class=\"elementor-element elementor-element-0f46435 elementor-widget__width-initial elementor-widget-divider--view-line elementor-widget elementor-widget-divider\" data-id=\"0f46435\" data-element_type=\"widget\" data-settings=\"{&quot;ekit_we_effect_on&quot;:&quot;none&quot;}\" data-widget_type=\"divider.default\">\n\t\t\t\t<div class=\"elementor-widget-container\">\n\t\t\t\t\t\t\t<div class=\"elementor-divider\">\n\t\t\t<span class=\"elementor-divider-separator\">\n\t\t\t\t\t\t<\/span>\n\t\t<\/div>\n\t\t\t\t\t\t<\/div>\n\t\t\t\t<\/div>\n\t\t\t\t<div class=\"elementor-element elementor-element-da0384f elementor-widget elementor-widget-text-editor\" data-id=\"da0384f\" data-element_type=\"widget\" data-settings=\"{&quot;ekit_we_effect_on&quot;:&quot;none&quot;}\" data-widget_type=\"text-editor.default\">\n\t\t\t\t<div class=\"elementor-widget-container\">\n\t\t\t\t\t\t\t\t\t<p>Mantemos padr\u00f5es rigorosos, e sabemos que voc\u00ea tamb\u00e9m os mant\u00e9m. \u00c9 por isso que a qualidade e a seguran\u00e7a s\u00e3o fundamentais para n\u00f3s. Desde a qualifica\u00e7\u00e3o meticulosa dos ingredientes at\u00e9 a supervis\u00e3o de cada etapa do processo de fabrica\u00e7\u00e3o, temos o compromisso de oferecer a garantia de qualidade e as certifica\u00e7\u00f5es de que voc\u00ea precisa.<\/p><p>Aqui est\u00e1 uma lista parcial das certifica\u00e7\u00f5es dispon\u00edveis para muitos de nossos produtos:<br \/>-<strong>\u00a0ISO<\/strong>\u00a0Certifica\u00e7\u00e3o<br \/>-\u00a0<strong>REACH<\/strong>\u00a0Conformidade<\/p><p>Observe que nem todos os produtos atendem a todas as certifica\u00e7\u00f5es listadas acima. Para obter mais informa\u00e7\u00f5es, consulte seu representante de vendas da LANDU.<\/p>\t\t\t\t\t\t\t\t<\/div>\n\t\t\t\t<\/div>\n\t\t\t\t<\/div>\n\t\t\t\t\t<\/div>\n\t\t\t\t<\/div>\n\t\t<div class=\"elementor-element elementor-element-20d5277 e-flex e-con-boxed e-con e-parent\" data-id=\"20d5277\" data-element_type=\"container\" data-settings=\"{&quot;ekit_has_onepagescroll_dot&quot;:&quot;yes&quot;}\">\n\t\t\t\t\t<div class=\"e-con-inner\">\n\t\t<div class=\"elementor-element elementor-element-5dbae40 e-con-full e-flex e-con e-child\" data-id=\"5dbae40\" data-element_type=\"container\" data-settings=\"{&quot;ekit_has_onepagescroll_dot&quot;:&quot;yes&quot;}\">\n\t\t\t\t<div class=\"elementor-element elementor-element-a62a8bb elementor-widget elementor-widget-heading\" data-id=\"a62a8bb\" data-element_type=\"widget\" data-settings=\"{&quot;ekit_we_effect_on&quot;:&quot;none&quot;}\" data-widget_type=\"heading.default\">\n\t\t\t\t<div class=\"elementor-widget-container\">\n\t\t\t\t\t<h2 class=\"elementor-heading-title elementor-size-default\">Servi\u00e7o excepcional<\/h2>\t\t\t\t<\/div>\n\t\t\t\t<\/div>\n\t\t\t\t<div class=\"elementor-element elementor-element-2f58cba elementor-widget__width-initial elementor-widget-divider--view-line elementor-widget elementor-widget-divider\" data-id=\"2f58cba\" data-element_type=\"widget\" data-settings=\"{&quot;ekit_we_effect_on&quot;:&quot;none&quot;}\" data-widget_type=\"divider.default\">\n\t\t\t\t<div class=\"elementor-widget-container\">\n\t\t\t\t\t\t\t<div class=\"elementor-divider\">\n\t\t\t<span class=\"elementor-divider-separator\">\n\t\t\t\t\t\t<\/span>\n\t\t<\/div>\n\t\t\t\t\t\t<\/div>\n\t\t\t\t<\/div>\n\t\t\t\t<div class=\"elementor-element elementor-element-1765993 elementor-widget elementor-widget-text-editor\" data-id=\"1765993\" data-element_type=\"widget\" data-settings=\"{&quot;ekit_we_effect_on&quot;:&quot;none&quot;}\" data-widget_type=\"text-editor.default\">\n\t\t\t\t<div class=\"elementor-widget-container\">\n\t\t\t\t\t\t\t\t\t<p>A LANDU atua como sua solu\u00e7\u00e3o completa e \u00fanica, oferecendo uma integra\u00e7\u00e3o perfeita de servi\u00e7os que abrangem pesquisa e desenvolvimento completos, fornecimento de ingredientes especiais, fabrica\u00e7\u00e3o, processamento e produ\u00e7\u00e3o. Com esses recursos integrados, colaboramos estreitamente com voc\u00ea, desde os experimentos iniciais em bancada at\u00e9 a produ\u00e7\u00e3o em escala total. Seja na elabora\u00e7\u00e3o de formula\u00e7\u00f5es sob medida, no aprimoramento do desempenho do produto ou no aperfei\u00e7oamento de perfis de sabor, nossa abordagem colaborativa garante que atendamos \u00e0s suas necessidades de forma eficaz e eficiente.<\/p>\t\t\t\t\t\t\t\t<\/div>\n\t\t\t\t<\/div>\n\t\t\t\t<\/div>\n\t\t<div class=\"elementor-element elementor-element-02899a7 e-con-full e-flex e-con e-child\" data-id=\"02899a7\" data-element_type=\"container\" data-settings=\"{&quot;background_background&quot;:&quot;classic&quot;,&quot;ekit_has_onepagescroll_dot&quot;:&quot;yes&quot;}\">\n\t\t\t\t<div class=\"elementor-element elementor-element-690eb3d elementor-widget elementor-widget-spacer\" data-id=\"690eb3d\" data-element_type=\"widget\" data-settings=\"{&quot;ekit_we_effect_on&quot;:&quot;none&quot;}\" data-widget_type=\"spacer.default\">\n\t\t\t\t<div class=\"elementor-widget-container\">\n\t\t\t\t\t\t\t<div class=\"elementor-spacer\">\n\t\t\t<div class=\"elementor-spacer-inner\"><\/div>\n\t\t<\/div>\n\t\t\t\t\t\t<\/div>\n\t\t\t\t<\/div>\n\t\t\t\t<\/div>\n\t\t\t\t\t<\/div>\n\t\t\t\t<\/div>\n\t\t\t\t<\/div>","protected":false},"excerpt":{"rendered":"<p>Servi\u00e7os de fabrica\u00e7\u00e3o por contrato A LANDU \u00e9 uma l\u00edder mundialmente reconhecida na \u00e1rea de servi\u00e7os de tecnologia de celulose, especializada em solu\u00e7\u00f5es t\u00e9cnicas globais. Servi\u00e7os otimizados de fabrica\u00e7\u00e3o por contrato para suplementos alimentares Voc\u00ea est\u00e1 procurando um parceiro de fabrica\u00e7\u00e3o para sua pr\u00f3xima inova\u00e7\u00e3o? Nossa equipe de servi\u00e7os t\u00e9cnicos est\u00e1 preparada para ajud\u00e1-lo, seja para lan\u00e7ar um novo p\u00f3 [...]<\/p>","protected":false},"author":1,"featured_media":0,"parent":0,"menu_order":0,"comment_status":"closed","ping_status":"closed","template":"elementor_header_footer","meta":{"footnotes":""},"class_list":["post-410","page","type-page","status-publish","hentry"],"_links":{"self":[{"href":"https:\/\/landu-china.com\/pt_br\/wp-json\/wp\/v2\/pages\/410","targetHints":{"allow":["GET"]}}],"collection":[{"href":"https:\/\/landu-china.com\/pt_br\/wp-json\/wp\/v2\/pages"}],"about":[{"href":"https:\/\/landu-china.com\/pt_br\/wp-json\/wp\/v2\/types\/page"}],"author":[{"embeddable":true,"href":"https:\/\/landu-china.com\/pt_br\/wp-json\/wp\/v2\/users\/1"}],"replies":[{"embeddable":true,"href":"https:\/\/landu-china.com\/pt_br\/wp-json\/wp\/v2\/comments?post=410"}],"version-history":[{"count":19,"href":"https:\/\/landu-china.com\/pt_br\/wp-json\/wp\/v2\/pages\/410\/revisions"}],"predecessor-version":[{"id":22908,"href":"https:\/\/landu-china.com\/pt_br\/wp-json\/wp\/v2\/pages\/410\/revisions\/22908"}],"wp:attachment":[{"href":"https:\/\/landu-china.com\/pt_br\/wp-json\/wp\/v2\/media?parent=410"}],"curies":[{"name":"wp","href":"https:\/\/api.w.org\/{rel}","templated":true}]}}