{"id":13629,"date":"2024-10-21T09:21:13","date_gmt":"2024-10-21T01:21:13","guid":{"rendered":"https:\/\/landu-china.com\/?page_id=13629"},"modified":"2024-11-14T14:32:35","modified_gmt":"2024-11-14T06:32:35","slug":"planeta-nosso-compromisso-com-a-vida-sustentavel","status":"publish","type":"page","link":"https:\/\/landu-china.com\/pt_br\/sustentabilidade\/planeta-nosso-compromisso-com-a-vida-sustentavel\/","title":{"rendered":"Planeta: Nosso compromisso com uma vida sustent\u00e1vel"},"content":{"rendered":"<div data-elementor-type=\"wp-page\" data-elementor-id=\"13629\" class=\"elementor elementor-13629\" data-elementor-post-type=\"page\">\n\t\t\t\t<div class=\"elementor-element elementor-element-f81d54a e-con-full e-flex e-con e-parent\" data-id=\"f81d54a\" data-element_type=\"container\" data-settings=\"{&quot;background_background&quot;:&quot;classic&quot;,&quot;ekit_has_onepagescroll_dot&quot;:&quot;yes&quot;}\">\n\t\t\t\t<div class=\"elementor-element elementor-element-b3a9adb elementor-widget elementor-widget-heading\" data-id=\"b3a9adb\" data-element_type=\"widget\" data-settings=\"{&quot;ekit_we_effect_on&quot;:&quot;none&quot;}\" data-widget_type=\"heading.default\">\n\t\t\t\t<div class=\"elementor-widget-container\">\n\t\t\t\t\t<h2 class=\"elementor-heading-title elementor-size-default\">Planeta: Nosso compromisso com uma vida sustent\u00e1vel\n<\/h2>\t\t\t\t<\/div>\n\t\t\t\t<\/div>\n\t\t\t\t<div class=\"elementor-element elementor-element-833d792 elementor-widget__width-initial elementor-widget elementor-widget-text-editor\" data-id=\"833d792\" data-element_type=\"widget\" data-settings=\"{&quot;ekit_we_effect_on&quot;:&quot;none&quot;}\" data-widget_type=\"text-editor.default\">\n\t\t\t\t<div class=\"elementor-widget-container\">\n\t\t\t\t\t\t\t\t\t<p>A LANDU usa materiais renov\u00e1veis para criar produtos sustent\u00e1veis e inovadores que reduzem as pegadas de carbono. Colaboramos com as partes interessadas para impulsionar o progresso e garantir um futuro mais seguro e sustent\u00e1vel para todos.<\/p>\t\t\t\t\t\t\t\t<\/div>\n\t\t\t\t<\/div>\n\t\t\t\t<\/div>\n\t\t<div class=\"elementor-element elementor-element-d8b72e7 e-flex e-con-boxed e-con e-parent\" data-id=\"d8b72e7\" data-element_type=\"container\" data-settings=\"{&quot;background_background&quot;:&quot;classic&quot;,&quot;ekit_has_onepagescroll_dot&quot;:&quot;yes&quot;}\">\n\t\t\t\t\t<div class=\"e-con-inner\">\n\t\t<div class=\"elementor-element elementor-element-5aab78f e-flex e-con-boxed e-con e-child\" data-id=\"5aab78f\" data-element_type=\"container\" data-settings=\"{&quot;background_background&quot;:&quot;classic&quot;,&quot;ekit_has_onepagescroll_dot&quot;:&quot;yes&quot;}\">\n\t\t\t\t\t<div class=\"e-con-inner\">\n\t\t\t\t<div class=\"elementor-element elementor-element-c8e2149 elementor-widget elementor-widget-image\" data-id=\"c8e2149\" data-element_type=\"widget\" data-settings=\"{&quot;ekit_we_effect_on&quot;:&quot;none&quot;}\" data-widget_type=\"image.default\">\n\t\t\t\t<div class=\"elementor-widget-container\">\n\t\t\t\t\t\t\t\t\t\t\t\t\t\t\t<img fetchpriority=\"high\" decoding=\"async\" width=\"800\" height=\"519\" src=\"https:\/\/landu-china.com\/wp-content\/uploads\/2024\/06\/cotton-1024x664-1.webp\" class=\"attachment-large size-large wp-image-158\" alt=\"\" srcset=\"https:\/\/landu-china.com\/wp-content\/uploads\/2024\/06\/cotton-1024x664-1.webp 1024w, https:\/\/landu-china.com\/wp-content\/uploads\/2024\/06\/cotton-1024x664-1-300x195.webp 300w, https:\/\/landu-china.com\/wp-content\/uploads\/2024\/06\/cotton-1024x664-1-768x498.webp 768w\" sizes=\"(max-width: 800px) 100vw, 800px\" \/>\t\t\t\t\t\t\t\t\t\t\t\t\t\t\t<\/div>\n\t\t\t\t<\/div>\n\t\t\t\t<div class=\"elementor-element elementor-element-7787cfc elementor-widget elementor-widget-heading\" data-id=\"7787cfc\" data-element_type=\"widget\" data-settings=\"{&quot;ekit_we_effect_on&quot;:&quot;none&quot;}\" data-widget_type=\"heading.default\">\n\t\t\t\t<div class=\"elementor-widget-container\">\n\t\t\t\t\t<h2 class=\"elementor-heading-title elementor-size-default\">Desafios globais e solu\u00e7\u00f5es sustent\u00e1veis<\/h2>\t\t\t\t<\/div>\n\t\t\t\t<\/div>\n\t\t\t\t<div class=\"elementor-element elementor-element-cfb0a8e elementor-widget elementor-widget-text-editor\" data-id=\"cfb0a8e\" data-element_type=\"widget\" data-settings=\"{&quot;ekit_we_effect_on&quot;:&quot;none&quot;}\" data-widget_type=\"text-editor.default\">\n\t\t\t\t<div class=\"elementor-widget-container\">\n\t\t\t\t\t\t\t\t\t<p>O LANDU usa algod\u00e3o e polpa de madeira para produzir biopol\u00edmeros renov\u00e1veis e celulose especial, substituindo produtos \u00e0 base de petr\u00f3leo em setores como constru\u00e7\u00e3o, produtos farmac\u00eauticos e outros.<\/p>\t\t\t\t\t\t\t\t<\/div>\n\t\t\t\t<\/div>\n\t\t\t\t<div class=\"elementor-element elementor-element-afe8e82 elementor-widget elementor-widget-button\" data-id=\"afe8e82\" data-element_type=\"widget\" data-settings=\"{&quot;ekit_we_effect_on&quot;:&quot;none&quot;}\" data-widget_type=\"button.default\">\n\t\t\t\t<div class=\"elementor-widget-container\">\n\t\t\t\t\t\t\t\t\t<div class=\"elementor-button-wrapper\">\n\t\t\t\t\t<a class=\"elementor-button elementor-button-link elementor-size-sm\" href=\"https:\/\/landu-china.com\/pt_br\/principios-de-fornecimento-sustentavel\/\" target=\"_blank\">\n\t\t\t\t\t\t<span class=\"elementor-button-content-wrapper\">\n\t\t\t\t\t\t<span class=\"elementor-button-icon\">\n\t\t\t\t<svg aria-hidden=\"true\" class=\"e-font-icon-svg e-fas-angle-right\" viewbox=\"0 0 256 512\" xmlns=\"http:\/\/www.w3.org\/2000\/svg\"><path d=\"M224.3 273l-136 136c-9.4 9.4-24.6 9.4-33.9 0l-22.6-22.6c-9.4-9.4-9.4-24.6 0-33.9l96.4-96.4-96.4-96.4c-9.4-9.4-9.4-24.6 0-33.9L54.3 103c9.4-9.4 24.6-9.4 33.9 0l136 136c9.5 9.4 9.5 24.6.1 34z\"><\/path><\/svg>\t\t\t<\/span>\n\t\t\t\t\t\t\t\t\t<span class=\"elementor-button-text\"> Saiba mais<\/span>\n\t\t\t\t\t<\/span>\n\t\t\t\t\t<\/a>\n\t\t\t\t<\/div>\n\t\t\t\t\t\t\t\t<\/div>\n\t\t\t\t<\/div>\n\t\t\t\t\t<\/div>\n\t\t\t\t<\/div>\n\t\t<div class=\"elementor-element elementor-element-2234a08 e-flex e-con-boxed e-con e-child\" data-id=\"2234a08\" data-element_type=\"container\" data-settings=\"{&quot;background_background&quot;:&quot;classic&quot;,&quot;ekit_has_onepagescroll_dot&quot;:&quot;yes&quot;}\">\n\t\t\t\t\t<div class=\"e-con-inner\">\n\t\t\t\t<div class=\"elementor-element elementor-element-ae9d4a4 elementor-widget elementor-widget-image\" data-id=\"ae9d4a4\" data-element_type=\"widget\" data-settings=\"{&quot;ekit_we_effect_on&quot;:&quot;none&quot;}\" data-widget_type=\"image.default\">\n\t\t\t\t<div class=\"elementor-widget-container\">\n\t\t\t\t\t\t\t\t\t\t\t\t\t\t\t<img decoding=\"async\" width=\"800\" height=\"533\" src=\"https:\/\/landu-china.com\/wp-content\/uploads\/2024\/06\/beads-of-dewdrops-on-green-grass-in-sunlight-macro-nature-backgrounds-1024x682.webp\" class=\"attachment-large size-large wp-image-155\" alt=\"\" srcset=\"https:\/\/landu-china.com\/wp-content\/uploads\/2024\/06\/beads-of-dewdrops-on-green-grass-in-sunlight-macro-nature-backgrounds-1024x682.webp 1024w, https:\/\/landu-china.com\/wp-content\/uploads\/2024\/06\/beads-of-dewdrops-on-green-grass-in-sunlight-macro-nature-backgrounds-300x200.webp 300w, https:\/\/landu-china.com\/wp-content\/uploads\/2024\/06\/beads-of-dewdrops-on-green-grass-in-sunlight-macro-nature-backgrounds-768x512.webp 768w, https:\/\/landu-china.com\/wp-content\/uploads\/2024\/06\/beads-of-dewdrops-on-green-grass-in-sunlight-macro-nature-backgrounds-1536x1023.webp 1536w, https:\/\/landu-china.com\/wp-content\/uploads\/2024\/06\/beads-of-dewdrops-on-green-grass-in-sunlight-macro-nature-backgrounds.webp 1600w\" sizes=\"(max-width: 800px) 100vw, 800px\" \/>\t\t\t\t\t\t\t\t\t\t\t\t\t\t\t<\/div>\n\t\t\t\t<\/div>\n\t\t\t\t<div class=\"elementor-element elementor-element-f0207ef elementor-widget elementor-widget-heading\" data-id=\"f0207ef\" data-element_type=\"widget\" data-settings=\"{&quot;ekit_we_effect_on&quot;:&quot;none&quot;}\" data-widget_type=\"heading.default\">\n\t\t\t\t<div class=\"elementor-widget-container\">\n\t\t\t\t\t<h2 class=\"elementor-heading-title elementor-size-default\">Produtos com baixa pegada ambiental comprovada<\/h2>\t\t\t\t<\/div>\n\t\t\t\t<\/div>\n\t\t\t\t<div class=\"elementor-element elementor-element-da96750 elementor-widget elementor-widget-text-editor\" data-id=\"da96750\" data-element_type=\"widget\" data-settings=\"{&quot;ekit_we_effect_on&quot;:&quot;none&quot;}\" data-widget_type=\"text-editor.default\">\n\t\t\t\t<div class=\"elementor-widget-container\">\n\t\t\t\t\t\t\t\t\t<p>Priorizamos inova\u00e7\u00f5es que aumentem o impacto ambiental de nossos produtos, reduzindo as emiss\u00f5es e os res\u00edduos e melhorando a efici\u00eancia da \u00e1gua e da energia.<\/p>\t\t\t\t\t\t\t\t<\/div>\n\t\t\t\t<\/div>\n\t\t\t\t<div class=\"elementor-element elementor-element-e10c0b9 elementor-widget elementor-widget-button\" data-id=\"e10c0b9\" data-element_type=\"widget\" data-settings=\"{&quot;ekit_we_effect_on&quot;:&quot;none&quot;}\" data-widget_type=\"button.default\">\n\t\t\t\t<div class=\"elementor-widget-container\">\n\t\t\t\t\t\t\t\t\t<div class=\"elementor-button-wrapper\">\n\t\t\t\t\t<a class=\"elementor-button elementor-button-link elementor-size-sm\" href=\"https:\/\/landu-china.com\/pt_br\/produtos-com-baixa-pegada-ambiental-documentada\/\" target=\"_blank\">\n\t\t\t\t\t\t<span class=\"elementor-button-content-wrapper\">\n\t\t\t\t\t\t<span class=\"elementor-button-icon\">\n\t\t\t\t<svg aria-hidden=\"true\" class=\"e-font-icon-svg e-fas-angle-right\" viewbox=\"0 0 256 512\" xmlns=\"http:\/\/www.w3.org\/2000\/svg\"><path d=\"M224.3 273l-136 136c-9.4 9.4-24.6 9.4-33.9 0l-22.6-22.6c-9.4-9.4-9.4-24.6 0-33.9l96.4-96.4-96.4-96.4c-9.4-9.4-9.4-24.6 0-33.9L54.3 103c9.4-9.4 24.6-9.4 33.9 0l136 136c9.5 9.4 9.5 24.6.1 34z\"><\/path><\/svg>\t\t\t<\/span>\n\t\t\t\t\t\t\t\t\t<span class=\"elementor-button-text\"> Saiba mais<\/span>\n\t\t\t\t\t<\/span>\n\t\t\t\t\t<\/a>\n\t\t\t\t<\/div>\n\t\t\t\t\t\t\t\t<\/div>\n\t\t\t\t<\/div>\n\t\t\t\t\t<\/div>\n\t\t\t\t<\/div>\n\t\t<div class=\"elementor-element elementor-element-92a1c35 e-flex e-con-boxed e-con e-child\" data-id=\"92a1c35\" data-element_type=\"container\" data-settings=\"{&quot;background_background&quot;:&quot;classic&quot;,&quot;ekit_has_onepagescroll_dot&quot;:&quot;yes&quot;}\">\n\t\t\t\t\t<div class=\"e-con-inner\">\n\t\t\t\t<div class=\"elementor-element elementor-element-ae8d31b elementor-widget elementor-widget-image\" data-id=\"ae8d31b\" data-element_type=\"widget\" data-settings=\"{&quot;ekit_we_effect_on&quot;:&quot;none&quot;}\" data-widget_type=\"image.default\">\n\t\t\t\t<div class=\"elementor-widget-container\">\n\t\t\t\t\t\t\t\t\t\t\t\t\t\t\t<img decoding=\"async\" width=\"800\" height=\"506\" src=\"https:\/\/landu-china.com\/wp-content\/uploads\/2024\/06\/sustainble-green-building-eco-friendly-building-in-modern-city-sustainable-glass-office-building-1024x648-1.webp\" class=\"attachment-large size-large wp-image-152\" alt=\"\" srcset=\"https:\/\/landu-china.com\/wp-content\/uploads\/2024\/06\/sustainble-green-building-eco-friendly-building-in-modern-city-sustainable-glass-office-building-1024x648-1.webp 1024w, https:\/\/landu-china.com\/wp-content\/uploads\/2024\/06\/sustainble-green-building-eco-friendly-building-in-modern-city-sustainable-glass-office-building-1024x648-1-300x190.webp 300w, https:\/\/landu-china.com\/wp-content\/uploads\/2024\/06\/sustainble-green-building-eco-friendly-building-in-modern-city-sustainable-glass-office-building-1024x648-1-768x486.webp 768w\" sizes=\"(max-width: 800px) 100vw, 800px\" \/>\t\t\t\t\t\t\t\t\t\t\t\t\t\t\t<\/div>\n\t\t\t\t<\/div>\n\t\t\t\t<div class=\"elementor-element elementor-element-ab9f5f2 elementor-widget elementor-widget-heading\" data-id=\"ab9f5f2\" data-element_type=\"widget\" data-settings=\"{&quot;ekit_we_effect_on&quot;:&quot;none&quot;}\" data-widget_type=\"heading.default\">\n\t\t\t\t<div class=\"elementor-widget-container\">\n\t\t\t\t\t<h2 class=\"elementor-heading-title elementor-size-default\">Aspectos de sustentabilidade em solu\u00e7\u00f5es para clientes<\/h2>\t\t\t\t<\/div>\n\t\t\t\t<\/div>\n\t\t\t\t<div class=\"elementor-element elementor-element-89b1b91 elementor-widget elementor-widget-text-editor\" data-id=\"89b1b91\" data-element_type=\"widget\" data-settings=\"{&quot;ekit_we_effect_on&quot;:&quot;none&quot;}\" data-widget_type=\"text-editor.default\">\n\t\t\t\t<div class=\"elementor-widget-container\">\n\t\t\t\t\t\t\t\t\t<p>Alguns de nossos clientes s\u00e3o atra\u00eddos por nossos produtos especificamente porque eles est\u00e3o associados a menores emiss\u00f5es de gases de efeito estufa, alinhando-se com suas metas de redu\u00e7\u00e3o do impacto ambiental.<\/p>\t\t\t\t\t\t\t\t<\/div>\n\t\t\t\t<\/div>\n\t\t\t\t<div class=\"elementor-element elementor-element-3e5f663 elementor-widget elementor-widget-button\" data-id=\"3e5f663\" data-element_type=\"widget\" data-settings=\"{&quot;ekit_we_effect_on&quot;:&quot;none&quot;}\" data-widget_type=\"button.default\">\n\t\t\t\t<div class=\"elementor-widget-container\">\n\t\t\t\t\t\t\t\t\t<div class=\"elementor-button-wrapper\">\n\t\t\t\t\t<a class=\"elementor-button elementor-button-link elementor-size-sm\" href=\"https:\/\/landu-china.com\/pt_br\/avanco-dos-objetivos-de-desenvolvimento-sustentavel\/\" target=\"_blank\">\n\t\t\t\t\t\t<span class=\"elementor-button-content-wrapper\">\n\t\t\t\t\t\t<span class=\"elementor-button-icon\">\n\t\t\t\t<svg aria-hidden=\"true\" class=\"e-font-icon-svg e-fas-angle-right\" viewbox=\"0 0 256 512\" xmlns=\"http:\/\/www.w3.org\/2000\/svg\"><path d=\"M224.3 273l-136 136c-9.4 9.4-24.6 9.4-33.9 0l-22.6-22.6c-9.4-9.4-9.4-24.6 0-33.9l96.4-96.4-96.4-96.4c-9.4-9.4-9.4-24.6 0-33.9L54.3 103c9.4-9.4 24.6-9.4 33.9 0l136 136c9.5 9.4 9.5 24.6.1 34z\"><\/path><\/svg>\t\t\t<\/span>\n\t\t\t\t\t\t\t\t\t<span class=\"elementor-button-text\"> Saiba mais<\/span>\n\t\t\t\t\t<\/span>\n\t\t\t\t\t<\/a>\n\t\t\t\t<\/div>\n\t\t\t\t\t\t\t\t<\/div>\n\t\t\t\t<\/div>\n\t\t\t\t\t<\/div>\n\t\t\t\t<\/div>\n\t\t\t\t\t<\/div>\n\t\t\t\t<\/div>\n\t\t\t\t<\/div>","protected":false},"excerpt":{"rendered":"<p>Planeta: Nosso compromisso com a vida sustent\u00e1vel O LANDU usa materiais renov\u00e1veis para criar produtos sustent\u00e1veis e inovadores que reduzem as pegadas de carbono. Colaboramos com as partes interessadas para impulsionar o progresso e garantir um futuro mais seguro e sustent\u00e1vel para todos. Desafios globais e solu\u00e7\u00f5es sustent\u00e1veis O LANDU usa algod\u00e3o e polpa de madeira para produzir biopol\u00edmeros renov\u00e1veis e celulose especial, substituindo produtos \u00e0 base de petr\u00f3leo [...]<\/p>","protected":false},"author":1,"featured_media":0,"parent":137,"menu_order":0,"comment_status":"closed","ping_status":"closed","template":"elementor_header_footer","meta":{"footnotes":""},"class_list":["post-13629","page","type-page","status-publish","hentry"],"_links":{"self":[{"href":"https:\/\/landu-china.com\/pt_br\/wp-json\/wp\/v2\/pages\/13629","targetHints":{"allow":["GET"]}}],"collection":[{"href":"https:\/\/landu-china.com\/pt_br\/wp-json\/wp\/v2\/pages"}],"about":[{"href":"https:\/\/landu-china.com\/pt_br\/wp-json\/wp\/v2\/types\/page"}],"author":[{"embeddable":true,"href":"https:\/\/landu-china.com\/pt_br\/wp-json\/wp\/v2\/users\/1"}],"replies":[{"embeddable":true,"href":"https:\/\/landu-china.com\/pt_br\/wp-json\/wp\/v2\/comments?post=13629"}],"version-history":[{"count":16,"href":"https:\/\/landu-china.com\/pt_br\/wp-json\/wp\/v2\/pages\/13629\/revisions"}],"predecessor-version":[{"id":19453,"href":"https:\/\/landu-china.com\/pt_br\/wp-json\/wp\/v2\/pages\/13629\/revisions\/19453"}],"up":[{"embeddable":true,"href":"https:\/\/landu-china.com\/pt_br\/wp-json\/wp\/v2\/pages\/137"}],"wp:attachment":[{"href":"https:\/\/landu-china.com\/pt_br\/wp-json\/wp\/v2\/media?parent=13629"}],"curies":[{"name":"wp","href":"https:\/\/api.w.org\/{rel}","templated":true}]}}