{"id":13424,"date":"2024-10-19T13:40:37","date_gmt":"2024-10-19T05:40:37","guid":{"rendered":"https:\/\/landu-china.com\/?page_id=13424"},"modified":"2025-08-05T14:50:21","modified_gmt":"2025-08-05T06:50:21","slug":"servico-de-pre-venda","status":"publish","type":"page","link":"https:\/\/landu-china.com\/pt_br\/servicos\/servico-de-pre-venda\/","title":{"rendered":"Servi\u00e7o de pr\u00e9-vendas"},"content":{"rendered":"<div data-elementor-type=\"wp-page\" data-elementor-id=\"13424\" class=\"elementor elementor-13424\" data-elementor-post-type=\"page\">\n\t\t\t\t<div class=\"elementor-element elementor-element-fc15d14 e-flex e-con-boxed e-con e-parent\" data-id=\"fc15d14\" data-element_type=\"container\" data-settings=\"{&quot;background_background&quot;:&quot;classic&quot;,&quot;ekit_has_onepagescroll_dot&quot;:&quot;yes&quot;}\">\n\t\t\t\t\t<div class=\"e-con-inner\">\n\t\t<div class=\"elementor-element elementor-element-d29a8f3 e-con-full e-flex elementor-invisible e-con e-child\" data-id=\"d29a8f3\" data-element_type=\"container\" data-settings=\"{&quot;animation&quot;:&quot;fadeInUp&quot;,&quot;ekit_has_onepagescroll_dot&quot;:&quot;yes&quot;}\">\n\t\t\t\t<div class=\"elementor-element elementor-element-0e79d78 elementor-widget elementor-widget-heading\" data-id=\"0e79d78\" data-element_type=\"widget\" data-settings=\"{&quot;ekit_we_effect_on&quot;:&quot;none&quot;}\" data-widget_type=\"heading.default\">\n\t\t\t\t<div class=\"elementor-widget-container\">\n\t\t\t\t\t<h1 class=\"elementor-heading-title elementor-size-default\">Servi\u00e7o de pr\u00e9-vendas<\/h1>\t\t\t\t<\/div>\n\t\t\t\t<\/div>\n\t\t\t\t<div class=\"elementor-element elementor-element-c04a8cb elementor-widget elementor-widget-elementskit-breadcrumb\" data-id=\"c04a8cb\" data-element_type=\"widget\" data-settings=\"{&quot;ekit_we_effect_on&quot;:&quot;none&quot;}\" data-widget_type=\"elementskit-breadcrumb.default\">\n\t\t\t\t<div class=\"elementor-widget-container\">\n\t\t\t\t\t<div class=\"ekit-wid-con\" ><ol class=\"ekit-breadcrumb\"><li class=\"ekit_breadcrumbs_start\"><a href=\"https:\/\/landu-china.com\/pt_br\">In\u00edcio<\/a><\/li><\/ol><\/div>\t\t\t\t<\/div>\n\t\t\t\t<\/div>\n\t\t\t\t<\/div>\n\t\t\t\t\t<\/div>\n\t\t\t\t<\/div>\n\t\t\t\t<section class=\"elementor-section elementor-top-section elementor-element elementor-element-5462d86f elementor-section-boxed elementor-section-height-default elementor-section-height-default\" data-id=\"5462d86f\" data-element_type=\"section\" data-settings=\"{&quot;ekit_has_onepagescroll_dot&quot;:&quot;yes&quot;}\">\n\t\t\t\t\t\t<div class=\"elementor-container elementor-column-gap-default\">\n\t\t\t\t\t<div class=\"elementor-column elementor-col-100 elementor-top-column elementor-element elementor-element-53d0d340\" data-id=\"53d0d340\" data-element_type=\"column\">\n\t\t\t<div class=\"elementor-widget-wrap elementor-element-populated\">\n\t\t\t\t\t\t<div class=\"elementor-element elementor-element-58911ef4 elementor-widget-divider--view-line elementor-invisible elementor-widget elementor-widget-divider\" data-id=\"58911ef4\" data-element_type=\"widget\" data-settings=\"{&quot;_animation&quot;:&quot;fadeIn&quot;,&quot;ekit_we_effect_on&quot;:&quot;none&quot;}\" data-widget_type=\"divider.default\">\n\t\t\t\t<div class=\"elementor-widget-container\">\n\t\t\t\t\t\t\t<div class=\"elementor-divider\">\n\t\t\t<span class=\"elementor-divider-separator\">\n\t\t\t\t\t\t<\/span>\n\t\t<\/div>\n\t\t\t\t\t\t<\/div>\n\t\t\t\t<\/div>\n\t\t\t\t\t<\/div>\n\t\t<\/div>\n\t\t\t\t\t<\/div>\n\t\t<\/section>\n\t\t<div class=\"elementor-element elementor-element-1cb48eb5 e-flex e-con-boxed e-con e-parent\" data-id=\"1cb48eb5\" data-element_type=\"container\" data-settings=\"{&quot;background_background&quot;:&quot;classic&quot;,&quot;ekit_has_onepagescroll_dot&quot;:&quot;yes&quot;}\">\n\t\t\t\t\t<div class=\"e-con-inner\">\n\t\t<div class=\"elementor-element elementor-element-201162da e-con-full e-flex e-con e-child\" data-id=\"201162da\" data-element_type=\"container\" data-settings=\"{&quot;ekit_has_onepagescroll_dot&quot;:&quot;yes&quot;}\">\n\t\t<div class=\"elementor-element elementor-element-5ab87104 e-con-full e-flex elementor-invisible e-con e-child\" data-id=\"5ab87104\" data-element_type=\"container\" data-settings=\"{&quot;animation&quot;:&quot;fadeInLeft&quot;,&quot;ekit_has_onepagescroll_dot&quot;:&quot;yes&quot;}\">\n\t\t<div class=\"elementor-element elementor-element-11ea9489 e-con-full e-flex e-con e-child\" data-id=\"11ea9489\" data-element_type=\"container\" data-settings=\"{&quot;ekit_has_onepagescroll_dot&quot;:&quot;yes&quot;}\">\n\t\t<div class=\"elementor-element elementor-element-6ef743a8 e-con-full e-flex e-con e-child\" data-id=\"6ef743a8\" data-element_type=\"container\" data-settings=\"{&quot;background_background&quot;:&quot;classic&quot;,&quot;ekit_has_onepagescroll_dot&quot;:&quot;yes&quot;}\">\n\t\t\t\t<div class=\"elementor-element elementor-element-6982c310 elementor-widget elementor-widget-heading\" data-id=\"6982c310\" data-element_type=\"widget\" data-settings=\"{&quot;ekit_we_effect_on&quot;:&quot;none&quot;}\" data-widget_type=\"heading.default\">\n\t\t\t\t<div class=\"elementor-widget-container\">\n\t\t\t\t\t<h6 class=\"elementor-heading-title elementor-size-default\">1. especializa\u00e7\u00e3o t\u00e9cnica e personaliza\u00e7\u00e3o<\/h6>\t\t\t\t<\/div>\n\t\t\t\t<\/div>\n\t\t\t\t<div class=\"elementor-element elementor-element-351c56b elementor-widget elementor-widget-text-editor\" data-id=\"351c56b\" data-element_type=\"widget\" data-settings=\"{&quot;ekit_we_effect_on&quot;:&quot;none&quot;}\" data-widget_type=\"text-editor.default\">\n\t\t\t\t<div class=\"elementor-widget-container\">\n\t\t\t\t\t\t\t\t\t<p>No centro dos servi\u00e7os de pr\u00e9-venda da LANDU est\u00e1 nossa consultoria t\u00e9cnica. Nossos consultores especializados trabalham em estreita colabora\u00e7\u00e3o com os clientes para selecionar o \u00e9ter de celulose mais adequado ou outros produtos com base nas necessidades espec\u00edficas do cliente (por exemplo, constru\u00e7\u00e3o, tintas ou outros setores).<\/p><p>Essa abordagem personalizada se estende \u00e0 customiza\u00e7\u00e3o do produto. O LANDU oferece flexibilidade nas especifica\u00e7\u00f5es do produto (viscosidade, solubilidade, tempo de abertura, etc.) com base nas demandas do cliente.<\/p>\t\t\t\t\t\t\t\t<\/div>\n\t\t\t\t<\/div>\n\t\t\t\t<\/div>\n\t\t\t\t<\/div>\n\t\t<div class=\"elementor-element elementor-element-62386b4 e-con-full e-flex e-con e-child\" data-id=\"62386b4\" data-element_type=\"container\" data-settings=\"{&quot;ekit_has_onepagescroll_dot&quot;:&quot;yes&quot;}\">\n\t\t<div class=\"elementor-element elementor-element-a77aec4 e-con-full e-flex e-con e-child\" data-id=\"a77aec4\" data-element_type=\"container\" data-settings=\"{&quot;background_background&quot;:&quot;classic&quot;,&quot;ekit_has_onepagescroll_dot&quot;:&quot;yes&quot;}\">\n\t\t\t\t<div class=\"elementor-element elementor-element-184f33b elementor-widget elementor-widget-heading\" data-id=\"184f33b\" data-element_type=\"widget\" data-settings=\"{&quot;ekit_we_effect_on&quot;:&quot;none&quot;}\" data-widget_type=\"heading.default\">\n\t\t\t\t<div class=\"elementor-widget-container\">\n\t\t\t\t\t<h6 class=\"elementor-heading-title elementor-size-default\">2.Amostras gr\u00e1tis e testes de desempenho<\/h6>\t\t\t\t<\/div>\n\t\t\t\t<\/div>\n\t\t\t\t<div class=\"elementor-element elementor-element-c66708f elementor-widget elementor-widget-text-editor\" data-id=\"c66708f\" data-element_type=\"widget\" data-settings=\"{&quot;ekit_we_effect_on&quot;:&quot;none&quot;}\" data-widget_type=\"text-editor.default\">\n\t\t\t\t<div class=\"elementor-widget-container\">\n\t\t\t\t\t\t\t\t\t<p>O LANDU vai al\u00e9m da consultoria te\u00f3rica, oferecendo amostras gratuitas de produtos para os clientes testarem e avaliarem em suas aplica\u00e7\u00f5es. Essas amostras v\u00eam com um guia de teste abrangente e instru\u00e7\u00f5es de aplica\u00e7\u00e3o, garantindo resultados de teste precisos.<\/p><p>Para uma an\u00e1lise mais aprofundada, a LANDU tem o prazer de testar os produtos em nosso laborat\u00f3rio, fornecendo relat\u00f3rios detalhados de desempenho e recomenda\u00e7\u00f5es.<\/p>\t\t\t\t\t\t\t\t<\/div>\n\t\t\t\t<\/div>\n\t\t\t\t<\/div>\n\t\t\t\t<\/div>\n\t\t\t\t<\/div>\n\t\t<div class=\"elementor-element elementor-element-7395a7c0 e-con-full e-flex elementor-invisible e-con e-child\" data-id=\"7395a7c0\" data-element_type=\"container\" data-settings=\"{&quot;animation&quot;:&quot;fadeInRight&quot;,&quot;ekit_has_onepagescroll_dot&quot;:&quot;yes&quot;}\">\n\t\t\t\t<div class=\"elementor-element elementor-element-39d16225 elementor-widget elementor-widget-image\" data-id=\"39d16225\" data-element_type=\"widget\" data-settings=\"{&quot;ekit_we_effect_on&quot;:&quot;none&quot;}\" data-widget_type=\"image.default\">\n\t\t\t\t<div class=\"elementor-widget-container\">\n\t\t\t\t\t\t\t\t\t\t\t\t\t\t\t<img fetchpriority=\"high\" decoding=\"async\" width=\"800\" height=\"533\" src=\"https:\/\/landu-china.com\/wp-content\/uploads\/2024\/10\/laboratory.webp\" class=\"elementor-animation-float attachment-full size-full wp-image-12055\" alt=\"laborat\u00f3rio\" srcset=\"https:\/\/landu-china.com\/wp-content\/uploads\/2024\/10\/laboratory.webp 800w, https:\/\/landu-china.com\/wp-content\/uploads\/2024\/10\/laboratory-300x200.webp 300w, https:\/\/landu-china.com\/wp-content\/uploads\/2024\/10\/laboratory-768x512.webp 768w\" sizes=\"(max-width: 800px) 100vw, 800px\" \/>\t\t\t\t\t\t\t\t\t\t\t\t\t\t\t<\/div>\n\t\t\t\t<\/div>\n\t\t\t\t<div class=\"elementor-element elementor-element-bd3c3a0 elementor-align-center elementor-widget elementor-widget-button\" data-id=\"bd3c3a0\" data-element_type=\"widget\" data-settings=\"{&quot;ekit_we_effect_on&quot;:&quot;none&quot;}\" data-widget_type=\"button.default\">\n\t\t\t\t<div class=\"elementor-widget-container\">\n\t\t\t\t\t\t\t\t\t<div class=\"elementor-button-wrapper\">\n\t\t\t\t\t<a class=\"elementor-button elementor-button-link elementor-size-sm elementor-animation-float\" href=\"#elementor-action%3Aaction%3Dpopup%3Aopen%26settings%3DeyJpZCI6IjE1MTkiLCJ0b2dnbGUiOmZhbHNlfQ%3D%3D\">\n\t\t\t\t\t\t<span class=\"elementor-button-content-wrapper\">\n\t\t\t\t\t\t<span class=\"elementor-button-icon\">\n\t\t\t\t<svg aria-hidden=\"true\" class=\"e-font-icon-svg e-fas-angle-right\" viewbox=\"0 0 256 512\" xmlns=\"http:\/\/www.w3.org\/2000\/svg\"><path d=\"M224.3 273l-136 136c-9.4 9.4-24.6 9.4-33.9 0l-22.6-22.6c-9.4-9.4-9.4-24.6 0-33.9l96.4-96.4-96.4-96.4c-9.4-9.4-9.4-24.6 0-33.9L54.3 103c9.4-9.4 24.6-9.4 33.9 0l136 136c9.5 9.4 9.5 24.6.1 34z\"><\/path><\/svg>\t\t\t<\/span>\n\t\t\t\t\t\t\t\t\t<span class=\"elementor-button-text\">Entre em contato com nossos especialistas imediatamente<\/span>\n\t\t\t\t\t<\/span>\n\t\t\t\t\t<\/a>\n\t\t\t\t<\/div>\n\t\t\t\t\t\t\t\t<\/div>\n\t\t\t\t<\/div>\n\t\t\t\t<\/div>\n\t\t\t\t<\/div>\n\t\t\t\t\t<\/div>\n\t\t\t\t<\/div>\n\t\t<div class=\"elementor-element elementor-element-10a3e00 e-flex e-con-boxed e-con e-parent\" data-id=\"10a3e00\" data-element_type=\"container\" data-settings=\"{&quot;ekit_has_onepagescroll_dot&quot;:&quot;yes&quot;}\">\n\t\t\t\t\t<div class=\"e-con-inner\">\n\t\t<div class=\"elementor-element elementor-element-94b43c3 e-grid e-con-full e-con e-child\" data-id=\"94b43c3\" data-element_type=\"container\" data-settings=\"{&quot;ekit_has_onepagescroll_dot&quot;:&quot;yes&quot;}\">\n\t\t<div class=\"elementor-element elementor-element-009bd7c e-con-full e-flex e-con e-child\" data-id=\"009bd7c\" data-element_type=\"container\" data-settings=\"{&quot;background_background&quot;:&quot;classic&quot;,&quot;ekit_has_onepagescroll_dot&quot;:&quot;yes&quot;}\">\n\t\t\t\t<div class=\"elementor-element elementor-element-2872de3 elementor-widget elementor-widget-heading\" data-id=\"2872de3\" data-element_type=\"widget\" data-settings=\"{&quot;ekit_we_effect_on&quot;:&quot;none&quot;}\" data-widget_type=\"heading.default\">\n\t\t\t\t<div class=\"elementor-widget-container\">\n\t\t\t\t\t<h6 class=\"elementor-heading-title elementor-size-default\">3. compartilhamento de conhecimento e documenta\u00e7\u00e3o<\/h6>\t\t\t\t<\/div>\n\t\t\t\t<\/div>\n\t\t\t\t<div class=\"elementor-element elementor-element-4ef6c3a elementor-widget elementor-widget-text-editor\" data-id=\"4ef6c3a\" data-element_type=\"widget\" data-settings=\"{&quot;ekit_we_effect_on&quot;:&quot;none&quot;}\" data-widget_type=\"text-editor.default\">\n\t\t\t\t<div class=\"elementor-widget-container\">\n\t\t\t\t\t\t\t\t\t<p>A LANDU organiza workshops, webinars ou sess\u00f5es de treinamento no local para instruir os clientes sobre as aplica\u00e7\u00f5es e os benef\u00edcios do \u00e9ter de celulose ou do RDP.\u00a0<\/p><p>Esse compromisso \u00e9 apoiado ainda por uma extensa documenta\u00e7\u00e3o do produto, incluindo fichas de dados detalhadas (TDS), fichas de dados de seguran\u00e7a (SDS) e certificados de an\u00e1lise (COA) para cada produto.<\/p>\t\t\t\t\t\t\t\t<\/div>\n\t\t\t\t<\/div>\n\t\t\t\t<\/div>\n\t\t<div class=\"elementor-element elementor-element-d31ba6b e-con-full e-flex e-con e-child\" data-id=\"d31ba6b\" data-element_type=\"container\" data-settings=\"{&quot;background_background&quot;:&quot;classic&quot;,&quot;ekit_has_onepagescroll_dot&quot;:&quot;yes&quot;}\">\n\t\t\t\t<div class=\"elementor-element elementor-element-4b476b4 elementor-widget elementor-widget-heading\" data-id=\"4b476b4\" data-element_type=\"widget\" data-settings=\"{&quot;ekit_we_effect_on&quot;:&quot;none&quot;}\" data-widget_type=\"heading.default\">\n\t\t\t\t<div class=\"elementor-widget-container\">\n\t\t\t\t\t<h6 class=\"elementor-heading-title elementor-size-default\">4. percep\u00e7\u00f5es do setor e suporte r\u00e1pido<\/h6>\t\t\t\t<\/div>\n\t\t\t\t<\/div>\n\t\t\t\t<div class=\"elementor-element elementor-element-6c5d4dc elementor-widget elementor-widget-text-editor\" data-id=\"6c5d4dc\" data-element_type=\"widget\" data-settings=\"{&quot;ekit_we_effect_on&quot;:&quot;none&quot;}\" data-widget_type=\"text-editor.default\">\n\t\t\t\t<div class=\"elementor-widget-container\">\n\t\t\t\t\t\t\t\t\t<p>Entendendo a import\u00e2ncia da entrega pontual, a LANDU cuida de toda a log\u00edstica, incluindo remessa internacional e documenta\u00e7\u00e3o alfandeg\u00e1ria.<\/p><p>Essa aten\u00e7\u00e3o aos detalhes se estende \u00e0 nossa abordagem de parcerias, oferecendo oportunidades de co-desenvolvimento e termos flex\u00edveis para clientes que buscam uma colabora\u00e7\u00e3o de longo prazo.<\/p>\t\t\t\t\t\t\t\t<\/div>\n\t\t\t\t<\/div>\n\t\t\t\t<\/div>\n\t\t<div class=\"elementor-element elementor-element-e0e8cf4 e-con-full e-flex e-con e-child\" data-id=\"e0e8cf4\" data-element_type=\"container\" data-settings=\"{&quot;background_background&quot;:&quot;classic&quot;,&quot;ekit_has_onepagescroll_dot&quot;:&quot;yes&quot;}\">\n\t\t\t\t<div class=\"elementor-element elementor-element-0b3a1f8 elementor-widget elementor-widget-heading\" data-id=\"0b3a1f8\" data-element_type=\"widget\" data-settings=\"{&quot;ekit_we_effect_on&quot;:&quot;none&quot;}\" data-widget_type=\"heading.default\">\n\t\t\t\t<div class=\"elementor-widget-container\">\n\t\t\t\t\t<h6 class=\"elementor-heading-title elementor-size-default\">5. Log\u00edstica e forma\u00e7\u00e3o de parcerias<\/h6>\t\t\t\t<\/div>\n\t\t\t\t<\/div>\n\t\t\t\t<div class=\"elementor-element elementor-element-3f1a3ba elementor-widget elementor-widget-text-editor\" data-id=\"3f1a3ba\" data-element_type=\"widget\" data-settings=\"{&quot;ekit_we_effect_on&quot;:&quot;none&quot;}\" data-widget_type=\"text-editor.default\">\n\t\t\t\t<div class=\"elementor-widget-container\">\n\t\t\t\t\t\t\t\t\t<p>Entendendo a import\u00e2ncia da entrega pontual, a LANDU cuida de toda a log\u00edstica, incluindo remessa internacional e documenta\u00e7\u00e3o alfandeg\u00e1ria.<\/p><p>Essa aten\u00e7\u00e3o aos detalhes se estende \u00e0 nossa abordagem de parcerias, oferecendo oportunidades de co-desenvolvimento e termos flex\u00edveis para clientes que buscam uma colabora\u00e7\u00e3o de longo prazo.<\/p>\t\t\t\t\t\t\t\t<\/div>\n\t\t\t\t<\/div>\n\t\t\t\t<\/div>\n\t\t\t\t<\/div>\n\t\t\t\t\t<\/div>\n\t\t\t\t<\/div>\n\t\t<div class=\"elementor-element elementor-element-79d5593 e-flex e-con-boxed e-con e-parent\" data-id=\"79d5593\" data-element_type=\"container\" data-settings=\"{&quot;ekit_has_onepagescroll_dot&quot;:&quot;yes&quot;}\">\n\t\t\t\t\t<div class=\"e-con-inner\">\n\t\t\t\t<div class=\"elementor-element elementor-element-009cd61 elementor-widget elementor-widget-text-editor\" data-id=\"009cd61\" data-element_type=\"widget\" data-settings=\"{&quot;ekit_we_effect_on&quot;:&quot;none&quot;}\" data-widget_type=\"text-editor.default\">\n\t\t\t\t<div class=\"elementor-widget-container\">\n\t\t\t\t\t\t\t\t\t<p>Ao oferecer um conjunto abrangente de servi\u00e7os de pr\u00e9-vendas, a LANDU demonstra nosso compromisso com o sucesso do cliente e se posiciona como um parceiro confi\u00e1vel. Nossa abordagem o ajuda a tomar decis\u00f5es informadas e estabelece a base para relacionamentos comerciais duradouros baseados em conhecimento, qualidade e suporte.<\/p>\t\t\t\t\t\t\t\t<\/div>\n\t\t\t\t<\/div>\n\t\t\t\t\t<\/div>\n\t\t\t\t<\/div>\n\t\t\t\t<\/div>","protected":false},"excerpt":{"rendered":"<p>Servi\u00e7o de pr\u00e9-venda Home 1. Especializa\u00e7\u00e3o t\u00e9cnica e personaliza\u00e7\u00e3o No centro dos servi\u00e7os de pr\u00e9-venda da LANDU est\u00e1 a nossa consultoria t\u00e9cnica. Nossos consultores especializados trabalham em estreita colabora\u00e7\u00e3o com os clientes para selecionar o \u00e9ter de celulose mais adequado ou outros produtos com base nas necessidades espec\u00edficas do cliente (por exemplo, constru\u00e7\u00e3o, tintas ou outros setores). Essa abordagem personalizada se estende \u00e0 customiza\u00e7\u00e3o do produto. LANDU [...]<\/p>","protected":false},"author":1,"featured_media":0,"parent":344,"menu_order":0,"comment_status":"closed","ping_status":"closed","template":"elementor_header_footer","meta":{"footnotes":""},"class_list":["post-13424","page","type-page","status-publish","hentry"],"_links":{"self":[{"href":"https:\/\/landu-china.com\/pt_br\/wp-json\/wp\/v2\/pages\/13424","targetHints":{"allow":["GET"]}}],"collection":[{"href":"https:\/\/landu-china.com\/pt_br\/wp-json\/wp\/v2\/pages"}],"about":[{"href":"https:\/\/landu-china.com\/pt_br\/wp-json\/wp\/v2\/types\/page"}],"author":[{"embeddable":true,"href":"https:\/\/landu-china.com\/pt_br\/wp-json\/wp\/v2\/users\/1"}],"replies":[{"embeddable":true,"href":"https:\/\/landu-china.com\/pt_br\/wp-json\/wp\/v2\/comments?post=13424"}],"version-history":[{"count":37,"href":"https:\/\/landu-china.com\/pt_br\/wp-json\/wp\/v2\/pages\/13424\/revisions"}],"predecessor-version":[{"id":22915,"href":"https:\/\/landu-china.com\/pt_br\/wp-json\/wp\/v2\/pages\/13424\/revisions\/22915"}],"up":[{"embeddable":true,"href":"https:\/\/landu-china.com\/pt_br\/wp-json\/wp\/v2\/pages\/344"}],"wp:attachment":[{"href":"https:\/\/landu-china.com\/pt_br\/wp-json\/wp\/v2\/media?parent=13424"}],"curies":[{"name":"wp","href":"https:\/\/api.w.org\/{rel}","templated":true}]}}