{"id":11605,"date":"2024-10-15T16:23:22","date_gmt":"2024-10-15T08:23:22","guid":{"rendered":"https:\/\/landu-china.com\/?page_id=11605"},"modified":"2024-11-06T10:43:36","modified_gmt":"2024-11-06T02:43:36","slug":"hidroxipropilcelulose-altamente-substituida-de-grau-alimenticio","status":"publish","type":"page","link":"https:\/\/landu-china.com\/pt_br\/produtos\/aditivos-alimentares\/hidroxipropilcelulose-altamente-substituida-de-grau-alimenticio\/","title":{"rendered":"Hidroxipropilcelulose altamente substitu\u00edda de grau aliment\u00edcio"},"content":{"rendered":"<div data-elementor-type=\"wp-page\" data-elementor-id=\"11605\" class=\"elementor elementor-11605\" data-elementor-post-type=\"page\">\n\t\t\t\t<div class=\"elementor-element elementor-element-8e5ed44 e-con-full e-flex e-con e-parent\" data-id=\"8e5ed44\" data-element_type=\"container\" data-settings=\"{&quot;ekit_has_onepagescroll_dot&quot;:&quot;yes&quot;}\">\n\t\t\t\t<div class=\"elementor-element elementor-element-e88d62d elementor--h-position-center elementor--v-position-middle elementor-arrows-position-inside elementor-pagination-position-inside elementor-widget elementor-widget-slides\" data-id=\"e88d62d\" data-element_type=\"widget\" data-settings=\"{&quot;navigation&quot;:&quot;both&quot;,&quot;autoplay&quot;:&quot;yes&quot;,&quot;pause_on_hover&quot;:&quot;yes&quot;,&quot;pause_on_interaction&quot;:&quot;yes&quot;,&quot;autoplay_speed&quot;:5000,&quot;infinite&quot;:&quot;yes&quot;,&quot;transition&quot;:&quot;slide&quot;,&quot;transition_speed&quot;:500,&quot;ekit_we_effect_on&quot;:&quot;none&quot;}\" data-widget_type=\"slides.default\">\n\t\t\t\t<div class=\"elementor-widget-container\">\n\t\t\t\t\t\t\t\t\t<div class=\"elementor-swiper\">\n\t\t\t\t\t<div class=\"elementor-slides-wrapper elementor-main-swiper swiper\" role=\"region\" aria-roledescription=\"carousel\" aria-label=\"Slides\" dir=\"ltr\" data-animation=\"fadeInUp\">\n\t\t\t\t<div class=\"swiper-wrapper elementor-slides\">\n\t\t\t\t\t\t\t\t\t\t<div class=\"elementor-repeater-item-9f5a44f swiper-slide\" role=\"group\" aria-roledescription=\"slide\"><div class=\"swiper-slide-bg elementor-ken-burns elementor-ken-burns--in\" role=\"img\"><\/div><div class=\"elementor-background-overlay\"><\/div><div class=\"swiper-slide-inner\" ><div class=\"swiper-slide-contents\"><h1 class=\"elementor-slide-heading\">Hidroxipropilcelulose de alta substitui\u00e7\u00e3o de grau aliment\u00edcio (H-HPC)<\/h1><div class=\"elementor-slide-description\">No setor de alimentos e bebidas, o High-Substitute Hydroxypropyl Cellulose (H-HPC) \u00e9 amplamente utilizado como emulsificante, estabilizador e espessante para v\u00e1rios alimentos.<\/div><\/div><\/div><\/div>\t\t\t\t<\/div>\n\t\t\t\t\t\t\t<\/div>\n\t\t\t\t<\/div>\n\t\t\t\t\t\t\t\t<\/div>\n\t\t\t\t<\/div>\n\t\t\t\t<\/div>\n\t\t\t\t<section class=\"elementor-section elementor-top-section elementor-element elementor-element-4ee4086e elementor-section-boxed elementor-section-height-default elementor-section-height-default\" data-id=\"4ee4086e\" data-element_type=\"section\" data-settings=\"{&quot;ekit_has_onepagescroll_dot&quot;:&quot;yes&quot;}\">\n\t\t\t\t\t\t<div class=\"elementor-container elementor-column-gap-default\">\n\t\t\t\t\t<div class=\"elementor-column elementor-col-50 elementor-top-column elementor-element elementor-element-18be4841\" data-id=\"18be4841\" data-element_type=\"column\" data-settings=\"{&quot;background_background&quot;:&quot;classic&quot;}\">\n\t\t\t<div class=\"elementor-widget-wrap elementor-element-populated\">\n\t\t\t\t\t\t<div class=\"elementor-element elementor-element-81a5461 elementor-widget elementor-widget-spacer\" data-id=\"81a5461\" data-element_type=\"widget\" data-settings=\"{&quot;ekit_we_effect_on&quot;:&quot;none&quot;}\" data-widget_type=\"spacer.default\">\n\t\t\t\t<div class=\"elementor-widget-container\">\n\t\t\t\t\t\t\t<div class=\"elementor-spacer\">\n\t\t\t<div class=\"elementor-spacer-inner\"><\/div>\n\t\t<\/div>\n\t\t\t\t\t\t<\/div>\n\t\t\t\t<\/div>\n\t\t\t\t\t<\/div>\n\t\t<\/div>\n\t\t\t\t<div class=\"elementor-column elementor-col-50 elementor-top-column elementor-element elementor-element-125b4494\" data-id=\"125b4494\" data-element_type=\"column\">\n\t\t\t<div class=\"elementor-widget-wrap elementor-element-populated\">\n\t\t\t\t\t\t<div class=\"elementor-element elementor-element-60da59cc elementor-widget elementor-widget-elementskit-heading\" data-id=\"60da59cc\" data-element_type=\"widget\" data-settings=\"{&quot;ekit_we_effect_on&quot;:&quot;none&quot;}\" data-widget_type=\"elementskit-heading.default\">\n\t\t\t\t<div class=\"elementor-widget-container\">\n\t\t\t\t\t<div class=\"ekit-wid-con\" ><div class=\"ekit-heading elementskit-section-title-wraper text_left   ekit_heading_tablet-   ekit_heading_mobile-\"><h2 class=\"ekit-heading--title elementskit-section-title\">Hidroxipropilcelulose de alta substitui\u00e7\u00e3o de grau aliment\u00edcio (H-HPC)<\/h2><h3 class=\"ekit-heading--subtitle elementskit-section-subtitle\">\n\t\t\t\t\t\tO \"M\u00e9todo de pasta em uma etapa\" para produzir \u00e9ter de hidroxipropilcelulose de alta substitui\u00e7\u00e3o (contendo hidroxipropil 50-80%) consiste em etapas de alcaliniza\u00e7\u00e3o, eterifica\u00e7\u00e3o e neutraliza\u00e7\u00e3o.\n\t\t\t\t\t<\/h3>\t\t\t\t<div class='ekit-heading__description'>\n\t\t\t\t\t<p>O H-HPC atua principalmente como um agente espessante e estabilizador, melhorando a textura e a viscosidade de v\u00e1rios produtos aliment\u00edcios. Sua capacidade de formar g\u00e9is e emuls\u00f5es est\u00e1veis o torna particularmente \u00fatil em molhos, temperos e produtos l\u00e1cteos, onde ajuda a manter a consist\u00eancia e evita a separa\u00e7\u00e3o. Al\u00e9m disso, o H-HPC pode melhorar a sensa\u00e7\u00e3o bucal de formula\u00e7\u00f5es com baixo teor de gordura, proporcionando uma textura cremosa sem a necessidade de adi\u00e7\u00e3o de gorduras.<\/p>\n\t\t\t\t<\/div>\n\t\t\t<\/div><\/div>\t\t\t\t<\/div>\n\t\t\t\t<\/div>\n\t\t\t\t<div class=\"elementor-element elementor-element-8e8fc0f elementor-align-left elementor-widget elementor-widget-elementskit-button\" data-id=\"8e8fc0f\" data-element_type=\"widget\" data-settings=\"{&quot;ekit_we_effect_on&quot;:&quot;none&quot;}\" data-widget_type=\"elementskit-button.default\">\n\t\t\t\t<div class=\"elementor-widget-container\">\n\t\t\t\t\t<div class=\"ekit-wid-con\" >\t\t<div class=\"ekit-btn-wraper\">\n\t\t\t\t\t\t\t<a href=\"#elementor-action%3Aaction%3Dpopup%3Aopen%26settings%3DeyJpZCI6IjE1MTkiLCJ0b2dnbGUiOmZhbHNlfQ%3D%3D\" class=\"elementskit-btn  whitespace--normal\" id=\"\">\n\t\t\t\t\tSolicite uma cota\u00e7\u00e3o gratuita<i class=\"fasicon icon-arrow-right\"><\/i>\t\t\t\t<\/a>\n\t\t\t\t\t<\/div>\n        <\/div>\t\t\t\t<\/div>\n\t\t\t\t<\/div>\n\t\t\t\t\t<\/div>\n\t\t<\/div>\n\t\t\t\t\t<\/div>\n\t\t<\/section>\n\t\t\t\t<section class=\"elementor-section elementor-top-section elementor-element elementor-element-648fafbe elementor-section-boxed elementor-section-height-default elementor-section-height-default\" data-id=\"648fafbe\" data-element_type=\"section\" data-settings=\"{&quot;ekit_has_onepagescroll_dot&quot;:&quot;yes&quot;}\">\n\t\t\t\t\t\t<div class=\"elementor-container elementor-column-gap-default\">\n\t\t\t\t\t<div class=\"elementor-column elementor-col-100 elementor-top-column elementor-element elementor-element-c732d59\" data-id=\"c732d59\" data-element_type=\"column\">\n\t\t\t<div class=\"elementor-widget-wrap elementor-element-populated\">\n\t\t\t\t\t\t<section class=\"elementor-section elementor-inner-section elementor-element elementor-element-41bd753 elementor-section-boxed elementor-section-height-default elementor-section-height-default\" data-id=\"41bd753\" data-element_type=\"section\" data-settings=\"{&quot;ekit_has_onepagescroll_dot&quot;:&quot;yes&quot;}\">\n\t\t\t\t\t\t<div class=\"elementor-container elementor-column-gap-default\">\n\t\t\t\t\t<div class=\"elementor-column elementor-col-25 elementor-inner-column elementor-element elementor-element-78321446\" data-id=\"78321446\" data-element_type=\"column\">\n\t\t\t<div class=\"elementor-widget-wrap elementor-element-populated\">\n\t\t\t\t\t\t<div class=\"elementor-element elementor-element-4f5d1866 ekit-equal-height-disable elementor-widget elementor-widget-elementskit-icon-box\" data-id=\"4f5d1866\" data-element_type=\"widget\" data-settings=\"{&quot;ekit_we_effect_on&quot;:&quot;none&quot;}\" data-widget_type=\"elementskit-icon-box.default\">\n\t\t\t\t<div class=\"elementor-widget-container\">\n\t\t\t\t\t<div class=\"ekit-wid-con\" >        <!-- link opening -->\n                <!-- end link opening -->\n\n        <div class=\"elementskit-infobox text- text- icon-lef-right-aligin elementor-animation-bob\">\n                        <div class=\"box-body\">\n                            <h3 class=\"elementskit-info-box-title\">\n                    P\u00f3 branco, inodoro e ins\u00edpido.                <\/h3>\n                        \t\t  \t<p>Sol\u00favel em \u00e1gua e em v\u00e1rios solventes org\u00e2nicos, como etanol e acetona, em temperatura ambiente; as solu\u00e7\u00f5es s\u00e3o claras.<\/p>\n                                        <div class=\"box-footer disable_hover_button\">\n                    <div class=\"btn-wraper\">\n                                                            <a class=\"elementskit-btn whitespace--normal\" href=\"#elementor-action%3Aaction%3Dpopup%3Aopen%26settings%3DeyJpZCI6IjE1MTkiLCJ0b2dnbGUiOmZhbHNlfQ%3D%3D\">\n                                        Saiba mais                                                                            <\/a>\n                                                        <\/div>\n                <\/div>\n                    <\/div>\n        \n        \n                <\/div>\n        <\/div>\t\t\t\t<\/div>\n\t\t\t\t<\/div>\n\t\t\t\t\t<\/div>\n\t\t<\/div>\n\t\t\t\t<div class=\"elementor-column elementor-col-25 elementor-inner-column elementor-element elementor-element-21e3d14c\" data-id=\"21e3d14c\" data-element_type=\"column\">\n\t\t\t<div class=\"elementor-widget-wrap elementor-element-populated\">\n\t\t\t\t\t\t<div class=\"elementor-element elementor-element-137ad64 ekit-equal-height-disable elementor-widget elementor-widget-elementskit-icon-box\" data-id=\"137ad64\" data-element_type=\"widget\" data-settings=\"{&quot;ekit_we_effect_on&quot;:&quot;none&quot;}\" data-widget_type=\"elementskit-icon-box.default\">\n\t\t\t\t<div class=\"elementor-widget-container\">\n\t\t\t\t\t<div class=\"ekit-wid-con\" >        <!-- link opening -->\n                <!-- end link opening -->\n\n        <div class=\"elementskit-infobox text- text- icon-lef-right-aligin elementor-animation-bob\">\n                        <div class=\"box-body\">\n                            <h3 class=\"elementskit-info-box-title\">\n                    Excelentes propriedades de forma\u00e7\u00e3o de filme.                <\/h3>\n                        \t\t  \t<p>O H-HPC \u00e9 um bom material termopl\u00e1stico com excelentes propriedades de forma\u00e7\u00e3o de filme. Os filmes s\u00e3o resistentes, brilhantes e altamente el\u00e1sticos.<\/p>\n                                        <div class=\"box-footer disable_hover_button\">\n                    <div class=\"btn-wraper\">\n                                                            <a class=\"elementskit-btn whitespace--normal\" href=\"#elementor-action%3Aaction%3Dpopup%3Aopen%26settings%3DeyJpZCI6IjE1MTkiLCJ0b2dnbGUiOmZhbHNlfQ%3D%3D\">\n                                        Saiba mais                                                                            <\/a>\n                                                        <\/div>\n                <\/div>\n                    <\/div>\n        \n        \n                <\/div>\n        <\/div>\t\t\t\t<\/div>\n\t\t\t\t<\/div>\n\t\t\t\t\t<\/div>\n\t\t<\/div>\n\t\t\t\t<div class=\"elementor-column elementor-col-25 elementor-inner-column elementor-element elementor-element-e49ca8d\" data-id=\"e49ca8d\" data-element_type=\"column\">\n\t\t\t<div class=\"elementor-widget-wrap elementor-element-populated\">\n\t\t\t\t\t\t<div class=\"elementor-element elementor-element-6fa5274 ekit-equal-height-disable elementor-widget elementor-widget-elementskit-icon-box\" data-id=\"6fa5274\" data-element_type=\"widget\" data-settings=\"{&quot;ekit_we_effect_on&quot;:&quot;none&quot;}\" data-widget_type=\"elementskit-icon-box.default\">\n\t\t\t\t<div class=\"elementor-widget-container\">\n\t\t\t\t\t<div class=\"ekit-wid-con\" >        <!-- link opening -->\n                <!-- end link opening -->\n\n        <div class=\"elementskit-infobox text- text- icon-lef-right-aligin elementor-animation-bob\">\n                        <div class=\"box-body\">\n                            <h3 class=\"elementskit-info-box-title\">\n                    baixo teor de cinzas.                <\/h3>\n                        \t\t  \t<p>Com um teor muito baixo de cinzas, esse produto tem excelentes propriedades de ades\u00e3o. \u00c9 altamente est\u00e1vel quando usado como espessante de emuls\u00e3o e tem boa dispersibilidade.<\/p>\n                                        <div class=\"box-footer disable_hover_button\">\n                    <div class=\"btn-wraper\">\n                                                            <a class=\"elementskit-btn whitespace--normal\" href=\"#elementor-action%3Aaction%3Dpopup%3Aopen%26settings%3DeyJpZCI6IjE1MTkiLCJ0b2dnbGUiOmZhbHNlfQ%3D%3D\">\n                                        Saiba mais                                                                            <\/a>\n                                                        <\/div>\n                <\/div>\n                    <\/div>\n        \n        \n                <\/div>\n        <\/div>\t\t\t\t<\/div>\n\t\t\t\t<\/div>\n\t\t\t\t\t<\/div>\n\t\t<\/div>\n\t\t\t\t<div class=\"elementor-column elementor-col-25 elementor-inner-column elementor-element elementor-element-506a50b7\" data-id=\"506a50b7\" data-element_type=\"column\">\n\t\t\t<div class=\"elementor-widget-wrap elementor-element-populated\">\n\t\t\t\t\t\t<div class=\"elementor-element elementor-element-5960940 ekit-equal-height-disable elementor-widget elementor-widget-elementskit-icon-box\" data-id=\"5960940\" data-element_type=\"widget\" data-settings=\"{&quot;ekit_we_effect_on&quot;:&quot;none&quot;}\" data-widget_type=\"elementskit-icon-box.default\">\n\t\t\t\t<div class=\"elementor-widget-container\">\n\t\t\t\t\t<div class=\"ekit-wid-con\" >        <!-- link opening -->\n                <!-- end link opening -->\n\n        <div class=\"elementskit-infobox text- text- icon-lef-right-aligin elementor-animation-bob\">\n                        <div class=\"box-body\">\n                            <h3 class=\"elementskit-info-box-title\">\n                    Fortes propriedades antibacterianas.                <\/h3>\n                        \t\t  \t<p>Os grupos substituintes no H-HPC s\u00e3o distribu\u00eddos de maneira uniforme e completa, o que lhe confere fortes propriedades antibacterianas. Ele tamb\u00e9m tem um baixo teor de umidade de equil\u00edbrio.<\/p>\n                                        <div class=\"box-footer disable_hover_button\">\n                    <div class=\"btn-wraper\">\n                                                            <a class=\"elementskit-btn whitespace--normal\" href=\"#elementor-action%3Aaction%3Dpopup%3Aopen%26settings%3DeyJpZCI6IjE1MTkiLCJ0b2dnbGUiOmZhbHNlfQ%3D%3D\">\n                                        Saiba mais                                                                            <\/a>\n                                                        <\/div>\n                <\/div>\n                    <\/div>\n        \n        \n                <\/div>\n        <\/div>\t\t\t\t<\/div>\n\t\t\t\t<\/div>\n\t\t\t\t\t<\/div>\n\t\t<\/div>\n\t\t\t\t\t<\/div>\n\t\t<\/section>\n\t\t\t\t\t<\/div>\n\t\t<\/div>\n\t\t\t\t\t<\/div>\n\t\t<\/section>\n\t\t\t\t<section class=\"elementor-section elementor-top-section elementor-element elementor-element-1d05d612 elementor-section-full_width elementor-section-height-default elementor-section-height-default\" data-id=\"1d05d612\" data-element_type=\"section\" id=\"xs_cta_style_19\" data-settings=\"{&quot;ekit_has_onepagescroll_dot&quot;:&quot;yes&quot;}\">\n\t\t\t\t\t\t<div class=\"elementor-container elementor-column-gap-default\">\n\t\t\t\t\t<div class=\"elementor-column elementor-col-100 elementor-top-column elementor-element elementor-element-39370e0f\" data-id=\"39370e0f\" data-element_type=\"column\">\n\t\t\t<div class=\"elementor-widget-wrap elementor-element-populated\">\n\t\t\t\t\t\t<section class=\"elementor-section elementor-inner-section elementor-element elementor-element-25418739 elementor-section-full_width elementor-section-height-default elementor-section-height-default\" data-id=\"25418739\" data-element_type=\"section\" data-settings=\"{&quot;background_background&quot;:&quot;classic&quot;,&quot;ekit_has_onepagescroll_dot&quot;:&quot;yes&quot;}\">\n\t\t\t\t\t\t<div class=\"elementor-container elementor-column-gap-default\">\n\t\t\t\t\t<div class=\"elementor-column elementor-col-100 elementor-inner-column elementor-element elementor-element-1207794e\" data-id=\"1207794e\" data-element_type=\"column\">\n\t\t\t<div class=\"elementor-widget-wrap elementor-element-populated\">\n\t\t\t\t\t\t<div class=\"elementor-element elementor-element-26ddaf8 elementor-widget elementor-widget-elementskit-heading\" data-id=\"26ddaf8\" data-element_type=\"widget\" data-settings=\"{&quot;ekit_we_effect_on&quot;:&quot;none&quot;}\" data-widget_type=\"elementskit-heading.default\">\n\t\t\t\t<div class=\"elementor-widget-container\">\n\t\t\t\t\t<div class=\"ekit-wid-con\" ><div class=\"ekit-heading elementskit-section-title-wraper center   ekit_heading_tablet-   ekit_heading_mobile-\"><h2 class=\"ekit-heading--title elementskit-section-title\">Precisa de mais suporte?<\/h2>\t\t\t\t<div class='ekit-heading__description'>\n\t\t\t\t\t<p>Se precisar de assist\u00eancia ou tiver d\u00favidas, entre em contato com nossa equipe t\u00e9cnica para obter suporte.<\/p>\n\t\t\t\t<\/div>\n\t\t\t<\/div><\/div>\t\t\t\t<\/div>\n\t\t\t\t<\/div>\n\t\t\t\t<div class=\"elementor-element elementor-element-38dc5702 elementor-align--mobilecenter elementor-align-center elementor-widget elementor-widget-elementskit-button\" data-id=\"38dc5702\" data-element_type=\"widget\" data-settings=\"{&quot;ekit_we_effect_on&quot;:&quot;none&quot;}\" data-widget_type=\"elementskit-button.default\">\n\t\t\t\t<div class=\"elementor-widget-container\">\n\t\t\t\t\t<div class=\"ekit-wid-con\" >\t\t<div class=\"ekit-btn-wraper\">\n\t\t\t\t\t\t\t<a href=\"#elementor-action%3Aaction%3Dpopup%3Aopen%26settings%3DeyJpZCI6IjE1MTkiLCJ0b2dnbGUiOmZhbHNlfQ%3D%3D\" class=\"elementskit-btn  whitespace--normal\" id=\"\">\n\t\t\t\t\tAjuda t\u00e9cnica\t\t\t\t<\/a>\n\t\t\t\t\t<\/div>\n        <\/div>\t\t\t\t<\/div>\n\t\t\t\t<\/div>\n\t\t\t\t\t<\/div>\n\t\t<\/div>\n\t\t\t\t\t<\/div>\n\t\t<\/section>\n\t\t\t\t\t<\/div>\n\t\t<\/div>\n\t\t\t\t\t<\/div>\n\t\t<\/section>\n\t\t\t\t<\/div>","protected":false},"excerpt":{"rendered":"<p>Hidroxipropilcelulose de alta substitui\u00e7\u00e3o de grau aliment\u00edcio (H-HPC) No setor de alimentos e bebidas, a hidroxipropilcelulose de alta substitui\u00e7\u00e3o (H-HPC) \u00e9 amplamente usada como emulsificante, estabilizador e espessante para v\u00e1rios alimentos. Hidroxipropilcelulose de alta substitui\u00e7\u00e3o de grau aliment\u00edcio (H-HPC) O \"m\u00e9todo de pasta de uma etapa\" para a produ\u00e7\u00e3o de \u00e9ter de hidroxipropilcelulose de alta substitui\u00e7\u00e3o (contendo 50-80% hidroxipropil) consiste em etapas de alcaliniza\u00e7\u00e3o, eterifica\u00e7\u00e3o e neutraliza\u00e7\u00e3o. O H-HPC atua principalmente [...]<\/p>","protected":false},"author":1,"featured_media":0,"parent":9722,"menu_order":0,"comment_status":"closed","ping_status":"closed","template":"elementor_header_footer","meta":{"footnotes":""},"class_list":["post-11605","page","type-page","status-publish","hentry"],"_links":{"self":[{"href":"https:\/\/landu-china.com\/pt_br\/wp-json\/wp\/v2\/pages\/11605","targetHints":{"allow":["GET"]}}],"collection":[{"href":"https:\/\/landu-china.com\/pt_br\/wp-json\/wp\/v2\/pages"}],"about":[{"href":"https:\/\/landu-china.com\/pt_br\/wp-json\/wp\/v2\/types\/page"}],"author":[{"embeddable":true,"href":"https:\/\/landu-china.com\/pt_br\/wp-json\/wp\/v2\/users\/1"}],"replies":[{"embeddable":true,"href":"https:\/\/landu-china.com\/pt_br\/wp-json\/wp\/v2\/comments?post=11605"}],"version-history":[{"count":54,"href":"https:\/\/landu-china.com\/pt_br\/wp-json\/wp\/v2\/pages\/11605\/revisions"}],"predecessor-version":[{"id":18365,"href":"https:\/\/landu-china.com\/pt_br\/wp-json\/wp\/v2\/pages\/11605\/revisions\/18365"}],"up":[{"embeddable":true,"href":"https:\/\/landu-china.com\/pt_br\/wp-json\/wp\/v2\/pages\/9722"}],"wp:attachment":[{"href":"https:\/\/landu-china.com\/pt_br\/wp-json\/wp\/v2\/media?parent=11605"}],"curies":[{"name":"wp","href":"https:\/\/api.w.org\/{rel}","templated":true}]}}