{"id":9272,"date":"2024-10-11T14:08:58","date_gmt":"2024-10-11T06:08:58","guid":{"rendered":"https:\/\/landu-china.com\/?page_id=9272"},"modified":"2024-11-14T13:20:07","modified_gmt":"2024-11-14T05:20:07","slug":"saus-syltetoy","status":"publish","type":"page","link":"https:\/\/landu-china.com\/nb\/markeder\/naeringsmiddel-og-drikkevareindustrien\/saus-syltetoy\/","title":{"rendered":"Sauce-Jam"},"content":{"rendered":"<div data-elementor-type=\"wp-page\" data-elementor-id=\"9272\" class=\"elementor elementor-9272\" data-elementor-post-type=\"page\">\n\t\t\t\t<div class=\"elementor-element elementor-element-1cbc987 e-flex e-con-boxed e-con e-parent\" data-id=\"1cbc987\" data-element_type=\"container\" data-settings=\"{&quot;background_background&quot;:&quot;classic&quot;,&quot;ekit_has_onepagescroll_dot&quot;:&quot;yes&quot;}\">\n\t\t\t\t\t<div class=\"e-con-inner\">\n\t\t\t\t<div class=\"elementor-element elementor-element-4ecb344 elementor-widget__width-initial elementor-widget elementor-widget-heading\" data-id=\"4ecb344\" data-element_type=\"widget\" data-settings=\"{&quot;ekit_we_effect_on&quot;:&quot;none&quot;}\" data-widget_type=\"heading.default\">\n\t\t\t\t<div class=\"elementor-widget-container\">\n\t\t\t\t\t<h1 class=\"elementor-heading-title elementor-size-default\">Saus \/ syltet\u00f8y<\/h1>\t\t\t\t<\/div>\n\t\t\t\t<\/div>\n\t\t\t\t\t<\/div>\n\t\t\t\t<\/div>\n\t\t<div class=\"elementor-element elementor-element-bf53b9f e-flex e-con-boxed e-con e-parent\" data-id=\"bf53b9f\" data-element_type=\"container\" data-settings=\"{&quot;ekit_has_onepagescroll_dot&quot;:&quot;yes&quot;}\">\n\t\t\t\t\t<div class=\"e-con-inner\">\n\t\t<div class=\"elementor-element elementor-element-162b4e7 e-con-full e-grid e-con e-child\" data-id=\"162b4e7\" data-element_type=\"container\" data-settings=\"{&quot;ekit_has_onepagescroll_dot&quot;:&quot;yes&quot;}\">\n\t\t<div class=\"elementor-element elementor-element-4c0c21c e-con-full e-flex e-con e-child\" data-id=\"4c0c21c\" data-element_type=\"container\" data-settings=\"{&quot;ekit_has_onepagescroll_dot&quot;:&quot;yes&quot;}\">\n\t\t\t\t<div class=\"elementor-element elementor-element-680c3a6 elementor-widget elementor-widget-heading\" data-id=\"680c3a6\" data-element_type=\"widget\" data-settings=\"{&quot;ekit_we_effect_on&quot;:&quot;none&quot;}\" data-widget_type=\"heading.default\">\n\t\t\t\t<div class=\"elementor-widget-container\">\n\t\t\t\t\t<h2 class=\"elementor-heading-title elementor-size-default\">Syltet\u00f8y lages ved \u00e5 koke frukt, sukker og surhetsregulerende midler.<\/h2>\t\t\t\t<\/div>\n\t\t\t\t<\/div>\n\t\t\t\t<div class=\"elementor-element elementor-element-dcd559f elementor-widget-divider--view-line elementor-widget elementor-widget-divider\" data-id=\"dcd559f\" data-element_type=\"widget\" data-settings=\"{&quot;ekit_we_effect_on&quot;:&quot;none&quot;}\" data-widget_type=\"divider.default\">\n\t\t\t\t<div class=\"elementor-widget-container\">\n\t\t\t\t\t\t\t<div class=\"elementor-divider\">\n\t\t\t<span class=\"elementor-divider-separator\">\n\t\t\t\t\t\t<\/span>\n\t\t<\/div>\n\t\t\t\t\t\t<\/div>\n\t\t\t\t<\/div>\n\t\t\t\t<\/div>\n\t\t<div class=\"elementor-element elementor-element-4b8a49f e-con-full e-flex e-con e-child\" data-id=\"4b8a49f\" data-element_type=\"container\" data-settings=\"{&quot;ekit_has_onepagescroll_dot&quot;:&quot;yes&quot;}\">\n\t\t\t\t<div class=\"elementor-element elementor-element-a3051e6 elementor-widget elementor-widget-text-editor\" data-id=\"a3051e6\" data-element_type=\"widget\" data-settings=\"{&quot;ekit_we_effect_on&quot;:&quot;none&quot;}\" data-widget_type=\"text-editor.default\">\n\t\t\t\t<div class=\"elementor-widget-container\">\n\t\t\t\t\t\t\t\t\t<p>Syltet\u00f8y lages ved \u00e5 kombinere frukt, sukker og surhetsregulerende midler til en gelelignende substans, som fungerer som en metode for \u00e5 konservere frukt i en lengre periode.<\/p>\t\t\t\t\t\t\t\t<\/div>\n\t\t\t\t<\/div>\n\t\t\t\t<div class=\"elementor-element elementor-element-2ffd4b8 elementor-widget elementor-widget-text-editor\" data-id=\"2ffd4b8\" data-element_type=\"widget\" data-settings=\"{&quot;ekit_we_effect_on&quot;:&quot;none&quot;}\" data-widget_type=\"text-editor.default\">\n\t\t\t\t<div class=\"elementor-widget-container\">\n\t\t\t\t\t\t\t\t\t<p>Syltet\u00f8y er en gel\u00e9aktig substans som lages ved \u00e5 koke frukt, sukker og surhetsregulerende midler ved temperaturer over 100 \u00b0C. Det er ogs\u00e5 kjent som fruktkonserver.<\/p>\t\t\t\t\t\t\t\t<\/div>\n\t\t\t\t<\/div>\n\t\t\t\t<\/div>\n\t\t\t\t<\/div>\n\t\t<div class=\"elementor-element elementor-element-1eb5f32 e-con-full e-grid e-con e-child\" data-id=\"1eb5f32\" data-element_type=\"container\" data-settings=\"{&quot;ekit_has_onepagescroll_dot&quot;:&quot;yes&quot;}\">\n\t\t\t\t<div class=\"elementor-element elementor-element-9adcb4a elementor-widget elementor-widget-text-editor\" data-id=\"9adcb4a\" data-element_type=\"widget\" data-settings=\"{&quot;ekit_we_effect_on&quot;:&quot;none&quot;}\" data-widget_type=\"text-editor.default\">\n\t\t\t\t<div class=\"elementor-widget-container\">\n\t\t\t\t\t\t\t\t\t<p>Ved \u00e5 bruke v\u00e5rt produkt kan du forbedre utseende, fuktighet, tekstur, holdbarhet, prosesseringseffektivitet og kvaliteten p\u00e5 sluttproduktet.<\/p>\t\t\t\t\t\t\t\t<\/div>\n\t\t\t\t<\/div>\n\t\t\t\t<div class=\"elementor-element elementor-element-4c53340 elementor-widget elementor-widget-image\" data-id=\"4c53340\" data-element_type=\"widget\" data-settings=\"{&quot;ekit_we_effect_on&quot;:&quot;none&quot;}\" data-widget_type=\"image.default\">\n\t\t\t\t<div class=\"elementor-widget-container\">\n\t\t\t\t\t\t\t\t\t\t\t\t\t\t\t<img fetchpriority=\"high\" decoding=\"async\" width=\"2000\" height=\"1333\" src=\"https:\/\/landu-china.com\/wp-content\/uploads\/2024\/10\/strawberry-jam-strawberry-jam-in-glass-jar-with-fresh-berries-plate-on-an-old-wooden-dark-table-bac.jpg\" class=\"attachment-full size-full wp-image-8424\" alt=\"Jordb\u00e6rsyltet\u00f8y. Jordb\u00e6rsyltet\u00f8y i glasskrukke med tallerken med friske b\u00e6r p\u00e5 et gammelt m\u00f8rkt trebord bak\" srcset=\"https:\/\/landu-china.com\/wp-content\/uploads\/2024\/10\/strawberry-jam-strawberry-jam-in-glass-jar-with-fresh-berries-plate-on-an-old-wooden-dark-table-bac.jpg 2000w, https:\/\/landu-china.com\/wp-content\/uploads\/2024\/10\/strawberry-jam-strawberry-jam-in-glass-jar-with-fresh-berries-plate-on-an-old-wooden-dark-table-bac-300x200.jpg 300w, https:\/\/landu-china.com\/wp-content\/uploads\/2024\/10\/strawberry-jam-strawberry-jam-in-glass-jar-with-fresh-berries-plate-on-an-old-wooden-dark-table-bac-1024x682.jpg 1024w, https:\/\/landu-china.com\/wp-content\/uploads\/2024\/10\/strawberry-jam-strawberry-jam-in-glass-jar-with-fresh-berries-plate-on-an-old-wooden-dark-table-bac-768x512.jpg 768w, https:\/\/landu-china.com\/wp-content\/uploads\/2024\/10\/strawberry-jam-strawberry-jam-in-glass-jar-with-fresh-berries-plate-on-an-old-wooden-dark-table-bac-1536x1024.jpg 1536w\" sizes=\"(max-width: 2000px) 100vw, 2000px\" \/>\t\t\t\t\t\t\t\t\t\t\t\t\t\t\t<\/div>\n\t\t\t\t<\/div>\n\t\t\t\t<div class=\"elementor-element elementor-element-a22aef7 elementor-widget elementor-widget-image\" data-id=\"a22aef7\" data-element_type=\"widget\" data-settings=\"{&quot;ekit_we_effect_on&quot;:&quot;none&quot;}\" data-widget_type=\"image.default\">\n\t\t\t\t<div class=\"elementor-widget-container\">\n\t\t\t\t\t\t\t\t\t\t\t\t\t\t\t<img decoding=\"async\" width=\"2000\" height=\"1333\" src=\"https:\/\/landu-china.com\/wp-content\/uploads\/2024\/10\/tomato-sauce-in-a-wooden-plate-.jpg\" class=\"attachment-full size-full wp-image-8425\" alt=\"Tomatsaus i en treplate.\" srcset=\"https:\/\/landu-china.com\/wp-content\/uploads\/2024\/10\/tomato-sauce-in-a-wooden-plate-.jpg 2000w, https:\/\/landu-china.com\/wp-content\/uploads\/2024\/10\/tomato-sauce-in-a-wooden-plate--300x200.jpg 300w, https:\/\/landu-china.com\/wp-content\/uploads\/2024\/10\/tomato-sauce-in-a-wooden-plate--1024x682.jpg 1024w, https:\/\/landu-china.com\/wp-content\/uploads\/2024\/10\/tomato-sauce-in-a-wooden-plate--768x512.jpg 768w, https:\/\/landu-china.com\/wp-content\/uploads\/2024\/10\/tomato-sauce-in-a-wooden-plate--1536x1024.jpg 1536w\" sizes=\"(max-width: 2000px) 100vw, 2000px\" \/>\t\t\t\t\t\t\t\t\t\t\t\t\t\t\t<\/div>\n\t\t\t\t<\/div>\n\t\t\t\t<\/div>\n\t\t\t\t\t<\/div>\n\t\t\t\t<\/div>\n\t\t<div class=\"elementor-element elementor-element-398f530a e-flex e-con-boxed e-con e-parent\" data-id=\"398f530a\" data-element_type=\"container\" data-settings=\"{&quot;background_background&quot;:&quot;classic&quot;,&quot;ekit_has_onepagescroll_dot&quot;:&quot;yes&quot;}\">\n\t\t\t\t\t<div class=\"e-con-inner\">\n\t\t<div class=\"elementor-element elementor-element-5beeff92 e-con-full e-flex e-con e-child\" data-id=\"5beeff92\" data-element_type=\"container\" data-settings=\"{&quot;ekit_has_onepagescroll_dot&quot;:&quot;yes&quot;}\">\n\t\t<div class=\"elementor-element elementor-element-24c76b61 e-flex e-con-boxed e-con e-child\" data-id=\"24c76b61\" data-element_type=\"container\" data-settings=\"{&quot;ekit_has_onepagescroll_dot&quot;:&quot;yes&quot;}\">\n\t\t\t\t\t<div class=\"e-con-inner\">\n\t\t\t\t<div class=\"elementor-element elementor-element-867c786 elementor-invisible elementor-widget elementor-widget-heading\" data-id=\"867c786\" data-element_type=\"widget\" data-settings=\"{&quot;_animation&quot;:&quot;fadeIn&quot;,&quot;ekit_we_effect_on&quot;:&quot;none&quot;}\" data-widget_type=\"heading.default\">\n\t\t\t\t<div class=\"elementor-widget-container\">\n\t\t\t\t\t<h2 class=\"elementor-heading-title elementor-size-default\">Utvalgte produkter<\/h2>\t\t\t\t<\/div>\n\t\t\t\t<\/div>\n\t\t\t\t<div class=\"elementor-element elementor-element-c60b007 elementor-widget-divider--view-line elementor-invisible elementor-widget elementor-widget-divider\" data-id=\"c60b007\" data-element_type=\"widget\" data-settings=\"{&quot;_animation&quot;:&quot;fadeIn&quot;,&quot;_animation_delay&quot;:200,&quot;ekit_we_effect_on&quot;:&quot;none&quot;}\" data-widget_type=\"divider.default\">\n\t\t\t\t<div class=\"elementor-widget-container\">\n\t\t\t\t\t\t\t<div class=\"elementor-divider\">\n\t\t\t<span class=\"elementor-divider-separator\">\n\t\t\t\t\t\t<\/span>\n\t\t<\/div>\n\t\t\t\t\t\t<\/div>\n\t\t\t\t<\/div>\n\t\t\t\t<div class=\"elementor-element elementor-element-51e994e elementor-invisible elementor-widget elementor-widget-text-editor\" data-id=\"51e994e\" data-element_type=\"widget\" data-settings=\"{&quot;_animation&quot;:&quot;fadeIn&quot;,&quot;_animation_delay&quot;:400,&quot;ekit_we_effect_on&quot;:&quot;none&quot;}\" data-widget_type=\"text-editor.default\">\n\t\t\t\t<div class=\"elementor-widget-container\">\n\t\t\t\t\t\t\t\t\t<p>Hos LANDU tilbyr vi en rekke farmas\u00f8ytiske tilsetningsstoffer, blant annet celluloseetere, dekstrin, pregelatinisert stivelse og enterisk beleggpulver. Vi samarbeider tett med kundene v\u00e5re for \u00e5 kunne tilby innovative l\u00f8sninger. Kontakt oss for mer produktinformasjon.<\/p>\t\t\t\t\t\t\t\t<\/div>\n\t\t\t\t<\/div>\n\t\t\t\t\t<\/div>\n\t\t\t\t<\/div>\n\t\t\t\t<\/div>\n\t\t\t\t\t<\/div>\n\t\t\t\t<\/div>\n\t\t<div class=\"elementor-element elementor-element-285f669 e-flex e-con-boxed e-con e-parent\" data-id=\"285f669\" data-element_type=\"container\" data-settings=\"{&quot;ekit_has_onepagescroll_dot&quot;:&quot;yes&quot;}\">\n\t\t\t\t\t<div class=\"e-con-inner\">\n\t\t<div class=\"elementor-element elementor-element-ce19177 e-con-full e-flex e-con e-child\" data-id=\"ce19177\" data-element_type=\"container\" data-settings=\"{&quot;background_background&quot;:&quot;classic&quot;,&quot;ekit_has_onepagescroll_dot&quot;:&quot;yes&quot;}\">\n\t\t\t\t<div class=\"elementor-element elementor-element-681bbf1 elementor-widget elementor-widget-spacer\" data-id=\"681bbf1\" data-element_type=\"widget\" data-settings=\"{&quot;ekit_we_effect_on&quot;:&quot;none&quot;}\" data-widget_type=\"spacer.default\">\n\t\t\t\t<div class=\"elementor-widget-container\">\n\t\t\t\t\t\t\t<div class=\"elementor-spacer\">\n\t\t\t<div class=\"elementor-spacer-inner\"><\/div>\n\t\t<\/div>\n\t\t\t\t\t\t<\/div>\n\t\t\t\t<\/div>\n\t\t\t\t<\/div>\n\t\t<div class=\"elementor-element elementor-element-7669e9a e-con-full e-flex e-con e-child\" data-id=\"7669e9a\" data-element_type=\"container\" data-settings=\"{&quot;ekit_has_onepagescroll_dot&quot;:&quot;yes&quot;}\">\n\t\t\t\t<div class=\"elementor-element elementor-element-19ba097e ekit-equal-height-disable elementor-widget elementor-widget-elementskit-icon-box\" data-id=\"19ba097e\" data-element_type=\"widget\" data-settings=\"{&quot;ekit_we_effect_on&quot;:&quot;none&quot;}\" data-widget_type=\"elementskit-icon-box.default\">\n\t\t\t\t<div class=\"elementor-widget-container\">\n\t\t\t\t\t<div class=\"ekit-wid-con\" >        <!-- link opening -->\n                <!-- end link opening -->\n\n        <div class=\"elementskit-infobox text-center text- icon-lef-right-aligin elementor-animation-float\">\n                        <div class=\"box-body\">\n                            <h3 class=\"elementskit-info-box-title\">\n                    Hydroksypropylmetylcellulose (HPMC)                <\/h3>\n                        \t\t  \t<p>HPMC er en allsidig polymer som brukes for sine fortykkende og vannholdende egenskaper i matvarer som syltet\u00f8y.<\/p>\n                                        <div class=\"box-footer disable_hover_button\">\n                    <div class=\"btn-wraper\">\n                                                            <a class=\"elementskit-btn whitespace--normal elementor-animation-float\" href=\"#elementor-action%3Aaction%3Dpopup%3Aopen%26settings%3DeyJpZCI6IjE1MTkiLCJ0b2dnbGUiOmZhbHNlfQ%3D%3D\">\n                                        L\u00e6r mer                                         <i aria-hidden=\"true\" class=\"icon icon-arrow-right\"><\/i>                                    <\/a>\n                                                        <\/div>\n                <\/div>\n                    <\/div>\n        \n        \n                <\/div>\n        <\/div>\t\t\t\t<\/div>\n\t\t\t\t<\/div>\n\t\t\t\t<\/div>\n\t\t\t\t\t<\/div>\n\t\t\t\t<\/div>\n\t\t<div class=\"elementor-element elementor-element-c2166ae e-flex e-con-boxed e-con e-parent\" data-id=\"c2166ae\" data-element_type=\"container\" data-settings=\"{&quot;ekit_has_onepagescroll_dot&quot;:&quot;yes&quot;}\">\n\t\t\t\t\t<div class=\"e-con-inner\">\n\t\t<div class=\"elementor-element elementor-element-24507f7 e-con-full e-flex e-con e-child\" data-id=\"24507f7\" data-element_type=\"container\" data-settings=\"{&quot;background_background&quot;:&quot;classic&quot;,&quot;ekit_has_onepagescroll_dot&quot;:&quot;yes&quot;}\">\n\t\t\t\t<div class=\"elementor-element elementor-element-39417f6 elementor-widget elementor-widget-spacer\" data-id=\"39417f6\" data-element_type=\"widget\" data-settings=\"{&quot;ekit_we_effect_on&quot;:&quot;none&quot;}\" data-widget_type=\"spacer.default\">\n\t\t\t\t<div class=\"elementor-widget-container\">\n\t\t\t\t\t\t\t<div class=\"elementor-spacer\">\n\t\t\t<div class=\"elementor-spacer-inner\"><\/div>\n\t\t<\/div>\n\t\t\t\t\t\t<\/div>\n\t\t\t\t<\/div>\n\t\t\t\t<\/div>\n\t\t<div class=\"elementor-element elementor-element-5bb0a57 e-con-full e-flex e-con e-child\" data-id=\"5bb0a57\" data-element_type=\"container\" data-settings=\"{&quot;ekit_has_onepagescroll_dot&quot;:&quot;yes&quot;}\">\n\t\t\t\t<div class=\"elementor-element elementor-element-e059aea ekit-equal-height-disable elementor-widget elementor-widget-elementskit-icon-box\" data-id=\"e059aea\" data-element_type=\"widget\" data-settings=\"{&quot;ekit_we_effect_on&quot;:&quot;none&quot;}\" data-widget_type=\"elementskit-icon-box.default\">\n\t\t\t\t<div class=\"elementor-widget-container\">\n\t\t\t\t\t<div class=\"ekit-wid-con\" >        <!-- link opening -->\n                <!-- end link opening -->\n\n        <div class=\"elementskit-infobox text-center text- icon-lef-right-aligin elementor-animation-float\">\n                        <div class=\"box-body\">\n                            <h3 class=\"elementskit-info-box-title\">\n                    Metylcellulose (CMC)                <\/h3>\n                        \t\t  \t<p>MC er et luktfritt, hvitt pulver som sprer seg i varmt vann og l\u00f8ser seg opp n\u00e5r det avkj\u00f8les. Det utmerker seg ved vedheft, fortykning og filmdannelse, noe som gj\u00f8r det nyttig i matvarer som syltet\u00f8y og sauser.<\/p>\n                                        <div class=\"box-footer disable_hover_button\">\n                    <div class=\"btn-wraper\">\n                                                            <a class=\"elementskit-btn whitespace--normal elementor-animation-float\" href=\"https:\/\/landu-china.com\/nb\/produkter\/tilsetningsstoffer\/metylcellulose-mc-av-naeringsmiddelkvalitet\/\" target=\"_blank\">\n                                        L\u00e6r mer                                         <i aria-hidden=\"true\" class=\"icon icon-arrow-right\"><\/i>                                    <\/a>\n                                                        <\/div>\n                <\/div>\n                    <\/div>\n        \n        \n                <\/div>\n        <\/div>\t\t\t\t<\/div>\n\t\t\t\t<\/div>\n\t\t\t\t<\/div>\n\t\t\t\t\t<\/div>\n\t\t\t\t<\/div>\n\t\t<div class=\"elementor-element elementor-element-3e628ec e-flex e-con-boxed e-con e-parent\" data-id=\"3e628ec\" data-element_type=\"container\" data-settings=\"{&quot;ekit_has_onepagescroll_dot&quot;:&quot;yes&quot;}\">\n\t\t\t\t\t<div class=\"e-con-inner\">\n\t\t<div class=\"elementor-element elementor-element-c300169 e-con-full e-flex e-con e-child\" data-id=\"c300169\" data-element_type=\"container\" data-settings=\"{&quot;background_background&quot;:&quot;classic&quot;,&quot;ekit_has_onepagescroll_dot&quot;:&quot;yes&quot;}\">\n\t\t\t\t<div class=\"elementor-element elementor-element-1a8fa7c elementor-widget elementor-widget-spacer\" data-id=\"1a8fa7c\" data-element_type=\"widget\" data-settings=\"{&quot;ekit_we_effect_on&quot;:&quot;none&quot;}\" data-widget_type=\"spacer.default\">\n\t\t\t\t<div class=\"elementor-widget-container\">\n\t\t\t\t\t\t\t<div class=\"elementor-spacer\">\n\t\t\t<div class=\"elementor-spacer-inner\"><\/div>\n\t\t<\/div>\n\t\t\t\t\t\t<\/div>\n\t\t\t\t<\/div>\n\t\t\t\t<\/div>\n\t\t<div class=\"elementor-element elementor-element-ce52242 e-con-full e-flex e-con e-child\" data-id=\"ce52242\" data-element_type=\"container\" data-settings=\"{&quot;ekit_has_onepagescroll_dot&quot;:&quot;yes&quot;}\">\n\t\t\t\t<div class=\"elementor-element elementor-element-8bd03fb ekit-equal-height-disable elementor-widget elementor-widget-elementskit-icon-box\" data-id=\"8bd03fb\" data-element_type=\"widget\" data-settings=\"{&quot;ekit_we_effect_on&quot;:&quot;none&quot;}\" data-widget_type=\"elementskit-icon-box.default\">\n\t\t\t\t<div class=\"elementor-widget-container\">\n\t\t\t\t\t<div class=\"ekit-wid-con\" >        <!-- link opening -->\n                <!-- end link opening -->\n\n        <div class=\"elementskit-infobox text-center text- icon-lef-right-aligin elementor-animation-float\">\n                        <div class=\"box-body\">\n                            <h3 class=\"elementskit-info-box-title\">\n                    Hydroksypropylstivelseseter (HPS)                <\/h3>\n                        \t\t  \t<p>HPS er et modifisert plantebasert pulver med utmerket l\u00f8selighet og stabilitet. Det har lavere gelatineringstemperatur, forbedret viskositet, fryse-tine-stabilitet og gjennomsiktighet.<\/p>\n                                        <div class=\"box-footer disable_hover_button\">\n                    <div class=\"btn-wraper\">\n                                                            <a class=\"elementskit-btn whitespace--normal elementor-animation-float\" href=\"https:\/\/landu-china.com\/nb\/hydroksypropylstivelseseter-produsent-hps\/\" target=\"_blank\">\n                                        L\u00e6r mer                                         <i aria-hidden=\"true\" class=\"icon icon-arrow-right\"><\/i>                                    <\/a>\n                                                        <\/div>\n                <\/div>\n                    <\/div>\n        \n        \n                <\/div>\n        <\/div>\t\t\t\t<\/div>\n\t\t\t\t<\/div>\n\t\t\t\t<\/div>\n\t\t\t\t\t<\/div>\n\t\t\t\t<\/div>\n\t\t<div class=\"elementor-element elementor-element-81591d0 e-flex e-con-boxed e-con e-parent\" data-id=\"81591d0\" data-element_type=\"container\" data-settings=\"{&quot;ekit_has_onepagescroll_dot&quot;:&quot;yes&quot;}\">\n\t\t\t\t\t<div class=\"e-con-inner\">\n\t\t<div class=\"elementor-element elementor-element-24d6db1 e-con-full e-flex e-con e-child\" data-id=\"24d6db1\" data-element_type=\"container\" data-settings=\"{&quot;background_background&quot;:&quot;classic&quot;,&quot;ekit_has_onepagescroll_dot&quot;:&quot;yes&quot;}\">\n\t\t\t\t<div class=\"elementor-element elementor-element-758bc9a elementor-widget elementor-widget-spacer\" data-id=\"758bc9a\" data-element_type=\"widget\" data-settings=\"{&quot;ekit_we_effect_on&quot;:&quot;none&quot;}\" data-widget_type=\"spacer.default\">\n\t\t\t\t<div class=\"elementor-widget-container\">\n\t\t\t\t\t\t\t<div class=\"elementor-spacer\">\n\t\t\t<div class=\"elementor-spacer-inner\"><\/div>\n\t\t<\/div>\n\t\t\t\t\t\t<\/div>\n\t\t\t\t<\/div>\n\t\t\t\t<\/div>\n\t\t<div class=\"elementor-element elementor-element-5ce99a1 e-con-full e-flex e-con e-child\" data-id=\"5ce99a1\" data-element_type=\"container\" data-settings=\"{&quot;ekit_has_onepagescroll_dot&quot;:&quot;yes&quot;}\">\n\t\t\t\t<div class=\"elementor-element elementor-element-47f7771 ekit-equal-height-disable elementor-widget elementor-widget-elementskit-icon-box\" data-id=\"47f7771\" data-element_type=\"widget\" data-settings=\"{&quot;ekit_we_effect_on&quot;:&quot;none&quot;}\" data-widget_type=\"elementskit-icon-box.default\">\n\t\t\t\t<div class=\"elementor-widget-container\">\n\t\t\t\t\t<div class=\"ekit-wid-con\" >        <!-- link opening -->\n                <!-- end link opening -->\n\n        <div class=\"elementskit-infobox text-center text- icon-lef-right-aligin elementor-animation-float\">\n                        <div class=\"box-body\">\n                            <h3 class=\"elementskit-info-box-title\">\n                    Natriumkarboksymetylcellulose (CMC)                <\/h3>\n                        \t\t  \t<p>CMC er et vannl\u00f8selig natriumsalt fra karboksymetylcelluloseeter. Det er en anionisk celluloseeter, vanligvis et hvitt eller off-white fibr\u00f8st pulver eller granulat, luktfritt, smakl\u00f8st og absorberer fuktighet.<\/p>\n                                        <div class=\"box-footer disable_hover_button\">\n                    <div class=\"btn-wraper\">\n                                                            <a class=\"elementskit-btn whitespace--normal elementor-animation-float\" href=\"https:\/\/landu-china.com\/nb\/karboksymetylcellulose-produsent-cmc\/\" target=\"_blank\">\n                                        L\u00e6r mer                                         <i aria-hidden=\"true\" class=\"icon icon-arrow-right\"><\/i>                                    <\/a>\n                                                        <\/div>\n                <\/div>\n                    <\/div>\n        \n        \n                <\/div>\n        <\/div>\t\t\t\t<\/div>\n\t\t\t\t<\/div>\n\t\t\t\t<\/div>\n\t\t\t\t\t<\/div>\n\t\t\t\t<\/div>\n\t\t\t\t<\/div>","protected":false},"excerpt":{"rendered":"<p>Saus\/syltet\u00f8y Syltet\u00f8y lages ved \u00e5 koke frukt, sukker og surhetsregulerende midler Syltet\u00f8y lages ved \u00e5 kombinere frukt, sukker og surhetsregulerende midler til en gel\u00e9aktig substans, og fungerer som en metode for \u00e5 konservere frukt i lengre tid. Syltet\u00f8y er en gel\u00e9aktig substans som lages ved \u00e5 koke frukt, sukker og surhetsregulerende midler ved temperaturer over 100 \u00b0C. [...]<\/p>","protected":false},"author":1,"featured_media":0,"parent":7753,"menu_order":0,"comment_status":"closed","ping_status":"closed","template":"elementor_header_footer","meta":{"footnotes":""},"class_list":["post-9272","page","type-page","status-publish","hentry"],"_links":{"self":[{"href":"https:\/\/landu-china.com\/nb\/wp-json\/wp\/v2\/pages\/9272","targetHints":{"allow":["GET"]}}],"collection":[{"href":"https:\/\/landu-china.com\/nb\/wp-json\/wp\/v2\/pages"}],"about":[{"href":"https:\/\/landu-china.com\/nb\/wp-json\/wp\/v2\/types\/page"}],"author":[{"embeddable":true,"href":"https:\/\/landu-china.com\/nb\/wp-json\/wp\/v2\/users\/1"}],"replies":[{"embeddable":true,"href":"https:\/\/landu-china.com\/nb\/wp-json\/wp\/v2\/comments?post=9272"}],"version-history":[{"count":40,"href":"https:\/\/landu-china.com\/nb\/wp-json\/wp\/v2\/pages\/9272\/revisions"}],"predecessor-version":[{"id":19360,"href":"https:\/\/landu-china.com\/nb\/wp-json\/wp\/v2\/pages\/9272\/revisions\/19360"}],"up":[{"embeddable":true,"href":"https:\/\/landu-china.com\/nb\/wp-json\/wp\/v2\/pages\/7753"}],"wp:attachment":[{"href":"https:\/\/landu-china.com\/nb\/wp-json\/wp\/v2\/media?parent=9272"}],"curies":[{"name":"wp","href":"https:\/\/api.w.org\/{rel}","templated":true}]}}