{"id":410,"date":"2024-06-18T13:35:02","date_gmt":"2024-06-18T05:35:02","guid":{"rendered":"https:\/\/landu-china.com\/?page_id=410"},"modified":"2025-08-04T13:31:37","modified_gmt":"2025-08-04T05:31:37","slug":"kontraktsproduksjonstjenester","status":"publish","type":"page","link":"https:\/\/landu-china.com\/nb\/kontraktsproduksjonstjenester\/","title":{"rendered":"Tjenester for kontraktproduksjon"},"content":{"rendered":"<div data-elementor-type=\"wp-page\" data-elementor-id=\"410\" class=\"elementor elementor-410\" data-elementor-post-type=\"page\">\n\t\t\t\t<div class=\"elementor-element elementor-element-f81d54a e-flex e-con-boxed e-con e-parent\" data-id=\"f81d54a\" data-element_type=\"container\" data-settings=\"{&quot;background_background&quot;:&quot;classic&quot;,&quot;ekit_has_onepagescroll_dot&quot;:&quot;yes&quot;}\">\n\t\t\t\t\t<div class=\"e-con-inner\">\n\t\t\t\t<div class=\"elementor-element elementor-element-b3a9adb elementor-widget__width-initial elementor-widget elementor-widget-heading\" data-id=\"b3a9adb\" data-element_type=\"widget\" data-settings=\"{&quot;ekit_we_effect_on&quot;:&quot;none&quot;}\" data-widget_type=\"heading.default\">\n\t\t\t\t<div class=\"elementor-widget-container\">\n\t\t\t\t\t<h2 class=\"elementor-heading-title elementor-size-default\">Tjenester for kontraktproduksjon<\/h2>\t\t\t\t<\/div>\n\t\t\t\t<\/div>\n\t\t\t\t<div class=\"elementor-element elementor-element-28586f2 elementor-widget__width-initial elementor-widget elementor-widget-text-editor\" data-id=\"28586f2\" data-element_type=\"widget\" data-settings=\"{&quot;ekit_we_effect_on&quot;:&quot;none&quot;}\" data-widget_type=\"text-editor.default\">\n\t\t\t\t<div class=\"elementor-widget-container\">\n\t\t\t\t\t\t\t\t\t<p>LANDU er en globalt anerkjent leder innen celluloseteknologitjenester, og spesialiserer seg p\u00e5 globale tekniske l\u00f8sninger.<\/p>\t\t\t\t\t\t\t\t<\/div>\n\t\t\t\t<\/div>\n\t\t\t\t\t<\/div>\n\t\t\t\t<\/div>\n\t\t<div class=\"elementor-element elementor-element-290387c e-flex e-con-boxed e-con e-parent\" data-id=\"290387c\" data-element_type=\"container\" data-settings=\"{&quot;ekit_has_onepagescroll_dot&quot;:&quot;yes&quot;}\">\n\t\t\t\t\t<div class=\"e-con-inner\">\n\t\t\t\t<div class=\"elementor-element elementor-element-3fb3201 elementor-widget elementor-widget-heading\" data-id=\"3fb3201\" data-element_type=\"widget\" data-settings=\"{&quot;ekit_we_effect_on&quot;:&quot;none&quot;}\" data-widget_type=\"heading.default\">\n\t\t\t\t<div class=\"elementor-widget-container\">\n\t\t\t\t\t<h2 class=\"elementor-heading-title elementor-size-default\">Optimalisert kontraktsproduksjon av kosttilskudd<\/h2>\t\t\t\t<\/div>\n\t\t\t\t<\/div>\n\t\t\t\t<div class=\"elementor-element elementor-element-9416f12 elementor-widget elementor-widget-image\" data-id=\"9416f12\" data-element_type=\"widget\" data-settings=\"{&quot;ekit_we_effect_on&quot;:&quot;none&quot;}\" data-widget_type=\"image.default\">\n\t\t\t\t<div class=\"elementor-widget-container\">\n\t\t\t\t\t\t\t\t\t\t\t\t\t\t\t<img decoding=\"async\" width=\"55\" height=\"9\" src=\"https:\/\/landu-china.com\/wp-content\/uploads\/2024\/06\/\u8d44\u6e90-1.png\" class=\"attachment-large size-large wp-image-87\" alt=\"\" \/>\t\t\t\t\t\t\t\t\t\t\t\t\t\t\t<\/div>\n\t\t\t\t<\/div>\n\t\t\t\t<div class=\"elementor-element elementor-element-6606622 elementor-widget elementor-widget-text-editor\" data-id=\"6606622\" data-element_type=\"widget\" data-settings=\"{&quot;ekit_we_effect_on&quot;:&quot;none&quot;}\" data-widget_type=\"text-editor.default\">\n\t\t\t\t<div class=\"elementor-widget-container\">\n\t\t\t\t\t\t\t\t\t<p>Er du p\u00e5 jakt etter en produksjonspartner for din neste innovasjon? V\u00e5rt team for tekniske tjenester st\u00e5r klare til \u00e5 hjelpe deg, enten du \u00f8nsker \u00e5 lansere et nytt pulverprodukt eller videreutvikle et eksisterende. Med v\u00e5r produksjonskapasitet kan vi tilby en unik one-stop shop for n\u00f8kkelferdig formuleringsprosessering.<\/p>\t\t\t\t\t\t\t\t<\/div>\n\t\t\t\t<\/div>\n\t\t\t\t\t<\/div>\n\t\t\t\t<\/div>\n\t\t<div class=\"elementor-element elementor-element-3aee58d e-flex e-con-boxed e-con e-parent\" data-id=\"3aee58d\" data-element_type=\"container\" data-settings=\"{&quot;ekit_has_onepagescroll_dot&quot;:&quot;yes&quot;}\">\n\t\t\t\t\t<div class=\"e-con-inner\">\n\t\t<div class=\"elementor-element elementor-element-7577986 e-con-full e-flex e-con e-child\" data-id=\"7577986\" data-element_type=\"container\" data-settings=\"{&quot;ekit_has_onepagescroll_dot&quot;:&quot;yes&quot;}\">\n\t\t\t\t<div class=\"elementor-element elementor-element-abe0950 elementor-widget elementor-widget-heading\" data-id=\"abe0950\" data-element_type=\"widget\" data-settings=\"{&quot;ekit_we_effect_on&quot;:&quot;none&quot;}\" data-widget_type=\"heading.default\">\n\t\t\t\t<div class=\"elementor-widget-container\">\n\t\t\t\t\t<h2 class=\"elementor-heading-title elementor-size-default\">Emballasje<\/h2>\t\t\t\t<\/div>\n\t\t\t\t<\/div>\n\t\t\t\t<div class=\"elementor-element elementor-element-f694b81 elementor-widget__width-initial elementor-widget-divider--view-line elementor-widget elementor-widget-divider\" data-id=\"f694b81\" data-element_type=\"widget\" data-settings=\"{&quot;ekit_we_effect_on&quot;:&quot;none&quot;}\" data-widget_type=\"divider.default\">\n\t\t\t\t<div class=\"elementor-widget-container\">\n\t\t\t\t\t\t\t<div class=\"elementor-divider\">\n\t\t\t<span class=\"elementor-divider-separator\">\n\t\t\t\t\t\t<\/span>\n\t\t<\/div>\n\t\t\t\t\t\t<\/div>\n\t\t\t\t<\/div>\n\t\t\t\t<div class=\"elementor-element elementor-element-31d31e2 elementor-widget elementor-widget-text-editor\" data-id=\"31d31e2\" data-element_type=\"widget\" data-settings=\"{&quot;ekit_we_effect_on&quot;:&quot;none&quot;}\" data-widget_type=\"text-editor.default\">\n\t\t\t\t<div class=\"elementor-widget-container\">\n\t\t\t\t\t\t\t\t\t<p>Utforsk v\u00e5rt omfattende utvalg av emballasjel\u00f8sninger som er n\u00f8ye utformet for pulverprodukter. Vi har et alternativ som er skreddersydd for dine behov, fra den banebrytende bekvemmeligheten til stick-pakninger til den klassiske funksjonaliteten til krukker med lokk og \u00f8ser for presise m\u00e5linger.<br \/>V\u00e5re pulversystemer med direkte inntak i munnen er uovertruffen praktiske, mens v\u00e5re solide, stive beholdere sikrer holdbarhet og produktintegritet.<br \/>Uansett hvilke emballasjepreferanser eller produktspesifikasjoner du har, kan vi tilby et allsidig sortiment som oppfyller dine behov og overg\u00e5r dine forventninger.<\/p>\t\t\t\t\t\t\t\t<\/div>\n\t\t\t\t<\/div>\n\t\t\t\t<\/div>\n\t\t<div class=\"elementor-element elementor-element-f3cd1ae e-con-full e-flex e-con e-child\" data-id=\"f3cd1ae\" data-element_type=\"container\" data-settings=\"{&quot;background_background&quot;:&quot;classic&quot;,&quot;ekit_has_onepagescroll_dot&quot;:&quot;yes&quot;}\">\n\t\t\t\t<\/div>\n\t\t\t\t\t<\/div>\n\t\t\t\t<\/div>\n\t\t<div class=\"elementor-element elementor-element-9433bd2 e-flex e-con-boxed e-con e-parent\" data-id=\"9433bd2\" data-element_type=\"container\" data-settings=\"{&quot;background_background&quot;:&quot;classic&quot;,&quot;ekit_has_onepagescroll_dot&quot;:&quot;yes&quot;}\">\n\t\t\t\t\t<div class=\"e-con-inner\">\n\t\t<div class=\"elementor-element elementor-element-e3cad86 e-con-full e-flex e-con e-child\" data-id=\"e3cad86\" data-element_type=\"container\" data-settings=\"{&quot;background_background&quot;:&quot;classic&quot;,&quot;ekit_has_onepagescroll_dot&quot;:&quot;yes&quot;}\">\n\t\t\t\t<\/div>\n\t\t<div class=\"elementor-element elementor-element-0e3acea e-con-full e-flex e-con e-child\" data-id=\"0e3acea\" data-element_type=\"container\" data-settings=\"{&quot;ekit_has_onepagescroll_dot&quot;:&quot;yes&quot;}\">\n\t\t\t\t<div class=\"elementor-element elementor-element-abbe6e6 elementor-widget elementor-widget-heading\" data-id=\"abbe6e6\" data-element_type=\"widget\" data-settings=\"{&quot;ekit_we_effect_on&quot;:&quot;none&quot;}\" data-widget_type=\"heading.default\">\n\t\t\t\t<div class=\"elementor-widget-container\">\n\t\t\t\t\t<h2 class=\"elementor-heading-title elementor-size-default\">Kvalitet og sertifiseringer<\/h2>\t\t\t\t<\/div>\n\t\t\t\t<\/div>\n\t\t\t\t<div class=\"elementor-element elementor-element-0f46435 elementor-widget__width-initial elementor-widget-divider--view-line elementor-widget elementor-widget-divider\" data-id=\"0f46435\" data-element_type=\"widget\" data-settings=\"{&quot;ekit_we_effect_on&quot;:&quot;none&quot;}\" data-widget_type=\"divider.default\">\n\t\t\t\t<div class=\"elementor-widget-container\">\n\t\t\t\t\t\t\t<div class=\"elementor-divider\">\n\t\t\t<span class=\"elementor-divider-separator\">\n\t\t\t\t\t\t<\/span>\n\t\t<\/div>\n\t\t\t\t\t\t<\/div>\n\t\t\t\t<\/div>\n\t\t\t\t<div class=\"elementor-element elementor-element-da0384f elementor-widget elementor-widget-text-editor\" data-id=\"da0384f\" data-element_type=\"widget\" data-settings=\"{&quot;ekit_we_effect_on&quot;:&quot;none&quot;}\" data-widget_type=\"text-editor.default\">\n\t\t\t\t<div class=\"elementor-widget-container\">\n\t\t\t\t\t\t\t\t\t<p>Vi opprettholder strenge standarder, og det vet vi at du ogs\u00e5 gj\u00f8r. Derfor er kvalitet og sikkerhet det aller viktigste for oss. Vi er opptatt av \u00e5 levere den kvalitetssikringen og de sertifiseringene du trenger, fra omhyggelig kvalifisering av ingredienser til overv\u00e5king av hvert trinn i produksjonsprosessen.<\/p><p>Her er en delvis liste over sertifiseringer som er tilgjengelige for mange av produktene v\u00e5re:<br \/>-<strong>\u00a0ISO<\/strong>\u00a0Sertifisering<br \/>-\u00a0<strong>REACH<\/strong>\u00a0Etterlevelse<\/p><p>V\u00e6r oppmerksom p\u00e5 at ikke alle produkter oppfyller alle sertifiseringene som er oppf\u00f8rt ovenfor. For mer informasjon, vennligst kontakt din LANDU-salgsrepresentant.<\/p>\t\t\t\t\t\t\t\t<\/div>\n\t\t\t\t<\/div>\n\t\t\t\t<\/div>\n\t\t\t\t\t<\/div>\n\t\t\t\t<\/div>\n\t\t<div class=\"elementor-element elementor-element-20d5277 e-flex e-con-boxed e-con e-parent\" data-id=\"20d5277\" data-element_type=\"container\" data-settings=\"{&quot;ekit_has_onepagescroll_dot&quot;:&quot;yes&quot;}\">\n\t\t\t\t\t<div class=\"e-con-inner\">\n\t\t<div class=\"elementor-element elementor-element-5dbae40 e-con-full e-flex e-con e-child\" data-id=\"5dbae40\" data-element_type=\"container\" data-settings=\"{&quot;ekit_has_onepagescroll_dot&quot;:&quot;yes&quot;}\">\n\t\t\t\t<div class=\"elementor-element elementor-element-a62a8bb elementor-widget elementor-widget-heading\" data-id=\"a62a8bb\" data-element_type=\"widget\" data-settings=\"{&quot;ekit_we_effect_on&quot;:&quot;none&quot;}\" data-widget_type=\"heading.default\">\n\t\t\t\t<div class=\"elementor-widget-container\">\n\t\t\t\t\t<h2 class=\"elementor-heading-title elementor-size-default\">Eksepsjonell service<\/h2>\t\t\t\t<\/div>\n\t\t\t\t<\/div>\n\t\t\t\t<div class=\"elementor-element elementor-element-2f58cba elementor-widget__width-initial elementor-widget-divider--view-line elementor-widget elementor-widget-divider\" data-id=\"2f58cba\" data-element_type=\"widget\" data-settings=\"{&quot;ekit_we_effect_on&quot;:&quot;none&quot;}\" data-widget_type=\"divider.default\">\n\t\t\t\t<div class=\"elementor-widget-container\">\n\t\t\t\t\t\t\t<div class=\"elementor-divider\">\n\t\t\t<span class=\"elementor-divider-separator\">\n\t\t\t\t\t\t<\/span>\n\t\t<\/div>\n\t\t\t\t\t\t<\/div>\n\t\t\t\t<\/div>\n\t\t\t\t<div class=\"elementor-element elementor-element-1765993 elementor-widget elementor-widget-text-editor\" data-id=\"1765993\" data-element_type=\"widget\" data-settings=\"{&quot;ekit_we_effect_on&quot;:&quot;none&quot;}\" data-widget_type=\"text-editor.default\">\n\t\t\t\t<div class=\"elementor-widget-container\">\n\t\t\t\t\t\t\t\t\t<p>LANDU er din helhetlige one-stop-l\u00f8sning, og tilbyr en s\u00f8ml\u00f8s integrering av tjenester som omfatter grundig forskning og utvikling, innkj\u00f8p av spesialingredienser, produksjon, prosessering og produksjon. Med disse integrerte mulighetene samarbeider vi tett med deg, fra de f\u00f8rste eksperimentene i laboratoriet til fullskalaproduksjon. Enten det dreier seg om \u00e5 lage skreddersydde formuleringer, forbedre produktytelsen eller perfeksjonere smaksprofiler, s\u00f8rger v\u00e5r samarbeidstiln\u00e6rming for at vi oppfyller dine behov p\u00e5 en effektiv m\u00e5te.<\/p>\t\t\t\t\t\t\t\t<\/div>\n\t\t\t\t<\/div>\n\t\t\t\t<\/div>\n\t\t<div class=\"elementor-element elementor-element-02899a7 e-con-full e-flex e-con e-child\" data-id=\"02899a7\" data-element_type=\"container\" data-settings=\"{&quot;background_background&quot;:&quot;classic&quot;,&quot;ekit_has_onepagescroll_dot&quot;:&quot;yes&quot;}\">\n\t\t\t\t<div class=\"elementor-element elementor-element-690eb3d elementor-widget elementor-widget-spacer\" data-id=\"690eb3d\" data-element_type=\"widget\" data-settings=\"{&quot;ekit_we_effect_on&quot;:&quot;none&quot;}\" data-widget_type=\"spacer.default\">\n\t\t\t\t<div class=\"elementor-widget-container\">\n\t\t\t\t\t\t\t<div class=\"elementor-spacer\">\n\t\t\t<div class=\"elementor-spacer-inner\"><\/div>\n\t\t<\/div>\n\t\t\t\t\t\t<\/div>\n\t\t\t\t<\/div>\n\t\t\t\t<\/div>\n\t\t\t\t\t<\/div>\n\t\t\t\t<\/div>\n\t\t\t\t<\/div>","protected":false},"excerpt":{"rendered":"<p>Contract Manufacturing Services LANDU er en globalt anerkjent leder innen celluloseteknologitjenester, og spesialiserer seg p\u00e5 globale tekniske l\u00f8sninger. Optimaliserte kontraktsproduksjonstjenester for kosttilskudd Er du p\u00e5 jakt etter en produksjonspartner for din neste innovasjon? V\u00e5rt team for tekniske tjenester st\u00e5r klare til \u00e5 hjelpe deg, enten du \u00f8nsker \u00e5 lansere et nytt pulver [...]<\/p>","protected":false},"author":1,"featured_media":0,"parent":0,"menu_order":0,"comment_status":"closed","ping_status":"closed","template":"elementor_header_footer","meta":{"footnotes":""},"class_list":["post-410","page","type-page","status-publish","hentry"],"_links":{"self":[{"href":"https:\/\/landu-china.com\/nb\/wp-json\/wp\/v2\/pages\/410","targetHints":{"allow":["GET"]}}],"collection":[{"href":"https:\/\/landu-china.com\/nb\/wp-json\/wp\/v2\/pages"}],"about":[{"href":"https:\/\/landu-china.com\/nb\/wp-json\/wp\/v2\/types\/page"}],"author":[{"embeddable":true,"href":"https:\/\/landu-china.com\/nb\/wp-json\/wp\/v2\/users\/1"}],"replies":[{"embeddable":true,"href":"https:\/\/landu-china.com\/nb\/wp-json\/wp\/v2\/comments?post=410"}],"version-history":[{"count":19,"href":"https:\/\/landu-china.com\/nb\/wp-json\/wp\/v2\/pages\/410\/revisions"}],"predecessor-version":[{"id":22908,"href":"https:\/\/landu-china.com\/nb\/wp-json\/wp\/v2\/pages\/410\/revisions\/22908"}],"wp:attachment":[{"href":"https:\/\/landu-china.com\/nb\/wp-json\/wp\/v2\/media?parent=410"}],"curies":[{"name":"wp","href":"https:\/\/api.w.org\/{rel}","templated":true}]}}