{"id":13638,"date":"2024-10-21T09:24:03","date_gmt":"2024-10-21T01:24:03","guid":{"rendered":"https:\/\/landu-china.com\/?page_id=13638"},"modified":"2024-11-14T14:35:40","modified_gmt":"2024-11-14T06:35:40","slug":"mennesker-var-forpliktelse-til-omsorg","status":"publish","type":"page","link":"https:\/\/landu-china.com\/nb\/baerekraft\/mennesker-var-forpliktelse-til-omsorg\/","title":{"rendered":"Mennesker: V\u00e5r forpliktelse til omsorg"},"content":{"rendered":"<div data-elementor-type=\"wp-page\" data-elementor-id=\"13638\" class=\"elementor elementor-13638\" data-elementor-post-type=\"page\">\n\t\t\t\t<div class=\"elementor-element elementor-element-f81d54a e-con-full e-flex e-con e-parent\" data-id=\"f81d54a\" data-element_type=\"container\" data-settings=\"{&quot;background_background&quot;:&quot;classic&quot;,&quot;ekit_has_onepagescroll_dot&quot;:&quot;yes&quot;}\">\n\t\t\t\t<div class=\"elementor-element elementor-element-b3a9adb elementor-widget elementor-widget-heading\" data-id=\"b3a9adb\" data-element_type=\"widget\" data-settings=\"{&quot;ekit_we_effect_on&quot;:&quot;none&quot;}\" data-widget_type=\"heading.default\">\n\t\t\t\t<div class=\"elementor-widget-container\">\n\t\t\t\t\t<h2 class=\"elementor-heading-title elementor-size-default\">Mennesker: V\u00e5r forpliktelse til omsorg<\/h2>\t\t\t\t<\/div>\n\t\t\t\t<\/div>\n\t\t\t\t<div class=\"elementor-element elementor-element-833d792 elementor-widget__width-initial elementor-widget elementor-widget-text-editor\" data-id=\"833d792\" data-element_type=\"widget\" data-settings=\"{&quot;ekit_we_effect_on&quot;:&quot;none&quot;}\" data-widget_type=\"text-editor.default\">\n\t\t\t\t<div class=\"elementor-widget-container\">\n\t\t\t\t\t\t\t\t\t<p>LANDU bruker fornybare materialer til \u00e5 skape b\u00e6rekraftige, innovative produkter som reduserer karbonavtrykket. Vi samarbeider med interessenter for \u00e5 drive utviklingen fremover og sikre en tryggere og mer b\u00e6rekraftig fremtid for alle.<\/p>\t\t\t\t\t\t\t\t<\/div>\n\t\t\t\t<\/div>\n\t\t\t\t<\/div>\n\t\t<div class=\"elementor-element elementor-element-cf4b4d3 e-flex e-con-boxed e-con e-parent\" data-id=\"cf4b4d3\" data-element_type=\"container\" data-settings=\"{&quot;background_background&quot;:&quot;classic&quot;,&quot;ekit_has_onepagescroll_dot&quot;:&quot;yes&quot;}\">\n\t\t\t\t\t<div class=\"e-con-inner\">\n\t\t<div class=\"elementor-element elementor-element-ec8f33f e-flex e-con-boxed e-con e-child\" data-id=\"ec8f33f\" data-element_type=\"container\" data-settings=\"{&quot;background_background&quot;:&quot;classic&quot;,&quot;ekit_has_onepagescroll_dot&quot;:&quot;yes&quot;}\">\n\t\t\t\t\t<div class=\"e-con-inner\">\n\t\t\t\t<div class=\"elementor-element elementor-element-17b78e6 elementor-widget elementor-widget-image\" data-id=\"17b78e6\" data-element_type=\"widget\" data-settings=\"{&quot;ekit_we_effect_on&quot;:&quot;none&quot;}\" data-widget_type=\"image.default\">\n\t\t\t\t<div class=\"elementor-widget-container\">\n\t\t\t\t\t\t\t\t\t\t\t\t\t\t\t<img fetchpriority=\"high\" decoding=\"async\" width=\"800\" height=\"533\" src=\"https:\/\/landu-china.com\/wp-content\/uploads\/2024\/06\/smiling-female-construction-worker-in-protective-helmet-standing-against-on-construction-background-1024x682-1.webp\" class=\"attachment-large size-large wp-image-150\" alt=\"\" srcset=\"https:\/\/landu-china.com\/wp-content\/uploads\/2024\/06\/smiling-female-construction-worker-in-protective-helmet-standing-against-on-construction-background-1024x682-1.webp 1024w, https:\/\/landu-china.com\/wp-content\/uploads\/2024\/06\/smiling-female-construction-worker-in-protective-helmet-standing-against-on-construction-background-1024x682-1-300x200.webp 300w, https:\/\/landu-china.com\/wp-content\/uploads\/2024\/06\/smiling-female-construction-worker-in-protective-helmet-standing-against-on-construction-background-1024x682-1-768x512.webp 768w\" sizes=\"(max-width: 800px) 100vw, 800px\" \/>\t\t\t\t\t\t\t\t\t\t\t\t\t\t\t<\/div>\n\t\t\t\t<\/div>\n\t\t\t\t<div class=\"elementor-element elementor-element-b7c6449 elementor-widget elementor-widget-heading\" data-id=\"b7c6449\" data-element_type=\"widget\" data-settings=\"{&quot;ekit_we_effect_on&quot;:&quot;none&quot;}\" data-widget_type=\"heading.default\">\n\t\t\t\t<div class=\"elementor-widget-container\">\n\t\t\t\t\t<h2 class=\"elementor-heading-title elementor-size-default\">Sikkerhet f\u00f8rst: V\u00e5r prioritet<\/h2>\t\t\t\t<\/div>\n\t\t\t\t<\/div>\n\t\t\t\t<div class=\"elementor-element elementor-element-ee440e9 elementor-widget elementor-widget-text-editor\" data-id=\"ee440e9\" data-element_type=\"widget\" data-settings=\"{&quot;ekit_we_effect_on&quot;:&quot;none&quot;}\" data-widget_type=\"text-editor.default\">\n\t\t\t\t<div class=\"elementor-widget-container\">\n\t\t\t\t\t\t\t\t\t<p>Et trygt og sunt arbeidsmilj\u00f8 er avgj\u00f8rende for \u00e5 sikre b\u00e6rekraftig forretningsdrift og er en forutsetning for \u00e5 tiltrekke seg proaktive, h\u00f8yt kvalifiserte talenter.<\/p>\t\t\t\t\t\t\t\t<\/div>\n\t\t\t\t<\/div>\n\t\t\t\t<div class=\"elementor-element elementor-element-5a43c80 elementor-widget elementor-widget-button\" data-id=\"5a43c80\" data-element_type=\"widget\" data-settings=\"{&quot;ekit_we_effect_on&quot;:&quot;none&quot;}\" data-widget_type=\"button.default\">\n\t\t\t\t<div class=\"elementor-widget-container\">\n\t\t\t\t\t\t\t\t\t<div class=\"elementor-button-wrapper\">\n\t\t\t\t\t<a class=\"elementor-button elementor-button-link elementor-size-sm\" href=\"https:\/\/landu-china.com\/nb\/samarbeid-med-de-ansatte\/\" target=\"_blank\">\n\t\t\t\t\t\t<span class=\"elementor-button-content-wrapper\">\n\t\t\t\t\t\t<span class=\"elementor-button-icon\">\n\t\t\t\t<svg aria-hidden=\"true\" class=\"e-font-icon-svg e-fas-angle-right\" viewbox=\"0 0 256 512\" xmlns=\"http:\/\/www.w3.org\/2000\/svg\"><path d=\"M224.3 273l-136 136c-9.4 9.4-24.6 9.4-33.9 0l-22.6-22.6c-9.4-9.4-9.4-24.6 0-33.9l96.4-96.4-96.4-96.4c-9.4-9.4-9.4-24.6 0-33.9L54.3 103c9.4-9.4 24.6-9.4 33.9 0l136 136c9.5 9.4 9.5 24.6.1 34z\"><\/path><\/svg>\t\t\t<\/span>\n\t\t\t\t\t\t\t\t\t<span class=\"elementor-button-text\"> L\u00e6r mer<\/span>\n\t\t\t\t\t<\/span>\n\t\t\t\t\t<\/a>\n\t\t\t\t<\/div>\n\t\t\t\t\t\t\t\t<\/div>\n\t\t\t\t<\/div>\n\t\t\t\t\t<\/div>\n\t\t\t\t<\/div>\n\t\t<div class=\"elementor-element elementor-element-e581fca e-flex e-con-boxed e-con e-child\" data-id=\"e581fca\" data-element_type=\"container\" data-settings=\"{&quot;background_background&quot;:&quot;classic&quot;,&quot;ekit_has_onepagescroll_dot&quot;:&quot;yes&quot;}\">\n\t\t\t\t\t<div class=\"e-con-inner\">\n\t\t\t\t<div class=\"elementor-element elementor-element-3a52850 elementor-widget elementor-widget-image\" data-id=\"3a52850\" data-element_type=\"widget\" data-settings=\"{&quot;ekit_we_effect_on&quot;:&quot;none&quot;}\" data-widget_type=\"image.default\">\n\t\t\t\t<div class=\"elementor-widget-container\">\n\t\t\t\t\t\t\t\t\t\t\t\t\t\t\t<img decoding=\"async\" width=\"800\" height=\"534\" src=\"https:\/\/landu-china.com\/wp-content\/uploads\/2024\/06\/business-people-smiling-in-office-seen-through-glass-1024x683-1.webp\" class=\"attachment-large size-large wp-image-156\" alt=\"\" srcset=\"https:\/\/landu-china.com\/wp-content\/uploads\/2024\/06\/business-people-smiling-in-office-seen-through-glass-1024x683-1.webp 1024w, https:\/\/landu-china.com\/wp-content\/uploads\/2024\/06\/business-people-smiling-in-office-seen-through-glass-1024x683-1-300x200.webp 300w, https:\/\/landu-china.com\/wp-content\/uploads\/2024\/06\/business-people-smiling-in-office-seen-through-glass-1024x683-1-768x512.webp 768w\" sizes=\"(max-width: 800px) 100vw, 800px\" \/>\t\t\t\t\t\t\t\t\t\t\t\t\t\t\t<\/div>\n\t\t\t\t<\/div>\n\t\t\t\t<div class=\"elementor-element elementor-element-638bdb7 elementor-widget elementor-widget-heading\" data-id=\"638bdb7\" data-element_type=\"widget\" data-settings=\"{&quot;ekit_we_effect_on&quot;:&quot;none&quot;}\" data-widget_type=\"heading.default\">\n\t\t\t\t<div class=\"elementor-widget-container\">\n\t\t\t\t\t<h2 class=\"elementor-heading-title elementor-size-default\">Sterk bedriftskultur: V\u00e5rt fundament<\/h2>\t\t\t\t<\/div>\n\t\t\t\t<\/div>\n\t\t\t\t<div class=\"elementor-element elementor-element-f4f58b5 elementor-widget elementor-widget-text-editor\" data-id=\"f4f58b5\" data-element_type=\"widget\" data-settings=\"{&quot;ekit_we_effect_on&quot;:&quot;none&quot;}\" data-widget_type=\"text-editor.default\">\n\t\t\t\t<div class=\"elementor-widget-container\">\n\t\t\t\t\t\t\t\t\t<p>Vi \u00f8nsker at bedriftskulturen v\u00e5r skal v\u00e6re preget av en sterk markedsorientering, kontinuerlig innovasjon og evnen til \u00e5 omfavne og drive frem endringer.<\/p>\t\t\t\t\t\t\t\t<\/div>\n\t\t\t\t<\/div>\n\t\t\t\t<div class=\"elementor-element elementor-element-9ca4361 elementor-widget elementor-widget-button\" data-id=\"9ca4361\" data-element_type=\"widget\" data-settings=\"{&quot;ekit_we_effect_on&quot;:&quot;none&quot;}\" data-widget_type=\"button.default\">\n\t\t\t\t<div class=\"elementor-widget-container\">\n\t\t\t\t\t\t\t\t\t<div class=\"elementor-button-wrapper\">\n\t\t\t\t\t<a class=\"elementor-button elementor-button-link elementor-size-sm\" href=\"https:\/\/landu-china.com\/nb\/vokse-og-innovere\/\" target=\"_blank\">\n\t\t\t\t\t\t<span class=\"elementor-button-content-wrapper\">\n\t\t\t\t\t\t<span class=\"elementor-button-icon\">\n\t\t\t\t<svg aria-hidden=\"true\" class=\"e-font-icon-svg e-fas-angle-right\" viewbox=\"0 0 256 512\" xmlns=\"http:\/\/www.w3.org\/2000\/svg\"><path d=\"M224.3 273l-136 136c-9.4 9.4-24.6 9.4-33.9 0l-22.6-22.6c-9.4-9.4-9.4-24.6 0-33.9l96.4-96.4-96.4-96.4c-9.4-9.4-9.4-24.6 0-33.9L54.3 103c9.4-9.4 24.6-9.4 33.9 0l136 136c9.5 9.4 9.5 24.6.1 34z\"><\/path><\/svg>\t\t\t<\/span>\n\t\t\t\t\t\t\t\t\t<span class=\"elementor-button-text\"> L\u00e6r mer<\/span>\n\t\t\t\t\t<\/span>\n\t\t\t\t\t<\/a>\n\t\t\t\t<\/div>\n\t\t\t\t\t\t\t\t<\/div>\n\t\t\t\t<\/div>\n\t\t\t\t\t<\/div>\n\t\t\t\t<\/div>\n\t\t<div class=\"elementor-element elementor-element-dd550b6 e-flex e-con-boxed e-con e-child\" data-id=\"dd550b6\" data-element_type=\"container\" data-settings=\"{&quot;background_background&quot;:&quot;classic&quot;,&quot;ekit_has_onepagescroll_dot&quot;:&quot;yes&quot;}\">\n\t\t\t\t\t<div class=\"e-con-inner\">\n\t\t\t\t<div class=\"elementor-element elementor-element-ad08bfd elementor-widget elementor-widget-image\" data-id=\"ad08bfd\" data-element_type=\"widget\" data-settings=\"{&quot;ekit_we_effect_on&quot;:&quot;none&quot;}\" data-widget_type=\"image.default\">\n\t\t\t\t<div class=\"elementor-widget-container\">\n\t\t\t\t\t\t\t\t\t\t\t\t\t\t\t<img decoding=\"async\" width=\"800\" height=\"533\" src=\"https:\/\/landu-china.com\/wp-content\/uploads\/2024\/06\/happy-couple-handshaking-with-their-financial-advisor-in-the-office-1024x682-1.webp\" class=\"attachment-large size-large wp-image-147\" alt=\"\" srcset=\"https:\/\/landu-china.com\/wp-content\/uploads\/2024\/06\/happy-couple-handshaking-with-their-financial-advisor-in-the-office-1024x682-1.webp 1024w, https:\/\/landu-china.com\/wp-content\/uploads\/2024\/06\/happy-couple-handshaking-with-their-financial-advisor-in-the-office-1024x682-1-300x200.webp 300w, https:\/\/landu-china.com\/wp-content\/uploads\/2024\/06\/happy-couple-handshaking-with-their-financial-advisor-in-the-office-1024x682-1-768x512.webp 768w\" sizes=\"(max-width: 800px) 100vw, 800px\" \/>\t\t\t\t\t\t\t\t\t\t\t\t\t\t\t<\/div>\n\t\t\t\t<\/div>\n\t\t\t\t<div class=\"elementor-element elementor-element-38f5569 elementor-widget elementor-widget-heading\" data-id=\"38f5569\" data-element_type=\"widget\" data-settings=\"{&quot;ekit_we_effect_on&quot;:&quot;none&quot;}\" data-widget_type=\"heading.default\">\n\t\t\t\t<div class=\"elementor-widget-container\">\n\t\t\t\t\t<h2 class=\"elementor-heading-title elementor-size-default\">Etikk og varsling: Kjerneintegritet<\/h2>\t\t\t\t<\/div>\n\t\t\t\t<\/div>\n\t\t\t\t<div class=\"elementor-element elementor-element-0f5d9f3 elementor-widget elementor-widget-text-editor\" data-id=\"0f5d9f3\" data-element_type=\"widget\" data-settings=\"{&quot;ekit_we_effect_on&quot;:&quot;none&quot;}\" data-widget_type=\"text-editor.default\">\n\t\t\t\t<div class=\"elementor-widget-container\">\n\t\t\t\t\t\t\t\t\t<p>Vi er forpliktet til aktivt \u00e5 opprettholde en kultur preget av stor \u00e5penhet, gjennomsiktighet, sterke etiske standarder og solide rapporteringsrutiner.<\/p>\t\t\t\t\t\t\t\t<\/div>\n\t\t\t\t<\/div>\n\t\t\t\t<div class=\"elementor-element elementor-element-ddc99bd elementor-widget elementor-widget-button\" data-id=\"ddc99bd\" data-element_type=\"widget\" data-settings=\"{&quot;ekit_we_effect_on&quot;:&quot;none&quot;}\" data-widget_type=\"button.default\">\n\t\t\t\t<div class=\"elementor-widget-container\">\n\t\t\t\t\t\t\t\t\t<div class=\"elementor-button-wrapper\">\n\t\t\t\t\t<a class=\"elementor-button elementor-button-link elementor-size-sm\" href=\"https:\/\/landu-china.com\/nb\/integritet-i-praksis\/\" target=\"_blank\">\n\t\t\t\t\t\t<span class=\"elementor-button-content-wrapper\">\n\t\t\t\t\t\t<span class=\"elementor-button-icon\">\n\t\t\t\t<svg aria-hidden=\"true\" class=\"e-font-icon-svg e-fas-angle-right\" viewbox=\"0 0 256 512\" xmlns=\"http:\/\/www.w3.org\/2000\/svg\"><path d=\"M224.3 273l-136 136c-9.4 9.4-24.6 9.4-33.9 0l-22.6-22.6c-9.4-9.4-9.4-24.6 0-33.9l96.4-96.4-96.4-96.4c-9.4-9.4-9.4-24.6 0-33.9L54.3 103c9.4-9.4 24.6-9.4 33.9 0l136 136c9.5 9.4 9.5 24.6.1 34z\"><\/path><\/svg>\t\t\t<\/span>\n\t\t\t\t\t\t\t\t\t<span class=\"elementor-button-text\"> L\u00e6r mer<\/span>\n\t\t\t\t\t<\/span>\n\t\t\t\t\t<\/a>\n\t\t\t\t<\/div>\n\t\t\t\t\t\t\t\t<\/div>\n\t\t\t\t<\/div>\n\t\t\t\t\t<\/div>\n\t\t\t\t<\/div>\n\t\t\t\t\t<\/div>\n\t\t\t\t<\/div>\n\t\t\t\t<\/div>","protected":false},"excerpt":{"rendered":"<p>Mennesker: V\u00e5r forpliktelse til omsorg LANDU bruker fornybare materialer for \u00e5 skape b\u00e6rekraftige, innovative produkter som reduserer karbonavtrykket. Vi samarbeider med interessenter for \u00e5 drive utviklingen fremover og sikre en tryggere og mer b\u00e6rekraftig fremtid for alle. Sikkerheten f\u00f8rst: V\u00e5r prioritet Et trygt og sunt arbeidsmilj\u00f8 er avgj\u00f8rende for \u00e5 sikre en b\u00e6rekraftig forretningsdrift og er en forutsetning for [...].<\/p>","protected":false},"author":1,"featured_media":0,"parent":137,"menu_order":0,"comment_status":"closed","ping_status":"closed","template":"elementor_header_footer","meta":{"footnotes":""},"class_list":["post-13638","page","type-page","status-publish","hentry"],"_links":{"self":[{"href":"https:\/\/landu-china.com\/nb\/wp-json\/wp\/v2\/pages\/13638","targetHints":{"allow":["GET"]}}],"collection":[{"href":"https:\/\/landu-china.com\/nb\/wp-json\/wp\/v2\/pages"}],"about":[{"href":"https:\/\/landu-china.com\/nb\/wp-json\/wp\/v2\/types\/page"}],"author":[{"embeddable":true,"href":"https:\/\/landu-china.com\/nb\/wp-json\/wp\/v2\/users\/1"}],"replies":[{"embeddable":true,"href":"https:\/\/landu-china.com\/nb\/wp-json\/wp\/v2\/comments?post=13638"}],"version-history":[{"count":16,"href":"https:\/\/landu-china.com\/nb\/wp-json\/wp\/v2\/pages\/13638\/revisions"}],"predecessor-version":[{"id":19460,"href":"https:\/\/landu-china.com\/nb\/wp-json\/wp\/v2\/pages\/13638\/revisions\/19460"}],"up":[{"embeddable":true,"href":"https:\/\/landu-china.com\/nb\/wp-json\/wp\/v2\/pages\/137"}],"wp:attachment":[{"href":"https:\/\/landu-china.com\/nb\/wp-json\/wp\/v2\/media?parent=13638"}],"curies":[{"name":"wp","href":"https:\/\/api.w.org\/{rel}","templated":true}]}}