{"id":17109,"date":"2024-10-31T13:21:01","date_gmt":"2024-10-31T05:21:01","guid":{"rendered":"https:\/\/landu-china.com\/?page_id=17109"},"modified":"2024-11-08T14:17:05","modified_gmt":"2024-11-08T06:17:05","slug":"krasas-nonemejs","status":"publish","type":"page","link":"https:\/\/landu-china.com\/lv\/tirgi\/vairak-tirgu\/krasas-nonemejs\/","title":{"rendered":"Kr\u0101sas no\u0146em\u0161anas l\u012bdzeklis"},"content":{"rendered":"<div data-elementor-type=\"wp-page\" data-elementor-id=\"17109\" class=\"elementor elementor-17109\" data-elementor-post-type=\"page\">\n\t\t\t\t<div class=\"elementor-element elementor-element-f81d54a e-flex e-con-boxed e-con e-parent\" data-id=\"f81d54a\" data-element_type=\"container\" data-settings=\"{&quot;background_background&quot;:&quot;classic&quot;,&quot;ekit_has_onepagescroll_dot&quot;:&quot;yes&quot;}\">\n\t\t\t\t\t<div class=\"e-con-inner\">\n\t\t\t\t<div class=\"elementor-element elementor-element-b3a9adb elementor-widget elementor-widget-heading\" data-id=\"b3a9adb\" data-element_type=\"widget\" data-settings=\"{&quot;ekit_we_effect_on&quot;:&quot;none&quot;}\" data-widget_type=\"heading.default\">\n\t\t\t\t<div class=\"elementor-widget-container\">\n\t\t\t\t\t<h1 class=\"elementor-heading-title elementor-size-default\">Kr\u0101sas no\u0146em\u0161anas l\u012bdzeklis<\/h1>\t\t\t\t<\/div>\n\t\t\t\t<\/div>\n\t\t\t\t\t<\/div>\n\t\t\t\t<\/div>\n\t\t\t\t<section class=\"elementor-section elementor-top-section elementor-element elementor-element-33b5d928 elementor-section-content-middle elementor-section-boxed elementor-section-height-default elementor-section-height-default\" data-id=\"33b5d928\" data-element_type=\"section\" data-settings=\"{&quot;ekit_has_onepagescroll_dot&quot;:&quot;yes&quot;}\">\n\t\t\t\t\t\t<div class=\"elementor-container elementor-column-gap-default\">\n\t\t\t\t\t<div class=\"elementor-column elementor-col-50 elementor-top-column elementor-element elementor-element-6770edaa\" data-id=\"6770edaa\" data-element_type=\"column\" data-settings=\"{&quot;background_background&quot;:&quot;classic&quot;}\">\n\t\t\t<div class=\"elementor-widget-wrap elementor-element-populated\">\n\t\t\t\t\t\t<div class=\"elementor-element elementor-element-273d1d47 elementor-widget elementor-widget-heading\" data-id=\"273d1d47\" data-element_type=\"widget\" data-settings=\"{&quot;ekit_we_effect_on&quot;:&quot;none&quot;}\" data-widget_type=\"heading.default\">\n\t\t\t\t<div class=\"elementor-widget-container\">\n\t\t\t\t\t<h2 class=\"elementor-heading-title elementor-size-default\">Celuloze kr\u0101sas no\u0146\u0113m\u0113j\u0101<\/h2>\t\t\t\t<\/div>\n\t\t\t\t<\/div>\n\t\t\t\t<div class=\"elementor-element elementor-element-1cc7c8b elementor-widget-divider--view-line elementor-widget elementor-widget-divider\" data-id=\"1cc7c8b\" data-element_type=\"widget\" data-settings=\"{&quot;ekit_we_effect_on&quot;:&quot;none&quot;}\" data-widget_type=\"divider.default\">\n\t\t\t\t<div class=\"elementor-widget-container\">\n\t\t\t\t\t\t\t<div class=\"elementor-divider\">\n\t\t\t<span class=\"elementor-divider-separator\">\n\t\t\t\t\t\t<\/span>\n\t\t<\/div>\n\t\t\t\t\t\t<\/div>\n\t\t\t\t<\/div>\n\t\t\t\t<div class=\"elementor-element elementor-element-2a0c8c18 elementor-widget elementor-widget-text-editor\" data-id=\"2a0c8c18\" data-element_type=\"widget\" data-settings=\"{&quot;ekit_we_effect_on&quot;:&quot;none&quot;}\" data-widget_type=\"text-editor.default\">\n\t\t\t\t<div class=\"elementor-widget-container\">\n\t\t\t\t\t\t\t\t\t<p>Celulozi aizvien bie\u017e\u0101k izmanto kr\u0101su no\u0146\u0113m\u0113jos, jo t\u0101 efekt\u012bvi sabiezina un veido pl\u0113vi. Iek\u013caujot celulozi kr\u0101sas no\u0146em\u0161anas sast\u0101vos, t\u0101 pal\u012bdz izveidot \u017eelejveida konsistenci, kas piegu\u013c virsm\u0101m. Tas \u013cauj no\u0146\u0113m\u0113jiem efekt\u012bv\u0101k iek\u013c\u016bt un iz\u0161\u0137\u012bdin\u0101t da\u017e\u0101da veida p\u0101rkl\u0101jumus. T\u0101s sp\u0113ja uzlabot kr\u0101su no\u0146\u0113m\u0113ju visp\u0101r\u0113jo veiktsp\u0113ju, vienlaikus samazinot risku vesel\u012bbai un videi, padara celulozi par v\u0113rt\u012bgu sast\u0101vda\u013cu kr\u0101su no\u0146em\u0161anas l\u012bdzek\u013cos.<\/p>\t\t\t\t\t\t\t\t<\/div>\n\t\t\t\t<\/div>\n\t\t\t\t\t<\/div>\n\t\t<\/div>\n\t\t\t\t<div class=\"elementor-column elementor-col-50 elementor-top-column elementor-element elementor-element-3b9ee209\" data-id=\"3b9ee209\" data-element_type=\"column\" data-settings=\"{&quot;background_background&quot;:&quot;classic&quot;}\">\n\t\t\t<div class=\"elementor-widget-wrap elementor-element-populated\">\n\t\t\t\t\t\t<div class=\"elementor-element elementor-element-2fa1bda elementor-widget elementor-widget-spacer\" data-id=\"2fa1bda\" data-element_type=\"widget\" data-settings=\"{&quot;ekit_we_effect_on&quot;:&quot;none&quot;}\" data-widget_type=\"spacer.default\">\n\t\t\t\t<div class=\"elementor-widget-container\">\n\t\t\t\t\t\t\t<div class=\"elementor-spacer\">\n\t\t\t<div class=\"elementor-spacer-inner\"><\/div>\n\t\t<\/div>\n\t\t\t\t\t\t<\/div>\n\t\t\t\t<\/div>\n\t\t\t\t\t<\/div>\n\t\t<\/div>\n\t\t\t\t\t<\/div>\n\t\t<\/section>\n\t\t\t\t<section class=\"elementor-section elementor-top-section elementor-element elementor-element-fb9d0b1 elementor-section-content-middle elementor-section-boxed elementor-section-height-default elementor-section-height-default\" data-id=\"fb9d0b1\" data-element_type=\"section\" data-settings=\"{&quot;ekit_has_onepagescroll_dot&quot;:&quot;yes&quot;}\">\n\t\t\t\t\t\t<div class=\"elementor-container elementor-column-gap-default\">\n\t\t\t\t\t<div class=\"elementor-column elementor-col-50 elementor-top-column elementor-element elementor-element-f1349db\" data-id=\"f1349db\" data-element_type=\"column\" data-settings=\"{&quot;background_background&quot;:&quot;classic&quot;}\">\n\t\t\t<div class=\"elementor-widget-wrap elementor-element-populated\">\n\t\t\t\t\t\t<div class=\"elementor-element elementor-element-40fc989 elementor-widget elementor-widget-spacer\" data-id=\"40fc989\" data-element_type=\"widget\" data-settings=\"{&quot;ekit_we_effect_on&quot;:&quot;none&quot;}\" data-widget_type=\"spacer.default\">\n\t\t\t\t<div class=\"elementor-widget-container\">\n\t\t\t\t\t\t\t<div class=\"elementor-spacer\">\n\t\t\t<div class=\"elementor-spacer-inner\"><\/div>\n\t\t<\/div>\n\t\t\t\t\t\t<\/div>\n\t\t\t\t<\/div>\n\t\t\t\t\t<\/div>\n\t\t<\/div>\n\t\t\t\t<div class=\"elementor-column elementor-col-50 elementor-top-column elementor-element elementor-element-1437cd1\" data-id=\"1437cd1\" data-element_type=\"column\" data-settings=\"{&quot;background_background&quot;:&quot;classic&quot;}\">\n\t\t\t<div class=\"elementor-widget-wrap elementor-element-populated\">\n\t\t\t\t\t\t<div class=\"elementor-element elementor-element-80ce6bf elementor-widget elementor-widget-heading\" data-id=\"80ce6bf\" data-element_type=\"widget\" data-settings=\"{&quot;ekit_we_effect_on&quot;:&quot;none&quot;}\" data-widget_type=\"heading.default\">\n\t\t\t\t<div class=\"elementor-widget-container\">\n\t\t\t\t\t<h2 class=\"elementor-heading-title elementor-size-default\">Sasniedziet izcilus rezult\u0101tus ar LANDU uzlabotaj\u0101m kr\u0101su no\u0146\u0113m\u0113ju piedev\u0101m<\/h2>\t\t\t\t<\/div>\n\t\t\t\t<\/div>\n\t\t\t\t<div class=\"elementor-element elementor-element-8f00e23 elementor-widget-divider--view-line elementor-widget elementor-widget-divider\" data-id=\"8f00e23\" data-element_type=\"widget\" data-settings=\"{&quot;ekit_we_effect_on&quot;:&quot;none&quot;}\" data-widget_type=\"divider.default\">\n\t\t\t\t<div class=\"elementor-widget-container\">\n\t\t\t\t\t\t\t<div class=\"elementor-divider\">\n\t\t\t<span class=\"elementor-divider-separator\">\n\t\t\t\t\t\t<\/span>\n\t\t<\/div>\n\t\t\t\t\t\t<\/div>\n\t\t\t\t<\/div>\n\t\t\t\t<div class=\"elementor-element elementor-element-71adb2f elementor-widget elementor-widget-text-editor\" data-id=\"71adb2f\" data-element_type=\"widget\" data-settings=\"{&quot;ekit_we_effect_on&quot;:&quot;none&quot;}\" data-widget_type=\"text-editor.default\">\n\t\t\t\t<div class=\"elementor-widget-container\">\n\t\t\t\t\t\t\t\t\t<p>M\u016bsu augstas kvalit\u0101tes produkti, piem\u0113ram, hidroksipropilmetilceluloze (HPMC), nodro\u0161ina izcilas sabiez\u0113\u0161anas un g\u0113la veido\u0161anas \u012bpa\u0161\u012bbas, nodro\u0161inot efekt\u012bvu sa\u0137eri un maksim\u0101lu kr\u0101sas \u0161\u0137\u012bd\u012bbu. Izv\u0113loties LANDU, j\u016bs ne tikai uzlabojat savu kr\u0101sas no\u0146em\u0161anas l\u012bdzek\u013cu veiktsp\u0113ju, bet ar\u012b izmantojat videi draudz\u012bgu risin\u0101jumu, kura priorit\u0101te ir dro\u0161\u012bba un ilgtsp\u0113j\u012bba. Uzlabojiet savus prepar\u0101tus ar LANDU celulozes \u0113teriem un ieg\u016bstiet izcilus rezult\u0101tus, kurus nov\u0113rt\u0113s j\u016bsu klienti!<\/p>\t\t\t\t\t\t\t\t<\/div>\n\t\t\t\t<\/div>\n\t\t\t\t<div class=\"elementor-element elementor-element-3f7ebc2 elementor-widget-elementskit-dual-button-center elementor-widget elementor-widget-elementskit-dual-button\" data-id=\"3f7ebc2\" data-element_type=\"widget\" data-settings=\"{&quot;ekit_we_effect_on&quot;:&quot;none&quot;}\" data-widget_type=\"elementskit-dual-button.default\">\n\t\t\t\t<div class=\"elementor-widget-container\">\n\t\t\t\t\t<div class=\"ekit-wid-con\" >\n                <div class=\"ekit-element-align-wrapper\">\n                    <div class=\"ekit_double_button\">                <a class=\"ekit-double-btn ekit-double-btn-one\" href=\"#elementor-action%3Aaction%3Dpopup%3Aopen%26settings%3DeyJpZCI6IjE1MTkiLCJ0b2dnbGUiOmZhbHNlfQ%3D%3D\">\n                    Produkta TDS lejupiel\u0101de                <\/a>\n            \n            <a class=\"ekit-double-btn ekit-double-btn-two\" href=\"#elementor-action%3Aaction%3Dpopup%3Aopen%26settings%3DeyJpZCI6IjE1MTkiLCJ0b2dnbGUiOmZhbHNlfQ%3D%3D\" target=\"_blank\">\n                    Produkta MSDS Lejupiel\u0101d\u0113t                <\/a>\n                  <\/div>\n                <\/div>\n            <\/div>\t\t\t\t<\/div>\n\t\t\t\t<\/div>\n\t\t\t\t\t<\/div>\n\t\t<\/div>\n\t\t\t\t\t<\/div>\n\t\t<\/section>\n\t\t\t\t<\/div>","protected":false},"excerpt":{"rendered":"<p>Kr\u0101su no\u0146\u0113m\u0113js Celuloze kr\u0101su no\u0146\u0113m\u0113jos Celuloze aizvien bie\u017e\u0101k tiek izmantota kr\u0101su no\u0146\u0113m\u0113jos, pateicoties t\u0101s efekt\u012bvaj\u0101m sabiez\u0113\u0161anas un pl\u0113ves veido\u0161anas \u012bpa\u0161\u012bb\u0101m. Iek\u013caujot celulozi kr\u0101sas no\u0146em\u0161anas l\u012bdzek\u013cos, t\u0101 pal\u012bdz izveidot \u017eelejveida konsistenci, kas pie\u0137eras virsm\u0101m. Tas \u013cauj no\u0146\u0113m\u0113jiem efekt\u012bv\u0101k iek\u013c\u016bt un iz\u0161\u0137\u012bdin\u0101t da\u017e\u0101da veida p\u0101rkl\u0101jumus. T\u0101s sp\u0113ja uzlabot [...]<\/p>","protected":false},"author":1,"featured_media":0,"parent":13080,"menu_order":0,"comment_status":"closed","ping_status":"closed","template":"elementor_header_footer","meta":{"footnotes":""},"class_list":["post-17109","page","type-page","status-publish","hentry"],"_links":{"self":[{"href":"https:\/\/landu-china.com\/lv\/wp-json\/wp\/v2\/pages\/17109","targetHints":{"allow":["GET"]}}],"collection":[{"href":"https:\/\/landu-china.com\/lv\/wp-json\/wp\/v2\/pages"}],"about":[{"href":"https:\/\/landu-china.com\/lv\/wp-json\/wp\/v2\/types\/page"}],"author":[{"embeddable":true,"href":"https:\/\/landu-china.com\/lv\/wp-json\/wp\/v2\/users\/1"}],"replies":[{"embeddable":true,"href":"https:\/\/landu-china.com\/lv\/wp-json\/wp\/v2\/comments?post=17109"}],"version-history":[{"count":16,"href":"https:\/\/landu-china.com\/lv\/wp-json\/wp\/v2\/pages\/17109\/revisions"}],"predecessor-version":[{"id":18876,"href":"https:\/\/landu-china.com\/lv\/wp-json\/wp\/v2\/pages\/17109\/revisions\/18876"}],"up":[{"embeddable":true,"href":"https:\/\/landu-china.com\/lv\/wp-json\/wp\/v2\/pages\/13080"}],"wp:attachment":[{"href":"https:\/\/landu-china.com\/lv\/wp-json\/wp\/v2\/media?parent=17109"}],"curies":[{"name":"wp","href":"https:\/\/api.w.org\/{rel}","templated":true}]}}