{"id":14572,"date":"2024-10-22T15:27:20","date_gmt":"2024-10-22T07:27:20","guid":{"rendered":"https:\/\/landu-china.com\/?page_id=14572"},"modified":"2024-11-07T10:38:11","modified_gmt":"2024-11-07T02:38:11","slug":"personigas-aprupes-majas-ieskats","status":"publish","type":"page","link":"https:\/\/landu-china.com\/lv\/zinu-notikumi\/personigas-aprupes-majas-ieskats\/","title":{"rendered":"Personas un m\u0101jas apr\u016bpes ieskats"},"content":{"rendered":"<div data-elementor-type=\"wp-page\" data-elementor-id=\"14572\" class=\"elementor elementor-14572\" data-elementor-post-type=\"page\">\n\t\t\t\t<div class=\"elementor-element elementor-element-f81d54a e-flex e-con-boxed e-con e-parent\" data-id=\"f81d54a\" data-element_type=\"container\" data-settings=\"{&quot;background_background&quot;:&quot;classic&quot;,&quot;ekit_has_onepagescroll_dot&quot;:&quot;yes&quot;}\">\n\t\t\t\t\t<div class=\"e-con-inner\">\n\t\t\t\t<div class=\"elementor-element elementor-element-b3a9adb elementor-widget__width-initial elementor-widget elementor-widget-heading\" data-id=\"b3a9adb\" data-element_type=\"widget\" data-settings=\"{&quot;ekit_we_effect_on&quot;:&quot;none&quot;}\" data-widget_type=\"heading.default\">\n\t\t\t\t<div class=\"elementor-widget-container\">\n\t\t\t\t\t<h2 class=\"elementor-heading-title elementor-size-default\">Personas un m\u0101jas apr\u016bpes ieskats<\/h2>\t\t\t\t<\/div>\n\t\t\t\t<\/div>\n\t\t\t\t\t<\/div>\n\t\t\t\t<\/div>\n\t\t\t\t<section class=\"elementor-section elementor-top-section elementor-element elementor-element-14f119f elementor-section-full_width elementor-section-height-default elementor-section-height-default\" data-id=\"14f119f\" data-element_type=\"section\" data-settings=\"{&quot;background_background&quot;:&quot;classic&quot;,&quot;ekit_has_onepagescroll_dot&quot;:&quot;yes&quot;}\">\n\t\t\t\t\t\t<div class=\"elementor-container elementor-column-gap-default\">\n\t\t\t\t\t<div class=\"elementor-column elementor-col-100 elementor-top-column elementor-element elementor-element-0d94b74\" data-id=\"0d94b74\" data-element_type=\"column\">\n\t\t\t<div class=\"elementor-widget-wrap elementor-element-populated\">\n\t\t\t\t\t\t<section class=\"elementor-section elementor-inner-section elementor-element elementor-element-32a2a45 elementor-section-boxed elementor-section-height-default elementor-section-height-default\" data-id=\"32a2a45\" data-element_type=\"section\" data-settings=\"{&quot;ekit_has_onepagescroll_dot&quot;:&quot;yes&quot;}\">\n\t\t\t\t\t\t<div class=\"elementor-container elementor-column-gap-default\">\n\t\t\t\t\t<div class=\"elementor-column elementor-col-100 elementor-inner-column elementor-element elementor-element-bc29830\" data-id=\"bc29830\" data-element_type=\"column\">\n\t\t\t<div class=\"elementor-widget-wrap elementor-element-populated\">\n\t\t\t\t\t\t<div class=\"elementor-element elementor-element-2c06974 elementor-widget elementor-widget-elementskit-blog-posts\" data-id=\"2c06974\" data-element_type=\"widget\" data-settings=\"{&quot;ekit_we_effect_on&quot;:&quot;none&quot;}\" data-widget_type=\"elementskit-blog-posts.default\">\n\t\t\t\t<div class=\"elementor-widget-container\">\n\t\t\t\t\t<div class=\"ekit-wid-con\" >\n        <div id=\"post-items--2c06974\" class=\"row post-items ekit-blog-posts-content\" data-enable=\"no\">\n\n\t\t\t<!-- Blog Carousel markup render -->\n\t\t\t\n\n            <div class=\"col-lg-4 col-md-6\">\n\n                                    <div class=\"elementskit-post-image-card\">\n                        <div class=\"elementskit-entry-header\">\n                                                            <a href=\"https:\/\/landu-china.com\/lv\/8-biezak-sastopamas-problemas-un-to-risinajumi-mazgasanas-lidzeklu-sastava-izmantojot-hpmc-biezinataju\/\" class=\"elementskit-entry-thumb\">\n                                    <img decoding=\"async\" src=\"https:\/\/landu-china.com\/wp-content\/uploads\/2024\/11\/a-basket-with-detergents-in-the-hands-of-a-woman-1024x682.jpg\" alt=\"8 bie\u017e\u0101k sastopam\u0101s probl\u0113mas un to risin\u0101jumi mazg\u0101\u0161anas l\u012bdzek\u013ca sast\u0101v\u0101, izmantojot HPMC biezin\u0101t\u0101ju\">\n                                <\/a><!-- .elementskit-entry-thumb END -->\n                                                            \n                                                            <div class=\"elementskit-meta-categories\">\n                                    <span class=\"elementskit-meta-wraper\">\n                                        <span><a href=\"https:\/\/landu-china.com\/lv\/emuars\/\" rel=\"category tag\">Blogs<\/a><\/span><span><a href=\"https:\/\/landu-china.com\/lv\/hpmc\/\" rel=\"category tag\">HPMC<\/a><\/span><span><a href=\"https:\/\/landu-china.com\/lv\/personigas-aprupes-majas-ieskats\/\" rel=\"category tag\">Personas un m\u0101jas apr\u016bpes ieskats<\/a><\/span>\n                                    <\/span>\n                                <\/div>\n                            \n                                                    <\/div><!-- .elementskit-entry-header END -->\n\n                        <div class=\"elementskit-post-body\">\n                            \n                                                                                                                <div class=\"post-meta-list\">\n                                                                                                                        <span class=\"post-cat\">\n\n                                <i aria-hidden=\"true\" class=\"icon icon-folder\"><\/i>\n                                <a href=\"https:\/\/landu-china.com\/lv\/emuars\/\" rel=\"category tag\">Blogs<\/a> | <a href=\"https:\/\/landu-china.com\/lv\/hpmc\/\" rel=\"category tag\">HPMC<\/a> | <a href=\"https:\/\/landu-china.com\/lv\/personigas-aprupes-majas-ieskats\/\" rel=\"category tag\">Personas un m\u0101jas apr\u016bpes ieskats<\/a>                            <\/span>\n                                                                                    <\/div>\n                                                                        \n                                        \n                                                                                                <h2 class=\"entry-title\">\n                    <a href=\"https:\/\/landu-china.com\/lv\/8-biezak-sastopamas-problemas-un-to-risinajumi-mazgasanas-lidzeklu-sastava-izmantojot-hpmc-biezinataju\/\">\n                            8 bie\u017e\u0101k sastopam\u0101s probl\u0113mas un to risin\u0101jumi mazg\u0101\u0161anas l\u012bdzek\u013ca sast\u0101v\u0101, izmantojot HPMC biezin\u0101t\u0101ju                    <\/a>\n                <\/h2>\n                                                                                                                                                                                            <p>Efekt\u012bvu mazg\u0101\u0161anas l\u012bdzek\u013cu sast\u0101d\u012b\u0161anai nepiecie\u0161ama padzi\u013cin\u0101ta izpratne par sast\u0101vda\u013c\u0101m.<\/p>\n                                                                                                                                                        <div class=\"btn-wraper\">\n                                    \n                                                                            <a href=\"https:\/\/landu-china.com\/lv\/8-biezak-sastopamas-problemas-un-to-risinajumi-mazgasanas-lidzeklu-sastava-izmantojot-hpmc-biezinataju\/\" class=\"elementskit-btn  whitespace--normal\" >\n                                                                                    Uzzin\u0101t vair\u0101k                                         <\/a>\n                                                                    <\/div>\n                                                    <\/div><!-- .elementskit-post-body END -->\n                    <\/div>\n                \n            <\/div>\t\t\t\t\n\n            <div class=\"col-lg-4 col-md-6\">\n\n                                    <div class=\"elementskit-post-image-card\">\n                        <div class=\"elementskit-entry-header\">\n                                                            <a href=\"https:\/\/landu-china.com\/lv\/ka-nodrosinat-mazgasanas-lidzeklu-kvalitati-izmantojot-hpmc-ka-biezinataju\/\" class=\"elementskit-entry-thumb\">\n                                    <img decoding=\"async\" src=\"https:\/\/landu-china.com\/wp-content\/uploads\/2024\/11\/detergents-and-a-washcloth-with-fresh-flowers-1024x682.jpg\" alt=\"K\u0101 nodro\u0161in\u0101t kvalit\u0101ti mazg\u0101\u0161anas l\u012bdzek\u013ciem, kuros k\u0101 biezin\u0101t\u0101ju izmanto HPMC\">\n                                <\/a><!-- .elementskit-entry-thumb END -->\n                                                            \n                                                            <div class=\"elementskit-meta-categories\">\n                                    <span class=\"elementskit-meta-wraper\">\n                                        <span><a href=\"https:\/\/landu-china.com\/lv\/emuars\/\" rel=\"category tag\">Blogs<\/a><\/span><span><a href=\"https:\/\/landu-china.com\/lv\/hpmc\/\" rel=\"category tag\">HPMC<\/a><\/span><span><a href=\"https:\/\/landu-china.com\/lv\/personigas-aprupes-majas-ieskats\/\" rel=\"category tag\">Personas un m\u0101jas apr\u016bpes ieskats<\/a><\/span>\n                                    <\/span>\n                                <\/div>\n                            \n                                                    <\/div><!-- .elementskit-entry-header END -->\n\n                        <div class=\"elementskit-post-body\">\n                            \n                                                                                                                <div class=\"post-meta-list\">\n                                                                                                                        <span class=\"post-cat\">\n\n                                <i aria-hidden=\"true\" class=\"icon icon-folder\"><\/i>\n                                <a href=\"https:\/\/landu-china.com\/lv\/emuars\/\" rel=\"category tag\">Blogs<\/a> | <a href=\"https:\/\/landu-china.com\/lv\/hpmc\/\" rel=\"category tag\">HPMC<\/a> | <a href=\"https:\/\/landu-china.com\/lv\/personigas-aprupes-majas-ieskats\/\" rel=\"category tag\">Personas un m\u0101jas apr\u016bpes ieskats<\/a>                            <\/span>\n                                                                                    <\/div>\n                                                                        \n                                        \n                                                                                                <h2 class=\"entry-title\">\n                    <a href=\"https:\/\/landu-china.com\/lv\/ka-nodrosinat-mazgasanas-lidzeklu-kvalitati-izmantojot-hpmc-ka-biezinataju\/\">\n                            K\u0101 nodro\u0161in\u0101t kvalit\u0101ti mazg\u0101\u0161anas l\u012bdzek\u013ciem, kuros k\u0101 biezin\u0101t\u0101ju izmanto HPMC                    <\/a>\n                <\/h2>\n                                                                                                                                                                                            <p>M\u016bsdienu konkur\u0113tsp\u0113j\u012bgaj\u0101 mazg\u0101\u0161anas l\u012bdzek\u013cu tirg\u016b, lai pan\u0101ktu nemain\u012bgu kvalit\u0101ti un atbilstu<\/p>\n                                                                                                                                                        <div class=\"btn-wraper\">\n                                    \n                                                                            <a href=\"https:\/\/landu-china.com\/lv\/ka-nodrosinat-mazgasanas-lidzeklu-kvalitati-izmantojot-hpmc-ka-biezinataju\/\" class=\"elementskit-btn  whitespace--normal\" >\n                                                                                    Uzzin\u0101t vair\u0101k                                         <\/a>\n                                                                    <\/div>\n                                                    <\/div><!-- .elementskit-post-body END -->\n                    <\/div>\n                \n            <\/div>\t\t\t\t\n\n            <div class=\"col-lg-4 col-md-6\">\n\n                                    <div class=\"elementskit-post-image-card\">\n                        <div class=\"elementskit-entry-header\">\n                                                            <a href=\"https:\/\/landu-china.com\/lv\/ka-razot-mazgasanas-lidzeklus-izmantojot-hpmc-ka-biezinataju-pilniga-rokasgramata\/\" class=\"elementskit-entry-thumb\">\n                                    <img decoding=\"async\" src=\"https:\/\/landu-china.com\/wp-content\/uploads\/2024\/11\/eco-bag-bottles-with-detergents-and-cleaning-tools-on-light-background-top-view-1024x682.jpg\" alt=\"K\u0101 ra\u017eot mazg\u0101\u0161anas l\u012bdzek\u013cus, izmantojot HPMC k\u0101 biezin\u0101t\u0101ju: Piln\u012bgs ce\u013cvedis\">\n                                <\/a><!-- .elementskit-entry-thumb END -->\n                                                            \n                                                            <div class=\"elementskit-meta-categories\">\n                                    <span class=\"elementskit-meta-wraper\">\n                                        <span><a href=\"https:\/\/landu-china.com\/lv\/emuars\/\" rel=\"category tag\">Blogs<\/a><\/span><span><a href=\"https:\/\/landu-china.com\/lv\/hpmc\/\" rel=\"category tag\">HPMC<\/a><\/span><span><a href=\"https:\/\/landu-china.com\/lv\/personigas-aprupes-majas-ieskats\/\" rel=\"category tag\">Personas un m\u0101jas apr\u016bpes ieskats<\/a><\/span>\n                                    <\/span>\n                                <\/div>\n                            \n                                                    <\/div><!-- .elementskit-entry-header END -->\n\n                        <div class=\"elementskit-post-body\">\n                            \n                                                                                                                <div class=\"post-meta-list\">\n                                                                                                                        <span class=\"post-cat\">\n\n                                <i aria-hidden=\"true\" class=\"icon icon-folder\"><\/i>\n                                <a href=\"https:\/\/landu-china.com\/lv\/emuars\/\" rel=\"category tag\">Blogs<\/a> | <a href=\"https:\/\/landu-china.com\/lv\/hpmc\/\" rel=\"category tag\">HPMC<\/a> | <a href=\"https:\/\/landu-china.com\/lv\/personigas-aprupes-majas-ieskats\/\" rel=\"category tag\">Personas un m\u0101jas apr\u016bpes ieskats<\/a>                            <\/span>\n                                                                                    <\/div>\n                                                                        \n                                        \n                                                                                                <h2 class=\"entry-title\">\n                    <a href=\"https:\/\/landu-china.com\/lv\/ka-razot-mazgasanas-lidzeklus-izmantojot-hpmc-ka-biezinataju-pilniga-rokasgramata\/\">\n                            K\u0101 ra\u017eot mazg\u0101\u0161anas l\u012bdzek\u013cus, izmantojot HPMC k\u0101 biezin\u0101t\u0101ju: Piln\u012bgs ce\u013cvedis                    <\/a>\n                <\/h2>\n                                                                                                                                                                                            <p>Hidroksipropilmetilceluloze (HPMC) ir daudzpus\u012bgs un videi draudz\u012bgs biezin\u0101t\u0101js, kas pla\u0161i izplat\u012bts<\/p>\n                                                                                                                                                        <div class=\"btn-wraper\">\n                                    \n                                                                            <a href=\"https:\/\/landu-china.com\/lv\/ka-razot-mazgasanas-lidzeklus-izmantojot-hpmc-ka-biezinataju-pilniga-rokasgramata\/\" class=\"elementskit-btn  whitespace--normal\" >\n                                                                                    Uzzin\u0101t vair\u0101k                                         <\/a>\n                                                                    <\/div>\n                                                    <\/div><!-- .elementskit-post-body END -->\n                    <\/div>\n                \n            <\/div>\t\t\t\t\n\n            <div class=\"col-lg-4 col-md-6\">\n\n                                    <div class=\"elementskit-post-image-card\">\n                        <div class=\"elementskit-entry-header\">\n                                                            <a href=\"https:\/\/landu-china.com\/lv\/ekonomiska-skidro-ziepju-un-mazgasanas-lidzeklu-formulas-piedeva\/\" class=\"elementskit-entry-thumb\">\n                                    <img decoding=\"async\" src=\"https:\/\/landu-china.com\/wp-content\/uploads\/2024\/11\/134A9527-1024x678.jpg\" alt=\"Ekonomiskas \u0161\u0137idro ziepju un mazg\u0101\u0161anas l\u012bdzek\u013cu sast\u0101vs - piedeva\">\n                                <\/a><!-- .elementskit-entry-thumb END -->\n                                                            \n                                                            <div class=\"elementskit-meta-categories\">\n                                    <span class=\"elementskit-meta-wraper\">\n                                        <span><a href=\"https:\/\/landu-china.com\/lv\/emuars\/\" rel=\"category tag\">Blogs<\/a><\/span><span><a href=\"https:\/\/landu-china.com\/lv\/personigas-aprupes-majas-ieskats\/\" rel=\"category tag\">Personas un m\u0101jas apr\u016bpes ieskats<\/a><\/span>\n                                    <\/span>\n                                <\/div>\n                            \n                                                    <\/div><!-- .elementskit-entry-header END -->\n\n                        <div class=\"elementskit-post-body\">\n                            \n                                                                                                                <div class=\"post-meta-list\">\n                                                                                                                        <span class=\"post-cat\">\n\n                                <i aria-hidden=\"true\" class=\"icon icon-folder\"><\/i>\n                                <a href=\"https:\/\/landu-china.com\/lv\/emuars\/\" rel=\"category tag\">Blogs<\/a> | <a href=\"https:\/\/landu-china.com\/lv\/personigas-aprupes-majas-ieskats\/\" rel=\"category tag\">Personas un m\u0101jas apr\u016bpes ieskats<\/a>                            <\/span>\n                                                                                    <\/div>\n                                                                        \n                                        \n                                                                                                <h2 class=\"entry-title\">\n                    <a href=\"https:\/\/landu-china.com\/lv\/ekonomiska-skidro-ziepju-un-mazgasanas-lidzeklu-formulas-piedeva\/\">\n                            Ekonomiskas \u0161\u0137idro ziepju un mazg\u0101\u0161anas l\u012bdzek\u013cu sast\u0101vs - piedeva                    <\/a>\n                <\/h2>\n                                                                                                                                                                                            <p>https:\/\/youtu.be\/fZDQmX5ba80?si=IrQMG-pmG4TuxFCb Celulozes \u0113teris ir ide\u0101ls biezin\u0101t\u0101js mazg\u0101\u0161anas l\u012bdzek\u013ciem. Tas palielina produkta<\/p>\n                                                                                                                                                        <div class=\"btn-wraper\">\n                                    \n                                                                            <a href=\"https:\/\/landu-china.com\/lv\/ekonomiska-skidro-ziepju-un-mazgasanas-lidzeklu-formulas-piedeva\/\" class=\"elementskit-btn  whitespace--normal\" >\n                                                                                    Uzzin\u0101t vair\u0101k                                         <\/a>\n                                                                    <\/div>\n                                                    <\/div><!-- .elementskit-post-body END -->\n                    <\/div>\n                \n            <\/div>\t\t\t\t        <\/div>\n        \n        \n                    <div \n            data-ekit-blog-post-style=\"numbered\"\n            class=\"ekit-blog-post-pagination-container ekit-blog-post-pagination-style-numbered\" \n            id=\"post-nagivation--2c06974\">\n                \n            <\/div>\n\n            <\/div>\t\t\t\t<\/div>\n\t\t\t\t<\/div>\n\t\t\t\t\t<\/div>\n\t\t<\/div>\n\t\t\t\t\t<\/div>\n\t\t<\/section>\n\t\t\t\t\t<\/div>\n\t\t<\/div>\n\t\t\t\t\t<\/div>\n\t\t<\/section>\n\t\t\t\t<\/div>","protected":false},"excerpt":{"rendered":"<p>Person\u012bg\u0101s un m\u0101jsaimniec\u012bbas apr\u016bpes ieskats blog\u0101Personal &amp; Home Care Insights Blog | Person\u012bg\u0101s un m\u0101jsaimniec\u012bbas apr\u016bpes ieskats | Person\u012bg\u0101s un m\u0101jsaimniec\u012bbas apr\u016bpes ieskats Ekonomiska \u0161\u0137idro ziepju un mazg\u0101\u0161anas l\u012bdzek\u013cu sast\u0101vs - piedeva https:\/\/youtu.be\/fZDQmX5ba80?si=IrQMG-pmG4TuxFCb Celulozes \u0113teris ir ide\u0101ls biezin\u0101t\u0101js mazg\u0101\u0161anas l\u012bdzek\u013cu lietojumiem. Tas palielina l\u012bdzek\u013ca Izp\u0113t\u012bt vair\u0101k<\/p>","protected":false},"author":1,"featured_media":0,"parent":517,"menu_order":0,"comment_status":"closed","ping_status":"closed","template":"elementor_header_footer","meta":{"footnotes":""},"class_list":["post-14572","page","type-page","status-publish","hentry"],"_links":{"self":[{"href":"https:\/\/landu-china.com\/lv\/wp-json\/wp\/v2\/pages\/14572","targetHints":{"allow":["GET"]}}],"collection":[{"href":"https:\/\/landu-china.com\/lv\/wp-json\/wp\/v2\/pages"}],"about":[{"href":"https:\/\/landu-china.com\/lv\/wp-json\/wp\/v2\/types\/page"}],"author":[{"embeddable":true,"href":"https:\/\/landu-china.com\/lv\/wp-json\/wp\/v2\/users\/1"}],"replies":[{"embeddable":true,"href":"https:\/\/landu-china.com\/lv\/wp-json\/wp\/v2\/comments?post=14572"}],"version-history":[{"count":10,"href":"https:\/\/landu-china.com\/lv\/wp-json\/wp\/v2\/pages\/14572\/revisions"}],"predecessor-version":[{"id":18557,"href":"https:\/\/landu-china.com\/lv\/wp-json\/wp\/v2\/pages\/14572\/revisions\/18557"}],"up":[{"embeddable":true,"href":"https:\/\/landu-china.com\/lv\/wp-json\/wp\/v2\/pages\/517"}],"wp:attachment":[{"href":"https:\/\/landu-china.com\/lv\/wp-json\/wp\/v2\/media?parent=14572"}],"curies":[{"name":"wp","href":"https:\/\/api.w.org\/{rel}","templated":true}]}}