{"id":3768,"date":"2024-07-29T16:25:43","date_gmt":"2024-07-29T08:25:43","guid":{"rendered":"https:\/\/landu-china.com\/?page_id=3768"},"modified":"2024-12-02T09:47:37","modified_gmt":"2024-12-02T01:47:37","slug":"darnaus-vystymosi-tikslu-igyvendinimas","status":"publish","type":"page","link":"https:\/\/landu-china.com\/lt\/darnaus-vystymosi-tikslu-igyvendinimas\/","title":{"rendered":"Darnaus vystymosi tiksl\u0173 \u012fgyvendinimas"},"content":{"rendered":"<div data-elementor-type=\"wp-page\" data-elementor-id=\"3768\" class=\"elementor elementor-3768\" data-elementor-post-type=\"page\">\n\t\t\t\t<div class=\"elementor-element elementor-element-832e259 e-flex e-con-boxed e-con e-parent\" data-id=\"832e259\" data-element_type=\"container\" data-settings=\"{&quot;background_background&quot;:&quot;classic&quot;,&quot;ekit_has_onepagescroll_dot&quot;:&quot;yes&quot;}\">\n\t\t\t\t\t<div class=\"e-con-inner\">\n\t\t\t\t<div class=\"elementor-element elementor-element-f07d774 elementor-widget__width-initial elementor-widget elementor-widget-heading\" data-id=\"f07d774\" data-element_type=\"widget\" data-settings=\"{&quot;ekit_we_effect_on&quot;:&quot;none&quot;}\" data-widget_type=\"heading.default\">\n\t\t\t\t<div class=\"elementor-widget-container\">\n\t\t\t\t\t<h2 class=\"elementor-heading-title elementor-size-default\">Darnaus vystymosi tiksl\u0173 \u012fgyvendinimas<\/h2>\t\t\t\t<\/div>\n\t\t\t\t<\/div>\n\t\t\t\t<div class=\"elementor-element elementor-element-54592e9 elementor-widget__width-initial elementor-widget elementor-widget-text-editor\" data-id=\"54592e9\" data-element_type=\"widget\" data-settings=\"{&quot;ekit_we_effect_on&quot;:&quot;none&quot;}\" data-widget_type=\"text-editor.default\">\n\t\t\t\t<div class=\"elementor-widget-container\">\n\t\t\t\t\t\t\t\t\t<p>Tikime, kad gera chemija yra svarbiausia tvarios visuomen\u0117s klest\u0117jimui ir gerovei.<\/p>\t\t\t\t\t\t\t\t<\/div>\n\t\t\t\t<\/div>\n\t\t\t\t\t<\/div>\n\t\t\t\t<\/div>\n\t\t<div class=\"elementor-element elementor-element-af21400 e-flex e-con-boxed e-con e-parent\" data-id=\"af21400\" data-element_type=\"container\" data-settings=\"{&quot;ekit_has_onepagescroll_dot&quot;:&quot;yes&quot;}\">\n\t\t\t\t\t<div class=\"e-con-inner\">\n\t\t\t\t<div class=\"elementor-element elementor-element-ee22895 elementor-widget elementor-widget-heading\" data-id=\"ee22895\" data-element_type=\"widget\" data-settings=\"{&quot;ekit_we_effect_on&quot;:&quot;none&quot;}\" data-widget_type=\"heading.default\">\n\t\t\t\t<div class=\"elementor-widget-container\">\n\t\t\t\t\t<h2 class=\"elementor-heading-title elementor-size-default\">Am\u017einas i\u0161teklius - tvariai valdomos nat\u016bralios atsinaujinan\u010dios med\u017eiagos<\/h2>\t\t\t\t<\/div>\n\t\t\t\t<\/div>\n\t\t\t\t<div class=\"elementor-element elementor-element-b0428b0 elementor-widget elementor-widget-image\" data-id=\"b0428b0\" data-element_type=\"widget\" data-settings=\"{&quot;ekit_we_effect_on&quot;:&quot;none&quot;}\" data-widget_type=\"image.default\">\n\t\t\t\t<div class=\"elementor-widget-container\">\n\t\t\t\t\t\t\t\t\t\t\t\t\t\t\t<img decoding=\"async\" width=\"55\" height=\"9\" src=\"https:\/\/landu-china.com\/wp-content\/uploads\/2024\/06\/\u8d44\u6e90-1.png\" class=\"attachment-large size-large wp-image-87\" alt=\"\" \/>\t\t\t\t\t\t\t\t\t\t\t\t\t\t\t<\/div>\n\t\t\t\t<\/div>\n\t\t\t\t<div class=\"elementor-element elementor-element-e6c6337 elementor-widget elementor-widget-text-editor\" data-id=\"e6c6337\" data-element_type=\"widget\" data-settings=\"{&quot;ekit_we_effect_on&quot;:&quot;none&quot;}\" data-widget_type=\"text-editor.default\">\n\t\t\t\t<div class=\"elementor-widget-container\">\n\t\t\t\t\t\t\t\t\t<div class=\"elementor-element elementor-element-26d6bf8c elementor-widget__width-initial elementor-widget elementor-widget-text-editor\" data-id=\"26d6bf8c\" data-element_type=\"widget\" data-settings=\"{&quot;ekit_we_effect_on&quot;:&quot;none&quot;}\" data-widget_type=\"text-editor.default\"><div class=\"elementor-widget-container\"><div class=\"elementor-element elementor-element-26d6bf8c elementor-widget__width-initial elementor-widget elementor-widget-text-editor\" data-id=\"26d6bf8c\" data-element_type=\"widget\" data-settings=\"{&quot;ekit_we_effect_on&quot;:&quot;none&quot;}\" data-widget_type=\"text-editor.default\"><div class=\"elementor-widget-container\"><div class=\"elementor-element elementor-element-531d8aa elementor-widget__width-initial elementor-widget elementor-widget-text-editor\" data-id=\"531d8aa\" data-element_type=\"widget\" data-settings=\"{&quot;ekit_we_effect_on&quot;:&quot;none&quot;}\" data-widget_type=\"text-editor.default\"><div class=\"elementor-widget-container\"><p>\u0160iandienin\u0117 karta susiduria su egzistencin\u0117mis gr\u0117sm\u0117mis m\u016bs\u0173 planetai. Klimato kaita, darnus vystymasis ir \u012fsipareigojimas kurti saugesn\u012f ir sveikesn\u012f pasaul\u012f reikalauja nauj\u0173 verslo b\u016bd\u0173. 2019 m. Jungtini\u0173 Taut\u0173 specialiojoje ataskaitoje d\u0117l klimato kaitos ir \u017eem\u0117s parodoma, kad \u017eem\u0117s naudojimas ir mi\u0161kai atlieka lemiam\u0105 vaidmen\u012f siekiant trij\u0173 pagrindini\u0173 tiksl\u0173:<\/p><\/div><\/div><\/div><\/div><\/div><\/div>\t\t\t\t\t\t\t\t<\/div>\n\t\t\t\t<\/div>\n\t\t\t\t\t<\/div>\n\t\t\t\t<\/div>\n\t\t<div class=\"elementor-element elementor-element-212b9e5 e-grid e-con-boxed e-con e-parent\" data-id=\"212b9e5\" data-element_type=\"container\" data-settings=\"{&quot;ekit_has_onepagescroll_dot&quot;:&quot;yes&quot;}\">\n\t\t\t\t\t<div class=\"e-con-inner\">\n\t\t<div class=\"elementor-element elementor-element-2c8a6cb e-con-full e-flex e-con e-child\" data-id=\"2c8a6cb\" data-element_type=\"container\" data-settings=\"{&quot;ekit_has_onepagescroll_dot&quot;:&quot;yes&quot;}\">\n\t\t\t\t<div class=\"elementor-element elementor-element-b61eeca elementor-widget elementor-widget-image\" data-id=\"b61eeca\" data-element_type=\"widget\" data-settings=\"{&quot;ekit_we_effect_on&quot;:&quot;none&quot;}\" data-widget_type=\"image.default\">\n\t\t\t\t<div class=\"elementor-widget-container\">\n\t\t\t\t\t\t\t\t\t\t\t\t\t\t\t<img fetchpriority=\"high\" decoding=\"async\" width=\"800\" height=\"533\" src=\"https:\/\/landu-china.com\/wp-content\/uploads\/2024\/07\/antarctica-wild-nature-landscape-1024x682.webp\" class=\"attachment-large size-large wp-image-3771\" alt=\"\" srcset=\"https:\/\/landu-china.com\/wp-content\/uploads\/2024\/07\/antarctica-wild-nature-landscape-1024x682.webp 1024w, https:\/\/landu-china.com\/wp-content\/uploads\/2024\/07\/antarctica-wild-nature-landscape-300x200.webp 300w, https:\/\/landu-china.com\/wp-content\/uploads\/2024\/07\/antarctica-wild-nature-landscape-768x512.webp 768w, https:\/\/landu-china.com\/wp-content\/uploads\/2024\/07\/antarctica-wild-nature-landscape-1536x1023.webp 1536w, https:\/\/landu-china.com\/wp-content\/uploads\/2024\/07\/antarctica-wild-nature-landscape.webp 1600w\" sizes=\"(max-width: 800px) 100vw, 800px\" \/>\t\t\t\t\t\t\t\t\t\t\t\t\t\t\t<\/div>\n\t\t\t\t<\/div>\n\t\t\t\t<div class=\"elementor-element elementor-element-688dd42 elementor-widget elementor-widget-heading\" data-id=\"688dd42\" data-element_type=\"widget\" data-settings=\"{&quot;ekit_we_effect_on&quot;:&quot;none&quot;}\" data-widget_type=\"heading.default\">\n\t\t\t\t<div class=\"elementor-widget-container\">\n\t\t\t\t\t<h2 class=\"elementor-heading-title elementor-size-default\">Klimatas<\/h2>\t\t\t\t<\/div>\n\t\t\t\t<\/div>\n\t\t\t\t<div class=\"elementor-element elementor-element-52a3e87 elementor-widget-divider--view-line elementor-widget elementor-widget-divider\" data-id=\"52a3e87\" data-element_type=\"widget\" data-settings=\"{&quot;ekit_we_effect_on&quot;:&quot;none&quot;}\" data-widget_type=\"divider.default\">\n\t\t\t\t<div class=\"elementor-widget-container\">\n\t\t\t\t\t\t\t<div class=\"elementor-divider\">\n\t\t\t<span class=\"elementor-divider-separator\">\n\t\t\t\t\t\t<\/span>\n\t\t<\/div>\n\t\t\t\t\t\t<\/div>\n\t\t\t\t<\/div>\n\t\t\t\t<div class=\"elementor-element elementor-element-dc779ef elementor-widget elementor-widget-text-editor\" data-id=\"dc779ef\" data-element_type=\"widget\" data-settings=\"{&quot;ekit_we_effect_on&quot;:&quot;none&quot;}\" data-widget_type=\"text-editor.default\">\n\t\t\t\t<div class=\"elementor-widget-container\">\n\t\t\t\t\t\t\t\t\tKol med\u017eiai auga, jie sugeria ir kaupia CO2 i\u0161 atmosferos. Jiems senstant, CO2 surinkimo greitis ma\u017e\u0117ja, tod\u0117l jie idealiai tinka med\u017ei\u0173 kirtimui, kad i\u0161 j\u0173 b\u016bt\u0173 gaminama biomas\u0117 tvariems produktams, galintiems pakeisti alternatyvius naftos produktus. Kai kurie i\u0161 \u0161i\u0173 produkt\u0173, pavyzd\u017eiui, statybin\u0117s med\u017eiagos, ir toliau veikia kaip anglies dioksido absorbentai, kaupdami CO2 vis\u0105 savo gyvavimo laikotarp\u012f.\t\t\t\t\t\t\t\t<\/div>\n\t\t\t\t<\/div>\n\t\t\t\t<\/div>\n\t\t<div class=\"elementor-element elementor-element-0078476 e-con-full e-flex e-con e-child\" data-id=\"0078476\" data-element_type=\"container\" data-settings=\"{&quot;ekit_has_onepagescroll_dot&quot;:&quot;yes&quot;}\">\n\t\t\t\t<div class=\"elementor-element elementor-element-1bbb316 elementor-widget elementor-widget-image\" data-id=\"1bbb316\" data-element_type=\"widget\" data-settings=\"{&quot;ekit_we_effect_on&quot;:&quot;none&quot;}\" data-widget_type=\"image.default\">\n\t\t\t\t<div class=\"elementor-widget-container\">\n\t\t\t\t\t\t\t\t\t\t\t\t\t\t\t<img decoding=\"async\" width=\"800\" height=\"533\" src=\"https:\/\/landu-china.com\/wp-content\/uploads\/2024\/10\/aerial-view-of-blue-colored-forest-lake-in-poland-1024x682.jpg\" class=\"attachment-large size-large wp-image-16914\" alt=\"M\u0117lynos spalvos mi\u0161ko e\u017eero Lenkijoje vaizdas i\u0161 oro\" srcset=\"https:\/\/landu-china.com\/wp-content\/uploads\/2024\/10\/aerial-view-of-blue-colored-forest-lake-in-poland-1024x682.jpg 1024w, https:\/\/landu-china.com\/wp-content\/uploads\/2024\/10\/aerial-view-of-blue-colored-forest-lake-in-poland-300x200.jpg 300w, https:\/\/landu-china.com\/wp-content\/uploads\/2024\/10\/aerial-view-of-blue-colored-forest-lake-in-poland-768x512.jpg 768w, https:\/\/landu-china.com\/wp-content\/uploads\/2024\/10\/aerial-view-of-blue-colored-forest-lake-in-poland-1536x1024.jpg 1536w, https:\/\/landu-china.com\/wp-content\/uploads\/2024\/10\/aerial-view-of-blue-colored-forest-lake-in-poland.jpg 2000w\" sizes=\"(max-width: 800px) 100vw, 800px\" \/>\t\t\t\t\t\t\t\t\t\t\t\t\t\t\t<\/div>\n\t\t\t\t<\/div>\n\t\t\t\t<div class=\"elementor-element elementor-element-78117cc elementor-widget elementor-widget-heading\" data-id=\"78117cc\" data-element_type=\"widget\" data-settings=\"{&quot;ekit_we_effect_on&quot;:&quot;none&quot;}\" data-widget_type=\"heading.default\">\n\t\t\t\t<div class=\"elementor-widget-container\">\n\t\t\t\t\t<h2 class=\"elementor-heading-title elementor-size-default\">Biologin\u0117 \u012fvairov\u0117<\/h2>\t\t\t\t<\/div>\n\t\t\t\t<\/div>\n\t\t\t\t<div class=\"elementor-element elementor-element-0bc282d elementor-widget-divider--view-line elementor-widget elementor-widget-divider\" data-id=\"0bc282d\" data-element_type=\"widget\" data-settings=\"{&quot;ekit_we_effect_on&quot;:&quot;none&quot;}\" data-widget_type=\"divider.default\">\n\t\t\t\t<div class=\"elementor-widget-container\">\n\t\t\t\t\t\t\t<div class=\"elementor-divider\">\n\t\t\t<span class=\"elementor-divider-separator\">\n\t\t\t\t\t\t<\/span>\n\t\t<\/div>\n\t\t\t\t\t\t<\/div>\n\t\t\t\t<\/div>\n\t\t\t\t<div class=\"elementor-element elementor-element-e152112 elementor-widget elementor-widget-text-editor\" data-id=\"e152112\" data-element_type=\"widget\" data-settings=\"{&quot;ekit_we_effect_on&quot;:&quot;none&quot;}\" data-widget_type=\"text-editor.default\">\n\t\t\t\t<div class=\"elementor-widget-container\">\n\t\t\t\t\t\t\t\t\tMi\u0161kai - viena i\u0161 biologi\u0161kai \u012fvairiausi\u0173 \u017dem\u0117s ekosistem\u0173 - yra svarbiausi i\u0161tekliai ir buvein\u0117s daugeliui r\u016b\u0161i\u0173. Juose taip pat yra med\u017eiag\u0173 statyboms ir kasdieniniams produktams gaminti. Veiksmingas mi\u0161k\u0173 valdymas apima ekologiniu ir kult\u016briniu po\u017ei\u016briu svarbi\u0173 teritorij\u0173 i\u0161saugojim\u0105 ir \u012fvairi\u0173 strukt\u016br\u0173 palaikym\u0105, kad juose gal\u0117t\u0173 gyventi \u012fvairios r\u016b\u0161ys ir did\u0117t\u0173 biologin\u0117 \u012fvairov\u0117.\t\t\t\t\t\t\t\t<\/div>\n\t\t\t\t<\/div>\n\t\t\t\t<\/div>\n\t\t<div class=\"elementor-element elementor-element-2716e7e e-con-full e-flex e-con e-child\" data-id=\"2716e7e\" data-element_type=\"container\" data-settings=\"{&quot;ekit_has_onepagescroll_dot&quot;:&quot;yes&quot;}\">\n\t\t\t\t<div class=\"elementor-element elementor-element-fd492dd elementor-widget elementor-widget-image\" data-id=\"fd492dd\" data-element_type=\"widget\" data-settings=\"{&quot;ekit_we_effect_on&quot;:&quot;none&quot;}\" data-widget_type=\"image.default\">\n\t\t\t\t<div class=\"elementor-widget-container\">\n\t\t\t\t\t\t\t\t\t\t\t\t\t\t\t<img loading=\"lazy\" decoding=\"async\" width=\"800\" height=\"530\" src=\"https:\/\/landu-china.com\/wp-content\/uploads\/2024\/07\/solar-panels-solar-farms-in-asia-1024x678.webp\" class=\"attachment-large size-large wp-image-3776\" alt=\"\" srcset=\"https:\/\/landu-china.com\/wp-content\/uploads\/2024\/07\/solar-panels-solar-farms-in-asia-1024x678.webp 1024w, https:\/\/landu-china.com\/wp-content\/uploads\/2024\/07\/solar-panels-solar-farms-in-asia-300x199.webp 300w, https:\/\/landu-china.com\/wp-content\/uploads\/2024\/07\/solar-panels-solar-farms-in-asia-768x508.webp 768w, https:\/\/landu-china.com\/wp-content\/uploads\/2024\/07\/solar-panels-solar-farms-in-asia-1536x1017.webp 1536w, https:\/\/landu-china.com\/wp-content\/uploads\/2024\/07\/solar-panels-solar-farms-in-asia.webp 1600w\" sizes=\"(max-width: 800px) 100vw, 800px\" \/>\t\t\t\t\t\t\t\t\t\t\t\t\t\t\t<\/div>\n\t\t\t\t<\/div>\n\t\t\t\t<div class=\"elementor-element elementor-element-6f4c976 elementor-widget elementor-widget-heading\" data-id=\"6f4c976\" data-element_type=\"widget\" data-settings=\"{&quot;ekit_we_effect_on&quot;:&quot;none&quot;}\" data-widget_type=\"heading.default\">\n\t\t\t\t<div class=\"elementor-widget-container\">\n\t\t\t\t\t<h2 class=\"elementor-heading-title elementor-size-default\">Atsinaujinanti \u017ealiava<\/h2>\t\t\t\t<\/div>\n\t\t\t\t<\/div>\n\t\t\t\t<div class=\"elementor-element elementor-element-e78654e elementor-widget-divider--view-line elementor-widget elementor-widget-divider\" data-id=\"e78654e\" data-element_type=\"widget\" data-settings=\"{&quot;ekit_we_effect_on&quot;:&quot;none&quot;}\" data-widget_type=\"divider.default\">\n\t\t\t\t<div class=\"elementor-widget-container\">\n\t\t\t\t\t\t\t<div class=\"elementor-divider\">\n\t\t\t<span class=\"elementor-divider-separator\">\n\t\t\t\t\t\t<\/span>\n\t\t<\/div>\n\t\t\t\t\t\t<\/div>\n\t\t\t\t<\/div>\n\t\t\t\t<div class=\"elementor-element elementor-element-1e35ad2 elementor-widget elementor-widget-text-editor\" data-id=\"1e35ad2\" data-element_type=\"widget\" data-settings=\"{&quot;ekit_we_effect_on&quot;:&quot;none&quot;}\" data-widget_type=\"text-editor.default\">\n\t\t\t\t<div class=\"elementor-widget-container\">\n\t\t\t\t\t\t\t\t\tAtsinaujinan\u010dios \u017ealiavos, gaunamos tvariai, siekiant nat\u016bralaus arba greito atsinaujinimo, yra svarbiausios siekiant aplinkos tvarumo, ma\u017einant priklausomyb\u0119 nuo neatsinaujinan\u010di\u0173 i\u0161tekli\u0173 ir remiant \u0161varios energijos ir \u017eiedin\u0117s ekonomikos pastangas.\t\t\t\t\t\t\t\t<\/div>\n\t\t\t\t<\/div>\n\t\t\t\t<\/div>\n\t\t\t\t\t<\/div>\n\t\t\t\t<\/div>\n\t\t<div class=\"elementor-element elementor-element-a167ec6 e-grid e-con-boxed e-con e-parent\" data-id=\"a167ec6\" data-element_type=\"container\" data-settings=\"{&quot;ekit_has_onepagescroll_dot&quot;:&quot;yes&quot;}\">\n\t\t\t\t\t<div class=\"e-con-inner\">\n\t\t<div class=\"elementor-element elementor-element-e923f8f e-con-full e-flex e-con e-child\" data-id=\"e923f8f\" data-element_type=\"container\" data-settings=\"{&quot;background_background&quot;:&quot;classic&quot;,&quot;ekit_has_onepagescroll_dot&quot;:&quot;yes&quot;}\">\n\t\t\t\t<div class=\"elementor-element elementor-element-687a5f5 elementor-widget elementor-widget-text-editor\" data-id=\"687a5f5\" data-element_type=\"widget\" data-settings=\"{&quot;ekit_we_effect_on&quot;:&quot;none&quot;}\" data-widget_type=\"text-editor.default\">\n\t\t\t\t<div class=\"elementor-widget-container\">\n\t\t\t\t\t\t\t\t\tM\u016bs\u0173 celiulioz\u0117, pagaminta i\u0161 medviln\u0117s, naudoja \u017ealiavas, kurios taupo energij\u0105 arba naudoja atsinaujinan\u010di\u0105j\u0105 energij\u0105. LANDU celiulioz\u0117 i\u0161siskiria itin ma\u017eu anglies dioksido p\u0117dsaku gamybos metu ir atitinka tarptautinius standartus.\t\t\t\t\t\t\t\t<\/div>\n\t\t\t\t<\/div>\n\t\t\t\t<\/div>\n\t\t<div class=\"elementor-element elementor-element-1267f47 e-con-full e-flex e-con e-child\" data-id=\"1267f47\" data-element_type=\"container\" data-settings=\"{&quot;background_background&quot;:&quot;classic&quot;,&quot;ekit_has_onepagescroll_dot&quot;:&quot;yes&quot;}\">\n\t\t\t\t<\/div>\n\t\t<div class=\"elementor-element elementor-element-f3abacf e-con-full e-flex e-con e-child\" data-id=\"f3abacf\" data-element_type=\"container\" data-settings=\"{&quot;background_background&quot;:&quot;classic&quot;,&quot;ekit_has_onepagescroll_dot&quot;:&quot;yes&quot;}\">\n\t\t\t\t<\/div>\n\t\t<div class=\"elementor-element elementor-element-2160341 e-con-full e-flex e-con e-child\" data-id=\"2160341\" data-element_type=\"container\" data-settings=\"{&quot;background_background&quot;:&quot;classic&quot;,&quot;ekit_has_onepagescroll_dot&quot;:&quot;yes&quot;}\">\n\t\t\t\t<div class=\"elementor-element elementor-element-5ecd47a elementor-widget elementor-widget-text-editor\" data-id=\"5ecd47a\" data-element_type=\"widget\" data-settings=\"{&quot;ekit_we_effect_on&quot;:&quot;none&quot;}\" data-widget_type=\"text-editor.default\">\n\t\t\t\t<div class=\"elementor-widget-container\">\n\t\t\t\t\t\t\t\t\tNaudodamiesi itin integruota gamybos sistema, nuolat optimizuojame procesus, kad maksimaliai padidintume med\u017eiag\u0173 naudojim\u0105 ir energijos vartojimo efektyvum\u0105, taip gerokai padidindami savo tvarum\u0105.\t\t\t\t\t\t\t\t<\/div>\n\t\t\t\t<\/div>\n\t\t\t\t<\/div>\n\t\t<div class=\"elementor-element elementor-element-9533552 e-con-full e-flex e-con e-child\" data-id=\"9533552\" data-element_type=\"container\" data-settings=\"{&quot;background_background&quot;:&quot;classic&quot;,&quot;ekit_has_onepagescroll_dot&quot;:&quot;yes&quot;}\">\n\t\t\t\t<\/div>\n\t\t<div class=\"elementor-element elementor-element-22628df e-con-full e-flex e-con e-child\" data-id=\"22628df\" data-element_type=\"container\" data-settings=\"{&quot;background_background&quot;:&quot;classic&quot;,&quot;ekit_has_onepagescroll_dot&quot;:&quot;yes&quot;}\">\n\t\t\t\t<div class=\"elementor-element elementor-element-ec3a53a elementor-widget elementor-widget-text-editor\" data-id=\"ec3a53a\" data-element_type=\"widget\" data-settings=\"{&quot;ekit_we_effect_on&quot;:&quot;none&quot;}\" data-widget_type=\"text-editor.default\">\n\t\t\t\t<div class=\"elementor-widget-container\">\n\t\t\t\t\t\t\t\t\tNaudodami hidroelektrini\u0173 elektr\u0105, palaikome savo \u012fsipareigojim\u0105 siekti tvarumo ir energijos vartojimo efektyvumo. \u0160is atsinaujinantis energijos \u0161altinis ma\u017eina m\u016bs\u0173 anglies dioksido p\u0117dsak\u0105 ir priklausomyb\u0119 nuo i\u0161kastinio kuro, o tai atitinka m\u016bs\u0173 tikslus optimizuoti procesus ir didinti aplinkosaugin\u012f valdym\u0105 m\u016bs\u0173 gamybos sistemoje.\t\t\t\t\t\t\t\t<\/div>\n\t\t\t\t<\/div>\n\t\t\t\t<\/div>\n\t\t<div class=\"elementor-element elementor-element-eeb3cfc e-con-full e-flex e-con e-child\" data-id=\"eeb3cfc\" data-element_type=\"container\" data-settings=\"{&quot;background_background&quot;:&quot;classic&quot;,&quot;ekit_has_onepagescroll_dot&quot;:&quot;yes&quot;}\">\n\t\t\t\t<div class=\"elementor-element elementor-element-e694364 elementor-widget elementor-widget-text-editor\" data-id=\"e694364\" data-element_type=\"widget\" data-settings=\"{&quot;ekit_we_effect_on&quot;:&quot;none&quot;}\" data-widget_type=\"text-editor.default\">\n\t\t\t\t<div class=\"elementor-widget-container\">\n\t\t\t\t\t\t\t\t\tAteityje sieksime visi\u0161kai pereiti prie saul\u0117s energijos naudojimo, taip \u012fgyvendindami savo \u012fsipareigojim\u0105 siekti tvarumo ir ma\u017einti poveik\u012f aplinkai. \u0160is per\u0117jimas pad\u0117s mums suma\u017einti priklausomyb\u0119 nuo neatsinaujinan\u010di\u0173 i\u0161tekli\u0173 ir padidinti energijos vartojimo efektyvum\u0105 visoje m\u016bs\u0173 veikloje.\t\t\t\t\t\t\t\t<\/div>\n\t\t\t\t<\/div>\n\t\t\t\t<\/div>\n\t\t<div class=\"elementor-element elementor-element-34178dc e-con-full e-flex e-con e-child\" data-id=\"34178dc\" data-element_type=\"container\" data-settings=\"{&quot;background_background&quot;:&quot;classic&quot;,&quot;ekit_has_onepagescroll_dot&quot;:&quot;yes&quot;}\">\n\t\t\t\t<\/div>\n\t\t\t\t\t<\/div>\n\t\t\t\t<\/div>\n\t\t\t\t<\/div>","protected":false},"excerpt":{"rendered":"<p>Tvaraus vystymosi tiksl\u0173 \u012fgyvendinimas Mes tikime, kad gera chemija yra svarbiausia tvarios visuomen\u0117s klest\u0117jimui ir gerovei. Am\u017einas i\u0161teklius - tvariai valdomos nat\u016bralios atsinaujinan\u010dios med\u017eiagos \u0160iandienin\u0117 karta susiduria su egzistencin\u0117mis gr\u0117sm\u0117mis m\u016bs\u0173 planetai. Klimato kaita, darnus vystymasis ir \u012fsipareigojimas kurti saugesn\u012f ir sveikesn\u012f pasaul\u012f reikalauja nauj\u0173 verslo b\u016bd\u0173.<\/p>","protected":false},"author":1,"featured_media":0,"parent":0,"menu_order":0,"comment_status":"closed","ping_status":"closed","template":"elementor_header_footer","meta":{"footnotes":""},"class_list":["post-3768","page","type-page","status-publish","hentry"],"_links":{"self":[{"href":"https:\/\/landu-china.com\/lt\/wp-json\/wp\/v2\/pages\/3768","targetHints":{"allow":["GET"]}}],"collection":[{"href":"https:\/\/landu-china.com\/lt\/wp-json\/wp\/v2\/pages"}],"about":[{"href":"https:\/\/landu-china.com\/lt\/wp-json\/wp\/v2\/types\/page"}],"author":[{"embeddable":true,"href":"https:\/\/landu-china.com\/lt\/wp-json\/wp\/v2\/users\/1"}],"replies":[{"embeddable":true,"href":"https:\/\/landu-china.com\/lt\/wp-json\/wp\/v2\/comments?post=3768"}],"version-history":[{"count":16,"href":"https:\/\/landu-china.com\/lt\/wp-json\/wp\/v2\/pages\/3768\/revisions"}],"predecessor-version":[{"id":20502,"href":"https:\/\/landu-china.com\/lt\/wp-json\/wp\/v2\/pages\/3768\/revisions\/20502"}],"wp:attachment":[{"href":"https:\/\/landu-china.com\/lt\/wp-json\/wp\/v2\/media?parent=3768"}],"curies":[{"name":"wp","href":"https:\/\/api.w.org\/{rel}","templated":true}]}}