{"id":3729,"date":"2024-07-29T14:50:50","date_gmt":"2024-07-29T06:50:50","guid":{"rendered":"https:\/\/landu-china.com\/?page_id=3729"},"modified":"2024-08-02T10:50:44","modified_gmt":"2024-08-02T02:50:44","slug":"saugos-programa-ir-veiklos-vertinimas","status":"publish","type":"page","link":"https:\/\/landu-china.com\/lt\/saugos-programa-ir-veiklos-vertinimas\/","title":{"rendered":"Saugos programa ir veiklos vertinimas"},"content":{"rendered":"<div data-elementor-type=\"wp-page\" data-elementor-id=\"3729\" class=\"elementor elementor-3729\" data-elementor-post-type=\"page\">\n\t\t\t\t<div class=\"elementor-element elementor-element-832e259 e-flex e-con-boxed e-con e-parent\" data-id=\"832e259\" data-element_type=\"container\" data-settings=\"{&quot;background_background&quot;:&quot;classic&quot;,&quot;ekit_has_onepagescroll_dot&quot;:&quot;yes&quot;}\">\n\t\t\t\t\t<div class=\"e-con-inner\">\n\t\t\t\t<div class=\"elementor-element elementor-element-f07d774 elementor-widget__width-initial elementor-widget elementor-widget-heading\" data-id=\"f07d774\" data-element_type=\"widget\" data-settings=\"{&quot;ekit_we_effect_on&quot;:&quot;none&quot;}\" data-widget_type=\"heading.default\">\n\t\t\t\t<div class=\"elementor-widget-container\">\n\t\t\t\t\t<h2 class=\"elementor-heading-title elementor-size-default\">Saugos programa ir veiklos vertinimas<\/h2>\t\t\t\t<\/div>\n\t\t\t\t<\/div>\n\t\t\t\t<div class=\"elementor-element elementor-element-54592e9 elementor-widget__width-initial elementor-widget elementor-widget-text-editor\" data-id=\"54592e9\" data-element_type=\"widget\" data-settings=\"{&quot;ekit_we_effect_on&quot;:&quot;none&quot;}\" data-widget_type=\"text-editor.default\">\n\t\t\t\t<div class=\"elementor-widget-container\">\n\t\t\t\t\t\t\t\t\t<p>Saugi ir sveika darbo aplinka yra labai svarbi siekiant u\u017etikrinti verslo tvarum\u0105 ir yra b\u016btina s\u0105lyga norint pritraukti iniciatyvius, auk\u0161tos kvalifikacijos talentus.<\/p>\t\t\t\t\t\t\t\t<\/div>\n\t\t\t\t<\/div>\n\t\t\t\t\t<\/div>\n\t\t\t\t<\/div>\n\t\t<div class=\"elementor-element elementor-element-989eac6 e-flex e-con-boxed e-con e-parent\" data-id=\"989eac6\" data-element_type=\"container\" data-settings=\"{&quot;ekit_has_onepagescroll_dot&quot;:&quot;yes&quot;}\">\n\t\t\t\t\t<div class=\"e-con-inner\">\n\t\t<div class=\"elementor-element elementor-element-5f766c1 e-con-full e-flex e-con e-child\" data-id=\"5f766c1\" data-element_type=\"container\" data-settings=\"{&quot;ekit_has_onepagescroll_dot&quot;:&quot;yes&quot;}\">\n\t\t\t\t<div class=\"elementor-element elementor-element-77dba10 elementor-widget elementor-widget-image\" data-id=\"77dba10\" data-element_type=\"widget\" data-settings=\"{&quot;ekit_we_effect_on&quot;:&quot;none&quot;}\" data-widget_type=\"image.default\">\n\t\t\t\t<div class=\"elementor-widget-container\">\n\t\t\t\t\t\t\t\t\t\t\t\t\t\t\t<img fetchpriority=\"high\" decoding=\"async\" width=\"800\" height=\"533\" src=\"https:\/\/landu-china.com\/wp-content\/uploads\/2024\/07\/builders-discussing-external-glazing-1024x682.webp\" class=\"attachment-large size-large wp-image-3739\" alt=\"\" srcset=\"https:\/\/landu-china.com\/wp-content\/uploads\/2024\/07\/builders-discussing-external-glazing-1024x682.webp 1024w, https:\/\/landu-china.com\/wp-content\/uploads\/2024\/07\/builders-discussing-external-glazing-300x200.webp 300w, https:\/\/landu-china.com\/wp-content\/uploads\/2024\/07\/builders-discussing-external-glazing-768x512.webp 768w, https:\/\/landu-china.com\/wp-content\/uploads\/2024\/07\/builders-discussing-external-glazing-1536x1023.webp 1536w, https:\/\/landu-china.com\/wp-content\/uploads\/2024\/07\/builders-discussing-external-glazing.webp 1600w\" sizes=\"(max-width: 800px) 100vw, 800px\" \/>\t\t\t\t\t\t\t\t\t\t\t\t\t\t\t<\/div>\n\t\t\t\t<\/div>\n\t\t\t\t<\/div>\n\t\t<div class=\"elementor-element elementor-element-dadbbfa e-con-full e-flex e-con e-child\" data-id=\"dadbbfa\" data-element_type=\"container\" data-settings=\"{&quot;ekit_has_onepagescroll_dot&quot;:&quot;yes&quot;}\">\n\t\t\t\t<div class=\"elementor-element elementor-element-ee22895 elementor-widget elementor-widget-heading\" data-id=\"ee22895\" data-element_type=\"widget\" data-settings=\"{&quot;ekit_we_effect_on&quot;:&quot;none&quot;}\" data-widget_type=\"heading.default\">\n\t\t\t\t<div class=\"elementor-widget-container\">\n\t\t\t\t\t<h2 class=\"elementor-heading-title elementor-size-default\">Lyderyst\u0117 \u017emoni\u0173 ir proces\u0173 saugos srityje<\/h2>\t\t\t\t<\/div>\n\t\t\t\t<\/div>\n\t\t\t\t<div class=\"elementor-element elementor-element-b0428b0 elementor-widget elementor-widget-image\" data-id=\"b0428b0\" data-element_type=\"widget\" data-settings=\"{&quot;ekit_we_effect_on&quot;:&quot;none&quot;}\" data-widget_type=\"image.default\">\n\t\t\t\t<div class=\"elementor-widget-container\">\n\t\t\t\t\t\t\t\t\t\t\t\t\t\t\t<img decoding=\"async\" width=\"55\" height=\"9\" src=\"https:\/\/landu-china.com\/wp-content\/uploads\/2024\/06\/\u8d44\u6e90-1.png\" class=\"attachment-large size-large wp-image-87\" alt=\"\" \/>\t\t\t\t\t\t\t\t\t\t\t\t\t\t\t<\/div>\n\t\t\t\t<\/div>\n\t\t\t\t<div class=\"elementor-element elementor-element-e6c6337 elementor-widget elementor-widget-text-editor\" data-id=\"e6c6337\" data-element_type=\"widget\" data-settings=\"{&quot;ekit_we_effect_on&quot;:&quot;none&quot;}\" data-widget_type=\"text-editor.default\">\n\t\t\t\t<div class=\"elementor-widget-container\">\n\t\t\t\t\t\t\t\t\t<div class=\"elementor-element elementor-element-26d6bf8c elementor-widget__width-initial elementor-widget elementor-widget-text-editor\" data-id=\"26d6bf8c\" data-element_type=\"widget\" data-settings=\"{&quot;ekit_we_effect_on&quot;:&quot;none&quot;}\" data-widget_type=\"text-editor.default\"><div class=\"elementor-widget-container\"><div class=\"elementor-element elementor-element-26d6bf8c elementor-widget__width-initial elementor-widget elementor-widget-text-editor\" data-id=\"26d6bf8c\" data-element_type=\"widget\" data-settings=\"{&quot;ekit_we_effect_on&quot;:&quot;none&quot;}\" data-widget_type=\"text-editor.default\"><div class=\"elementor-widget-container\"><div class=\"elementor-element elementor-element-531d8aa elementor-widget__width-initial elementor-widget elementor-widget-text-editor\" data-id=\"531d8aa\" data-element_type=\"widget\" data-settings=\"{&quot;ekit_we_effect_on&quot;:&quot;none&quot;}\" data-widget_type=\"text-editor.default\"><div class=\"elementor-widget-container\"><p>B\u016bdami atsakingas operatorius ir patikimas tiek\u0117jas, pirmenyb\u0119 teikiame saugai. M\u016bs\u0173 tikslas - i\u0161laikyti atsaking\u0105 veikl\u0105 nuolat gerinant veiklos rezultatus, siekti, kad neb\u016bt\u0173 jokios \u017ealos ir traum\u0173, daugiausia d\u0117mesio skiriant personalo saugai, proces\u0173 saugai ir produkt\u0173 saugai. Esame pasiry\u017e\u0119 nuolat tobulinti saugos rodiklius.<\/p><\/div><\/div><\/div><\/div><\/div><\/div>\t\t\t\t\t\t\t\t<\/div>\n\t\t\t\t<\/div>\n\t\t\t\t<div class=\"elementor-element elementor-element-fe59517 elementor-icon-list--layout-traditional elementor-list-item-link-full_width elementor-widget elementor-widget-icon-list\" data-id=\"fe59517\" data-element_type=\"widget\" data-settings=\"{&quot;ekit_we_effect_on&quot;:&quot;none&quot;}\" data-widget_type=\"icon-list.default\">\n\t\t\t\t<div class=\"elementor-widget-container\">\n\t\t\t\t\t\t\t<ul class=\"elementor-icon-list-items\">\n\t\t\t\t\t\t\t<li class=\"elementor-icon-list-item\">\n\t\t\t\t\t\t\t\t\t\t\t<span class=\"elementor-icon-list-icon\">\n\t\t\t\t\t\t\t<svg aria-hidden=\"true\" class=\"e-font-icon-svg e-fas-check-circle\" viewbox=\"0 0 512 512\" xmlns=\"http:\/\/www.w3.org\/2000\/svg\"><path d=\"M504 256c0 136.967-111.033 248-248 248S8 392.967 8 256 119.033 8 256 8s248 111.033 248 248zM227.314 387.314l184-184c6.248-6.248 6.248-16.379 0-22.627l-22.627-22.627c-6.248-6.249-16.379-6.249-22.628 0L216 308.118l-70.059-70.059c-6.248-6.248-16.379-6.248-22.628 0l-22.627 22.627c-6.248 6.248-6.248 16.379 0 22.627l104 104c6.249 6.249 16.379 6.249 22.628.001z\"><\/path><\/svg>\t\t\t\t\t\t<\/span>\n\t\t\t\t\t\t\t\t\t\t<span class=\"elementor-icon-list-text\">M\u016bs\u0173 saugos tikslas: joki\u0173 su\u017ealojim\u0173 ir \u017ealos<\/span>\n\t\t\t\t\t\t\t\t\t<\/li>\n\t\t\t\t\t\t\t\t<li class=\"elementor-icon-list-item\">\n\t\t\t\t\t\t\t\t\t\t\t<span class=\"elementor-icon-list-icon\">\n\t\t\t\t\t\t\t<svg aria-hidden=\"true\" class=\"e-font-icon-svg e-fas-check-circle\" viewbox=\"0 0 512 512\" xmlns=\"http:\/\/www.w3.org\/2000\/svg\"><path d=\"M504 256c0 136.967-111.033 248-248 248S8 392.967 8 256 119.033 8 256 8s248 111.033 248 248zM227.314 387.314l184-184c6.248-6.248 6.248-16.379 0-22.627l-22.627-22.627c-6.248-6.249-16.379-6.249-22.628 0L216 308.118l-70.059-70.059c-6.248-6.248-16.379-6.248-22.628 0l-22.627 22.627c-6.248 6.248-6.248 16.379 0 22.627l104 104c6.249 6.249 16.379 6.249 22.628.001z\"><\/path><\/svg>\t\t\t\t\t\t<\/span>\n\t\t\t\t\t\t\t\t\t\t<span class=\"elementor-icon-list-text\">Pasiekta pasitelkiant patikim\u0105 rizikos valdym\u0105 ir darbuotoj\u0173 dalyvavim\u0105.<\/span>\n\t\t\t\t\t\t\t\t\t<\/li>\n\t\t\t\t\t\t<\/ul>\n\t\t\t\t\t\t<\/div>\n\t\t\t\t<\/div>\n\t\t\t\t<\/div>\n\t\t\t\t\t<\/div>\n\t\t\t\t<\/div>\n\t\t<div class=\"elementor-element elementor-element-9738fbb e-flex e-con-boxed e-con e-parent\" data-id=\"9738fbb\" data-element_type=\"container\" data-settings=\"{&quot;ekit_has_onepagescroll_dot&quot;:&quot;yes&quot;}\">\n\t\t\t\t\t<div class=\"e-con-inner\">\n\t\t\t\t<div class=\"elementor-element elementor-element-35ce1e6 elementor-widget elementor-widget-heading\" data-id=\"35ce1e6\" data-element_type=\"widget\" data-settings=\"{&quot;ekit_we_effect_on&quot;:&quot;none&quot;}\" data-widget_type=\"heading.default\">\n\t\t\t\t<div class=\"elementor-widget-container\">\n\t\t\t\t\t<h2 class=\"elementor-heading-title elementor-size-default\">\u017dmoni\u0173 ir proces\u0173 saugos valdymas<\/h2>\t\t\t\t<\/div>\n\t\t\t\t<\/div>\n\t\t\t\t<div class=\"elementor-element elementor-element-5706767 elementor-widget elementor-widget-image\" data-id=\"5706767\" data-element_type=\"widget\" data-settings=\"{&quot;ekit_we_effect_on&quot;:&quot;none&quot;}\" data-widget_type=\"image.default\">\n\t\t\t\t<div class=\"elementor-widget-container\">\n\t\t\t\t\t\t\t\t\t\t\t\t\t\t\t<img decoding=\"async\" width=\"55\" height=\"9\" src=\"https:\/\/landu-china.com\/wp-content\/uploads\/2024\/06\/\u8d44\u6e90-1.png\" class=\"attachment-large size-large wp-image-87\" alt=\"\" \/>\t\t\t\t\t\t\t\t\t\t\t\t\t\t\t<\/div>\n\t\t\t\t<\/div>\n\t\t\t\t<div class=\"elementor-element elementor-element-cdd01f5 elementor-widget__width-initial elementor-widget elementor-widget-text-editor\" data-id=\"cdd01f5\" data-element_type=\"widget\" data-settings=\"{&quot;ekit_we_effect_on&quot;:&quot;none&quot;}\" data-widget_type=\"text-editor.default\">\n\t\t\t\t<div class=\"elementor-widget-container\">\n\t\t\t\t\t\t\t\t\t<div class=\"elementor-element elementor-element-26d6bf8c elementor-widget__width-initial elementor-widget elementor-widget-text-editor\" data-id=\"26d6bf8c\" data-element_type=\"widget\" data-settings=\"{&quot;ekit_we_effect_on&quot;:&quot;none&quot;}\" data-widget_type=\"text-editor.default\"><div class=\"elementor-widget-container\"><div class=\"elementor-element elementor-element-26d6bf8c elementor-widget__width-initial elementor-widget elementor-widget-text-editor\" data-id=\"26d6bf8c\" data-element_type=\"widget\" data-settings=\"{&quot;ekit_we_effect_on&quot;:&quot;none&quot;}\" data-widget_type=\"text-editor.default\"><div class=\"elementor-widget-container\"><div class=\"elementor-element elementor-element-26d6bf8c elementor-widget__width-initial elementor-widget elementor-widget-text-editor\" data-id=\"26d6bf8c\" data-element_type=\"widget\" data-settings=\"{&quot;ekit_we_effect_on&quot;:&quot;none&quot;}\" data-widget_type=\"text-editor.default\"><div class=\"elementor-widget-container\"><p>Esame tvirtai \u012fsitikin\u0119, kad sauga turi b\u016bti giliai integruota \u012f visus m\u016bs\u0173 kult\u016bros lygmenis, paremta pa\u017eangiausia valdymo sistema, kuri ne tik skatina, bet ir u\u017etikrina nuolatin\u012f vis\u0173 operacij\u0173 tobulinim\u0105.<\/p><\/div><\/div><\/div><\/div><\/div><\/div>\t\t\t\t\t\t\t\t<\/div>\n\t\t\t\t<\/div>\n\t\t\t\t\t<\/div>\n\t\t\t\t<\/div>\n\t\t<div class=\"elementor-element elementor-element-fbe8b37 e-con-full e-flex e-con e-parent\" data-id=\"fbe8b37\" data-element_type=\"container\" data-settings=\"{&quot;ekit_has_onepagescroll_dot&quot;:&quot;yes&quot;}\">\n\t\t\t\t<div class=\"elementor-element elementor-element-2344f66 elementor-widget__width-inherit elementor-widget elementor-widget-image\" data-id=\"2344f66\" data-element_type=\"widget\" data-settings=\"{&quot;ekit_we_effect_on&quot;:&quot;none&quot;}\" data-widget_type=\"image.default\">\n\t\t\t\t<div class=\"elementor-widget-container\">\n\t\t\t\t\t\t\t\t\t\t\t\t\t\t\t<img decoding=\"async\" width=\"1441\" height=\"471\" src=\"https:\/\/landu-china.com\/wp-content\/uploads\/2024\/07\/12.webp\" class=\"attachment-full size-full wp-image-3734\" alt=\"\" srcset=\"https:\/\/landu-china.com\/wp-content\/uploads\/2024\/07\/12.webp 1441w, https:\/\/landu-china.com\/wp-content\/uploads\/2024\/07\/12-300x98.webp 300w, https:\/\/landu-china.com\/wp-content\/uploads\/2024\/07\/12-1024x335.webp 1024w, https:\/\/landu-china.com\/wp-content\/uploads\/2024\/07\/12-768x251.webp 768w\" sizes=\"(max-width: 1441px) 100vw, 1441px\" \/>\t\t\t\t\t\t\t\t\t\t\t\t\t\t\t<\/div>\n\t\t\t\t<\/div>\n\t\t\t\t<\/div>\n\t\t<div class=\"elementor-element elementor-element-8b7c8ed e-flex e-con-boxed e-con e-parent\" data-id=\"8b7c8ed\" data-element_type=\"container\" data-settings=\"{&quot;ekit_has_onepagescroll_dot&quot;:&quot;yes&quot;}\">\n\t\t\t\t\t<div class=\"e-con-inner\">\n\t\t\t\t<div class=\"elementor-element elementor-element-6f3194d elementor-invisible elementor-widget elementor-widget-heading\" data-id=\"6f3194d\" data-element_type=\"widget\" data-settings=\"{&quot;_animation&quot;:&quot;fadeInUp&quot;,&quot;ekit_we_effect_on&quot;:&quot;none&quot;}\" data-widget_type=\"heading.default\">\n\t\t\t\t<div class=\"elementor-widget-container\">\n\t\t\t\t\t<h3 class=\"elementor-heading-title elementor-size-default\">Be kit\u0173 aktyvi\u0173 priemoni\u0173, mes:<\/h3>\t\t\t\t<\/div>\n\t\t\t\t<\/div>\n\t\t\t\t<div class=\"elementor-element elementor-element-1b06b83 elementor-icon-list--layout-traditional elementor-list-item-link-full_width elementor-widget elementor-widget-icon-list\" data-id=\"1b06b83\" data-element_type=\"widget\" data-settings=\"{&quot;ekit_we_effect_on&quot;:&quot;none&quot;}\" data-widget_type=\"icon-list.default\">\n\t\t\t\t<div class=\"elementor-widget-container\">\n\t\t\t\t\t\t\t<ul class=\"elementor-icon-list-items\">\n\t\t\t\t\t\t\t<li class=\"elementor-icon-list-item\">\n\t\t\t\t\t\t\t\t\t\t\t<span class=\"elementor-icon-list-icon\">\n\t\t\t\t\t\t\t<svg aria-hidden=\"true\" class=\"e-font-icon-svg e-fas-circle\" viewbox=\"0 0 512 512\" xmlns=\"http:\/\/www.w3.org\/2000\/svg\"><path d=\"M256 8C119 8 8 119 8 256s111 248 248 248 248-111 248-248S393 8 256 8z\"><\/path><\/svg>\t\t\t\t\t\t<\/span>\n\t\t\t\t\t\t\t\t\t\t<span class=\"elementor-icon-list-text\">Prane\u0161ame ir mokom\u0117s i\u0161 pagrindini\u0173 rodikli\u0173, pavyzd\u017eiui, beveik \u012fvykusi\u0173 nelaiming\u0173 atsitikim\u0173 - \u012fvyki\u0173, kurie gal\u0117jo sukelti su\u017ealojim\u0173, sveikatos problem\u0173 arba \u017ealos turtui ar aplinkai, - ir pavoj\u0173, kurie gali pakenkti \u017emon\u0117ms, produktams ar aplinkai.<\/span>\n\t\t\t\t\t\t\t\t\t<\/li>\n\t\t\t\t\t\t\t\t<li class=\"elementor-icon-list-item\">\n\t\t\t\t\t\t\t\t\t\t\t<span class=\"elementor-icon-list-icon\">\n\t\t\t\t\t\t\t<svg aria-hidden=\"true\" class=\"e-font-icon-svg e-fas-circle\" viewbox=\"0 0 512 512\" xmlns=\"http:\/\/www.w3.org\/2000\/svg\"><path d=\"M256 8C119 8 8 119 8 256s111 248 248 248 248-111 248-248S393 8 256 8z\"><\/path><\/svg>\t\t\t\t\t\t<\/span>\n\t\t\t\t\t\t\t\t\t\t<span class=\"elementor-icon-list-text\">Kiekvienoje vietoje atliekamas auditas, siekiant u\u017etikrinti, kad vietos bendruomen\u0117 b\u016bt\u0173 informuojama ir dalyvaut\u0173 jos veikloje, taip pat reguliariai rengiami mokymai ir avarin\u0117s pratybos, o j\u0173 rezultatai ir pamokos dokumentuojamos.<\/span>\n\t\t\t\t\t\t\t\t\t<\/li>\n\t\t\t\t\t\t\t\t<li class=\"elementor-icon-list-item\">\n\t\t\t\t\t\t\t\t\t\t\t<span class=\"elementor-icon-list-icon\">\n\t\t\t\t\t\t\t<svg aria-hidden=\"true\" class=\"e-font-icon-svg e-fas-circle\" viewbox=\"0 0 512 512\" xmlns=\"http:\/\/www.w3.org\/2000\/svg\"><path d=\"M256 8C119 8 8 119 8 256s111 248 248 248 248-111 248-248S393 8 256 8z\"><\/path><\/svg>\t\t\t\t\t\t<\/span>\n\t\t\t\t\t\t\t\t\t\t<span class=\"elementor-icon-list-text\">Kiekvieno incidento tyrimo metu atliekamas rizikos vertinimas, \u012fskaitant faktinio ir galimo poveikio lenteles.<\/span>\n\t\t\t\t\t\t\t\t\t<\/li>\n\t\t\t\t\t\t\t\t<li class=\"elementor-icon-list-item\">\n\t\t\t\t\t\t\t\t\t\t\t<span class=\"elementor-icon-list-icon\">\n\t\t\t\t\t\t\t<svg aria-hidden=\"true\" class=\"e-font-icon-svg e-fas-circle\" viewbox=\"0 0 512 512\" xmlns=\"http:\/\/www.w3.org\/2000\/svg\"><path d=\"M256 8C119 8 8 119 8 256s111 248 248 248 248-111 248-248S393 8 256 8z\"><\/path><\/svg>\t\t\t\t\t\t<\/span>\n\t\t\t\t\t\t\t\t\t\t<span class=\"elementor-icon-list-text\">Mokome tiesioginius vadovus ir motyvuojame darbuotojus bei rangovus keisti elgsen\u0105, taip suma\u017einant galimus pavojus darbo vietoje.<\/span>\n\t\t\t\t\t\t\t\t\t<\/li>\n\t\t\t\t\t\t\t\t<li class=\"elementor-icon-list-item\">\n\t\t\t\t\t\t\t\t\t\t\t<span class=\"elementor-icon-list-icon\">\n\t\t\t\t\t\t\t<svg aria-hidden=\"true\" class=\"e-font-icon-svg e-fas-circle\" viewbox=\"0 0 512 512\" xmlns=\"http:\/\/www.w3.org\/2000\/svg\"><path d=\"M256 8C119 8 8 119 8 256s111 248 248 248 248-111 248-248S393 8 256 8z\"><\/path><\/svg>\t\t\t\t\t\t<\/span>\n\t\t\t\t\t\t\t\t\t\t<span class=\"elementor-icon-list-text\">Kiekvienas registruotinas su\u017ealojimas tiriamas siekiant nustatyti pagrindin\u0119 jo prie\u017east\u012f ir imamasi atitinkam\u0173 taisom\u0173j\u0173 veiksm\u0173, kad ateityje b\u016bt\u0173 i\u0161vengta pana\u0161i\u0173 incident\u0173.<\/span>\n\t\t\t\t\t\t\t\t\t<\/li>\n\t\t\t\t\t\t\t\t<li class=\"elementor-icon-list-item\">\n\t\t\t\t\t\t\t\t\t\t\t<span class=\"elementor-icon-list-icon\">\n\t\t\t\t\t\t\t<svg aria-hidden=\"true\" class=\"e-font-icon-svg e-fas-circle\" viewbox=\"0 0 512 512\" xmlns=\"http:\/\/www.w3.org\/2000\/svg\"><path d=\"M256 8C119 8 8 119 8 256s111 248 248 248 248-111 248-248S393 8 256 8z\"><\/path><\/svg>\t\t\t\t\t\t<\/span>\n\t\t\t\t\t\t\t\t\t\t<span class=\"elementor-icon-list-text\">Turi b\u016bti chemini\u0173 med\u017eiag\u0173 s\u0105ra\u0161as ir naudojam\u0173 med\u017eiag\u0173 saugos duomen\u0173 lapai (SDS).<\/span>\n\t\t\t\t\t\t\t\t\t<\/li>\n\t\t\t\t\t\t\t\t<li class=\"elementor-icon-list-item\">\n\t\t\t\t\t\t\t\t\t\t\t<span class=\"elementor-icon-list-icon\">\n\t\t\t\t\t\t\t<svg aria-hidden=\"true\" class=\"e-font-icon-svg e-fas-circle\" viewbox=\"0 0 512 512\" xmlns=\"http:\/\/www.w3.org\/2000\/svg\"><path d=\"M256 8C119 8 8 119 8 256s111 248 248 248 248-111 248-248S393 8 256 8z\"><\/path><\/svg>\t\t\t\t\t\t<\/span>\n\t\t\t\t\t\t\t\t\t\t<span class=\"elementor-icon-list-text\">Kasmet visoje \u012fmon\u0117je rengiama Saugos diena, skirta darbuotoj\u0173 s\u0105moningumui didinti ir m\u016bs\u0173 visuotinei saugos kult\u016brai stiprinti.<\/span>\n\t\t\t\t\t\t\t\t\t<\/li>\n\t\t\t\t\t\t<\/ul>\n\t\t\t\t\t\t<\/div>\n\t\t\t\t<\/div>\n\t\t\t\t\t<\/div>\n\t\t\t\t<\/div>\n\t\t\t\t<\/div>","protected":false},"excerpt":{"rendered":"<p>Saugos programa ir veiklos rezultat\u0173 vertinimas Saugi ir sveika darbo aplinka yra labai svarbi siekiant u\u017etikrinti verslo tvarum\u0105 ir yra b\u016btina s\u0105lyga norint pritraukti iniciatyvius, auk\u0161tos kvalifikacijos specialistus. Pirmaujame \u017emoni\u0173 ir proces\u0173 saugos srityje B\u016bdami atsakingas operatorius ir patikimas tiek\u0117jas, pirmenyb\u0119 teikiame saugai. M\u016bs\u0173 tikslas - u\u017etikrinti atsaking\u0105 veikl\u0105, nuolat u\u017etikrinant veiksmingum\u0105 ir [...]<\/p>","protected":false},"author":1,"featured_media":0,"parent":0,"menu_order":0,"comment_status":"closed","ping_status":"closed","template":"elementor_header_footer","meta":{"footnotes":""},"class_list":["post-3729","page","type-page","status-publish","hentry"],"_links":{"self":[{"href":"https:\/\/landu-china.com\/lt\/wp-json\/wp\/v2\/pages\/3729","targetHints":{"allow":["GET"]}}],"collection":[{"href":"https:\/\/landu-china.com\/lt\/wp-json\/wp\/v2\/pages"}],"about":[{"href":"https:\/\/landu-china.com\/lt\/wp-json\/wp\/v2\/types\/page"}],"author":[{"embeddable":true,"href":"https:\/\/landu-china.com\/lt\/wp-json\/wp\/v2\/users\/1"}],"replies":[{"embeddable":true,"href":"https:\/\/landu-china.com\/lt\/wp-json\/wp\/v2\/comments?post=3729"}],"version-history":[{"count":13,"href":"https:\/\/landu-china.com\/lt\/wp-json\/wp\/v2\/pages\/3729\/revisions"}],"predecessor-version":[{"id":3816,"href":"https:\/\/landu-china.com\/lt\/wp-json\/wp\/v2\/pages\/3729\/revisions\/3816"}],"wp:attachment":[{"href":"https:\/\/landu-china.com\/lt\/wp-json\/wp\/v2\/media?parent=3729"}],"curies":[{"name":"wp","href":"https:\/\/api.w.org\/{rel}","templated":true}]}}