{"id":13424,"date":"2024-10-19T13:40:37","date_gmt":"2024-10-19T05:40:37","guid":{"rendered":"https:\/\/landu-china.com\/?page_id=13424"},"modified":"2025-08-05T14:50:21","modified_gmt":"2025-08-05T06:50:21","slug":"isankstinis-aptarnavimas","status":"publish","type":"page","link":"https:\/\/landu-china.com\/lt\/paslaugos\/isankstinis-aptarnavimas\/","title":{"rendered":"I\u0161ankstinio pardavimo paslauga"},"content":{"rendered":"<div data-elementor-type=\"wp-page\" data-elementor-id=\"13424\" class=\"elementor elementor-13424\" data-elementor-post-type=\"page\">\n\t\t\t\t<div class=\"elementor-element elementor-element-fc15d14 e-flex e-con-boxed e-con e-parent\" data-id=\"fc15d14\" data-element_type=\"container\" data-settings=\"{&quot;background_background&quot;:&quot;classic&quot;,&quot;ekit_has_onepagescroll_dot&quot;:&quot;yes&quot;}\">\n\t\t\t\t\t<div class=\"e-con-inner\">\n\t\t<div class=\"elementor-element elementor-element-d29a8f3 e-con-full e-flex elementor-invisible e-con e-child\" data-id=\"d29a8f3\" data-element_type=\"container\" data-settings=\"{&quot;animation&quot;:&quot;fadeInUp&quot;,&quot;ekit_has_onepagescroll_dot&quot;:&quot;yes&quot;}\">\n\t\t\t\t<div class=\"elementor-element elementor-element-0e79d78 elementor-widget elementor-widget-heading\" data-id=\"0e79d78\" data-element_type=\"widget\" data-settings=\"{&quot;ekit_we_effect_on&quot;:&quot;none&quot;}\" data-widget_type=\"heading.default\">\n\t\t\t\t<div class=\"elementor-widget-container\">\n\t\t\t\t\t<h1 class=\"elementor-heading-title elementor-size-default\">I\u0161ankstinio pardavimo paslauga<\/h1>\t\t\t\t<\/div>\n\t\t\t\t<\/div>\n\t\t\t\t<div class=\"elementor-element elementor-element-c04a8cb elementor-widget elementor-widget-elementskit-breadcrumb\" data-id=\"c04a8cb\" data-element_type=\"widget\" data-settings=\"{&quot;ekit_we_effect_on&quot;:&quot;none&quot;}\" data-widget_type=\"elementskit-breadcrumb.default\">\n\t\t\t\t<div class=\"elementor-widget-container\">\n\t\t\t\t\t<div class=\"ekit-wid-con\" ><ol class=\"ekit-breadcrumb\"><li class=\"ekit_breadcrumbs_start\"><a href=\"https:\/\/landu-china.com\/lt\">Pagrindinis<\/a><\/li><\/ol><\/div>\t\t\t\t<\/div>\n\t\t\t\t<\/div>\n\t\t\t\t<\/div>\n\t\t\t\t\t<\/div>\n\t\t\t\t<\/div>\n\t\t\t\t<section class=\"elementor-section elementor-top-section elementor-element elementor-element-5462d86f elementor-section-boxed elementor-section-height-default elementor-section-height-default\" data-id=\"5462d86f\" data-element_type=\"section\" data-settings=\"{&quot;ekit_has_onepagescroll_dot&quot;:&quot;yes&quot;}\">\n\t\t\t\t\t\t<div class=\"elementor-container elementor-column-gap-default\">\n\t\t\t\t\t<div class=\"elementor-column elementor-col-100 elementor-top-column elementor-element elementor-element-53d0d340\" data-id=\"53d0d340\" data-element_type=\"column\">\n\t\t\t<div class=\"elementor-widget-wrap elementor-element-populated\">\n\t\t\t\t\t\t<div class=\"elementor-element elementor-element-58911ef4 elementor-widget-divider--view-line elementor-invisible elementor-widget elementor-widget-divider\" data-id=\"58911ef4\" data-element_type=\"widget\" data-settings=\"{&quot;_animation&quot;:&quot;fadeIn&quot;,&quot;ekit_we_effect_on&quot;:&quot;none&quot;}\" data-widget_type=\"divider.default\">\n\t\t\t\t<div class=\"elementor-widget-container\">\n\t\t\t\t\t\t\t<div class=\"elementor-divider\">\n\t\t\t<span class=\"elementor-divider-separator\">\n\t\t\t\t\t\t<\/span>\n\t\t<\/div>\n\t\t\t\t\t\t<\/div>\n\t\t\t\t<\/div>\n\t\t\t\t\t<\/div>\n\t\t<\/div>\n\t\t\t\t\t<\/div>\n\t\t<\/section>\n\t\t<div class=\"elementor-element elementor-element-1cb48eb5 e-flex e-con-boxed e-con e-parent\" data-id=\"1cb48eb5\" data-element_type=\"container\" data-settings=\"{&quot;background_background&quot;:&quot;classic&quot;,&quot;ekit_has_onepagescroll_dot&quot;:&quot;yes&quot;}\">\n\t\t\t\t\t<div class=\"e-con-inner\">\n\t\t<div class=\"elementor-element elementor-element-201162da e-con-full e-flex e-con e-child\" data-id=\"201162da\" data-element_type=\"container\" data-settings=\"{&quot;ekit_has_onepagescroll_dot&quot;:&quot;yes&quot;}\">\n\t\t<div class=\"elementor-element elementor-element-5ab87104 e-con-full e-flex elementor-invisible e-con e-child\" data-id=\"5ab87104\" data-element_type=\"container\" data-settings=\"{&quot;animation&quot;:&quot;fadeInLeft&quot;,&quot;ekit_has_onepagescroll_dot&quot;:&quot;yes&quot;}\">\n\t\t<div class=\"elementor-element elementor-element-11ea9489 e-con-full e-flex e-con e-child\" data-id=\"11ea9489\" data-element_type=\"container\" data-settings=\"{&quot;ekit_has_onepagescroll_dot&quot;:&quot;yes&quot;}\">\n\t\t<div class=\"elementor-element elementor-element-6ef743a8 e-con-full e-flex e-con e-child\" data-id=\"6ef743a8\" data-element_type=\"container\" data-settings=\"{&quot;background_background&quot;:&quot;classic&quot;,&quot;ekit_has_onepagescroll_dot&quot;:&quot;yes&quot;}\">\n\t\t\t\t<div class=\"elementor-element elementor-element-6982c310 elementor-widget elementor-widget-heading\" data-id=\"6982c310\" data-element_type=\"widget\" data-settings=\"{&quot;ekit_we_effect_on&quot;:&quot;none&quot;}\" data-widget_type=\"heading.default\">\n\t\t\t\t<div class=\"elementor-widget-container\">\n\t\t\t\t\t<h6 class=\"elementor-heading-title elementor-size-default\">1.Technin\u0117 kompetencija ir pritaikymas<\/h6>\t\t\t\t<\/div>\n\t\t\t\t<\/div>\n\t\t\t\t<div class=\"elementor-element elementor-element-351c56b elementor-widget elementor-widget-text-editor\" data-id=\"351c56b\" data-element_type=\"widget\" data-settings=\"{&quot;ekit_we_effect_on&quot;:&quot;none&quot;}\" data-widget_type=\"text-editor.default\">\n\t\t\t\t<div class=\"elementor-widget-container\">\n\t\t\t\t\t\t\t\t\t<p>\"LANDU\" prie\u0161pardavimini\u0173 paslaug\u0173 pagrindas - technin\u0117s konsultacijos. M\u016bs\u0173 ekspertai konsultantai glaud\u017eiai bendradarbiauja su klientais, siekdami parinkti tinkamiausi\u0105 celiulioz\u0117s eter\u012f ar kitus produktus pagal konkre\u010dius kliento poreikius (pvz., statybos, da\u017e\u0173 ar kit\u0173 pramon\u0117s \u0161ak\u0173).<\/p><p>\u0160is individualus po\u017ei\u016bris apima ir gamini\u0173 pritaikym\u0105. LANDU, atsi\u017evelgdama \u012f kliento poreikius, lanks\u010diai kei\u010dia produkto specifikacijas (klampumas, tirpumas, atvirumo laikas ir kt.).<\/p>\t\t\t\t\t\t\t\t<\/div>\n\t\t\t\t<\/div>\n\t\t\t\t<\/div>\n\t\t\t\t<\/div>\n\t\t<div class=\"elementor-element elementor-element-62386b4 e-con-full e-flex e-con e-child\" data-id=\"62386b4\" data-element_type=\"container\" data-settings=\"{&quot;ekit_has_onepagescroll_dot&quot;:&quot;yes&quot;}\">\n\t\t<div class=\"elementor-element elementor-element-a77aec4 e-con-full e-flex e-con e-child\" data-id=\"a77aec4\" data-element_type=\"container\" data-settings=\"{&quot;background_background&quot;:&quot;classic&quot;,&quot;ekit_has_onepagescroll_dot&quot;:&quot;yes&quot;}\">\n\t\t\t\t<div class=\"elementor-element elementor-element-184f33b elementor-widget elementor-widget-heading\" data-id=\"184f33b\" data-element_type=\"widget\" data-settings=\"{&quot;ekit_we_effect_on&quot;:&quot;none&quot;}\" data-widget_type=\"heading.default\">\n\t\t\t\t<div class=\"elementor-widget-container\">\n\t\t\t\t\t<h6 class=\"elementor-heading-title elementor-size-default\">2.Nemokami pavyzd\u017eiai ir veikimo bandymai<\/h6>\t\t\t\t<\/div>\n\t\t\t\t<\/div>\n\t\t\t\t<div class=\"elementor-element elementor-element-c66708f elementor-widget elementor-widget-text-editor\" data-id=\"c66708f\" data-element_type=\"widget\" data-settings=\"{&quot;ekit_we_effect_on&quot;:&quot;none&quot;}\" data-widget_type=\"text-editor.default\">\n\t\t\t\t<div class=\"elementor-widget-container\">\n\t\t\t\t\t\t\t\t\t<p>\"LANDU\" neapsiriboja vien teoriniais patarimais ir si\u016blo klientams nemokamus gamini\u0173 pavyzd\u017eius, kuriuos jie gali i\u0161bandyti ir \u012fvertinti savo programose. \u0160ie pavyzd\u017eiai pateikiami kartu su i\u0161samiu bandym\u0173 vadovu ir taikymo instrukcijomis, taip u\u017etikrinant tikslius bandym\u0173 rezultatus.<\/p><p>Jei norite atlikti i\u0161samesn\u0119 analiz\u0119, LANDU gali i\u0161bandyti gaminius savo laboratorijoje ir pateikti i\u0161samias eksploatacini\u0173 savybi\u0173 ataskaitas bei rekomendacijas.<\/p>\t\t\t\t\t\t\t\t<\/div>\n\t\t\t\t<\/div>\n\t\t\t\t<\/div>\n\t\t\t\t<\/div>\n\t\t\t\t<\/div>\n\t\t<div class=\"elementor-element elementor-element-7395a7c0 e-con-full e-flex elementor-invisible e-con e-child\" data-id=\"7395a7c0\" data-element_type=\"container\" data-settings=\"{&quot;animation&quot;:&quot;fadeInRight&quot;,&quot;ekit_has_onepagescroll_dot&quot;:&quot;yes&quot;}\">\n\t\t\t\t<div class=\"elementor-element elementor-element-39d16225 elementor-widget elementor-widget-image\" data-id=\"39d16225\" data-element_type=\"widget\" data-settings=\"{&quot;ekit_we_effect_on&quot;:&quot;none&quot;}\" data-widget_type=\"image.default\">\n\t\t\t\t<div class=\"elementor-widget-container\">\n\t\t\t\t\t\t\t\t\t\t\t\t\t\t\t<img fetchpriority=\"high\" decoding=\"async\" width=\"800\" height=\"533\" src=\"https:\/\/landu-china.com\/wp-content\/uploads\/2024\/10\/laboratory.webp\" class=\"elementor-animation-float attachment-full size-full wp-image-12055\" alt=\"laboratorija\" srcset=\"https:\/\/landu-china.com\/wp-content\/uploads\/2024\/10\/laboratory.webp 800w, https:\/\/landu-china.com\/wp-content\/uploads\/2024\/10\/laboratory-300x200.webp 300w, https:\/\/landu-china.com\/wp-content\/uploads\/2024\/10\/laboratory-768x512.webp 768w\" sizes=\"(max-width: 800px) 100vw, 800px\" \/>\t\t\t\t\t\t\t\t\t\t\t\t\t\t\t<\/div>\n\t\t\t\t<\/div>\n\t\t\t\t<div class=\"elementor-element elementor-element-bd3c3a0 elementor-align-center elementor-widget elementor-widget-button\" data-id=\"bd3c3a0\" data-element_type=\"widget\" data-settings=\"{&quot;ekit_we_effect_on&quot;:&quot;none&quot;}\" data-widget_type=\"button.default\">\n\t\t\t\t<div class=\"elementor-widget-container\">\n\t\t\t\t\t\t\t\t\t<div class=\"elementor-button-wrapper\">\n\t\t\t\t\t<a class=\"elementor-button elementor-button-link elementor-size-sm elementor-animation-float\" href=\"#elementor-action%3Aaction%3Dpopup%3Aopen%26settings%3DeyJpZCI6IjE1MTkiLCJ0b2dnbGUiOmZhbHNlfQ%3D%3D\">\n\t\t\t\t\t\t<span class=\"elementor-button-content-wrapper\">\n\t\t\t\t\t\t<span class=\"elementor-button-icon\">\n\t\t\t\t<svg aria-hidden=\"true\" class=\"e-font-icon-svg e-fas-angle-right\" viewbox=\"0 0 256 512\" xmlns=\"http:\/\/www.w3.org\/2000\/svg\"><path d=\"M224.3 273l-136 136c-9.4 9.4-24.6 9.4-33.9 0l-22.6-22.6c-9.4-9.4-9.4-24.6 0-33.9l96.4-96.4-96.4-96.4c-9.4-9.4-9.4-24.6 0-33.9L54.3 103c9.4-9.4 24.6-9.4 33.9 0l136 136c9.5 9.4 9.5 24.6.1 34z\"><\/path><\/svg>\t\t\t<\/span>\n\t\t\t\t\t\t\t\t\t<span class=\"elementor-button-text\">Nedelsiant susisiekite su m\u016bs\u0173 ekspertais<\/span>\n\t\t\t\t\t<\/span>\n\t\t\t\t\t<\/a>\n\t\t\t\t<\/div>\n\t\t\t\t\t\t\t\t<\/div>\n\t\t\t\t<\/div>\n\t\t\t\t<\/div>\n\t\t\t\t<\/div>\n\t\t\t\t\t<\/div>\n\t\t\t\t<\/div>\n\t\t<div class=\"elementor-element elementor-element-10a3e00 e-flex e-con-boxed e-con e-parent\" data-id=\"10a3e00\" data-element_type=\"container\" data-settings=\"{&quot;ekit_has_onepagescroll_dot&quot;:&quot;yes&quot;}\">\n\t\t\t\t\t<div class=\"e-con-inner\">\n\t\t<div class=\"elementor-element elementor-element-94b43c3 e-grid e-con-full e-con e-child\" data-id=\"94b43c3\" data-element_type=\"container\" data-settings=\"{&quot;ekit_has_onepagescroll_dot&quot;:&quot;yes&quot;}\">\n\t\t<div class=\"elementor-element elementor-element-009bd7c e-con-full e-flex e-con e-child\" data-id=\"009bd7c\" data-element_type=\"container\" data-settings=\"{&quot;background_background&quot;:&quot;classic&quot;,&quot;ekit_has_onepagescroll_dot&quot;:&quot;yes&quot;}\">\n\t\t\t\t<div class=\"elementor-element elementor-element-2872de3 elementor-widget elementor-widget-heading\" data-id=\"2872de3\" data-element_type=\"widget\" data-settings=\"{&quot;ekit_we_effect_on&quot;:&quot;none&quot;}\" data-widget_type=\"heading.default\">\n\t\t\t\t<div class=\"elementor-widget-container\">\n\t\t\t\t\t<h6 class=\"elementor-heading-title elementor-size-default\">3.Dalijimasis \u017einiomis ir dokumentacija<\/h6>\t\t\t\t<\/div>\n\t\t\t\t<\/div>\n\t\t\t\t<div class=\"elementor-element elementor-element-4ef6c3a elementor-widget elementor-widget-text-editor\" data-id=\"4ef6c3a\" data-element_type=\"widget\" data-settings=\"{&quot;ekit_we_effect_on&quot;:&quot;none&quot;}\" data-widget_type=\"text-editor.default\">\n\t\t\t\t<div class=\"elementor-widget-container\">\n\t\t\t\t\t\t\t\t\t<p>\"LANDU\" rengia seminarus, internetinius seminarus arba mokymus vietoje, kad klientai b\u016bt\u0173 supa\u017eindinti su celiulioz\u0117s eterio arba RDP taikymu ir nauda.\u00a0<\/p><p>\u0160\u012f \u012fsipareigojim\u0105 patvirtina ir i\u0161sam\u016bs gamini\u0173 dokumentai, \u012fskaitant i\u0161samius duomen\u0173 lapus (TDS), saugos duomen\u0173 lapus (SDS) ir kiekvieno gaminio analiz\u0117s sertifikatus (COA).<\/p>\t\t\t\t\t\t\t\t<\/div>\n\t\t\t\t<\/div>\n\t\t\t\t<\/div>\n\t\t<div class=\"elementor-element elementor-element-d31ba6b e-con-full e-flex e-con e-child\" data-id=\"d31ba6b\" data-element_type=\"container\" data-settings=\"{&quot;background_background&quot;:&quot;classic&quot;,&quot;ekit_has_onepagescroll_dot&quot;:&quot;yes&quot;}\">\n\t\t\t\t<div class=\"elementor-element elementor-element-4b476b4 elementor-widget elementor-widget-heading\" data-id=\"4b476b4\" data-element_type=\"widget\" data-settings=\"{&quot;ekit_we_effect_on&quot;:&quot;none&quot;}\" data-widget_type=\"heading.default\">\n\t\t\t\t<div class=\"elementor-widget-container\">\n\t\t\t\t\t<h6 class=\"elementor-heading-title elementor-size-default\">4.Pramon\u0117s \u012f\u017evalgos ir greitas palaikymas<\/h6>\t\t\t\t<\/div>\n\t\t\t\t<\/div>\n\t\t\t\t<div class=\"elementor-element elementor-element-6c5d4dc elementor-widget elementor-widget-text-editor\" data-id=\"6c5d4dc\" data-element_type=\"widget\" data-settings=\"{&quot;ekit_we_effect_on&quot;:&quot;none&quot;}\" data-widget_type=\"text-editor.default\">\n\t\t\t\t<div class=\"elementor-widget-container\">\n\t\t\t\t\t\t\t\t\t<p>Suprasdama, kaip svarbu pristatyti prekes laiku, \"LANDU\" r\u016bpinasi visa logistika, \u012fskaitant tarptautin\u012f gabenim\u0105 ir muitin\u0117s dokumentus.<\/p><p>\u0160\u012f d\u0117mes\u012f detal\u0117ms skiriame ir m\u016bs\u0173 po\u017ei\u016briui \u012f partneryst\u0119 - klientams, norintiems ilgalaikio bendradarbiavimo, si\u016blome bendro k\u016brimo galimybes ir lanks\u010dias s\u0105lygas.<\/p>\t\t\t\t\t\t\t\t<\/div>\n\t\t\t\t<\/div>\n\t\t\t\t<\/div>\n\t\t<div class=\"elementor-element elementor-element-e0e8cf4 e-con-full e-flex e-con e-child\" data-id=\"e0e8cf4\" data-element_type=\"container\" data-settings=\"{&quot;background_background&quot;:&quot;classic&quot;,&quot;ekit_has_onepagescroll_dot&quot;:&quot;yes&quot;}\">\n\t\t\t\t<div class=\"elementor-element elementor-element-0b3a1f8 elementor-widget elementor-widget-heading\" data-id=\"0b3a1f8\" data-element_type=\"widget\" data-settings=\"{&quot;ekit_we_effect_on&quot;:&quot;none&quot;}\" data-widget_type=\"heading.default\">\n\t\t\t\t<div class=\"elementor-widget-container\">\n\t\t\t\t\t<h6 class=\"elementor-heading-title elementor-size-default\">5.Logistika ir partneryst\u0117s k\u016brimas<\/h6>\t\t\t\t<\/div>\n\t\t\t\t<\/div>\n\t\t\t\t<div class=\"elementor-element elementor-element-3f1a3ba elementor-widget elementor-widget-text-editor\" data-id=\"3f1a3ba\" data-element_type=\"widget\" data-settings=\"{&quot;ekit_we_effect_on&quot;:&quot;none&quot;}\" data-widget_type=\"text-editor.default\">\n\t\t\t\t<div class=\"elementor-widget-container\">\n\t\t\t\t\t\t\t\t\t<p>Suprasdama, kaip svarbu pristatyti prekes laiku, \"LANDU\" r\u016bpinasi visa logistika, \u012fskaitant tarptautin\u012f gabenim\u0105 ir muitin\u0117s dokumentus.<\/p><p>\u0160\u012f d\u0117mes\u012f detal\u0117ms skiriame ir m\u016bs\u0173 po\u017ei\u016briui \u012f partneryst\u0119 - klientams, norintiems ilgalaikio bendradarbiavimo, si\u016blome bendro k\u016brimo galimybes ir lanks\u010dias s\u0105lygas.<\/p>\t\t\t\t\t\t\t\t<\/div>\n\t\t\t\t<\/div>\n\t\t\t\t<\/div>\n\t\t\t\t<\/div>\n\t\t\t\t\t<\/div>\n\t\t\t\t<\/div>\n\t\t<div class=\"elementor-element elementor-element-79d5593 e-flex e-con-boxed e-con e-parent\" data-id=\"79d5593\" data-element_type=\"container\" data-settings=\"{&quot;ekit_has_onepagescroll_dot&quot;:&quot;yes&quot;}\">\n\t\t\t\t\t<div class=\"e-con-inner\">\n\t\t\t\t<div class=\"elementor-element elementor-element-009cd61 elementor-widget elementor-widget-text-editor\" data-id=\"009cd61\" data-element_type=\"widget\" data-settings=\"{&quot;ekit_we_effect_on&quot;:&quot;none&quot;}\" data-widget_type=\"text-editor.default\">\n\t\t\t\t<div class=\"elementor-widget-container\">\n\t\t\t\t\t\t\t\t\t<p>Si\u016blydama i\u0161sam\u0173 prie\u0161pardavimini\u0173 paslaug\u0173 rinkin\u012f, \"LANDU\" demonstruoja savo \u012fsipareigojim\u0105 siekti klient\u0173 s\u0117km\u0117s ir pozicionuoja save kaip patikim\u0105 partner\u012f. M\u016bs\u0173 po\u017ei\u016bris padeda priimti informacija pagr\u012fstus sprendimus ir padeda pagrind\u0105 ilgalaikiams verslo santykiams, grind\u017eiamiems kompetencija, kokybe ir parama.<\/p>\t\t\t\t\t\t\t\t<\/div>\n\t\t\t\t<\/div>\n\t\t\t\t\t<\/div>\n\t\t\t\t<\/div>\n\t\t\t\t<\/div>","protected":false},"excerpt":{"rendered":"<p>I\u0161ankstinio pardavimo paslaugos Prad\u017eia 1.Technin\u0117 kompetencija ir pritaikymas LANDU i\u0161ankstinio pardavimo paslaug\u0173 pagrindas - m\u016bs\u0173 technin\u0117s konsultacijos. M\u016bs\u0173 ekspertai konsultantai glaud\u017eiai bendradarbiauja su klientais, kad pagal konkre\u010dius kliento poreikius (pvz., statyb\u0173, da\u017e\u0173 ar kit\u0173 pramon\u0117s \u0161ak\u0173) parinkt\u0173 tinkamiausi\u0105 celiulioz\u0117s eter\u012f ar kitus gaminius. \u0160is individualus po\u017ei\u016bris apima ir produkt\u0173 pritaikym\u0105. LANDU [...]<\/p>","protected":false},"author":1,"featured_media":0,"parent":344,"menu_order":0,"comment_status":"closed","ping_status":"closed","template":"elementor_header_footer","meta":{"footnotes":""},"class_list":["post-13424","page","type-page","status-publish","hentry"],"_links":{"self":[{"href":"https:\/\/landu-china.com\/lt\/wp-json\/wp\/v2\/pages\/13424","targetHints":{"allow":["GET"]}}],"collection":[{"href":"https:\/\/landu-china.com\/lt\/wp-json\/wp\/v2\/pages"}],"about":[{"href":"https:\/\/landu-china.com\/lt\/wp-json\/wp\/v2\/types\/page"}],"author":[{"embeddable":true,"href":"https:\/\/landu-china.com\/lt\/wp-json\/wp\/v2\/users\/1"}],"replies":[{"embeddable":true,"href":"https:\/\/landu-china.com\/lt\/wp-json\/wp\/v2\/comments?post=13424"}],"version-history":[{"count":37,"href":"https:\/\/landu-china.com\/lt\/wp-json\/wp\/v2\/pages\/13424\/revisions"}],"predecessor-version":[{"id":22915,"href":"https:\/\/landu-china.com\/lt\/wp-json\/wp\/v2\/pages\/13424\/revisions\/22915"}],"up":[{"embeddable":true,"href":"https:\/\/landu-china.com\/lt\/wp-json\/wp\/v2\/pages\/344"}],"wp:attachment":[{"href":"https:\/\/landu-china.com\/lt\/wp-json\/wp\/v2\/media?parent=13424"}],"curies":[{"name":"wp","href":"https:\/\/api.w.org\/{rel}","templated":true}]}}