{"id":12586,"date":"2024-10-17T13:01:40","date_gmt":"2024-10-17T05:01:40","guid":{"rendered":"https:\/\/landu-china.com\/?page_id=12586"},"modified":"2024-11-11T09:26:44","modified_gmt":"2024-11-11T01:26:44","slug":"farmacines-klases-didelio-pakaitalo-hidroksipropilceliuliozeh-hpc","status":"publish","type":"page","link":"https:\/\/landu-china.com\/lt\/produktai\/uquick-farmaciniai-tarpiniai-produktai\/farmacines-klases-didelio-pakaitalo-hidroksipropilceliuliozeh-hpc\/","title":{"rendered":"Farmacijos klas\u0117s auk\u0161to pakaitalo hidroksipropilceliulioz\u0117 (H-HPC)"},"content":{"rendered":"<div data-elementor-type=\"wp-page\" data-elementor-id=\"12586\" class=\"elementor elementor-12586\" data-elementor-post-type=\"page\">\n\t\t\t\t<div class=\"elementor-element elementor-element-e6aecb1 e-con-full e-flex e-con e-parent\" data-id=\"e6aecb1\" data-element_type=\"container\" data-settings=\"{&quot;background_background&quot;:&quot;classic&quot;,&quot;ekit_has_onepagescroll_dot&quot;:&quot;yes&quot;}\">\n\t\t\t\t<div class=\"elementor-element elementor-element-a32e68c elementor--h-position-center elementor--v-position-middle elementor-arrows-position-inside elementor-pagination-position-inside elementor-widget elementor-widget-slides\" data-id=\"a32e68c\" data-element_type=\"widget\" data-settings=\"{&quot;navigation&quot;:&quot;both&quot;,&quot;autoplay&quot;:&quot;yes&quot;,&quot;pause_on_hover&quot;:&quot;yes&quot;,&quot;pause_on_interaction&quot;:&quot;yes&quot;,&quot;autoplay_speed&quot;:5000,&quot;infinite&quot;:&quot;yes&quot;,&quot;transition&quot;:&quot;slide&quot;,&quot;transition_speed&quot;:500,&quot;ekit_we_effect_on&quot;:&quot;none&quot;}\" data-widget_type=\"slides.default\">\n\t\t\t\t<div class=\"elementor-widget-container\">\n\t\t\t\t\t\t\t\t\t<div class=\"elementor-swiper\">\n\t\t\t\t\t<div class=\"elementor-slides-wrapper elementor-main-swiper swiper\" role=\"region\" aria-roledescription=\"carousel\" aria-label=\"Skaidr\u0117s\" dir=\"ltr\" data-animation=\"fadeInUp\">\n\t\t\t\t<div class=\"swiper-wrapper elementor-slides\">\n\t\t\t\t\t\t\t\t\t\t<div class=\"elementor-repeater-item-9f5a44f swiper-slide\" role=\"group\" aria-roledescription=\"slide\"><div class=\"swiper-slide-bg elementor-ken-burns elementor-ken-burns--in\" role=\"img\"><\/div><div class=\"elementor-background-overlay\"><\/div><div class=\"swiper-slide-inner\" ><div class=\"swiper-slide-contents\"><h1 class=\"elementor-slide-heading\">Farmacijos klas\u0117s auk\u0161to pakaitalo hidroksipropilceliulioz\u0117 (H-HPC)<\/h1><div class=\"elementor-slide-description\">H-HPC gali veikti kaip ri\u0161amoji med\u017eiaga farmacijos srityje, pavyzd\u017eiui, formuojant tabletes ir granules, taip pagerinant table\u010di\u0173 patvarum\u0105 ir standum\u0105. D\u0117l i\u0161skirtini\u0173 pl\u0117vel\u0117s formavimo savybi\u0173 H-HPC gali sukurti tvirtas ir elastingas pl\u0117veles, tod\u0117l yra puikus pasirinkimas pl\u0117veli\u0173 dengimo med\u017eiagoms.<\/div><\/div><\/div><\/div>\t\t\t\t<\/div>\n\t\t\t\t\t\t\t<\/div>\n\t\t\t\t<\/div>\n\t\t\t\t\t\t\t\t<\/div>\n\t\t\t\t<\/div>\n\t\t\t\t<\/div>\n\t\t\t\t<section class=\"elementor-section elementor-top-section elementor-element elementor-element-4ab5f51 elementor-section-content-middle elementor-section-boxed elementor-section-height-default elementor-section-height-default\" data-id=\"4ab5f51\" data-element_type=\"section\" data-settings=\"{&quot;ekit_has_onepagescroll_dot&quot;:&quot;yes&quot;}\">\n\t\t\t\t\t\t<div class=\"elementor-container elementor-column-gap-default\">\n\t\t\t\t\t<div class=\"elementor-column elementor-col-50 elementor-top-column elementor-element elementor-element-77f541b5\" data-id=\"77f541b5\" data-element_type=\"column\">\n\t\t\t<div class=\"elementor-widget-wrap elementor-element-populated\">\n\t\t\t\t\t\t<div class=\"elementor-element elementor-element-67f757e2 elementor-widget__width-initial elementor-widget elementor-widget-heading\" data-id=\"67f757e2\" data-element_type=\"widget\" data-settings=\"{&quot;ekit_we_effect_on&quot;:&quot;none&quot;}\" data-widget_type=\"heading.default\">\n\t\t\t\t<div class=\"elementor-widget-container\">\n\t\t\t\t\t<h2 class=\"elementor-heading-title elementor-size-default\">Farmacijos klas\u0117s auk\u0161to pakaitalo hidroksipropilceliulioz\u0117 (H-HPC)<\/h2>\t\t\t\t<\/div>\n\t\t\t\t<\/div>\n\t\t\t\t<div class=\"elementor-element elementor-element-d1b94d1 elementor-widget-divider--view-line elementor-widget elementor-widget-divider\" data-id=\"d1b94d1\" data-element_type=\"widget\" data-settings=\"{&quot;ekit_we_effect_on&quot;:&quot;none&quot;}\" data-widget_type=\"divider.default\">\n\t\t\t\t<div class=\"elementor-widget-container\">\n\t\t\t\t\t\t\t<div class=\"elementor-divider\">\n\t\t\t<span class=\"elementor-divider-separator\">\n\t\t\t\t\t\t<\/span>\n\t\t<\/div>\n\t\t\t\t\t\t<\/div>\n\t\t\t\t<\/div>\n\t\t\t\t<div class=\"elementor-element elementor-element-7140cc2a elementor-widget elementor-widget-text-editor\" data-id=\"7140cc2a\" data-element_type=\"widget\" data-settings=\"{&quot;ekit_we_effect_on&quot;:&quot;none&quot;}\" data-widget_type=\"text-editor.default\">\n\t\t\t\t<div class=\"elementor-widget-container\">\n\t\t\t\t\t\t\t\t\t<p>Hidroksipropilceliulioz\u0117 (HPC), nejoninis celiulioz\u0117s eteris, gaminamas reaguojant \u0161armin\u0117s celiulioz\u0117s \u0161armams su propileno oksidu. Pagal hidroksipropilo pakeitimo laipsn\u012f ji skirstoma \u012f ma\u017eai pakeist\u0105 (L-HPC) ir daug pakeist\u0105 (H-HPC). L-HPC su 9%-15% pakeitimu pasi\u017eymi geru tek\u0117jimu ir suspaud\u017eiamumu, tod\u0117l idealiai tinka kaip dezintegrantas ir ri\u0161iklis tablet\u0117se. H-HPC, kurio pakaitalas yra apie 60%, pasi\u017eymi puikiu tirpumu ir klampumu, tod\u0117l yra pageidaujamas tir\u0161tiklis, emulsiklis ir pl\u0117vel\u0119 formuojanti med\u017eiaga.<\/p>\t\t\t\t\t\t\t\t<\/div>\n\t\t\t\t<\/div>\n\t\t\t\t<div class=\"elementor-element elementor-element-6da8ac6 elementor-align-left elementor-widget elementor-widget-elementskit-button\" data-id=\"6da8ac6\" data-element_type=\"widget\" data-settings=\"{&quot;ekit_we_effect_on&quot;:&quot;none&quot;}\" data-widget_type=\"elementskit-button.default\">\n\t\t\t\t<div class=\"elementor-widget-container\">\n\t\t\t\t\t<div class=\"ekit-wid-con\" >\t\t<div class=\"ekit-btn-wraper\">\n\t\t\t\t\t\t\t<a href=\"#elementor-action%3Aaction%3Dpopup%3Aopen%26settings%3DeyJpZCI6IjE1MTkiLCJ0b2dnbGUiOmZhbHNlfQ%3D%3D\" class=\"elementskit-btn  whitespace--normal\" id=\"\">\n\t\t\t\t\tPaklauskite citatos<i class=\"fasicon icon-arrow-right\"><\/i>\t\t\t\t<\/a>\n\t\t\t\t\t<\/div>\n        <\/div>\t\t\t\t<\/div>\n\t\t\t\t<\/div>\n\t\t\t\t\t<\/div>\n\t\t<\/div>\n\t\t\t\t<div class=\"elementor-column elementor-col-50 elementor-top-column elementor-element elementor-element-1908aac7\" data-id=\"1908aac7\" data-element_type=\"column\" data-settings=\"{&quot;background_background&quot;:&quot;classic&quot;}\">\n\t\t\t<div class=\"elementor-widget-wrap\">\n\t\t\t\t\t\t\t<\/div>\n\t\t<\/div>\n\t\t\t\t\t<\/div>\n\t\t<\/section>\n\t\t\t\t<section class=\"elementor-section elementor-top-section elementor-element elementor-element-49d2f36 elementor-section-boxed elementor-section-height-default elementor-section-height-default\" data-id=\"49d2f36\" data-element_type=\"section\" data-settings=\"{&quot;ekit_has_onepagescroll_dot&quot;:&quot;yes&quot;}\">\n\t\t\t\t\t\t<div class=\"elementor-container elementor-column-gap-default\">\n\t\t\t\t\t<div class=\"elementor-column elementor-col-100 elementor-top-column elementor-element elementor-element-5ca0f8d\" data-id=\"5ca0f8d\" data-element_type=\"column\">\n\t\t\t<div class=\"elementor-widget-wrap elementor-element-populated\">\n\t\t\t\t\t\t<section class=\"elementor-section elementor-inner-section elementor-element elementor-element-0c16823 elementor-section-boxed elementor-section-height-default elementor-section-height-default\" data-id=\"0c16823\" data-element_type=\"section\" data-settings=\"{&quot;ekit_has_onepagescroll_dot&quot;:&quot;yes&quot;}\">\n\t\t\t\t\t\t<div class=\"elementor-container elementor-column-gap-default\">\n\t\t\t\t\t<div class=\"elementor-column elementor-col-25 elementor-inner-column elementor-element elementor-element-35334ec\" data-id=\"35334ec\" data-element_type=\"column\">\n\t\t\t<div class=\"elementor-widget-wrap elementor-element-populated\">\n\t\t\t\t\t\t<div class=\"elementor-element elementor-element-800ebf7 ekit-equal-height-disable elementor-widget elementor-widget-elementskit-icon-box\" data-id=\"800ebf7\" data-element_type=\"widget\" data-settings=\"{&quot;ekit_we_effect_on&quot;:&quot;none&quot;}\" data-widget_type=\"elementskit-icon-box.default\">\n\t\t\t\t<div class=\"elementor-widget-container\">\n\t\t\t\t\t<div class=\"ekit-wid-con\" >        <!-- link opening -->\n                <!-- end link opening -->\n\n        <div class=\"elementskit-infobox text- text- icon-lef-right-aligin elementor-animation-bob\">\n                        <div class=\"box-body\">\n                            <h3 class=\"elementskit-info-box-title\">\n                    Balti, bekvapiai, beskoniai milteliai.                <\/h3>\n                        \t\t  \t<p>Tirpsta vandenyje ir \u012fvairiuose organiniuose tirpikliuose, pavyzd\u017eiui, etanolyje ir acetone, kambario temperat\u016broje; tirpalai skaidr\u016bs.<\/p>\n                                        <div class=\"box-footer disable_hover_button\">\n                    <div class=\"btn-wraper\">\n                                                            <a class=\"elementskit-btn whitespace--normal\" href=\"#elementor-action%3Aaction%3Dpopup%3Aopen%26settings%3DeyJpZCI6IjE1MTkiLCJ0b2dnbGUiOmZhbHNlfQ%3D%3D\">\n                                        Su\u017einokite daugiau                                                                            <\/a>\n                                                        <\/div>\n                <\/div>\n                    <\/div>\n        \n        \n                <\/div>\n        <\/div>\t\t\t\t<\/div>\n\t\t\t\t<\/div>\n\t\t\t\t\t<\/div>\n\t\t<\/div>\n\t\t\t\t<div class=\"elementor-column elementor-col-25 elementor-inner-column elementor-element elementor-element-839c4e6\" data-id=\"839c4e6\" data-element_type=\"column\">\n\t\t\t<div class=\"elementor-widget-wrap elementor-element-populated\">\n\t\t\t\t\t\t<div class=\"elementor-element elementor-element-70304ee ekit-equal-height-disable elementor-widget elementor-widget-elementskit-icon-box\" data-id=\"70304ee\" data-element_type=\"widget\" data-settings=\"{&quot;ekit_we_effect_on&quot;:&quot;none&quot;}\" data-widget_type=\"elementskit-icon-box.default\">\n\t\t\t\t<div class=\"elementor-widget-container\">\n\t\t\t\t\t<div class=\"ekit-wid-con\" >        <!-- link opening -->\n                <!-- end link opening -->\n\n        <div class=\"elementskit-infobox text- text- icon-lef-right-aligin elementor-animation-bob\">\n                        <div class=\"box-body\">\n                            <h3 class=\"elementskit-info-box-title\">\n                    Puikios pl\u0117vel\u0117s formavimo savyb\u0117s.                <\/h3>\n                        \t\t  \t<p>H-HPC yra gera termoplastin\u0117 med\u017eiaga, pasi\u017eyminti puikiomis pl\u0117vel\u0117s formavimo savyb\u0117mis. Pl\u0117vel\u0117s yra tvirtos, blizgios ir labai elastingos.<\/p>\n                                        <div class=\"box-footer disable_hover_button\">\n                    <div class=\"btn-wraper\">\n                                                            <a class=\"elementskit-btn whitespace--normal\" href=\"#elementor-action%3Aaction%3Dpopup%3Aopen%26settings%3DeyJpZCI6IjE1MTkiLCJ0b2dnbGUiOmZhbHNlfQ%3D%3D\">\n                                        Su\u017einokite daugiau                                                                            <\/a>\n                                                        <\/div>\n                <\/div>\n                    <\/div>\n        \n        \n                <\/div>\n        <\/div>\t\t\t\t<\/div>\n\t\t\t\t<\/div>\n\t\t\t\t\t<\/div>\n\t\t<\/div>\n\t\t\t\t<div class=\"elementor-column elementor-col-25 elementor-inner-column elementor-element elementor-element-0680bbe\" data-id=\"0680bbe\" data-element_type=\"column\">\n\t\t\t<div class=\"elementor-widget-wrap elementor-element-populated\">\n\t\t\t\t\t\t<div class=\"elementor-element elementor-element-24d770a ekit-equal-height-disable elementor-widget elementor-widget-elementskit-icon-box\" data-id=\"24d770a\" data-element_type=\"widget\" data-settings=\"{&quot;ekit_we_effect_on&quot;:&quot;none&quot;}\" data-widget_type=\"elementskit-icon-box.default\">\n\t\t\t\t<div class=\"elementor-widget-container\">\n\t\t\t\t\t<div class=\"ekit-wid-con\" >        <!-- link opening -->\n                <!-- end link opening -->\n\n        <div class=\"elementskit-infobox text- text- icon-lef-right-aligin elementor-animation-bob\">\n                        <div class=\"box-body\">\n                            <h3 class=\"elementskit-info-box-title\">\n                    ma\u017eas pelen\u0173 kiekis.                <\/h3>\n                        \t\t  \t<p>D\u0117l labai ma\u017eo pelen\u0173 kiekio \u0161is produktas pasi\u017eymi puikiomis sukibimo savyb\u0117mis. Jis labai stabilus, kai naudojamas kaip emulsijos tir\u0161tiklis, ir pasi\u017eymi geru dispersi\u0161kumu.<\/p>\n                                        <div class=\"box-footer disable_hover_button\">\n                    <div class=\"btn-wraper\">\n                                                            <a class=\"elementskit-btn whitespace--normal\" href=\"#elementor-action%3Aaction%3Dpopup%3Aopen%26settings%3DeyJpZCI6IjE1MTkiLCJ0b2dnbGUiOmZhbHNlfQ%3D%3D\">\n                                        Su\u017einokite daugiau                                                                            <\/a>\n                                                        <\/div>\n                <\/div>\n                    <\/div>\n        \n        \n                <\/div>\n        <\/div>\t\t\t\t<\/div>\n\t\t\t\t<\/div>\n\t\t\t\t\t<\/div>\n\t\t<\/div>\n\t\t\t\t<div class=\"elementor-column elementor-col-25 elementor-inner-column elementor-element elementor-element-bac3d33\" data-id=\"bac3d33\" data-element_type=\"column\">\n\t\t\t<div class=\"elementor-widget-wrap elementor-element-populated\">\n\t\t\t\t\t\t<div class=\"elementor-element elementor-element-07178d3 ekit-equal-height-disable elementor-widget elementor-widget-elementskit-icon-box\" data-id=\"07178d3\" data-element_type=\"widget\" data-settings=\"{&quot;ekit_we_effect_on&quot;:&quot;none&quot;}\" data-widget_type=\"elementskit-icon-box.default\">\n\t\t\t\t<div class=\"elementor-widget-container\">\n\t\t\t\t\t<div class=\"ekit-wid-con\" >        <!-- link opening -->\n                <!-- end link opening -->\n\n        <div class=\"elementskit-infobox text- text- icon-lef-right-aligin elementor-animation-bob\">\n                        <div class=\"box-body\">\n                            <h3 class=\"elementskit-info-box-title\">\n                    Stiprios antibakterin\u0117s savyb\u0117s.                <\/h3>\n                        \t\t  \t<p>H-HPC pakaitin\u0117s grup\u0117s pasiskirs\u010diusios tolygiai ir visi\u0161kai, tod\u0117l jis pasi\u017eymi stipriomis antibakterin\u0117mis savyb\u0117mis. Jis taip pat pasi\u017eymi ma\u017eu pusiausvyros dr\u0117gm\u0117s kiekiu.<\/p>\n                                        <div class=\"box-footer disable_hover_button\">\n                    <div class=\"btn-wraper\">\n                                                            <a class=\"elementskit-btn whitespace--normal\" href=\"#elementor-action%3Aaction%3Dpopup%3Aopen%26settings%3DeyJpZCI6IjE1MTkiLCJ0b2dnbGUiOmZhbHNlfQ%3D%3D\">\n                                        Su\u017einokite daugiau                                                                            <\/a>\n                                                        <\/div>\n                <\/div>\n                    <\/div>\n        \n        \n                <\/div>\n        <\/div>\t\t\t\t<\/div>\n\t\t\t\t<\/div>\n\t\t\t\t\t<\/div>\n\t\t<\/div>\n\t\t\t\t\t<\/div>\n\t\t<\/section>\n\t\t\t\t\t<\/div>\n\t\t<\/div>\n\t\t\t\t\t<\/div>\n\t\t<\/section>\n\t\t\t\t<section class=\"elementor-section elementor-top-section elementor-element elementor-element-44f2ecce elementor-section-boxed elementor-section-height-default elementor-section-height-default\" data-id=\"44f2ecce\" data-element_type=\"section\" data-settings=\"{&quot;ekit_has_onepagescroll_dot&quot;:&quot;yes&quot;}\">\n\t\t\t\t\t\t<div class=\"elementor-container elementor-column-gap-default\">\n\t\t\t\t\t<div class=\"elementor-column elementor-col-100 elementor-top-column elementor-element elementor-element-2dfc2e86\" data-id=\"2dfc2e86\" data-element_type=\"column\">\n\t\t\t<div class=\"elementor-widget-wrap elementor-element-populated\">\n\t\t\t\t\t\t<section class=\"elementor-section elementor-inner-section elementor-element elementor-element-7f99b3c9 elementor-section-boxed elementor-section-height-default elementor-section-height-default\" data-id=\"7f99b3c9\" data-element_type=\"section\" data-settings=\"{&quot;ekit_has_onepagescroll_dot&quot;:&quot;yes&quot;}\">\n\t\t\t\t\t\t<div class=\"elementor-container elementor-column-gap-default\">\n\t\t\t\t\t<div class=\"elementor-column elementor-col-50 elementor-inner-column elementor-element elementor-element-51800808\" data-id=\"51800808\" data-element_type=\"column\">\n\t\t\t<div class=\"elementor-widget-wrap elementor-element-populated\">\n\t\t\t\t\t\t<div class=\"elementor-element elementor-element-579c4339 elementor-widget elementor-widget-elementskit-stylish-list\" data-id=\"579c4339\" data-element_type=\"widget\" data-settings=\"{&quot;ekit_we_effect_on&quot;:&quot;none&quot;}\" data-widget_type=\"elementskit-stylish-list.default\">\n\t\t\t\t<div class=\"elementor-widget-container\">\n\t\t\t\t\t<div class=\"ekit-wid-con\">\t\t<ul class=\"ekit-stylish-list\" >\n\t\t\t\t\t\t\t<li class=\"ekit-stylish-list-content-wrapper elementor-repeater-item-64a7fad\" >\n\t\t\t\t\t\t\t\t\t\t<div class=\"ekit-stylish-list-content\">\n\t\t\t\t\t\t\t\t\t\t\t\t\t\t\t\t\t\t\t\t\t\t\t\t<div class=\"ekit-stylish-list-content-text\">\n\t\t\t\t\t\t\t<span class=\"ekit-stylish-list-content-title\">Kaip vaist\u0173 ri\u0161amoji med\u017eiaga<\/span>\n\t\t\t\t\t\t\t\t\t\t\t\t\t\t\t<span class=\"ekit-stylish-list-content-description\">Farmacijos pramon\u0117je didelio pakaitalo hidroksipropilceliulioz\u0117 (H-HPC) pirmiausia naudojama kaip ri\u0161amoji med\u017eiaga tablet\u0117se, granul\u0117se ir granuliuotose med\u017eiagose. Paprastai jos naudojama nuo 1% iki 5% visos vaisto mas\u0117s. HPC gali padidinti table\u010di\u0173 stabilum\u0105 ir kietum\u0105, o jos tirpimo laikas yra geresnis nei table\u010di\u0173, kuriose kaip ri\u0161amosios med\u017eiagos naudojamos kitos med\u017eiagos. D\u0117l to HPC yra svarbus komponentas optimizuojant vaist\u0173 formules ir gerinant vaist\u0173 atpalaidavim\u0105.<\/span>\n\t\t\t\t\t\t\t\t\t\t\t\t\t<\/div>\n\t\t\t\t\t\t\t\t\t\t\t<\/div>\n\t\t\t\t\t\n\t\t\t\t<\/li>\n\t\t\t\t\t\t\t\t\t<\/ul>\n\t<\/div>\t\t\t\t<\/div>\n\t\t\t\t<\/div>\n\t\t\t\t\t<\/div>\n\t\t<\/div>\n\t\t\t\t<div class=\"elementor-column elementor-col-50 elementor-inner-column elementor-element elementor-element-1b3d35aa\" data-id=\"1b3d35aa\" data-element_type=\"column\">\n\t\t\t<div class=\"elementor-widget-wrap elementor-element-populated\">\n\t\t\t\t\t\t<div class=\"elementor-element elementor-element-ef33b19 elementor-widget elementor-widget-elementskit-stylish-list\" data-id=\"ef33b19\" data-element_type=\"widget\" data-settings=\"{&quot;ekit_we_effect_on&quot;:&quot;none&quot;}\" data-widget_type=\"elementskit-stylish-list.default\">\n\t\t\t\t<div class=\"elementor-widget-container\">\n\t\t\t\t\t<div class=\"ekit-wid-con\">\t\t<ul class=\"ekit-stylish-list\" >\n\t\t\t\t\t\t\t<li class=\"ekit-stylish-list-content-wrapper elementor-repeater-item-be39af2\" >\n\t\t\t\t\t\t\t\t\t\t<div class=\"ekit-stylish-list-content\">\n\t\t\t\t\t\t\t\t\t\t\t\t\t\t\t\t\t\t\t\t\t\t\t\t<div class=\"ekit-stylish-list-content-text\">\n\t\t\t\t\t\t\t<span class=\"ekit-stylish-list-content-title\">Dengiamoji med\u017eiaga tablet\u0117ms<\/span>\n\t\t\t\t\t\t\t\t\t\t\t\t\t\t\t<span class=\"ekit-stylish-list-content-description\">Didelio pakaitalo hidroksipropilceliulioz\u0117, da\u017enai sutrumpintai vadinama H-HPC, farmacijos pramon\u0117je da\u017enai naudojama kaip pl\u0117vel\u0117s dengimo med\u017eiaga tablet\u0117ms gaminti. Ji pasi\u017eymi i\u0161skirtin\u0117mis pl\u0117vel\u0117s formavimo savyb\u0117mis, tod\u0117l pl\u0117vel\u0117 yra ne tik tvirta, bet ir elastinga, savo kokybe prilygstanti pl\u0117vel\u0117ms, pagamintoms naudojant plastifikatorius. Viena i\u0161 i\u0161skirtini\u0173 H-HPC savybi\u0173 - geb\u0117jimas i\u0161laikyti itin ma\u017e\u0105 pusiausvyros dr\u0117gm\u0117s kiek\u012f. <\/span>\n\t\t\t\t\t\t\t\t\t\t\t\t\t<\/div>\n\t\t\t\t\t\t\t\t\t\t\t<\/div>\n\t\t\t\t\t\n\t\t\t\t<\/li>\n\t\t\t\t\t\t\t\t\t<\/ul>\n\t<\/div>\t\t\t\t<\/div>\n\t\t\t\t<\/div>\n\t\t\t\t\t<\/div>\n\t\t<\/div>\n\t\t\t\t\t<\/div>\n\t\t<\/section>\n\t\t\t\t\t<\/div>\n\t\t<\/div>\n\t\t\t\t\t<\/div>\n\t\t<\/section>\n\t\t\t\t<section class=\"elementor-section elementor-top-section elementor-element elementor-element-68c9a3a elementor-section-boxed elementor-section-height-default elementor-section-height-default\" data-id=\"68c9a3a\" data-element_type=\"section\" data-settings=\"{&quot;ekit_has_onepagescroll_dot&quot;:&quot;yes&quot;}\">\n\t\t\t\t\t\t<div class=\"elementor-container elementor-column-gap-default\">\n\t\t\t\t\t<div class=\"elementor-column elementor-col-100 elementor-top-column elementor-element elementor-element-236cf49\" data-id=\"236cf49\" data-element_type=\"column\">\n\t\t\t<div class=\"elementor-widget-wrap elementor-element-populated\">\n\t\t\t\t\t\t<section class=\"elementor-section elementor-inner-section elementor-element elementor-element-4898ccc elementor-section-full_width elementor-section-height-default elementor-section-height-default\" data-id=\"4898ccc\" data-element_type=\"section\" data-settings=\"{&quot;background_background&quot;:&quot;classic&quot;,&quot;ekit_has_onepagescroll_dot&quot;:&quot;yes&quot;}\">\n\t\t\t\t\t\t<div class=\"elementor-container elementor-column-gap-default\">\n\t\t\t\t\t<div class=\"elementor-column elementor-col-100 elementor-inner-column elementor-element elementor-element-5fa0893\" data-id=\"5fa0893\" data-element_type=\"column\">\n\t\t\t<div class=\"elementor-widget-wrap elementor-element-populated\">\n\t\t\t\t\t\t<div class=\"elementor-element elementor-element-e46b95e elementor-widget elementor-widget-elementskit-heading\" data-id=\"e46b95e\" data-element_type=\"widget\" data-settings=\"{&quot;ekit_we_effect_on&quot;:&quot;none&quot;}\" data-widget_type=\"elementskit-heading.default\">\n\t\t\t\t<div class=\"elementor-widget-container\">\n\t\t\t\t\t<div class=\"ekit-wid-con\" ><div class=\"ekit-heading elementskit-section-title-wraper center   ekit_heading_tablet-   ekit_heading_mobile-\"><h2 class=\"ekit-heading--title elementskit-section-title\">Reikia daugiau paramos ?<\/h2>\t\t\t\t<div class='ekit-heading__description'>\n\t\t\t\t\t<p>Jei reikia pagalbos arba turite klausim\u0173, nedvejodami kreipkit\u0117s \u012f m\u016bs\u0173 technin\u0117s pagalbos komand\u0105.<\/p>\n\t\t\t\t<\/div>\n\t\t\t<\/div><\/div>\t\t\t\t<\/div>\n\t\t\t\t<\/div>\n\t\t\t\t<div class=\"elementor-element elementor-element-0e67316 elementor-align--mobilecenter elementor-align-center elementor-widget elementor-widget-elementskit-button\" data-id=\"0e67316\" data-element_type=\"widget\" data-settings=\"{&quot;ekit_we_effect_on&quot;:&quot;none&quot;}\" data-widget_type=\"elementskit-button.default\">\n\t\t\t\t<div class=\"elementor-widget-container\">\n\t\t\t\t\t<div class=\"ekit-wid-con\" >\t\t<div class=\"ekit-btn-wraper\">\n\t\t\t\t\t\t\t<a href=\"#elementor-action%3Aaction%3Dpopup%3Aopen%26settings%3DeyJpZCI6IjE1MTkiLCJ0b2dnbGUiOmZhbHNlfQ%3D%3D\" class=\"elementskit-btn  whitespace--normal\" id=\"\">\n\t\t\t\t\tTechnin\u0117 pagalba\t\t\t\t<\/a>\n\t\t\t\t\t<\/div>\n        <\/div>\t\t\t\t<\/div>\n\t\t\t\t<\/div>\n\t\t\t\t\t<\/div>\n\t\t<\/div>\n\t\t\t\t\t<\/div>\n\t\t<\/section>\n\t\t\t\t\t<\/div>\n\t\t<\/div>\n\t\t\t\t\t<\/div>\n\t\t<\/section>\n\t\t\t\t<\/div>","protected":false},"excerpt":{"rendered":"<p>Farmacin\u0117s klas\u0117s didelio pakaitalo hidroksipropilceliulioz\u0117 (H-HPC) H-HPC gali veikti kaip ri\u0161amoji med\u017eiaga, naudojama farmacijoje, pavyzd\u017eiui, formuojant tabletes ir granules, taip pagerinant table\u010di\u0173 patvarum\u0105 ir standum\u0105. D\u0117l i\u0161skirtini\u0173 pl\u0117vel\u0117s formavimo savybi\u0173 H-HPC gali sukurti tvirtas ir elastingas pl\u0117veles, tod\u0117l yra puikus pasirinkimas pl\u0117veli\u0173 dengimo med\u017eiagoms. Farmacin\u0117s klas\u0117s auk\u0161tos substitucijos [...]<\/p>","protected":false},"author":1,"featured_media":0,"parent":9903,"menu_order":0,"comment_status":"closed","ping_status":"closed","template":"elementor_header_footer","meta":{"footnotes":""},"class_list":["post-12586","page","type-page","status-publish","hentry"],"_links":{"self":[{"href":"https:\/\/landu-china.com\/lt\/wp-json\/wp\/v2\/pages\/12586","targetHints":{"allow":["GET"]}}],"collection":[{"href":"https:\/\/landu-china.com\/lt\/wp-json\/wp\/v2\/pages"}],"about":[{"href":"https:\/\/landu-china.com\/lt\/wp-json\/wp\/v2\/types\/page"}],"author":[{"embeddable":true,"href":"https:\/\/landu-china.com\/lt\/wp-json\/wp\/v2\/users\/1"}],"replies":[{"embeddable":true,"href":"https:\/\/landu-china.com\/lt\/wp-json\/wp\/v2\/comments?post=12586"}],"version-history":[{"count":41,"href":"https:\/\/landu-china.com\/lt\/wp-json\/wp\/v2\/pages\/12586\/revisions"}],"predecessor-version":[{"id":19099,"href":"https:\/\/landu-china.com\/lt\/wp-json\/wp\/v2\/pages\/12586\/revisions\/19099"}],"up":[{"embeddable":true,"href":"https:\/\/landu-china.com\/lt\/wp-json\/wp\/v2\/pages\/9903"}],"wp:attachment":[{"href":"https:\/\/landu-china.com\/lt\/wp-json\/wp\/v2\/media?parent=12586"}],"curies":[{"name":"wp","href":"https:\/\/api.w.org\/{rel}","templated":true}]}}