{"id":11247,"date":"2024-10-15T11:10:12","date_gmt":"2024-10-15T03:10:12","guid":{"rendered":"https:\/\/landu-china.com\/?page_id=11247"},"modified":"2024-10-22T16:10:09","modified_gmt":"2024-10-22T08:10:09","slug":"aciu","status":"publish","type":"page","link":"https:\/\/landu-china.com\/lt\/aciu\/","title":{"rendered":"a\u010di\u016b"},"content":{"rendered":"<div data-elementor-type=\"wp-page\" data-elementor-id=\"11247\" class=\"elementor elementor-11247\" data-elementor-post-type=\"page\">\n\t\t\t\t<div class=\"elementor-element elementor-element-69570bc5 e-flex e-con-boxed e-con e-parent\" data-id=\"69570bc5\" data-element_type=\"container\" data-settings=\"{&quot;background_background&quot;:&quot;classic&quot;,&quot;ekit_has_onepagescroll_dot&quot;:&quot;yes&quot;}\">\n\t\t\t\t\t<div class=\"e-con-inner\">\n\t\t<div class=\"elementor-element elementor-element-30e3116 e-con-full e-flex e-con e-child\" data-id=\"30e3116\" data-element_type=\"container\" data-settings=\"{&quot;background_background&quot;:&quot;classic&quot;,&quot;ekit_has_onepagescroll_dot&quot;:&quot;yes&quot;}\">\n\t\t\t\t<div class=\"elementor-element elementor-element-616e71b elementor-widget elementor-widget-heading\" data-id=\"616e71b\" data-element_type=\"widget\" data-settings=\"{&quot;ekit_we_effect_on&quot;:&quot;none&quot;}\" data-widget_type=\"heading.default\">\n\t\t\t\t<div class=\"elementor-widget-container\">\n\t\t\t\t\t<h2 class=\"elementor-heading-title elementor-size-default\">Gavome j\u016bs\u0173 \u017einut\u0119 ir netrukus su jumis susisieksime.<\/h2>\t\t\t\t<\/div>\n\t\t\t\t<\/div>\n\t\t\t\t<div class=\"elementor-element elementor-element-4ad53d2 elementor-widget elementor-widget-html\" data-id=\"4ad53d2\" data-element_type=\"widget\" data-settings=\"{&quot;ekit_we_effect_on&quot;:&quot;none&quot;}\" data-widget_type=\"html.default\">\n\t\t\t\t<div class=\"elementor-widget-container\">\n\t\t\t\t\t<meta http-equiv=\"refresh\" content=\"5; url='\/'\">\t\t\t\t<\/div>\n\t\t\t\t<\/div>\n\t\t\t\t<div class=\"elementor-element elementor-element-2be7aa9 elementor-widget elementor-widget-heading\" data-id=\"2be7aa9\" data-element_type=\"widget\" data-settings=\"{&quot;ekit_we_effect_on&quot;:&quot;none&quot;}\" data-widget_type=\"heading.default\">\n\t\t\t\t<div class=\"elementor-widget-container\">\n\t\t\t\t\t<h2 class=\"elementor-heading-title elementor-size-default\">Po 5 sekund\u017ei\u0173 b\u016bsite automati\u0161kai nukreipti \u012f pagrindin\u012f puslap\u012f.<\/h2>\t\t\t\t<\/div>\n\t\t\t\t<\/div>\n\t\t\t\t<\/div>\n\t\t<div class=\"elementor-element elementor-element-362b1a09 e-con-full e-flex e-con e-child\" data-id=\"362b1a09\" data-element_type=\"container\" data-settings=\"{&quot;ekit_has_onepagescroll_dot&quot;:&quot;yes&quot;}\">\n\t\t\t\t<\/div>\n\t\t\t\t\t<\/div>\n\t\t\t\t<\/div>\n\t\t\t\t<\/div>","protected":false},"excerpt":{"rendered":"<p>Gavome j\u016bs\u0173 \u017einut\u0119 ir netrukus su jumis susisieksime. Po 5 sekund\u017ei\u0173 b\u016bsite automati\u0161kai nukreipti \u012f pagrindin\u012f puslap\u012f.<\/p>","protected":false},"author":1,"featured_media":0,"parent":0,"menu_order":0,"comment_status":"closed","ping_status":"closed","template":"elementor_header_footer","meta":{"footnotes":""},"class_list":["post-11247","page","type-page","status-publish","hentry"],"_links":{"self":[{"href":"https:\/\/landu-china.com\/lt\/wp-json\/wp\/v2\/pages\/11247","targetHints":{"allow":["GET"]}}],"collection":[{"href":"https:\/\/landu-china.com\/lt\/wp-json\/wp\/v2\/pages"}],"about":[{"href":"https:\/\/landu-china.com\/lt\/wp-json\/wp\/v2\/types\/page"}],"author":[{"embeddable":true,"href":"https:\/\/landu-china.com\/lt\/wp-json\/wp\/v2\/users\/1"}],"replies":[{"embeddable":true,"href":"https:\/\/landu-china.com\/lt\/wp-json\/wp\/v2\/comments?post=11247"}],"version-history":[{"count":70,"href":"https:\/\/landu-china.com\/lt\/wp-json\/wp\/v2\/pages\/11247\/revisions"}],"predecessor-version":[{"id":14703,"href":"https:\/\/landu-china.com\/lt\/wp-json\/wp\/v2\/pages\/11247\/revisions\/14703"}],"wp:attachment":[{"href":"https:\/\/landu-china.com\/lt\/wp-json\/wp\/v2\/media?parent=11247"}],"curies":[{"name":"wp","href":"https:\/\/api.w.org\/{rel}","templated":true}]}}