{"id":3745,"date":"2024-07-29T15:13:20","date_gmt":"2024-07-29T07:13:20","guid":{"rendered":"https:\/\/landu-china.com\/?page_id=3745"},"modified":"2024-07-29T16:14:04","modified_gmt":"2024-07-29T08:14:04","slug":"prodotti-con-documentata-bassa-impronta-ambientale","status":"publish","type":"page","link":"https:\/\/landu-china.com\/it\/prodotti-con-documentata-bassa-impronta-ambientale\/","title":{"rendered":"Prodotti a bassa impronta ambientale documentata"},"content":{"rendered":"<div data-elementor-type=\"wp-page\" data-elementor-id=\"3745\" class=\"elementor elementor-3745\" data-elementor-post-type=\"page\">\n\t\t\t\t<div class=\"elementor-element elementor-element-832e259 e-flex e-con-boxed e-con e-parent\" data-id=\"832e259\" data-element_type=\"container\" data-settings=\"{&quot;background_background&quot;:&quot;classic&quot;,&quot;ekit_has_onepagescroll_dot&quot;:&quot;yes&quot;}\">\n\t\t\t\t\t<div class=\"e-con-inner\">\n\t\t\t\t<div class=\"elementor-element elementor-element-f07d774 elementor-widget__width-initial elementor-widget elementor-widget-heading\" data-id=\"f07d774\" data-element_type=\"widget\" data-settings=\"{&quot;ekit_we_effect_on&quot;:&quot;none&quot;}\" data-widget_type=\"heading.default\">\n\t\t\t\t<div class=\"elementor-widget-container\">\n\t\t\t\t\t<h2 class=\"elementor-heading-title elementor-size-default\">Prodotti a bassa impronta ambientale documentata<\/h2>\t\t\t\t<\/div>\n\t\t\t\t<\/div>\n\t\t\t\t<div class=\"elementor-element elementor-element-54592e9 elementor-widget__width-initial elementor-widget elementor-widget-text-editor\" data-id=\"54592e9\" data-element_type=\"widget\" data-settings=\"{&quot;ekit_we_effect_on&quot;:&quot;none&quot;}\" data-widget_type=\"text-editor.default\">\n\t\t\t\t<div class=\"elementor-widget-container\">\n\t\t\t\t\t\t\t\t\t<p>I nostri prodotti vantano una bassa impronta climatica e prestazioni ambientali superiori nella maggior parte delle categorie.<\/p>\t\t\t\t\t\t\t\t<\/div>\n\t\t\t\t<\/div>\n\t\t\t\t\t<\/div>\n\t\t\t\t<\/div>\n\t\t<div class=\"elementor-element elementor-element-af21400 e-flex e-con-boxed e-con e-parent\" data-id=\"af21400\" data-element_type=\"container\" data-settings=\"{&quot;ekit_has_onepagescroll_dot&quot;:&quot;yes&quot;}\">\n\t\t\t\t\t<div class=\"e-con-inner\">\n\t\t\t\t<div class=\"elementor-element elementor-element-ee22895 elementor-widget elementor-widget-heading\" data-id=\"ee22895\" data-element_type=\"widget\" data-settings=\"{&quot;ekit_we_effect_on&quot;:&quot;none&quot;}\" data-widget_type=\"heading.default\">\n\t\t\t\t<div class=\"elementor-widget-container\">\n\t\t\t\t\t<h2 class=\"elementor-heading-title elementor-size-default\">Il nostro approccio strategico<\/h2>\t\t\t\t<\/div>\n\t\t\t\t<\/div>\n\t\t\t\t<div class=\"elementor-element elementor-element-b0428b0 elementor-widget elementor-widget-image\" data-id=\"b0428b0\" data-element_type=\"widget\" data-settings=\"{&quot;ekit_we_effect_on&quot;:&quot;none&quot;}\" data-widget_type=\"image.default\">\n\t\t\t\t<div class=\"elementor-widget-container\">\n\t\t\t\t\t\t\t\t\t\t\t\t\t\t\t<img decoding=\"async\" width=\"55\" height=\"9\" src=\"https:\/\/landu-china.com\/wp-content\/uploads\/2024\/06\/\u8d44\u6e90-1.png\" class=\"attachment-large size-large wp-image-87\" alt=\"\" \/>\t\t\t\t\t\t\t\t\t\t\t\t\t\t\t<\/div>\n\t\t\t\t<\/div>\n\t\t\t\t<div class=\"elementor-element elementor-element-e6c6337 elementor-widget elementor-widget-text-editor\" data-id=\"e6c6337\" data-element_type=\"widget\" data-settings=\"{&quot;ekit_we_effect_on&quot;:&quot;none&quot;}\" data-widget_type=\"text-editor.default\">\n\t\t\t\t<div class=\"elementor-widget-container\">\n\t\t\t\t\t\t\t\t\t<div class=\"elementor-element elementor-element-26d6bf8c elementor-widget__width-initial elementor-widget elementor-widget-text-editor\" data-id=\"26d6bf8c\" data-element_type=\"widget\" data-settings=\"{&quot;ekit_we_effect_on&quot;:&quot;none&quot;}\" data-widget_type=\"text-editor.default\"><div class=\"elementor-widget-container\"><div class=\"elementor-element elementor-element-26d6bf8c elementor-widget__width-initial elementor-widget elementor-widget-text-editor\" data-id=\"26d6bf8c\" data-element_type=\"widget\" data-settings=\"{&quot;ekit_we_effect_on&quot;:&quot;none&quot;}\" data-widget_type=\"text-editor.default\"><div class=\"elementor-widget-container\"><div class=\"elementor-element elementor-element-531d8aa elementor-widget__width-initial elementor-widget elementor-widget-text-editor\" data-id=\"531d8aa\" data-element_type=\"widget\" data-settings=\"{&quot;ekit_we_effect_on&quot;:&quot;none&quot;}\" data-widget_type=\"text-editor.default\"><div class=\"elementor-widget-container\"><p>\"Ci impegniamo a collaborare con i nostri clienti e con l'intera catena del valore per promuovere l'innovazione sostenibile. Il nostro impegno va oltre il semplice rispetto delle normative ambientali; puntiamo a superare questi standard e ad andare oltre le aspettative dei clienti in ogni aspetto delle nostre attivit\u00e0.\"<\/p><\/div><\/div><\/div><\/div><\/div><\/div>\t\t\t\t\t\t\t\t<\/div>\n\t\t\t\t<\/div>\n\t\t\t\t\t<\/div>\n\t\t\t\t<\/div>\n\t\t<div class=\"elementor-element elementor-element-212b9e5 e-grid e-con-boxed e-con e-parent\" data-id=\"212b9e5\" data-element_type=\"container\" data-settings=\"{&quot;ekit_has_onepagescroll_dot&quot;:&quot;yes&quot;}\">\n\t\t\t\t\t<div class=\"e-con-inner\">\n\t\t\t\t<div class=\"elementor-element elementor-element-b61eeca elementor-widget elementor-widget-image\" data-id=\"b61eeca\" data-element_type=\"widget\" data-settings=\"{&quot;ekit_we_effect_on&quot;:&quot;none&quot;}\" data-widget_type=\"image.default\">\n\t\t\t\t<div class=\"elementor-widget-container\">\n\t\t\t\t\t\t\t\t\t\t\t\t\t\t\t<img fetchpriority=\"high\" decoding=\"async\" width=\"800\" height=\"534\" src=\"https:\/\/landu-china.com\/wp-content\/uploads\/2024\/07\/cheerful-female-scientist-in-lab-1024x684-1.webp\" class=\"attachment-large size-large wp-image-3750\" alt=\"\" srcset=\"https:\/\/landu-china.com\/wp-content\/uploads\/2024\/07\/cheerful-female-scientist-in-lab-1024x684-1.webp 1024w, https:\/\/landu-china.com\/wp-content\/uploads\/2024\/07\/cheerful-female-scientist-in-lab-1024x684-1-300x200.webp 300w, https:\/\/landu-china.com\/wp-content\/uploads\/2024\/07\/cheerful-female-scientist-in-lab-1024x684-1-768x513.webp 768w\" sizes=\"(max-width: 800px) 100vw, 800px\" \/>\t\t\t\t\t\t\t\t\t\t\t\t\t\t\t<\/div>\n\t\t\t\t<\/div>\n\t\t\t\t<div class=\"elementor-element elementor-element-fb3b300 elementor-widget elementor-widget-image\" data-id=\"fb3b300\" data-element_type=\"widget\" data-settings=\"{&quot;ekit_we_effect_on&quot;:&quot;none&quot;}\" data-widget_type=\"image.default\">\n\t\t\t\t<div class=\"elementor-widget-container\">\n\t\t\t\t\t\t\t\t\t\t\t\t\t\t\t<img decoding=\"async\" width=\"800\" height=\"532\" src=\"https:\/\/landu-china.com\/wp-content\/uploads\/2024\/07\/choosing-wall-paints-1024x681-1.webp\" class=\"attachment-large size-large wp-image-3751\" alt=\"\" srcset=\"https:\/\/landu-china.com\/wp-content\/uploads\/2024\/07\/choosing-wall-paints-1024x681-1.webp 1024w, https:\/\/landu-china.com\/wp-content\/uploads\/2024\/07\/choosing-wall-paints-1024x681-1-300x200.webp 300w, https:\/\/landu-china.com\/wp-content\/uploads\/2024\/07\/choosing-wall-paints-1024x681-1-768x511.webp 768w\" sizes=\"(max-width: 800px) 100vw, 800px\" \/>\t\t\t\t\t\t\t\t\t\t\t\t\t\t\t<\/div>\n\t\t\t\t<\/div>\n\t\t\t\t<div class=\"elementor-element elementor-element-e05ee47 elementor-widget elementor-widget-image\" data-id=\"e05ee47\" data-element_type=\"widget\" data-settings=\"{&quot;ekit_we_effect_on&quot;:&quot;none&quot;}\" data-widget_type=\"image.default\">\n\t\t\t\t<div class=\"elementor-widget-container\">\n\t\t\t\t\t\t\t\t\t\t\t\t\t\t\t<img loading=\"lazy\" decoding=\"async\" width=\"800\" height=\"533\" src=\"https:\/\/landu-china.com\/wp-content\/uploads\/2024\/07\/ceramic-tiles-and-tools-for-tiler-floor-tiles-installation-home-improvement-renovation-ceramic-1024x682-1.webp\" class=\"attachment-large size-large wp-image-3749\" alt=\"\" srcset=\"https:\/\/landu-china.com\/wp-content\/uploads\/2024\/07\/ceramic-tiles-and-tools-for-tiler-floor-tiles-installation-home-improvement-renovation-ceramic-1024x682-1.webp 1024w, https:\/\/landu-china.com\/wp-content\/uploads\/2024\/07\/ceramic-tiles-and-tools-for-tiler-floor-tiles-installation-home-improvement-renovation-ceramic-1024x682-1-300x200.webp 300w, https:\/\/landu-china.com\/wp-content\/uploads\/2024\/07\/ceramic-tiles-and-tools-for-tiler-floor-tiles-installation-home-improvement-renovation-ceramic-1024x682-1-768x512.webp 768w\" sizes=\"(max-width: 800px) 100vw, 800px\" \/>\t\t\t\t\t\t\t\t\t\t\t\t\t\t\t<\/div>\n\t\t\t\t<\/div>\n\t\t\t\t\t<\/div>\n\t\t\t\t<\/div>\n\t\t<div class=\"elementor-element elementor-element-8599190 e-flex e-con-boxed e-con e-parent\" data-id=\"8599190\" data-element_type=\"container\" data-settings=\"{&quot;ekit_has_onepagescroll_dot&quot;:&quot;yes&quot;}\">\n\t\t\t\t\t<div class=\"e-con-inner\">\n\t\t<div class=\"elementor-element elementor-element-e95b722 e-con-full e-flex e-con e-child\" data-id=\"e95b722\" data-element_type=\"container\" data-settings=\"{&quot;ekit_has_onepagescroll_dot&quot;:&quot;yes&quot;}\">\n\t\t<div class=\"elementor-element elementor-element-def66d5 e-con-full e-flex e-con e-child\" data-id=\"def66d5\" data-element_type=\"container\" data-settings=\"{&quot;background_background&quot;:&quot;classic&quot;,&quot;ekit_has_onepagescroll_dot&quot;:&quot;yes&quot;}\">\n\t\t\t\t<div class=\"elementor-element elementor-element-21991d4 elementor-widget elementor-widget-heading\" data-id=\"21991d4\" data-element_type=\"widget\" data-settings=\"{&quot;ekit_we_effect_on&quot;:&quot;none&quot;}\" data-widget_type=\"heading.default\">\n\t\t\t\t<div class=\"elementor-widget-container\">\n\t\t\t\t\t<h2 class=\"elementor-heading-title elementor-size-default\">Innovare i materiali sostenibili di domani<\/h2>\t\t\t\t<\/div>\n\t\t\t\t<\/div>\n\t\t\t\t<div class=\"elementor-element elementor-element-039d692 elementor-widget__width-initial elementor-widget-divider--view-line elementor-widget elementor-widget-divider\" data-id=\"039d692\" data-element_type=\"widget\" data-settings=\"{&quot;ekit_we_effect_on&quot;:&quot;none&quot;}\" data-widget_type=\"divider.default\">\n\t\t\t\t<div class=\"elementor-widget-container\">\n\t\t\t\t\t\t\t<div class=\"elementor-divider\">\n\t\t\t<span class=\"elementor-divider-separator\">\n\t\t\t\t\t\t<\/span>\n\t\t<\/div>\n\t\t\t\t\t\t<\/div>\n\t\t\t\t<\/div>\n\t\t\t\t<div class=\"elementor-element elementor-element-687a5f5 elementor-widget elementor-widget-text-editor\" data-id=\"687a5f5\" data-element_type=\"widget\" data-settings=\"{&quot;ekit_we_effect_on&quot;:&quot;none&quot;}\" data-widget_type=\"text-editor.default\">\n\t\t\t\t<div class=\"elementor-widget-container\">\n\t\t\t\t\t\t\t\t\t<p>I cellulosici e i loro derivati sono prodotti da materie prime naturali rinnovabili, principalmente polpa di cotone o di legno. La maggior parte dei prodotti contenenti cellulosici contribuisce a migliorare la vita quotidiana di miliardi di persone, dai materiali da costruzione a risparmio energetico, agli ingredienti alimentari pi\u00f9 sani, ai medicinali pi\u00f9 efficaci.<\/p><p>Parte della strategia di Landu consiste nello sviluppo efficace e attento dell'azienda. Gli standard relativi alla qualit\u00e0, alla protezione dell'ambiente, alla sicurezza e alla tutela della salute, compresa la protezione ambientale orientata alla produzione, svolgono un ruolo centrale in questa strategia.<\/p><p>Un altro aspetto fondamentale dell'LANDU \u00e8 l'ingresso nei mercati in cui prevediamo trasformazioni significative nello sviluppo sostenibile, creando cos\u00ec opportunit\u00e0 future per i nostri prodotti sostenibili.<\/p>\t\t\t\t\t\t\t\t<\/div>\n\t\t\t\t<\/div>\n\t\t\t\t<\/div>\n\t\t\t\t<\/div>\n\t\t<div class=\"elementor-element elementor-element-9b28c3b e-con-full e-flex e-con e-child\" data-id=\"9b28c3b\" data-element_type=\"container\" data-settings=\"{&quot;background_background&quot;:&quot;classic&quot;,&quot;ekit_has_onepagescroll_dot&quot;:&quot;yes&quot;}\">\n\t\t\t\t<\/div>\n\t\t\t\t\t<\/div>\n\t\t\t\t<\/div>\n\t\t<div class=\"elementor-element elementor-element-2fc6490 e-flex e-con-boxed e-con e-parent\" data-id=\"2fc6490\" data-element_type=\"container\" data-settings=\"{&quot;background_background&quot;:&quot;classic&quot;,&quot;ekit_has_onepagescroll_dot&quot;:&quot;yes&quot;}\">\n\t\t\t\t\t<div class=\"e-con-inner\">\n\t\t\t\t<div class=\"elementor-element elementor-element-d25fc07 elementor-widget elementor-widget-heading\" data-id=\"d25fc07\" data-element_type=\"widget\" data-settings=\"{&quot;ekit_we_effect_on&quot;:&quot;none&quot;}\" data-widget_type=\"heading.default\">\n\t\t\t\t<div class=\"elementor-widget-container\">\n\t\t\t\t\t<h2 class=\"elementor-heading-title elementor-size-default\">Abbiamo adottato i trattamenti MVR per l'azzeramento delle emissioni di rifiuti e la conformit\u00e0 alla norma ISO 14000.<\/h2>\t\t\t\t<\/div>\n\t\t\t\t<\/div>\n\t\t\t\t\t<\/div>\n\t\t\t\t<\/div>\n\t\t<div class=\"elementor-element elementor-element-08e5bfe e-flex e-con-boxed e-con e-parent\" data-id=\"08e5bfe\" data-element_type=\"container\" data-settings=\"{&quot;ekit_has_onepagescroll_dot&quot;:&quot;yes&quot;}\">\n\t\t\t\t\t<div class=\"e-con-inner\">\n\t\t<div class=\"elementor-element elementor-element-57c3e2d e-con-full e-flex e-con e-child\" data-id=\"57c3e2d\" data-element_type=\"container\" data-settings=\"{&quot;ekit_has_onepagescroll_dot&quot;:&quot;yes&quot;}\">\n\t\t\t\t<div class=\"elementor-element elementor-element-12083e7 elementor-widget elementor-widget-image\" data-id=\"12083e7\" data-element_type=\"widget\" data-settings=\"{&quot;ekit_we_effect_on&quot;:&quot;none&quot;}\" data-widget_type=\"image.default\">\n\t\t\t\t<div class=\"elementor-widget-container\">\n\t\t\t\t\t\t\t\t\t\t\t\t\t\t\t<img loading=\"lazy\" decoding=\"async\" width=\"800\" height=\"400\" src=\"https:\/\/landu-china.com\/wp-content\/uploads\/2024\/07\/2341-1024x512.webp\" class=\"attachment-large size-large wp-image-3747\" alt=\"\" srcset=\"https:\/\/landu-china.com\/wp-content\/uploads\/2024\/07\/2341-1024x512.webp 1024w, https:\/\/landu-china.com\/wp-content\/uploads\/2024\/07\/2341-300x150.webp 300w, https:\/\/landu-china.com\/wp-content\/uploads\/2024\/07\/2341-768x384.webp 768w, https:\/\/landu-china.com\/wp-content\/uploads\/2024\/07\/2341.webp 1300w\" sizes=\"(max-width: 800px) 100vw, 800px\" \/>\t\t\t\t\t\t\t\t\t\t\t\t\t\t\t<\/div>\n\t\t\t\t<\/div>\n\t\t\t\t<\/div>\n\t\t<div class=\"elementor-element elementor-element-2a4f08a e-con-full e-flex e-con e-child\" data-id=\"2a4f08a\" data-element_type=\"container\" data-settings=\"{&quot;ekit_has_onepagescroll_dot&quot;:&quot;yes&quot;}\">\n\t\t\t\t<div class=\"elementor-element elementor-element-4c7cc88 elementor-widget elementor-widget-heading\" data-id=\"4c7cc88\" data-element_type=\"widget\" data-settings=\"{&quot;ekit_we_effect_on&quot;:&quot;none&quot;}\" data-widget_type=\"heading.default\">\n\t\t\t\t<div class=\"elementor-widget-container\">\n\t\t\t\t\t<h2 class=\"elementor-heading-title elementor-size-default\">\nTecnologia di desalinizzazione chiave per lo scarico zero<\/h2>\t\t\t\t<\/div>\n\t\t\t\t<\/div>\n\t\t\t\t<div class=\"elementor-element elementor-element-b0a50bc elementor-widget elementor-widget-text-editor\" data-id=\"b0a50bc\" data-element_type=\"widget\" data-settings=\"{&quot;ekit_we_effect_on&quot;:&quot;none&quot;}\" data-widget_type=\"text-editor.default\">\n\t\t\t\t<div class=\"elementor-widget-container\">\n\t\t\t\t\t\t\t\t\tLa tecnologia MVR (Mechanical Vapor Recompression) comprime il vapore secondario prodotto da un sistema di evaporazione mediante un compressore di vapore. Il vapore compresso viene poi restituito al sistema di evaporazione per mantenere il processo di evaporazione. Durante l'evaporazione, \u00e8 necessaria solo una piccola quantit\u00e0 di vapore per preriscaldare il materiale, risparmiando oltre 60-80% di vapore fresco e oltre 90% di acqua di raffreddamento rispetto agli evaporatori tradizionali. L'MVR \u00e8 una tecnologia altamente avanzata di risparmio energetico per l'evaporazione, che riduce i costi operativi di 40-80% rispetto agli evaporatori multi-effetto tradizionali.\t\t\t\t\t\t\t\t<\/div>\n\t\t\t\t<\/div>\n\t\t\t\t<\/div>\n\t\t\t\t\t<\/div>\n\t\t\t\t<\/div>\n\t\t<div class=\"elementor-element elementor-element-cd9c454 e-flex e-con-boxed e-con e-parent\" data-id=\"cd9c454\" data-element_type=\"container\" data-settings=\"{&quot;ekit_has_onepagescroll_dot&quot;:&quot;yes&quot;}\">\n\t\t\t\t\t<div class=\"e-con-inner\">\n\t\t<div class=\"elementor-element elementor-element-a5d305c e-con-full e-flex e-con e-child\" data-id=\"a5d305c\" data-element_type=\"container\" data-settings=\"{&quot;ekit_has_onepagescroll_dot&quot;:&quot;yes&quot;}\">\n\t\t\t\t<div class=\"elementor-element elementor-element-61a92b3 elementor-widget elementor-widget-text-editor\" data-id=\"61a92b3\" data-element_type=\"widget\" data-settings=\"{&quot;ekit_we_effect_on&quot;:&quot;none&quot;}\" data-widget_type=\"text-editor.default\">\n\t\t\t\t<div class=\"elementor-widget-container\">\n\t\t\t\t\t\t\t\t\tIl vapore precedentemente scartato viene ora utilizzato completamente nell'evaporatore MVR, recuperando il calore latente di vaporizzazione e migliorando l'efficienza termica. Inoltre, l'utilizzo di energia elettrica al posto del vapore riduce i costi operativi. Gli evaporatori MVR possono eseguire l'evaporazione a bassa temperatura. Nella progettazione degli evaporatori MVR, la scelta del compressore di vapore appropriato \u00e8 fondamentale. I principali tipi di compressori di vapore utilizzati negli evaporatori MVR sono i compressori centrifughi e i compressori Roots. I compressori Roots sono adatti a carichi di evaporazione ridotti, mentre i compressori centrifughi sono pi\u00f9 versatili, con un aumento della temperatura in un solo stadio fino a 24\u00b0C.\t\t\t\t\t\t\t\t<\/div>\n\t\t\t\t<\/div>\n\t\t\t\t<\/div>\n\t\t<div class=\"elementor-element elementor-element-ee7d26e e-con-full e-flex e-con e-child\" data-id=\"ee7d26e\" data-element_type=\"container\" data-settings=\"{&quot;ekit_has_onepagescroll_dot&quot;:&quot;yes&quot;}\">\n\t\t\t\t<div class=\"elementor-element elementor-element-ad220b1 elementor-widget elementor-widget-image\" data-id=\"ad220b1\" data-element_type=\"widget\" data-settings=\"{&quot;ekit_we_effect_on&quot;:&quot;none&quot;}\" data-widget_type=\"image.default\">\n\t\t\t\t<div class=\"elementor-widget-container\">\n\t\t\t\t\t\t\t\t\t\t\t\t\t\t\t<img loading=\"lazy\" decoding=\"async\" width=\"800\" height=\"533\" src=\"https:\/\/landu-china.com\/wp-content\/uploads\/2024\/07\/aerial-view-of-modern-water-cleaning-facility-at-urban-wastewater-treatment-plant--1024x682.webp\" class=\"attachment-large size-large wp-image-3748\" alt=\"\" srcset=\"https:\/\/landu-china.com\/wp-content\/uploads\/2024\/07\/aerial-view-of-modern-water-cleaning-facility-at-urban-wastewater-treatment-plant--1024x682.webp 1024w, https:\/\/landu-china.com\/wp-content\/uploads\/2024\/07\/aerial-view-of-modern-water-cleaning-facility-at-urban-wastewater-treatment-plant--300x200.webp 300w, https:\/\/landu-china.com\/wp-content\/uploads\/2024\/07\/aerial-view-of-modern-water-cleaning-facility-at-urban-wastewater-treatment-plant--768x512.webp 768w, https:\/\/landu-china.com\/wp-content\/uploads\/2024\/07\/aerial-view-of-modern-water-cleaning-facility-at-urban-wastewater-treatment-plant--1536x1023.webp 1536w, https:\/\/landu-china.com\/wp-content\/uploads\/2024\/07\/aerial-view-of-modern-water-cleaning-facility-at-urban-wastewater-treatment-plant-.webp 1600w\" sizes=\"(max-width: 800px) 100vw, 800px\" \/>\t\t\t\t\t\t\t\t\t\t\t\t\t\t\t<\/div>\n\t\t\t\t<\/div>\n\t\t\t\t<\/div>\n\t\t\t\t\t<\/div>\n\t\t\t\t<\/div>\n\t\t\t\t<\/div>","protected":false},"excerpt":{"rendered":"<p>Prodotti a bassa impronta ambientale documentata I nostri prodotti vantano una bassa impronta climatica e prestazioni ambientali superiori nella maggior parte delle categorie. Il nostro approccio strategico \"Collaboriamo strettamente con i nostri clienti e con l'intera catena del valore per promuovere l'innovazione sostenibile. Il nostro impegno va oltre il semplice rispetto delle normative ambientali; puntiamo a superare questi standard e ad andare oltre le aspettative dei clienti [...]<\/p>","protected":false},"author":1,"featured_media":0,"parent":0,"menu_order":0,"comment_status":"closed","ping_status":"closed","template":"elementor_header_footer","meta":{"footnotes":""},"class_list":["post-3745","page","type-page","status-publish","hentry"],"_links":{"self":[{"href":"https:\/\/landu-china.com\/it\/wp-json\/wp\/v2\/pages\/3745","targetHints":{"allow":["GET"]}}],"collection":[{"href":"https:\/\/landu-china.com\/it\/wp-json\/wp\/v2\/pages"}],"about":[{"href":"https:\/\/landu-china.com\/it\/wp-json\/wp\/v2\/types\/page"}],"author":[{"embeddable":true,"href":"https:\/\/landu-china.com\/it\/wp-json\/wp\/v2\/users\/1"}],"replies":[{"embeddable":true,"href":"https:\/\/landu-china.com\/it\/wp-json\/wp\/v2\/comments?post=3745"}],"version-history":[{"count":13,"href":"https:\/\/landu-china.com\/it\/wp-json\/wp\/v2\/pages\/3745\/revisions"}],"predecessor-version":[{"id":3767,"href":"https:\/\/landu-china.com\/it\/wp-json\/wp\/v2\/pages\/3745\/revisions\/3767"}],"wp:attachment":[{"href":"https:\/\/landu-china.com\/it\/wp-json\/wp\/v2\/media?parent=3745"}],"curies":[{"name":"wp","href":"https:\/\/api.w.org\/{rel}","templated":true}]}}