{"id":8483,"date":"2024-10-10T10:21:00","date_gmt":"2024-10-10T02:21:00","guid":{"rendered":"https:\/\/landu-china.com\/?page_id=8483"},"modified":"2024-11-14T13:21:48","modified_gmt":"2024-11-14T05:21:48","slug":"sult-etelek","status":"publish","type":"page","link":"https:\/\/landu-china.com\/hu\/piacok\/elelmiszer-es-italipar\/sult-etelek\/","title":{"rendered":"S\u00fclt \u00e9telek"},"content":{"rendered":"<div data-elementor-type=\"wp-page\" data-elementor-id=\"8483\" class=\"elementor elementor-8483\" data-elementor-post-type=\"page\">\n\t\t\t\t<div class=\"elementor-element elementor-element-f81d54a e-flex e-con-boxed e-con e-parent\" data-id=\"f81d54a\" data-element_type=\"container\" data-settings=\"{&quot;background_background&quot;:&quot;classic&quot;,&quot;ekit_has_onepagescroll_dot&quot;:&quot;yes&quot;}\">\n\t\t\t\t\t<div class=\"e-con-inner\">\n\t\t\t\t<div class=\"elementor-element elementor-element-b3a9adb elementor-widget__width-initial elementor-widget elementor-widget-heading\" data-id=\"b3a9adb\" data-element_type=\"widget\" data-settings=\"{&quot;ekit_we_effect_on&quot;:&quot;none&quot;}\" data-widget_type=\"heading.default\">\n\t\t\t\t<div class=\"elementor-widget-container\">\n\t\t\t\t\t<h1 class=\"elementor-heading-title elementor-size-default\">S\u00fclt \u00e9telek<\/h1>\t\t\t\t<\/div>\n\t\t\t\t<\/div>\n\t\t\t\t\t<\/div>\n\t\t\t\t<\/div>\n\t\t<div class=\"elementor-element elementor-element-1176d56 e-flex e-con-boxed e-con e-parent\" data-id=\"1176d56\" data-element_type=\"container\" data-settings=\"{&quot;ekit_has_onepagescroll_dot&quot;:&quot;yes&quot;}\">\n\t\t\t\t\t<div class=\"e-con-inner\">\n\t\t<div class=\"elementor-element elementor-element-c7d59b8 e-con-full e-flex e-con e-child\" data-id=\"c7d59b8\" data-element_type=\"container\" data-settings=\"{&quot;ekit_has_onepagescroll_dot&quot;:&quot;yes&quot;}\">\n\t\t\t\t<div class=\"elementor-element elementor-element-c56aad6 elementor-invisible elementor-widget elementor-widget-heading\" data-id=\"c56aad6\" data-element_type=\"widget\" data-settings=\"{&quot;_animation&quot;:&quot;fadeIn&quot;,&quot;ekit_we_effect_on&quot;:&quot;none&quot;}\" data-widget_type=\"heading.default\">\n\t\t\t\t<div class=\"elementor-widget-container\">\n\t\t\t\t\t<h2 class=\"elementor-heading-title elementor-size-default\">S\u00fclt \u00e9tel megold\u00e1sok<\/h2>\t\t\t\t<\/div>\n\t\t\t\t<\/div>\n\t\t\t\t<\/div>\n\t\t<div class=\"elementor-element elementor-element-d014de0 e-con-full e-flex e-con e-child\" data-id=\"d014de0\" data-element_type=\"container\" data-settings=\"{&quot;ekit_has_onepagescroll_dot&quot;:&quot;yes&quot;}\">\n\t\t\t\t<div class=\"elementor-element elementor-element-4a0eecb elementor-widget elementor-widget-text-editor\" data-id=\"4a0eecb\" data-element_type=\"widget\" data-settings=\"{&quot;ekit_we_effect_on&quot;:&quot;none&quot;}\" data-widget_type=\"text-editor.default\">\n\t\t\t\t<div class=\"elementor-widget-container\">\n\t\t\t\t\t\t\t\t\t<p>S\u00fct\u00e9s: h\u0151- \u00e9s olaj\u00e1tad\u00e1si elj\u00e1r\u00e1s, n\u00e9pszer\u0171 a k\u00edv\u00e1natos \u00e9teltext\u00far\u00e1k l\u00e9trehoz\u00e1s\u00e1ra. A pan\u00edrozott \u00e9telek e glob\u00e1lis hagyom\u00e1ny fontos r\u00e9sz\u00e9t k\u00e9pezik.<\/p><p>A fogyaszt\u00f3k sz\u00e1m\u00e1ra fontos az \u00e9trendben l\u00e9v\u0151 zs\u00edrok cs\u00f6kkent\u00e9se, ami a s\u00fct\u00e9s sor\u00e1n a zs\u00edrfelv\u00e9tel minimaliz\u00e1l\u00e1s\u00e1ra ir\u00e1nyul\u00f3 kutat\u00e1sokat eredm\u00e9nyezte. A hidrokolloidok haszn\u00e1lata a t\u00e9szt\u00e1ban \u00e9s a metilcellul\u00f3zzal (MC) \u00e9s a hidroxipropil-metilcellul\u00f3zzal (HPMC) g\u00e9lek k\u00e9pz\u00e9se seg\u00edthet.<\/p>\t\t\t\t\t\t\t\t<\/div>\n\t\t\t\t<\/div>\n\t\t\t\t<\/div>\n\t\t\t\t\t<\/div>\n\t\t\t\t<\/div>\n\t\t<div class=\"elementor-element elementor-element-eb06f6e e-flex e-con-boxed e-con e-parent\" data-id=\"eb06f6e\" data-element_type=\"container\" data-settings=\"{&quot;ekit_has_onepagescroll_dot&quot;:&quot;yes&quot;}\">\n\t\t\t\t\t<div class=\"e-con-inner\">\n\t\t<div class=\"elementor-element elementor-element-f39770a e-con-full e-flex e-con e-child\" data-id=\"f39770a\" data-element_type=\"container\" data-settings=\"{&quot;ekit_has_onepagescroll_dot&quot;:&quot;yes&quot;}\">\n\t\t\t\t<div class=\"elementor-element elementor-element-3e88644 elementor-widget elementor-widget-image\" data-id=\"3e88644\" data-element_type=\"widget\" data-settings=\"{&quot;ekit_we_effect_on&quot;:&quot;none&quot;}\" data-widget_type=\"image.default\">\n\t\t\t\t<div class=\"elementor-widget-container\">\n\t\t\t\t\t\t\t\t\t\t\t\t\t\t\t<img fetchpriority=\"high\" decoding=\"async\" width=\"800\" height=\"533\" src=\"https:\/\/landu-china.com\/wp-content\/uploads\/2024\/10\/fried-chicken-strips-and-french-fries-board-with-sauces-and-celery-1024x682.jpg\" class=\"attachment-large size-large wp-image-9346\" alt=\"R\u00e1ntott csirkecs\u00edkok \u00e9s s\u00fclt krumpli t\u00e1bl\u00e1val, sz\u00f3szokkal \u00e9s zellerrel\" srcset=\"https:\/\/landu-china.com\/wp-content\/uploads\/2024\/10\/fried-chicken-strips-and-french-fries-board-with-sauces-and-celery-1024x682.jpg 1024w, https:\/\/landu-china.com\/wp-content\/uploads\/2024\/10\/fried-chicken-strips-and-french-fries-board-with-sauces-and-celery-300x200.jpg 300w, https:\/\/landu-china.com\/wp-content\/uploads\/2024\/10\/fried-chicken-strips-and-french-fries-board-with-sauces-and-celery-768x512.jpg 768w, https:\/\/landu-china.com\/wp-content\/uploads\/2024\/10\/fried-chicken-strips-and-french-fries-board-with-sauces-and-celery-1536x1024.jpg 1536w, https:\/\/landu-china.com\/wp-content\/uploads\/2024\/10\/fried-chicken-strips-and-french-fries-board-with-sauces-and-celery.jpg 2000w\" sizes=\"(max-width: 800px) 100vw, 800px\" \/>\t\t\t\t\t\t\t\t\t\t\t\t\t\t\t<\/div>\n\t\t\t\t<\/div>\n\t\t\t\t<\/div>\n\t\t<div class=\"elementor-element elementor-element-5d80d88 e-con-full e-flex e-con e-child\" data-id=\"5d80d88\" data-element_type=\"container\" data-settings=\"{&quot;ekit_has_onepagescroll_dot&quot;:&quot;yes&quot;}\">\n\t\t\t\t<div class=\"elementor-element elementor-element-5f1012b elementor-widget elementor-widget-image\" data-id=\"5f1012b\" data-element_type=\"widget\" data-settings=\"{&quot;ekit_we_effect_on&quot;:&quot;none&quot;}\" data-widget_type=\"image.default\">\n\t\t\t\t<div class=\"elementor-widget-container\">\n\t\t\t\t\t\t\t\t\t\t\t\t\t\t\t<img decoding=\"async\" width=\"800\" height=\"532\" src=\"https:\/\/landu-china.com\/wp-content\/uploads\/2024\/10\/fried-fish-sticks-with-french-fries-british-fish-and-chips-fried-potato-1024x681.jpg\" class=\"attachment-large size-large wp-image-9347\" alt=\"R\u00e1ntott halrudacsk\u00e1k s\u00fclt krumplival. Brit fish and chips, s\u00fclt burgonya\" srcset=\"https:\/\/landu-china.com\/wp-content\/uploads\/2024\/10\/fried-fish-sticks-with-french-fries-british-fish-and-chips-fried-potato-1024x681.jpg 1024w, https:\/\/landu-china.com\/wp-content\/uploads\/2024\/10\/fried-fish-sticks-with-french-fries-british-fish-and-chips-fried-potato-300x200.jpg 300w, https:\/\/landu-china.com\/wp-content\/uploads\/2024\/10\/fried-fish-sticks-with-french-fries-british-fish-and-chips-fried-potato-768x511.jpg 768w, https:\/\/landu-china.com\/wp-content\/uploads\/2024\/10\/fried-fish-sticks-with-french-fries-british-fish-and-chips-fried-potato-1536x1022.jpg 1536w, https:\/\/landu-china.com\/wp-content\/uploads\/2024\/10\/fried-fish-sticks-with-french-fries-british-fish-and-chips-fried-potato.jpg 2000w\" sizes=\"(max-width: 800px) 100vw, 800px\" \/>\t\t\t\t\t\t\t\t\t\t\t\t\t\t\t<\/div>\n\t\t\t\t<\/div>\n\t\t\t\t<\/div>\n\t\t<div class=\"elementor-element elementor-element-980678e e-con-full e-flex e-con e-child\" data-id=\"980678e\" data-element_type=\"container\" data-settings=\"{&quot;ekit_has_onepagescroll_dot&quot;:&quot;yes&quot;}\">\n\t\t\t\t<div class=\"elementor-element elementor-element-fdd6b99 elementor-widget elementor-widget-image\" data-id=\"fdd6b99\" data-element_type=\"widget\" data-settings=\"{&quot;ekit_we_effect_on&quot;:&quot;none&quot;}\" data-widget_type=\"image.default\">\n\t\t\t\t<div class=\"elementor-widget-container\">\n\t\t\t\t\t\t\t\t\t\t\t\t\t\t\t<img decoding=\"async\" width=\"800\" height=\"533\" src=\"https:\/\/landu-china.com\/wp-content\/uploads\/2024\/10\/fried-mozzarella-tasty-and-delicious-food-delicious-fried-food-1024x682.jpg\" class=\"attachment-large size-large wp-image-9351\" alt=\"S\u00fclt mozzarella, \u00edzletes \u00e9s finom \u00e9telek, finom s\u00fclt \u00e9telek\" srcset=\"https:\/\/landu-china.com\/wp-content\/uploads\/2024\/10\/fried-mozzarella-tasty-and-delicious-food-delicious-fried-food-1024x682.jpg 1024w, https:\/\/landu-china.com\/wp-content\/uploads\/2024\/10\/fried-mozzarella-tasty-and-delicious-food-delicious-fried-food-300x200.jpg 300w, https:\/\/landu-china.com\/wp-content\/uploads\/2024\/10\/fried-mozzarella-tasty-and-delicious-food-delicious-fried-food-768x512.jpg 768w, https:\/\/landu-china.com\/wp-content\/uploads\/2024\/10\/fried-mozzarella-tasty-and-delicious-food-delicious-fried-food-1536x1024.jpg 1536w, https:\/\/landu-china.com\/wp-content\/uploads\/2024\/10\/fried-mozzarella-tasty-and-delicious-food-delicious-fried-food.jpg 2000w\" sizes=\"(max-width: 800px) 100vw, 800px\" \/>\t\t\t\t\t\t\t\t\t\t\t\t\t\t\t<\/div>\n\t\t\t\t<\/div>\n\t\t\t\t<\/div>\n\t\t\t\t\t<\/div>\n\t\t\t\t<\/div>\n\t\t<div class=\"elementor-element elementor-element-398f530a e-flex e-con-boxed e-con e-parent\" data-id=\"398f530a\" data-element_type=\"container\" data-settings=\"{&quot;background_background&quot;:&quot;classic&quot;,&quot;ekit_has_onepagescroll_dot&quot;:&quot;yes&quot;}\">\n\t\t\t\t\t<div class=\"e-con-inner\">\n\t\t<div class=\"elementor-element elementor-element-5beeff92 e-con-full e-flex e-con e-child\" data-id=\"5beeff92\" data-element_type=\"container\" data-settings=\"{&quot;ekit_has_onepagescroll_dot&quot;:&quot;yes&quot;}\">\n\t\t<div class=\"elementor-element elementor-element-24c76b61 e-flex e-con-boxed e-con e-child\" data-id=\"24c76b61\" data-element_type=\"container\" data-settings=\"{&quot;ekit_has_onepagescroll_dot&quot;:&quot;yes&quot;}\">\n\t\t\t\t\t<div class=\"e-con-inner\">\n\t\t\t\t<div class=\"elementor-element elementor-element-867c786 elementor-invisible elementor-widget elementor-widget-heading\" data-id=\"867c786\" data-element_type=\"widget\" data-settings=\"{&quot;_animation&quot;:&quot;fadeIn&quot;,&quot;ekit_we_effect_on&quot;:&quot;none&quot;}\" data-widget_type=\"heading.default\">\n\t\t\t\t<div class=\"elementor-widget-container\">\n\t\t\t\t\t<h2 class=\"elementor-heading-title elementor-size-default\">Kiemelt term\u00e9kek<\/h2>\t\t\t\t<\/div>\n\t\t\t\t<\/div>\n\t\t\t\t<div class=\"elementor-element elementor-element-c60b007 elementor-widget-divider--view-line elementor-invisible elementor-widget elementor-widget-divider\" data-id=\"c60b007\" data-element_type=\"widget\" data-settings=\"{&quot;_animation&quot;:&quot;fadeIn&quot;,&quot;_animation_delay&quot;:200,&quot;ekit_we_effect_on&quot;:&quot;none&quot;}\" data-widget_type=\"divider.default\">\n\t\t\t\t<div class=\"elementor-widget-container\">\n\t\t\t\t\t\t\t<div class=\"elementor-divider\">\n\t\t\t<span class=\"elementor-divider-separator\">\n\t\t\t\t\t\t<\/span>\n\t\t<\/div>\n\t\t\t\t\t\t<\/div>\n\t\t\t\t<\/div>\n\t\t\t\t<div class=\"elementor-element elementor-element-51e994e elementor-invisible elementor-widget elementor-widget-text-editor\" data-id=\"51e994e\" data-element_type=\"widget\" data-settings=\"{&quot;_animation&quot;:&quot;fadeIn&quot;,&quot;_animation_delay&quot;:400,&quot;ekit_we_effect_on&quot;:&quot;none&quot;}\" data-widget_type=\"text-editor.default\">\n\t\t\t\t<div class=\"elementor-widget-container\">\n\t\t\t\t\t\t\t\t\t<p>A LANDU-n\u00e1l sz\u00e1mos gy\u00f3gyszeripari adal\u00e9kanyagot k\u00edn\u00e1lunk, bele\u00e9rtve a cellul\u00f3z\u00e9tereket, a dextrint, az el\u0151zselatiniz\u00e1lt kem\u00e9ny\u00edt\u0151t \u00e9s a b\u00e9lsavtartalm\u00fa bevon\u00f3port. Szorosan egy\u00fcttm\u0171k\u00f6d\u00fcnk az \u00fcgyfelekkel, hogy innovat\u00edv megold\u00e1sokat k\u00edn\u00e1ljunk. Tov\u00e1bbi term\u00e9kinform\u00e1ci\u00f3k\u00e9rt vegye fel vel\u00fcnk a kapcsolatot.<\/p>\t\t\t\t\t\t\t\t<\/div>\n\t\t\t\t<\/div>\n\t\t\t\t\t<\/div>\n\t\t\t\t<\/div>\n\t\t\t\t<\/div>\n\t\t\t\t\t<\/div>\n\t\t\t\t<\/div>\n\t\t<div class=\"elementor-element elementor-element-285f669 e-flex e-con-boxed e-con e-parent\" data-id=\"285f669\" data-element_type=\"container\" data-settings=\"{&quot;ekit_has_onepagescroll_dot&quot;:&quot;yes&quot;}\">\n\t\t\t\t\t<div class=\"e-con-inner\">\n\t\t<div class=\"elementor-element elementor-element-ce19177 e-con-full e-flex e-con e-child\" data-id=\"ce19177\" data-element_type=\"container\" data-settings=\"{&quot;background_background&quot;:&quot;classic&quot;,&quot;ekit_has_onepagescroll_dot&quot;:&quot;yes&quot;}\">\n\t\t\t\t<div class=\"elementor-element elementor-element-681bbf1 elementor-widget elementor-widget-spacer\" data-id=\"681bbf1\" data-element_type=\"widget\" data-settings=\"{&quot;ekit_we_effect_on&quot;:&quot;none&quot;}\" data-widget_type=\"spacer.default\">\n\t\t\t\t<div class=\"elementor-widget-container\">\n\t\t\t\t\t\t\t<div class=\"elementor-spacer\">\n\t\t\t<div class=\"elementor-spacer-inner\"><\/div>\n\t\t<\/div>\n\t\t\t\t\t\t<\/div>\n\t\t\t\t<\/div>\n\t\t\t\t<\/div>\n\t\t<div class=\"elementor-element elementor-element-7669e9a e-con-full e-flex e-con e-child\" data-id=\"7669e9a\" data-element_type=\"container\" data-settings=\"{&quot;ekit_has_onepagescroll_dot&quot;:&quot;yes&quot;}\">\n\t\t\t\t<div class=\"elementor-element elementor-element-19ba097e ekit-equal-height-disable elementor-widget elementor-widget-elementskit-icon-box\" data-id=\"19ba097e\" data-element_type=\"widget\" data-settings=\"{&quot;ekit_we_effect_on&quot;:&quot;none&quot;}\" data-widget_type=\"elementskit-icon-box.default\">\n\t\t\t\t<div class=\"elementor-widget-container\">\n\t\t\t\t\t<div class=\"ekit-wid-con\" >        <!-- link opening -->\n                <!-- end link opening -->\n\n        <div class=\"elementskit-infobox text-center text- icon-lef-right-aligin elementor-animation-float\">\n                        <div class=\"box-body\">\n                            <h3 class=\"elementskit-info-box-title\">\n                    Hidroxipropil-metil-cellul\u00f3z\uff08HPMC\uff09                <\/h3>\n                        \t\t  \t<p>A HPMC egy sokoldal\u00fa polimer, amelyet s\u0171r\u00edt\u0151 \u00e9s v\u00edzmegtart\u00f3 tulajdons\u00e1gai miatt haszn\u00e1lnak olyan \u00e9lelmiszerekben, mint a lekv\u00e1r.<\/p>\n                                        <div class=\"box-footer disable_hover_button\">\n                    <div class=\"btn-wraper\">\n                                                            <a class=\"elementskit-btn whitespace--normal elementor-animation-float\" href=\"#elementor-action%3Aaction%3Dpopup%3Aopen%26settings%3DeyJpZCI6IjE1MTkiLCJ0b2dnbGUiOmZhbHNlfQ%3D%3D\" target=\"_blank\">\n                                        Tudjon meg t\u00f6bbet                                         <i aria-hidden=\"true\" class=\"icon icon-arrow-right\"><\/i>                                    <\/a>\n                                                        <\/div>\n                <\/div>\n                    <\/div>\n        \n        \n                <\/div>\n        <\/div>\t\t\t\t<\/div>\n\t\t\t\t<\/div>\n\t\t\t\t<\/div>\n\t\t\t\t\t<\/div>\n\t\t\t\t<\/div>\n\t\t<div class=\"elementor-element elementor-element-c2166ae e-flex e-con-boxed e-con e-parent\" data-id=\"c2166ae\" data-element_type=\"container\" data-settings=\"{&quot;ekit_has_onepagescroll_dot&quot;:&quot;yes&quot;}\">\n\t\t\t\t\t<div class=\"e-con-inner\">\n\t\t<div class=\"elementor-element elementor-element-24507f7 e-con-full e-flex e-con e-child\" data-id=\"24507f7\" data-element_type=\"container\" data-settings=\"{&quot;background_background&quot;:&quot;classic&quot;,&quot;ekit_has_onepagescroll_dot&quot;:&quot;yes&quot;}\">\n\t\t\t\t<div class=\"elementor-element elementor-element-39417f6 elementor-widget elementor-widget-spacer\" data-id=\"39417f6\" data-element_type=\"widget\" data-settings=\"{&quot;ekit_we_effect_on&quot;:&quot;none&quot;}\" data-widget_type=\"spacer.default\">\n\t\t\t\t<div class=\"elementor-widget-container\">\n\t\t\t\t\t\t\t<div class=\"elementor-spacer\">\n\t\t\t<div class=\"elementor-spacer-inner\"><\/div>\n\t\t<\/div>\n\t\t\t\t\t\t<\/div>\n\t\t\t\t<\/div>\n\t\t\t\t<\/div>\n\t\t<div class=\"elementor-element elementor-element-5bb0a57 e-con-full e-flex e-con e-child\" data-id=\"5bb0a57\" data-element_type=\"container\" data-settings=\"{&quot;ekit_has_onepagescroll_dot&quot;:&quot;yes&quot;}\">\n\t\t\t\t<div class=\"elementor-element elementor-element-e059aea ekit-equal-height-disable elementor-widget elementor-widget-elementskit-icon-box\" data-id=\"e059aea\" data-element_type=\"widget\" data-settings=\"{&quot;ekit_we_effect_on&quot;:&quot;none&quot;}\" data-widget_type=\"elementskit-icon-box.default\">\n\t\t\t\t<div class=\"elementor-widget-container\">\n\t\t\t\t\t<div class=\"ekit-wid-con\" >        <!-- link opening -->\n                <!-- end link opening -->\n\n        <div class=\"elementskit-infobox text-center text- icon-lef-right-aligin elementor-animation-float\">\n                        <div class=\"box-body\">\n                            <h3 class=\"elementskit-info-box-title\">\n                    Metil-cellul\u00f3z \uff08MC\uff09                <\/h3>\n                        \t\t  \t<p>Az MC szagtalan, feh\u00e9r por, amely forr\u00f3 v\u00edzben eloszlik, \u00e9s leh\u0171tve felold\u00f3dik. Kiv\u00e1l\u00f3an tapad, s\u0171r\u00edt \u00e9s filmet k\u00e9pez, \u00edgy hasznos az olyan \u00e9lelmiszerekben, mint a lekv\u00e1r \u00e9s a sz\u00f3szok.<\/p>\n                                        <div class=\"box-footer disable_hover_button\">\n                    <div class=\"btn-wraper\">\n                                                            <a class=\"elementskit-btn whitespace--normal elementor-animation-float\" href=\"https:\/\/landu-china.com\/hu\/termekek\/elelmiszer-adalekanyagok\/elelmiszer-minosegu-metil-celluloz-mc\/\" target=\"_blank\">\n                                        Tudjon meg t\u00f6bbet                                         <i aria-hidden=\"true\" class=\"icon icon-arrow-right\"><\/i>                                    <\/a>\n                                                        <\/div>\n                <\/div>\n                    <\/div>\n        \n        \n                <\/div>\n        <\/div>\t\t\t\t<\/div>\n\t\t\t\t<\/div>\n\t\t\t\t<\/div>\n\t\t\t\t\t<\/div>\n\t\t\t\t<\/div>\n\t\t<div class=\"elementor-element elementor-element-3e628ec e-flex e-con-boxed e-con e-parent\" data-id=\"3e628ec\" data-element_type=\"container\" data-settings=\"{&quot;ekit_has_onepagescroll_dot&quot;:&quot;yes&quot;}\">\n\t\t\t\t\t<div class=\"e-con-inner\">\n\t\t<div class=\"elementor-element elementor-element-c300169 e-con-full e-flex e-con e-child\" data-id=\"c300169\" data-element_type=\"container\" data-settings=\"{&quot;background_background&quot;:&quot;classic&quot;,&quot;ekit_has_onepagescroll_dot&quot;:&quot;yes&quot;}\">\n\t\t\t\t<div class=\"elementor-element elementor-element-1a8fa7c elementor-widget elementor-widget-spacer\" data-id=\"1a8fa7c\" data-element_type=\"widget\" data-settings=\"{&quot;ekit_we_effect_on&quot;:&quot;none&quot;}\" data-widget_type=\"spacer.default\">\n\t\t\t\t<div class=\"elementor-widget-container\">\n\t\t\t\t\t\t\t<div class=\"elementor-spacer\">\n\t\t\t<div class=\"elementor-spacer-inner\"><\/div>\n\t\t<\/div>\n\t\t\t\t\t\t<\/div>\n\t\t\t\t<\/div>\n\t\t\t\t<\/div>\n\t\t<div class=\"elementor-element elementor-element-ce52242 e-con-full e-flex e-con e-child\" data-id=\"ce52242\" data-element_type=\"container\" data-settings=\"{&quot;ekit_has_onepagescroll_dot&quot;:&quot;yes&quot;}\">\n\t\t\t\t<div class=\"elementor-element elementor-element-8bd03fb ekit-equal-height-disable elementor-widget elementor-widget-elementskit-icon-box\" data-id=\"8bd03fb\" data-element_type=\"widget\" data-settings=\"{&quot;ekit_we_effect_on&quot;:&quot;none&quot;}\" data-widget_type=\"elementskit-icon-box.default\">\n\t\t\t\t<div class=\"elementor-widget-container\">\n\t\t\t\t\t<div class=\"ekit-wid-con\" >        <!-- link opening -->\n                <!-- end link opening -->\n\n        <div class=\"elementskit-infobox text-center text- icon-lef-right-aligin elementor-animation-float\">\n                        <div class=\"box-body\">\n                            <h3 class=\"elementskit-info-box-title\">\n                    Hidroxipropil-kem\u00e9ny\u00edt\u0151-\u00e9ter (HPS)                <\/h3>\n                        \t\t  \t<p>A HPS egy m\u00f3dos\u00edtott n\u00f6v\u00e9nyi alap\u00fa por, amely kiv\u00e1l\u00f3 oldhat\u00f3s\u00e1ggal \u00e9s stabilit\u00e1ssal rendelkezik. Alacsonyabb zsel\u00e9sed\u00e9si h\u0151m\u00e9rs\u00e9klettel, fokozott viszkozit\u00e1ssal, fagyaszt\u00e1s-felenged\u00e9s stabilit\u00e1ssal \u00e9s \u00e1tl\u00e1tsz\u00f3s\u00e1ggal rendelkezik.<\/p>\n                                        <div class=\"box-footer disable_hover_button\">\n                    <div class=\"btn-wraper\">\n                                                            <a class=\"elementskit-btn whitespace--normal elementor-animation-float\" href=\"https:\/\/landu-china.com\/hu\/hidroxipropil-kemenyito-eter-gyarto-hps\/\" target=\"_blank\">\n                                        Tudjon meg t\u00f6bbet                                         <i aria-hidden=\"true\" class=\"icon icon-arrow-right\"><\/i>                                    <\/a>\n                                                        <\/div>\n                <\/div>\n                    <\/div>\n        \n        \n                <\/div>\n        <\/div>\t\t\t\t<\/div>\n\t\t\t\t<\/div>\n\t\t\t\t<\/div>\n\t\t\t\t\t<\/div>\n\t\t\t\t<\/div>\n\t\t<div class=\"elementor-element elementor-element-81591d0 e-flex e-con-boxed e-con e-parent\" data-id=\"81591d0\" data-element_type=\"container\" data-settings=\"{&quot;ekit_has_onepagescroll_dot&quot;:&quot;yes&quot;}\">\n\t\t\t\t\t<div class=\"e-con-inner\">\n\t\t<div class=\"elementor-element elementor-element-24d6db1 e-con-full e-flex e-con e-child\" data-id=\"24d6db1\" data-element_type=\"container\" data-settings=\"{&quot;background_background&quot;:&quot;classic&quot;,&quot;ekit_has_onepagescroll_dot&quot;:&quot;yes&quot;}\">\n\t\t\t\t<div class=\"elementor-element elementor-element-758bc9a elementor-widget elementor-widget-spacer\" data-id=\"758bc9a\" data-element_type=\"widget\" data-settings=\"{&quot;ekit_we_effect_on&quot;:&quot;none&quot;}\" data-widget_type=\"spacer.default\">\n\t\t\t\t<div class=\"elementor-widget-container\">\n\t\t\t\t\t\t\t<div class=\"elementor-spacer\">\n\t\t\t<div class=\"elementor-spacer-inner\"><\/div>\n\t\t<\/div>\n\t\t\t\t\t\t<\/div>\n\t\t\t\t<\/div>\n\t\t\t\t<\/div>\n\t\t<div class=\"elementor-element elementor-element-5ce99a1 e-con-full e-flex e-con e-child\" data-id=\"5ce99a1\" data-element_type=\"container\" data-settings=\"{&quot;ekit_has_onepagescroll_dot&quot;:&quot;yes&quot;}\">\n\t\t\t\t<div class=\"elementor-element elementor-element-47f7771 ekit-equal-height-disable elementor-widget elementor-widget-elementskit-icon-box\" data-id=\"47f7771\" data-element_type=\"widget\" data-settings=\"{&quot;ekit_we_effect_on&quot;:&quot;none&quot;}\" data-widget_type=\"elementskit-icon-box.default\">\n\t\t\t\t<div class=\"elementor-widget-container\">\n\t\t\t\t\t<div class=\"ekit-wid-con\" >        <!-- link opening -->\n                <!-- end link opening -->\n\n        <div class=\"elementskit-infobox text-center text- icon-lef-right-aligin elementor-animation-float\">\n                        <div class=\"box-body\">\n                            <h3 class=\"elementskit-info-box-title\">\n                    N\u00e1trium-karboxi-metil-cellul\u00f3z\uff08CMC\uff09                <\/h3>\n                        \t\t  \t<p>A CMC a karboximetil-cellul\u00f3z-\u00e9ter v\u00edzben old\u00f3d\u00f3 n\u00e1triums\u00f3ja. Ez egy anionos cellul\u00f3z\u00e9ter, jellemz\u0151en feh\u00e9r vagy t\u00f6rtfeh\u00e9r, rostos por vagy granul\u00e1tum, szagtalan, \u00edztelen \u00e9s nedvess\u00e9get elnyel\u0151.<\/p>\n                                        <div class=\"box-footer disable_hover_button\">\n                    <div class=\"btn-wraper\">\n                                                            <a class=\"elementskit-btn whitespace--normal elementor-animation-float\" href=\"https:\/\/landu-china.com\/hu\/karboximetil-celluloz-gyarto-cmc\/\" target=\"_blank\">\n                                        Tudjon meg t\u00f6bbet                                         <i aria-hidden=\"true\" class=\"icon icon-arrow-right\"><\/i>                                    <\/a>\n                                                        <\/div>\n                <\/div>\n                    <\/div>\n        \n        \n                <\/div>\n        <\/div>\t\t\t\t<\/div>\n\t\t\t\t<\/div>\n\t\t\t\t<\/div>\n\t\t\t\t\t<\/div>\n\t\t\t\t<\/div>\n\t\t\t\t<\/div>","protected":false},"excerpt":{"rendered":"<p>S\u00fclt \u00e9telek S\u00fclt \u00e9telek megold\u00e1sok S\u00fct\u00e9s: h\u0151- \u00e9s olaj\u00e1tad\u00e1si folyamat, amely n\u00e9pszer\u0171 a k\u00edv\u00e1natos \u00e9lelmiszer-text\u00far\u00e1k l\u00e9trehoz\u00e1s\u00e1ra. A pan\u00edrozott \u00e9telek kulcsfontoss\u00e1g\u00fa r\u00e9sz\u00e9t k\u00e9pezik ennek a glob\u00e1lis hagyom\u00e1nynak. A fogyaszt\u00f3k sz\u00e1m\u00e1ra fontos a t\u00e1pl\u00e1l\u00e9kban l\u00e9v\u0151 zs\u00edrok cs\u00f6kkent\u00e9se, ami a s\u00fct\u00e9s sor\u00e1n a zs\u00edrfelv\u00e9tel minimaliz\u00e1l\u00e1s\u00e1ra ir\u00e1nyul\u00f3 kutat\u00e1sokhoz vezetett. A hidrokolloidok haszn\u00e1lata a t\u00e9szt\u00e1ban \u00e9s a metilcellul\u00f3zzal (MC) \u00e9s a hidroxipropil- [...]<\/p>","protected":false},"author":1,"featured_media":0,"parent":7753,"menu_order":0,"comment_status":"closed","ping_status":"closed","template":"elementor_header_footer","meta":{"footnotes":""},"class_list":["post-8483","page","type-page","status-publish","hentry"],"_links":{"self":[{"href":"https:\/\/landu-china.com\/hu\/wp-json\/wp\/v2\/pages\/8483","targetHints":{"allow":["GET"]}}],"collection":[{"href":"https:\/\/landu-china.com\/hu\/wp-json\/wp\/v2\/pages"}],"about":[{"href":"https:\/\/landu-china.com\/hu\/wp-json\/wp\/v2\/types\/page"}],"author":[{"embeddable":true,"href":"https:\/\/landu-china.com\/hu\/wp-json\/wp\/v2\/users\/1"}],"replies":[{"embeddable":true,"href":"https:\/\/landu-china.com\/hu\/wp-json\/wp\/v2\/comments?post=8483"}],"version-history":[{"count":29,"href":"https:\/\/landu-china.com\/hu\/wp-json\/wp\/v2\/pages\/8483\/revisions"}],"predecessor-version":[{"id":19369,"href":"https:\/\/landu-china.com\/hu\/wp-json\/wp\/v2\/pages\/8483\/revisions\/19369"}],"up":[{"embeddable":true,"href":"https:\/\/landu-china.com\/hu\/wp-json\/wp\/v2\/pages\/7753"}],"wp:attachment":[{"href":"https:\/\/landu-china.com\/hu\/wp-json\/wp\/v2\/media?parent=8483"}],"curies":[{"name":"wp","href":"https:\/\/api.w.org\/{rel}","templated":true}]}}