{"id":410,"date":"2024-06-18T13:35:02","date_gmt":"2024-06-18T05:35:02","guid":{"rendered":"https:\/\/landu-china.com\/?page_id=410"},"modified":"2025-08-04T13:31:37","modified_gmt":"2025-08-04T05:31:37","slug":"szerzodeses-gyartasi-szolgaltatasok","status":"publish","type":"page","link":"https:\/\/landu-china.com\/hu\/szerzodeses-gyartasi-szolgaltatasok\/","title":{"rendered":"Szerz\u0151d\u00e9ses gy\u00e1rt\u00e1si szolg\u00e1ltat\u00e1sok"},"content":{"rendered":"<div data-elementor-type=\"wp-page\" data-elementor-id=\"410\" class=\"elementor elementor-410\" data-elementor-post-type=\"page\">\n\t\t\t\t<div class=\"elementor-element elementor-element-f81d54a e-flex e-con-boxed e-con e-parent\" data-id=\"f81d54a\" data-element_type=\"container\" data-settings=\"{&quot;background_background&quot;:&quot;classic&quot;,&quot;ekit_has_onepagescroll_dot&quot;:&quot;yes&quot;}\">\n\t\t\t\t\t<div class=\"e-con-inner\">\n\t\t\t\t<div class=\"elementor-element elementor-element-b3a9adb elementor-widget__width-initial elementor-widget elementor-widget-heading\" data-id=\"b3a9adb\" data-element_type=\"widget\" data-settings=\"{&quot;ekit_we_effect_on&quot;:&quot;none&quot;}\" data-widget_type=\"heading.default\">\n\t\t\t\t<div class=\"elementor-widget-container\">\n\t\t\t\t\t<h2 class=\"elementor-heading-title elementor-size-default\">Szerz\u0151d\u00e9ses gy\u00e1rt\u00e1si szolg\u00e1ltat\u00e1sok<\/h2>\t\t\t\t<\/div>\n\t\t\t\t<\/div>\n\t\t\t\t<div class=\"elementor-element elementor-element-28586f2 elementor-widget__width-initial elementor-widget elementor-widget-text-editor\" data-id=\"28586f2\" data-element_type=\"widget\" data-settings=\"{&quot;ekit_we_effect_on&quot;:&quot;none&quot;}\" data-widget_type=\"text-editor.default\">\n\t\t\t\t<div class=\"elementor-widget-container\">\n\t\t\t\t\t\t\t\t\t<p>A LANDU a cellul\u00f3ztechnol\u00f3giai szolg\u00e1ltat\u00e1sok ter\u00fclet\u00e9n vil\u00e1gszerte elismert vezet\u0151 szerepet t\u00f6lt be, \u00e9s glob\u00e1lis m\u0171szaki megold\u00e1sokra specializ\u00e1l\u00f3dott.<\/p>\t\t\t\t\t\t\t\t<\/div>\n\t\t\t\t<\/div>\n\t\t\t\t\t<\/div>\n\t\t\t\t<\/div>\n\t\t<div class=\"elementor-element elementor-element-290387c e-flex e-con-boxed e-con e-parent\" data-id=\"290387c\" data-element_type=\"container\" data-settings=\"{&quot;ekit_has_onepagescroll_dot&quot;:&quot;yes&quot;}\">\n\t\t\t\t\t<div class=\"e-con-inner\">\n\t\t\t\t<div class=\"elementor-element elementor-element-3fb3201 elementor-widget elementor-widget-heading\" data-id=\"3fb3201\" data-element_type=\"widget\" data-settings=\"{&quot;ekit_we_effect_on&quot;:&quot;none&quot;}\" data-widget_type=\"heading.default\">\n\t\t\t\t<div class=\"elementor-widget-container\">\n\t\t\t\t\t<h2 class=\"elementor-heading-title elementor-size-default\">Optimaliz\u00e1lt szerz\u0151d\u00e9ses gy\u00e1rt\u00e1si szolg\u00e1ltat\u00e1sok \u00e9trend-kieg\u00e9sz\u00edt\u0151kh\u00f6z<\/h2>\t\t\t\t<\/div>\n\t\t\t\t<\/div>\n\t\t\t\t<div class=\"elementor-element elementor-element-9416f12 elementor-widget elementor-widget-image\" data-id=\"9416f12\" data-element_type=\"widget\" data-settings=\"{&quot;ekit_we_effect_on&quot;:&quot;none&quot;}\" data-widget_type=\"image.default\">\n\t\t\t\t<div class=\"elementor-widget-container\">\n\t\t\t\t\t\t\t\t\t\t\t\t\t\t\t<img decoding=\"async\" width=\"55\" height=\"9\" src=\"https:\/\/landu-china.com\/wp-content\/uploads\/2024\/06\/\u8d44\u6e90-1.png\" class=\"attachment-large size-large wp-image-87\" alt=\"\" \/>\t\t\t\t\t\t\t\t\t\t\t\t\t\t\t<\/div>\n\t\t\t\t<\/div>\n\t\t\t\t<div class=\"elementor-element elementor-element-6606622 elementor-widget elementor-widget-text-editor\" data-id=\"6606622\" data-element_type=\"widget\" data-settings=\"{&quot;ekit_we_effect_on&quot;:&quot;none&quot;}\" data-widget_type=\"text-editor.default\">\n\t\t\t\t<div class=\"elementor-widget-container\">\n\t\t\t\t\t\t\t\t\t<p>Gy\u00e1rt\u00f3 partnert keres a k\u00f6vetkez\u0151 innov\u00e1ci\u00f3j\u00e1hoz? M\u0171szaki szolg\u00e1ltat\u00e1si csapatunk k\u00e9sz seg\u00edteni \u00d6nnek, ak\u00e1r \u00faj porterm\u00e9ket szeretne piacra dobni, ak\u00e1r egy megl\u00e9v\u0151 term\u00e9ket szeretne tov\u00e1bbfejleszteni. Gy\u00e1rt\u00e1si k\u00e9pess\u00e9geinkkel megk\u00fcl\u00f6nb\u00f6ztet\u0151 egyablakos \u00fcgyint\u00e9z\u00e9st biztos\u00edtunk a kulcsrak\u00e9sz k\u00e9sz\u00edtm\u00e9nyfeldolgoz\u00e1shoz.<\/p>\t\t\t\t\t\t\t\t<\/div>\n\t\t\t\t<\/div>\n\t\t\t\t\t<\/div>\n\t\t\t\t<\/div>\n\t\t<div class=\"elementor-element elementor-element-3aee58d e-flex e-con-boxed e-con e-parent\" data-id=\"3aee58d\" data-element_type=\"container\" data-settings=\"{&quot;ekit_has_onepagescroll_dot&quot;:&quot;yes&quot;}\">\n\t\t\t\t\t<div class=\"e-con-inner\">\n\t\t<div class=\"elementor-element elementor-element-7577986 e-con-full e-flex e-con e-child\" data-id=\"7577986\" data-element_type=\"container\" data-settings=\"{&quot;ekit_has_onepagescroll_dot&quot;:&quot;yes&quot;}\">\n\t\t\t\t<div class=\"elementor-element elementor-element-abe0950 elementor-widget elementor-widget-heading\" data-id=\"abe0950\" data-element_type=\"widget\" data-settings=\"{&quot;ekit_we_effect_on&quot;:&quot;none&quot;}\" data-widget_type=\"heading.default\">\n\t\t\t\t<div class=\"elementor-widget-container\">\n\t\t\t\t\t<h2 class=\"elementor-heading-title elementor-size-default\">Csomagol\u00e1s<\/h2>\t\t\t\t<\/div>\n\t\t\t\t<\/div>\n\t\t\t\t<div class=\"elementor-element elementor-element-f694b81 elementor-widget__width-initial elementor-widget-divider--view-line elementor-widget elementor-widget-divider\" data-id=\"f694b81\" data-element_type=\"widget\" data-settings=\"{&quot;ekit_we_effect_on&quot;:&quot;none&quot;}\" data-widget_type=\"divider.default\">\n\t\t\t\t<div class=\"elementor-widget-container\">\n\t\t\t\t\t\t\t<div class=\"elementor-divider\">\n\t\t\t<span class=\"elementor-divider-separator\">\n\t\t\t\t\t\t<\/span>\n\t\t<\/div>\n\t\t\t\t\t\t<\/div>\n\t\t\t\t<\/div>\n\t\t\t\t<div class=\"elementor-element elementor-element-31d31e2 elementor-widget elementor-widget-text-editor\" data-id=\"31d31e2\" data-element_type=\"widget\" data-settings=\"{&quot;ekit_we_effect_on&quot;:&quot;none&quot;}\" data-widget_type=\"text-editor.default\">\n\t\t\t\t<div class=\"elementor-widget-container\">\n\t\t\t\t\t\t\t\t\t<p>Fedezze fel csomagol\u00e1si megold\u00e1saink \u00e1tfog\u00f3 v\u00e1laszt\u00e9k\u00e1t, amelyeket apr\u00f3l\u00e9kosan kidolgoztunk a por\u00edtott term\u00e9kekhez. A legmodernebb praktikus stick-csomagol\u00e1sokt\u00f3l kezdve a fedeles t\u00e9gelyek klasszikus funkcionalit\u00e1s\u00e1ig, a pontos m\u00e9r\u00e9sekhez sz\u00fcks\u00e9ges m\u00e9r\u0151kanalakkal p\u00e1ros\u00edtva, az \u00d6n ig\u00e9nyeihez igazod\u00f3 lehet\u0151s\u00e9geket k\u00edn\u00e1lunk.<br \/>K\u00f6zvetlen\u00fcl a sz\u00e1jba juttathat\u00f3 porrendszereink p\u00e1ratlan k\u00e9nyelmet biztos\u00edtanak, m\u00edg massz\u00edv, merev tart\u00e1lyaink biztos\u00edtj\u00e1k a tart\u00f3ss\u00e1got \u00e9s a term\u00e9k s\u00e9rtetlens\u00e9g\u00e9t.<br \/>F\u00fcggetlen\u00fcl att\u00f3l, hogy milyen csomagol\u00e1si preferenci\u00e1k vagy term\u00e9kle\u00edr\u00e1sok vannak, sokoldal\u00fa v\u00e1laszt\u00e9kot k\u00edn\u00e1lunk, hogy megfeleljen az \u00d6n ig\u00e9nyeinek \u00e9s fel\u00fclm\u00falja az elv\u00e1r\u00e1sait.<\/p>\t\t\t\t\t\t\t\t<\/div>\n\t\t\t\t<\/div>\n\t\t\t\t<\/div>\n\t\t<div class=\"elementor-element elementor-element-f3cd1ae e-con-full e-flex e-con e-child\" data-id=\"f3cd1ae\" data-element_type=\"container\" data-settings=\"{&quot;background_background&quot;:&quot;classic&quot;,&quot;ekit_has_onepagescroll_dot&quot;:&quot;yes&quot;}\">\n\t\t\t\t<\/div>\n\t\t\t\t\t<\/div>\n\t\t\t\t<\/div>\n\t\t<div class=\"elementor-element elementor-element-9433bd2 e-flex e-con-boxed e-con e-parent\" data-id=\"9433bd2\" data-element_type=\"container\" data-settings=\"{&quot;background_background&quot;:&quot;classic&quot;,&quot;ekit_has_onepagescroll_dot&quot;:&quot;yes&quot;}\">\n\t\t\t\t\t<div class=\"e-con-inner\">\n\t\t<div class=\"elementor-element elementor-element-e3cad86 e-con-full e-flex e-con e-child\" data-id=\"e3cad86\" data-element_type=\"container\" data-settings=\"{&quot;background_background&quot;:&quot;classic&quot;,&quot;ekit_has_onepagescroll_dot&quot;:&quot;yes&quot;}\">\n\t\t\t\t<\/div>\n\t\t<div class=\"elementor-element elementor-element-0e3acea e-con-full e-flex e-con e-child\" data-id=\"0e3acea\" data-element_type=\"container\" data-settings=\"{&quot;ekit_has_onepagescroll_dot&quot;:&quot;yes&quot;}\">\n\t\t\t\t<div class=\"elementor-element elementor-element-abbe6e6 elementor-widget elementor-widget-heading\" data-id=\"abbe6e6\" data-element_type=\"widget\" data-settings=\"{&quot;ekit_we_effect_on&quot;:&quot;none&quot;}\" data-widget_type=\"heading.default\">\n\t\t\t\t<div class=\"elementor-widget-container\">\n\t\t\t\t\t<h2 class=\"elementor-heading-title elementor-size-default\">Min\u0151s\u00e9g \u00e9s tan\u00fas\u00edtv\u00e1nyok<\/h2>\t\t\t\t<\/div>\n\t\t\t\t<\/div>\n\t\t\t\t<div class=\"elementor-element elementor-element-0f46435 elementor-widget__width-initial elementor-widget-divider--view-line elementor-widget elementor-widget-divider\" data-id=\"0f46435\" data-element_type=\"widget\" data-settings=\"{&quot;ekit_we_effect_on&quot;:&quot;none&quot;}\" data-widget_type=\"divider.default\">\n\t\t\t\t<div class=\"elementor-widget-container\">\n\t\t\t\t\t\t\t<div class=\"elementor-divider\">\n\t\t\t<span class=\"elementor-divider-separator\">\n\t\t\t\t\t\t<\/span>\n\t\t<\/div>\n\t\t\t\t\t\t<\/div>\n\t\t\t\t<\/div>\n\t\t\t\t<div class=\"elementor-element elementor-element-da0384f elementor-widget elementor-widget-text-editor\" data-id=\"da0384f\" data-element_type=\"widget\" data-settings=\"{&quot;ekit_we_effect_on&quot;:&quot;none&quot;}\" data-widget_type=\"text-editor.default\">\n\t\t\t\t<div class=\"elementor-widget-container\">\n\t\t\t\t\t\t\t\t\t<p>Szigor\u00fa norm\u00e1kat tartunk be, \u00e9s tudjuk, hogy \u00f6n\u00f6k is \u00edgy tesznek. Ez\u00e9rt a min\u0151s\u00e9g \u00e9s a biztons\u00e1g a legfontosabb sz\u00e1munkra. Az \u00f6sszetev\u0151k apr\u00f3l\u00e9kos min\u0151s\u00edt\u00e9s\u00e9t\u0151l kezdve a gy\u00e1rt\u00e1si folyamat minden egyes l\u00e9p\u00e9s\u00e9nek fel\u00fcgyelet\u00e9ig elk\u00f6telezettek vagyunk az \u00d6n \u00e1ltal ig\u00e9nyelt min\u0151s\u00e9gbiztos\u00edt\u00e1s \u00e9s tan\u00fas\u00edtv\u00e1nyok biztos\u00edt\u00e1sa mellett.<\/p><p>Itt egy r\u00e9szleges lista a sz\u00e1mos term\u00e9k\u00fcnkh\u00f6z el\u00e9rhet\u0151 tan\u00fas\u00edtv\u00e1nyokr\u00f3l:<br \/>-<strong>\u00a0ISO<\/strong>\u00a0Tan\u00fas\u00edt\u00e1s<br \/>-\u00a0<strong>REACH<\/strong>\u00a0Megfelel\u00e9s<\/p><p>Felh\u00edvjuk figyelm\u00e9t, hogy nem minden term\u00e9k felel meg a fent felsorolt \u00f6sszes tan\u00fas\u00edtv\u00e1nynak. Tov\u00e1bbi inform\u00e1ci\u00f3\u00e9rt k\u00e9rj\u00fck, forduljon a LANDU \u00e9rt\u00e9kes\u00edt\u00e9si k\u00e9pvisel\u0151j\u00e9hez.<\/p>\t\t\t\t\t\t\t\t<\/div>\n\t\t\t\t<\/div>\n\t\t\t\t<\/div>\n\t\t\t\t\t<\/div>\n\t\t\t\t<\/div>\n\t\t<div class=\"elementor-element elementor-element-20d5277 e-flex e-con-boxed e-con e-parent\" data-id=\"20d5277\" data-element_type=\"container\" data-settings=\"{&quot;ekit_has_onepagescroll_dot&quot;:&quot;yes&quot;}\">\n\t\t\t\t\t<div class=\"e-con-inner\">\n\t\t<div class=\"elementor-element elementor-element-5dbae40 e-con-full e-flex e-con e-child\" data-id=\"5dbae40\" data-element_type=\"container\" data-settings=\"{&quot;ekit_has_onepagescroll_dot&quot;:&quot;yes&quot;}\">\n\t\t\t\t<div class=\"elementor-element elementor-element-a62a8bb elementor-widget elementor-widget-heading\" data-id=\"a62a8bb\" data-element_type=\"widget\" data-settings=\"{&quot;ekit_we_effect_on&quot;:&quot;none&quot;}\" data-widget_type=\"heading.default\">\n\t\t\t\t<div class=\"elementor-widget-container\">\n\t\t\t\t\t<h2 class=\"elementor-heading-title elementor-size-default\">Kiv\u00e9teles szolg\u00e1ltat\u00e1s<\/h2>\t\t\t\t<\/div>\n\t\t\t\t<\/div>\n\t\t\t\t<div class=\"elementor-element elementor-element-2f58cba elementor-widget__width-initial elementor-widget-divider--view-line elementor-widget elementor-widget-divider\" data-id=\"2f58cba\" data-element_type=\"widget\" data-settings=\"{&quot;ekit_we_effect_on&quot;:&quot;none&quot;}\" data-widget_type=\"divider.default\">\n\t\t\t\t<div class=\"elementor-widget-container\">\n\t\t\t\t\t\t\t<div class=\"elementor-divider\">\n\t\t\t<span class=\"elementor-divider-separator\">\n\t\t\t\t\t\t<\/span>\n\t\t<\/div>\n\t\t\t\t\t\t<\/div>\n\t\t\t\t<\/div>\n\t\t\t\t<div class=\"elementor-element elementor-element-1765993 elementor-widget elementor-widget-text-editor\" data-id=\"1765993\" data-element_type=\"widget\" data-settings=\"{&quot;ekit_we_effect_on&quot;:&quot;none&quot;}\" data-widget_type=\"text-editor.default\">\n\t\t\t\t<div class=\"elementor-widget-container\">\n\t\t\t\t\t\t\t\t\t<p>A LANDU az \u00d6n \u00e1tfog\u00f3, egyablakos megold\u00e1sak\u00e9nt szolg\u00e1l, amely a szolg\u00e1ltat\u00e1sok z\u00f6kken\u0151mentes integr\u00e1ci\u00f3j\u00e1t biztos\u00edtja, bele\u00e9rtve az alapos kutat\u00e1st \u00e9s fejleszt\u00e9st, a speci\u00e1lis \u00f6sszetev\u0151k beszerz\u00e9s\u00e9t, a gy\u00e1rt\u00e1st, a feldolgoz\u00e1st \u00e9s a termel\u00e9st. Ezekkel az integr\u00e1lt k\u00e9pess\u00e9gekkel szorosan egy\u00fcttm\u0171k\u00f6d\u00fcnk \u00d6nnel a kezdeti asztali k\u00eds\u00e9rletekt\u0151l a teljes k\u00f6r\u0171 gy\u00e1rt\u00e1sig. Legyen sz\u00f3 egyedi recept\u00far\u00e1k kidolgoz\u00e1s\u00e1r\u00f3l, a term\u00e9k teljes\u00edtm\u00e9ny\u00e9nek fokoz\u00e1s\u00e1r\u00f3l vagy az \u00edzprofilok t\u00f6k\u00e9letes\u00edt\u00e9s\u00e9r\u0151l, egy\u00fcttm\u0171k\u00f6d\u0151 megk\u00f6zel\u00edt\u00e9s\u00fcnk biztos\u00edtja, hogy hat\u00e9konyan \u00e9s eredm\u00e9nyesen teljes\u00edts\u00fck az \u00d6n ig\u00e9nyeit.<\/p>\t\t\t\t\t\t\t\t<\/div>\n\t\t\t\t<\/div>\n\t\t\t\t<\/div>\n\t\t<div class=\"elementor-element elementor-element-02899a7 e-con-full e-flex e-con e-child\" data-id=\"02899a7\" data-element_type=\"container\" data-settings=\"{&quot;background_background&quot;:&quot;classic&quot;,&quot;ekit_has_onepagescroll_dot&quot;:&quot;yes&quot;}\">\n\t\t\t\t<div class=\"elementor-element elementor-element-690eb3d elementor-widget elementor-widget-spacer\" data-id=\"690eb3d\" data-element_type=\"widget\" data-settings=\"{&quot;ekit_we_effect_on&quot;:&quot;none&quot;}\" data-widget_type=\"spacer.default\">\n\t\t\t\t<div class=\"elementor-widget-container\">\n\t\t\t\t\t\t\t<div class=\"elementor-spacer\">\n\t\t\t<div class=\"elementor-spacer-inner\"><\/div>\n\t\t<\/div>\n\t\t\t\t\t\t<\/div>\n\t\t\t\t<\/div>\n\t\t\t\t<\/div>\n\t\t\t\t\t<\/div>\n\t\t\t\t<\/div>\n\t\t\t\t<\/div>","protected":false},"excerpt":{"rendered":"<p>Szerz\u0151d\u00e9ses gy\u00e1rt\u00e1si szolg\u00e1ltat\u00e1sok Az LANDU vil\u00e1gszerte elismert vezet\u0151 szerepet t\u00f6lt be a cellul\u00f3ztechnol\u00f3giai szolg\u00e1ltat\u00e1sok ter\u00fclet\u00e9n, \u00e9s glob\u00e1lis m\u0171szaki megold\u00e1sokra specializ\u00e1l\u00f3dott. Optimaliz\u00e1lt szerz\u0151d\u00e9ses gy\u00e1rt\u00e1si szolg\u00e1ltat\u00e1sok \u00e9trend-kieg\u00e9sz\u00edt\u0151kh\u00f6z Gy\u00e1rt\u00f3 partnert keres a k\u00f6vetkez\u0151 innov\u00e1ci\u00f3j\u00e1hoz? M\u0171szaki szolg\u00e1ltat\u00e1si csapatunk k\u00e9szen \u00e1ll arra, hogy seg\u00edts\u00e9get ny\u00fajtson \u00d6nnek, ak\u00e1r egy \u00faj por [...]<\/p>","protected":false},"author":1,"featured_media":0,"parent":0,"menu_order":0,"comment_status":"closed","ping_status":"closed","template":"elementor_header_footer","meta":{"footnotes":""},"class_list":["post-410","page","type-page","status-publish","hentry"],"_links":{"self":[{"href":"https:\/\/landu-china.com\/hu\/wp-json\/wp\/v2\/pages\/410","targetHints":{"allow":["GET"]}}],"collection":[{"href":"https:\/\/landu-china.com\/hu\/wp-json\/wp\/v2\/pages"}],"about":[{"href":"https:\/\/landu-china.com\/hu\/wp-json\/wp\/v2\/types\/page"}],"author":[{"embeddable":true,"href":"https:\/\/landu-china.com\/hu\/wp-json\/wp\/v2\/users\/1"}],"replies":[{"embeddable":true,"href":"https:\/\/landu-china.com\/hu\/wp-json\/wp\/v2\/comments?post=410"}],"version-history":[{"count":19,"href":"https:\/\/landu-china.com\/hu\/wp-json\/wp\/v2\/pages\/410\/revisions"}],"predecessor-version":[{"id":22908,"href":"https:\/\/landu-china.com\/hu\/wp-json\/wp\/v2\/pages\/410\/revisions\/22908"}],"wp:attachment":[{"href":"https:\/\/landu-china.com\/hu\/wp-json\/wp\/v2\/media?parent=410"}],"curies":[{"name":"wp","href":"https:\/\/api.w.org\/{rel}","templated":true}]}}