{"id":3787,"date":"2024-07-29T17:20:53","date_gmt":"2024-07-29T09:20:53","guid":{"rendered":"https:\/\/landu-china.com\/?page_id=3787"},"modified":"2024-07-30T09:37:06","modified_gmt":"2024-07-30T01:37:06","slug":"a-fenntarthato-beszerzes-elvei","status":"publish","type":"page","link":"https:\/\/landu-china.com\/hu\/a-fenntarthato-beszerzes-elvei\/","title":{"rendered":"A fenntarthat\u00f3 beszerz\u00e9s alapelvei"},"content":{"rendered":"<div data-elementor-type=\"wp-page\" data-elementor-id=\"3787\" class=\"elementor elementor-3787\" data-elementor-post-type=\"page\">\n\t\t\t\t<div class=\"elementor-element elementor-element-832e259 e-flex e-con-boxed e-con e-parent\" data-id=\"832e259\" data-element_type=\"container\" data-settings=\"{&quot;background_background&quot;:&quot;classic&quot;,&quot;ekit_has_onepagescroll_dot&quot;:&quot;yes&quot;}\">\n\t\t\t\t\t<div class=\"e-con-inner\">\n\t\t\t\t<div class=\"elementor-element elementor-element-f07d774 elementor-widget__width-initial elementor-widget elementor-widget-heading\" data-id=\"f07d774\" data-element_type=\"widget\" data-settings=\"{&quot;ekit_we_effect_on&quot;:&quot;none&quot;}\" data-widget_type=\"heading.default\">\n\t\t\t\t<div class=\"elementor-widget-container\">\n\t\t\t\t\t<h2 class=\"elementor-heading-title elementor-size-default\">A fenntarthat\u00f3 beszerz\u00e9s alapelvei<\/h2>\t\t\t\t<\/div>\n\t\t\t\t<\/div>\n\t\t\t\t<div class=\"elementor-element elementor-element-54592e9 elementor-widget__width-initial elementor-widget elementor-widget-text-editor\" data-id=\"54592e9\" data-element_type=\"widget\" data-settings=\"{&quot;ekit_we_effect_on&quot;:&quot;none&quot;}\" data-widget_type=\"text-editor.default\">\n\t\t\t\t<div class=\"elementor-widget-container\">\n\t\t\t\t\t\t\t\t\t<p>A fenntarthat\u00f3s\u00e1gra t\u00f6rekedve biztons\u00e1gos \u00e9s megb\u00edzhat\u00f3 partner k\u00edv\u00e1nunk lenni minden \u00e9rdekelt f\u00e9l sz\u00e1m\u00e1ra, \u00e9s arra \u00f6szt\u00f6n\u00f6zz\u00fck besz\u00e1ll\u00edt\u00f3inkat, hogy csatlakozzanak hozz\u00e1nk ebben az er\u0151fesz\u00edt\u00e9sben.<\/p>\t\t\t\t\t\t\t\t<\/div>\n\t\t\t\t<\/div>\n\t\t\t\t\t<\/div>\n\t\t\t\t<\/div>\n\t\t<div class=\"elementor-element elementor-element-af21400 e-flex e-con-boxed e-con e-parent\" data-id=\"af21400\" data-element_type=\"container\" data-settings=\"{&quot;ekit_has_onepagescroll_dot&quot;:&quot;yes&quot;}\">\n\t\t\t\t\t<div class=\"e-con-inner\">\n\t\t\t\t<div class=\"elementor-element elementor-element-ee22895 elementor-widget elementor-widget-heading\" data-id=\"ee22895\" data-element_type=\"widget\" data-settings=\"{&quot;ekit_we_effect_on&quot;:&quot;none&quot;}\" data-widget_type=\"heading.default\">\n\t\t\t\t<div class=\"elementor-widget-container\">\n\t\t\t\t\t<h2 class=\"elementor-heading-title elementor-size-default\">\u00d6r\u00f6k er\u0151forr\u00e1s - Fenntarthat\u00f3an kezelt term\u00e9szetes meg\u00fajul\u00f3 anyagok<\/h2>\t\t\t\t<\/div>\n\t\t\t\t<\/div>\n\t\t\t\t<div class=\"elementor-element elementor-element-b0428b0 elementor-widget elementor-widget-image\" data-id=\"b0428b0\" data-element_type=\"widget\" data-settings=\"{&quot;ekit_we_effect_on&quot;:&quot;none&quot;}\" data-widget_type=\"image.default\">\n\t\t\t\t<div class=\"elementor-widget-container\">\n\t\t\t\t\t\t\t\t\t\t\t\t\t\t\t<img decoding=\"async\" width=\"55\" height=\"9\" src=\"https:\/\/landu-china.com\/wp-content\/uploads\/2024\/06\/\u8d44\u6e90-1.png\" class=\"attachment-large size-large wp-image-87\" alt=\"\" \/>\t\t\t\t\t\t\t\t\t\t\t\t\t\t\t<\/div>\n\t\t\t\t<\/div>\n\t\t\t\t<div class=\"elementor-element elementor-element-e6c6337 elementor-widget elementor-widget-text-editor\" data-id=\"e6c6337\" data-element_type=\"widget\" data-settings=\"{&quot;ekit_we_effect_on&quot;:&quot;none&quot;}\" data-widget_type=\"text-editor.default\">\n\t\t\t\t<div class=\"elementor-widget-container\">\n\t\t\t\t\t\t\t\t\tTerm\u00e9keink a term\u00e9szetb\u0151l sz\u00e1rmaznak, \u00e9s az LANDU-n\u00e9l meg\u00e9rtj\u00fck a fenntarthat\u00f3 beszerz\u00e9s \u00f6sszetett kih\u00edv\u00e1sait. Minden a bizalommal kezd\u0151dik.\n\nFelel\u0151s partnerk\u00e9nt egy\u00fcttm\u0171k\u00f6d\u00fcnk a v\u00e1llalatokkal \u00e9s koll\u00e9g\u00e1inkkal az \u00e9rt\u00e9kl\u00e1nc ment\u00e9n - a nyersanyagok beszerz\u00e9s\u00e9t\u0151l a fogyaszt\u00f3i felhaszn\u00e1l\u00e1sig \u00e9s az \u00e9letciklus v\u00e9g\u00e9n t\u00f6rt\u00e9n\u0151 kezel\u00e9sig.\n\nA \"n\u00f6v\u00e9nyt\u0151l a bolyg\u00f3ig\" filoz\u00f3fi\u00e1nk vez\u00e9relt minket, hogy a term\u00e9szettel akt\u00edvan egy\u00fcttm\u0171k\u00f6d\u0151 v\u00e1llalatt\u00e1 v\u00e1ljunk, amely elk\u00f6telezett a jobb vil\u00e1g megteremt\u00e9s\u00e9nek kih\u00edv\u00e1saira val\u00f3 felel\u0151ss\u00e9gteljes v\u00e1laszad\u00e1s mellett.\t\t\t\t\t\t\t\t<\/div>\n\t\t\t\t<\/div>\n\t\t\t\t\t<\/div>\n\t\t\t\t<\/div>\n\t\t<div class=\"elementor-element elementor-element-5123941 e-flex e-con-boxed e-con e-parent\" data-id=\"5123941\" data-element_type=\"container\" data-settings=\"{&quot;ekit_has_onepagescroll_dot&quot;:&quot;yes&quot;}\">\n\t\t\t\t\t<div class=\"e-con-inner\">\n\t\t<div class=\"elementor-element elementor-element-b946af8 e-con-full e-flex e-con e-child\" data-id=\"b946af8\" data-element_type=\"container\" data-settings=\"{&quot;background_background&quot;:&quot;classic&quot;,&quot;ekit_has_onepagescroll_dot&quot;:&quot;yes&quot;}\">\n\t\t\t\t<div class=\"elementor-element elementor-element-6724aa3 elementor-widget elementor-widget-spacer\" data-id=\"6724aa3\" data-element_type=\"widget\" data-settings=\"{&quot;ekit_we_effect_on&quot;:&quot;none&quot;}\" data-widget_type=\"spacer.default\">\n\t\t\t\t<div class=\"elementor-widget-container\">\n\t\t\t\t\t\t\t<div class=\"elementor-spacer\">\n\t\t\t<div class=\"elementor-spacer-inner\"><\/div>\n\t\t<\/div>\n\t\t\t\t\t\t<\/div>\n\t\t\t\t<\/div>\n\t\t\t\t<\/div>\n\t\t<div class=\"elementor-element elementor-element-b6ac288 e-con-full e-flex e-con e-child\" data-id=\"b6ac288\" data-element_type=\"container\" data-settings=\"{&quot;ekit_has_onepagescroll_dot&quot;:&quot;yes&quot;}\">\n\t\t\t\t<div class=\"elementor-element elementor-element-a9b46ea elementor-position-left elementor-widget-tablet__width-initial elementor-vertical-align-middle elementor-tablet-position-top elementor-widget-mobile__width-inherit elementor-view-stacked elementor-shape-square elementor-mobile-position-top elementor-widget elementor-widget-icon-box\" data-id=\"a9b46ea\" data-element_type=\"widget\" data-settings=\"{&quot;_animation&quot;:&quot;none&quot;,&quot;ekit_we_effect_on&quot;:&quot;none&quot;}\" data-widget_type=\"icon-box.default\">\n\t\t\t\t<div class=\"elementor-widget-container\">\n\t\t\t\t\t\t\t<div class=\"elementor-icon-box-wrapper\">\n\n\t\t\t\t\t\t<div class=\"elementor-icon-box-icon\">\n\t\t\t\t<span  class=\"elementor-icon\">\n\t\t\t\t<svg aria-hidden=\"true\" class=\"e-font-icon-svg e-fas-check\" viewbox=\"0 0 512 512\" xmlns=\"http:\/\/www.w3.org\/2000\/svg\"><path d=\"M173.898 439.404l-166.4-166.4c-9.997-9.997-9.997-26.206 0-36.204l36.203-36.204c9.997-9.998 26.207-9.998 36.204 0L192 312.69 432.095 72.596c9.997-9.997 26.207-9.997 36.204 0l36.203 36.204c9.997 9.997 9.997 26.206 0 36.204l-294.4 294.401c-9.998 9.997-26.207 9.997-36.204-.001z\"><\/path><\/svg>\t\t\t\t<\/span>\n\t\t\t<\/div>\n\t\t\t\n\t\t\t\t\t\t<div class=\"elementor-icon-box-content\">\n\n\t\t\t\t\t\t\t\t\t<h5 class=\"elementor-icon-box-title\">\n\t\t\t\t\t\t<span  >\n\t\t\t\t\t\t\tF\u00f3kuszban a k\u00f6rnyezeti hat\u00e1s\t\t\t\t\t\t<\/span>\n\t\t\t\t\t<\/h5>\n\t\t\t\t\n\t\t\t\t\t\t\t\t\t<p class=\"elementor-icon-box-description\">\n\t\t\t\t\t\tM\u0171k\u00f6d\u00e9s\u00fcnk sor\u00e1n a kibocs\u00e1t\u00e1scs\u00f6kkent\u00e9st tudom\u00e1nyos alapokon nyugv\u00f3 c\u00e9lok alapj\u00e1n helyezz\u00fck el\u0151t\u00e9rbe, mik\u00f6zben az \u00e9rt\u00e9kl\u00e1ncunk m\u00e1s \u00e9rdekelt feleit, p\u00e9ld\u00e1ul besz\u00e1ll\u00edt\u00f3inkat is bevonjuk \u00e9s t\u00e1mogatjuk saj\u00e1t \u00e1talak\u00edt\u00e1saikban.\t\t\t\t\t<\/p>\n\t\t\t\t\n\t\t\t<\/div>\n\t\t\t\n\t\t<\/div>\n\t\t\t\t\t\t<\/div>\n\t\t\t\t<\/div>\n\t\t\t\t<div class=\"elementor-element elementor-element-a7637b7 elementor-position-left elementor-widget-tablet__width-initial elementor-vertical-align-middle elementor-tablet-position-top elementor-widget-mobile__width-inherit elementor-view-stacked elementor-shape-square elementor-mobile-position-top elementor-widget elementor-widget-icon-box\" data-id=\"a7637b7\" data-element_type=\"widget\" data-settings=\"{&quot;_animation&quot;:&quot;none&quot;,&quot;ekit_we_effect_on&quot;:&quot;none&quot;}\" data-widget_type=\"icon-box.default\">\n\t\t\t\t<div class=\"elementor-widget-container\">\n\t\t\t\t\t\t\t<div class=\"elementor-icon-box-wrapper\">\n\n\t\t\t\t\t\t<div class=\"elementor-icon-box-icon\">\n\t\t\t\t<span  class=\"elementor-icon\">\n\t\t\t\t<svg aria-hidden=\"true\" class=\"e-font-icon-svg e-fas-check\" viewbox=\"0 0 512 512\" xmlns=\"http:\/\/www.w3.org\/2000\/svg\"><path d=\"M173.898 439.404l-166.4-166.4c-9.997-9.997-9.997-26.206 0-36.204l36.203-36.204c9.997-9.998 26.207-9.998 36.204 0L192 312.69 432.095 72.596c9.997-9.997 26.207-9.997 36.204 0l36.203 36.204c9.997 9.997 9.997 26.206 0 36.204l-294.4 294.401c-9.998 9.997-26.207 9.997-36.204-.001z\"><\/path><\/svg>\t\t\t\t<\/span>\n\t\t\t<\/div>\n\t\t\t\n\t\t\t\t\t\t<div class=\"elementor-icon-box-content\">\n\n\t\t\t\t\t\t\t\t\t<h5 class=\"elementor-icon-box-title\">\n\t\t\t\t\t\t<span  >\n\t\t\t\t\t\t\tNet-Zero ell\u00e1t\u00e1si l\u00e1nc kezdem\u00e9nyez\u00e9sek\t\t\t\t\t\t<\/span>\n\t\t\t\t\t<\/h5>\n\t\t\t\t\n\t\t\t\t\t\t\t\t\t<p class=\"elementor-icon-box-description\">\n\t\t\t\t\t\tC\u00e9lunk, hogy besz\u00e1ll\u00edt\u00f3i l\u00e1ncunk kibocs\u00e1t\u00e1scs\u00f6kkent\u00e9si \u00e9s nett\u00f3 null\u00e1s c\u00e9lokat t\u0171zz\u00f6n ki.\t\t\t\t\t<\/p>\n\t\t\t\t\n\t\t\t<\/div>\n\t\t\t\n\t\t<\/div>\n\t\t\t\t\t\t<\/div>\n\t\t\t\t<\/div>\n\t\t\t\t<div class=\"elementor-element elementor-element-4c7a908 elementor-position-left elementor-widget-tablet__width-initial elementor-vertical-align-middle elementor-tablet-position-top elementor-widget-mobile__width-inherit elementor-view-stacked elementor-shape-square elementor-mobile-position-top elementor-widget elementor-widget-icon-box\" data-id=\"4c7a908\" data-element_type=\"widget\" data-settings=\"{&quot;_animation&quot;:&quot;none&quot;,&quot;ekit_we_effect_on&quot;:&quot;none&quot;}\" data-widget_type=\"icon-box.default\">\n\t\t\t\t<div class=\"elementor-widget-container\">\n\t\t\t\t\t\t\t<div class=\"elementor-icon-box-wrapper\">\n\n\t\t\t\t\t\t<div class=\"elementor-icon-box-icon\">\n\t\t\t\t<span  class=\"elementor-icon\">\n\t\t\t\t<svg aria-hidden=\"true\" class=\"e-font-icon-svg e-fas-check\" viewbox=\"0 0 512 512\" xmlns=\"http:\/\/www.w3.org\/2000\/svg\"><path d=\"M173.898 439.404l-166.4-166.4c-9.997-9.997-9.997-26.206 0-36.204l36.203-36.204c9.997-9.998 26.207-9.998 36.204 0L192 312.69 432.095 72.596c9.997-9.997 26.207-9.997 36.204 0l36.203 36.204c9.997 9.997 9.997 26.206 0 36.204l-294.4 294.401c-9.998 9.997-26.207 9.997-36.204-.001z\"><\/path><\/svg>\t\t\t\t<\/span>\n\t\t\t<\/div>\n\t\t\t\n\t\t\t\t\t\t<div class=\"elementor-icon-box-content\">\n\n\t\t\t\t\t\t\t\t\t<h5 class=\"elementor-icon-box-title\">\n\t\t\t\t\t\t<span  >\n\t\t\t\t\t\t\tA besz\u00e1ll\u00edt\u00f3k t\u00e1mogat\u00e1sa a nett\u00f3 nulla \u00e9rt\u00e9k el\u00e9r\u00e9se \u00e9rdek\u00e9ben\t\t\t\t\t\t<\/span>\n\t\t\t\t\t<\/h5>\n\t\t\t\t\n\t\t\t\t\t\t\t\t\t<p class=\"elementor-icon-box-description\">\n\t\t\t\t\t\tAz LANDU eszk\u00f6z\u00f6ket \u00e9s forr\u00e1sokat biztos\u00edt, hogy seg\u00edtse besz\u00e1ll\u00edt\u00f3it a sz\u00e9n-dioxid-mentes\u00edt\u00e9sben. Ez az egy\u00fcttm\u0171k\u00f6d\u00e9s t\u00fckr\u00f6zi az LANDU azon t\u00f6rekv\u00e9s\u00e9t, hogy nett\u00f3 nulla kibocs\u00e1t\u00e1s\u00fa v\u00e1llalkoz\u00e1ss\u00e1 v\u00e1ljon, \u00e9s hogy az eg\u00e9sz ell\u00e1t\u00e1si l\u00e1nc\u00e1ban \u00e9ghajlatv\u00e9delmi int\u00e9zked\u00e9seket tegyen.\n\n\n\n\n\n\n\t\t\t\t\t<\/p>\n\t\t\t\t\n\t\t\t<\/div>\n\t\t\t\n\t\t<\/div>\n\t\t\t\t\t\t<\/div>\n\t\t\t\t<\/div>\n\t\t\t\t<\/div>\n\t\t\t\t\t<\/div>\n\t\t\t\t<\/div>\n\t\t\t\t<\/div>","protected":false},"excerpt":{"rendered":"<p>A fenntarthat\u00f3 beszerz\u00e9s alapelvei A fenntarthat\u00f3s\u00e1gra val\u00f3 t\u00f6rekv\u00e9s\u00fcnk c\u00e9lja, hogy biztons\u00e1gos \u00e9s megb\u00edzhat\u00f3 partnerek legy\u00fcnk minden \u00e9rdekelt f\u00e9l sz\u00e1m\u00e1ra, \u00e9s arra \u00f6szt\u00f6n\u00f6zz\u00fck besz\u00e1ll\u00edt\u00f3inkat, hogy csatlakozzanak hozz\u00e1nk ebben az er\u0151fesz\u00edt\u00e9sben. \u00d6r\u00f6k er\u0151forr\u00e1s - Fenntarthat\u00f3an kezelt term\u00e9szetes meg\u00fajul\u00f3 anyagok Term\u00e9keink a term\u00e9szetb\u0151l sz\u00e1rmaznak, \u00e9s az LANDU-n\u00e9l meg\u00e9rtj\u00fck a fenntarthat\u00f3 beszerz\u00e9s \u00f6sszetett kih\u00edv\u00e1sait. [...]<\/p>","protected":false},"author":1,"featured_media":0,"parent":0,"menu_order":0,"comment_status":"closed","ping_status":"closed","template":"elementor_header_footer","meta":{"footnotes":""},"class_list":["post-3787","page","type-page","status-publish","hentry"],"_links":{"self":[{"href":"https:\/\/landu-china.com\/hu\/wp-json\/wp\/v2\/pages\/3787","targetHints":{"allow":["GET"]}}],"collection":[{"href":"https:\/\/landu-china.com\/hu\/wp-json\/wp\/v2\/pages"}],"about":[{"href":"https:\/\/landu-china.com\/hu\/wp-json\/wp\/v2\/types\/page"}],"author":[{"embeddable":true,"href":"https:\/\/landu-china.com\/hu\/wp-json\/wp\/v2\/users\/1"}],"replies":[{"embeddable":true,"href":"https:\/\/landu-china.com\/hu\/wp-json\/wp\/v2\/comments?post=3787"}],"version-history":[{"count":13,"href":"https:\/\/landu-china.com\/hu\/wp-json\/wp\/v2\/pages\/3787\/revisions"}],"predecessor-version":[{"id":3810,"href":"https:\/\/landu-china.com\/hu\/wp-json\/wp\/v2\/pages\/3787\/revisions\/3810"}],"wp:attachment":[{"href":"https:\/\/landu-china.com\/hu\/wp-json\/wp\/v2\/media?parent=3787"}],"curies":[{"name":"wp","href":"https:\/\/api.w.org\/{rel}","templated":true}]}}