{"id":17108,"date":"2024-10-31T13:20:46","date_gmt":"2024-10-31T05:20:46","guid":{"rendered":"https:\/\/landu-china.com\/?page_id=17108"},"modified":"2024-11-08T14:07:39","modified_gmt":"2024-11-08T06:07:39","slug":"tapeta","status":"publish","type":"page","link":"https:\/\/landu-china.com\/hu\/piacok\/tovabbi-piacok\/tapeta\/","title":{"rendered":"Fali pap\u00edr"},"content":{"rendered":"<div data-elementor-type=\"wp-page\" data-elementor-id=\"17108\" class=\"elementor elementor-17108\" data-elementor-post-type=\"page\">\n\t\t\t\t<div class=\"elementor-element elementor-element-f81d54a e-flex e-con-boxed e-con e-parent\" data-id=\"f81d54a\" data-element_type=\"container\" data-settings=\"{&quot;background_background&quot;:&quot;classic&quot;,&quot;ekit_has_onepagescroll_dot&quot;:&quot;yes&quot;}\">\n\t\t\t\t\t<div class=\"e-con-inner\">\n\t\t\t\t<div class=\"elementor-element elementor-element-b3a9adb elementor-widget elementor-widget-heading\" data-id=\"b3a9adb\" data-element_type=\"widget\" data-settings=\"{&quot;ekit_we_effect_on&quot;:&quot;none&quot;}\" data-widget_type=\"heading.default\">\n\t\t\t\t<div class=\"elementor-widget-container\">\n\t\t\t\t\t<h1 class=\"elementor-heading-title elementor-size-default\">Fali pap\u00edr<\/h1>\t\t\t\t<\/div>\n\t\t\t\t<\/div>\n\t\t\t\t\t<\/div>\n\t\t\t\t<\/div>\n\t\t\t\t<section class=\"elementor-section elementor-top-section elementor-element elementor-element-33b5d928 elementor-section-content-middle elementor-section-boxed elementor-section-height-default elementor-section-height-default\" data-id=\"33b5d928\" data-element_type=\"section\" data-settings=\"{&quot;ekit_has_onepagescroll_dot&quot;:&quot;yes&quot;}\">\n\t\t\t\t\t\t<div class=\"elementor-container elementor-column-gap-default\">\n\t\t\t\t\t<div class=\"elementor-column elementor-col-50 elementor-top-column elementor-element elementor-element-6770edaa\" data-id=\"6770edaa\" data-element_type=\"column\" data-settings=\"{&quot;background_background&quot;:&quot;classic&quot;}\">\n\t\t\t<div class=\"elementor-widget-wrap elementor-element-populated\">\n\t\t\t\t\t\t<div class=\"elementor-element elementor-element-273d1d47 elementor-widget elementor-widget-heading\" data-id=\"273d1d47\" data-element_type=\"widget\" data-settings=\"{&quot;ekit_we_effect_on&quot;:&quot;none&quot;}\" data-widget_type=\"heading.default\">\n\t\t\t\t<div class=\"elementor-widget-container\">\n\t\t\t\t\t<h2 class=\"elementor-heading-title elementor-size-default\">Cellul\u00f3z a falipap\u00edrban<\/h2>\t\t\t\t<\/div>\n\t\t\t\t<\/div>\n\t\t\t\t<div class=\"elementor-element elementor-element-1cc7c8b elementor-widget-divider--view-line elementor-widget elementor-widget-divider\" data-id=\"1cc7c8b\" data-element_type=\"widget\" data-settings=\"{&quot;ekit_we_effect_on&quot;:&quot;none&quot;}\" data-widget_type=\"divider.default\">\n\t\t\t\t<div class=\"elementor-widget-container\">\n\t\t\t\t\t\t\t<div class=\"elementor-divider\">\n\t\t\t<span class=\"elementor-divider-separator\">\n\t\t\t\t\t\t<\/span>\n\t\t<\/div>\n\t\t\t\t\t\t<\/div>\n\t\t\t\t<\/div>\n\t\t\t\t<div class=\"elementor-element elementor-element-2a0c8c18 elementor-widget elementor-widget-text-editor\" data-id=\"2a0c8c18\" data-element_type=\"widget\" data-settings=\"{&quot;ekit_we_effect_on&quot;:&quot;none&quot;}\" data-widget_type=\"text-editor.default\">\n\t\t\t\t<div class=\"elementor-widget-container\">\n\t\t\t\t\t\t\t\t\t<p>A cellul\u00f3z, mint n\u00f6v\u00e9nyi rostokb\u00f3l sz\u00e1rmaz\u00f3 term\u00e9szetes polimer, hat\u00e9kony k\u00f6t\u0151anyagk\u00e9nt szolg\u00e1l, biztos\u00edtva, hogy a tap\u00e9ta \u00f6sszetev\u0151i szil\u00e1rdan tapadjanak egym\u00e1shoz \u00e9s meg\u0151rizz\u00e9k szerkezeti integrit\u00e1sukat. A cellul\u00f3z felhaszn\u00e1lhat\u00f3 a falipap\u00edr text\u00far\u00e1inak \u00e9s fel\u00fclet\u00e9nek kialak\u00edt\u00e1s\u00e1ra, hozz\u00e1j\u00e1rulva annak vizu\u00e1lis vonzerej\u00e9hez. A cellul\u00f3z emellett seg\u00edt szab\u00e1lyozni a nedvess\u00e9gtartalmat, mik\u00f6zben lehet\u0151v\u00e9 teszi a l\u00e9g\u00e1raml\u00e1st, cs\u00f6kkentve a h\u00e1ml\u00e1st vagy a s\u00e9r\u00fcl\u00e9seket.<\/p>\t\t\t\t\t\t\t\t<\/div>\n\t\t\t\t<\/div>\n\t\t\t\t\t<\/div>\n\t\t<\/div>\n\t\t\t\t<div class=\"elementor-column elementor-col-50 elementor-top-column elementor-element elementor-element-3b9ee209\" data-id=\"3b9ee209\" data-element_type=\"column\" data-settings=\"{&quot;background_background&quot;:&quot;classic&quot;}\">\n\t\t\t<div class=\"elementor-widget-wrap elementor-element-populated\">\n\t\t\t\t\t\t<div class=\"elementor-element elementor-element-2fa1bda elementor-widget elementor-widget-spacer\" data-id=\"2fa1bda\" data-element_type=\"widget\" data-settings=\"{&quot;ekit_we_effect_on&quot;:&quot;none&quot;}\" data-widget_type=\"spacer.default\">\n\t\t\t\t<div class=\"elementor-widget-container\">\n\t\t\t\t\t\t\t<div class=\"elementor-spacer\">\n\t\t\t<div class=\"elementor-spacer-inner\"><\/div>\n\t\t<\/div>\n\t\t\t\t\t\t<\/div>\n\t\t\t\t<\/div>\n\t\t\t\t\t<\/div>\n\t\t<\/div>\n\t\t\t\t\t<\/div>\n\t\t<\/section>\n\t\t\t\t<section class=\"elementor-section elementor-top-section elementor-element elementor-element-fb9d0b1 elementor-section-content-middle elementor-section-boxed elementor-section-height-default elementor-section-height-default\" data-id=\"fb9d0b1\" data-element_type=\"section\" data-settings=\"{&quot;ekit_has_onepagescroll_dot&quot;:&quot;yes&quot;}\">\n\t\t\t\t\t\t<div class=\"elementor-container elementor-column-gap-default\">\n\t\t\t\t\t<div class=\"elementor-column elementor-col-50 elementor-top-column elementor-element elementor-element-f1349db\" data-id=\"f1349db\" data-element_type=\"column\" data-settings=\"{&quot;background_background&quot;:&quot;classic&quot;}\">\n\t\t\t<div class=\"elementor-widget-wrap elementor-element-populated\">\n\t\t\t\t\t\t<div class=\"elementor-element elementor-element-40fc989 elementor-widget elementor-widget-spacer\" data-id=\"40fc989\" data-element_type=\"widget\" data-settings=\"{&quot;ekit_we_effect_on&quot;:&quot;none&quot;}\" data-widget_type=\"spacer.default\">\n\t\t\t\t<div class=\"elementor-widget-container\">\n\t\t\t\t\t\t\t<div class=\"elementor-spacer\">\n\t\t\t<div class=\"elementor-spacer-inner\"><\/div>\n\t\t<\/div>\n\t\t\t\t\t\t<\/div>\n\t\t\t\t<\/div>\n\t\t\t\t\t<\/div>\n\t\t<\/div>\n\t\t\t\t<div class=\"elementor-column elementor-col-50 elementor-top-column elementor-element elementor-element-1437cd1\" data-id=\"1437cd1\" data-element_type=\"column\" data-settings=\"{&quot;background_background&quot;:&quot;classic&quot;}\">\n\t\t\t<div class=\"elementor-widget-wrap elementor-element-populated\">\n\t\t\t\t\t\t<div class=\"elementor-element elementor-element-80ce6bf elementor-widget elementor-widget-heading\" data-id=\"80ce6bf\" data-element_type=\"widget\" data-settings=\"{&quot;ekit_we_effect_on&quot;:&quot;none&quot;}\" data-widget_type=\"heading.default\">\n\t\t\t\t<div class=\"elementor-widget-container\">\n\t\t\t\t\t<h2 class=\"elementor-heading-title elementor-size-default\">LANDU cellul\u00f3z: A gy\u00f6ny\u00f6r\u0171 \u00e9s tart\u00f3s tap\u00e9ta kulcsa<\/h2>\t\t\t\t<\/div>\n\t\t\t\t<\/div>\n\t\t\t\t<div class=\"elementor-element elementor-element-8f00e23 elementor-widget-divider--view-line elementor-widget elementor-widget-divider\" data-id=\"8f00e23\" data-element_type=\"widget\" data-settings=\"{&quot;ekit_we_effect_on&quot;:&quot;none&quot;}\" data-widget_type=\"divider.default\">\n\t\t\t\t<div class=\"elementor-widget-container\">\n\t\t\t\t\t\t\t<div class=\"elementor-divider\">\n\t\t\t<span class=\"elementor-divider-separator\">\n\t\t\t\t\t\t<\/span>\n\t\t<\/div>\n\t\t\t\t\t\t<\/div>\n\t\t\t\t<\/div>\n\t\t\t\t<div class=\"elementor-element elementor-element-71adb2f elementor-widget elementor-widget-text-editor\" data-id=\"71adb2f\" data-element_type=\"widget\" data-settings=\"{&quot;ekit_we_effect_on&quot;:&quot;none&quot;}\" data-widget_type=\"text-editor.default\">\n\t\t\t\t<div class=\"elementor-widget-container\">\n\t\t\t\t\t\t\t\t\t<p>A LANDU a kutat\u00e1s-fejleszt\u00e9ssel foglalkoz\u00f3 szakembereinkkel mindig priorit\u00e1sk\u00e9nt kezeli az innov\u00e1ci\u00f3t. Mindig rendelkez\u00e9sre \u00e1llunk, hogy seg\u00edts\u00fcnk \u00d6nnek eligazodni a kih\u00edv\u00e1sokban \u00e9s kiv\u00e9teles tap\u00e9tamegold\u00e1sokat l\u00e9trehozni. Legyen partner a LANDU-val egy olyan egy\u00fcttm\u0171k\u00f6d\u0151 megk\u00f6zel\u00edt\u00e9s\u00e9rt, amely felemeli term\u00e9keit \u00e9s megfelel a mai piac k\u00f6vetelm\u00e9nyeinek.<\/p>\t\t\t\t\t\t\t\t<\/div>\n\t\t\t\t<\/div>\n\t\t\t\t<div class=\"elementor-element elementor-element-3f7ebc2 elementor-widget-elementskit-dual-button-center elementor-widget elementor-widget-elementskit-dual-button\" data-id=\"3f7ebc2\" data-element_type=\"widget\" data-settings=\"{&quot;ekit_we_effect_on&quot;:&quot;none&quot;}\" data-widget_type=\"elementskit-dual-button.default\">\n\t\t\t\t<div class=\"elementor-widget-container\">\n\t\t\t\t\t<div class=\"ekit-wid-con\" >\n                <div class=\"ekit-element-align-wrapper\">\n                    <div class=\"ekit_double_button\">                <a class=\"ekit-double-btn ekit-double-btn-one\" href=\"#elementor-action%3Aaction%3Dpopup%3Aopen%26settings%3DeyJpZCI6IjE1MTkiLCJ0b2dnbGUiOmZhbHNlfQ%3D%3D\">\n                    Term\u00e9k TDS Downlaod                <\/a>\n            \n            <a class=\"ekit-double-btn ekit-double-btn-two\" href=\"#elementor-action%3Aaction%3Dpopup%3Aopen%26settings%3DeyJpZCI6IjE1MTkiLCJ0b2dnbGUiOmZhbHNlfQ%3D%3D\" target=\"_blank\">\n                    Term\u00e9k biztons\u00e1gi adatlap let\u00f6lt\u00e9se                <\/a>\n                  <\/div>\n                <\/div>\n            <\/div>\t\t\t\t<\/div>\n\t\t\t\t<\/div>\n\t\t\t\t\t<\/div>\n\t\t<\/div>\n\t\t\t\t\t<\/div>\n\t\t<\/section>\n\t\t\t\t<\/div>","protected":false},"excerpt":{"rendered":"<p>Falipap\u00edr Cellul\u00f3z a falipap\u00edrban A cellul\u00f3z n\u00f6v\u00e9nyi rostokb\u00f3l sz\u00e1rmaz\u00f3 term\u00e9szetes polimerk\u00e9nt hat\u00e9kony k\u00f6t\u0151anyagk\u00e9nt szolg\u00e1l, biztos\u00edtva, hogy a falipap\u00edr \u00f6sszetev\u0151i szil\u00e1rdan tapadjanak egym\u00e1shoz \u00e9s meg\u0151rizz\u00e9k szerkezeti integrit\u00e1sukat. A cellul\u00f3z felhaszn\u00e1lhat\u00f3 a falipap\u00edr text\u00far\u00e1inak \u00e9s fel\u00fclet\u00e9nek kialak\u00edt\u00e1s\u00e1ra, hozz\u00e1j\u00e1rulva annak vizu\u00e1lis vonzerej\u00e9hez. Emellett a cellul\u00f3z seg\u00edt a nedvess\u00e9g szab\u00e1lyoz\u00e1s\u00e1ban [...]<\/p>","protected":false},"author":1,"featured_media":0,"parent":13080,"menu_order":0,"comment_status":"closed","ping_status":"closed","template":"elementor_header_footer","meta":{"footnotes":""},"class_list":["post-17108","page","type-page","status-publish","hentry"],"_links":{"self":[{"href":"https:\/\/landu-china.com\/hu\/wp-json\/wp\/v2\/pages\/17108","targetHints":{"allow":["GET"]}}],"collection":[{"href":"https:\/\/landu-china.com\/hu\/wp-json\/wp\/v2\/pages"}],"about":[{"href":"https:\/\/landu-china.com\/hu\/wp-json\/wp\/v2\/types\/page"}],"author":[{"embeddable":true,"href":"https:\/\/landu-china.com\/hu\/wp-json\/wp\/v2\/users\/1"}],"replies":[{"embeddable":true,"href":"https:\/\/landu-china.com\/hu\/wp-json\/wp\/v2\/comments?post=17108"}],"version-history":[{"count":16,"href":"https:\/\/landu-china.com\/hu\/wp-json\/wp\/v2\/pages\/17108\/revisions"}],"predecessor-version":[{"id":18858,"href":"https:\/\/landu-china.com\/hu\/wp-json\/wp\/v2\/pages\/17108\/revisions\/18858"}],"up":[{"embeddable":true,"href":"https:\/\/landu-china.com\/hu\/wp-json\/wp\/v2\/pages\/13080"}],"wp:attachment":[{"href":"https:\/\/landu-china.com\/hu\/wp-json\/wp\/v2\/media?parent=17108"}],"curies":[{"name":"wp","href":"https:\/\/api.w.org\/{rel}","templated":true}]}}