{"id":14572,"date":"2024-10-22T15:27:20","date_gmt":"2024-10-22T07:27:20","guid":{"rendered":"https:\/\/landu-china.com\/?page_id=14572"},"modified":"2024-11-07T10:38:11","modified_gmt":"2024-11-07T02:38:11","slug":"szemelyes-otthoni-apolassal-kapcsolatos-betekintes","status":"publish","type":"page","link":"https:\/\/landu-china.com\/hu\/hirek-esemenyek\/szemelyes-otthoni-apolassal-kapcsolatos-betekintes\/","title":{"rendered":"Szem\u00e9lyi \u00e9s otthoni \u00e1pol\u00e1s"},"content":{"rendered":"<div data-elementor-type=\"wp-page\" data-elementor-id=\"14572\" class=\"elementor elementor-14572\" data-elementor-post-type=\"page\">\n\t\t\t\t<div class=\"elementor-element elementor-element-f81d54a e-flex e-con-boxed e-con e-parent\" data-id=\"f81d54a\" data-element_type=\"container\" data-settings=\"{&quot;background_background&quot;:&quot;classic&quot;,&quot;ekit_has_onepagescroll_dot&quot;:&quot;yes&quot;}\">\n\t\t\t\t\t<div class=\"e-con-inner\">\n\t\t\t\t<div class=\"elementor-element elementor-element-b3a9adb elementor-widget__width-initial elementor-widget elementor-widget-heading\" data-id=\"b3a9adb\" data-element_type=\"widget\" data-settings=\"{&quot;ekit_we_effect_on&quot;:&quot;none&quot;}\" data-widget_type=\"heading.default\">\n\t\t\t\t<div class=\"elementor-widget-container\">\n\t\t\t\t\t<h2 class=\"elementor-heading-title elementor-size-default\">Szem\u00e9lyi \u00e9s otthoni \u00e1pol\u00e1s<\/h2>\t\t\t\t<\/div>\n\t\t\t\t<\/div>\n\t\t\t\t\t<\/div>\n\t\t\t\t<\/div>\n\t\t\t\t<section class=\"elementor-section elementor-top-section elementor-element elementor-element-14f119f elementor-section-full_width elementor-section-height-default elementor-section-height-default\" data-id=\"14f119f\" data-element_type=\"section\" data-settings=\"{&quot;background_background&quot;:&quot;classic&quot;,&quot;ekit_has_onepagescroll_dot&quot;:&quot;yes&quot;}\">\n\t\t\t\t\t\t<div class=\"elementor-container elementor-column-gap-default\">\n\t\t\t\t\t<div class=\"elementor-column elementor-col-100 elementor-top-column elementor-element elementor-element-0d94b74\" data-id=\"0d94b74\" data-element_type=\"column\">\n\t\t\t<div class=\"elementor-widget-wrap elementor-element-populated\">\n\t\t\t\t\t\t<section class=\"elementor-section elementor-inner-section elementor-element elementor-element-32a2a45 elementor-section-boxed elementor-section-height-default elementor-section-height-default\" data-id=\"32a2a45\" data-element_type=\"section\" data-settings=\"{&quot;ekit_has_onepagescroll_dot&quot;:&quot;yes&quot;}\">\n\t\t\t\t\t\t<div class=\"elementor-container elementor-column-gap-default\">\n\t\t\t\t\t<div class=\"elementor-column elementor-col-100 elementor-inner-column elementor-element elementor-element-bc29830\" data-id=\"bc29830\" data-element_type=\"column\">\n\t\t\t<div class=\"elementor-widget-wrap elementor-element-populated\">\n\t\t\t\t\t\t<div class=\"elementor-element elementor-element-2c06974 elementor-widget elementor-widget-elementskit-blog-posts\" data-id=\"2c06974\" data-element_type=\"widget\" data-settings=\"{&quot;ekit_we_effect_on&quot;:&quot;none&quot;}\" data-widget_type=\"elementskit-blog-posts.default\">\n\t\t\t\t<div class=\"elementor-widget-container\">\n\t\t\t\t\t<div class=\"ekit-wid-con\" >\n        <div id=\"post-items--2c06974\" class=\"row post-items ekit-blog-posts-content\" data-enable=\"no\">\n\n\t\t\t<!-- Blog Carousel markup render -->\n\t\t\t\n\n            <div class=\"col-lg-4 col-md-6\">\n\n                                    <div class=\"elementskit-post-image-card\">\n                        <div class=\"elementskit-entry-header\">\n                                                            <a href=\"https:\/\/landu-china.com\/hu\/8-gyakori-problema-es-megoldas-a-mososzer-formulacioban-a-hpmc-suritoanyag-hasznalataval\/\" class=\"elementskit-entry-thumb\">\n                                    <img decoding=\"async\" src=\"https:\/\/landu-china.com\/wp-content\/uploads\/2024\/11\/a-basket-with-detergents-in-the-hands-of-a-woman-1024x682.jpg\" alt=\"8 gyakori probl\u00e9m\u00e1k \u00e9s megold\u00e1sok a HPMC s\u0171r\u00edt\u0151anyagot haszn\u00e1l\u00f3 mos\u00f3szer-formul\u00e1ci\u00f3ban\">\n                                <\/a><!-- .elementskit-entry-thumb END -->\n                                                            \n                                                            <div class=\"elementskit-meta-categories\">\n                                    <span class=\"elementskit-meta-wraper\">\n                                        <span><a href=\"https:\/\/landu-china.com\/hu\/blog\/\" rel=\"category tag\">Blog<\/a><\/span><span><a href=\"https:\/\/landu-china.com\/hu\/hpmc\/\" rel=\"category tag\">HPMC<\/a><\/span><span><a href=\"https:\/\/landu-china.com\/hu\/szemelyes-otthoni-apolassal-kapcsolatos-betekintes\/\" rel=\"category tag\">Szem\u00e9lyi \u00e9s otthoni \u00e1pol\u00e1s<\/a><\/span>\n                                    <\/span>\n                                <\/div>\n                            \n                                                    <\/div><!-- .elementskit-entry-header END -->\n\n                        <div class=\"elementskit-post-body\">\n                            \n                                                                                                                <div class=\"post-meta-list\">\n                                                                                                                        <span class=\"post-cat\">\n\n                                <i aria-hidden=\"true\" class=\"icon icon-folder\"><\/i>\n                                <a href=\"https:\/\/landu-china.com\/hu\/blog\/\" rel=\"category tag\">Blog<\/a> | <a href=\"https:\/\/landu-china.com\/hu\/hpmc\/\" rel=\"category tag\">HPMC<\/a> | <a href=\"https:\/\/landu-china.com\/hu\/szemelyes-otthoni-apolassal-kapcsolatos-betekintes\/\" rel=\"category tag\">Szem\u00e9lyi \u00e9s otthoni \u00e1pol\u00e1s<\/a>                            <\/span>\n                                                                                    <\/div>\n                                                                        \n                                        \n                                                                                                <h2 class=\"entry-title\">\n                    <a href=\"https:\/\/landu-china.com\/hu\/8-gyakori-problema-es-megoldas-a-mososzer-formulacioban-a-hpmc-suritoanyag-hasznalataval\/\">\n                            8 gyakori probl\u00e9m\u00e1k \u00e9s megold\u00e1sok a HPMC s\u0171r\u00edt\u0151anyagot haszn\u00e1l\u00f3 mos\u00f3szer-formul\u00e1ci\u00f3ban                    <\/a>\n                <\/h2>\n                                                                                                                                                                                            <p>A hat\u00e9kony mos\u00f3szerek megalkot\u00e1s\u00e1hoz az \u00f6sszetev\u0151k m\u00e9lyrehat\u00f3 ismerete sz\u00fcks\u00e9ges<\/p>\n                                                                                                                                                        <div class=\"btn-wraper\">\n                                    \n                                                                            <a href=\"https:\/\/landu-china.com\/hu\/8-gyakori-problema-es-megoldas-a-mososzer-formulacioban-a-hpmc-suritoanyag-hasznalataval\/\" class=\"elementskit-btn  whitespace--normal\" >\n                                                                                    Tudjon meg t\u00f6bbet                                         <\/a>\n                                                                    <\/div>\n                                                    <\/div><!-- .elementskit-post-body END -->\n                    <\/div>\n                \n            <\/div>\t\t\t\t\n\n            <div class=\"col-lg-4 col-md-6\">\n\n                                    <div class=\"elementskit-post-image-card\">\n                        <div class=\"elementskit-entry-header\">\n                                                            <a href=\"https:\/\/landu-china.com\/hu\/hogyan-lehet-biztositani-a-minoseget-a-mososzer-termekeknel-ha-hpmc-t-hasznalnak-suritoanyagkent\/\" class=\"elementskit-entry-thumb\">\n                                    <img decoding=\"async\" src=\"https:\/\/landu-china.com\/wp-content\/uploads\/2024\/11\/detergents-and-a-washcloth-with-fresh-flowers-1024x682.jpg\" alt=\"Hogyan biztos\u00edthat\u00f3 a HPMC-t s\u0171r\u00edt\u0151anyagk\u00e9nt haszn\u00e1l\u00f3 mos\u00f3szerek min\u0151s\u00e9ge?\">\n                                <\/a><!-- .elementskit-entry-thumb END -->\n                                                            \n                                                            <div class=\"elementskit-meta-categories\">\n                                    <span class=\"elementskit-meta-wraper\">\n                                        <span><a href=\"https:\/\/landu-china.com\/hu\/blog\/\" rel=\"category tag\">Blog<\/a><\/span><span><a href=\"https:\/\/landu-china.com\/hu\/hpmc\/\" rel=\"category tag\">HPMC<\/a><\/span><span><a href=\"https:\/\/landu-china.com\/hu\/szemelyes-otthoni-apolassal-kapcsolatos-betekintes\/\" rel=\"category tag\">Szem\u00e9lyi \u00e9s otthoni \u00e1pol\u00e1s<\/a><\/span>\n                                    <\/span>\n                                <\/div>\n                            \n                                                    <\/div><!-- .elementskit-entry-header END -->\n\n                        <div class=\"elementskit-post-body\">\n                            \n                                                                                                                <div class=\"post-meta-list\">\n                                                                                                                        <span class=\"post-cat\">\n\n                                <i aria-hidden=\"true\" class=\"icon icon-folder\"><\/i>\n                                <a href=\"https:\/\/landu-china.com\/hu\/blog\/\" rel=\"category tag\">Blog<\/a> | <a href=\"https:\/\/landu-china.com\/hu\/hpmc\/\" rel=\"category tag\">HPMC<\/a> | <a href=\"https:\/\/landu-china.com\/hu\/szemelyes-otthoni-apolassal-kapcsolatos-betekintes\/\" rel=\"category tag\">Szem\u00e9lyi \u00e9s otthoni \u00e1pol\u00e1s<\/a>                            <\/span>\n                                                                                    <\/div>\n                                                                        \n                                        \n                                                                                                <h2 class=\"entry-title\">\n                    <a href=\"https:\/\/landu-china.com\/hu\/hogyan-lehet-biztositani-a-minoseget-a-mososzer-termekeknel-ha-hpmc-t-hasznalnak-suritoanyagkent\/\">\n                            Hogyan biztos\u00edthat\u00f3 a HPMC-t s\u0171r\u00edt\u0151anyagk\u00e9nt haszn\u00e1l\u00f3 mos\u00f3szerek min\u0151s\u00e9ge?                    <\/a>\n                <\/h2>\n                                                                                                                                                                                            <p>A mai versenyk\u00e9pes mos\u00f3szerpiacon a k\u00f6vetkezetes min\u0151s\u00e9g el\u00e9r\u00e9se \u00e9s az<\/p>\n                                                                                                                                                        <div class=\"btn-wraper\">\n                                    \n                                                                            <a href=\"https:\/\/landu-china.com\/hu\/hogyan-lehet-biztositani-a-minoseget-a-mososzer-termekeknel-ha-hpmc-t-hasznalnak-suritoanyagkent\/\" class=\"elementskit-btn  whitespace--normal\" >\n                                                                                    Tudjon meg t\u00f6bbet                                         <\/a>\n                                                                    <\/div>\n                                                    <\/div><!-- .elementskit-post-body END -->\n                    <\/div>\n                \n            <\/div>\t\t\t\t\n\n            <div class=\"col-lg-4 col-md-6\">\n\n                                    <div class=\"elementskit-post-image-card\">\n                        <div class=\"elementskit-entry-header\">\n                                                            <a href=\"https:\/\/landu-china.com\/hu\/hogyan-kell-mososzereket-gyartani-hpmc-suritoanyagkent-egy-teljes-utmutatoval\/\" class=\"elementskit-entry-thumb\">\n                                    <img decoding=\"async\" src=\"https:\/\/landu-china.com\/wp-content\/uploads\/2024\/11\/eco-bag-bottles-with-detergents-and-cleaning-tools-on-light-background-top-view-1024x682.jpg\" alt=\"Hogyan \u00e1ll\u00edtsunk el\u0151 mos\u00f3szereket HPMC s\u0171r\u00edt\u0151anyaggal: A Complete Guide\">\n                                <\/a><!-- .elementskit-entry-thumb END -->\n                                                            \n                                                            <div class=\"elementskit-meta-categories\">\n                                    <span class=\"elementskit-meta-wraper\">\n                                        <span><a href=\"https:\/\/landu-china.com\/hu\/blog\/\" rel=\"category tag\">Blog<\/a><\/span><span><a href=\"https:\/\/landu-china.com\/hu\/hpmc\/\" rel=\"category tag\">HPMC<\/a><\/span><span><a href=\"https:\/\/landu-china.com\/hu\/szemelyes-otthoni-apolassal-kapcsolatos-betekintes\/\" rel=\"category tag\">Szem\u00e9lyi \u00e9s otthoni \u00e1pol\u00e1s<\/a><\/span>\n                                    <\/span>\n                                <\/div>\n                            \n                                                    <\/div><!-- .elementskit-entry-header END -->\n\n                        <div class=\"elementskit-post-body\">\n                            \n                                                                                                                <div class=\"post-meta-list\">\n                                                                                                                        <span class=\"post-cat\">\n\n                                <i aria-hidden=\"true\" class=\"icon icon-folder\"><\/i>\n                                <a href=\"https:\/\/landu-china.com\/hu\/blog\/\" rel=\"category tag\">Blog<\/a> | <a href=\"https:\/\/landu-china.com\/hu\/hpmc\/\" rel=\"category tag\">HPMC<\/a> | <a href=\"https:\/\/landu-china.com\/hu\/szemelyes-otthoni-apolassal-kapcsolatos-betekintes\/\" rel=\"category tag\">Szem\u00e9lyi \u00e9s otthoni \u00e1pol\u00e1s<\/a>                            <\/span>\n                                                                                    <\/div>\n                                                                        \n                                        \n                                                                                                <h2 class=\"entry-title\">\n                    <a href=\"https:\/\/landu-china.com\/hu\/hogyan-kell-mososzereket-gyartani-hpmc-suritoanyagkent-egy-teljes-utmutatoval\/\">\n                            Hogyan \u00e1ll\u00edtsunk el\u0151 mos\u00f3szereket HPMC s\u0171r\u00edt\u0151anyaggal: A Complete Guide                    <\/a>\n                <\/h2>\n                                                                                                                                                                                            <p>A hidroxipropil-metilcellul\u00f3z (HPMC) egy sokoldal\u00fa \u00e9s k\u00f6rnyezetbar\u00e1t s\u0171r\u00edt\u0151anyag, amely sz\u00e9les k\u00f6rben elterjedt.<\/p>\n                                                                                                                                                        <div class=\"btn-wraper\">\n                                    \n                                                                            <a href=\"https:\/\/landu-china.com\/hu\/hogyan-kell-mososzereket-gyartani-hpmc-suritoanyagkent-egy-teljes-utmutatoval\/\" class=\"elementskit-btn  whitespace--normal\" >\n                                                                                    Tudjon meg t\u00f6bbet                                         <\/a>\n                                                                    <\/div>\n                                                    <\/div><!-- .elementskit-post-body END -->\n                    <\/div>\n                \n            <\/div>\t\t\t\t\n\n            <div class=\"col-lg-4 col-md-6\">\n\n                                    <div class=\"elementskit-post-image-card\">\n                        <div class=\"elementskit-entry-header\">\n                                                            <a href=\"https:\/\/landu-china.com\/hu\/gazdasagos-folyekony-szappan-es-mososzer-keszitmeny-adalekanyag\/\" class=\"elementskit-entry-thumb\">\n                                    <img decoding=\"async\" src=\"https:\/\/landu-china.com\/wp-content\/uploads\/2024\/11\/134A9527-1024x678.jpg\" alt=\"Gazdas\u00e1gos foly\u00e9kony szappan \u00e9s mos\u00f3szer k\u00e9sz\u00edtm\u00e9ny - Adal\u00e9kanyag\">\n                                <\/a><!-- .elementskit-entry-thumb END -->\n                                                            \n                                                            <div class=\"elementskit-meta-categories\">\n                                    <span class=\"elementskit-meta-wraper\">\n                                        <span><a href=\"https:\/\/landu-china.com\/hu\/blog\/\" rel=\"category tag\">Blog<\/a><\/span><span><a href=\"https:\/\/landu-china.com\/hu\/szemelyes-otthoni-apolassal-kapcsolatos-betekintes\/\" rel=\"category tag\">Szem\u00e9lyi \u00e9s otthoni \u00e1pol\u00e1s<\/a><\/span>\n                                    <\/span>\n                                <\/div>\n                            \n                                                    <\/div><!-- .elementskit-entry-header END -->\n\n                        <div class=\"elementskit-post-body\">\n                            \n                                                                                                                <div class=\"post-meta-list\">\n                                                                                                                        <span class=\"post-cat\">\n\n                                <i aria-hidden=\"true\" class=\"icon icon-folder\"><\/i>\n                                <a href=\"https:\/\/landu-china.com\/hu\/blog\/\" rel=\"category tag\">Blog<\/a> | <a href=\"https:\/\/landu-china.com\/hu\/szemelyes-otthoni-apolassal-kapcsolatos-betekintes\/\" rel=\"category tag\">Szem\u00e9lyi \u00e9s otthoni \u00e1pol\u00e1s<\/a>                            <\/span>\n                                                                                    <\/div>\n                                                                        \n                                        \n                                                                                                <h2 class=\"entry-title\">\n                    <a href=\"https:\/\/landu-china.com\/hu\/gazdasagos-folyekony-szappan-es-mososzer-keszitmeny-adalekanyag\/\">\n                            Gazdas\u00e1gos foly\u00e9kony szappan \u00e9s mos\u00f3szer k\u00e9sz\u00edtm\u00e9ny - Adal\u00e9kanyag                    <\/a>\n                <\/h2>\n                                                                                                                                                                                            <p>https:\/\/youtu.be\/fZDQmX5ba80?si=IrQMG-pmG4TuxFCb A cellul\u00f3z\u00e9ter ide\u00e1lis s\u0171r\u00edt\u0151anyag mos\u00f3szeres alkalmaz\u00e1sokhoz. N\u00f6veli a term\u00e9k<\/p>\n                                                                                                                                                        <div class=\"btn-wraper\">\n                                    \n                                                                            <a href=\"https:\/\/landu-china.com\/hu\/gazdasagos-folyekony-szappan-es-mososzer-keszitmeny-adalekanyag\/\" class=\"elementskit-btn  whitespace--normal\" >\n                                                                                    Tudjon meg t\u00f6bbet                                         <\/a>\n                                                                    <\/div>\n                                                    <\/div><!-- .elementskit-post-body END -->\n                    <\/div>\n                \n            <\/div>\t\t\t\t        <\/div>\n        \n        \n                    <div \n            data-ekit-blog-post-style=\"numbered\"\n            class=\"ekit-blog-post-pagination-container ekit-blog-post-pagination-style-numbered\" \n            id=\"post-nagivation--2c06974\">\n                \n            <\/div>\n\n            <\/div>\t\t\t\t<\/div>\n\t\t\t\t<\/div>\n\t\t\t\t\t<\/div>\n\t\t<\/div>\n\t\t\t\t\t<\/div>\n\t\t<\/section>\n\t\t\t\t\t<\/div>\n\t\t<\/div>\n\t\t\t\t\t<\/div>\n\t\t<\/section>\n\t\t\t\t<\/div>","protected":false},"excerpt":{"rendered":"<p>Personal &amp; Home Care Insights BlogPersonal &amp; Home Care Insights Blog | Personal &amp; Home Care Insights Gazdas\u00e1gos foly\u00e9kony szappan- \u00e9s mos\u00f3szer-formul\u00e1ci\u00f3 - Adal\u00e9kanyag https:\/\/youtu.be\/fZDQmX5ba80?si=IrQMG-pmG4TuxFCb A cellul\u00f3z\u00e9ter ide\u00e1lis s\u0171r\u00edt\u0151anyag a mos\u00f3szerekhez. N\u00f6veli a term\u00e9k B\u0151vebben<\/p>","protected":false},"author":1,"featured_media":0,"parent":517,"menu_order":0,"comment_status":"closed","ping_status":"closed","template":"elementor_header_footer","meta":{"footnotes":""},"class_list":["post-14572","page","type-page","status-publish","hentry"],"_links":{"self":[{"href":"https:\/\/landu-china.com\/hu\/wp-json\/wp\/v2\/pages\/14572","targetHints":{"allow":["GET"]}}],"collection":[{"href":"https:\/\/landu-china.com\/hu\/wp-json\/wp\/v2\/pages"}],"about":[{"href":"https:\/\/landu-china.com\/hu\/wp-json\/wp\/v2\/types\/page"}],"author":[{"embeddable":true,"href":"https:\/\/landu-china.com\/hu\/wp-json\/wp\/v2\/users\/1"}],"replies":[{"embeddable":true,"href":"https:\/\/landu-china.com\/hu\/wp-json\/wp\/v2\/comments?post=14572"}],"version-history":[{"count":10,"href":"https:\/\/landu-china.com\/hu\/wp-json\/wp\/v2\/pages\/14572\/revisions"}],"predecessor-version":[{"id":18557,"href":"https:\/\/landu-china.com\/hu\/wp-json\/wp\/v2\/pages\/14572\/revisions\/18557"}],"up":[{"embeddable":true,"href":"https:\/\/landu-china.com\/hu\/wp-json\/wp\/v2\/pages\/517"}],"wp:attachment":[{"href":"https:\/\/landu-china.com\/hu\/wp-json\/wp\/v2\/media?parent=14572"}],"curies":[{"name":"wp","href":"https:\/\/api.w.org\/{rel}","templated":true}]}}