{"id":14562,"date":"2024-10-22T15:23:16","date_gmt":"2024-10-22T07:23:16","guid":{"rendered":"https:\/\/landu-china.com\/?page_id=14562"},"modified":"2024-11-07T09:43:54","modified_gmt":"2024-11-07T01:43:54","slug":"gyogyszeripari-betekintes","status":"publish","type":"page","link":"https:\/\/landu-china.com\/hu\/hirek-esemenyek\/gyogyszeripari-betekintes\/","title":{"rendered":"Gy\u00f3gyszeripari betekint\u00e9s"},"content":{"rendered":"<div data-elementor-type=\"wp-page\" data-elementor-id=\"14562\" class=\"elementor elementor-14562\" data-elementor-post-type=\"page\">\n\t\t\t\t<div class=\"elementor-element elementor-element-f81d54a e-flex e-con-boxed e-con e-parent\" data-id=\"f81d54a\" data-element_type=\"container\" data-settings=\"{&quot;background_background&quot;:&quot;classic&quot;,&quot;ekit_has_onepagescroll_dot&quot;:&quot;yes&quot;}\">\n\t\t\t\t\t<div class=\"e-con-inner\">\n\t\t\t\t<div class=\"elementor-element elementor-element-b3a9adb elementor-widget__width-initial elementor-widget elementor-widget-heading\" data-id=\"b3a9adb\" data-element_type=\"widget\" data-settings=\"{&quot;ekit_we_effect_on&quot;:&quot;none&quot;}\" data-widget_type=\"heading.default\">\n\t\t\t\t<div class=\"elementor-widget-container\">\n\t\t\t\t\t<h2 class=\"elementor-heading-title elementor-size-default\">Gy\u00f3gyszeripari betekint\u00e9s<\/h2>\t\t\t\t<\/div>\n\t\t\t\t<\/div>\n\t\t\t\t\t<\/div>\n\t\t\t\t<\/div>\n\t\t\t\t<section class=\"elementor-section elementor-top-section elementor-element elementor-element-fbeb60f elementor-section-full_width elementor-section-height-default elementor-section-height-default\" data-id=\"fbeb60f\" data-element_type=\"section\" data-settings=\"{&quot;background_background&quot;:&quot;classic&quot;,&quot;ekit_has_onepagescroll_dot&quot;:&quot;yes&quot;}\">\n\t\t\t\t\t\t<div class=\"elementor-container elementor-column-gap-default\">\n\t\t\t\t\t<div class=\"elementor-column elementor-col-100 elementor-top-column elementor-element elementor-element-05a3cee\" data-id=\"05a3cee\" data-element_type=\"column\">\n\t\t\t<div class=\"elementor-widget-wrap elementor-element-populated\">\n\t\t\t\t\t\t<section class=\"elementor-section elementor-inner-section elementor-element elementor-element-c175a87 elementor-section-boxed elementor-section-height-default elementor-section-height-default\" data-id=\"c175a87\" data-element_type=\"section\" data-settings=\"{&quot;ekit_has_onepagescroll_dot&quot;:&quot;yes&quot;}\">\n\t\t\t\t\t\t<div class=\"elementor-container elementor-column-gap-default\">\n\t\t\t\t\t<div class=\"elementor-column elementor-col-100 elementor-inner-column elementor-element elementor-element-150513a\" data-id=\"150513a\" data-element_type=\"column\">\n\t\t\t<div class=\"elementor-widget-wrap elementor-element-populated\">\n\t\t\t\t\t\t<div class=\"elementor-element elementor-element-14a9258 elementor-widget elementor-widget-elementskit-blog-posts\" data-id=\"14a9258\" data-element_type=\"widget\" data-settings=\"{&quot;ekit_we_effect_on&quot;:&quot;none&quot;}\" data-widget_type=\"elementskit-blog-posts.default\">\n\t\t\t\t<div class=\"elementor-widget-container\">\n\t\t\t\t\t<div class=\"ekit-wid-con\" >\n        <div id=\"post-items--14a9258\" class=\"row post-items ekit-blog-posts-content\" data-enable=\"no\">\n\n\t\t\t<!-- Blog Carousel markup render -->\n\t\t\t\n\n            <div class=\"col-lg-4 col-md-6\">\n\n                                    <div class=\"elementskit-post-image-card\">\n                        <div class=\"elementskit-entry-header\">\n                                                            <a href=\"https:\/\/landu-china.com\/hu\/gyogyszereszeti-minosegu-metil-celluloz-tulajdonsagok-utmutatoja\/\" class=\"elementskit-entry-thumb\">\n                                    <img decoding=\"async\" src=\"https:\/\/landu-china.com\/wp-content\/uploads\/2024\/11\/DSC7164-\u62f7\u8d1d.webp\" alt=\"Gy\u00f3gyszer\u00e9szeti min\u0151s\u00e9g\u0171 metilcellul\u00f3z tulajdons\u00e1gok \u00fatmutat\u00f3ja\">\n                                <\/a><!-- .elementskit-entry-thumb END -->\n                                                            \n                                                            <div class=\"elementskit-meta-categories\">\n                                    <span class=\"elementskit-meta-wraper\">\n                                        <span><a href=\"https:\/\/landu-china.com\/hu\/blog\/\" rel=\"category tag\">Blog<\/a><\/span><span><a href=\"https:\/\/landu-china.com\/hu\/gyogyszeripari-betekintes\/\" rel=\"category tag\">Gy\u00f3gyszeripari betekint\u00e9s<\/a><\/span>\n                                    <\/span>\n                                <\/div>\n                            \n                                                    <\/div><!-- .elementskit-entry-header END -->\n\n                        <div class=\"elementskit-post-body\">\n                            \n                                                                                                                <div class=\"post-meta-list\">\n                                                                                                                        <span class=\"post-cat\">\n\n                                <i aria-hidden=\"true\" class=\"icon icon-folder\"><\/i>\n                                <a href=\"https:\/\/landu-china.com\/hu\/blog\/\" rel=\"category tag\">Blog<\/a> | <a href=\"https:\/\/landu-china.com\/hu\/gyogyszeripari-betekintes\/\" rel=\"category tag\">Gy\u00f3gyszeripari betekint\u00e9s<\/a>                            <\/span>\n                                                                                    <\/div>\n                                                                        \n                                        \n                                                                                                <h2 class=\"entry-title\">\n                    <a href=\"https:\/\/landu-china.com\/hu\/gyogyszereszeti-minosegu-metil-celluloz-tulajdonsagok-utmutatoja\/\">\n                            Gy\u00f3gyszer\u00e9szeti min\u0151s\u00e9g\u0171 metilcellul\u00f3z tulajdons\u00e1gok \u00fatmutat\u00f3ja                    <\/a>\n                <\/h2>\n                                                                                                                                                                                            <p>A metilcellul\u00f3z a gy\u00f3gyszeripar egyik legfontosabb \u00f6sszetev\u0151je,<\/p>\n                                                                                                                                                        <div class=\"btn-wraper\">\n                                    \n                                                                            <a href=\"https:\/\/landu-china.com\/hu\/gyogyszereszeti-minosegu-metil-celluloz-tulajdonsagok-utmutatoja\/\" class=\"elementskit-btn  whitespace--normal\" >\n                                                                                    Tudjon meg t\u00f6bbet                                         <\/a>\n                                                                    <\/div>\n                                                    <\/div><!-- .elementskit-post-body END -->\n                    <\/div>\n                \n            <\/div>\t\t\t\t\n\n            <div class=\"col-lg-4 col-md-6\">\n\n                                    <div class=\"elementskit-post-image-card\">\n                        <div class=\"elementskit-entry-header\">\n                                                            <a href=\"https:\/\/landu-china.com\/hu\/vegetarianus-kapszulak-anyagmeretek-es-felhasznalasok-megertese\/\" class=\"elementskit-entry-thumb\">\n                                    <img decoding=\"async\" src=\"https:\/\/landu-china.com\/wp-content\/uploads\/2024\/11\/above-view-capsule-pills-in-plastic-box-multi-colored-capsule-pills-vitamin-and-supplement-concept-1024x683.jpg\" alt=\"A veget\u00e1ri\u00e1nus kapszul\u00e1k meg\u00e9rt\u00e9se: Anyagok, m\u00e9retek \u00e9s felhaszn\u00e1l\u00e1s\">\n                                <\/a><!-- .elementskit-entry-thumb END -->\n                                                            \n                                                            <div class=\"elementskit-meta-categories\">\n                                    <span class=\"elementskit-meta-wraper\">\n                                        <span><a href=\"https:\/\/landu-china.com\/hu\/blog\/\" rel=\"category tag\">Blog<\/a><\/span><span><a href=\"https:\/\/landu-china.com\/hu\/gyogyszeripari-betekintes\/\" rel=\"category tag\">Gy\u00f3gyszeripari betekint\u00e9s<\/a><\/span>\n                                    <\/span>\n                                <\/div>\n                            \n                                                    <\/div><!-- .elementskit-entry-header END -->\n\n                        <div class=\"elementskit-post-body\">\n                            \n                                                                                                                <div class=\"post-meta-list\">\n                                                                                                                        <span class=\"post-cat\">\n\n                                <i aria-hidden=\"true\" class=\"icon icon-folder\"><\/i>\n                                <a href=\"https:\/\/landu-china.com\/hu\/blog\/\" rel=\"category tag\">Blog<\/a> | <a href=\"https:\/\/landu-china.com\/hu\/gyogyszeripari-betekintes\/\" rel=\"category tag\">Gy\u00f3gyszeripari betekint\u00e9s<\/a>                            <\/span>\n                                                                                    <\/div>\n                                                                        \n                                        \n                                                                                                <h2 class=\"entry-title\">\n                    <a href=\"https:\/\/landu-china.com\/hu\/vegetarianus-kapszulak-anyagmeretek-es-felhasznalasok-megertese\/\">\n                            A veget\u00e1ri\u00e1nus kapszul\u00e1k meg\u00e9rt\u00e9se: Anyagok, m\u00e9retek \u00e9s felhaszn\u00e1l\u00e1s                    <\/a>\n                <\/h2>\n                                                                                                                                                                                            <p>A veget\u00e1ri\u00e1nus kapszul\u00e1k felemelked\u00e9se a t\u00e1pl\u00e1l\u00e9kkieg\u00e9sz\u00edt\u0151 iparban Mivel<\/p>\n                                                                                                                                                        <div class=\"btn-wraper\">\n                                    \n                                                                            <a href=\"https:\/\/landu-china.com\/hu\/vegetarianus-kapszulak-anyagmeretek-es-felhasznalasok-megertese\/\" class=\"elementskit-btn  whitespace--normal\" >\n                                                                                    Tudjon meg t\u00f6bbet                                         <\/a>\n                                                                    <\/div>\n                                                    <\/div><!-- .elementskit-post-body END -->\n                    <\/div>\n                \n            <\/div>\t\t\t\t\n\n            <div class=\"col-lg-4 col-md-6\">\n\n                                    <div class=\"elementskit-post-image-card\">\n                        <div class=\"elementskit-entry-header\">\n                                                            <a href=\"https:\/\/landu-china.com\/hu\/hidroxipropil-metilcelluloz-hpmc-a-gyogyszereszeti-alkalmazasokban\/\" class=\"elementskit-entry-thumb\">\n                                    <img decoding=\"async\" src=\"https:\/\/landu-china.com\/wp-content\/uploads\/2024\/11\/composition-with-pill-box-and-pills-on-color-background-1024x682.jpg\" alt=\"Hidroxipropil-metilcellul\u00f3z (HPMC) a gy\u00f3gyszeripari alkalmaz\u00e1sokban\">\n                                <\/a><!-- .elementskit-entry-thumb END -->\n                                                            \n                                                            <div class=\"elementskit-meta-categories\">\n                                    <span class=\"elementskit-meta-wraper\">\n                                        <span><a href=\"https:\/\/landu-china.com\/hu\/gyogyszeripari-betekintes\/\" rel=\"category tag\">Gy\u00f3gyszeripari betekint\u00e9s<\/a><\/span><span><a href=\"https:\/\/landu-china.com\/hu\/blog\/\" rel=\"category tag\">Blog<\/a><\/span>\n                                    <\/span>\n                                <\/div>\n                            \n                                                    <\/div><!-- .elementskit-entry-header END -->\n\n                        <div class=\"elementskit-post-body\">\n                            \n                                                                                                                <div class=\"post-meta-list\">\n                                                                                                                        <span class=\"post-cat\">\n\n                                <i aria-hidden=\"true\" class=\"icon icon-folder\"><\/i>\n                                <a href=\"https:\/\/landu-china.com\/hu\/gyogyszeripari-betekintes\/\" rel=\"category tag\">Gy\u00f3gyszeripari betekint\u00e9s<\/a> | <a href=\"https:\/\/landu-china.com\/hu\/blog\/\" rel=\"category tag\">Blog<\/a>                            <\/span>\n                                                                                    <\/div>\n                                                                        \n                                        \n                                                                                                <h2 class=\"entry-title\">\n                    <a href=\"https:\/\/landu-china.com\/hu\/hidroxipropil-metilcelluloz-hpmc-a-gyogyszereszeti-alkalmazasokban\/\">\n                            Hidroxipropil-metilcellul\u00f3z (HPMC) a gy\u00f3gyszeripari alkalmaz\u00e1sokban                    <\/a>\n                <\/h2>\n                                                                                                                                                                                            <p>A hidroxipropil-metilcellul\u00f3z (HPMC), egy sokoldal\u00fa polimer, amely kiv\u00e9teles tulajdons\u00e1gair\u00f3l ismert.<\/p>\n                                                                                                                                                        <div class=\"btn-wraper\">\n                                    \n                                                                            <a href=\"https:\/\/landu-china.com\/hu\/hidroxipropil-metilcelluloz-hpmc-a-gyogyszereszeti-alkalmazasokban\/\" class=\"elementskit-btn  whitespace--normal\" >\n                                                                                    Tudjon meg t\u00f6bbet                                         <\/a>\n                                                                    <\/div>\n                                                    <\/div><!-- .elementskit-post-body END -->\n                    <\/div>\n                \n            <\/div>\t\t\t\t\n\n            <div class=\"col-lg-4 col-md-6\">\n\n                                    <div class=\"elementskit-post-image-card\">\n                        <div class=\"elementskit-entry-header\">\n                                                            <a href=\"https:\/\/landu-china.com\/hu\/amit-a-hpmc-kapszulakrol-tudni-kell\/\" class=\"elementskit-entry-thumb\">\n                                    <img decoding=\"async\" src=\"https:\/\/landu-china.com\/wp-content\/uploads\/2024\/10\/different-pills-on-color-background-flat-lay-1024x702.jpg\" alt=\"Amit a HPMC kapszul\u00e1kr\u00f3l tudni kell\">\n                                <\/a><!-- .elementskit-entry-thumb END -->\n                                                            \n                                                            <div class=\"elementskit-meta-categories\">\n                                    <span class=\"elementskit-meta-wraper\">\n                                        <span><a href=\"https:\/\/landu-china.com\/hu\/gyogyszeripari-betekintes\/\" rel=\"category tag\">Gy\u00f3gyszeripari betekint\u00e9s<\/a><\/span><span><a href=\"https:\/\/landu-china.com\/hu\/blog\/\" rel=\"category tag\">Blog<\/a><\/span>\n                                    <\/span>\n                                <\/div>\n                            \n                                                    <\/div><!-- .elementskit-entry-header END -->\n\n                        <div class=\"elementskit-post-body\">\n                            \n                                                                                                                <div class=\"post-meta-list\">\n                                                                                                                        <span class=\"post-cat\">\n\n                                <i aria-hidden=\"true\" class=\"icon icon-folder\"><\/i>\n                                <a href=\"https:\/\/landu-china.com\/hu\/gyogyszeripari-betekintes\/\" rel=\"category tag\">Gy\u00f3gyszeripari betekint\u00e9s<\/a> | <a href=\"https:\/\/landu-china.com\/hu\/blog\/\" rel=\"category tag\">Blog<\/a>                            <\/span>\n                                                                                    <\/div>\n                                                                        \n                                        \n                                                                                                <h2 class=\"entry-title\">\n                    <a href=\"https:\/\/landu-china.com\/hu\/amit-a-hpmc-kapszulakrol-tudni-kell\/\">\n                            Amit a HPMC kapszul\u00e1kr\u00f3l tudni kell                    <\/a>\n                <\/h2>\n                                                                                                                                                                                            <p>A HPMC a hidroxipropil-metilcellul\u00f3z, k\u00f6zismert nev\u00e9n hidroxipropil-metilcellul\u00f3z.<\/p>\n                                                                                                                                                        <div class=\"btn-wraper\">\n                                    \n                                                                            <a href=\"https:\/\/landu-china.com\/hu\/amit-a-hpmc-kapszulakrol-tudni-kell\/\" class=\"elementskit-btn  whitespace--normal\" >\n                                                                                    Tudjon meg t\u00f6bbet                                         <\/a>\n                                                                    <\/div>\n                                                    <\/div><!-- .elementskit-post-body END -->\n                    <\/div>\n                \n            <\/div>\t\t\t\t        <\/div>\n        \n        \n                    <div \n            data-ekit-blog-post-style=\"numbered\"\n            class=\"ekit-blog-post-pagination-container ekit-blog-post-pagination-style-numbered\" \n            id=\"post-nagivation--14a9258\">\n                \n            <\/div>\n\n            <\/div>\t\t\t\t<\/div>\n\t\t\t\t<\/div>\n\t\t\t\t\t<\/div>\n\t\t<\/div>\n\t\t\t\t\t<\/div>\n\t\t<\/section>\n\t\t\t\t\t<\/div>\n\t\t<\/div>\n\t\t\t\t\t<\/div>\n\t\t<\/section>\n\t\t\t\t<\/div>","protected":false},"excerpt":{"rendered":"<p>Pharmaceutical Insights Pharmaceutical InsightsBlog Pharmaceutical Insights | Blog Amit a HPMC kapszul\u00e1kr\u00f3l tudni kell A HPMC a Hydroxypropyl Methylcellulose r\u00f6vid\u00edt\u00e9se, amelyet \u00e1ltal\u00e1ban Hydroxypropyl Learn more<\/p>","protected":false},"author":1,"featured_media":0,"parent":517,"menu_order":0,"comment_status":"closed","ping_status":"closed","template":"elementor_header_footer","meta":{"footnotes":""},"class_list":["post-14562","page","type-page","status-publish","hentry"],"_links":{"self":[{"href":"https:\/\/landu-china.com\/hu\/wp-json\/wp\/v2\/pages\/14562","targetHints":{"allow":["GET"]}}],"collection":[{"href":"https:\/\/landu-china.com\/hu\/wp-json\/wp\/v2\/pages"}],"about":[{"href":"https:\/\/landu-china.com\/hu\/wp-json\/wp\/v2\/types\/page"}],"author":[{"embeddable":true,"href":"https:\/\/landu-china.com\/hu\/wp-json\/wp\/v2\/users\/1"}],"replies":[{"embeddable":true,"href":"https:\/\/landu-china.com\/hu\/wp-json\/wp\/v2\/comments?post=14562"}],"version-history":[{"count":7,"href":"https:\/\/landu-china.com\/hu\/wp-json\/wp\/v2\/pages\/14562\/revisions"}],"predecessor-version":[{"id":18509,"href":"https:\/\/landu-china.com\/hu\/wp-json\/wp\/v2\/pages\/14562\/revisions\/18509"}],"up":[{"embeddable":true,"href":"https:\/\/landu-china.com\/hu\/wp-json\/wp\/v2\/pages\/517"}],"wp:attachment":[{"href":"https:\/\/landu-china.com\/hu\/wp-json\/wp\/v2\/media?parent=14562"}],"curies":[{"name":"wp","href":"https:\/\/api.w.org\/{rel}","templated":true}]}}