{"id":13080,"date":"2024-10-18T15:18:31","date_gmt":"2024-10-18T07:18:31","guid":{"rendered":"https:\/\/landu-china.com\/?page_id=13080"},"modified":"2024-11-14T11:53:20","modified_gmt":"2024-11-14T03:53:20","slug":"tovabbi-piacok","status":"publish","type":"page","link":"https:\/\/landu-china.com\/hu\/piacok\/tovabbi-piacok\/","title":{"rendered":"Tov\u00e1bbi piacok"},"content":{"rendered":"<div data-elementor-type=\"wp-page\" data-elementor-id=\"13080\" class=\"elementor elementor-13080\" data-elementor-post-type=\"page\">\n\t\t\t\t<div class=\"elementor-element elementor-element-f81d54a e-flex e-con-boxed e-con e-parent\" data-id=\"f81d54a\" data-element_type=\"container\" data-settings=\"{&quot;background_background&quot;:&quot;classic&quot;,&quot;ekit_has_onepagescroll_dot&quot;:&quot;yes&quot;}\">\n\t\t\t\t\t<div class=\"e-con-inner\">\n\t\t\t\t<div class=\"elementor-element elementor-element-b3a9adb elementor-widget elementor-widget-heading\" data-id=\"b3a9adb\" data-element_type=\"widget\" data-settings=\"{&quot;ekit_we_effect_on&quot;:&quot;none&quot;}\" data-widget_type=\"heading.default\">\n\t\t\t\t<div class=\"elementor-widget-container\">\n\t\t\t\t\t<h2 class=\"elementor-heading-title elementor-size-default\">Tov\u00e1bbi piacok<\/h2>\t\t\t\t<\/div>\n\t\t\t\t<\/div>\n\t\t\t\t<div class=\"elementor-element elementor-element-833d792 elementor-widget elementor-widget-text-editor\" data-id=\"833d792\" data-element_type=\"widget\" data-settings=\"{&quot;ekit_we_effect_on&quot;:&quot;none&quot;}\" data-widget_type=\"text-editor.default\">\n\t\t\t\t<div class=\"elementor-widget-container\">\n\t\t\t\t\t\t\t\t\t<p>A Landu a trendek el\u0151rejelz\u00e9s\u00e9vel \u00e9s a min\u0151s\u00e9gi term\u00e9kek gyors sz\u00e1ll\u00edt\u00e1s\u00e1val er\u0151s\u00edti glob\u00e1lis jelenl\u00e9t\u00e9t.<\/p>\t\t\t\t\t\t\t\t<\/div>\n\t\t\t\t<\/div>\n\t\t\t\t<div class=\"elementor-element elementor-element-be7af67 elementor-widget elementor-widget-elementskit-breadcrumb\" data-id=\"be7af67\" data-element_type=\"widget\" data-settings=\"{&quot;ekit_we_effect_on&quot;:&quot;none&quot;}\" data-widget_type=\"elementskit-breadcrumb.default\">\n\t\t\t\t<div class=\"elementor-widget-container\">\n\t\t\t\t\t<div class=\"ekit-wid-con\" ><ol class=\"ekit-breadcrumb\"><li class=\"ekit_breadcrumbs_start\"><a href=\"https:\/\/landu-china.com\/hu\">Home<\/a><\/li><\/ol><\/div>\t\t\t\t<\/div>\n\t\t\t\t<\/div>\n\t\t\t\t\t<\/div>\n\t\t\t\t<\/div>\n\t\t\t\t<section class=\"elementor-section elementor-top-section elementor-element elementor-element-535aee31 elementor-section-boxed elementor-section-height-default elementor-section-height-default\" data-id=\"535aee31\" data-element_type=\"section\" data-settings=\"{&quot;ekit_has_onepagescroll_dot&quot;:&quot;yes&quot;}\">\n\t\t\t\t\t\t<div class=\"elementor-container elementor-column-gap-default\">\n\t\t\t\t\t<div class=\"elementor-column elementor-col-33 elementor-top-column elementor-element elementor-element-79465f55 elementor-invisible\" data-id=\"79465f55\" data-element_type=\"column\" data-settings=\"{&quot;animation&quot;:&quot;fadeInLeft&quot;}\">\n\t\t\t<div class=\"elementor-widget-wrap elementor-element-populated\">\n\t\t\t\t\t\t<div class=\"elementor-element elementor-element-73a1d091 elementor-cta--skin-cover elementor-cta--valign-bottom elementor-bg-transform elementor-bg-transform-move-left elementor-widget elementor-widget-call-to-action\" data-id=\"73a1d091\" data-element_type=\"widget\" data-settings=\"{&quot;ekit_we_effect_on&quot;:&quot;none&quot;}\" data-widget_type=\"call-to-action.default\">\n\t\t\t\t<div class=\"elementor-widget-container\">\n\t\t\t\t\t\t\t<div class=\"elementor-cta\">\n\t\t\t\t\t<div class=\"elementor-cta__bg-wrapper\">\n\t\t\t\t<div class=\"elementor-cta__bg elementor-bg\" style=\"background-image: url(https:\/\/landu-china.com\/wp-content\/uploads\/2024\/10\/background-made-of-various-alkaline-and-lithium-ion-batteries-positive-pole-visible-.jpg);\" role=\"img\" aria-label=\"K\u00fcl\u00f6nb\u00f6z\u0151 alk\u00e1li- \u00e9s l\u00edtium-ion elemekb\u0151l k\u00e9sz\u00fclt h\u00e1tt\u00e9r, pozit\u00edv p\u00f3lus l\u00e1that\u00f3.\"><\/div>\n\t\t\t\t<div class=\"elementor-cta__bg-overlay\"><\/div>\n\t\t\t<\/div>\n\t\t\t\t\t\t\t<div class=\"elementor-cta__content\">\n\t\t\t\t\n\t\t\t\t\t\t\t\t\t<h2 class=\"elementor-cta__title elementor-cta__content-item elementor-content-item\">\n\t\t\t\t\t\tAkkumul\u00e1torok\t\t\t\t\t<\/h2>\n\t\t\t\t\n\t\t\t\t\n\t\t\t\t\t\t\t\t\t<div class=\"elementor-cta__button-wrapper elementor-cta__content-item elementor-content-item\">\n\t\t\t\t\t<a class=\"elementor-cta__button elementor-button elementor-size-\" href=\"https:\/\/landu-china.com\/hu\/piacok\/tovabbi-piacok\/elemek\/\" target=\"_blank\">\n\t\t\t\t\t\tt\u00f6bbet\t\t\t\t\t<\/a>\n\t\t\t\t\t<\/div>\n\t\t\t\t\t\t\t<\/div>\n\t\t\t\t\t\t<\/div>\n\t\t\t\t\t\t<\/div>\n\t\t\t\t<\/div>\n\t\t\t\t\t<\/div>\n\t\t<\/div>\n\t\t\t\t<div class=\"elementor-column elementor-col-33 elementor-top-column elementor-element elementor-element-262e0f33 elementor-invisible\" data-id=\"262e0f33\" data-element_type=\"column\" data-settings=\"{&quot;animation&quot;:&quot;fadeInRight&quot;}\">\n\t\t\t<div class=\"elementor-widget-wrap elementor-element-populated\">\n\t\t\t\t\t\t<div class=\"elementor-element elementor-element-b861eee elementor-cta--skin-cover elementor-cta--valign-bottom elementor-bg-transform elementor-bg-transform-move-left elementor-widget elementor-widget-call-to-action\" data-id=\"b861eee\" data-element_type=\"widget\" data-settings=\"{&quot;ekit_we_effect_on&quot;:&quot;none&quot;}\" data-widget_type=\"call-to-action.default\">\n\t\t\t\t<div class=\"elementor-widget-container\">\n\t\t\t\t\t\t\t<div class=\"elementor-cta\">\n\t\t\t\t\t<div class=\"elementor-cta__bg-wrapper\">\n\t\t\t\t<div class=\"elementor-cta__bg elementor-bg\" style=\"background-image: url(https:\/\/landu-china.com\/wp-content\/uploads\/2024\/10\/empty-ceramic-bowls.jpg);\" role=\"img\" aria-label=\"\u00dcres ker\u00e1mia t\u00e1lak\"><\/div>\n\t\t\t\t<div class=\"elementor-cta__bg-overlay\"><\/div>\n\t\t\t<\/div>\n\t\t\t\t\t\t\t<div class=\"elementor-cta__content\">\n\t\t\t\t\n\t\t\t\t\t\t\t\t\t<h2 class=\"elementor-cta__title elementor-cta__content-item elementor-content-item\">\n\t\t\t\t\t\tKer\u00e1mia\t\t\t\t\t<\/h2>\n\t\t\t\t\n\t\t\t\t\n\t\t\t\t\t\t\t\t\t<div class=\"elementor-cta__button-wrapper elementor-cta__content-item elementor-content-item\">\n\t\t\t\t\t<a class=\"elementor-cta__button elementor-button elementor-size-\" href=\"https:\/\/landu-china.com\/hu\/piacok\/tovabbi-piacok\/keramia\/\" target=\"_blank\">\n\t\t\t\t\t\tt\u00f6bbet\t\t\t\t\t<\/a>\n\t\t\t\t\t<\/div>\n\t\t\t\t\t\t\t<\/div>\n\t\t\t\t\t\t<\/div>\n\t\t\t\t\t\t<\/div>\n\t\t\t\t<\/div>\n\t\t\t\t\t<\/div>\n\t\t<\/div>\n\t\t\t\t<div class=\"elementor-column elementor-col-33 elementor-top-column elementor-element elementor-element-480733c elementor-invisible\" data-id=\"480733c\" data-element_type=\"column\" data-settings=\"{&quot;animation&quot;:&quot;fadeInRight&quot;}\">\n\t\t\t<div class=\"elementor-widget-wrap elementor-element-populated\">\n\t\t\t\t\t\t<div class=\"elementor-element elementor-element-69ede04 elementor-cta--skin-cover elementor-cta--valign-bottom elementor-bg-transform elementor-bg-transform-move-left elementor-widget elementor-widget-call-to-action\" data-id=\"69ede04\" data-element_type=\"widget\" data-settings=\"{&quot;ekit_we_effect_on&quot;:&quot;none&quot;}\" data-widget_type=\"call-to-action.default\">\n\t\t\t\t<div class=\"elementor-widget-container\">\n\t\t\t\t\t\t\t<div class=\"elementor-cta\">\n\t\t\t\t\t<div class=\"elementor-cta__bg-wrapper\">\n\t\t\t\t<div class=\"elementor-cta__bg elementor-bg\" style=\"background-image: url(https:\/\/landu-china.com\/wp-content\/uploads\/2024\/10\/textile-selection.jpg);\" role=\"img\" aria-label=\"Textil kiv\u00e1laszt\u00e1sa\"><\/div>\n\t\t\t\t<div class=\"elementor-cta__bg-overlay\"><\/div>\n\t\t\t<\/div>\n\t\t\t\t\t\t\t<div class=\"elementor-cta__content\">\n\t\t\t\t\n\t\t\t\t\t\t\t\t\t<h2 class=\"elementor-cta__title elementor-cta__content-item elementor-content-item\">\n\t\t\t\t\t\tText\u00edli\u00e1k\t\t\t\t\t<\/h2>\n\t\t\t\t\n\t\t\t\t\n\t\t\t\t\t\t\t\t\t<div class=\"elementor-cta__button-wrapper elementor-cta__content-item elementor-content-item\">\n\t\t\t\t\t<a class=\"elementor-cta__button elementor-button elementor-size-\" href=\"https:\/\/landu-china.com\/hu\/piacok\/tovabbi-piacok\/textiliak\/\" target=\"_blank\">\n\t\t\t\t\t\tt\u00f6bbet\t\t\t\t\t<\/a>\n\t\t\t\t\t<\/div>\n\t\t\t\t\t\t\t<\/div>\n\t\t\t\t\t\t<\/div>\n\t\t\t\t\t\t<\/div>\n\t\t\t\t<\/div>\n\t\t\t\t\t<\/div>\n\t\t<\/div>\n\t\t\t\t\t<\/div>\n\t\t<\/section>\n\t\t\t\t<section class=\"elementor-section elementor-top-section elementor-element elementor-element-5f9d253 elementor-section-boxed elementor-section-height-default elementor-section-height-default\" data-id=\"5f9d253\" data-element_type=\"section\" data-settings=\"{&quot;ekit_has_onepagescroll_dot&quot;:&quot;yes&quot;}\">\n\t\t\t\t\t\t<div class=\"elementor-container elementor-column-gap-default\">\n\t\t\t\t\t<div class=\"elementor-column elementor-col-33 elementor-top-column elementor-element elementor-element-1bc14a6 elementor-invisible\" data-id=\"1bc14a6\" data-element_type=\"column\" data-settings=\"{&quot;animation&quot;:&quot;fadeInLeft&quot;}\">\n\t\t\t<div class=\"elementor-widget-wrap elementor-element-populated\">\n\t\t\t\t\t\t<div class=\"elementor-element elementor-element-3feac0f elementor-cta--skin-cover elementor-cta--valign-bottom elementor-bg-transform elementor-bg-transform-move-left elementor-widget elementor-widget-call-to-action\" data-id=\"3feac0f\" data-element_type=\"widget\" data-settings=\"{&quot;ekit_we_effect_on&quot;:&quot;none&quot;}\" data-widget_type=\"call-to-action.default\">\n\t\t\t\t<div class=\"elementor-widget-container\">\n\t\t\t\t\t\t\t<div class=\"elementor-cta\">\n\t\t\t\t\t<div class=\"elementor-cta__bg-wrapper\">\n\t\t\t\t<div class=\"elementor-cta__bg elementor-bg\" style=\"background-image: url(https:\/\/landu-china.com\/wp-content\/uploads\/2024\/10\/extraction-of-crude-oil-in-oilfield-oil-drilling-rig-pumps-oil-.jpg);\" role=\"img\" aria-label=\"Nyersolaj kitermel\u00e9se az olajmez\u0151n. Olajf\u00far\u00f3 f\u00far\u00f3torony szivatty\u00fazza az olajat.\"><\/div>\n\t\t\t\t<div class=\"elementor-cta__bg-overlay\"><\/div>\n\t\t\t<\/div>\n\t\t\t\t\t\t\t<div class=\"elementor-cta__content\">\n\t\t\t\t\n\t\t\t\t\t\t\t\t\t<h2 class=\"elementor-cta__title elementor-cta__content-item elementor-content-item\">\n\t\t\t\t\t\tOlajf\u00far\u00e1s\t\t\t\t\t<\/h2>\n\t\t\t\t\n\t\t\t\t\n\t\t\t\t\t\t\t\t\t<div class=\"elementor-cta__button-wrapper elementor-cta__content-item elementor-content-item\">\n\t\t\t\t\t<a class=\"elementor-cta__button elementor-button elementor-size-\" href=\"https:\/\/landu-china.com\/hu\/piacok\/tovabbi-piacok\/olajfuras\/\" target=\"_blank\">\n\t\t\t\t\t\tt\u00f6bbet\t\t\t\t\t<\/a>\n\t\t\t\t\t<\/div>\n\t\t\t\t\t\t\t<\/div>\n\t\t\t\t\t\t<\/div>\n\t\t\t\t\t\t<\/div>\n\t\t\t\t<\/div>\n\t\t\t\t\t<\/div>\n\t\t<\/div>\n\t\t\t\t<div class=\"elementor-column elementor-col-33 elementor-top-column elementor-element elementor-element-e6ff498 elementor-invisible\" data-id=\"e6ff498\" data-element_type=\"column\" data-settings=\"{&quot;animation&quot;:&quot;fadeInRight&quot;}\">\n\t\t\t<div class=\"elementor-widget-wrap elementor-element-populated\">\n\t\t\t\t\t\t<div class=\"elementor-element elementor-element-d3a7201 elementor-cta--skin-cover elementor-cta--valign-bottom elementor-bg-transform elementor-bg-transform-move-left elementor-widget elementor-widget-call-to-action\" data-id=\"d3a7201\" data-element_type=\"widget\" data-settings=\"{&quot;ekit_we_effect_on&quot;:&quot;none&quot;}\" data-widget_type=\"call-to-action.default\">\n\t\t\t\t<div class=\"elementor-widget-container\">\n\t\t\t\t\t\t\t<div class=\"elementor-cta\">\n\t\t\t\t\t<div class=\"elementor-cta__bg-wrapper\">\n\t\t\t\t<div class=\"elementor-cta__bg elementor-bg\" style=\"background-image: url(https:\/\/landu-china.com\/wp-content\/uploads\/2024\/10\/wall-paper-is-in-a-shop-.jpg);\" role=\"img\" aria-label=\"A tap\u00e9ta egy boltban van.\"><\/div>\n\t\t\t\t<div class=\"elementor-cta__bg-overlay\"><\/div>\n\t\t\t<\/div>\n\t\t\t\t\t\t\t<div class=\"elementor-cta__content\">\n\t\t\t\t\n\t\t\t\t\t\t\t\t\t<h2 class=\"elementor-cta__title elementor-cta__content-item elementor-content-item\">\n\t\t\t\t\t\tFali pap\u00edr\t\t\t\t\t<\/h2>\n\t\t\t\t\n\t\t\t\t\n\t\t\t\t\t\t\t\t\t<div class=\"elementor-cta__button-wrapper elementor-cta__content-item elementor-content-item\">\n\t\t\t\t\t<a class=\"elementor-cta__button elementor-button elementor-size-\" href=\"https:\/\/landu-china.com\/hu\/piacok\/tovabbi-piacok\/tapeta\/\" target=\"_blank\">\n\t\t\t\t\t\tt\u00f6bbet\t\t\t\t\t<\/a>\n\t\t\t\t\t<\/div>\n\t\t\t\t\t\t\t<\/div>\n\t\t\t\t\t\t<\/div>\n\t\t\t\t\t\t<\/div>\n\t\t\t\t<\/div>\n\t\t\t\t\t<\/div>\n\t\t<\/div>\n\t\t\t\t<div class=\"elementor-column elementor-col-33 elementor-top-column elementor-element elementor-element-de29c1d elementor-invisible\" data-id=\"de29c1d\" data-element_type=\"column\" data-settings=\"{&quot;animation&quot;:&quot;fadeInRight&quot;}\">\n\t\t\t<div class=\"elementor-widget-wrap elementor-element-populated\">\n\t\t\t\t\t\t<div class=\"elementor-element elementor-element-63b624d elementor-cta--skin-cover elementor-cta--valign-bottom elementor-bg-transform elementor-bg-transform-move-left elementor-widget elementor-widget-call-to-action\" data-id=\"63b624d\" data-element_type=\"widget\" data-settings=\"{&quot;ekit_we_effect_on&quot;:&quot;none&quot;}\" data-widget_type=\"call-to-action.default\">\n\t\t\t\t<div class=\"elementor-widget-container\">\n\t\t\t\t\t\t\t<div class=\"elementor-cta\">\n\t\t\t\t\t<div class=\"elementor-cta__bg-wrapper\">\n\t\t\t\t<div class=\"elementor-cta__bg elementor-bg\" style=\"background-image: url(https:\/\/landu-china.com\/wp-content\/uploads\/2024\/10\/silk-screen-printing-serigraphy-stencil-washing-.jpg);\" role=\"img\" aria-label=\"Szitanyom\u00e1s. Szerigr\u00e1fia. Stencil mos\u00e1s.\"><\/div>\n\t\t\t\t<div class=\"elementor-cta__bg-overlay\"><\/div>\n\t\t\t<\/div>\n\t\t\t\t\t\t\t<div class=\"elementor-cta__content\">\n\t\t\t\t\n\t\t\t\t\t\t\t\t\t<h2 class=\"elementor-cta__title elementor-cta__content-item elementor-content-item\">\n\t\t\t\t\t\tFest\u00e9k elt\u00e1vol\u00edt\u00f3\t\t\t\t\t<\/h2>\n\t\t\t\t\n\t\t\t\t\n\t\t\t\t\t\t\t\t\t<div class=\"elementor-cta__button-wrapper elementor-cta__content-item elementor-content-item\">\n\t\t\t\t\t<a class=\"elementor-cta__button elementor-button elementor-size-\" href=\"https:\/\/landu-china.com\/hu\/piacok\/tovabbi-piacok\/festekeltavolito\/\" target=\"_blank\">\n\t\t\t\t\t\tt\u00f6bbet\t\t\t\t\t<\/a>\n\t\t\t\t\t<\/div>\n\t\t\t\t\t\t\t<\/div>\n\t\t\t\t\t\t<\/div>\n\t\t\t\t\t\t<\/div>\n\t\t\t\t<\/div>\n\t\t\t\t\t<\/div>\n\t\t<\/div>\n\t\t\t\t\t<\/div>\n\t\t<\/section>\n\t\t\t\t<\/div>","protected":false},"excerpt":{"rendered":"<p>Tov\u00e1bbi piacok A Landu a trendek el\u0151rejelz\u00e9s\u00e9vel \u00e9s a min\u0151s\u00e9gi term\u00e9kek gyors sz\u00e1ll\u00edt\u00e1s\u00e1val er\u0151s\u00edti glob\u00e1lis jelenl\u00e9t\u00e9t. Otthoni akkumul\u00e1torok megtekint\u00e9s tov\u00e1bb Ker\u00e1mia megtekint\u00e9s tov\u00e1bb Text\u00edli\u00e1k megtekint\u00e9s tov\u00e1bb Olajf\u00far\u00e1s megtekint\u00e9s tov\u00e1bb Fali pap\u00edr megtekint\u00e9s tov\u00e1bb Fest\u00e9kelt\u00e1vol\u00edt\u00f3 megtekint\u00e9s tov\u00e1bb<\/p>","protected":false},"author":1,"featured_media":0,"parent":110,"menu_order":0,"comment_status":"closed","ping_status":"closed","template":"elementor_header_footer","meta":{"footnotes":""},"class_list":["post-13080","page","type-page","status-publish","hentry"],"_links":{"self":[{"href":"https:\/\/landu-china.com\/hu\/wp-json\/wp\/v2\/pages\/13080","targetHints":{"allow":["GET"]}}],"collection":[{"href":"https:\/\/landu-china.com\/hu\/wp-json\/wp\/v2\/pages"}],"about":[{"href":"https:\/\/landu-china.com\/hu\/wp-json\/wp\/v2\/types\/page"}],"author":[{"embeddable":true,"href":"https:\/\/landu-china.com\/hu\/wp-json\/wp\/v2\/users\/1"}],"replies":[{"embeddable":true,"href":"https:\/\/landu-china.com\/hu\/wp-json\/wp\/v2\/comments?post=13080"}],"version-history":[{"count":31,"href":"https:\/\/landu-china.com\/hu\/wp-json\/wp\/v2\/pages\/13080\/revisions"}],"predecessor-version":[{"id":19324,"href":"https:\/\/landu-china.com\/hu\/wp-json\/wp\/v2\/pages\/13080\/revisions\/19324"}],"up":[{"embeddable":true,"href":"https:\/\/landu-china.com\/hu\/wp-json\/wp\/v2\/pages\/110"}],"wp:attachment":[{"href":"https:\/\/landu-china.com\/hu\/wp-json\/wp\/v2\/media?parent=13080"}],"curies":[{"name":"wp","href":"https:\/\/api.w.org\/{rel}","templated":true}]}}