{"id":3745,"date":"2024-07-29T15:13:20","date_gmt":"2024-07-29T07:13:20","guid":{"rendered":"https:\/\/landu-china.com\/?page_id=3745"},"modified":"2024-07-29T16:14:04","modified_gmt":"2024-07-29T08:14:04","slug":"des-produits-dont-lempreinte-environnementale-est-faible","status":"publish","type":"page","link":"https:\/\/landu-china.com\/fr\/des-produits-dont-lempreinte-environnementale-est-faible\/","title":{"rendered":"Produits \u00e0 faible empreinte environnementale"},"content":{"rendered":"<div data-elementor-type=\"wp-page\" data-elementor-id=\"3745\" class=\"elementor elementor-3745\" data-elementor-post-type=\"page\">\n\t\t\t\t<div class=\"elementor-element elementor-element-832e259 e-flex e-con-boxed e-con e-parent\" data-id=\"832e259\" data-element_type=\"container\" data-settings=\"{&quot;background_background&quot;:&quot;classic&quot;,&quot;ekit_has_onepagescroll_dot&quot;:&quot;yes&quot;}\">\n\t\t\t\t\t<div class=\"e-con-inner\">\n\t\t\t\t<div class=\"elementor-element elementor-element-f07d774 elementor-widget__width-initial elementor-widget elementor-widget-heading\" data-id=\"f07d774\" data-element_type=\"widget\" data-settings=\"{&quot;ekit_we_effect_on&quot;:&quot;none&quot;}\" data-widget_type=\"heading.default\">\n\t\t\t\t<div class=\"elementor-widget-container\">\n\t\t\t\t\t<h2 class=\"elementor-heading-title elementor-size-default\">Produits \u00e0 faible empreinte environnementale<\/h2>\t\t\t\t<\/div>\n\t\t\t\t<\/div>\n\t\t\t\t<div class=\"elementor-element elementor-element-54592e9 elementor-widget__width-initial elementor-widget elementor-widget-text-editor\" data-id=\"54592e9\" data-element_type=\"widget\" data-settings=\"{&quot;ekit_we_effect_on&quot;:&quot;none&quot;}\" data-widget_type=\"text-editor.default\">\n\t\t\t\t<div class=\"elementor-widget-container\">\n\t\t\t\t\t\t\t\t\t<p>Nos produits ont une faible empreinte climatique et des performances environnementales sup\u00e9rieures dans la plupart des cat\u00e9gories.<\/p>\t\t\t\t\t\t\t\t<\/div>\n\t\t\t\t<\/div>\n\t\t\t\t\t<\/div>\n\t\t\t\t<\/div>\n\t\t<div class=\"elementor-element elementor-element-af21400 e-flex e-con-boxed e-con e-parent\" data-id=\"af21400\" data-element_type=\"container\" data-settings=\"{&quot;ekit_has_onepagescroll_dot&quot;:&quot;yes&quot;}\">\n\t\t\t\t\t<div class=\"e-con-inner\">\n\t\t\t\t<div class=\"elementor-element elementor-element-ee22895 elementor-widget elementor-widget-heading\" data-id=\"ee22895\" data-element_type=\"widget\" data-settings=\"{&quot;ekit_we_effect_on&quot;:&quot;none&quot;}\" data-widget_type=\"heading.default\">\n\t\t\t\t<div class=\"elementor-widget-container\">\n\t\t\t\t\t<h2 class=\"elementor-heading-title elementor-size-default\">Notre approche strat\u00e9gique<\/h2>\t\t\t\t<\/div>\n\t\t\t\t<\/div>\n\t\t\t\t<div class=\"elementor-element elementor-element-b0428b0 elementor-widget elementor-widget-image\" data-id=\"b0428b0\" data-element_type=\"widget\" data-settings=\"{&quot;ekit_we_effect_on&quot;:&quot;none&quot;}\" data-widget_type=\"image.default\">\n\t\t\t\t<div class=\"elementor-widget-container\">\n\t\t\t\t\t\t\t\t\t\t\t\t\t\t\t<img decoding=\"async\" width=\"55\" height=\"9\" src=\"https:\/\/landu-china.com\/wp-content\/uploads\/2024\/06\/\u8d44\u6e90-1.png\" class=\"attachment-large size-large wp-image-87\" alt=\"\" \/>\t\t\t\t\t\t\t\t\t\t\t\t\t\t\t<\/div>\n\t\t\t\t<\/div>\n\t\t\t\t<div class=\"elementor-element elementor-element-e6c6337 elementor-widget elementor-widget-text-editor\" data-id=\"e6c6337\" data-element_type=\"widget\" data-settings=\"{&quot;ekit_we_effect_on&quot;:&quot;none&quot;}\" data-widget_type=\"text-editor.default\">\n\t\t\t\t<div class=\"elementor-widget-container\">\n\t\t\t\t\t\t\t\t\t<div class=\"elementor-element elementor-element-26d6bf8c elementor-widget__width-initial elementor-widget elementor-widget-text-editor\" data-id=\"26d6bf8c\" data-element_type=\"widget\" data-settings=\"{&quot;ekit_we_effect_on&quot;:&quot;none&quot;}\" data-widget_type=\"text-editor.default\"><div class=\"elementor-widget-container\"><div class=\"elementor-element elementor-element-26d6bf8c elementor-widget__width-initial elementor-widget elementor-widget-text-editor\" data-id=\"26d6bf8c\" data-element_type=\"widget\" data-settings=\"{&quot;ekit_we_effect_on&quot;:&quot;none&quot;}\" data-widget_type=\"text-editor.default\"><div class=\"elementor-widget-container\"><div class=\"elementor-element elementor-element-531d8aa elementor-widget__width-initial elementor-widget elementor-widget-text-editor\" data-id=\"531d8aa\" data-element_type=\"widget\" data-settings=\"{&quot;ekit_we_effect_on&quot;:&quot;none&quot;}\" data-widget_type=\"text-editor.default\"><div class=\"elementor-widget-container\"><p>\"Nous collaborons \u00e9troitement avec nos clients et l'ensemble de la cha\u00eene de valeur pour promouvoir l'innovation durable. Notre engagement va au-del\u00e0 du simple respect des r\u00e9glementations environnementales ; nous visons \u00e0 surpasser ces normes et \u00e0 d\u00e9passer les attentes de nos clients dans tous les aspects de nos activit\u00e9s.\"<\/p><\/div><\/div><\/div><\/div><\/div><\/div>\t\t\t\t\t\t\t\t<\/div>\n\t\t\t\t<\/div>\n\t\t\t\t\t<\/div>\n\t\t\t\t<\/div>\n\t\t<div class=\"elementor-element elementor-element-212b9e5 e-grid e-con-boxed e-con e-parent\" data-id=\"212b9e5\" data-element_type=\"container\" data-settings=\"{&quot;ekit_has_onepagescroll_dot&quot;:&quot;yes&quot;}\">\n\t\t\t\t\t<div class=\"e-con-inner\">\n\t\t\t\t<div class=\"elementor-element elementor-element-b61eeca elementor-widget elementor-widget-image\" data-id=\"b61eeca\" data-element_type=\"widget\" data-settings=\"{&quot;ekit_we_effect_on&quot;:&quot;none&quot;}\" data-widget_type=\"image.default\">\n\t\t\t\t<div class=\"elementor-widget-container\">\n\t\t\t\t\t\t\t\t\t\t\t\t\t\t\t<img fetchpriority=\"high\" decoding=\"async\" width=\"800\" height=\"534\" src=\"https:\/\/landu-china.com\/wp-content\/uploads\/2024\/07\/cheerful-female-scientist-in-lab-1024x684-1.webp\" class=\"attachment-large size-large wp-image-3750\" alt=\"\" srcset=\"https:\/\/landu-china.com\/wp-content\/uploads\/2024\/07\/cheerful-female-scientist-in-lab-1024x684-1.webp 1024w, https:\/\/landu-china.com\/wp-content\/uploads\/2024\/07\/cheerful-female-scientist-in-lab-1024x684-1-300x200.webp 300w, https:\/\/landu-china.com\/wp-content\/uploads\/2024\/07\/cheerful-female-scientist-in-lab-1024x684-1-768x513.webp 768w\" sizes=\"(max-width: 800px) 100vw, 800px\" \/>\t\t\t\t\t\t\t\t\t\t\t\t\t\t\t<\/div>\n\t\t\t\t<\/div>\n\t\t\t\t<div class=\"elementor-element elementor-element-fb3b300 elementor-widget elementor-widget-image\" data-id=\"fb3b300\" data-element_type=\"widget\" data-settings=\"{&quot;ekit_we_effect_on&quot;:&quot;none&quot;}\" data-widget_type=\"image.default\">\n\t\t\t\t<div class=\"elementor-widget-container\">\n\t\t\t\t\t\t\t\t\t\t\t\t\t\t\t<img decoding=\"async\" width=\"800\" height=\"532\" src=\"https:\/\/landu-china.com\/wp-content\/uploads\/2024\/07\/choosing-wall-paints-1024x681-1.webp\" class=\"attachment-large size-large wp-image-3751\" alt=\"\" srcset=\"https:\/\/landu-china.com\/wp-content\/uploads\/2024\/07\/choosing-wall-paints-1024x681-1.webp 1024w, https:\/\/landu-china.com\/wp-content\/uploads\/2024\/07\/choosing-wall-paints-1024x681-1-300x200.webp 300w, https:\/\/landu-china.com\/wp-content\/uploads\/2024\/07\/choosing-wall-paints-1024x681-1-768x511.webp 768w\" sizes=\"(max-width: 800px) 100vw, 800px\" \/>\t\t\t\t\t\t\t\t\t\t\t\t\t\t\t<\/div>\n\t\t\t\t<\/div>\n\t\t\t\t<div class=\"elementor-element elementor-element-e05ee47 elementor-widget elementor-widget-image\" data-id=\"e05ee47\" data-element_type=\"widget\" data-settings=\"{&quot;ekit_we_effect_on&quot;:&quot;none&quot;}\" data-widget_type=\"image.default\">\n\t\t\t\t<div class=\"elementor-widget-container\">\n\t\t\t\t\t\t\t\t\t\t\t\t\t\t\t<img loading=\"lazy\" decoding=\"async\" width=\"800\" height=\"533\" src=\"https:\/\/landu-china.com\/wp-content\/uploads\/2024\/07\/ceramic-tiles-and-tools-for-tiler-floor-tiles-installation-home-improvement-renovation-ceramic-1024x682-1.webp\" class=\"attachment-large size-large wp-image-3749\" alt=\"\" srcset=\"https:\/\/landu-china.com\/wp-content\/uploads\/2024\/07\/ceramic-tiles-and-tools-for-tiler-floor-tiles-installation-home-improvement-renovation-ceramic-1024x682-1.webp 1024w, https:\/\/landu-china.com\/wp-content\/uploads\/2024\/07\/ceramic-tiles-and-tools-for-tiler-floor-tiles-installation-home-improvement-renovation-ceramic-1024x682-1-300x200.webp 300w, https:\/\/landu-china.com\/wp-content\/uploads\/2024\/07\/ceramic-tiles-and-tools-for-tiler-floor-tiles-installation-home-improvement-renovation-ceramic-1024x682-1-768x512.webp 768w\" sizes=\"(max-width: 800px) 100vw, 800px\" \/>\t\t\t\t\t\t\t\t\t\t\t\t\t\t\t<\/div>\n\t\t\t\t<\/div>\n\t\t\t\t\t<\/div>\n\t\t\t\t<\/div>\n\t\t<div class=\"elementor-element elementor-element-8599190 e-flex e-con-boxed e-con e-parent\" data-id=\"8599190\" data-element_type=\"container\" data-settings=\"{&quot;ekit_has_onepagescroll_dot&quot;:&quot;yes&quot;}\">\n\t\t\t\t\t<div class=\"e-con-inner\">\n\t\t<div class=\"elementor-element elementor-element-e95b722 e-con-full e-flex e-con e-child\" data-id=\"e95b722\" data-element_type=\"container\" data-settings=\"{&quot;ekit_has_onepagescroll_dot&quot;:&quot;yes&quot;}\">\n\t\t<div class=\"elementor-element elementor-element-def66d5 e-con-full e-flex e-con e-child\" data-id=\"def66d5\" data-element_type=\"container\" data-settings=\"{&quot;background_background&quot;:&quot;classic&quot;,&quot;ekit_has_onepagescroll_dot&quot;:&quot;yes&quot;}\">\n\t\t\t\t<div class=\"elementor-element elementor-element-21991d4 elementor-widget elementor-widget-heading\" data-id=\"21991d4\" data-element_type=\"widget\" data-settings=\"{&quot;ekit_we_effect_on&quot;:&quot;none&quot;}\" data-widget_type=\"heading.default\">\n\t\t\t\t<div class=\"elementor-widget-container\">\n\t\t\t\t\t<h2 class=\"elementor-heading-title elementor-size-default\">Innover dans les mat\u00e9riaux durables de demain<\/h2>\t\t\t\t<\/div>\n\t\t\t\t<\/div>\n\t\t\t\t<div class=\"elementor-element elementor-element-039d692 elementor-widget__width-initial elementor-widget-divider--view-line elementor-widget elementor-widget-divider\" data-id=\"039d692\" data-element_type=\"widget\" data-settings=\"{&quot;ekit_we_effect_on&quot;:&quot;none&quot;}\" data-widget_type=\"divider.default\">\n\t\t\t\t<div class=\"elementor-widget-container\">\n\t\t\t\t\t\t\t<div class=\"elementor-divider\">\n\t\t\t<span class=\"elementor-divider-separator\">\n\t\t\t\t\t\t<\/span>\n\t\t<\/div>\n\t\t\t\t\t\t<\/div>\n\t\t\t\t<\/div>\n\t\t\t\t<div class=\"elementor-element elementor-element-687a5f5 elementor-widget elementor-widget-text-editor\" data-id=\"687a5f5\" data-element_type=\"widget\" data-settings=\"{&quot;ekit_we_effect_on&quot;:&quot;none&quot;}\" data-widget_type=\"text-editor.default\">\n\t\t\t\t<div class=\"elementor-widget-container\">\n\t\t\t\t\t\t\t\t\t<p>Les cellulosiques et leurs d\u00e9riv\u00e9s sont produits \u00e0 partir de mati\u00e8res premi\u00e8res naturelles renouvelables, principalement la pulpe de coton ou la pulpe de bois. Qu'il s'agisse de mat\u00e9riaux de construction plus \u00e9conomes en \u00e9nergie, d'ingr\u00e9dients alimentaires plus sains ou de m\u00e9dicaments plus efficaces, la plupart des produits contenant des cellulosiques contribuent \u00e0 am\u00e9liorer la vie quotidienne de milliards de personnes.<\/p><p>Une partie de la strat\u00e9gie de Landu consiste \u00e0 d\u00e9velopper l'entreprise de mani\u00e8re efficace et r\u00e9fl\u00e9chie. Les normes relatives \u00e0 la qualit\u00e9, \u00e0 la protection de l'environnement, \u00e0 la s\u00e9curit\u00e9 et \u00e0 la protection de la sant\u00e9, y compris la protection de l'environnement ax\u00e9e sur la production, jouent un r\u00f4le central dans cette strat\u00e9gie.<\/p><p>Un autre aspect cl\u00e9 de LANDU est la p\u00e9n\u00e9tration de march\u00e9s o\u00f9 nous pr\u00e9voyons des transformations significatives en mati\u00e8re de d\u00e9veloppement durable, cr\u00e9ant ainsi de futures opportunit\u00e9s pour nos produits durables.<\/p>\t\t\t\t\t\t\t\t<\/div>\n\t\t\t\t<\/div>\n\t\t\t\t<\/div>\n\t\t\t\t<\/div>\n\t\t<div class=\"elementor-element elementor-element-9b28c3b e-con-full e-flex e-con e-child\" data-id=\"9b28c3b\" data-element_type=\"container\" data-settings=\"{&quot;background_background&quot;:&quot;classic&quot;,&quot;ekit_has_onepagescroll_dot&quot;:&quot;yes&quot;}\">\n\t\t\t\t<\/div>\n\t\t\t\t\t<\/div>\n\t\t\t\t<\/div>\n\t\t<div class=\"elementor-element elementor-element-2fc6490 e-flex e-con-boxed e-con e-parent\" data-id=\"2fc6490\" data-element_type=\"container\" data-settings=\"{&quot;background_background&quot;:&quot;classic&quot;,&quot;ekit_has_onepagescroll_dot&quot;:&quot;yes&quot;}\">\n\t\t\t\t\t<div class=\"e-con-inner\">\n\t\t\t\t<div class=\"elementor-element elementor-element-d25fc07 elementor-widget elementor-widget-heading\" data-id=\"d25fc07\" data-element_type=\"widget\" data-settings=\"{&quot;ekit_we_effect_on&quot;:&quot;none&quot;}\" data-widget_type=\"heading.default\">\n\t\t\t\t<div class=\"elementor-widget-container\">\n\t\t\t\t\t<h2 class=\"elementor-heading-title elementor-size-default\">Nous avons adopt\u00e9 les traitements MVR pour l'absence d'\u00e9missions de d\u00e9chets et la conformit\u00e9 \u00e0 la norme ISO 14000.<\/h2>\t\t\t\t<\/div>\n\t\t\t\t<\/div>\n\t\t\t\t\t<\/div>\n\t\t\t\t<\/div>\n\t\t<div class=\"elementor-element elementor-element-08e5bfe e-flex e-con-boxed e-con e-parent\" data-id=\"08e5bfe\" data-element_type=\"container\" data-settings=\"{&quot;ekit_has_onepagescroll_dot&quot;:&quot;yes&quot;}\">\n\t\t\t\t\t<div class=\"e-con-inner\">\n\t\t<div class=\"elementor-element elementor-element-57c3e2d e-con-full e-flex e-con e-child\" data-id=\"57c3e2d\" data-element_type=\"container\" data-settings=\"{&quot;ekit_has_onepagescroll_dot&quot;:&quot;yes&quot;}\">\n\t\t\t\t<div class=\"elementor-element elementor-element-12083e7 elementor-widget elementor-widget-image\" data-id=\"12083e7\" data-element_type=\"widget\" data-settings=\"{&quot;ekit_we_effect_on&quot;:&quot;none&quot;}\" data-widget_type=\"image.default\">\n\t\t\t\t<div class=\"elementor-widget-container\">\n\t\t\t\t\t\t\t\t\t\t\t\t\t\t\t<img loading=\"lazy\" decoding=\"async\" width=\"800\" height=\"400\" src=\"https:\/\/landu-china.com\/wp-content\/uploads\/2024\/07\/2341-1024x512.webp\" class=\"attachment-large size-large wp-image-3747\" alt=\"\" srcset=\"https:\/\/landu-china.com\/wp-content\/uploads\/2024\/07\/2341-1024x512.webp 1024w, https:\/\/landu-china.com\/wp-content\/uploads\/2024\/07\/2341-300x150.webp 300w, https:\/\/landu-china.com\/wp-content\/uploads\/2024\/07\/2341-768x384.webp 768w, https:\/\/landu-china.com\/wp-content\/uploads\/2024\/07\/2341.webp 1300w\" sizes=\"(max-width: 800px) 100vw, 800px\" \/>\t\t\t\t\t\t\t\t\t\t\t\t\t\t\t<\/div>\n\t\t\t\t<\/div>\n\t\t\t\t<\/div>\n\t\t<div class=\"elementor-element elementor-element-2a4f08a e-con-full e-flex e-con e-child\" data-id=\"2a4f08a\" data-element_type=\"container\" data-settings=\"{&quot;ekit_has_onepagescroll_dot&quot;:&quot;yes&quot;}\">\n\t\t\t\t<div class=\"elementor-element elementor-element-4c7cc88 elementor-widget elementor-widget-heading\" data-id=\"4c7cc88\" data-element_type=\"widget\" data-settings=\"{&quot;ekit_we_effect_on&quot;:&quot;none&quot;}\" data-widget_type=\"heading.default\">\n\t\t\t\t<div class=\"elementor-widget-container\">\n\t\t\t\t\t<h2 class=\"elementor-heading-title elementor-size-default\">\nTechnologie cl\u00e9 de dessalement pour un rejet nul<\/h2>\t\t\t\t<\/div>\n\t\t\t\t<\/div>\n\t\t\t\t<div class=\"elementor-element elementor-element-b0a50bc elementor-widget elementor-widget-text-editor\" data-id=\"b0a50bc\" data-element_type=\"widget\" data-settings=\"{&quot;ekit_we_effect_on&quot;:&quot;none&quot;}\" data-widget_type=\"text-editor.default\">\n\t\t\t\t<div class=\"elementor-widget-container\">\n\t\t\t\t\t\t\t\t\tLa technologie de recompression m\u00e9canique de la vapeur (MVR) comprime la vapeur secondaire produite par un syst\u00e8me d'\u00e9vaporation \u00e0 l'aide d'un compresseur de vapeur. La vapeur comprim\u00e9e est ensuite renvoy\u00e9e dans le syst\u00e8me d'\u00e9vaporation pour maintenir le processus d'\u00e9vaporation. Pendant l'\u00e9vaporation, seule une petite quantit\u00e9 de vapeur est n\u00e9cessaire pour pr\u00e9chauffer le mat\u00e9riau, ce qui permet d'\u00e9conomiser plus de 60-80% de vapeur fra\u00eeche et plus de 90% d'eau de refroidissement par rapport aux \u00e9vaporateurs traditionnels. Le MVR est une technologie d'\u00e9conomie d'\u00e9nergie tr\u00e8s avanc\u00e9e pour l'\u00e9vaporation, qui permet de r\u00e9duire les co\u00fbts d'exploitation de 40 \u00e0 80% par rapport aux \u00e9vaporateurs traditionnels \u00e0 effets multiples.\t\t\t\t\t\t\t\t<\/div>\n\t\t\t\t<\/div>\n\t\t\t\t<\/div>\n\t\t\t\t\t<\/div>\n\t\t\t\t<\/div>\n\t\t<div class=\"elementor-element elementor-element-cd9c454 e-flex e-con-boxed e-con e-parent\" data-id=\"cd9c454\" data-element_type=\"container\" data-settings=\"{&quot;ekit_has_onepagescroll_dot&quot;:&quot;yes&quot;}\">\n\t\t\t\t\t<div class=\"e-con-inner\">\n\t\t<div class=\"elementor-element elementor-element-a5d305c e-con-full e-flex e-con e-child\" data-id=\"a5d305c\" data-element_type=\"container\" data-settings=\"{&quot;ekit_has_onepagescroll_dot&quot;:&quot;yes&quot;}\">\n\t\t\t\t<div class=\"elementor-element elementor-element-61a92b3 elementor-widget elementor-widget-text-editor\" data-id=\"61a92b3\" data-element_type=\"widget\" data-settings=\"{&quot;ekit_we_effect_on&quot;:&quot;none&quot;}\" data-widget_type=\"text-editor.default\">\n\t\t\t\t<div class=\"elementor-widget-container\">\n\t\t\t\t\t\t\t\t\tLa vapeur pr\u00e9c\u00e9demment rejet\u00e9e est maintenant enti\u00e8rement utilis\u00e9e dans l'\u00e9vaporateur MVR, ce qui permet de r\u00e9cup\u00e9rer sa chaleur latente de vaporisation et d'am\u00e9liorer l'efficacit\u00e9 thermique. En outre, l'utilisation de l'\u00e9nergie \u00e9lectrique au lieu de la vapeur permet de r\u00e9duire les co\u00fbts d'exploitation. Les \u00e9vaporateurs MVR peuvent effectuer une \u00e9vaporation \u00e0 basse temp\u00e9rature. Lors de la conception des \u00e9vaporateurs MVR, le choix du compresseur de vapeur appropri\u00e9 est crucial. Les principaux types de compresseurs de vapeur utilis\u00e9s dans les \u00e9vaporateurs MVR sont les compresseurs centrifuges et les compresseurs de vapeur Roots. Les compresseurs Roots conviennent aux petites charges d'\u00e9vaporation, tandis que les compresseurs centrifuges sont plus polyvalents, avec une \u00e9l\u00e9vation de temp\u00e9rature en un seul \u00e9tage pouvant atteindre 24\u00b0C.\t\t\t\t\t\t\t\t<\/div>\n\t\t\t\t<\/div>\n\t\t\t\t<\/div>\n\t\t<div class=\"elementor-element elementor-element-ee7d26e e-con-full e-flex e-con e-child\" data-id=\"ee7d26e\" data-element_type=\"container\" data-settings=\"{&quot;ekit_has_onepagescroll_dot&quot;:&quot;yes&quot;}\">\n\t\t\t\t<div class=\"elementor-element elementor-element-ad220b1 elementor-widget elementor-widget-image\" data-id=\"ad220b1\" data-element_type=\"widget\" data-settings=\"{&quot;ekit_we_effect_on&quot;:&quot;none&quot;}\" data-widget_type=\"image.default\">\n\t\t\t\t<div class=\"elementor-widget-container\">\n\t\t\t\t\t\t\t\t\t\t\t\t\t\t\t<img loading=\"lazy\" decoding=\"async\" width=\"800\" height=\"533\" src=\"https:\/\/landu-china.com\/wp-content\/uploads\/2024\/07\/aerial-view-of-modern-water-cleaning-facility-at-urban-wastewater-treatment-plant--1024x682.webp\" class=\"attachment-large size-large wp-image-3748\" alt=\"\" srcset=\"https:\/\/landu-china.com\/wp-content\/uploads\/2024\/07\/aerial-view-of-modern-water-cleaning-facility-at-urban-wastewater-treatment-plant--1024x682.webp 1024w, https:\/\/landu-china.com\/wp-content\/uploads\/2024\/07\/aerial-view-of-modern-water-cleaning-facility-at-urban-wastewater-treatment-plant--300x200.webp 300w, https:\/\/landu-china.com\/wp-content\/uploads\/2024\/07\/aerial-view-of-modern-water-cleaning-facility-at-urban-wastewater-treatment-plant--768x512.webp 768w, https:\/\/landu-china.com\/wp-content\/uploads\/2024\/07\/aerial-view-of-modern-water-cleaning-facility-at-urban-wastewater-treatment-plant--1536x1023.webp 1536w, https:\/\/landu-china.com\/wp-content\/uploads\/2024\/07\/aerial-view-of-modern-water-cleaning-facility-at-urban-wastewater-treatment-plant-.webp 1600w\" sizes=\"(max-width: 800px) 100vw, 800px\" \/>\t\t\t\t\t\t\t\t\t\t\t\t\t\t\t<\/div>\n\t\t\t\t<\/div>\n\t\t\t\t<\/div>\n\t\t\t\t\t<\/div>\n\t\t\t\t<\/div>\n\t\t\t\t<\/div>","protected":false},"excerpt":{"rendered":"<p>Produits \u00e0 faible empreinte environnementale document\u00e9e Nos produits ont une faible empreinte climatique et une performance environnementale sup\u00e9rieure dans la plupart des cat\u00e9gories. Notre approche strat\u00e9gique \"Nous collaborons \u00e9troitement avec nos clients et l'ensemble de la cha\u00eene de valeur pour promouvoir l'innovation durable. Notre engagement va au-del\u00e0 du simple respect des r\u00e9glementations environnementales ; nous visons \u00e0 surpasser ces normes et \u00e0 d\u00e9passer les attentes de nos clients [...]<\/p>","protected":false},"author":1,"featured_media":0,"parent":0,"menu_order":0,"comment_status":"closed","ping_status":"closed","template":"elementor_header_footer","meta":{"footnotes":""},"class_list":["post-3745","page","type-page","status-publish","hentry"],"_links":{"self":[{"href":"https:\/\/landu-china.com\/fr\/wp-json\/wp\/v2\/pages\/3745","targetHints":{"allow":["GET"]}}],"collection":[{"href":"https:\/\/landu-china.com\/fr\/wp-json\/wp\/v2\/pages"}],"about":[{"href":"https:\/\/landu-china.com\/fr\/wp-json\/wp\/v2\/types\/page"}],"author":[{"embeddable":true,"href":"https:\/\/landu-china.com\/fr\/wp-json\/wp\/v2\/users\/1"}],"replies":[{"embeddable":true,"href":"https:\/\/landu-china.com\/fr\/wp-json\/wp\/v2\/comments?post=3745"}],"version-history":[{"count":13,"href":"https:\/\/landu-china.com\/fr\/wp-json\/wp\/v2\/pages\/3745\/revisions"}],"predecessor-version":[{"id":3767,"href":"https:\/\/landu-china.com\/fr\/wp-json\/wp\/v2\/pages\/3745\/revisions\/3767"}],"wp:attachment":[{"href":"https:\/\/landu-china.com\/fr\/wp-json\/wp\/v2\/media?parent=3745"}],"curies":[{"name":"wp","href":"https:\/\/api.w.org\/{rel}","templated":true}]}}