{"id":8481,"date":"2024-10-10T10:20:30","date_gmt":"2024-10-10T02:20:30","guid":{"rendered":"https:\/\/landu-china.com\/?page_id=8481"},"modified":"2024-11-14T13:18:52","modified_gmt":"2024-11-14T05:18:52","slug":"proteiinikuori","status":"publish","type":"page","link":"https:\/\/landu-china.com\/fi\/markkinat\/elintarvike-ja-juomateollisuus\/proteiinikuori\/","title":{"rendered":"Proteiinikuori"},"content":{"rendered":"<div data-elementor-type=\"wp-page\" data-elementor-id=\"8481\" class=\"elementor elementor-8481\" data-elementor-post-type=\"page\">\n\t\t\t\t<div class=\"elementor-element elementor-element-f81d54a e-flex e-con-boxed e-con e-parent\" data-id=\"f81d54a\" data-element_type=\"container\" data-settings=\"{&quot;background_background&quot;:&quot;classic&quot;,&quot;ekit_has_onepagescroll_dot&quot;:&quot;yes&quot;}\">\n\t\t\t\t\t<div class=\"e-con-inner\">\n\t\t\t\t<div class=\"elementor-element elementor-element-b3a9adb elementor-widget__width-initial elementor-widget elementor-widget-heading\" data-id=\"b3a9adb\" data-element_type=\"widget\" data-settings=\"{&quot;ekit_we_effect_on&quot;:&quot;none&quot;}\" data-widget_type=\"heading.default\">\n\t\t\t\t<div class=\"elementor-widget-container\">\n\t\t\t\t\t<h1 class=\"elementor-heading-title elementor-size-default\">Proteiinikuori<\/h1>\t\t\t\t<\/div>\n\t\t\t\t<\/div>\n\t\t\t\t\t<\/div>\n\t\t\t\t<\/div>\n\t\t<div class=\"elementor-element elementor-element-7aae8e2 e-flex e-con-boxed e-con e-parent\" data-id=\"7aae8e2\" data-element_type=\"container\" data-settings=\"{&quot;ekit_has_onepagescroll_dot&quot;:&quot;yes&quot;}\">\n\t\t\t\t\t<div class=\"e-con-inner\">\n\t\t<div class=\"elementor-element elementor-element-9c25e25 e-con-full e-flex e-con e-child\" data-id=\"9c25e25\" data-element_type=\"container\" data-settings=\"{&quot;background_background&quot;:&quot;classic&quot;,&quot;ekit_has_onepagescroll_dot&quot;:&quot;yes&quot;}\">\n\t\t\t\t<div class=\"elementor-element elementor-element-bc543ba elementor-widget elementor-widget-text-editor\" data-id=\"bc543ba\" data-element_type=\"widget\" data-settings=\"{&quot;ekit_we_effect_on&quot;:&quot;none&quot;}\" data-widget_type=\"text-editor.default\">\n\t\t\t\t<div class=\"elementor-widget-container\">\n\t\t\t\t\t\t\t\t\t<p>Suojat ovat v\u00e4ltt\u00e4m\u00e4tt\u00f6mi\u00e4 makkaran valmistusprosessissa, sill\u00e4 ne toimivat paitsi k\u00e4sittelymuotteina ja s\u00e4ili\u00f6in\u00e4 my\u00f6s tuotteen suorituskyvyn n\u00e4ytt\u00e4m\u00f6n\u00e4. Suojat ovat suoraan kosketuksissa lihapohjaan, joten niiden on t\u00e4ytett\u00e4v\u00e4 tiukat vaatimukset elintarviketurvallisuuden ja k\u00e4sittelyn tehokkuuden varmistamiseksi.<\/p>\t\t\t\t\t\t\t\t<\/div>\n\t\t\t\t<\/div>\n\t\t\t\t<\/div>\n\t\t<div class=\"elementor-element elementor-element-2a0eef9 e-con-full e-flex e-con e-child\" data-id=\"2a0eef9\" data-element_type=\"container\" data-settings=\"{&quot;background_background&quot;:&quot;classic&quot;,&quot;ekit_has_onepagescroll_dot&quot;:&quot;yes&quot;}\">\n\t\t\t\t<div class=\"elementor-element elementor-element-b967b00 elementor-widget elementor-widget-spacer\" data-id=\"b967b00\" data-element_type=\"widget\" data-settings=\"{&quot;ekit_we_effect_on&quot;:&quot;none&quot;}\" data-widget_type=\"spacer.default\">\n\t\t\t\t<div class=\"elementor-widget-container\">\n\t\t\t\t\t\t\t<div class=\"elementor-spacer\">\n\t\t\t<div class=\"elementor-spacer-inner\"><\/div>\n\t\t<\/div>\n\t\t\t\t\t\t<\/div>\n\t\t\t\t<\/div>\n\t\t\t\t<\/div>\n\t\t\t\t\t<\/div>\n\t\t\t\t<\/div>\n\t\t<div class=\"elementor-element elementor-element-398f530a e-flex e-con-boxed e-con e-parent\" data-id=\"398f530a\" data-element_type=\"container\" data-settings=\"{&quot;background_background&quot;:&quot;classic&quot;,&quot;ekit_has_onepagescroll_dot&quot;:&quot;yes&quot;}\">\n\t\t\t\t\t<div class=\"e-con-inner\">\n\t\t<div class=\"elementor-element elementor-element-5beeff92 e-con-full e-flex e-con e-child\" data-id=\"5beeff92\" data-element_type=\"container\" data-settings=\"{&quot;ekit_has_onepagescroll_dot&quot;:&quot;yes&quot;}\">\n\t\t<div class=\"elementor-element elementor-element-24c76b61 e-flex e-con-boxed e-con e-child\" data-id=\"24c76b61\" data-element_type=\"container\" data-settings=\"{&quot;ekit_has_onepagescroll_dot&quot;:&quot;yes&quot;}\">\n\t\t\t\t\t<div class=\"e-con-inner\">\n\t\t\t\t<div class=\"elementor-element elementor-element-867c786 elementor-invisible elementor-widget elementor-widget-heading\" data-id=\"867c786\" data-element_type=\"widget\" data-settings=\"{&quot;_animation&quot;:&quot;fadeIn&quot;,&quot;ekit_we_effect_on&quot;:&quot;none&quot;}\" data-widget_type=\"heading.default\">\n\t\t\t\t<div class=\"elementor-widget-container\">\n\t\t\t\t\t<h2 class=\"elementor-heading-title elementor-size-default\">Suositeltavat tuotteet<\/h2>\t\t\t\t<\/div>\n\t\t\t\t<\/div>\n\t\t\t\t<div class=\"elementor-element elementor-element-c60b007 elementor-widget-divider--view-line elementor-invisible elementor-widget elementor-widget-divider\" data-id=\"c60b007\" data-element_type=\"widget\" data-settings=\"{&quot;_animation&quot;:&quot;fadeIn&quot;,&quot;_animation_delay&quot;:200,&quot;ekit_we_effect_on&quot;:&quot;none&quot;}\" data-widget_type=\"divider.default\">\n\t\t\t\t<div class=\"elementor-widget-container\">\n\t\t\t\t\t\t\t<div class=\"elementor-divider\">\n\t\t\t<span class=\"elementor-divider-separator\">\n\t\t\t\t\t\t<\/span>\n\t\t<\/div>\n\t\t\t\t\t\t<\/div>\n\t\t\t\t<\/div>\n\t\t\t\t<div class=\"elementor-element elementor-element-51e994e elementor-invisible elementor-widget elementor-widget-text-editor\" data-id=\"51e994e\" data-element_type=\"widget\" data-settings=\"{&quot;_animation&quot;:&quot;fadeIn&quot;,&quot;_animation_delay&quot;:400,&quot;ekit_we_effect_on&quot;:&quot;none&quot;}\" data-widget_type=\"text-editor.default\">\n\t\t\t\t<div class=\"elementor-widget-container\">\n\t\t\t\t\t\t\t\t\t<p>LANDU tarjoaa erilaisia farmaseuttisia lis\u00e4aineita, kuten selluloosaeettereit\u00e4, dekstriini\u00e4, esigelatinoitua t\u00e4rkkelyst\u00e4 ja enterop\u00e4\u00e4llystejauhetta. Teemme tiivist\u00e4 yhteisty\u00f6t\u00e4 asiakkaiden kanssa innovatiivisten ratkaisujen tarjoamiseksi. Ota yhteytt\u00e4 meihin saadaksesi lis\u00e4tietoja tuotteista.<\/p>\t\t\t\t\t\t\t\t<\/div>\n\t\t\t\t<\/div>\n\t\t\t\t\t<\/div>\n\t\t\t\t<\/div>\n\t\t\t\t<\/div>\n\t\t\t\t\t<\/div>\n\t\t\t\t<\/div>\n\t\t<div class=\"elementor-element elementor-element-285f669 e-flex e-con-boxed e-con e-parent\" data-id=\"285f669\" data-element_type=\"container\" data-settings=\"{&quot;ekit_has_onepagescroll_dot&quot;:&quot;yes&quot;}\">\n\t\t\t\t\t<div class=\"e-con-inner\">\n\t\t<div class=\"elementor-element elementor-element-ce19177 e-con-full e-flex e-con e-child\" data-id=\"ce19177\" data-element_type=\"container\" data-settings=\"{&quot;background_background&quot;:&quot;classic&quot;,&quot;ekit_has_onepagescroll_dot&quot;:&quot;yes&quot;}\">\n\t\t\t\t<div class=\"elementor-element elementor-element-681bbf1 elementor-widget elementor-widget-spacer\" data-id=\"681bbf1\" data-element_type=\"widget\" data-settings=\"{&quot;ekit_we_effect_on&quot;:&quot;none&quot;}\" data-widget_type=\"spacer.default\">\n\t\t\t\t<div class=\"elementor-widget-container\">\n\t\t\t\t\t\t\t<div class=\"elementor-spacer\">\n\t\t\t<div class=\"elementor-spacer-inner\"><\/div>\n\t\t<\/div>\n\t\t\t\t\t\t<\/div>\n\t\t\t\t<\/div>\n\t\t\t\t<\/div>\n\t\t<div class=\"elementor-element elementor-element-7669e9a e-con-full e-flex e-con e-child\" data-id=\"7669e9a\" data-element_type=\"container\" data-settings=\"{&quot;ekit_has_onepagescroll_dot&quot;:&quot;yes&quot;}\">\n\t\t\t\t<div class=\"elementor-element elementor-element-19ba097e ekit-equal-height-disable elementor-widget elementor-widget-elementskit-icon-box\" data-id=\"19ba097e\" data-element_type=\"widget\" data-settings=\"{&quot;ekit_we_effect_on&quot;:&quot;none&quot;}\" data-widget_type=\"elementskit-icon-box.default\">\n\t\t\t\t<div class=\"elementor-widget-container\">\n\t\t\t\t\t<div class=\"ekit-wid-con\" >        <!-- link opening -->\n                <!-- end link opening -->\n\n        <div class=\"elementskit-infobox text-center text- icon-lef-right-aligin elementor-animation-float\">\n                        <div class=\"box-body\">\n                            <h3 class=\"elementskit-info-box-title\">\n                    Hydroksipropyylimetyyliselluloosa\uff08HPMC\uff09                <\/h3>\n                        \t\t  \t<p>HPMC on monipuolinen polymeeri, jota k\u00e4ytet\u00e4\u00e4n sen sakeuttamis- ja vedenpid\u00e4tysominaisuuksien vuoksi elintarvikkeissa, kuten hilloissa.<\/p>\n                                        <div class=\"box-footer disable_hover_button\">\n                    <div class=\"btn-wraper\">\n                                                            <a class=\"elementskit-btn whitespace--normal elementor-animation-float\" href=\"#elementor-action%3Aaction%3Dpopup%3Aopen%26settings%3DeyJpZCI6IjE1MTkiLCJ0b2dnbGUiOmZhbHNlfQ%3D%3D\" target=\"_blank\">\n                                        Lue lis\u00e4\u00e4                                         <i aria-hidden=\"true\" class=\"icon icon-arrow-right\"><\/i>                                    <\/a>\n                                                        <\/div>\n                <\/div>\n                    <\/div>\n        \n        \n                <\/div>\n        <\/div>\t\t\t\t<\/div>\n\t\t\t\t<\/div>\n\t\t\t\t<\/div>\n\t\t\t\t\t<\/div>\n\t\t\t\t<\/div>\n\t\t<div class=\"elementor-element elementor-element-c2166ae e-flex e-con-boxed e-con e-parent\" data-id=\"c2166ae\" data-element_type=\"container\" data-settings=\"{&quot;ekit_has_onepagescroll_dot&quot;:&quot;yes&quot;}\">\n\t\t\t\t\t<div class=\"e-con-inner\">\n\t\t<div class=\"elementor-element elementor-element-24507f7 e-con-full e-flex e-con e-child\" data-id=\"24507f7\" data-element_type=\"container\" data-settings=\"{&quot;background_background&quot;:&quot;classic&quot;,&quot;ekit_has_onepagescroll_dot&quot;:&quot;yes&quot;}\">\n\t\t\t\t<div class=\"elementor-element elementor-element-39417f6 elementor-widget elementor-widget-spacer\" data-id=\"39417f6\" data-element_type=\"widget\" data-settings=\"{&quot;ekit_we_effect_on&quot;:&quot;none&quot;}\" data-widget_type=\"spacer.default\">\n\t\t\t\t<div class=\"elementor-widget-container\">\n\t\t\t\t\t\t\t<div class=\"elementor-spacer\">\n\t\t\t<div class=\"elementor-spacer-inner\"><\/div>\n\t\t<\/div>\n\t\t\t\t\t\t<\/div>\n\t\t\t\t<\/div>\n\t\t\t\t<\/div>\n\t\t<div class=\"elementor-element elementor-element-5bb0a57 e-con-full e-flex e-con e-child\" data-id=\"5bb0a57\" data-element_type=\"container\" data-settings=\"{&quot;ekit_has_onepagescroll_dot&quot;:&quot;yes&quot;}\">\n\t\t\t\t<div class=\"elementor-element elementor-element-e059aea ekit-equal-height-disable elementor-widget elementor-widget-elementskit-icon-box\" data-id=\"e059aea\" data-element_type=\"widget\" data-settings=\"{&quot;ekit_we_effect_on&quot;:&quot;none&quot;}\" data-widget_type=\"elementskit-icon-box.default\">\n\t\t\t\t<div class=\"elementor-widget-container\">\n\t\t\t\t\t<div class=\"ekit-wid-con\" >        <!-- link opening -->\n                <!-- end link opening -->\n\n        <div class=\"elementskit-infobox text-center text- icon-lef-right-aligin elementor-animation-float\">\n                        <div class=\"box-body\">\n                            <h3 class=\"elementskit-info-box-title\">\n                    Metyyliselluloosa \uff08MC\uff09                <\/h3>\n                        \t\t  \t<p>MC on hajuton, valkoinen jauhe, joka dispergoituu kuumaan veteen ja liukenee j\u00e4\u00e4htyess\u00e4\u00e4n. Se soveltuu erinomaisesti tarttuvuuteen, sakeuttamiseen ja kalvonmuodostukseen, mink\u00e4 vuoksi se on hy\u00f6dyllinen elintarvikkeissa, kuten hilloissa ja kastikkeissa.<\/p>\n                                        <div class=\"box-footer disable_hover_button\">\n                    <div class=\"btn-wraper\">\n                                                            <a class=\"elementskit-btn whitespace--normal elementor-animation-float\" href=\"https:\/\/landu-china.com\/fi\/tuotteet\/elintarvikelisaaineet\/elintarvikelaatuinen-metyyliselluloosa-mc\/\" target=\"_blank\">\n                                        Lue lis\u00e4\u00e4                                         <i aria-hidden=\"true\" class=\"icon icon-arrow-right\"><\/i>                                    <\/a>\n                                                        <\/div>\n                <\/div>\n                    <\/div>\n        \n        \n                <\/div>\n        <\/div>\t\t\t\t<\/div>\n\t\t\t\t<\/div>\n\t\t\t\t<\/div>\n\t\t\t\t\t<\/div>\n\t\t\t\t<\/div>\n\t\t<div class=\"elementor-element elementor-element-3e628ec e-flex e-con-boxed e-con e-parent\" data-id=\"3e628ec\" data-element_type=\"container\" data-settings=\"{&quot;ekit_has_onepagescroll_dot&quot;:&quot;yes&quot;}\">\n\t\t\t\t\t<div class=\"e-con-inner\">\n\t\t<div class=\"elementor-element elementor-element-c300169 e-con-full e-flex e-con e-child\" data-id=\"c300169\" data-element_type=\"container\" data-settings=\"{&quot;background_background&quot;:&quot;classic&quot;,&quot;ekit_has_onepagescroll_dot&quot;:&quot;yes&quot;}\">\n\t\t\t\t<div class=\"elementor-element elementor-element-1a8fa7c elementor-widget elementor-widget-spacer\" data-id=\"1a8fa7c\" data-element_type=\"widget\" data-settings=\"{&quot;ekit_we_effect_on&quot;:&quot;none&quot;}\" data-widget_type=\"spacer.default\">\n\t\t\t\t<div class=\"elementor-widget-container\">\n\t\t\t\t\t\t\t<div class=\"elementor-spacer\">\n\t\t\t<div class=\"elementor-spacer-inner\"><\/div>\n\t\t<\/div>\n\t\t\t\t\t\t<\/div>\n\t\t\t\t<\/div>\n\t\t\t\t<\/div>\n\t\t<div class=\"elementor-element elementor-element-ce52242 e-con-full e-flex e-con e-child\" data-id=\"ce52242\" data-element_type=\"container\" data-settings=\"{&quot;ekit_has_onepagescroll_dot&quot;:&quot;yes&quot;}\">\n\t\t\t\t<div class=\"elementor-element elementor-element-8bd03fb ekit-equal-height-disable elementor-widget elementor-widget-elementskit-icon-box\" data-id=\"8bd03fb\" data-element_type=\"widget\" data-settings=\"{&quot;ekit_we_effect_on&quot;:&quot;none&quot;}\" data-widget_type=\"elementskit-icon-box.default\">\n\t\t\t\t<div class=\"elementor-widget-container\">\n\t\t\t\t\t<div class=\"ekit-wid-con\" >        <!-- link opening -->\n                <!-- end link opening -->\n\n        <div class=\"elementskit-infobox text-center text- icon-lef-right-aligin elementor-animation-float\">\n                        <div class=\"box-body\">\n                            <h3 class=\"elementskit-info-box-title\">\n                    Hydroksipropyylit\u00e4rkkelys eetteri (HPS)                <\/h3>\n                        \t\t  \t<p>HPS on modifioitu kasvipohjainen jauhe, jolla on erinomainen liukoisuus ja stabiilisuus. Sill\u00e4 on alhaisempi hyytel\u00f6itymisl\u00e4mp\u00f6tila, parannettu viskositeetti, j\u00e4\u00e4dytys-sulatusvakaus ja l\u00e4pin\u00e4kyvyys.<\/p>\n                                        <div class=\"box-footer disable_hover_button\">\n                    <div class=\"btn-wraper\">\n                                                            <a class=\"elementskit-btn whitespace--normal elementor-animation-float\" href=\"https:\/\/landu-china.com\/fi\/hydroksipropyylitarkkelys-eetterin-valmistaja-hps\/\" target=\"_blank\">\n                                        Lue lis\u00e4\u00e4                                         <i aria-hidden=\"true\" class=\"icon icon-arrow-right\"><\/i>                                    <\/a>\n                                                        <\/div>\n                <\/div>\n                    <\/div>\n        \n        \n                <\/div>\n        <\/div>\t\t\t\t<\/div>\n\t\t\t\t<\/div>\n\t\t\t\t<\/div>\n\t\t\t\t\t<\/div>\n\t\t\t\t<\/div>\n\t\t<div class=\"elementor-element elementor-element-81591d0 e-flex e-con-boxed e-con e-parent\" data-id=\"81591d0\" data-element_type=\"container\" data-settings=\"{&quot;ekit_has_onepagescroll_dot&quot;:&quot;yes&quot;}\">\n\t\t\t\t\t<div class=\"e-con-inner\">\n\t\t<div class=\"elementor-element elementor-element-24d6db1 e-con-full e-flex e-con e-child\" data-id=\"24d6db1\" data-element_type=\"container\" data-settings=\"{&quot;background_background&quot;:&quot;classic&quot;,&quot;ekit_has_onepagescroll_dot&quot;:&quot;yes&quot;}\">\n\t\t\t\t<div class=\"elementor-element elementor-element-758bc9a elementor-widget elementor-widget-spacer\" data-id=\"758bc9a\" data-element_type=\"widget\" data-settings=\"{&quot;ekit_we_effect_on&quot;:&quot;none&quot;}\" data-widget_type=\"spacer.default\">\n\t\t\t\t<div class=\"elementor-widget-container\">\n\t\t\t\t\t\t\t<div class=\"elementor-spacer\">\n\t\t\t<div class=\"elementor-spacer-inner\"><\/div>\n\t\t<\/div>\n\t\t\t\t\t\t<\/div>\n\t\t\t\t<\/div>\n\t\t\t\t<\/div>\n\t\t<div class=\"elementor-element elementor-element-5ce99a1 e-con-full e-flex e-con e-child\" data-id=\"5ce99a1\" data-element_type=\"container\" data-settings=\"{&quot;ekit_has_onepagescroll_dot&quot;:&quot;yes&quot;}\">\n\t\t\t\t<div class=\"elementor-element elementor-element-47f7771 ekit-equal-height-disable elementor-widget elementor-widget-elementskit-icon-box\" data-id=\"47f7771\" data-element_type=\"widget\" data-settings=\"{&quot;ekit_we_effect_on&quot;:&quot;none&quot;}\" data-widget_type=\"elementskit-icon-box.default\">\n\t\t\t\t<div class=\"elementor-widget-container\">\n\t\t\t\t\t<div class=\"ekit-wid-con\" >        <!-- link opening -->\n                <!-- end link opening -->\n\n        <div class=\"elementskit-infobox text-center text- icon-lef-right-aligin elementor-animation-float\">\n                        <div class=\"box-body\">\n                            <h3 class=\"elementskit-info-box-title\">\n                    Natriumkarboksimetyyliselluloosa\uff08CMC\uff09                <\/h3>\n                        \t\t  \t<p>CMC on vesiliukoinen natriumsuola karboksimetyyliselluloosaeetterist\u00e4. Se on anioninen selluloosaeetteri, tyypillisesti valkoinen tai luonnonvalkoinen kuitumainen jauhe tai rakeet, hajuton, mauton ja kosteutta imev\u00e4.<\/p>\n                                        <div class=\"box-footer disable_hover_button\">\n                    <div class=\"btn-wraper\">\n                                                            <a class=\"elementskit-btn whitespace--normal elementor-animation-float\" href=\"https:\/\/landu-china.com\/fi\/karboksimetyyliselluloosan-valmistaja-cmc\/\" target=\"_blank\">\n                                        Lue lis\u00e4\u00e4                                         <i aria-hidden=\"true\" class=\"icon icon-arrow-right\"><\/i>                                    <\/a>\n                                                        <\/div>\n                <\/div>\n                    <\/div>\n        \n        \n                <\/div>\n        <\/div>\t\t\t\t<\/div>\n\t\t\t\t<\/div>\n\t\t\t\t<\/div>\n\t\t\t\t\t<\/div>\n\t\t\t\t<\/div>\n\t\t\t\t<\/div>","protected":false},"excerpt":{"rendered":"<p>Proteiinikuoret Kuoret ovat v\u00e4ltt\u00e4m\u00e4tt\u00f6mi\u00e4 makkaran tuotantoprosessissa, sill\u00e4 ne toimivat paitsi k\u00e4sittelymuotteina ja -s\u00e4ili\u00f6in\u00e4 my\u00f6s tuotteen suorituskyvyn n\u00e4ytt\u00e4misess\u00e4. Suojat ovat suoraan kosketuksissa lihapohjaan, joten niiden on t\u00e4ytett\u00e4v\u00e4 tiukat vaatimukset elintarviketurvallisuuden ja k\u00e4sittelyn tehokkuuden varmistamiseksi. Tuotteet [...]<\/p>","protected":false},"author":1,"featured_media":0,"parent":7753,"menu_order":0,"comment_status":"closed","ping_status":"closed","template":"elementor_header_footer","meta":{"footnotes":""},"class_list":["post-8481","page","type-page","status-publish","hentry"],"_links":{"self":[{"href":"https:\/\/landu-china.com\/fi\/wp-json\/wp\/v2\/pages\/8481","targetHints":{"allow":["GET"]}}],"collection":[{"href":"https:\/\/landu-china.com\/fi\/wp-json\/wp\/v2\/pages"}],"about":[{"href":"https:\/\/landu-china.com\/fi\/wp-json\/wp\/v2\/types\/page"}],"author":[{"embeddable":true,"href":"https:\/\/landu-china.com\/fi\/wp-json\/wp\/v2\/users\/1"}],"replies":[{"embeddable":true,"href":"https:\/\/landu-china.com\/fi\/wp-json\/wp\/v2\/comments?post=8481"}],"version-history":[{"count":25,"href":"https:\/\/landu-china.com\/fi\/wp-json\/wp\/v2\/pages\/8481\/revisions"}],"predecessor-version":[{"id":19357,"href":"https:\/\/landu-china.com\/fi\/wp-json\/wp\/v2\/pages\/8481\/revisions\/19357"}],"up":[{"embeddable":true,"href":"https:\/\/landu-china.com\/fi\/wp-json\/wp\/v2\/pages\/7753"}],"wp:attachment":[{"href":"https:\/\/landu-china.com\/fi\/wp-json\/wp\/v2\/media?parent=8481"}],"curies":[{"name":"wp","href":"https:\/\/api.w.org\/{rel}","templated":true}]}}