{"id":410,"date":"2024-06-18T13:35:02","date_gmt":"2024-06-18T05:35:02","guid":{"rendered":"https:\/\/landu-china.com\/?page_id=410"},"modified":"2025-08-04T13:31:37","modified_gmt":"2025-08-04T05:31:37","slug":"sopimusvalmistuspalvelut","status":"publish","type":"page","link":"https:\/\/landu-china.com\/fi\/sopimusvalmistuspalvelut\/","title":{"rendered":"Sopimusvalmistuspalvelut"},"content":{"rendered":"<div data-elementor-type=\"wp-page\" data-elementor-id=\"410\" class=\"elementor elementor-410\" data-elementor-post-type=\"page\">\n\t\t\t\t<div class=\"elementor-element elementor-element-f81d54a e-flex e-con-boxed e-con e-parent\" data-id=\"f81d54a\" data-element_type=\"container\" data-settings=\"{&quot;background_background&quot;:&quot;classic&quot;,&quot;ekit_has_onepagescroll_dot&quot;:&quot;yes&quot;}\">\n\t\t\t\t\t<div class=\"e-con-inner\">\n\t\t\t\t<div class=\"elementor-element elementor-element-b3a9adb elementor-widget__width-initial elementor-widget elementor-widget-heading\" data-id=\"b3a9adb\" data-element_type=\"widget\" data-settings=\"{&quot;ekit_we_effect_on&quot;:&quot;none&quot;}\" data-widget_type=\"heading.default\">\n\t\t\t\t<div class=\"elementor-widget-container\">\n\t\t\t\t\t<h2 class=\"elementor-heading-title elementor-size-default\">Sopimusvalmistuspalvelut<\/h2>\t\t\t\t<\/div>\n\t\t\t\t<\/div>\n\t\t\t\t<div class=\"elementor-element elementor-element-28586f2 elementor-widget__width-initial elementor-widget elementor-widget-text-editor\" data-id=\"28586f2\" data-element_type=\"widget\" data-settings=\"{&quot;ekit_we_effect_on&quot;:&quot;none&quot;}\" data-widget_type=\"text-editor.default\">\n\t\t\t\t<div class=\"elementor-widget-container\">\n\t\t\t\t\t\t\t\t\t<p>LANDU on maailmanlaajuisesti tunnustettu johtaja selluloosateknologiapalvelujen alalla, joka on erikoistunut maailmanlaajuisiin teknisiin ratkaisuihin.<\/p>\t\t\t\t\t\t\t\t<\/div>\n\t\t\t\t<\/div>\n\t\t\t\t\t<\/div>\n\t\t\t\t<\/div>\n\t\t<div class=\"elementor-element elementor-element-290387c e-flex e-con-boxed e-con e-parent\" data-id=\"290387c\" data-element_type=\"container\" data-settings=\"{&quot;ekit_has_onepagescroll_dot&quot;:&quot;yes&quot;}\">\n\t\t\t\t\t<div class=\"e-con-inner\">\n\t\t\t\t<div class=\"elementor-element elementor-element-3fb3201 elementor-widget elementor-widget-heading\" data-id=\"3fb3201\" data-element_type=\"widget\" data-settings=\"{&quot;ekit_we_effect_on&quot;:&quot;none&quot;}\" data-widget_type=\"heading.default\">\n\t\t\t\t<div class=\"elementor-widget-container\">\n\t\t\t\t\t<h2 class=\"elementor-heading-title elementor-size-default\">Ravintolisien optimoidut sopimusvalmistuspalvelut<\/h2>\t\t\t\t<\/div>\n\t\t\t\t<\/div>\n\t\t\t\t<div class=\"elementor-element elementor-element-9416f12 elementor-widget elementor-widget-image\" data-id=\"9416f12\" data-element_type=\"widget\" data-settings=\"{&quot;ekit_we_effect_on&quot;:&quot;none&quot;}\" data-widget_type=\"image.default\">\n\t\t\t\t<div class=\"elementor-widget-container\">\n\t\t\t\t\t\t\t\t\t\t\t\t\t\t\t<img decoding=\"async\" width=\"55\" height=\"9\" src=\"https:\/\/landu-china.com\/wp-content\/uploads\/2024\/06\/\u8d44\u6e90-1.png\" class=\"attachment-large size-large wp-image-87\" alt=\"\" \/>\t\t\t\t\t\t\t\t\t\t\t\t\t\t\t<\/div>\n\t\t\t\t<\/div>\n\t\t\t\t<div class=\"elementor-element elementor-element-6606622 elementor-widget elementor-widget-text-editor\" data-id=\"6606622\" data-element_type=\"widget\" data-settings=\"{&quot;ekit_we_effect_on&quot;:&quot;none&quot;}\" data-widget_type=\"text-editor.default\">\n\t\t\t\t<div class=\"elementor-widget-container\">\n\t\t\t\t\t\t\t\t\t<p>Etsitk\u00f6 valmistuskumppania seuraavalle innovaatiollesi? Teknisten palveluiden tiimimme on valmis auttamaan sinua, olipa tarkoituksesi sitten lanseerata uusi jauhemainen tuote tai jalostaa olemassa olevaa tuotetta. Tuotantovalmiuksiemme ansiosta tarjoamme ainutlaatuisen yhden luukun ratkaisun avaimet k\u00e4teen -periaatteella tapahtuvaan formuloiden k\u00e4sittelyyn.<\/p>\t\t\t\t\t\t\t\t<\/div>\n\t\t\t\t<\/div>\n\t\t\t\t\t<\/div>\n\t\t\t\t<\/div>\n\t\t<div class=\"elementor-element elementor-element-3aee58d e-flex e-con-boxed e-con e-parent\" data-id=\"3aee58d\" data-element_type=\"container\" data-settings=\"{&quot;ekit_has_onepagescroll_dot&quot;:&quot;yes&quot;}\">\n\t\t\t\t\t<div class=\"e-con-inner\">\n\t\t<div class=\"elementor-element elementor-element-7577986 e-con-full e-flex e-con e-child\" data-id=\"7577986\" data-element_type=\"container\" data-settings=\"{&quot;ekit_has_onepagescroll_dot&quot;:&quot;yes&quot;}\">\n\t\t\t\t<div class=\"elementor-element elementor-element-abe0950 elementor-widget elementor-widget-heading\" data-id=\"abe0950\" data-element_type=\"widget\" data-settings=\"{&quot;ekit_we_effect_on&quot;:&quot;none&quot;}\" data-widget_type=\"heading.default\">\n\t\t\t\t<div class=\"elementor-widget-container\">\n\t\t\t\t\t<h2 class=\"elementor-heading-title elementor-size-default\">Pakkaus<\/h2>\t\t\t\t<\/div>\n\t\t\t\t<\/div>\n\t\t\t\t<div class=\"elementor-element elementor-element-f694b81 elementor-widget__width-initial elementor-widget-divider--view-line elementor-widget elementor-widget-divider\" data-id=\"f694b81\" data-element_type=\"widget\" data-settings=\"{&quot;ekit_we_effect_on&quot;:&quot;none&quot;}\" data-widget_type=\"divider.default\">\n\t\t\t\t<div class=\"elementor-widget-container\">\n\t\t\t\t\t\t\t<div class=\"elementor-divider\">\n\t\t\t<span class=\"elementor-divider-separator\">\n\t\t\t\t\t\t<\/span>\n\t\t<\/div>\n\t\t\t\t\t\t<\/div>\n\t\t\t\t<\/div>\n\t\t\t\t<div class=\"elementor-element elementor-element-31d31e2 elementor-widget elementor-widget-text-editor\" data-id=\"31d31e2\" data-element_type=\"widget\" data-settings=\"{&quot;ekit_we_effect_on&quot;:&quot;none&quot;}\" data-widget_type=\"text-editor.default\">\n\t\t\t\t<div class=\"elementor-widget-container\">\n\t\t\t\t\t\t\t\t\t<p>Tutustu kattavaan valikoimaan pakkausratkaisuja, jotka on suunniteltu huolellisesti jauhemaisten tuotteiden tarpeisiin. Tarjolla on tarrapakkausten huippuluokan k\u00e4tevyydest\u00e4 aina kansipurkkien klassiseen toiminnallisuuteen, jossa on kauhat tarkkoja mittauksia varten, ja meill\u00e4 on tarpeisiisi r\u00e4\u00e4t\u00e4l\u00f6ityj\u00e4 vaihtoehtoja.<br \/>Suoraan suuhun annosteltavat jauhej\u00e4rjestelm\u00e4mme tarjoavat vertaansa vailla olevaa mukavuutta, kun taas tukevat j\u00e4yk\u00e4t kanisterit takaavat kest\u00e4vyyden ja tuotteen eheyden.<br \/>Riippumatta siit\u00e4, millaisia pakkaustarpeita tai tuotespesifikaatioita sinulla on, tarjoamme monipuolisen valikoiman, joka vastaa tarpeitasi ja ylitt\u00e4\u00e4 odotuksesi.<\/p>\t\t\t\t\t\t\t\t<\/div>\n\t\t\t\t<\/div>\n\t\t\t\t<\/div>\n\t\t<div class=\"elementor-element elementor-element-f3cd1ae e-con-full e-flex e-con e-child\" data-id=\"f3cd1ae\" data-element_type=\"container\" data-settings=\"{&quot;background_background&quot;:&quot;classic&quot;,&quot;ekit_has_onepagescroll_dot&quot;:&quot;yes&quot;}\">\n\t\t\t\t<\/div>\n\t\t\t\t\t<\/div>\n\t\t\t\t<\/div>\n\t\t<div class=\"elementor-element elementor-element-9433bd2 e-flex e-con-boxed e-con e-parent\" data-id=\"9433bd2\" data-element_type=\"container\" data-settings=\"{&quot;background_background&quot;:&quot;classic&quot;,&quot;ekit_has_onepagescroll_dot&quot;:&quot;yes&quot;}\">\n\t\t\t\t\t<div class=\"e-con-inner\">\n\t\t<div class=\"elementor-element elementor-element-e3cad86 e-con-full e-flex e-con e-child\" data-id=\"e3cad86\" data-element_type=\"container\" data-settings=\"{&quot;background_background&quot;:&quot;classic&quot;,&quot;ekit_has_onepagescroll_dot&quot;:&quot;yes&quot;}\">\n\t\t\t\t<\/div>\n\t\t<div class=\"elementor-element elementor-element-0e3acea e-con-full e-flex e-con e-child\" data-id=\"0e3acea\" data-element_type=\"container\" data-settings=\"{&quot;ekit_has_onepagescroll_dot&quot;:&quot;yes&quot;}\">\n\t\t\t\t<div class=\"elementor-element elementor-element-abbe6e6 elementor-widget elementor-widget-heading\" data-id=\"abbe6e6\" data-element_type=\"widget\" data-settings=\"{&quot;ekit_we_effect_on&quot;:&quot;none&quot;}\" data-widget_type=\"heading.default\">\n\t\t\t\t<div class=\"elementor-widget-container\">\n\t\t\t\t\t<h2 class=\"elementor-heading-title elementor-size-default\">Laatu &amp; sertifioinnit<\/h2>\t\t\t\t<\/div>\n\t\t\t\t<\/div>\n\t\t\t\t<div class=\"elementor-element elementor-element-0f46435 elementor-widget__width-initial elementor-widget-divider--view-line elementor-widget elementor-widget-divider\" data-id=\"0f46435\" data-element_type=\"widget\" data-settings=\"{&quot;ekit_we_effect_on&quot;:&quot;none&quot;}\" data-widget_type=\"divider.default\">\n\t\t\t\t<div class=\"elementor-widget-container\">\n\t\t\t\t\t\t\t<div class=\"elementor-divider\">\n\t\t\t<span class=\"elementor-divider-separator\">\n\t\t\t\t\t\t<\/span>\n\t\t<\/div>\n\t\t\t\t\t\t<\/div>\n\t\t\t\t<\/div>\n\t\t\t\t<div class=\"elementor-element elementor-element-da0384f elementor-widget elementor-widget-text-editor\" data-id=\"da0384f\" data-element_type=\"widget\" data-settings=\"{&quot;ekit_we_effect_on&quot;:&quot;none&quot;}\" data-widget_type=\"text-editor.default\">\n\t\t\t\t<div class=\"elementor-widget-container\">\n\t\t\t\t\t\t\t\t\t<p>Me noudatamme tiukkoja standardeja, ja tied\u00e4mme, ett\u00e4 sin\u00e4kin noudatat niit\u00e4. Siksi laatu ja turvallisuus ovat meille ensiarvoisen t\u00e4rkeit\u00e4. Olemme sitoutuneet toimittamaan tarvitsemasi laadunvarmistuksen ja sertifikaatit aina ainesosien huolellisesta m\u00e4\u00e4rittelyst\u00e4 valmistusprosessin jokaisen vaiheen valvontaan.<\/p><p>T\u00e4ss\u00e4 on osittainen luettelo monille tuotteillemme saatavilla olevista sertifikaateista:<br \/>-<strong>\u00a0ISO<\/strong>\u00a0Sertifiointi<br \/>-\u00a0<strong>REACH<\/strong>\u00a0Vaatimustenmukaisuus<\/p><p>Huomaa, ett\u00e4 kaikki tuotteet eiv\u00e4t t\u00e4yt\u00e4 kaikkia edell\u00e4 lueteltuja sertifiointeja. Lis\u00e4tietoja saat LANDU:n myyntiedustajalta.<\/p>\t\t\t\t\t\t\t\t<\/div>\n\t\t\t\t<\/div>\n\t\t\t\t<\/div>\n\t\t\t\t\t<\/div>\n\t\t\t\t<\/div>\n\t\t<div class=\"elementor-element elementor-element-20d5277 e-flex e-con-boxed e-con e-parent\" data-id=\"20d5277\" data-element_type=\"container\" data-settings=\"{&quot;ekit_has_onepagescroll_dot&quot;:&quot;yes&quot;}\">\n\t\t\t\t\t<div class=\"e-con-inner\">\n\t\t<div class=\"elementor-element elementor-element-5dbae40 e-con-full e-flex e-con e-child\" data-id=\"5dbae40\" data-element_type=\"container\" data-settings=\"{&quot;ekit_has_onepagescroll_dot&quot;:&quot;yes&quot;}\">\n\t\t\t\t<div class=\"elementor-element elementor-element-a62a8bb elementor-widget elementor-widget-heading\" data-id=\"a62a8bb\" data-element_type=\"widget\" data-settings=\"{&quot;ekit_we_effect_on&quot;:&quot;none&quot;}\" data-widget_type=\"heading.default\">\n\t\t\t\t<div class=\"elementor-widget-container\">\n\t\t\t\t\t<h2 class=\"elementor-heading-title elementor-size-default\">Poikkeuksellinen palvelu<\/h2>\t\t\t\t<\/div>\n\t\t\t\t<\/div>\n\t\t\t\t<div class=\"elementor-element elementor-element-2f58cba elementor-widget__width-initial elementor-widget-divider--view-line elementor-widget elementor-widget-divider\" data-id=\"2f58cba\" data-element_type=\"widget\" data-settings=\"{&quot;ekit_we_effect_on&quot;:&quot;none&quot;}\" data-widget_type=\"divider.default\">\n\t\t\t\t<div class=\"elementor-widget-container\">\n\t\t\t\t\t\t\t<div class=\"elementor-divider\">\n\t\t\t<span class=\"elementor-divider-separator\">\n\t\t\t\t\t\t<\/span>\n\t\t<\/div>\n\t\t\t\t\t\t<\/div>\n\t\t\t\t<\/div>\n\t\t\t\t<div class=\"elementor-element elementor-element-1765993 elementor-widget elementor-widget-text-editor\" data-id=\"1765993\" data-element_type=\"widget\" data-settings=\"{&quot;ekit_we_effect_on&quot;:&quot;none&quot;}\" data-widget_type=\"text-editor.default\">\n\t\t\t\t<div class=\"elementor-widget-container\">\n\t\t\t\t\t\t\t\t\t<p>LANDU toimii kattavana yhden luukun ratkaisuna, joka tarjoaa saumattoman integraation palveluista, jotka kattavat perusteellisen tutkimuksen ja kehitt\u00e4misen, erikoisainesosien hankinnan, valmistuksen, k\u00e4sittelyn ja tuotannon. N\u00e4iden integroitujen valmiuksien ansiosta teemme tiivist\u00e4 yhteisty\u00f6t\u00e4 kanssasi ensimm\u00e4isist\u00e4 penkkikokeista t\u00e4ysimittaiseen tuotantoon. Olipa kyse sitten r\u00e4\u00e4t\u00e4l\u00f6ityjen koostumusten laatimisesta, tuotteen suorituskyvyn parantamisesta tai makuprofiilien viimeistelyst\u00e4, yhteisty\u00f6h\u00f6n perustuva l\u00e4hestymistapamme takaa, ett\u00e4 vastaamme tarpeisiisi tehokkaasti ja tuloksellisesti.<\/p>\t\t\t\t\t\t\t\t<\/div>\n\t\t\t\t<\/div>\n\t\t\t\t<\/div>\n\t\t<div class=\"elementor-element elementor-element-02899a7 e-con-full e-flex e-con e-child\" data-id=\"02899a7\" data-element_type=\"container\" data-settings=\"{&quot;background_background&quot;:&quot;classic&quot;,&quot;ekit_has_onepagescroll_dot&quot;:&quot;yes&quot;}\">\n\t\t\t\t<div class=\"elementor-element elementor-element-690eb3d elementor-widget elementor-widget-spacer\" data-id=\"690eb3d\" data-element_type=\"widget\" data-settings=\"{&quot;ekit_we_effect_on&quot;:&quot;none&quot;}\" data-widget_type=\"spacer.default\">\n\t\t\t\t<div class=\"elementor-widget-container\">\n\t\t\t\t\t\t\t<div class=\"elementor-spacer\">\n\t\t\t<div class=\"elementor-spacer-inner\"><\/div>\n\t\t<\/div>\n\t\t\t\t\t\t<\/div>\n\t\t\t\t<\/div>\n\t\t\t\t<\/div>\n\t\t\t\t\t<\/div>\n\t\t\t\t<\/div>\n\t\t\t\t<\/div>","protected":false},"excerpt":{"rendered":"<p>Sopimusvalmistuspalvelut LANDU on maailmanlaajuisesti tunnustettu johtaja selluloosateknologiapalvelujen alalla, joka on erikoistunut maailmanlaajuisiin teknisiin ratkaisuihin. Ravintolisien optimoidut sopimusvalmistuspalvelut Etsitk\u00f6 valmistuskumppania seuraavalle innovaatiollesi? Teknisten palveluiden tiimimme on valmis auttamaan sinua, olipa tarkoituksenasi sitten lanseerata uusi jauhe [...]<\/p>","protected":false},"author":1,"featured_media":0,"parent":0,"menu_order":0,"comment_status":"closed","ping_status":"closed","template":"elementor_header_footer","meta":{"footnotes":""},"class_list":["post-410","page","type-page","status-publish","hentry"],"_links":{"self":[{"href":"https:\/\/landu-china.com\/fi\/wp-json\/wp\/v2\/pages\/410","targetHints":{"allow":["GET"]}}],"collection":[{"href":"https:\/\/landu-china.com\/fi\/wp-json\/wp\/v2\/pages"}],"about":[{"href":"https:\/\/landu-china.com\/fi\/wp-json\/wp\/v2\/types\/page"}],"author":[{"embeddable":true,"href":"https:\/\/landu-china.com\/fi\/wp-json\/wp\/v2\/users\/1"}],"replies":[{"embeddable":true,"href":"https:\/\/landu-china.com\/fi\/wp-json\/wp\/v2\/comments?post=410"}],"version-history":[{"count":19,"href":"https:\/\/landu-china.com\/fi\/wp-json\/wp\/v2\/pages\/410\/revisions"}],"predecessor-version":[{"id":22908,"href":"https:\/\/landu-china.com\/fi\/wp-json\/wp\/v2\/pages\/410\/revisions\/22908"}],"wp:attachment":[{"href":"https:\/\/landu-china.com\/fi\/wp-json\/wp\/v2\/media?parent=410"}],"curies":[{"name":"wp","href":"https:\/\/api.w.org\/{rel}","templated":true}]}}