{"id":3745,"date":"2024-07-29T15:13:20","date_gmt":"2024-07-29T07:13:20","guid":{"rendered":"https:\/\/landu-china.com\/?page_id=3745"},"modified":"2024-07-29T16:14:04","modified_gmt":"2024-07-29T08:14:04","slug":"tuotteet-joiden-ymparistojalanjalki-on-todistetusti-pieni","status":"publish","type":"page","link":"https:\/\/landu-china.com\/fi\/tuotteet-joiden-ymparistojalanjalki-on-todistetusti-pieni\/","title":{"rendered":"Tuotteet, joiden ymp\u00e4rist\u00f6jalanj\u00e4lki on todistetusti pieni"},"content":{"rendered":"<div data-elementor-type=\"wp-page\" data-elementor-id=\"3745\" class=\"elementor elementor-3745\" data-elementor-post-type=\"page\">\n\t\t\t\t<div class=\"elementor-element elementor-element-832e259 e-flex e-con-boxed e-con e-parent\" data-id=\"832e259\" data-element_type=\"container\" data-settings=\"{&quot;background_background&quot;:&quot;classic&quot;,&quot;ekit_has_onepagescroll_dot&quot;:&quot;yes&quot;}\">\n\t\t\t\t\t<div class=\"e-con-inner\">\n\t\t\t\t<div class=\"elementor-element elementor-element-f07d774 elementor-widget__width-initial elementor-widget elementor-widget-heading\" data-id=\"f07d774\" data-element_type=\"widget\" data-settings=\"{&quot;ekit_we_effect_on&quot;:&quot;none&quot;}\" data-widget_type=\"heading.default\">\n\t\t\t\t<div class=\"elementor-widget-container\">\n\t\t\t\t\t<h2 class=\"elementor-heading-title elementor-size-default\">Tuotteet, joiden ymp\u00e4rist\u00f6jalanj\u00e4lki on todistetusti pieni<\/h2>\t\t\t\t<\/div>\n\t\t\t\t<\/div>\n\t\t\t\t<div class=\"elementor-element elementor-element-54592e9 elementor-widget__width-initial elementor-widget elementor-widget-text-editor\" data-id=\"54592e9\" data-element_type=\"widget\" data-settings=\"{&quot;ekit_we_effect_on&quot;:&quot;none&quot;}\" data-widget_type=\"text-editor.default\">\n\t\t\t\t<div class=\"elementor-widget-container\">\n\t\t\t\t\t\t\t\t\t<p>Tuotteidemme ilmastojalanj\u00e4lki on pieni ja niiden ymp\u00e4rist\u00f6suorituskyky on ylivoimainen useimmissa tuoteryhmiss\u00e4.<\/p>\t\t\t\t\t\t\t\t<\/div>\n\t\t\t\t<\/div>\n\t\t\t\t\t<\/div>\n\t\t\t\t<\/div>\n\t\t<div class=\"elementor-element elementor-element-af21400 e-flex e-con-boxed e-con e-parent\" data-id=\"af21400\" data-element_type=\"container\" data-settings=\"{&quot;ekit_has_onepagescroll_dot&quot;:&quot;yes&quot;}\">\n\t\t\t\t\t<div class=\"e-con-inner\">\n\t\t\t\t<div class=\"elementor-element elementor-element-ee22895 elementor-widget elementor-widget-heading\" data-id=\"ee22895\" data-element_type=\"widget\" data-settings=\"{&quot;ekit_we_effect_on&quot;:&quot;none&quot;}\" data-widget_type=\"heading.default\">\n\t\t\t\t<div class=\"elementor-widget-container\">\n\t\t\t\t\t<h2 class=\"elementor-heading-title elementor-size-default\">Strateginen l\u00e4hestymistapamme<\/h2>\t\t\t\t<\/div>\n\t\t\t\t<\/div>\n\t\t\t\t<div class=\"elementor-element elementor-element-b0428b0 elementor-widget elementor-widget-image\" data-id=\"b0428b0\" data-element_type=\"widget\" data-settings=\"{&quot;ekit_we_effect_on&quot;:&quot;none&quot;}\" data-widget_type=\"image.default\">\n\t\t\t\t<div class=\"elementor-widget-container\">\n\t\t\t\t\t\t\t\t\t\t\t\t\t\t\t<img decoding=\"async\" width=\"55\" height=\"9\" src=\"https:\/\/landu-china.com\/wp-content\/uploads\/2024\/06\/\u8d44\u6e90-1.png\" class=\"attachment-large size-large wp-image-87\" alt=\"\" \/>\t\t\t\t\t\t\t\t\t\t\t\t\t\t\t<\/div>\n\t\t\t\t<\/div>\n\t\t\t\t<div class=\"elementor-element elementor-element-e6c6337 elementor-widget elementor-widget-text-editor\" data-id=\"e6c6337\" data-element_type=\"widget\" data-settings=\"{&quot;ekit_we_effect_on&quot;:&quot;none&quot;}\" data-widget_type=\"text-editor.default\">\n\t\t\t\t<div class=\"elementor-widget-container\">\n\t\t\t\t\t\t\t\t\t<div class=\"elementor-element elementor-element-26d6bf8c elementor-widget__width-initial elementor-widget elementor-widget-text-editor\" data-id=\"26d6bf8c\" data-element_type=\"widget\" data-settings=\"{&quot;ekit_we_effect_on&quot;:&quot;none&quot;}\" data-widget_type=\"text-editor.default\"><div class=\"elementor-widget-container\"><div class=\"elementor-element elementor-element-26d6bf8c elementor-widget__width-initial elementor-widget elementor-widget-text-editor\" data-id=\"26d6bf8c\" data-element_type=\"widget\" data-settings=\"{&quot;ekit_we_effect_on&quot;:&quot;none&quot;}\" data-widget_type=\"text-editor.default\"><div class=\"elementor-widget-container\"><div class=\"elementor-element elementor-element-531d8aa elementor-widget__width-initial elementor-widget elementor-widget-text-editor\" data-id=\"531d8aa\" data-element_type=\"widget\" data-settings=\"{&quot;ekit_we_effect_on&quot;:&quot;none&quot;}\" data-widget_type=\"text-editor.default\"><div class=\"elementor-widget-container\"><p>\"Teemme tiivist\u00e4 yhteisty\u00f6t\u00e4 asiakkaidemme ja koko arvoketjun kanssa edist\u00e4\u00e4kseen kest\u00e4v\u00e4\u00e4 innovointia. Sitoumuksemme ei rajoitu pelk\u00e4st\u00e4\u00e4n ymp\u00e4rist\u00f6m\u00e4\u00e4r\u00e4ysten noudattamiseen, vaan pyrimme ylitt\u00e4m\u00e4\u00e4n n\u00e4m\u00e4 standardit ja asiakkaiden odotukset kaikilla toimintamme osa-alueilla.\"<\/p><\/div><\/div><\/div><\/div><\/div><\/div>\t\t\t\t\t\t\t\t<\/div>\n\t\t\t\t<\/div>\n\t\t\t\t\t<\/div>\n\t\t\t\t<\/div>\n\t\t<div class=\"elementor-element elementor-element-212b9e5 e-grid e-con-boxed e-con e-parent\" data-id=\"212b9e5\" data-element_type=\"container\" data-settings=\"{&quot;ekit_has_onepagescroll_dot&quot;:&quot;yes&quot;}\">\n\t\t\t\t\t<div class=\"e-con-inner\">\n\t\t\t\t<div class=\"elementor-element elementor-element-b61eeca elementor-widget elementor-widget-image\" data-id=\"b61eeca\" data-element_type=\"widget\" data-settings=\"{&quot;ekit_we_effect_on&quot;:&quot;none&quot;}\" data-widget_type=\"image.default\">\n\t\t\t\t<div class=\"elementor-widget-container\">\n\t\t\t\t\t\t\t\t\t\t\t\t\t\t\t<img fetchpriority=\"high\" decoding=\"async\" width=\"800\" height=\"534\" src=\"https:\/\/landu-china.com\/wp-content\/uploads\/2024\/07\/cheerful-female-scientist-in-lab-1024x684-1.webp\" class=\"attachment-large size-large wp-image-3750\" alt=\"\" srcset=\"https:\/\/landu-china.com\/wp-content\/uploads\/2024\/07\/cheerful-female-scientist-in-lab-1024x684-1.webp 1024w, https:\/\/landu-china.com\/wp-content\/uploads\/2024\/07\/cheerful-female-scientist-in-lab-1024x684-1-300x200.webp 300w, https:\/\/landu-china.com\/wp-content\/uploads\/2024\/07\/cheerful-female-scientist-in-lab-1024x684-1-768x513.webp 768w\" sizes=\"(max-width: 800px) 100vw, 800px\" \/>\t\t\t\t\t\t\t\t\t\t\t\t\t\t\t<\/div>\n\t\t\t\t<\/div>\n\t\t\t\t<div class=\"elementor-element elementor-element-fb3b300 elementor-widget elementor-widget-image\" data-id=\"fb3b300\" data-element_type=\"widget\" data-settings=\"{&quot;ekit_we_effect_on&quot;:&quot;none&quot;}\" data-widget_type=\"image.default\">\n\t\t\t\t<div class=\"elementor-widget-container\">\n\t\t\t\t\t\t\t\t\t\t\t\t\t\t\t<img decoding=\"async\" width=\"800\" height=\"532\" src=\"https:\/\/landu-china.com\/wp-content\/uploads\/2024\/07\/choosing-wall-paints-1024x681-1.webp\" class=\"attachment-large size-large wp-image-3751\" alt=\"\" srcset=\"https:\/\/landu-china.com\/wp-content\/uploads\/2024\/07\/choosing-wall-paints-1024x681-1.webp 1024w, https:\/\/landu-china.com\/wp-content\/uploads\/2024\/07\/choosing-wall-paints-1024x681-1-300x200.webp 300w, https:\/\/landu-china.com\/wp-content\/uploads\/2024\/07\/choosing-wall-paints-1024x681-1-768x511.webp 768w\" sizes=\"(max-width: 800px) 100vw, 800px\" \/>\t\t\t\t\t\t\t\t\t\t\t\t\t\t\t<\/div>\n\t\t\t\t<\/div>\n\t\t\t\t<div class=\"elementor-element elementor-element-e05ee47 elementor-widget elementor-widget-image\" data-id=\"e05ee47\" data-element_type=\"widget\" data-settings=\"{&quot;ekit_we_effect_on&quot;:&quot;none&quot;}\" data-widget_type=\"image.default\">\n\t\t\t\t<div class=\"elementor-widget-container\">\n\t\t\t\t\t\t\t\t\t\t\t\t\t\t\t<img loading=\"lazy\" decoding=\"async\" width=\"800\" height=\"533\" src=\"https:\/\/landu-china.com\/wp-content\/uploads\/2024\/07\/ceramic-tiles-and-tools-for-tiler-floor-tiles-installation-home-improvement-renovation-ceramic-1024x682-1.webp\" class=\"attachment-large size-large wp-image-3749\" alt=\"\" srcset=\"https:\/\/landu-china.com\/wp-content\/uploads\/2024\/07\/ceramic-tiles-and-tools-for-tiler-floor-tiles-installation-home-improvement-renovation-ceramic-1024x682-1.webp 1024w, https:\/\/landu-china.com\/wp-content\/uploads\/2024\/07\/ceramic-tiles-and-tools-for-tiler-floor-tiles-installation-home-improvement-renovation-ceramic-1024x682-1-300x200.webp 300w, https:\/\/landu-china.com\/wp-content\/uploads\/2024\/07\/ceramic-tiles-and-tools-for-tiler-floor-tiles-installation-home-improvement-renovation-ceramic-1024x682-1-768x512.webp 768w\" sizes=\"(max-width: 800px) 100vw, 800px\" \/>\t\t\t\t\t\t\t\t\t\t\t\t\t\t\t<\/div>\n\t\t\t\t<\/div>\n\t\t\t\t\t<\/div>\n\t\t\t\t<\/div>\n\t\t<div class=\"elementor-element elementor-element-8599190 e-flex e-con-boxed e-con e-parent\" data-id=\"8599190\" data-element_type=\"container\" data-settings=\"{&quot;ekit_has_onepagescroll_dot&quot;:&quot;yes&quot;}\">\n\t\t\t\t\t<div class=\"e-con-inner\">\n\t\t<div class=\"elementor-element elementor-element-e95b722 e-con-full e-flex e-con e-child\" data-id=\"e95b722\" data-element_type=\"container\" data-settings=\"{&quot;ekit_has_onepagescroll_dot&quot;:&quot;yes&quot;}\">\n\t\t<div class=\"elementor-element elementor-element-def66d5 e-con-full e-flex e-con e-child\" data-id=\"def66d5\" data-element_type=\"container\" data-settings=\"{&quot;background_background&quot;:&quot;classic&quot;,&quot;ekit_has_onepagescroll_dot&quot;:&quot;yes&quot;}\">\n\t\t\t\t<div class=\"elementor-element elementor-element-21991d4 elementor-widget elementor-widget-heading\" data-id=\"21991d4\" data-element_type=\"widget\" data-settings=\"{&quot;ekit_we_effect_on&quot;:&quot;none&quot;}\" data-widget_type=\"heading.default\">\n\t\t\t\t<div class=\"elementor-widget-container\">\n\t\t\t\t\t<h2 class=\"elementor-heading-title elementor-size-default\">Innovatiiviset tulevaisuuden kest\u00e4v\u00e4t materiaalit<\/h2>\t\t\t\t<\/div>\n\t\t\t\t<\/div>\n\t\t\t\t<div class=\"elementor-element elementor-element-039d692 elementor-widget__width-initial elementor-widget-divider--view-line elementor-widget elementor-widget-divider\" data-id=\"039d692\" data-element_type=\"widget\" data-settings=\"{&quot;ekit_we_effect_on&quot;:&quot;none&quot;}\" data-widget_type=\"divider.default\">\n\t\t\t\t<div class=\"elementor-widget-container\">\n\t\t\t\t\t\t\t<div class=\"elementor-divider\">\n\t\t\t<span class=\"elementor-divider-separator\">\n\t\t\t\t\t\t<\/span>\n\t\t<\/div>\n\t\t\t\t\t\t<\/div>\n\t\t\t\t<\/div>\n\t\t\t\t<div class=\"elementor-element elementor-element-687a5f5 elementor-widget elementor-widget-text-editor\" data-id=\"687a5f5\" data-element_type=\"widget\" data-settings=\"{&quot;ekit_we_effect_on&quot;:&quot;none&quot;}\" data-widget_type=\"text-editor.default\">\n\t\t\t\t<div class=\"elementor-widget-container\">\n\t\t\t\t\t\t\t\t\t<p>Selluloosa-aineet ja niiden johdannaiset valmistetaan uusiutuvista luonnon raaka-aineista, p\u00e4\u00e4asiassa puuvilla- tai puumassasta. Useimmat selluloosapohjaisia aineita sis\u00e4lt\u00e4v\u00e4t tuotteet, kuten energiaa s\u00e4\u00e4st\u00e4v\u00e4t rakennusmateriaalit, terveellisemm\u00e4t ruoka-aineet ja tehokkaammat l\u00e4\u00e4kkeet, auttavat parantamaan miljardien ihmisten jokap\u00e4iv\u00e4ist\u00e4 el\u00e4m\u00e4\u00e4.<\/p><p>Osa Landun strategiaa on kehitt\u00e4\u00e4 yrityst\u00e4 tehokkaasti ja harkiten. Laatua, ymp\u00e4rist\u00f6nsuojelua, turvallisuutta ja terveyden suojelua koskevat standardit, mukaan lukien tuotantoon suuntautunut ymp\u00e4rist\u00f6nsuojelu, ovat keskeisess\u00e4 asemassa t\u00e4ss\u00e4 strategiassa.<\/p><p>Toinen LANDU:n keskeinen n\u00e4k\u00f6kohta on p\u00e4\u00e4sy markkinoille, joilla odotamme merkitt\u00e4vi\u00e4 muutoksia kest\u00e4v\u00e4n kehityksen alalla, mik\u00e4 luo tulevaisuuden mahdollisuuksia kest\u00e4ville tuotteillemme.<\/p>\t\t\t\t\t\t\t\t<\/div>\n\t\t\t\t<\/div>\n\t\t\t\t<\/div>\n\t\t\t\t<\/div>\n\t\t<div class=\"elementor-element elementor-element-9b28c3b e-con-full e-flex e-con e-child\" data-id=\"9b28c3b\" data-element_type=\"container\" data-settings=\"{&quot;background_background&quot;:&quot;classic&quot;,&quot;ekit_has_onepagescroll_dot&quot;:&quot;yes&quot;}\">\n\t\t\t\t<\/div>\n\t\t\t\t\t<\/div>\n\t\t\t\t<\/div>\n\t\t<div class=\"elementor-element elementor-element-2fc6490 e-flex e-con-boxed e-con e-parent\" data-id=\"2fc6490\" data-element_type=\"container\" data-settings=\"{&quot;background_background&quot;:&quot;classic&quot;,&quot;ekit_has_onepagescroll_dot&quot;:&quot;yes&quot;}\">\n\t\t\t\t\t<div class=\"e-con-inner\">\n\t\t\t\t<div class=\"elementor-element elementor-element-d25fc07 elementor-widget elementor-widget-heading\" data-id=\"d25fc07\" data-element_type=\"widget\" data-settings=\"{&quot;ekit_we_effect_on&quot;:&quot;none&quot;}\" data-widget_type=\"heading.default\">\n\t\t\t\t<div class=\"elementor-widget-container\">\n\t\t\t\t\t<h2 class=\"elementor-heading-title elementor-size-default\">Olemme ottaneet k\u00e4ytt\u00f6\u00f6n MVR-k\u00e4sittelyt j\u00e4tteett\u00f6myyden ja ISO 14000 -standardin noudattamisen varmistamiseksi.<\/h2>\t\t\t\t<\/div>\n\t\t\t\t<\/div>\n\t\t\t\t\t<\/div>\n\t\t\t\t<\/div>\n\t\t<div class=\"elementor-element elementor-element-08e5bfe e-flex e-con-boxed e-con e-parent\" data-id=\"08e5bfe\" data-element_type=\"container\" data-settings=\"{&quot;ekit_has_onepagescroll_dot&quot;:&quot;yes&quot;}\">\n\t\t\t\t\t<div class=\"e-con-inner\">\n\t\t<div class=\"elementor-element elementor-element-57c3e2d e-con-full e-flex e-con e-child\" data-id=\"57c3e2d\" data-element_type=\"container\" data-settings=\"{&quot;ekit_has_onepagescroll_dot&quot;:&quot;yes&quot;}\">\n\t\t\t\t<div class=\"elementor-element elementor-element-12083e7 elementor-widget elementor-widget-image\" data-id=\"12083e7\" data-element_type=\"widget\" data-settings=\"{&quot;ekit_we_effect_on&quot;:&quot;none&quot;}\" data-widget_type=\"image.default\">\n\t\t\t\t<div class=\"elementor-widget-container\">\n\t\t\t\t\t\t\t\t\t\t\t\t\t\t\t<img loading=\"lazy\" decoding=\"async\" width=\"800\" height=\"400\" src=\"https:\/\/landu-china.com\/wp-content\/uploads\/2024\/07\/2341-1024x512.webp\" class=\"attachment-large size-large wp-image-3747\" alt=\"\" srcset=\"https:\/\/landu-china.com\/wp-content\/uploads\/2024\/07\/2341-1024x512.webp 1024w, https:\/\/landu-china.com\/wp-content\/uploads\/2024\/07\/2341-300x150.webp 300w, https:\/\/landu-china.com\/wp-content\/uploads\/2024\/07\/2341-768x384.webp 768w, https:\/\/landu-china.com\/wp-content\/uploads\/2024\/07\/2341.webp 1300w\" sizes=\"(max-width: 800px) 100vw, 800px\" \/>\t\t\t\t\t\t\t\t\t\t\t\t\t\t\t<\/div>\n\t\t\t\t<\/div>\n\t\t\t\t<\/div>\n\t\t<div class=\"elementor-element elementor-element-2a4f08a e-con-full e-flex e-con e-child\" data-id=\"2a4f08a\" data-element_type=\"container\" data-settings=\"{&quot;ekit_has_onepagescroll_dot&quot;:&quot;yes&quot;}\">\n\t\t\t\t<div class=\"elementor-element elementor-element-4c7cc88 elementor-widget elementor-widget-heading\" data-id=\"4c7cc88\" data-element_type=\"widget\" data-settings=\"{&quot;ekit_we_effect_on&quot;:&quot;none&quot;}\" data-widget_type=\"heading.default\">\n\t\t\t\t<div class=\"elementor-widget-container\">\n\t\t\t\t\t<h2 class=\"elementor-heading-title elementor-size-default\">\nKeskeinen suolanpoistoteknologia nollap\u00e4\u00e4st\u00f6n aikaansaamiseksi<\/h2>\t\t\t\t<\/div>\n\t\t\t\t<\/div>\n\t\t\t\t<div class=\"elementor-element elementor-element-b0a50bc elementor-widget elementor-widget-text-editor\" data-id=\"b0a50bc\" data-element_type=\"widget\" data-settings=\"{&quot;ekit_we_effect_on&quot;:&quot;none&quot;}\" data-widget_type=\"text-editor.default\">\n\t\t\t\t<div class=\"elementor-widget-container\">\n\t\t\t\t\t\t\t\t\tMekaaninen h\u00f6yryn takaisinkompressointitekniikka (MVR) puristaa haihdutusj\u00e4rjestelm\u00e4n tuottaman sekund\u00e4\u00e4risen h\u00f6yryn h\u00f6yrykompressorin avulla. Puristettu h\u00f6yry palautetaan sitten haihdutusj\u00e4rjestelm\u00e4\u00e4n haihdutusprosessin yll\u00e4pit\u00e4miseksi. Haihdutuksen aikana tarvitaan vain pieni m\u00e4\u00e4r\u00e4 h\u00f6yry\u00e4 materiaalin esil\u00e4mmitykseen, jolloin s\u00e4\u00e4stet\u00e4\u00e4n yli 60-80% tuoreh\u00f6yry\u00e4 ja yli 90% j\u00e4\u00e4hdytysvett\u00e4 verrattuna perinteisiin haihduttimiin. MVR on eritt\u00e4in edistyksellinen energians\u00e4\u00e4st\u00f6tekniikka haihdutuksessa, joka v\u00e4hent\u00e4\u00e4 k\u00e4ytt\u00f6kustannuksia 40-80% perinteisiin monitehohaihduttimiin verrattuna.\t\t\t\t\t\t\t\t<\/div>\n\t\t\t\t<\/div>\n\t\t\t\t<\/div>\n\t\t\t\t\t<\/div>\n\t\t\t\t<\/div>\n\t\t<div class=\"elementor-element elementor-element-cd9c454 e-flex e-con-boxed e-con e-parent\" data-id=\"cd9c454\" data-element_type=\"container\" data-settings=\"{&quot;ekit_has_onepagescroll_dot&quot;:&quot;yes&quot;}\">\n\t\t\t\t\t<div class=\"e-con-inner\">\n\t\t<div class=\"elementor-element elementor-element-a5d305c e-con-full e-flex e-con e-child\" data-id=\"a5d305c\" data-element_type=\"container\" data-settings=\"{&quot;ekit_has_onepagescroll_dot&quot;:&quot;yes&quot;}\">\n\t\t\t\t<div class=\"elementor-element elementor-element-61a92b3 elementor-widget elementor-widget-text-editor\" data-id=\"61a92b3\" data-element_type=\"widget\" data-settings=\"{&quot;ekit_we_effect_on&quot;:&quot;none&quot;}\" data-widget_type=\"text-editor.default\">\n\t\t\t\t<div class=\"elementor-widget-container\">\n\t\t\t\t\t\t\t\t\tAiemmin poisheitetty h\u00f6yry hy\u00f6dynnet\u00e4\u00e4n nyt t\u00e4ysin MVR-haihduttimessa, jolloin sen latentti h\u00f6yrystymisl\u00e4mp\u00f6 otetaan talteen ja l\u00e4mp\u00f6tehokkuus paranee. Lis\u00e4ksi s\u00e4hk\u00f6energian k\u00e4ytt\u00f6 h\u00f6yryn sijaan v\u00e4hent\u00e4\u00e4 k\u00e4ytt\u00f6kustannuksia. MVR-haihduttimilla voidaan suorittaa matalal\u00e4mp\u00f6tilahaihdutusta. MVR-haihduttimien suunnittelussa sopivan h\u00f6yrykompressorin valinta on ratkaisevan t\u00e4rke\u00e4\u00e4. MVR-haihduttimissa k\u00e4ytett\u00e4v\u00e4t h\u00f6yrykompressorit ovat p\u00e4\u00e4asiassa keskipako- ja roottorih\u00f6yrykompressoreita. Roots-kompressorit soveltuvat pienemmille haihdutuskuormille, kun taas keskipakokompressorit ovat monipuolisempia, ja niiden yhden vaiheen l\u00e4mp\u00f6tilan nousu voi olla jopa 24 \u00b0C.\t\t\t\t\t\t\t\t<\/div>\n\t\t\t\t<\/div>\n\t\t\t\t<\/div>\n\t\t<div class=\"elementor-element elementor-element-ee7d26e e-con-full e-flex e-con e-child\" data-id=\"ee7d26e\" data-element_type=\"container\" data-settings=\"{&quot;ekit_has_onepagescroll_dot&quot;:&quot;yes&quot;}\">\n\t\t\t\t<div class=\"elementor-element elementor-element-ad220b1 elementor-widget elementor-widget-image\" data-id=\"ad220b1\" data-element_type=\"widget\" data-settings=\"{&quot;ekit_we_effect_on&quot;:&quot;none&quot;}\" data-widget_type=\"image.default\">\n\t\t\t\t<div class=\"elementor-widget-container\">\n\t\t\t\t\t\t\t\t\t\t\t\t\t\t\t<img loading=\"lazy\" decoding=\"async\" width=\"800\" height=\"533\" src=\"https:\/\/landu-china.com\/wp-content\/uploads\/2024\/07\/aerial-view-of-modern-water-cleaning-facility-at-urban-wastewater-treatment-plant--1024x682.webp\" class=\"attachment-large size-large wp-image-3748\" alt=\"\" srcset=\"https:\/\/landu-china.com\/wp-content\/uploads\/2024\/07\/aerial-view-of-modern-water-cleaning-facility-at-urban-wastewater-treatment-plant--1024x682.webp 1024w, https:\/\/landu-china.com\/wp-content\/uploads\/2024\/07\/aerial-view-of-modern-water-cleaning-facility-at-urban-wastewater-treatment-plant--300x200.webp 300w, https:\/\/landu-china.com\/wp-content\/uploads\/2024\/07\/aerial-view-of-modern-water-cleaning-facility-at-urban-wastewater-treatment-plant--768x512.webp 768w, https:\/\/landu-china.com\/wp-content\/uploads\/2024\/07\/aerial-view-of-modern-water-cleaning-facility-at-urban-wastewater-treatment-plant--1536x1023.webp 1536w, https:\/\/landu-china.com\/wp-content\/uploads\/2024\/07\/aerial-view-of-modern-water-cleaning-facility-at-urban-wastewater-treatment-plant-.webp 1600w\" sizes=\"(max-width: 800px) 100vw, 800px\" \/>\t\t\t\t\t\t\t\t\t\t\t\t\t\t\t<\/div>\n\t\t\t\t<\/div>\n\t\t\t\t<\/div>\n\t\t\t\t\t<\/div>\n\t\t\t\t<\/div>\n\t\t\t\t<\/div>","protected":false},"excerpt":{"rendered":"<p>Tuotteet, joiden ymp\u00e4rist\u00f6jalanj\u00e4lki on todistetusti pieni Tuotteillamme on pieni ilmastojalanj\u00e4lki ja ylivoimainen ymp\u00e4rist\u00f6tehokkuus useimmissa tuoteryhmiss\u00e4. Strateginen l\u00e4hestymistapamme \"Teemme tiivist\u00e4 yhteisty\u00f6t\u00e4 asiakkaidemme ja koko arvoketjun kanssa edist\u00e4\u00e4kseen kest\u00e4v\u00e4\u00e4 innovointia. Sitoumuksemme ei rajoitu pelk\u00e4st\u00e4\u00e4n ymp\u00e4rist\u00f6m\u00e4\u00e4r\u00e4ysten noudattamiseen, vaan pyrimme ylitt\u00e4m\u00e4\u00e4n n\u00e4m\u00e4 standardit ja asiakkaiden odotukset [...].<\/p>","protected":false},"author":1,"featured_media":0,"parent":0,"menu_order":0,"comment_status":"closed","ping_status":"closed","template":"elementor_header_footer","meta":{"footnotes":""},"class_list":["post-3745","page","type-page","status-publish","hentry"],"_links":{"self":[{"href":"https:\/\/landu-china.com\/fi\/wp-json\/wp\/v2\/pages\/3745","targetHints":{"allow":["GET"]}}],"collection":[{"href":"https:\/\/landu-china.com\/fi\/wp-json\/wp\/v2\/pages"}],"about":[{"href":"https:\/\/landu-china.com\/fi\/wp-json\/wp\/v2\/types\/page"}],"author":[{"embeddable":true,"href":"https:\/\/landu-china.com\/fi\/wp-json\/wp\/v2\/users\/1"}],"replies":[{"embeddable":true,"href":"https:\/\/landu-china.com\/fi\/wp-json\/wp\/v2\/comments?post=3745"}],"version-history":[{"count":13,"href":"https:\/\/landu-china.com\/fi\/wp-json\/wp\/v2\/pages\/3745\/revisions"}],"predecessor-version":[{"id":3767,"href":"https:\/\/landu-china.com\/fi\/wp-json\/wp\/v2\/pages\/3745\/revisions\/3767"}],"wp:attachment":[{"href":"https:\/\/landu-china.com\/fi\/wp-json\/wp\/v2\/media?parent=3745"}],"curies":[{"name":"wp","href":"https:\/\/api.w.org\/{rel}","templated":true}]}}