{"id":8481,"date":"2024-10-10T10:20:30","date_gmt":"2024-10-10T02:20:30","guid":{"rendered":"https:\/\/landu-china.com\/?page_id=8481"},"modified":"2024-11-14T13:18:52","modified_gmt":"2024-11-14T05:18:52","slug":"valgurikkad-kestad","status":"publish","type":"page","link":"https:\/\/landu-china.com\/et\/turud\/toidu-ja-joogitoostus\/valgurikkad-kestad\/","title":{"rendered":"Valkudega \u00fcmbris"},"content":{"rendered":"<div data-elementor-type=\"wp-page\" data-elementor-id=\"8481\" class=\"elementor elementor-8481\" data-elementor-post-type=\"page\">\n\t\t\t\t<div class=\"elementor-element elementor-element-f81d54a e-flex e-con-boxed e-con e-parent\" data-id=\"f81d54a\" data-element_type=\"container\" data-settings=\"{&quot;background_background&quot;:&quot;classic&quot;,&quot;ekit_has_onepagescroll_dot&quot;:&quot;yes&quot;}\">\n\t\t\t\t\t<div class=\"e-con-inner\">\n\t\t\t\t<div class=\"elementor-element elementor-element-b3a9adb elementor-widget__width-initial elementor-widget elementor-widget-heading\" data-id=\"b3a9adb\" data-element_type=\"widget\" data-settings=\"{&quot;ekit_we_effect_on&quot;:&quot;none&quot;}\" data-widget_type=\"heading.default\">\n\t\t\t\t<div class=\"elementor-widget-container\">\n\t\t\t\t\t<h1 class=\"elementor-heading-title elementor-size-default\">Valkudega \u00fcmbris<\/h1>\t\t\t\t<\/div>\n\t\t\t\t<\/div>\n\t\t\t\t\t<\/div>\n\t\t\t\t<\/div>\n\t\t<div class=\"elementor-element elementor-element-7aae8e2 e-flex e-con-boxed e-con e-parent\" data-id=\"7aae8e2\" data-element_type=\"container\" data-settings=\"{&quot;ekit_has_onepagescroll_dot&quot;:&quot;yes&quot;}\">\n\t\t\t\t\t<div class=\"e-con-inner\">\n\t\t<div class=\"elementor-element elementor-element-9c25e25 e-con-full e-flex e-con e-child\" data-id=\"9c25e25\" data-element_type=\"container\" data-settings=\"{&quot;background_background&quot;:&quot;classic&quot;,&quot;ekit_has_onepagescroll_dot&quot;:&quot;yes&quot;}\">\n\t\t\t\t<div class=\"elementor-element elementor-element-bc543ba elementor-widget elementor-widget-text-editor\" data-id=\"bc543ba\" data-element_type=\"widget\" data-settings=\"{&quot;ekit_we_effect_on&quot;:&quot;none&quot;}\" data-widget_type=\"text-editor.default\">\n\t\t\t\t<div class=\"elementor-widget-container\">\n\t\t\t\t\t\t\t\t\t<p>Vorstide tootmisprotsessis on sooled h\u00e4davajalikud, kuna need ei ole mitte ainult t\u00f6\u00f6tlemisvormid ja konteinerid, vaid m\u00e4ngivad ka rolli toote j\u00f5udluse n\u00e4itamisel. H\u00fclsid puutuvad otseselt kokku lihap\u00f5hjaga, mist\u00f5ttu peavad need vastama mitmetele rangetele n\u00f5uetele, et tagada toiduohutus ja t\u00f6\u00f6tlemise t\u00f5husus.<\/p>\t\t\t\t\t\t\t\t<\/div>\n\t\t\t\t<\/div>\n\t\t\t\t<\/div>\n\t\t<div class=\"elementor-element elementor-element-2a0eef9 e-con-full e-flex e-con e-child\" data-id=\"2a0eef9\" data-element_type=\"container\" data-settings=\"{&quot;background_background&quot;:&quot;classic&quot;,&quot;ekit_has_onepagescroll_dot&quot;:&quot;yes&quot;}\">\n\t\t\t\t<div class=\"elementor-element elementor-element-b967b00 elementor-widget elementor-widget-spacer\" data-id=\"b967b00\" data-element_type=\"widget\" data-settings=\"{&quot;ekit_we_effect_on&quot;:&quot;none&quot;}\" data-widget_type=\"spacer.default\">\n\t\t\t\t<div class=\"elementor-widget-container\">\n\t\t\t\t\t\t\t<div class=\"elementor-spacer\">\n\t\t\t<div class=\"elementor-spacer-inner\"><\/div>\n\t\t<\/div>\n\t\t\t\t\t\t<\/div>\n\t\t\t\t<\/div>\n\t\t\t\t<\/div>\n\t\t\t\t\t<\/div>\n\t\t\t\t<\/div>\n\t\t<div class=\"elementor-element elementor-element-398f530a e-flex e-con-boxed e-con e-parent\" data-id=\"398f530a\" data-element_type=\"container\" data-settings=\"{&quot;background_background&quot;:&quot;classic&quot;,&quot;ekit_has_onepagescroll_dot&quot;:&quot;yes&quot;}\">\n\t\t\t\t\t<div class=\"e-con-inner\">\n\t\t<div class=\"elementor-element elementor-element-5beeff92 e-con-full e-flex e-con e-child\" data-id=\"5beeff92\" data-element_type=\"container\" data-settings=\"{&quot;ekit_has_onepagescroll_dot&quot;:&quot;yes&quot;}\">\n\t\t<div class=\"elementor-element elementor-element-24c76b61 e-flex e-con-boxed e-con e-child\" data-id=\"24c76b61\" data-element_type=\"container\" data-settings=\"{&quot;ekit_has_onepagescroll_dot&quot;:&quot;yes&quot;}\">\n\t\t\t\t\t<div class=\"e-con-inner\">\n\t\t\t\t<div class=\"elementor-element elementor-element-867c786 elementor-invisible elementor-widget elementor-widget-heading\" data-id=\"867c786\" data-element_type=\"widget\" data-settings=\"{&quot;_animation&quot;:&quot;fadeIn&quot;,&quot;ekit_we_effect_on&quot;:&quot;none&quot;}\" data-widget_type=\"heading.default\">\n\t\t\t\t<div class=\"elementor-widget-container\">\n\t\t\t\t\t<h2 class=\"elementor-heading-title elementor-size-default\">Soovitatavad tooted<\/h2>\t\t\t\t<\/div>\n\t\t\t\t<\/div>\n\t\t\t\t<div class=\"elementor-element elementor-element-c60b007 elementor-widget-divider--view-line elementor-invisible elementor-widget elementor-widget-divider\" data-id=\"c60b007\" data-element_type=\"widget\" data-settings=\"{&quot;_animation&quot;:&quot;fadeIn&quot;,&quot;_animation_delay&quot;:200,&quot;ekit_we_effect_on&quot;:&quot;none&quot;}\" data-widget_type=\"divider.default\">\n\t\t\t\t<div class=\"elementor-widget-container\">\n\t\t\t\t\t\t\t<div class=\"elementor-divider\">\n\t\t\t<span class=\"elementor-divider-separator\">\n\t\t\t\t\t\t<\/span>\n\t\t<\/div>\n\t\t\t\t\t\t<\/div>\n\t\t\t\t<\/div>\n\t\t\t\t<div class=\"elementor-element elementor-element-51e994e elementor-invisible elementor-widget elementor-widget-text-editor\" data-id=\"51e994e\" data-element_type=\"widget\" data-settings=\"{&quot;_animation&quot;:&quot;fadeIn&quot;,&quot;_animation_delay&quot;:400,&quot;ekit_we_effect_on&quot;:&quot;none&quot;}\" data-widget_type=\"text-editor.default\">\n\t\t\t\t<div class=\"elementor-widget-container\">\n\t\t\t\t\t\t\t\t\t<p>LANDU pakub mitmesuguseid farmatseutilisi lisandeid, sealhulgas tselluloosieetreid, dekstriini, eelgeelistatud t\u00e4rklist ja enterilist kattekihti sisaldavat pulbrit. Teeme tihedat koost\u00f6\u00f6d klientidega, et pakkuda uuenduslikke lahendusi. V\u00f5tke meiega \u00fchendust, et saada lisateavet toodete kohta.<\/p>\t\t\t\t\t\t\t\t<\/div>\n\t\t\t\t<\/div>\n\t\t\t\t\t<\/div>\n\t\t\t\t<\/div>\n\t\t\t\t<\/div>\n\t\t\t\t\t<\/div>\n\t\t\t\t<\/div>\n\t\t<div class=\"elementor-element elementor-element-285f669 e-flex e-con-boxed e-con e-parent\" data-id=\"285f669\" data-element_type=\"container\" data-settings=\"{&quot;ekit_has_onepagescroll_dot&quot;:&quot;yes&quot;}\">\n\t\t\t\t\t<div class=\"e-con-inner\">\n\t\t<div class=\"elementor-element elementor-element-ce19177 e-con-full e-flex e-con e-child\" data-id=\"ce19177\" data-element_type=\"container\" data-settings=\"{&quot;background_background&quot;:&quot;classic&quot;,&quot;ekit_has_onepagescroll_dot&quot;:&quot;yes&quot;}\">\n\t\t\t\t<div class=\"elementor-element elementor-element-681bbf1 elementor-widget elementor-widget-spacer\" data-id=\"681bbf1\" data-element_type=\"widget\" data-settings=\"{&quot;ekit_we_effect_on&quot;:&quot;none&quot;}\" data-widget_type=\"spacer.default\">\n\t\t\t\t<div class=\"elementor-widget-container\">\n\t\t\t\t\t\t\t<div class=\"elementor-spacer\">\n\t\t\t<div class=\"elementor-spacer-inner\"><\/div>\n\t\t<\/div>\n\t\t\t\t\t\t<\/div>\n\t\t\t\t<\/div>\n\t\t\t\t<\/div>\n\t\t<div class=\"elementor-element elementor-element-7669e9a e-con-full e-flex e-con e-child\" data-id=\"7669e9a\" data-element_type=\"container\" data-settings=\"{&quot;ekit_has_onepagescroll_dot&quot;:&quot;yes&quot;}\">\n\t\t\t\t<div class=\"elementor-element elementor-element-19ba097e ekit-equal-height-disable elementor-widget elementor-widget-elementskit-icon-box\" data-id=\"19ba097e\" data-element_type=\"widget\" data-settings=\"{&quot;ekit_we_effect_on&quot;:&quot;none&quot;}\" data-widget_type=\"elementskit-icon-box.default\">\n\t\t\t\t<div class=\"elementor-widget-container\">\n\t\t\t\t\t<div class=\"ekit-wid-con\" >        <!-- link opening -->\n                <!-- end link opening -->\n\n        <div class=\"elementskit-infobox text-center text- icon-lef-right-aligin elementor-animation-float\">\n                        <div class=\"box-body\">\n                            <h3 class=\"elementskit-info-box-title\">\n                    H\u00fcdroks\u00fcprop\u00fc\u00fclmet\u00fc\u00fcltselluloos\uff08HPMC\uff09                <\/h3>\n                        \t\t  \t<p>HPMC on mitmek\u00fclgne pol\u00fcmeer, mida kasutatakse paksendavate ja veesiduvate omaduste t\u00f5ttu sellistes toiduainetes nagu moos.<\/p>\n                                        <div class=\"box-footer disable_hover_button\">\n                    <div class=\"btn-wraper\">\n                                                            <a class=\"elementskit-btn whitespace--normal elementor-animation-float\" href=\"#elementor-action%3Aaction%3Dpopup%3Aopen%26settings%3DeyJpZCI6IjE1MTkiLCJ0b2dnbGUiOmZhbHNlfQ%3D%3D\" target=\"_blank\">\n                                        Lisateave                                         <i aria-hidden=\"true\" class=\"icon icon-arrow-right\"><\/i>                                    <\/a>\n                                                        <\/div>\n                <\/div>\n                    <\/div>\n        \n        \n                <\/div>\n        <\/div>\t\t\t\t<\/div>\n\t\t\t\t<\/div>\n\t\t\t\t<\/div>\n\t\t\t\t\t<\/div>\n\t\t\t\t<\/div>\n\t\t<div class=\"elementor-element elementor-element-c2166ae e-flex e-con-boxed e-con e-parent\" data-id=\"c2166ae\" data-element_type=\"container\" data-settings=\"{&quot;ekit_has_onepagescroll_dot&quot;:&quot;yes&quot;}\">\n\t\t\t\t\t<div class=\"e-con-inner\">\n\t\t<div class=\"elementor-element elementor-element-24507f7 e-con-full e-flex e-con e-child\" data-id=\"24507f7\" data-element_type=\"container\" data-settings=\"{&quot;background_background&quot;:&quot;classic&quot;,&quot;ekit_has_onepagescroll_dot&quot;:&quot;yes&quot;}\">\n\t\t\t\t<div class=\"elementor-element elementor-element-39417f6 elementor-widget elementor-widget-spacer\" data-id=\"39417f6\" data-element_type=\"widget\" data-settings=\"{&quot;ekit_we_effect_on&quot;:&quot;none&quot;}\" data-widget_type=\"spacer.default\">\n\t\t\t\t<div class=\"elementor-widget-container\">\n\t\t\t\t\t\t\t<div class=\"elementor-spacer\">\n\t\t\t<div class=\"elementor-spacer-inner\"><\/div>\n\t\t<\/div>\n\t\t\t\t\t\t<\/div>\n\t\t\t\t<\/div>\n\t\t\t\t<\/div>\n\t\t<div class=\"elementor-element elementor-element-5bb0a57 e-con-full e-flex e-con e-child\" data-id=\"5bb0a57\" data-element_type=\"container\" data-settings=\"{&quot;ekit_has_onepagescroll_dot&quot;:&quot;yes&quot;}\">\n\t\t\t\t<div class=\"elementor-element elementor-element-e059aea ekit-equal-height-disable elementor-widget elementor-widget-elementskit-icon-box\" data-id=\"e059aea\" data-element_type=\"widget\" data-settings=\"{&quot;ekit_we_effect_on&quot;:&quot;none&quot;}\" data-widget_type=\"elementskit-icon-box.default\">\n\t\t\t\t<div class=\"elementor-widget-container\">\n\t\t\t\t\t<div class=\"ekit-wid-con\" >        <!-- link opening -->\n                <!-- end link opening -->\n\n        <div class=\"elementskit-infobox text-center text- icon-lef-right-aligin elementor-animation-float\">\n                        <div class=\"box-body\">\n                            <h3 class=\"elementskit-info-box-title\">\n                    Met\u00fc\u00fcltselluloos \uff08MC\uff09                <\/h3>\n                        \t\t  \t<p>MC on l\u00f5hnatu valge pulber, mis hajub kuumas vees ja lahustub jahutamisel. See on v\u00e4ga hea kleepuvuse, paksendamise ja kile moodustamise poolest, mist\u00f5ttu on see kasulik sellistes toiduainetes nagu moosid ja kastmed.<\/p>\n                                        <div class=\"box-footer disable_hover_button\">\n                    <div class=\"btn-wraper\">\n                                                            <a class=\"elementskit-btn whitespace--normal elementor-animation-float\" href=\"https:\/\/landu-china.com\/et\/tooted\/toidu-lisaained\/toiduks-kasutatav-metuultselluloos-mc\/\" target=\"_blank\">\n                                        Lisateave                                         <i aria-hidden=\"true\" class=\"icon icon-arrow-right\"><\/i>                                    <\/a>\n                                                        <\/div>\n                <\/div>\n                    <\/div>\n        \n        \n                <\/div>\n        <\/div>\t\t\t\t<\/div>\n\t\t\t\t<\/div>\n\t\t\t\t<\/div>\n\t\t\t\t\t<\/div>\n\t\t\t\t<\/div>\n\t\t<div class=\"elementor-element elementor-element-3e628ec e-flex e-con-boxed e-con e-parent\" data-id=\"3e628ec\" data-element_type=\"container\" data-settings=\"{&quot;ekit_has_onepagescroll_dot&quot;:&quot;yes&quot;}\">\n\t\t\t\t\t<div class=\"e-con-inner\">\n\t\t<div class=\"elementor-element elementor-element-c300169 e-con-full e-flex e-con e-child\" data-id=\"c300169\" data-element_type=\"container\" data-settings=\"{&quot;background_background&quot;:&quot;classic&quot;,&quot;ekit_has_onepagescroll_dot&quot;:&quot;yes&quot;}\">\n\t\t\t\t<div class=\"elementor-element elementor-element-1a8fa7c elementor-widget elementor-widget-spacer\" data-id=\"1a8fa7c\" data-element_type=\"widget\" data-settings=\"{&quot;ekit_we_effect_on&quot;:&quot;none&quot;}\" data-widget_type=\"spacer.default\">\n\t\t\t\t<div class=\"elementor-widget-container\">\n\t\t\t\t\t\t\t<div class=\"elementor-spacer\">\n\t\t\t<div class=\"elementor-spacer-inner\"><\/div>\n\t\t<\/div>\n\t\t\t\t\t\t<\/div>\n\t\t\t\t<\/div>\n\t\t\t\t<\/div>\n\t\t<div class=\"elementor-element elementor-element-ce52242 e-con-full e-flex e-con e-child\" data-id=\"ce52242\" data-element_type=\"container\" data-settings=\"{&quot;ekit_has_onepagescroll_dot&quot;:&quot;yes&quot;}\">\n\t\t\t\t<div class=\"elementor-element elementor-element-8bd03fb ekit-equal-height-disable elementor-widget elementor-widget-elementskit-icon-box\" data-id=\"8bd03fb\" data-element_type=\"widget\" data-settings=\"{&quot;ekit_we_effect_on&quot;:&quot;none&quot;}\" data-widget_type=\"elementskit-icon-box.default\">\n\t\t\t\t<div class=\"elementor-widget-container\">\n\t\t\t\t\t<div class=\"ekit-wid-con\" >        <!-- link opening -->\n                <!-- end link opening -->\n\n        <div class=\"elementskit-infobox text-center text- icon-lef-right-aligin elementor-animation-float\">\n                        <div class=\"box-body\">\n                            <h3 class=\"elementskit-info-box-title\">\n                    H\u00fcdroks\u00fcprop\u00fc\u00fclt\u00e4rklise eeter (HPS)                <\/h3>\n                        \t\t  \t<p>HPS on modifitseeritud taimep\u00f5hine pulber, millel on suurep\u00e4rane lahustuvus ja stabiilsus. Sellel on madalam \u017eeleerumistemperatuur, suurem viskoossus, k\u00fclmumis- ja sulamisstabiilsus ning l\u00e4bipaistvus.<\/p>\n                                        <div class=\"box-footer disable_hover_button\">\n                    <div class=\"btn-wraper\">\n                                                            <a class=\"elementskit-btn whitespace--normal elementor-animation-float\" href=\"https:\/\/landu-china.com\/et\/hudroksupropuultarklise-eetri-tootja-hps\/\" target=\"_blank\">\n                                        Lisateave                                         <i aria-hidden=\"true\" class=\"icon icon-arrow-right\"><\/i>                                    <\/a>\n                                                        <\/div>\n                <\/div>\n                    <\/div>\n        \n        \n                <\/div>\n        <\/div>\t\t\t\t<\/div>\n\t\t\t\t<\/div>\n\t\t\t\t<\/div>\n\t\t\t\t\t<\/div>\n\t\t\t\t<\/div>\n\t\t<div class=\"elementor-element elementor-element-81591d0 e-flex e-con-boxed e-con e-parent\" data-id=\"81591d0\" data-element_type=\"container\" data-settings=\"{&quot;ekit_has_onepagescroll_dot&quot;:&quot;yes&quot;}\">\n\t\t\t\t\t<div class=\"e-con-inner\">\n\t\t<div class=\"elementor-element elementor-element-24d6db1 e-con-full e-flex e-con e-child\" data-id=\"24d6db1\" data-element_type=\"container\" data-settings=\"{&quot;background_background&quot;:&quot;classic&quot;,&quot;ekit_has_onepagescroll_dot&quot;:&quot;yes&quot;}\">\n\t\t\t\t<div class=\"elementor-element elementor-element-758bc9a elementor-widget elementor-widget-spacer\" data-id=\"758bc9a\" data-element_type=\"widget\" data-settings=\"{&quot;ekit_we_effect_on&quot;:&quot;none&quot;}\" data-widget_type=\"spacer.default\">\n\t\t\t\t<div class=\"elementor-widget-container\">\n\t\t\t\t\t\t\t<div class=\"elementor-spacer\">\n\t\t\t<div class=\"elementor-spacer-inner\"><\/div>\n\t\t<\/div>\n\t\t\t\t\t\t<\/div>\n\t\t\t\t<\/div>\n\t\t\t\t<\/div>\n\t\t<div class=\"elementor-element elementor-element-5ce99a1 e-con-full e-flex e-con e-child\" data-id=\"5ce99a1\" data-element_type=\"container\" data-settings=\"{&quot;ekit_has_onepagescroll_dot&quot;:&quot;yes&quot;}\">\n\t\t\t\t<div class=\"elementor-element elementor-element-47f7771 ekit-equal-height-disable elementor-widget elementor-widget-elementskit-icon-box\" data-id=\"47f7771\" data-element_type=\"widget\" data-settings=\"{&quot;ekit_we_effect_on&quot;:&quot;none&quot;}\" data-widget_type=\"elementskit-icon-box.default\">\n\t\t\t\t<div class=\"elementor-widget-container\">\n\t\t\t\t\t<div class=\"ekit-wid-con\" >        <!-- link opening -->\n                <!-- end link opening -->\n\n        <div class=\"elementskit-infobox text-center text- icon-lef-right-aligin elementor-animation-float\">\n                        <div class=\"box-body\">\n                            <h3 class=\"elementskit-info-box-title\">\n                    Naatriumkarboks\u00fcmet\u00fc\u00fcltselluloos\uff08CMC\uff09                <\/h3>\n                        \t\t  \t<p>CMC on karboks\u00fcmet\u00fc\u00fcltselluloosi eetri vees lahustuv naatriumsool. See on aniooniline tselluloosieeter, tavaliselt valge v\u00f5i tuhmvalge kiuline pulber v\u00f5i graanulid, l\u00f5hnatu, maitsetu ja niiskust imav.<\/p>\n                                        <div class=\"box-footer disable_hover_button\">\n                    <div class=\"btn-wraper\">\n                                                            <a class=\"elementskit-btn whitespace--normal elementor-animation-float\" href=\"https:\/\/landu-china.com\/et\/karboksumetuultselluloosi-tootja-cmc\/\" target=\"_blank\">\n                                        Lisateave                                         <i aria-hidden=\"true\" class=\"icon icon-arrow-right\"><\/i>                                    <\/a>\n                                                        <\/div>\n                <\/div>\n                    <\/div>\n        \n        \n                <\/div>\n        <\/div>\t\t\t\t<\/div>\n\t\t\t\t<\/div>\n\t\t\t\t<\/div>\n\t\t\t\t\t<\/div>\n\t\t\t\t<\/div>\n\t\t\t\t<\/div>","protected":false},"excerpt":{"rendered":"<p>Valgusdarmid on vorstitootmise protsessis asendamatud, kuna need ei ole mitte ainult t\u00f6\u00f6tlemisvormid ja mahutid, vaid m\u00e4ngivad ka rolli toote j\u00f5udluse n\u00e4itamisel. H\u00fclsid puutuvad otseselt kokku lihap\u00f5hjaga, mist\u00f5ttu peavad nad vastama mitmetele rangetele n\u00f5uetele, et tagada toiduohutus ja t\u00f6\u00f6tlemise t\u00f5husus. Soovitatavad tooted [...]<\/p>","protected":false},"author":1,"featured_media":0,"parent":7753,"menu_order":0,"comment_status":"closed","ping_status":"closed","template":"elementor_header_footer","meta":{"footnotes":""},"class_list":["post-8481","page","type-page","status-publish","hentry"],"_links":{"self":[{"href":"https:\/\/landu-china.com\/et\/wp-json\/wp\/v2\/pages\/8481","targetHints":{"allow":["GET"]}}],"collection":[{"href":"https:\/\/landu-china.com\/et\/wp-json\/wp\/v2\/pages"}],"about":[{"href":"https:\/\/landu-china.com\/et\/wp-json\/wp\/v2\/types\/page"}],"author":[{"embeddable":true,"href":"https:\/\/landu-china.com\/et\/wp-json\/wp\/v2\/users\/1"}],"replies":[{"embeddable":true,"href":"https:\/\/landu-china.com\/et\/wp-json\/wp\/v2\/comments?post=8481"}],"version-history":[{"count":25,"href":"https:\/\/landu-china.com\/et\/wp-json\/wp\/v2\/pages\/8481\/revisions"}],"predecessor-version":[{"id":19357,"href":"https:\/\/landu-china.com\/et\/wp-json\/wp\/v2\/pages\/8481\/revisions\/19357"}],"up":[{"embeddable":true,"href":"https:\/\/landu-china.com\/et\/wp-json\/wp\/v2\/pages\/7753"}],"wp:attachment":[{"href":"https:\/\/landu-china.com\/et\/wp-json\/wp\/v2\/media?parent=8481"}],"curies":[{"name":"wp","href":"https:\/\/api.w.org\/{rel}","templated":true}]}}