{"id":257,"date":"2024-06-17T11:34:18","date_gmt":"2024-06-17T03:34:18","guid":{"rendered":"https:\/\/landu-china.com\/?page_id=257"},"modified":"2024-07-29T14:43:43","modified_gmt":"2024-07-29T06:43:43","slug":"kasvada-ja-uuendada","status":"publish","type":"page","link":"https:\/\/landu-china.com\/et\/kasvada-ja-uuendada\/","title":{"rendered":"Kasvada ja uuendada"},"content":{"rendered":"<div data-elementor-type=\"wp-page\" data-elementor-id=\"257\" class=\"elementor elementor-257\" data-elementor-post-type=\"page\">\n\t\t\t\t<div class=\"elementor-element elementor-element-f81d54a e-flex e-con-boxed e-con e-parent\" data-id=\"f81d54a\" data-element_type=\"container\" data-settings=\"{&quot;background_background&quot;:&quot;classic&quot;,&quot;ekit_has_onepagescroll_dot&quot;:&quot;yes&quot;}\">\n\t\t\t\t\t<div class=\"e-con-inner\">\n\t\t\t\t<div class=\"elementor-element elementor-element-b3a9adb elementor-widget__width-initial elementor-widget elementor-widget-heading\" data-id=\"b3a9adb\" data-element_type=\"widget\" data-settings=\"{&quot;ekit_we_effect_on&quot;:&quot;none&quot;}\" data-widget_type=\"heading.default\">\n\t\t\t\t<div class=\"elementor-widget-container\">\n\t\t\t\t\t<h2 class=\"elementor-heading-title elementor-size-default\">Koost\u00f6\u00f6 t\u00f6\u00f6tajate, klientide ja tarnijatega j\u00e4tkusuutliku arengu edendamiseks<\/h2>\t\t\t\t<\/div>\n\t\t\t\t<\/div>\n\t\t\t\t\t<\/div>\n\t\t\t\t<\/div>\n\t\t<div class=\"elementor-element elementor-element-13222f5 e-flex e-con-boxed e-con e-parent\" data-id=\"13222f5\" data-element_type=\"container\" data-settings=\"{&quot;background_background&quot;:&quot;classic&quot;,&quot;ekit_has_onepagescroll_dot&quot;:&quot;yes&quot;}\">\n\t\t\t\t\t<div class=\"e-con-inner\">\n\t\t\t\t<div class=\"elementor-element elementor-element-3fb3201 elementor-widget elementor-widget-heading\" data-id=\"3fb3201\" data-element_type=\"widget\" data-settings=\"{&quot;ekit_we_effect_on&quot;:&quot;none&quot;}\" data-widget_type=\"heading.default\">\n\t\t\t\t<div class=\"elementor-widget-container\">\n\t\t\t\t\t<h2 class=\"elementor-heading-title elementor-size-default\">Meie inimeste jaoks: Ohutus on meie prioriteet<\/h2>\t\t\t\t<\/div>\n\t\t\t\t<\/div>\n\t\t\t\t<div class=\"elementor-element elementor-element-a3c3138 elementor-widget elementor-widget-image\" data-id=\"a3c3138\" data-element_type=\"widget\" data-settings=\"{&quot;ekit_we_effect_on&quot;:&quot;none&quot;}\" data-widget_type=\"image.default\">\n\t\t\t\t<div class=\"elementor-widget-container\">\n\t\t\t\t\t\t\t\t\t\t\t\t\t\t\t<img decoding=\"async\" width=\"55\" height=\"9\" src=\"https:\/\/landu-china.com\/wp-content\/uploads\/2024\/06\/\u8d44\u6e90-1.png\" class=\"attachment-large size-large wp-image-87\" alt=\"\" \/>\t\t\t\t\t\t\t\t\t\t\t\t\t\t\t<\/div>\n\t\t\t\t<\/div>\n\t\t\t\t\t<\/div>\n\t\t\t\t<\/div>\n\t\t<div class=\"elementor-element elementor-element-17f1e78 e-flex e-con-boxed e-con e-parent\" data-id=\"17f1e78\" data-element_type=\"container\" data-settings=\"{&quot;ekit_has_onepagescroll_dot&quot;:&quot;yes&quot;}\">\n\t\t\t\t\t<div class=\"e-con-inner\">\n\t\t<div class=\"elementor-element elementor-element-f27dd14 e-con-full e-flex e-con e-child\" data-id=\"f27dd14\" data-element_type=\"container\" data-settings=\"{&quot;ekit_has_onepagescroll_dot&quot;:&quot;yes&quot;}\">\n\t\t\t\t<div class=\"elementor-element elementor-element-c2075f8 elementor-widget elementor-widget-text-editor\" data-id=\"c2075f8\" data-element_type=\"widget\" data-settings=\"{&quot;ekit_we_effect_on&quot;:&quot;none&quot;}\" data-widget_type=\"text-editor.default\">\n\t\t\t\t<div class=\"elementor-widget-container\">\n\t\t\t\t\t\t\t\t\t<div class=\"elementor-element elementor-element-26d6bf8c elementor-widget__width-initial elementor-widget elementor-widget-text-editor\" data-id=\"26d6bf8c\" data-element_type=\"widget\" data-settings=\"{&quot;ekit_we_effect_on&quot;:&quot;none&quot;}\" data-widget_type=\"text-editor.default\"><div class=\"elementor-widget-container\"><div class=\"elementor-element elementor-element-26d6bf8c elementor-widget__width-initial elementor-widget elementor-widget-text-editor\" data-id=\"26d6bf8c\" data-element_type=\"widget\" data-settings=\"{&quot;ekit_we_effect_on&quot;:&quot;none&quot;}\" data-widget_type=\"text-editor.default\"><div class=\"elementor-widget-container\">LANDU on p\u00fchendunud turvalise, mitmekesise ja kaasava t\u00f6\u00f6koha loomisele, r\u00f5hutades, et ohutus on k\u00f5ige t\u00e4htsam k\u00f5ikides tegevustes.<\/div><div class=\"elementor-widget-container\">Meie eesm\u00e4rk on saavutada null vigastust, edendada vaimset ja f\u00fc\u00fcsilist heaolu ning toetada t\u00f6\u00f6tajate arengut pideva \u00f5ppimise ja juhtimisv\u00f5imalustega. <a href=\"https:\/\/landu-china.com\/et\/koostoo-tootajatega\/\">Vaata rohkem&gt;&gt;<\/a><\/div><\/div><\/div><\/div>\t\t\t\t\t\t\t\t<\/div>\n\t\t\t\t<\/div>\n\t\t<div class=\"elementor-element elementor-element-a1a4f6d e-flex e-con-boxed e-con e-child\" data-id=\"a1a4f6d\" data-element_type=\"container\" data-settings=\"{&quot;ekit_has_onepagescroll_dot&quot;:&quot;yes&quot;}\">\n\t\t\t\t\t<div class=\"e-con-inner\">\n\t\t<div class=\"elementor-element elementor-element-a3c379e e-flex e-con-boxed e-con e-child\" data-id=\"a3c379e\" data-element_type=\"container\" data-settings=\"{&quot;ekit_has_onepagescroll_dot&quot;:&quot;yes&quot;}\">\n\t\t\t\t\t<div class=\"e-con-inner\">\n\t\t\t\t<div class=\"elementor-element elementor-element-4d295b6 elementor-view-default elementor-position-top elementor-mobile-position-top elementor-widget elementor-widget-icon-box\" data-id=\"4d295b6\" data-element_type=\"widget\" data-settings=\"{&quot;ekit_we_effect_on&quot;:&quot;none&quot;}\" data-widget_type=\"icon-box.default\">\n\t\t\t\t<div class=\"elementor-widget-container\">\n\t\t\t\t\t\t\t<div class=\"elementor-icon-box-wrapper\">\n\n\t\t\t\t\t\t<div class=\"elementor-icon-box-icon\">\n\t\t\t\t<span  class=\"elementor-icon\">\n\t\t\t\t<svg xmlns=\"http:\/\/www.w3.org\/2000\/svg\" xmlns:xlink=\"http:\/\/www.w3.org\/1999\/xlink\" class=\"icon\" viewbox=\"0 0 1024 1024\" width=\"200\" height=\"200\"><path d=\"M791.552 375.296c25.6-20.992 41.984-52.224 41.984-87.04 0-62.464-51.712-113.152-115.2-113.152s-115.2 50.688-115.2 113.152c0 40.448 21.504 75.776 53.76 95.744-36.352 17.408-68.608 47.616-96.768 90.624-22.016 33.28-37.376 55.296-48.128 69.632-10.752-14.336-26.112-36.352-48.128-69.632-33.28-50.176-72.192-83.456-116.736-98.816 25.6-20.992 41.984-52.224 41.984-87.552C389.12 225.28 337.408 174.592 273.92 174.592S158.72 225.28 158.72 287.744c0 40.448 21.504 76.288 54.272 96.256-51.2 28.16-86.016 84.48-86.016 149.504v279.552c0 19.968 15.872 35.84 35.84 35.84H409.6c19.968 0 35.84-15.872 35.84-35.84v-152.064c13.312 12.8 34.304 13.824 48.64 1.024l18.432-15.872 18.432 15.872c14.336 12.288 35.328 11.776 48.64-1.024v187.904h317.952v-315.392c-0.512-72.704-44.544-135.168-105.984-158.208zM273.92 246.272c24.064 0 43.52 18.432 43.52 41.472s-19.456 41.472-43.52 41.472-43.52-18.432-43.52-41.472c0-22.528 19.456-41.472 43.52-41.472z m172.544 362.496c-2.56 2.56-5.12 5.12-6.656 7.68-6.144-10.24-17.408-16.896-30.208-16.896-19.968 0-35.84 15.872-35.84 35.84v141.824H198.656v-243.712c0-53.248 39.424-96.768 87.552-96.768 45.056 0 83.456 25.088 117.76 76.8 25.088 37.888 42.496 62.976 55.296 79.872l-4.608 3.584 2.56 2.048-10.752 9.728z m271.872-362.496c24.064 0 43.52 18.432 43.52 41.472s-19.456 41.472-43.52 41.472-43.52-18.432-43.52-41.472c0-22.528 19.456-41.472 43.52-41.472z m107.008 531.456H650.24v-141.824c0-19.968-15.872-35.84-35.84-35.84-12.8 0-24.064 6.656-30.208 16.896-2.048-3.072-4.096-5.632-6.656-7.68l-14.848-13.312c12.8-16.896 30.72-42.496 57.344-81.92 34.304-51.712 72.704-76.8 117.76-76.8 48.128 0 87.552 43.52 87.552 96.768v243.712z\" fill=\"#61CE70\"><\/path><\/svg>\t\t\t\t<\/span>\n\t\t\t<\/div>\n\t\t\t\n\t\t\t\t\t\t<div class=\"elementor-icon-box-content\">\n\n\t\t\t\t\t\t\t\t\t<h3 class=\"elementor-icon-box-title\">\n\t\t\t\t\t\t<span  >\n\t\t\t\t\t\t\t Inimestele suunatud l\u00e4henemisviis\t\t\t\t\t\t<\/span>\n\t\t\t\t\t<\/h3>\n\t\t\t\t\n\t\t\t\t\n\t\t\t<\/div>\n\t\t\t\n\t\t<\/div>\n\t\t\t\t\t\t<\/div>\n\t\t\t\t<\/div>\n\t\t\t\t\t<\/div>\n\t\t\t\t<\/div>\n\t\t<div class=\"elementor-element elementor-element-f1d5fa3 e-flex e-con-boxed e-con e-child\" data-id=\"f1d5fa3\" data-element_type=\"container\" data-settings=\"{&quot;ekit_has_onepagescroll_dot&quot;:&quot;yes&quot;}\">\n\t\t\t\t\t<div class=\"e-con-inner\">\n\t\t\t\t<div class=\"elementor-element elementor-element-4ce9951 elementor-view-default elementor-position-top elementor-mobile-position-top elementor-widget elementor-widget-icon-box\" data-id=\"4ce9951\" data-element_type=\"widget\" data-settings=\"{&quot;ekit_we_effect_on&quot;:&quot;none&quot;}\" data-widget_type=\"icon-box.default\">\n\t\t\t\t<div class=\"elementor-widget-container\">\n\t\t\t\t\t\t\t<div class=\"elementor-icon-box-wrapper\">\n\n\t\t\t\t\t\t<div class=\"elementor-icon-box-icon\">\n\t\t\t\t<span  class=\"elementor-icon\">\n\t\t\t\t<svg xmlns=\"http:\/\/www.w3.org\/2000\/svg\" xmlns:xlink=\"http:\/\/www.w3.org\/1999\/xlink\" id=\"&#x56FE;&#x5C42;_1\" x=\"0px\" y=\"0px\" viewbox=\"0 0 200 200\" style=\"enable-background:new 0 0 200 200;\" xml:space=\"preserve\"><style type=\"text\/css\">\t.st0{fill:#61CE70;}<\/style><path class=\"st0\" d=\"M57.1,138.8l42.9,21.4l42.9-21.4V98.2l14.3-6.8v47.4c0,5.4-3.1,10.4-7.9,12.8L106.4,173c-4,2-8.8,2-12.8,0  l-42.9-21.4c-4.8-2.4-7.9-7.4-7.9-12.8v-47l13.4,6.4L25.6,83.6c-7.1-3.4-10.2-11.9-6.8-19c1.3-2.8,3.5-5.1,6.3-6.5L93,22.5  c4.1-2.2,9.1-2.2,13.2,0L174.1,58c6.3,3.3,9.2,10.6,6.9,17.3v48.5h-14.3v-37l-61,29c-3.9,1.8-8.4,1.8-12.3,0L57.1,98.6V138.8z   M99.6,35.2L31.7,70.7l67.9,32.3l67.9-32.3L99.6,35.2L99.6,35.2z\"><\/path><\/svg>\t\t\t\t<\/span>\n\t\t\t<\/div>\n\t\t\t\n\t\t\t\t\t\t<div class=\"elementor-icon-box-content\">\n\n\t\t\t\t\t\t\t\t\t<h3 class=\"elementor-icon-box-title\">\n\t\t\t\t\t\t<span  >\n\t\t\t\t\t\t\tKeskendumine talentide arendamisele\t\t\t\t\t\t<\/span>\n\t\t\t\t\t<\/h3>\n\t\t\t\t\n\t\t\t\t\n\t\t\t<\/div>\n\t\t\t\n\t\t<\/div>\n\t\t\t\t\t\t<\/div>\n\t\t\t\t<\/div>\n\t\t\t\t\t<\/div>\n\t\t\t\t<\/div>\n\t\t<div class=\"elementor-element elementor-element-2ed1ab1 e-flex e-con-boxed e-con e-child\" data-id=\"2ed1ab1\" data-element_type=\"container\" data-settings=\"{&quot;ekit_has_onepagescroll_dot&quot;:&quot;yes&quot;}\">\n\t\t\t\t\t<div class=\"e-con-inner\">\n\t\t\t\t<div class=\"elementor-element elementor-element-0c26d50 elementor-view-default elementor-position-top elementor-mobile-position-top elementor-widget elementor-widget-icon-box\" data-id=\"0c26d50\" data-element_type=\"widget\" data-settings=\"{&quot;ekit_we_effect_on&quot;:&quot;none&quot;}\" data-widget_type=\"icon-box.default\">\n\t\t\t\t<div class=\"elementor-widget-container\">\n\t\t\t\t\t\t\t<div class=\"elementor-icon-box-wrapper\">\n\n\t\t\t\t\t\t<div class=\"elementor-icon-box-icon\">\n\t\t\t\t<span  class=\"elementor-icon\">\n\t\t\t\t<svg xmlns=\"http:\/\/www.w3.org\/2000\/svg\" xmlns:xlink=\"http:\/\/www.w3.org\/1999\/xlink\" id=\"&#x56FE;&#x5C42;_1\" x=\"0px\" y=\"0px\" viewbox=\"0 0 200 200\" style=\"enable-background:new 0 0 200 200;\" xml:space=\"preserve\"><style type=\"text\/css\">\t.st0{fill:#61CE70;}<\/style><path class=\"st0\" d=\"M183.2,66.8l-3.2-4.4c-1.6-2.2-3.4-6.9-3.6-9.7l-0.5-5.4c-0.6-6.7-5.4-13.8-11.3-16.7l-4.8-2.4  c-2.4-1.2-6.1-4.6-7.6-6.9l-2.9-4.5c-3.6-5.6-11-9.6-17.6-9.4l-5.3,0.2c-2.7,0.1-7.5-1.1-9.9-2.5l-4.6-2.7c-5.7-3.3-14.2-3.3-19.9,0  l-4.6,2.7c-2.4,1.4-7.2,2.5-9.9,2.5l-5.3-0.2c-6.6-0.2-14,3.8-17.6,9.4l-2.9,4.6c-1.5,2.3-5.2,5.7-7.6,6.9l-4.8,2.4  c-5.9,2.9-10.7,10-11.3,16.7l-0.5,5.4c-0.2,2.7-2,7.5-3.6,9.7l-3.2,4.4c-3.9,5.4-4.9,13.9-2.4,20.1l2,5c1,2.5,1.6,7.6,1.2,10.3  l-0.8,5.4c-1,6.6,2,14.7,7.1,19l4.1,3.4c2.1,1.8,4.9,5.9,5.8,8.5l1.7,5.1c0.3,0.9,0.7,1.8,1.2,2.7l-18.9,33.1h27.4L62.3,200  L79,170.9c4.1,1.6,8.8,2,12.8,0.8l5.1-1.5c2.6-0.8,7.6-0.8,10.2,0l5.1,1.5c3.8,1.1,8.2,0.8,12.2-0.6l16.5,28.8l13.2-20.5h27.4  L163,147.1c0.6-1.1,1.1-2.2,1.6-3.4l1.7-5.1c0.9-2.6,3.7-6.8,5.8-8.5l4.1-3.4c5.1-4.3,8.1-12.3,7.1-19l-0.8-5.4  c-0.4-2.7,0.2-7.7,1.2-10.3l2-5C188.1,80.8,187.1,72.2,183.2,66.8L183.2,66.8z M102,157.7c-38.3,0-69.3-31.6-69.3-70.6  c0-39,31-70.6,69.3-70.6s69.3,31.6,69.3,70.6C171.3,126.1,140.2,157.7,102,157.7z\"><\/path><path class=\"st0\" d=\"M102,23.9c-34.3,0-62,28.3-62,63.2c0,34.9,27.8,63.2,62,63.2c34.3,0,62-28.3,62-63.2  C164,52.2,136.2,23.9,102,23.9z M124.2,118.1l-21.3-11.5l-21.6,11.1l4.2-24.2L68.5,76l23.9-3.4l11-21.9L114,72.8l23.8,3.9  l-17.4,17.1L124.2,118.1z\"><\/path><\/svg>\t\t\t\t<\/span>\n\t\t\t<\/div>\n\t\t\t\n\t\t\t\t\t\t<div class=\"elementor-icon-box-content\">\n\n\t\t\t\t\t\t\t\t\t<h3 class=\"elementor-icon-box-title\">\n\t\t\t\t\t\t<span  >\n\t\t\t\t\t\t\tMeie meeskonna v\u00f5imestamine\t\t\t\t\t\t<\/span>\n\t\t\t\t\t<\/h3>\n\t\t\t\t\n\t\t\t\t\n\t\t\t<\/div>\n\t\t\t\n\t\t<\/div>\n\t\t\t\t\t\t<\/div>\n\t\t\t\t<\/div>\n\t\t\t\t\t<\/div>\n\t\t\t\t<\/div>\n\t\t\t\t\t<\/div>\n\t\t\t\t<\/div>\n\t\t\t\t<\/div>\n\t\t<div class=\"elementor-element elementor-element-88e0142 e-con-full e-flex e-con e-child\" data-id=\"88e0142\" data-element_type=\"container\" data-settings=\"{&quot;ekit_has_onepagescroll_dot&quot;:&quot;yes&quot;}\">\n\t\t\t\t<div class=\"elementor-element elementor-element-fcd2383 elementor-widget__width-initial elementor-widget elementor-widget-image\" data-id=\"fcd2383\" data-element_type=\"widget\" data-settings=\"{&quot;ekit_we_effect_on&quot;:&quot;none&quot;}\" data-widget_type=\"image.default\">\n\t\t\t\t<div class=\"elementor-widget-container\">\n\t\t\t\t\t\t\t\t\t\t\t\t\t\t\t<img fetchpriority=\"high\" decoding=\"async\" width=\"680\" height=\"1024\" src=\"https:\/\/landu-china.com\/wp-content\/uploads\/2024\/06\/portrait-of-young-asian-woman-sitting-in-cafe-with-computer-tablet-and-smiling-to-camera-680x1024-1.webp\" class=\"attachment-large size-large wp-image-279\" alt=\"\" srcset=\"https:\/\/landu-china.com\/wp-content\/uploads\/2024\/06\/portrait-of-young-asian-woman-sitting-in-cafe-with-computer-tablet-and-smiling-to-camera-680x1024-1.webp 680w, https:\/\/landu-china.com\/wp-content\/uploads\/2024\/06\/portrait-of-young-asian-woman-sitting-in-cafe-with-computer-tablet-and-smiling-to-camera-680x1024-1-199x300.webp 199w\" sizes=\"(max-width: 680px) 100vw, 680px\" \/>\t\t\t\t\t\t\t\t\t\t\t\t\t\t\t<\/div>\n\t\t\t\t<\/div>\n\t\t\t\t<div class=\"elementor-element elementor-element-8f80ab6 elementor-widget__width-initial elementor-widget elementor-widget-image\" data-id=\"8f80ab6\" data-element_type=\"widget\" data-settings=\"{&quot;ekit_we_effect_on&quot;:&quot;none&quot;}\" data-widget_type=\"image.default\">\n\t\t\t\t<div class=\"elementor-widget-container\">\n\t\t\t\t\t\t\t\t\t\t\t\t\t\t\t<img decoding=\"async\" width=\"682\" height=\"1024\" src=\"https:\/\/landu-china.com\/wp-content\/uploads\/2024\/06\/positive-delighted-female-person-working-in-laboratory-682x1024-1.webp\" class=\"attachment-large size-large wp-image-280\" alt=\"\" srcset=\"https:\/\/landu-china.com\/wp-content\/uploads\/2024\/06\/positive-delighted-female-person-working-in-laboratory-682x1024-1.webp 682w, https:\/\/landu-china.com\/wp-content\/uploads\/2024\/06\/positive-delighted-female-person-working-in-laboratory-682x1024-1-200x300.webp 200w\" sizes=\"(max-width: 682px) 100vw, 682px\" \/>\t\t\t\t\t\t\t\t\t\t\t\t\t\t\t<\/div>\n\t\t\t\t<\/div>\n\t\t\t\t<\/div>\n\t\t\t\t\t<\/div>\n\t\t\t\t<\/div>\n\t\t<div class=\"elementor-element elementor-element-adf5a03 e-flex e-con-boxed e-con e-parent\" data-id=\"adf5a03\" data-element_type=\"container\" data-settings=\"{&quot;background_background&quot;:&quot;classic&quot;,&quot;shape_divider_bottom&quot;:&quot;split&quot;,&quot;ekit_has_onepagescroll_dot&quot;:&quot;yes&quot;}\">\n\t\t\t\t\t<div class=\"e-con-inner\">\n\t\t\t\t<div class=\"elementor-shape elementor-shape-bottom\" aria-hidden=\"true\" data-negative=\"false\">\n\t\t\t<svg xmlns=\"http:\/\/www.w3.org\/2000\/svg\" viewbox=\"0 0 1000 20\" preserveaspectratio=\"none\">\n\t<path class=\"elementor-shape-fill\" d=\"M0,0v3c0,0,393.8,0,483.4,0c9.2,0,16.6,7.4,16.6,16.6c0-9.1,7.4-16.6,16.6-16.6C606.2,3,1000,3,1000,3V0H0z\"\/>\n<\/svg>\t\t<\/div>\n\t\t\t\t<div class=\"elementor-element elementor-element-3431bcb elementor-widget elementor-widget-heading\" data-id=\"3431bcb\" data-element_type=\"widget\" data-settings=\"{&quot;ekit_we_effect_on&quot;:&quot;none&quot;}\" data-widget_type=\"heading.default\">\n\t\t\t\t<div class=\"elementor-widget-container\">\n\t\t\t\t\t<h2 class=\"elementor-heading-title elementor-size-default\">\nJ\u00e4tkusuutlikkuse m\u00f5\u00f5tmed kliendilahendustes<\/h2>\t\t\t\t<\/div>\n\t\t\t\t<\/div>\n\t\t\t\t<div class=\"elementor-element elementor-element-a039be2 elementor-widget elementor-widget-heading\" data-id=\"a039be2\" data-element_type=\"widget\" data-settings=\"{&quot;ekit_we_effect_on&quot;:&quot;none&quot;}\" data-widget_type=\"heading.default\">\n\t\t\t\t<div class=\"elementor-widget-container\">\n\t\t\t\t\t<h2 class=\"elementor-heading-title elementor-size-default\">Inimeste, partnerite ja \u00fchiskonna kaasamine<\/h2>\t\t\t\t<\/div>\n\t\t\t\t<\/div>\n\t\t\t\t\t<\/div>\n\t\t\t\t<\/div>\n\t\t<div class=\"elementor-element elementor-element-a48e994 e-flex e-con-boxed e-con e-parent\" data-id=\"a48e994\" data-element_type=\"container\" data-settings=\"{&quot;ekit_has_onepagescroll_dot&quot;:&quot;yes&quot;}\">\n\t\t\t\t\t<div class=\"e-con-inner\">\n\t\t<div class=\"elementor-element elementor-element-e2457ac e-flex e-con-boxed e-con e-child\" data-id=\"e2457ac\" data-element_type=\"container\" data-settings=\"{&quot;ekit_has_onepagescroll_dot&quot;:&quot;yes&quot;}\">\n\t\t\t\t\t<div class=\"e-con-inner\">\n\t\t\t\t<div class=\"elementor-element elementor-element-14eb2fb elementor-widget elementor-widget-image\" data-id=\"14eb2fb\" data-element_type=\"widget\" data-settings=\"{&quot;ekit_we_effect_on&quot;:&quot;none&quot;}\" data-widget_type=\"image.default\">\n\t\t\t\t<div class=\"elementor-widget-container\">\n\t\t\t\t\t\t\t\t\t\t\t\t\t\t\t<img loading=\"lazy\" decoding=\"async\" width=\"800\" height=\"534\" src=\"https:\/\/landu-china.com\/wp-content\/uploads\/2024\/06\/student-community-concept-1024x684.webp\" class=\"attachment-large size-large wp-image-281\" alt=\"\" srcset=\"https:\/\/landu-china.com\/wp-content\/uploads\/2024\/06\/student-community-concept-1024x684.webp 1024w, https:\/\/landu-china.com\/wp-content\/uploads\/2024\/06\/student-community-concept-300x200.webp 300w, https:\/\/landu-china.com\/wp-content\/uploads\/2024\/06\/student-community-concept-768x513.webp 768w, https:\/\/landu-china.com\/wp-content\/uploads\/2024\/06\/student-community-concept-1536x1025.webp 1536w, https:\/\/landu-china.com\/wp-content\/uploads\/2024\/06\/student-community-concept.webp 1600w\" sizes=\"(max-width: 800px) 100vw, 800px\" \/>\t\t\t\t\t\t\t\t\t\t\t\t\t\t\t<\/div>\n\t\t\t\t<\/div>\n\t\t\t\t<div class=\"elementor-element elementor-element-e708374 elementor-widget elementor-widget-heading\" data-id=\"e708374\" data-element_type=\"widget\" data-settings=\"{&quot;ekit_we_effect_on&quot;:&quot;none&quot;}\" data-widget_type=\"heading.default\">\n\t\t\t\t<div class=\"elementor-widget-container\">\n\t\t\t\t\t<h2 class=\"elementor-heading-title elementor-size-default\">Kohaliku kogukonna hariduse toetamine<\/h2>\t\t\t\t<\/div>\n\t\t\t\t<\/div>\n\t\t\t\t<div class=\"elementor-element elementor-element-f46c499 elementor-widget elementor-widget-text-editor\" data-id=\"f46c499\" data-element_type=\"widget\" data-settings=\"{&quot;ekit_we_effect_on&quot;:&quot;none&quot;}\" data-widget_type=\"text-editor.default\">\n\t\t\t\t<div class=\"elementor-widget-container\">\n\t\t\t\t\t\t\t\t\t<p>Selle programmi kaudu on meie eesm\u00e4rk toetada meie kogukonna s\u00e4ravaid noori tulevasi m\u00f5tlejaid rikkalike haridusasutuste ja -vahenditega.<\/p>\t\t\t\t\t\t\t\t<\/div>\n\t\t\t\t<\/div>\n\t\t\t\t\t<\/div>\n\t\t\t\t<\/div>\n\t\t<div class=\"elementor-element elementor-element-ee594ce e-flex e-con-boxed e-con e-child\" data-id=\"ee594ce\" data-element_type=\"container\" data-settings=\"{&quot;ekit_has_onepagescroll_dot&quot;:&quot;yes&quot;}\">\n\t\t\t\t\t<div class=\"e-con-inner\">\n\t\t\t\t<div class=\"elementor-element elementor-element-c36b446 elementor-widget elementor-widget-image\" data-id=\"c36b446\" data-element_type=\"widget\" data-settings=\"{&quot;ekit_we_effect_on&quot;:&quot;none&quot;}\" data-widget_type=\"image.default\">\n\t\t\t\t<div class=\"elementor-widget-container\">\n\t\t\t\t\t\t\t\t\t\t\t\t\t\t\t<img loading=\"lazy\" decoding=\"async\" width=\"800\" height=\"533\" src=\"https:\/\/landu-china.com\/wp-content\/uploads\/2024\/06\/team-volunteers-collecting-garbage-in-public-park-environmental-protection-concept-1024x682.webp\" class=\"attachment-large size-large wp-image-282\" alt=\"\" srcset=\"https:\/\/landu-china.com\/wp-content\/uploads\/2024\/06\/team-volunteers-collecting-garbage-in-public-park-environmental-protection-concept-1024x682.webp 1024w, https:\/\/landu-china.com\/wp-content\/uploads\/2024\/06\/team-volunteers-collecting-garbage-in-public-park-environmental-protection-concept-300x200.webp 300w, https:\/\/landu-china.com\/wp-content\/uploads\/2024\/06\/team-volunteers-collecting-garbage-in-public-park-environmental-protection-concept-768x512.webp 768w, https:\/\/landu-china.com\/wp-content\/uploads\/2024\/06\/team-volunteers-collecting-garbage-in-public-park-environmental-protection-concept-1536x1023.webp 1536w, https:\/\/landu-china.com\/wp-content\/uploads\/2024\/06\/team-volunteers-collecting-garbage-in-public-park-environmental-protection-concept.webp 1600w\" sizes=\"(max-width: 800px) 100vw, 800px\" \/>\t\t\t\t\t\t\t\t\t\t\t\t\t\t\t<\/div>\n\t\t\t\t<\/div>\n\t\t\t\t<div class=\"elementor-element elementor-element-11d8067 elementor-widget elementor-widget-heading\" data-id=\"11d8067\" data-element_type=\"widget\" data-settings=\"{&quot;ekit_we_effect_on&quot;:&quot;none&quot;}\" data-widget_type=\"heading.default\">\n\t\t\t\t<div class=\"elementor-widget-container\">\n\t\t\t\t\t<h2 class=\"elementor-heading-title elementor-size-default\">\u00dchinemine kohaliku saaste vastu v\u00f5itlemiseks<\/h2>\t\t\t\t<\/div>\n\t\t\t\t<\/div>\n\t\t\t\t<div class=\"elementor-element elementor-element-bdeb84d elementor-widget elementor-widget-text-editor\" data-id=\"bdeb84d\" data-element_type=\"widget\" data-settings=\"{&quot;ekit_we_effect_on&quot;:&quot;none&quot;}\" data-widget_type=\"text-editor.default\">\n\t\t\t\t<div class=\"elementor-widget-container\">\n\t\t\t\t\t\t\t\t\t<p>T\u00f6\u00f6tajad abistavad vabatahtlikult ringlussev\u00f5tul ja jagavad keemiat\u00f6\u00f6stuse parimaid tavasid, et muuta ringlussev\u00f5tu protsess ohutumaks k\u00f5igi \u00fchingu vabatahtlike jaoks.<\/p>\t\t\t\t\t\t\t\t<\/div>\n\t\t\t\t<\/div>\n\t\t\t\t\t<\/div>\n\t\t\t\t<\/div>\n\t\t<div class=\"elementor-element elementor-element-9653d8b e-flex e-con-boxed e-con e-child\" data-id=\"9653d8b\" data-element_type=\"container\" data-settings=\"{&quot;ekit_has_onepagescroll_dot&quot;:&quot;yes&quot;}\">\n\t\t\t\t\t<div class=\"e-con-inner\">\n\t\t\t\t<div class=\"elementor-element elementor-element-51cf556 elementor-widget elementor-widget-image\" data-id=\"51cf556\" data-element_type=\"widget\" data-settings=\"{&quot;ekit_we_effect_on&quot;:&quot;none&quot;}\" data-widget_type=\"image.default\">\n\t\t\t\t<div class=\"elementor-widget-container\">\n\t\t\t\t\t\t\t\t\t\t\t\t\t\t\t<img loading=\"lazy\" decoding=\"async\" width=\"800\" height=\"533\" src=\"https:\/\/landu-china.com\/wp-content\/uploads\/2024\/06\/two-construction-workers-on-building-site-1024x682.webp\" class=\"attachment-large size-large wp-image-283\" alt=\"\" srcset=\"https:\/\/landu-china.com\/wp-content\/uploads\/2024\/06\/two-construction-workers-on-building-site-1024x682.webp 1024w, https:\/\/landu-china.com\/wp-content\/uploads\/2024\/06\/two-construction-workers-on-building-site-300x200.webp 300w, https:\/\/landu-china.com\/wp-content\/uploads\/2024\/06\/two-construction-workers-on-building-site-768x512.webp 768w, https:\/\/landu-china.com\/wp-content\/uploads\/2024\/06\/two-construction-workers-on-building-site-1536x1023.webp 1536w, https:\/\/landu-china.com\/wp-content\/uploads\/2024\/06\/two-construction-workers-on-building-site.webp 1600w\" sizes=\"(max-width: 800px) 100vw, 800px\" \/>\t\t\t\t\t\t\t\t\t\t\t\t\t\t\t<\/div>\n\t\t\t\t<\/div>\n\t\t\t\t<div class=\"elementor-element elementor-element-f31bc06 elementor-widget elementor-widget-heading\" data-id=\"f31bc06\" data-element_type=\"widget\" data-settings=\"{&quot;ekit_we_effect_on&quot;:&quot;none&quot;}\" data-widget_type=\"heading.default\">\n\t\t\t\t<div class=\"elementor-widget-container\">\n\t\t\t\t\t<h2 class=\"elementor-heading-title elementor-size-default\">Erinevate klientide ainulaadsete v\u00e4ljakutsete lahendamine<\/h2>\t\t\t\t<\/div>\n\t\t\t\t<\/div>\n\t\t\t\t<div class=\"elementor-element elementor-element-1df48f7 elementor-widget elementor-widget-text-editor\" data-id=\"1df48f7\" data-element_type=\"widget\" data-settings=\"{&quot;ekit_we_effect_on&quot;:&quot;none&quot;}\" data-widget_type=\"text-editor.default\">\n\t\t\t\t<div class=\"elementor-widget-container\">\n\t\t\t\t\t\t\t\t\t<p>Meie biopol\u00fcmeerid ja tselluloos asendavad kahjulikke kemikaale sellistes rakendustes nagu pinnakatted, ehitus ja liimid.<\/p>\t\t\t\t\t\t\t\t<\/div>\n\t\t\t\t<\/div>\n\t\t\t\t\t<\/div>\n\t\t\t\t<\/div>\n\t\t\t\t\t<\/div>\n\t\t\t\t<\/div>\n\t\t\t\t<\/div>","protected":false},"excerpt":{"rendered":"<p>Koost\u00f6\u00f6 t\u00f6\u00f6tajate, klientide ja tarnijatega, et edendada meie inimeste j\u00e4tkusuutlikku arengut: LANDU on p\u00fchendunud turvalise, mitmekesise ja kaasava t\u00f6\u00f6koha loomisele, r\u00f5hutades \"ohutus k\u00f5igepealt\" k\u00f5igis tegevustes. me p\u00fc\u00fcame saavutada null vigastust, edendame vaimset ja f\u00fc\u00fcsilist heaolu ning toetame t\u00f6\u00f6tajate arengut pideva \u00f5ppimise ja juhtimisv\u00f5imalustega. Vaata rohkem&gt;&gt; [...]<\/p>","protected":false},"author":1,"featured_media":0,"parent":0,"menu_order":0,"comment_status":"closed","ping_status":"closed","template":"elementor_header_footer","meta":{"footnotes":""},"class_list":["post-257","page","type-page","status-publish","hentry"],"_links":{"self":[{"href":"https:\/\/landu-china.com\/et\/wp-json\/wp\/v2\/pages\/257","targetHints":{"allow":["GET"]}}],"collection":[{"href":"https:\/\/landu-china.com\/et\/wp-json\/wp\/v2\/pages"}],"about":[{"href":"https:\/\/landu-china.com\/et\/wp-json\/wp\/v2\/types\/page"}],"author":[{"embeddable":true,"href":"https:\/\/landu-china.com\/et\/wp-json\/wp\/v2\/users\/1"}],"replies":[{"embeddable":true,"href":"https:\/\/landu-china.com\/et\/wp-json\/wp\/v2\/comments?post=257"}],"version-history":[{"count":85,"href":"https:\/\/landu-china.com\/et\/wp-json\/wp\/v2\/pages\/257\/revisions"}],"predecessor-version":[{"id":3728,"href":"https:\/\/landu-china.com\/et\/wp-json\/wp\/v2\/pages\/257\/revisions\/3728"}],"wp:attachment":[{"href":"https:\/\/landu-china.com\/et\/wp-json\/wp\/v2\/media?parent=257"}],"curies":[{"name":"wp","href":"https:\/\/api.w.org\/{rel}","templated":true}]}}