{"id":17108,"date":"2024-10-31T13:20:46","date_gmt":"2024-10-31T05:20:46","guid":{"rendered":"https:\/\/landu-china.com\/?page_id=17108"},"modified":"2024-11-08T14:07:39","modified_gmt":"2024-11-08T06:07:39","slug":"seinapaber","status":"publish","type":"page","link":"https:\/\/landu-china.com\/et\/turud\/rohkem-turge\/seinapaber\/","title":{"rendered":"Seinapaber"},"content":{"rendered":"<div data-elementor-type=\"wp-page\" data-elementor-id=\"17108\" class=\"elementor elementor-17108\" data-elementor-post-type=\"page\">\n\t\t\t\t<div class=\"elementor-element elementor-element-f81d54a e-flex e-con-boxed e-con e-parent\" data-id=\"f81d54a\" data-element_type=\"container\" data-settings=\"{&quot;background_background&quot;:&quot;classic&quot;,&quot;ekit_has_onepagescroll_dot&quot;:&quot;yes&quot;}\">\n\t\t\t\t\t<div class=\"e-con-inner\">\n\t\t\t\t<div class=\"elementor-element elementor-element-b3a9adb elementor-widget elementor-widget-heading\" data-id=\"b3a9adb\" data-element_type=\"widget\" data-settings=\"{&quot;ekit_we_effect_on&quot;:&quot;none&quot;}\" data-widget_type=\"heading.default\">\n\t\t\t\t<div class=\"elementor-widget-container\">\n\t\t\t\t\t<h1 class=\"elementor-heading-title elementor-size-default\">Seinapaber<\/h1>\t\t\t\t<\/div>\n\t\t\t\t<\/div>\n\t\t\t\t\t<\/div>\n\t\t\t\t<\/div>\n\t\t\t\t<section class=\"elementor-section elementor-top-section elementor-element elementor-element-33b5d928 elementor-section-content-middle elementor-section-boxed elementor-section-height-default elementor-section-height-default\" data-id=\"33b5d928\" data-element_type=\"section\" data-settings=\"{&quot;ekit_has_onepagescroll_dot&quot;:&quot;yes&quot;}\">\n\t\t\t\t\t\t<div class=\"elementor-container elementor-column-gap-default\">\n\t\t\t\t\t<div class=\"elementor-column elementor-col-50 elementor-top-column elementor-element elementor-element-6770edaa\" data-id=\"6770edaa\" data-element_type=\"column\" data-settings=\"{&quot;background_background&quot;:&quot;classic&quot;}\">\n\t\t\t<div class=\"elementor-widget-wrap elementor-element-populated\">\n\t\t\t\t\t\t<div class=\"elementor-element elementor-element-273d1d47 elementor-widget elementor-widget-heading\" data-id=\"273d1d47\" data-element_type=\"widget\" data-settings=\"{&quot;ekit_we_effect_on&quot;:&quot;none&quot;}\" data-widget_type=\"heading.default\">\n\t\t\t\t<div class=\"elementor-widget-container\">\n\t\t\t\t\t<h2 class=\"elementor-heading-title elementor-size-default\">Tselluloos seinapaberis<\/h2>\t\t\t\t<\/div>\n\t\t\t\t<\/div>\n\t\t\t\t<div class=\"elementor-element elementor-element-1cc7c8b elementor-widget-divider--view-line elementor-widget elementor-widget-divider\" data-id=\"1cc7c8b\" data-element_type=\"widget\" data-settings=\"{&quot;ekit_we_effect_on&quot;:&quot;none&quot;}\" data-widget_type=\"divider.default\">\n\t\t\t\t<div class=\"elementor-widget-container\">\n\t\t\t\t\t\t\t<div class=\"elementor-divider\">\n\t\t\t<span class=\"elementor-divider-separator\">\n\t\t\t\t\t\t<\/span>\n\t\t<\/div>\n\t\t\t\t\t\t<\/div>\n\t\t\t\t<\/div>\n\t\t\t\t<div class=\"elementor-element elementor-element-2a0c8c18 elementor-widget elementor-widget-text-editor\" data-id=\"2a0c8c18\" data-element_type=\"widget\" data-settings=\"{&quot;ekit_we_effect_on&quot;:&quot;none&quot;}\" data-widget_type=\"text-editor.default\">\n\t\t\t\t<div class=\"elementor-widget-container\">\n\t\t\t\t\t\t\t\t\t<p>Taimsetest kiududest saadud loodusliku pol\u00fcmeerina on tselluloos t\u00f5husaks sideaineks, mis tagab, et seinapaberi komponendid kleepuvad kindlalt kokku ja s\u00e4ilitavad struktuurilise terviklikkuse. Seda saab kasutada seinapaberi tekstuuri ja viimistluse loomiseks, mis aitab kaasa selle visuaalsele atraktiivsusele. Samuti aitab tselluloos reguleerida niiskustaset, v\u00f5imaldades samal ajal \u00f5huringlust, v\u00e4hendades koorumist v\u00f5i kahjustusi.<\/p>\t\t\t\t\t\t\t\t<\/div>\n\t\t\t\t<\/div>\n\t\t\t\t\t<\/div>\n\t\t<\/div>\n\t\t\t\t<div class=\"elementor-column elementor-col-50 elementor-top-column elementor-element elementor-element-3b9ee209\" data-id=\"3b9ee209\" data-element_type=\"column\" data-settings=\"{&quot;background_background&quot;:&quot;classic&quot;}\">\n\t\t\t<div class=\"elementor-widget-wrap elementor-element-populated\">\n\t\t\t\t\t\t<div class=\"elementor-element elementor-element-2fa1bda elementor-widget elementor-widget-spacer\" data-id=\"2fa1bda\" data-element_type=\"widget\" data-settings=\"{&quot;ekit_we_effect_on&quot;:&quot;none&quot;}\" data-widget_type=\"spacer.default\">\n\t\t\t\t<div class=\"elementor-widget-container\">\n\t\t\t\t\t\t\t<div class=\"elementor-spacer\">\n\t\t\t<div class=\"elementor-spacer-inner\"><\/div>\n\t\t<\/div>\n\t\t\t\t\t\t<\/div>\n\t\t\t\t<\/div>\n\t\t\t\t\t<\/div>\n\t\t<\/div>\n\t\t\t\t\t<\/div>\n\t\t<\/section>\n\t\t\t\t<section class=\"elementor-section elementor-top-section elementor-element elementor-element-fb9d0b1 elementor-section-content-middle elementor-section-boxed elementor-section-height-default elementor-section-height-default\" data-id=\"fb9d0b1\" data-element_type=\"section\" data-settings=\"{&quot;ekit_has_onepagescroll_dot&quot;:&quot;yes&quot;}\">\n\t\t\t\t\t\t<div class=\"elementor-container elementor-column-gap-default\">\n\t\t\t\t\t<div class=\"elementor-column elementor-col-50 elementor-top-column elementor-element elementor-element-f1349db\" data-id=\"f1349db\" data-element_type=\"column\" data-settings=\"{&quot;background_background&quot;:&quot;classic&quot;}\">\n\t\t\t<div class=\"elementor-widget-wrap elementor-element-populated\">\n\t\t\t\t\t\t<div class=\"elementor-element elementor-element-40fc989 elementor-widget elementor-widget-spacer\" data-id=\"40fc989\" data-element_type=\"widget\" data-settings=\"{&quot;ekit_we_effect_on&quot;:&quot;none&quot;}\" data-widget_type=\"spacer.default\">\n\t\t\t\t<div class=\"elementor-widget-container\">\n\t\t\t\t\t\t\t<div class=\"elementor-spacer\">\n\t\t\t<div class=\"elementor-spacer-inner\"><\/div>\n\t\t<\/div>\n\t\t\t\t\t\t<\/div>\n\t\t\t\t<\/div>\n\t\t\t\t\t<\/div>\n\t\t<\/div>\n\t\t\t\t<div class=\"elementor-column elementor-col-50 elementor-top-column elementor-element elementor-element-1437cd1\" data-id=\"1437cd1\" data-element_type=\"column\" data-settings=\"{&quot;background_background&quot;:&quot;classic&quot;}\">\n\t\t\t<div class=\"elementor-widget-wrap elementor-element-populated\">\n\t\t\t\t\t\t<div class=\"elementor-element elementor-element-80ce6bf elementor-widget elementor-widget-heading\" data-id=\"80ce6bf\" data-element_type=\"widget\" data-settings=\"{&quot;ekit_we_effect_on&quot;:&quot;none&quot;}\" data-widget_type=\"heading.default\">\n\t\t\t\t<div class=\"elementor-widget-container\">\n\t\t\t\t\t<h2 class=\"elementor-heading-title elementor-size-default\">LANDU tselluloos: Tapeet: v\u00f5ti ilusate ja vastupidavate tapeetide loomiseks<\/h2>\t\t\t\t<\/div>\n\t\t\t\t<\/div>\n\t\t\t\t<div class=\"elementor-element elementor-element-8f00e23 elementor-widget-divider--view-line elementor-widget elementor-widget-divider\" data-id=\"8f00e23\" data-element_type=\"widget\" data-settings=\"{&quot;ekit_we_effect_on&quot;:&quot;none&quot;}\" data-widget_type=\"divider.default\">\n\t\t\t\t<div class=\"elementor-widget-container\">\n\t\t\t\t\t\t\t<div class=\"elementor-divider\">\n\t\t\t<span class=\"elementor-divider-separator\">\n\t\t\t\t\t\t<\/span>\n\t\t<\/div>\n\t\t\t\t\t\t<\/div>\n\t\t\t\t<\/div>\n\t\t\t\t<div class=\"elementor-element elementor-element-71adb2f elementor-widget elementor-widget-text-editor\" data-id=\"71adb2f\" data-element_type=\"widget\" data-settings=\"{&quot;ekit_we_effect_on&quot;:&quot;none&quot;}\" data-widget_type=\"text-editor.default\">\n\t\t\t\t<div class=\"elementor-widget-container\">\n\t\t\t\t\t\t\t\t\t<p>LANDU seab prioriteediks innovatsiooni ja meie teadus- ja arendustegevuse spetsialistid alati. Me oleme alati valmis aitama teil lahendada v\u00e4ljakutseid ja luua erakordseid tapeedilahendusi. Tehke koost\u00f6\u00f6d LANDU-ga, et saavutada koost\u00f6\u00f6, mis t\u00f5stab teie tooteid ja vastab t\u00e4nap\u00e4eva turu n\u00f5udmistele.<\/p>\t\t\t\t\t\t\t\t<\/div>\n\t\t\t\t<\/div>\n\t\t\t\t<div class=\"elementor-element elementor-element-3f7ebc2 elementor-widget-elementskit-dual-button-center elementor-widget elementor-widget-elementskit-dual-button\" data-id=\"3f7ebc2\" data-element_type=\"widget\" data-settings=\"{&quot;ekit_we_effect_on&quot;:&quot;none&quot;}\" data-widget_type=\"elementskit-dual-button.default\">\n\t\t\t\t<div class=\"elementor-widget-container\">\n\t\t\t\t\t<div class=\"ekit-wid-con\" >\n                <div class=\"ekit-element-align-wrapper\">\n                    <div class=\"ekit_double_button\">                <a class=\"ekit-double-btn ekit-double-btn-one\" href=\"#elementor-action%3Aaction%3Dpopup%3Aopen%26settings%3DeyJpZCI6IjE1MTkiLCJ0b2dnbGUiOmZhbHNlfQ%3D%3D\">\n                    Toote TDS Downlaod                <\/a>\n            \n            <a class=\"ekit-double-btn ekit-double-btn-two\" href=\"#elementor-action%3Aaction%3Dpopup%3Aopen%26settings%3DeyJpZCI6IjE1MTkiLCJ0b2dnbGUiOmZhbHNlfQ%3D%3D\" target=\"_blank\">\n                    Toote ohutuskaardi allalaadimine                <\/a>\n                  <\/div>\n                <\/div>\n            <\/div>\t\t\t\t<\/div>\n\t\t\t\t<\/div>\n\t\t\t\t\t<\/div>\n\t\t<\/div>\n\t\t\t\t\t<\/div>\n\t\t<\/section>\n\t\t\t\t<\/div>","protected":false},"excerpt":{"rendered":"<p>Seinapaber Tselluloos seinapaberis Taimsetest kiududest saadud loodusliku pol\u00fcmeerina on tselluloos t\u00f5hus sideaine, mis tagab seinapaberi komponentide kindla haardumise ja struktuurilise terviklikkuse. Seda saab kasutada seinapaberi tekstuuri ja viimistluse loomiseks, mis aitab kaasa selle visuaalsele atraktiivsusele. Samuti aitab tselluloos reguleerida niiskust [...]<\/p>","protected":false},"author":1,"featured_media":0,"parent":13080,"menu_order":0,"comment_status":"closed","ping_status":"closed","template":"elementor_header_footer","meta":{"footnotes":""},"class_list":["post-17108","page","type-page","status-publish","hentry"],"_links":{"self":[{"href":"https:\/\/landu-china.com\/et\/wp-json\/wp\/v2\/pages\/17108","targetHints":{"allow":["GET"]}}],"collection":[{"href":"https:\/\/landu-china.com\/et\/wp-json\/wp\/v2\/pages"}],"about":[{"href":"https:\/\/landu-china.com\/et\/wp-json\/wp\/v2\/types\/page"}],"author":[{"embeddable":true,"href":"https:\/\/landu-china.com\/et\/wp-json\/wp\/v2\/users\/1"}],"replies":[{"embeddable":true,"href":"https:\/\/landu-china.com\/et\/wp-json\/wp\/v2\/comments?post=17108"}],"version-history":[{"count":16,"href":"https:\/\/landu-china.com\/et\/wp-json\/wp\/v2\/pages\/17108\/revisions"}],"predecessor-version":[{"id":18858,"href":"https:\/\/landu-china.com\/et\/wp-json\/wp\/v2\/pages\/17108\/revisions\/18858"}],"up":[{"embeddable":true,"href":"https:\/\/landu-china.com\/et\/wp-json\/wp\/v2\/pages\/13080"}],"wp:attachment":[{"href":"https:\/\/landu-china.com\/et\/wp-json\/wp\/v2\/media?parent=17108"}],"curies":[{"name":"wp","href":"https:\/\/api.w.org\/{rel}","templated":true}]}}