{"id":14572,"date":"2024-10-22T15:27:20","date_gmt":"2024-10-22T07:27:20","guid":{"rendered":"https:\/\/landu-china.com\/?page_id=14572"},"modified":"2024-11-07T10:38:11","modified_gmt":"2024-11-07T02:38:11","slug":"isikliku-koduhoolduse-ulevaade","status":"publish","type":"page","link":"https:\/\/landu-china.com\/et\/uudised-sundmused\/isikliku-koduhoolduse-ulevaade\/","title":{"rendered":"Isiklik ja koduhooldus Insights"},"content":{"rendered":"<div data-elementor-type=\"wp-page\" data-elementor-id=\"14572\" class=\"elementor elementor-14572\" data-elementor-post-type=\"page\">\n\t\t\t\t<div class=\"elementor-element elementor-element-f81d54a e-flex e-con-boxed e-con e-parent\" data-id=\"f81d54a\" data-element_type=\"container\" data-settings=\"{&quot;background_background&quot;:&quot;classic&quot;,&quot;ekit_has_onepagescroll_dot&quot;:&quot;yes&quot;}\">\n\t\t\t\t\t<div class=\"e-con-inner\">\n\t\t\t\t<div class=\"elementor-element elementor-element-b3a9adb elementor-widget__width-initial elementor-widget elementor-widget-heading\" data-id=\"b3a9adb\" data-element_type=\"widget\" data-settings=\"{&quot;ekit_we_effect_on&quot;:&quot;none&quot;}\" data-widget_type=\"heading.default\">\n\t\t\t\t<div class=\"elementor-widget-container\">\n\t\t\t\t\t<h2 class=\"elementor-heading-title elementor-size-default\">Isiklik ja koduhooldus Insights<\/h2>\t\t\t\t<\/div>\n\t\t\t\t<\/div>\n\t\t\t\t\t<\/div>\n\t\t\t\t<\/div>\n\t\t\t\t<section class=\"elementor-section elementor-top-section elementor-element elementor-element-14f119f elementor-section-full_width elementor-section-height-default elementor-section-height-default\" data-id=\"14f119f\" data-element_type=\"section\" data-settings=\"{&quot;background_background&quot;:&quot;classic&quot;,&quot;ekit_has_onepagescroll_dot&quot;:&quot;yes&quot;}\">\n\t\t\t\t\t\t<div class=\"elementor-container elementor-column-gap-default\">\n\t\t\t\t\t<div class=\"elementor-column elementor-col-100 elementor-top-column elementor-element elementor-element-0d94b74\" data-id=\"0d94b74\" data-element_type=\"column\">\n\t\t\t<div class=\"elementor-widget-wrap elementor-element-populated\">\n\t\t\t\t\t\t<section class=\"elementor-section elementor-inner-section elementor-element elementor-element-32a2a45 elementor-section-boxed elementor-section-height-default elementor-section-height-default\" data-id=\"32a2a45\" data-element_type=\"section\" data-settings=\"{&quot;ekit_has_onepagescroll_dot&quot;:&quot;yes&quot;}\">\n\t\t\t\t\t\t<div class=\"elementor-container elementor-column-gap-default\">\n\t\t\t\t\t<div class=\"elementor-column elementor-col-100 elementor-inner-column elementor-element elementor-element-bc29830\" data-id=\"bc29830\" data-element_type=\"column\">\n\t\t\t<div class=\"elementor-widget-wrap elementor-element-populated\">\n\t\t\t\t\t\t<div class=\"elementor-element elementor-element-2c06974 elementor-widget elementor-widget-elementskit-blog-posts\" data-id=\"2c06974\" data-element_type=\"widget\" data-settings=\"{&quot;ekit_we_effect_on&quot;:&quot;none&quot;}\" data-widget_type=\"elementskit-blog-posts.default\">\n\t\t\t\t<div class=\"elementor-widget-container\">\n\t\t\t\t\t<div class=\"ekit-wid-con\" >\n        <div id=\"post-items--2c06974\" class=\"row post-items ekit-blog-posts-content\" data-enable=\"no\">\n\n\t\t\t<!-- Blog Carousel markup render -->\n\t\t\t\n\n            <div class=\"col-lg-4 col-md-6\">\n\n                                    <div class=\"elementskit-post-image-card\">\n                        <div class=\"elementskit-entry-header\">\n                                                            <a href=\"https:\/\/landu-china.com\/et\/8-tavalist-probleemi-ja-lahendust-pesuaine-koostises-kasutades-hpmc-sulgendit\/\" class=\"elementskit-entry-thumb\">\n                                    <img decoding=\"async\" src=\"https:\/\/landu-china.com\/wp-content\/uploads\/2024\/11\/a-basket-with-detergents-in-the-hands-of-a-woman-1024x682.jpg\" alt=\"8 tavalist probleemi ja lahendust pesuaine koostises, kasutades HPMC paksendajat\">\n                                <\/a><!-- .elementskit-entry-thumb END -->\n                                                            \n                                                            <div class=\"elementskit-meta-categories\">\n                                    <span class=\"elementskit-meta-wraper\">\n                                        <span><a href=\"https:\/\/landu-china.com\/et\/blogi\/\" rel=\"category tag\">Blogi<\/a><\/span><span><a href=\"https:\/\/landu-china.com\/et\/hpmc\/\" rel=\"category tag\">HPMC<\/a><\/span><span><a href=\"https:\/\/landu-china.com\/et\/isikliku-koduhoolduse-ulevaade\/\" rel=\"category tag\">Isiklik ja koduhooldus Insights<\/a><\/span>\n                                    <\/span>\n                                <\/div>\n                            \n                                                    <\/div><!-- .elementskit-entry-header END -->\n\n                        <div class=\"elementskit-post-body\">\n                            \n                                                                                                                <div class=\"post-meta-list\">\n                                                                                                                        <span class=\"post-cat\">\n\n                                <i aria-hidden=\"true\" class=\"icon icon-folder\"><\/i>\n                                <a href=\"https:\/\/landu-china.com\/et\/blogi\/\" rel=\"category tag\">Blogi<\/a> | <a href=\"https:\/\/landu-china.com\/et\/hpmc\/\" rel=\"category tag\">HPMC<\/a> | <a href=\"https:\/\/landu-china.com\/et\/isikliku-koduhoolduse-ulevaade\/\" rel=\"category tag\">Isiklik ja koduhooldus Insights<\/a>                            <\/span>\n                                                                                    <\/div>\n                                                                        \n                                        \n                                                                                                <h2 class=\"entry-title\">\n                    <a href=\"https:\/\/landu-china.com\/et\/8-tavalist-probleemi-ja-lahendust-pesuaine-koostises-kasutades-hpmc-sulgendit\/\">\n                            8 tavalist probleemi ja lahendust pesuaine koostises, kasutades HPMC paksendajat                    <\/a>\n                <\/h2>\n                                                                                                                                                                                            <p>T\u00f5husate puhastusvahendite v\u00e4ljat\u00f6\u00f6tamine n\u00f5uab koostisainete p\u00f5hjalikku tundmist.<\/p>\n                                                                                                                                                        <div class=\"btn-wraper\">\n                                    \n                                                                            <a href=\"https:\/\/landu-china.com\/et\/8-tavalist-probleemi-ja-lahendust-pesuaine-koostises-kasutades-hpmc-sulgendit\/\" class=\"elementskit-btn  whitespace--normal\" >\n                                                                                    Lisateave                                         <\/a>\n                                                                    <\/div>\n                                                    <\/div><!-- .elementskit-post-body END -->\n                    <\/div>\n                \n            <\/div>\t\t\t\t\n\n            <div class=\"col-lg-4 col-md-6\">\n\n                                    <div class=\"elementskit-post-image-card\">\n                        <div class=\"elementskit-entry-header\">\n                                                            <a href=\"https:\/\/landu-china.com\/et\/kuidas-tagada-pesuvahendite-kvaliteet-kasutades-hpmc-d-paksendajana\/\" class=\"elementskit-entry-thumb\">\n                                    <img decoding=\"async\" src=\"https:\/\/landu-china.com\/wp-content\/uploads\/2024\/11\/detergents-and-a-washcloth-with-fresh-flowers-1024x682.jpg\" alt=\"Kuidas tagada pesuvahendite kvaliteet, kasutades HPMC-d paksendajana\">\n                                <\/a><!-- .elementskit-entry-thumb END -->\n                                                            \n                                                            <div class=\"elementskit-meta-categories\">\n                                    <span class=\"elementskit-meta-wraper\">\n                                        <span><a href=\"https:\/\/landu-china.com\/et\/blogi\/\" rel=\"category tag\">Blogi<\/a><\/span><span><a href=\"https:\/\/landu-china.com\/et\/hpmc\/\" rel=\"category tag\">HPMC<\/a><\/span><span><a href=\"https:\/\/landu-china.com\/et\/isikliku-koduhoolduse-ulevaade\/\" rel=\"category tag\">Isiklik ja koduhooldus Insights<\/a><\/span>\n                                    <\/span>\n                                <\/div>\n                            \n                                                    <\/div><!-- .elementskit-entry-header END -->\n\n                        <div class=\"elementskit-post-body\">\n                            \n                                                                                                                <div class=\"post-meta-list\">\n                                                                                                                        <span class=\"post-cat\">\n\n                                <i aria-hidden=\"true\" class=\"icon icon-folder\"><\/i>\n                                <a href=\"https:\/\/landu-china.com\/et\/blogi\/\" rel=\"category tag\">Blogi<\/a> | <a href=\"https:\/\/landu-china.com\/et\/hpmc\/\" rel=\"category tag\">HPMC<\/a> | <a href=\"https:\/\/landu-china.com\/et\/isikliku-koduhoolduse-ulevaade\/\" rel=\"category tag\">Isiklik ja koduhooldus Insights<\/a>                            <\/span>\n                                                                                    <\/div>\n                                                                        \n                                        \n                                                                                                <h2 class=\"entry-title\">\n                    <a href=\"https:\/\/landu-china.com\/et\/kuidas-tagada-pesuvahendite-kvaliteet-kasutades-hpmc-d-paksendajana\/\">\n                            Kuidas tagada pesuvahendite kvaliteet, kasutades HPMC-d paksendajana                    <\/a>\n                <\/h2>\n                                                                                                                                                                                            <p>T\u00e4nap\u00e4eva konkurentsitihedal pesuaineturul on j\u00e4rjepideva kvaliteedi saavutamine ja vastavus<\/p>\n                                                                                                                                                        <div class=\"btn-wraper\">\n                                    \n                                                                            <a href=\"https:\/\/landu-china.com\/et\/kuidas-tagada-pesuvahendite-kvaliteet-kasutades-hpmc-d-paksendajana\/\" class=\"elementskit-btn  whitespace--normal\" >\n                                                                                    Lisateave                                         <\/a>\n                                                                    <\/div>\n                                                    <\/div><!-- .elementskit-post-body END -->\n                    <\/div>\n                \n            <\/div>\t\t\t\t\n\n            <div class=\"col-lg-4 col-md-6\">\n\n                                    <div class=\"elementskit-post-image-card\">\n                        <div class=\"elementskit-entry-header\">\n                                                            <a href=\"https:\/\/landu-china.com\/et\/kuidas-valmistada-pesemisvahendeid-kasutades-hpmc-d-paksendajana-taielik-juhendmaterjal\/\" class=\"elementskit-entry-thumb\">\n                                    <img decoding=\"async\" src=\"https:\/\/landu-china.com\/wp-content\/uploads\/2024\/11\/eco-bag-bottles-with-detergents-and-cleaning-tools-on-light-background-top-view-1024x682.jpg\" alt=\"Kuidas valmistada pesemisvahendeid, kasutades HPMC-d paksendajana: T\u00e4ielik juhend\">\n                                <\/a><!-- .elementskit-entry-thumb END -->\n                                                            \n                                                            <div class=\"elementskit-meta-categories\">\n                                    <span class=\"elementskit-meta-wraper\">\n                                        <span><a href=\"https:\/\/landu-china.com\/et\/blogi\/\" rel=\"category tag\">Blogi<\/a><\/span><span><a href=\"https:\/\/landu-china.com\/et\/hpmc\/\" rel=\"category tag\">HPMC<\/a><\/span><span><a href=\"https:\/\/landu-china.com\/et\/isikliku-koduhoolduse-ulevaade\/\" rel=\"category tag\">Isiklik ja koduhooldus Insights<\/a><\/span>\n                                    <\/span>\n                                <\/div>\n                            \n                                                    <\/div><!-- .elementskit-entry-header END -->\n\n                        <div class=\"elementskit-post-body\">\n                            \n                                                                                                                <div class=\"post-meta-list\">\n                                                                                                                        <span class=\"post-cat\">\n\n                                <i aria-hidden=\"true\" class=\"icon icon-folder\"><\/i>\n                                <a href=\"https:\/\/landu-china.com\/et\/blogi\/\" rel=\"category tag\">Blogi<\/a> | <a href=\"https:\/\/landu-china.com\/et\/hpmc\/\" rel=\"category tag\">HPMC<\/a> | <a href=\"https:\/\/landu-china.com\/et\/isikliku-koduhoolduse-ulevaade\/\" rel=\"category tag\">Isiklik ja koduhooldus Insights<\/a>                            <\/span>\n                                                                                    <\/div>\n                                                                        \n                                        \n                                                                                                <h2 class=\"entry-title\">\n                    <a href=\"https:\/\/landu-china.com\/et\/kuidas-valmistada-pesemisvahendeid-kasutades-hpmc-d-paksendajana-taielik-juhendmaterjal\/\">\n                            Kuidas valmistada pesemisvahendeid, kasutades HPMC-d paksendajana: T\u00e4ielik juhend                    <\/a>\n                <\/h2>\n                                                                                                                                                                                            <p>H\u00fcdroks\u00fcprop\u00fc\u00fclmet\u00fc\u00fcltselluloos (HPMC) on mitmek\u00fclgne ja keskkonnas\u00f5bralik paksendaja, mis on laialt levinud<\/p>\n                                                                                                                                                        <div class=\"btn-wraper\">\n                                    \n                                                                            <a href=\"https:\/\/landu-china.com\/et\/kuidas-valmistada-pesemisvahendeid-kasutades-hpmc-d-paksendajana-taielik-juhendmaterjal\/\" class=\"elementskit-btn  whitespace--normal\" >\n                                                                                    Lisateave                                         <\/a>\n                                                                    <\/div>\n                                                    <\/div><!-- .elementskit-post-body END -->\n                    <\/div>\n                \n            <\/div>\t\t\t\t\n\n            <div class=\"col-lg-4 col-md-6\">\n\n                                    <div class=\"elementskit-post-image-card\">\n                        <div class=\"elementskit-entry-header\">\n                                                            <a href=\"https:\/\/landu-china.com\/et\/okonoomne-vedelseebi-ja-pesuvahendi-koostisesse-kuuluv-lisaaine\/\" class=\"elementskit-entry-thumb\">\n                                    <img decoding=\"async\" src=\"https:\/\/landu-china.com\/wp-content\/uploads\/2024\/11\/134A9527-1024x678.jpg\" alt=\"\u00d6konoomne vedelseebi ja pesuaine koostis - lisaaine\">\n                                <\/a><!-- .elementskit-entry-thumb END -->\n                                                            \n                                                            <div class=\"elementskit-meta-categories\">\n                                    <span class=\"elementskit-meta-wraper\">\n                                        <span><a href=\"https:\/\/landu-china.com\/et\/blogi\/\" rel=\"category tag\">Blogi<\/a><\/span><span><a href=\"https:\/\/landu-china.com\/et\/isikliku-koduhoolduse-ulevaade\/\" rel=\"category tag\">Isiklik ja koduhooldus Insights<\/a><\/span>\n                                    <\/span>\n                                <\/div>\n                            \n                                                    <\/div><!-- .elementskit-entry-header END -->\n\n                        <div class=\"elementskit-post-body\">\n                            \n                                                                                                                <div class=\"post-meta-list\">\n                                                                                                                        <span class=\"post-cat\">\n\n                                <i aria-hidden=\"true\" class=\"icon icon-folder\"><\/i>\n                                <a href=\"https:\/\/landu-china.com\/et\/blogi\/\" rel=\"category tag\">Blogi<\/a> | <a href=\"https:\/\/landu-china.com\/et\/isikliku-koduhoolduse-ulevaade\/\" rel=\"category tag\">Isiklik ja koduhooldus Insights<\/a>                            <\/span>\n                                                                                    <\/div>\n                                                                        \n                                        \n                                                                                                <h2 class=\"entry-title\">\n                    <a href=\"https:\/\/landu-china.com\/et\/okonoomne-vedelseebi-ja-pesuvahendi-koostisesse-kuuluv-lisaaine\/\">\n                            \u00d6konoomne vedelseebi ja pesuaine koostis - lisaaine                    <\/a>\n                <\/h2>\n                                                                                                                                                                                            <p>https:\/\/youtu.be\/fZDQmX5ba80?si=IrQMG-pmG4TuxFCb Tselluloosi eeter on ideaalne paksendaja pesuvahendite kasutamiseks. See suurendab toote<\/p>\n                                                                                                                                                        <div class=\"btn-wraper\">\n                                    \n                                                                            <a href=\"https:\/\/landu-china.com\/et\/okonoomne-vedelseebi-ja-pesuvahendi-koostisesse-kuuluv-lisaaine\/\" class=\"elementskit-btn  whitespace--normal\" >\n                                                                                    Lisateave                                         <\/a>\n                                                                    <\/div>\n                                                    <\/div><!-- .elementskit-post-body END -->\n                    <\/div>\n                \n            <\/div>\t\t\t\t        <\/div>\n        \n        \n                    <div \n            data-ekit-blog-post-style=\"numbered\"\n            class=\"ekit-blog-post-pagination-container ekit-blog-post-pagination-style-numbered\" \n            id=\"post-nagivation--2c06974\">\n                \n            <\/div>\n\n            <\/div>\t\t\t\t<\/div>\n\t\t\t\t<\/div>\n\t\t\t\t\t<\/div>\n\t\t<\/div>\n\t\t\t\t\t<\/div>\n\t\t<\/section>\n\t\t\t\t\t<\/div>\n\t\t<\/div>\n\t\t\t\t\t<\/div>\n\t\t<\/section>\n\t\t\t\t<\/div>","protected":false},"excerpt":{"rendered":"<p>Personal &amp; Home Care Insights BlogPersonal &amp; Home Care Insights Blog | Personal &amp; Home Care Insights \u00d6konoomne vedelseebi ja pesuvahendi koostis - Lisand https:\/\/youtu.be\/fZDQmX5ba80?si=IrQMG-pmG4TuxFCb Tselluloosieeter on ideaalne paksendaja detergentide jaoks. See suurendab toodet Lisateave<\/p>","protected":false},"author":1,"featured_media":0,"parent":517,"menu_order":0,"comment_status":"closed","ping_status":"closed","template":"elementor_header_footer","meta":{"footnotes":""},"class_list":["post-14572","page","type-page","status-publish","hentry"],"_links":{"self":[{"href":"https:\/\/landu-china.com\/et\/wp-json\/wp\/v2\/pages\/14572","targetHints":{"allow":["GET"]}}],"collection":[{"href":"https:\/\/landu-china.com\/et\/wp-json\/wp\/v2\/pages"}],"about":[{"href":"https:\/\/landu-china.com\/et\/wp-json\/wp\/v2\/types\/page"}],"author":[{"embeddable":true,"href":"https:\/\/landu-china.com\/et\/wp-json\/wp\/v2\/users\/1"}],"replies":[{"embeddable":true,"href":"https:\/\/landu-china.com\/et\/wp-json\/wp\/v2\/comments?post=14572"}],"version-history":[{"count":10,"href":"https:\/\/landu-china.com\/et\/wp-json\/wp\/v2\/pages\/14572\/revisions"}],"predecessor-version":[{"id":18557,"href":"https:\/\/landu-china.com\/et\/wp-json\/wp\/v2\/pages\/14572\/revisions\/18557"}],"up":[{"embeddable":true,"href":"https:\/\/landu-china.com\/et\/wp-json\/wp\/v2\/pages\/517"}],"wp:attachment":[{"href":"https:\/\/landu-china.com\/et\/wp-json\/wp\/v2\/media?parent=14572"}],"curies":[{"name":"wp","href":"https:\/\/api.w.org\/{rel}","templated":true}]}}