{"id":14570,"date":"2024-10-22T15:26:59","date_gmt":"2024-10-22T07:26:59","guid":{"rendered":"https:\/\/landu-china.com\/?page_id=14570"},"modified":"2024-11-07T10:27:36","modified_gmt":"2024-11-07T02:27:36","slug":"toiduga-seotud-teadmised","status":"publish","type":"page","link":"https:\/\/landu-china.com\/et\/uudised-sundmused\/toiduga-seotud-teadmised\/","title":{"rendered":"Toidualased teadmised"},"content":{"rendered":"<div data-elementor-type=\"wp-page\" data-elementor-id=\"14570\" class=\"elementor elementor-14570\" data-elementor-post-type=\"page\">\n\t\t\t\t<div class=\"elementor-element elementor-element-f81d54a e-flex e-con-boxed e-con e-parent\" data-id=\"f81d54a\" data-element_type=\"container\" data-settings=\"{&quot;background_background&quot;:&quot;classic&quot;,&quot;ekit_has_onepagescroll_dot&quot;:&quot;yes&quot;}\">\n\t\t\t\t\t<div class=\"e-con-inner\">\n\t\t\t\t<div class=\"elementor-element elementor-element-b3a9adb elementor-widget__width-initial elementor-widget elementor-widget-heading\" data-id=\"b3a9adb\" data-element_type=\"widget\" data-settings=\"{&quot;ekit_we_effect_on&quot;:&quot;none&quot;}\" data-widget_type=\"heading.default\">\n\t\t\t\t<div class=\"elementor-widget-container\">\n\t\t\t\t\t<h2 class=\"elementor-heading-title elementor-size-default\">Toidualased teadmised<\/h2>\t\t\t\t<\/div>\n\t\t\t\t<\/div>\n\t\t\t\t\t<\/div>\n\t\t\t\t<\/div>\n\t\t\t\t<section class=\"elementor-section elementor-top-section elementor-element elementor-element-9788d6d elementor-section-full_width elementor-section-height-default elementor-section-height-default\" data-id=\"9788d6d\" data-element_type=\"section\" data-settings=\"{&quot;background_background&quot;:&quot;classic&quot;,&quot;ekit_has_onepagescroll_dot&quot;:&quot;yes&quot;}\">\n\t\t\t\t\t\t<div class=\"elementor-container elementor-column-gap-default\">\n\t\t\t\t\t<div class=\"elementor-column elementor-col-100 elementor-top-column elementor-element elementor-element-9cb967b\" data-id=\"9cb967b\" data-element_type=\"column\">\n\t\t\t<div class=\"elementor-widget-wrap elementor-element-populated\">\n\t\t\t\t\t\t<section class=\"elementor-section elementor-inner-section elementor-element elementor-element-b9bc6b6 elementor-section-boxed elementor-section-height-default elementor-section-height-default\" data-id=\"b9bc6b6\" data-element_type=\"section\" data-settings=\"{&quot;ekit_has_onepagescroll_dot&quot;:&quot;yes&quot;}\">\n\t\t\t\t\t\t<div class=\"elementor-container elementor-column-gap-default\">\n\t\t\t\t\t<div class=\"elementor-column elementor-col-100 elementor-inner-column elementor-element elementor-element-af4a771\" data-id=\"af4a771\" data-element_type=\"column\">\n\t\t\t<div class=\"elementor-widget-wrap elementor-element-populated\">\n\t\t\t\t\t\t<div class=\"elementor-element elementor-element-b327674 elementor-widget elementor-widget-elementskit-blog-posts\" data-id=\"b327674\" data-element_type=\"widget\" data-settings=\"{&quot;ekit_we_effect_on&quot;:&quot;none&quot;}\" data-widget_type=\"elementskit-blog-posts.default\">\n\t\t\t\t<div class=\"elementor-widget-container\">\n\t\t\t\t\t<div class=\"ekit-wid-con\" >\n        <div id=\"post-items--b327674\" class=\"row post-items ekit-blog-posts-content\" data-enable=\"no\">\n\n\t\t\t<!-- Blog Carousel markup render -->\n\t\t\t\n\n            <div class=\"col-lg-4 col-md-6\">\n\n                                    <div class=\"elementskit-post-image-card\">\n                        <div class=\"elementskit-entry-header\">\n                                                            <a href=\"https:\/\/landu-china.com\/et\/avastage-hudroksupropuultarklis-toidu-lisaainetes-tana\/\" class=\"elementskit-entry-thumb\">\n                                    <img decoding=\"async\" src=\"https:\/\/landu-china.com\/wp-content\/uploads\/2024\/12\/waffles-with-fruit-and-whipped-cream-1024x682.jpg\" alt=\"Avastage h\u00fcdroks\u00fcprop\u00fc\u00fclt\u00e4rklis toidu lisaainetes t\u00e4na\">\n                                <\/a><!-- .elementskit-entry-thumb END -->\n                                                            \n                                                            <div class=\"elementskit-meta-categories\">\n                                    <span class=\"elementskit-meta-wraper\">\n                                        <span><a href=\"https:\/\/landu-china.com\/et\/blogi\/\" rel=\"category tag\">Blogi<\/a><\/span><span><a href=\"https:\/\/landu-china.com\/et\/toiduga-seotud-teadmised\/\" rel=\"category tag\">Toidualased teadmised<\/a><\/span>\n                                    <\/span>\n                                <\/div>\n                            \n                                                    <\/div><!-- .elementskit-entry-header END -->\n\n                        <div class=\"elementskit-post-body\">\n                            \n                                                                                                                <div class=\"post-meta-list\">\n                                                                                                                        <span class=\"post-cat\">\n\n                                <i aria-hidden=\"true\" class=\"icon icon-folder\"><\/i>\n                                <a href=\"https:\/\/landu-china.com\/et\/blogi\/\" rel=\"category tag\">Blogi<\/a> | <a href=\"https:\/\/landu-china.com\/et\/toiduga-seotud-teadmised\/\" rel=\"category tag\">Toidualased teadmised<\/a>                            <\/span>\n                                                                                    <\/div>\n                                                                        \n                                        \n                                                                                                <h2 class=\"entry-title\">\n                    <a href=\"https:\/\/landu-china.com\/et\/avastage-hudroksupropuultarklis-toidu-lisaainetes-tana\/\">\n                            Avastage h\u00fcdroks\u00fcprop\u00fc\u00fclt\u00e4rklis toidu lisaainetes t\u00e4na                    <\/a>\n                <\/h2>\n                                                                                                                                                                                            <p>Toiduteaduse maailm muutub pidevalt. Koostisosad nagu h\u00fcdroks\u00fcprop\u00fc\u00fcl<\/p>\n                                                                                                                                                        <div class=\"btn-wraper\">\n                                    \n                                                                            <a href=\"https:\/\/landu-china.com\/et\/avastage-hudroksupropuultarklis-toidu-lisaainetes-tana\/\" class=\"elementskit-btn  whitespace--normal\" >\n                                                                                    Lisateave                                         <\/a>\n                                                                    <\/div>\n                                                    <\/div><!-- .elementskit-post-body END -->\n                    <\/div>\n                \n            <\/div>\t\t\t\t\n\n            <div class=\"col-lg-4 col-md-6\">\n\n                                    <div class=\"elementskit-post-image-card\">\n                        <div class=\"elementskit-entry-header\">\n                                                            <a href=\"https:\/\/landu-china.com\/et\/mikrokristalliline-tselluloos-toidus-pohjalik-juhend-ja-kasu\/\" class=\"elementskit-entry-thumb\">\n                                    <img decoding=\"async\" src=\"https:\/\/landu-china.com\/wp-content\/uploads\/2024\/11\/festive-background-for-the-jewish-spring-holiday-of-shavuot-lots-of-dairy-products-apples-1024x682.jpg\" alt=\"Mikrokristalliline tselluloos toidus: Tselluloos: P\u00f5hjalik juhend ja eelised\">\n                                <\/a><!-- .elementskit-entry-thumb END -->\n                                                            \n                                                            <div class=\"elementskit-meta-categories\">\n                                    <span class=\"elementskit-meta-wraper\">\n                                        <span><a href=\"https:\/\/landu-china.com\/et\/blogi\/\" rel=\"category tag\">Blogi<\/a><\/span><span><a href=\"https:\/\/landu-china.com\/et\/toiduga-seotud-teadmised\/\" rel=\"category tag\">Toidualased teadmised<\/a><\/span>\n                                    <\/span>\n                                <\/div>\n                            \n                                                    <\/div><!-- .elementskit-entry-header END -->\n\n                        <div class=\"elementskit-post-body\">\n                            \n                                                                                                                <div class=\"post-meta-list\">\n                                                                                                                        <span class=\"post-cat\">\n\n                                <i aria-hidden=\"true\" class=\"icon icon-folder\"><\/i>\n                                <a href=\"https:\/\/landu-china.com\/et\/blogi\/\" rel=\"category tag\">Blogi<\/a> | <a href=\"https:\/\/landu-china.com\/et\/toiduga-seotud-teadmised\/\" rel=\"category tag\">Toidualased teadmised<\/a>                            <\/span>\n                                                                                    <\/div>\n                                                                        \n                                        \n                                                                                                <h2 class=\"entry-title\">\n                    <a href=\"https:\/\/landu-china.com\/et\/mikrokristalliline-tselluloos-toidus-pohjalik-juhend-ja-kasu\/\">\n                            Mikrokristalliline tselluloos toidus: Tselluloos: P\u00f5hjalik juhend ja eelised                    <\/a>\n                <\/h2>\n                                                                                                                                                                                            <p>Mis on mikrokristalliline tselluloos? Mikrokristalliline tselluloos (MCC) on rafineeritud<\/p>\n                                                                                                                                                        <div class=\"btn-wraper\">\n                                    \n                                                                            <a href=\"https:\/\/landu-china.com\/et\/mikrokristalliline-tselluloos-toidus-pohjalik-juhend-ja-kasu\/\" class=\"elementskit-btn  whitespace--normal\" >\n                                                                                    Lisateave                                         <\/a>\n                                                                    <\/div>\n                                                    <\/div><!-- .elementskit-post-body END -->\n                    <\/div>\n                \n            <\/div>\t\t\t\t\n\n            <div class=\"col-lg-4 col-md-6\">\n\n                                    <div class=\"elementskit-post-image-card\">\n                        <div class=\"elementskit-entry-header\">\n                                                            <a href=\"https:\/\/landu-china.com\/et\/karboksumetuultselluloosi-cmc-rakendused-toidus\/\" class=\"elementskit-entry-thumb\">\n                                    <img decoding=\"async\" src=\"https:\/\/landu-china.com\/wp-content\/uploads\/2024\/11\/27572720-1024x682.jpg\" alt=\"Karboks\u00fcmet\u00fc\u00fcltselluloosi (CMC) rakendused toidus\">\n                                <\/a><!-- .elementskit-entry-thumb END -->\n                                                            \n                                                            <div class=\"elementskit-meta-categories\">\n                                    <span class=\"elementskit-meta-wraper\">\n                                        <span><a href=\"https:\/\/landu-china.com\/et\/blogi\/\" rel=\"category tag\">Blogi<\/a><\/span><span><a href=\"https:\/\/landu-china.com\/et\/toiduga-seotud-teadmised\/\" rel=\"category tag\">Toidualased teadmised<\/a><\/span>\n                                    <\/span>\n                                <\/div>\n                            \n                                                    <\/div><!-- .elementskit-entry-header END -->\n\n                        <div class=\"elementskit-post-body\">\n                            \n                                                                                                                <div class=\"post-meta-list\">\n                                                                                                                        <span class=\"post-cat\">\n\n                                <i aria-hidden=\"true\" class=\"icon icon-folder\"><\/i>\n                                <a href=\"https:\/\/landu-china.com\/et\/blogi\/\" rel=\"category tag\">Blogi<\/a> | <a href=\"https:\/\/landu-china.com\/et\/toiduga-seotud-teadmised\/\" rel=\"category tag\">Toidualased teadmised<\/a>                            <\/span>\n                                                                                    <\/div>\n                                                                        \n                                        \n                                                                                                <h2 class=\"entry-title\">\n                    <a href=\"https:\/\/landu-china.com\/et\/karboksumetuultselluloosi-cmc-rakendused-toidus\/\">\n                            Karboks\u00fcmet\u00fc\u00fcltselluloosi (CMC) rakendused toidus                    <\/a>\n                <\/h2>\n                                                                                                                                                                                            <p>Karboks\u00fcmet\u00fc\u00fcltselluloos (CMC) on laialdaselt kasutatav toidulisand, mis on tuntud kui<\/p>\n                                                                                                                                                        <div class=\"btn-wraper\">\n                                    \n                                                                            <a href=\"https:\/\/landu-china.com\/et\/karboksumetuultselluloosi-cmc-rakendused-toidus\/\" class=\"elementskit-btn  whitespace--normal\" >\n                                                                                    Lisateave                                         <\/a>\n                                                                    <\/div>\n                                                    <\/div><!-- .elementskit-post-body END -->\n                    <\/div>\n                \n            <\/div>\t\t\t\t        <\/div>\n        \n        \n                    <div \n            data-ekit-blog-post-style=\"numbered\"\n            class=\"ekit-blog-post-pagination-container ekit-blog-post-pagination-style-numbered\" \n            id=\"post-nagivation--b327674\">\n                \n            <\/div>\n\n            <\/div>\t\t\t\t<\/div>\n\t\t\t\t<\/div>\n\t\t\t\t\t<\/div>\n\t\t<\/div>\n\t\t\t\t\t<\/div>\n\t\t<\/section>\n\t\t\t\t\t<\/div>\n\t\t<\/div>\n\t\t\t\t\t<\/div>\n\t\t<\/section>\n\t\t\t\t<\/div>","protected":false},"excerpt":{"rendered":"<p>Food Insights Pharmaceutical InsightsBlogFood Insights Pharmaceutical Insights | Blog | Food Insights Karboks\u00fcmet\u00fc\u00fcltselluloosi (CMC) rakendused toidus Karboks\u00fcmet\u00fc\u00fcltselluloos (CMC) on laialdaselt kasutatav toidulisand, mis on tuntud Lisateave...<\/p>","protected":false},"author":1,"featured_media":0,"parent":517,"menu_order":0,"comment_status":"closed","ping_status":"closed","template":"elementor_header_footer","meta":{"footnotes":""},"class_list":["post-14570","page","type-page","status-publish","hentry"],"_links":{"self":[{"href":"https:\/\/landu-china.com\/et\/wp-json\/wp\/v2\/pages\/14570","targetHints":{"allow":["GET"]}}],"collection":[{"href":"https:\/\/landu-china.com\/et\/wp-json\/wp\/v2\/pages"}],"about":[{"href":"https:\/\/landu-china.com\/et\/wp-json\/wp\/v2\/types\/page"}],"author":[{"embeddable":true,"href":"https:\/\/landu-china.com\/et\/wp-json\/wp\/v2\/users\/1"}],"replies":[{"embeddable":true,"href":"https:\/\/landu-china.com\/et\/wp-json\/wp\/v2\/comments?post=14570"}],"version-history":[{"count":7,"href":"https:\/\/landu-china.com\/et\/wp-json\/wp\/v2\/pages\/14570\/revisions"}],"predecessor-version":[{"id":18526,"href":"https:\/\/landu-china.com\/et\/wp-json\/wp\/v2\/pages\/14570\/revisions\/18526"}],"up":[{"embeddable":true,"href":"https:\/\/landu-china.com\/et\/wp-json\/wp\/v2\/pages\/517"}],"wp:attachment":[{"href":"https:\/\/landu-china.com\/et\/wp-json\/wp\/v2\/media?parent=14570"}],"curies":[{"name":"wp","href":"https:\/\/api.w.org\/{rel}","templated":true}]}}