{"id":17107,"date":"2024-10-31T13:20:27","date_gmt":"2024-10-31T05:20:27","guid":{"rendered":"https:\/\/landu-china.com\/?page_id=17107"},"modified":"2024-11-08T13:58:46","modified_gmt":"2024-11-08T05:58:46","slug":"perforacion-petrolifera","status":"publish","type":"page","link":"https:\/\/landu-china.com\/es\/mercados\/mas-mercados\/perforacion-petrolifera\/","title":{"rendered":"Perforaci\u00f3n petrol\u00edfera"},"content":{"rendered":"<div data-elementor-type=\"wp-page\" data-elementor-id=\"17107\" class=\"elementor elementor-17107\" data-elementor-post-type=\"page\">\n\t\t\t\t<div class=\"elementor-element elementor-element-f81d54a e-flex e-con-boxed e-con e-parent\" data-id=\"f81d54a\" data-element_type=\"container\" data-settings=\"{&quot;background_background&quot;:&quot;classic&quot;,&quot;ekit_has_onepagescroll_dot&quot;:&quot;yes&quot;}\">\n\t\t\t\t\t<div class=\"e-con-inner\">\n\t\t\t\t<div class=\"elementor-element elementor-element-b3a9adb elementor-widget elementor-widget-heading\" data-id=\"b3a9adb\" data-element_type=\"widget\" data-settings=\"{&quot;ekit_we_effect_on&quot;:&quot;none&quot;}\" data-widget_type=\"heading.default\">\n\t\t\t\t<div class=\"elementor-widget-container\">\n\t\t\t\t\t<h2 class=\"elementor-heading-title elementor-size-default\">Perforaci\u00f3n petrol\u00edfera<\/h2>\t\t\t\t<\/div>\n\t\t\t\t<\/div>\n\t\t\t\t<div class=\"elementor-element elementor-element-833d792 elementor-widget elementor-widget-text-editor\" data-id=\"833d792\" data-element_type=\"widget\" data-settings=\"{&quot;ekit_we_effect_on&quot;:&quot;none&quot;}\" data-widget_type=\"text-editor.default\">\n\t\t\t\t<div class=\"elementor-widget-container\">\n\t\t\t\t\t\t\t\t\t<p>Para las soluciones de bater\u00edas ofrecemos un alto rendimiento y una mayor vida \u00fatil.<\/p>\t\t\t\t\t\t\t\t<\/div>\n\t\t\t\t<\/div>\n\t\t\t\t\t<\/div>\n\t\t\t\t<\/div>\n\t\t\t\t<section class=\"elementor-section elementor-top-section elementor-element elementor-element-33b5d928 elementor-section-content-middle elementor-section-boxed elementor-section-height-default elementor-section-height-default\" data-id=\"33b5d928\" data-element_type=\"section\" data-settings=\"{&quot;ekit_has_onepagescroll_dot&quot;:&quot;yes&quot;}\">\n\t\t\t\t\t\t<div class=\"elementor-container elementor-column-gap-default\">\n\t\t\t\t\t<div class=\"elementor-column elementor-col-50 elementor-top-column elementor-element elementor-element-6770edaa\" data-id=\"6770edaa\" data-element_type=\"column\" data-settings=\"{&quot;background_background&quot;:&quot;classic&quot;}\">\n\t\t\t<div class=\"elementor-widget-wrap elementor-element-populated\">\n\t\t\t\t\t\t<div class=\"elementor-element elementor-element-273d1d47 elementor-widget elementor-widget-heading\" data-id=\"273d1d47\" data-element_type=\"widget\" data-settings=\"{&quot;ekit_we_effect_on&quot;:&quot;none&quot;}\" data-widget_type=\"heading.default\">\n\t\t\t\t<div class=\"elementor-widget-container\">\n\t\t\t\t\t<h2 class=\"elementor-heading-title elementor-size-default\">La celulosa en las perforaciones petrol\u00edferas<\/h2>\t\t\t\t<\/div>\n\t\t\t\t<\/div>\n\t\t\t\t<div class=\"elementor-element elementor-element-1cc7c8b elementor-widget-divider--view-line elementor-widget elementor-widget-divider\" data-id=\"1cc7c8b\" data-element_type=\"widget\" data-settings=\"{&quot;ekit_we_effect_on&quot;:&quot;none&quot;}\" data-widget_type=\"divider.default\">\n\t\t\t\t<div class=\"elementor-widget-container\">\n\t\t\t\t\t\t\t<div class=\"elementor-divider\">\n\t\t\t<span class=\"elementor-divider-separator\">\n\t\t\t\t\t\t<\/span>\n\t\t<\/div>\n\t\t\t\t\t\t<\/div>\n\t\t\t\t<\/div>\n\t\t\t\t<div class=\"elementor-element elementor-element-2a0c8c18 elementor-widget elementor-widget-text-editor\" data-id=\"2a0c8c18\" data-element_type=\"widget\" data-settings=\"{&quot;ekit_we_effect_on&quot;:&quot;none&quot;}\" data-widget_type=\"text-editor.default\">\n\t\t\t\t<div class=\"elementor-widget-container\">\n\t\t\t\t\t\t\t\t\t<p>Los aditivos a base de celulosa ofrecen una alternativa ecol\u00f3gica a los productos qu\u00edmicos sint\u00e9ticos. Puede ayudar a controlar la viscosidad de los fluidos de perforaci\u00f3n, garantizando que el lodo de perforaci\u00f3n mantenga la consistencia adecuada para transportar los recortes a la superficie. La celulosa tambi\u00e9n proporciona un efecto lubricante en los fluidos de perforaci\u00f3n, reduciendo la fricci\u00f3n entre la sarta de perforaci\u00f3n y el pozo. Estas propiedades hacen de la celulosa un componente clave para mejorar la eficacia de la perforaci\u00f3n.<\/p>\t\t\t\t\t\t\t\t<\/div>\n\t\t\t\t<\/div>\n\t\t\t\t\t<\/div>\n\t\t<\/div>\n\t\t\t\t<div class=\"elementor-column elementor-col-50 elementor-top-column elementor-element elementor-element-3b9ee209\" data-id=\"3b9ee209\" data-element_type=\"column\" data-settings=\"{&quot;background_background&quot;:&quot;classic&quot;}\">\n\t\t\t<div class=\"elementor-widget-wrap elementor-element-populated\">\n\t\t\t\t\t\t<div class=\"elementor-element elementor-element-2fa1bda elementor-widget elementor-widget-spacer\" data-id=\"2fa1bda\" data-element_type=\"widget\" data-settings=\"{&quot;ekit_we_effect_on&quot;:&quot;none&quot;}\" data-widget_type=\"spacer.default\">\n\t\t\t\t<div class=\"elementor-widget-container\">\n\t\t\t\t\t\t\t<div class=\"elementor-spacer\">\n\t\t\t<div class=\"elementor-spacer-inner\"><\/div>\n\t\t<\/div>\n\t\t\t\t\t\t<\/div>\n\t\t\t\t<\/div>\n\t\t\t\t\t<\/div>\n\t\t<\/div>\n\t\t\t\t\t<\/div>\n\t\t<\/section>\n\t\t\t\t<section class=\"elementor-section elementor-top-section elementor-element elementor-element-fb9d0b1 elementor-section-content-middle elementor-section-boxed elementor-section-height-default elementor-section-height-default\" data-id=\"fb9d0b1\" data-element_type=\"section\" data-settings=\"{&quot;ekit_has_onepagescroll_dot&quot;:&quot;yes&quot;}\">\n\t\t\t\t\t\t<div class=\"elementor-container elementor-column-gap-default\">\n\t\t\t\t\t<div class=\"elementor-column elementor-col-50 elementor-top-column elementor-element elementor-element-f1349db\" data-id=\"f1349db\" data-element_type=\"column\" data-settings=\"{&quot;background_background&quot;:&quot;classic&quot;}\">\n\t\t\t<div class=\"elementor-widget-wrap elementor-element-populated\">\n\t\t\t\t\t\t<div class=\"elementor-element elementor-element-40fc989 elementor-widget elementor-widget-spacer\" data-id=\"40fc989\" data-element_type=\"widget\" data-settings=\"{&quot;ekit_we_effect_on&quot;:&quot;none&quot;}\" data-widget_type=\"spacer.default\">\n\t\t\t\t<div class=\"elementor-widget-container\">\n\t\t\t\t\t\t\t<div class=\"elementor-spacer\">\n\t\t\t<div class=\"elementor-spacer-inner\"><\/div>\n\t\t<\/div>\n\t\t\t\t\t\t<\/div>\n\t\t\t\t<\/div>\n\t\t\t\t\t<\/div>\n\t\t<\/div>\n\t\t\t\t<div class=\"elementor-column elementor-col-50 elementor-top-column elementor-element elementor-element-1437cd1\" data-id=\"1437cd1\" data-element_type=\"column\" data-settings=\"{&quot;background_background&quot;:&quot;classic&quot;}\">\n\t\t\t<div class=\"elementor-widget-wrap elementor-element-populated\">\n\t\t\t\t\t\t<div class=\"elementor-element elementor-element-80ce6bf elementor-widget elementor-widget-heading\" data-id=\"80ce6bf\" data-element_type=\"widget\" data-settings=\"{&quot;ekit_we_effect_on&quot;:&quot;none&quot;}\" data-widget_type=\"heading.default\">\n\t\t\t\t<div class=\"elementor-widget-container\">\n\t\t\t\t\t<h2 class=\"elementor-heading-title elementor-size-default\">Aumente la eficacia de la perforaci\u00f3n con los aditivos de celulosa de alta calidad de LANDU<\/h2>\t\t\t\t<\/div>\n\t\t\t\t<\/div>\n\t\t\t\t<div class=\"elementor-element elementor-element-8f00e23 elementor-widget-divider--view-line elementor-widget elementor-widget-divider\" data-id=\"8f00e23\" data-element_type=\"widget\" data-settings=\"{&quot;ekit_we_effect_on&quot;:&quot;none&quot;}\" data-widget_type=\"divider.default\">\n\t\t\t\t<div class=\"elementor-widget-container\">\n\t\t\t\t\t\t\t<div class=\"elementor-divider\">\n\t\t\t<span class=\"elementor-divider-separator\">\n\t\t\t\t\t\t<\/span>\n\t\t<\/div>\n\t\t\t\t\t\t<\/div>\n\t\t\t\t<\/div>\n\t\t\t\t<div class=\"elementor-element elementor-element-71adb2f elementor-widget elementor-widget-text-editor\" data-id=\"71adb2f\" data-element_type=\"widget\" data-settings=\"{&quot;ekit_we_effect_on&quot;:&quot;none&quot;}\" data-widget_type=\"text-editor.default\">\n\t\t\t\t<div class=\"elementor-widget-container\">\n\t\t\t\t\t\t\t\t\t<p>LANDU ofrece celulosa de alta calidad dise\u00f1ada espec\u00edficamente para aplicaciones de perforaci\u00f3n petrol\u00edfera. Nuestros productos de celulosa incluyen hidroxipropilmetilcelulosa (HPMC) y carboximetilcelulosa (CMC). Estos aditivos ecol\u00f3gicos mejoran la eficacia de las operaciones de perforaci\u00f3n al tiempo que minimizan el impacto medioambiental. Con la celulosa de LANDU, puede conseguir un rendimiento y una seguridad \u00f3ptimos en sus proyectos de perforaci\u00f3n petrol\u00edfera.<\/p>\t\t\t\t\t\t\t\t<\/div>\n\t\t\t\t<\/div>\n\t\t\t\t<div class=\"elementor-element elementor-element-3f7ebc2 elementor-widget-elementskit-dual-button-center elementor-widget elementor-widget-elementskit-dual-button\" data-id=\"3f7ebc2\" data-element_type=\"widget\" data-settings=\"{&quot;ekit_we_effect_on&quot;:&quot;none&quot;}\" data-widget_type=\"elementskit-dual-button.default\">\n\t\t\t\t<div class=\"elementor-widget-container\">\n\t\t\t\t\t<div class=\"ekit-wid-con\" >\n                <div class=\"ekit-element-align-wrapper\">\n                    <div class=\"ekit_double_button\">                <a class=\"ekit-double-btn ekit-double-btn-one\" href=\"#elementor-action%3Aaction%3Dpopup%3Aopen%26settings%3DeyJpZCI6IjE1MTkiLCJ0b2dnbGUiOmZhbHNlfQ%3D%3D\">\n                    Descarga del producto TDS                <\/a>\n            \n            <a class=\"ekit-double-btn ekit-double-btn-two\" href=\"#elementor-action%3Aaction%3Dpopup%3Aopen%26settings%3DeyJpZCI6IjE1MTkiLCJ0b2dnbGUiOmZhbHNlfQ%3D%3D\" target=\"_blank\">\n                    Descarga de fichas de datos de seguridad del producto                <\/a>\n                  <\/div>\n                <\/div>\n            <\/div>\t\t\t\t<\/div>\n\t\t\t\t<\/div>\n\t\t\t\t\t<\/div>\n\t\t<\/div>\n\t\t\t\t\t<\/div>\n\t\t<\/section>\n\t\t\t\t<\/div>","protected":false},"excerpt":{"rendered":"<p>Perforaci\u00f3n petrol\u00edfera Para las soluciones de bater\u00edas ofrecemos un alto rendimiento y una mayor vida \u00fatil. Celulosa en la perforaci\u00f3n petrol\u00edfera Los aditivos a base de celulosa ofrecen una alternativa ecol\u00f3gica a los productos qu\u00edmicos sint\u00e9ticos. Puede ayudar a controlar la viscosidad de los fluidos de perforaci\u00f3n, garantizando que el lodo de perforaci\u00f3n mantenga la consistencia adecuada para transportar los recortes a la superficie. La celulosa tambi\u00e9n proporciona una lubricaci\u00f3n [...]<\/p>","protected":false},"author":1,"featured_media":0,"parent":13080,"menu_order":0,"comment_status":"closed","ping_status":"closed","template":"elementor_header_footer","meta":{"footnotes":""},"class_list":["post-17107","page","type-page","status-publish","hentry"],"_links":{"self":[{"href":"https:\/\/landu-china.com\/es\/wp-json\/wp\/v2\/pages\/17107","targetHints":{"allow":["GET"]}}],"collection":[{"href":"https:\/\/landu-china.com\/es\/wp-json\/wp\/v2\/pages"}],"about":[{"href":"https:\/\/landu-china.com\/es\/wp-json\/wp\/v2\/types\/page"}],"author":[{"embeddable":true,"href":"https:\/\/landu-china.com\/es\/wp-json\/wp\/v2\/users\/1"}],"replies":[{"embeddable":true,"href":"https:\/\/landu-china.com\/es\/wp-json\/wp\/v2\/comments?post=17107"}],"version-history":[{"count":16,"href":"https:\/\/landu-china.com\/es\/wp-json\/wp\/v2\/pages\/17107\/revisions"}],"predecessor-version":[{"id":18835,"href":"https:\/\/landu-china.com\/es\/wp-json\/wp\/v2\/pages\/17107\/revisions\/18835"}],"up":[{"embeddable":true,"href":"https:\/\/landu-china.com\/es\/wp-json\/wp\/v2\/pages\/13080"}],"wp:attachment":[{"href":"https:\/\/landu-china.com\/es\/wp-json\/wp\/v2\/media?parent=17107"}],"curies":[{"name":"wp","href":"https:\/\/api.w.org\/{rel}","templated":true}]}}