{"id":8483,"date":"2024-10-10T10:21:00","date_gmt":"2024-10-10T02:21:00","guid":{"rendered":"https:\/\/landu-china.com\/?page_id=8483"},"modified":"2024-11-14T13:21:48","modified_gmt":"2024-11-14T05:21:48","slug":"frittierte-lebensmittel","status":"publish","type":"page","link":"https:\/\/landu-china.com\/de\/markte\/lebensmittel-und-getrankeindustrie\/frittierte-lebensmittel\/","title":{"rendered":"Frittiertes Essen"},"content":{"rendered":"<div data-elementor-type=\"wp-page\" data-elementor-id=\"8483\" class=\"elementor elementor-8483\" data-elementor-post-type=\"page\">\n\t\t\t\t<div class=\"elementor-element elementor-element-f81d54a e-flex e-con-boxed e-con e-parent\" data-id=\"f81d54a\" data-element_type=\"container\" data-settings=\"{&quot;background_background&quot;:&quot;classic&quot;,&quot;ekit_has_onepagescroll_dot&quot;:&quot;yes&quot;}\">\n\t\t\t\t\t<div class=\"e-con-inner\">\n\t\t\t\t<div class=\"elementor-element elementor-element-b3a9adb elementor-widget__width-initial elementor-widget elementor-widget-heading\" data-id=\"b3a9adb\" data-element_type=\"widget\" data-settings=\"{&quot;ekit_we_effect_on&quot;:&quot;none&quot;}\" data-widget_type=\"heading.default\">\n\t\t\t\t<div class=\"elementor-widget-container\">\n\t\t\t\t\t<h1 class=\"elementor-heading-title elementor-size-default\">Frittiertes Essen<\/h1>\t\t\t\t<\/div>\n\t\t\t\t<\/div>\n\t\t\t\t\t<\/div>\n\t\t\t\t<\/div>\n\t\t<div class=\"elementor-element elementor-element-1176d56 e-flex e-con-boxed e-con e-parent\" data-id=\"1176d56\" data-element_type=\"container\" data-settings=\"{&quot;ekit_has_onepagescroll_dot&quot;:&quot;yes&quot;}\">\n\t\t\t\t\t<div class=\"e-con-inner\">\n\t\t<div class=\"elementor-element elementor-element-c7d59b8 e-con-full e-flex e-con e-child\" data-id=\"c7d59b8\" data-element_type=\"container\" data-settings=\"{&quot;ekit_has_onepagescroll_dot&quot;:&quot;yes&quot;}\">\n\t\t\t\t<div class=\"elementor-element elementor-element-c56aad6 elementor-invisible elementor-widget elementor-widget-heading\" data-id=\"c56aad6\" data-element_type=\"widget\" data-settings=\"{&quot;_animation&quot;:&quot;fadeIn&quot;,&quot;ekit_we_effect_on&quot;:&quot;none&quot;}\" data-widget_type=\"heading.default\">\n\t\t\t\t<div class=\"elementor-widget-container\">\n\t\t\t\t\t<h2 class=\"elementor-heading-title elementor-size-default\">L\u00f6sungen f\u00fcr frittierte Lebensmittel<\/h2>\t\t\t\t<\/div>\n\t\t\t\t<\/div>\n\t\t\t\t<\/div>\n\t\t<div class=\"elementor-element elementor-element-d014de0 e-con-full e-flex e-con e-child\" data-id=\"d014de0\" data-element_type=\"container\" data-settings=\"{&quot;ekit_has_onepagescroll_dot&quot;:&quot;yes&quot;}\">\n\t\t\t\t<div class=\"elementor-element elementor-element-4a0eecb elementor-widget elementor-widget-text-editor\" data-id=\"4a0eecb\" data-element_type=\"widget\" data-settings=\"{&quot;ekit_we_effect_on&quot;:&quot;none&quot;}\" data-widget_type=\"text-editor.default\">\n\t\t\t\t<div class=\"elementor-widget-container\">\n\t\t\t\t\t\t\t\t\t<p>Frittieren: Verfahren, bei dem Hitze und \u00d6l \u00fcbertragen werden, um die gew\u00fcnschte Konsistenz der Lebensmittel zu erzielen. Frittierte Lebensmittel sind ein wichtiger Bestandteil dieser globalen Tradition.<\/p><p>Die Reduzierung von Nahrungsfett ist den Verbrauchern wichtig, was zu Forschungen \u00fcber die Minimierung der Fettaufnahme beim Frittieren gef\u00fchrt hat. Die Verwendung von Hydrokolloiden im Teig und die Bildung von Gelen mit Methylcellulose (MC) und Hydroxypropylmethylcellulose (HPMC) k\u00f6nnen helfen.<\/p>\t\t\t\t\t\t\t\t<\/div>\n\t\t\t\t<\/div>\n\t\t\t\t<\/div>\n\t\t\t\t\t<\/div>\n\t\t\t\t<\/div>\n\t\t<div class=\"elementor-element elementor-element-eb06f6e e-flex e-con-boxed e-con e-parent\" data-id=\"eb06f6e\" data-element_type=\"container\" data-settings=\"{&quot;ekit_has_onepagescroll_dot&quot;:&quot;yes&quot;}\">\n\t\t\t\t\t<div class=\"e-con-inner\">\n\t\t<div class=\"elementor-element elementor-element-f39770a e-con-full e-flex e-con e-child\" data-id=\"f39770a\" data-element_type=\"container\" data-settings=\"{&quot;ekit_has_onepagescroll_dot&quot;:&quot;yes&quot;}\">\n\t\t\t\t<div class=\"elementor-element elementor-element-3e88644 elementor-widget elementor-widget-image\" data-id=\"3e88644\" data-element_type=\"widget\" data-settings=\"{&quot;ekit_we_effect_on&quot;:&quot;none&quot;}\" data-widget_type=\"image.default\">\n\t\t\t\t<div class=\"elementor-widget-container\">\n\t\t\t\t\t\t\t\t\t\t\t\t\t\t\t<img fetchpriority=\"high\" decoding=\"async\" width=\"800\" height=\"533\" src=\"https:\/\/landu-china.com\/wp-content\/uploads\/2024\/10\/fried-chicken-strips-and-french-fries-board-with-sauces-and-celery-1024x682.jpg\" class=\"attachment-large size-large wp-image-9346\" alt=\"Gebratene H\u00e4hnchenstreifen und Pommes frites mit Saucen und Sellerie\" srcset=\"https:\/\/landu-china.com\/wp-content\/uploads\/2024\/10\/fried-chicken-strips-and-french-fries-board-with-sauces-and-celery-1024x682.jpg 1024w, https:\/\/landu-china.com\/wp-content\/uploads\/2024\/10\/fried-chicken-strips-and-french-fries-board-with-sauces-and-celery-300x200.jpg 300w, https:\/\/landu-china.com\/wp-content\/uploads\/2024\/10\/fried-chicken-strips-and-french-fries-board-with-sauces-and-celery-768x512.jpg 768w, https:\/\/landu-china.com\/wp-content\/uploads\/2024\/10\/fried-chicken-strips-and-french-fries-board-with-sauces-and-celery-1536x1024.jpg 1536w, https:\/\/landu-china.com\/wp-content\/uploads\/2024\/10\/fried-chicken-strips-and-french-fries-board-with-sauces-and-celery.jpg 2000w\" sizes=\"(max-width: 800px) 100vw, 800px\" \/>\t\t\t\t\t\t\t\t\t\t\t\t\t\t\t<\/div>\n\t\t\t\t<\/div>\n\t\t\t\t<\/div>\n\t\t<div class=\"elementor-element elementor-element-5d80d88 e-con-full e-flex e-con e-child\" data-id=\"5d80d88\" data-element_type=\"container\" data-settings=\"{&quot;ekit_has_onepagescroll_dot&quot;:&quot;yes&quot;}\">\n\t\t\t\t<div class=\"elementor-element elementor-element-5f1012b elementor-widget elementor-widget-image\" data-id=\"5f1012b\" data-element_type=\"widget\" data-settings=\"{&quot;ekit_we_effect_on&quot;:&quot;none&quot;}\" data-widget_type=\"image.default\">\n\t\t\t\t<div class=\"elementor-widget-container\">\n\t\t\t\t\t\t\t\t\t\t\t\t\t\t\t<img decoding=\"async\" width=\"800\" height=\"532\" src=\"https:\/\/landu-china.com\/wp-content\/uploads\/2024\/10\/fried-fish-sticks-with-french-fries-british-fish-and-chips-fried-potato-1024x681.jpg\" class=\"attachment-large size-large wp-image-9347\" alt=\"Frittierte Fischst\u00e4bchen mit Pommes frites. Britische Fish and Chips, Bratkartoffeln\" srcset=\"https:\/\/landu-china.com\/wp-content\/uploads\/2024\/10\/fried-fish-sticks-with-french-fries-british-fish-and-chips-fried-potato-1024x681.jpg 1024w, https:\/\/landu-china.com\/wp-content\/uploads\/2024\/10\/fried-fish-sticks-with-french-fries-british-fish-and-chips-fried-potato-300x200.jpg 300w, https:\/\/landu-china.com\/wp-content\/uploads\/2024\/10\/fried-fish-sticks-with-french-fries-british-fish-and-chips-fried-potato-768x511.jpg 768w, https:\/\/landu-china.com\/wp-content\/uploads\/2024\/10\/fried-fish-sticks-with-french-fries-british-fish-and-chips-fried-potato-1536x1022.jpg 1536w, https:\/\/landu-china.com\/wp-content\/uploads\/2024\/10\/fried-fish-sticks-with-french-fries-british-fish-and-chips-fried-potato.jpg 2000w\" sizes=\"(max-width: 800px) 100vw, 800px\" \/>\t\t\t\t\t\t\t\t\t\t\t\t\t\t\t<\/div>\n\t\t\t\t<\/div>\n\t\t\t\t<\/div>\n\t\t<div class=\"elementor-element elementor-element-980678e e-con-full e-flex e-con e-child\" data-id=\"980678e\" data-element_type=\"container\" data-settings=\"{&quot;ekit_has_onepagescroll_dot&quot;:&quot;yes&quot;}\">\n\t\t\t\t<div class=\"elementor-element elementor-element-fdd6b99 elementor-widget elementor-widget-image\" data-id=\"fdd6b99\" data-element_type=\"widget\" data-settings=\"{&quot;ekit_we_effect_on&quot;:&quot;none&quot;}\" data-widget_type=\"image.default\">\n\t\t\t\t<div class=\"elementor-widget-container\">\n\t\t\t\t\t\t\t\t\t\t\t\t\t\t\t<img decoding=\"async\" width=\"800\" height=\"533\" src=\"https:\/\/landu-china.com\/wp-content\/uploads\/2024\/10\/fried-mozzarella-tasty-and-delicious-food-delicious-fried-food-1024x682.jpg\" class=\"attachment-large size-large wp-image-9351\" alt=\"Gebratener Mozzarella, schmackhaftes und leckeres Essen, leckeres gebratenes Essen\" srcset=\"https:\/\/landu-china.com\/wp-content\/uploads\/2024\/10\/fried-mozzarella-tasty-and-delicious-food-delicious-fried-food-1024x682.jpg 1024w, https:\/\/landu-china.com\/wp-content\/uploads\/2024\/10\/fried-mozzarella-tasty-and-delicious-food-delicious-fried-food-300x200.jpg 300w, https:\/\/landu-china.com\/wp-content\/uploads\/2024\/10\/fried-mozzarella-tasty-and-delicious-food-delicious-fried-food-768x512.jpg 768w, https:\/\/landu-china.com\/wp-content\/uploads\/2024\/10\/fried-mozzarella-tasty-and-delicious-food-delicious-fried-food-1536x1024.jpg 1536w, https:\/\/landu-china.com\/wp-content\/uploads\/2024\/10\/fried-mozzarella-tasty-and-delicious-food-delicious-fried-food.jpg 2000w\" sizes=\"(max-width: 800px) 100vw, 800px\" \/>\t\t\t\t\t\t\t\t\t\t\t\t\t\t\t<\/div>\n\t\t\t\t<\/div>\n\t\t\t\t<\/div>\n\t\t\t\t\t<\/div>\n\t\t\t\t<\/div>\n\t\t<div class=\"elementor-element elementor-element-398f530a e-flex e-con-boxed e-con e-parent\" data-id=\"398f530a\" data-element_type=\"container\" data-settings=\"{&quot;background_background&quot;:&quot;classic&quot;,&quot;ekit_has_onepagescroll_dot&quot;:&quot;yes&quot;}\">\n\t\t\t\t\t<div class=\"e-con-inner\">\n\t\t<div class=\"elementor-element elementor-element-5beeff92 e-con-full e-flex e-con e-child\" data-id=\"5beeff92\" data-element_type=\"container\" data-settings=\"{&quot;ekit_has_onepagescroll_dot&quot;:&quot;yes&quot;}\">\n\t\t<div class=\"elementor-element elementor-element-24c76b61 e-flex e-con-boxed e-con e-child\" data-id=\"24c76b61\" data-element_type=\"container\" data-settings=\"{&quot;ekit_has_onepagescroll_dot&quot;:&quot;yes&quot;}\">\n\t\t\t\t\t<div class=\"e-con-inner\">\n\t\t\t\t<div class=\"elementor-element elementor-element-867c786 elementor-invisible elementor-widget elementor-widget-heading\" data-id=\"867c786\" data-element_type=\"widget\" data-settings=\"{&quot;_animation&quot;:&quot;fadeIn&quot;,&quot;ekit_we_effect_on&quot;:&quot;none&quot;}\" data-widget_type=\"heading.default\">\n\t\t\t\t<div class=\"elementor-widget-container\">\n\t\t\t\t\t<h2 class=\"elementor-heading-title elementor-size-default\">Ausgew\u00e4hlte Produkte<\/h2>\t\t\t\t<\/div>\n\t\t\t\t<\/div>\n\t\t\t\t<div class=\"elementor-element elementor-element-c60b007 elementor-widget-divider--view-line elementor-invisible elementor-widget elementor-widget-divider\" data-id=\"c60b007\" data-element_type=\"widget\" data-settings=\"{&quot;_animation&quot;:&quot;fadeIn&quot;,&quot;_animation_delay&quot;:200,&quot;ekit_we_effect_on&quot;:&quot;none&quot;}\" data-widget_type=\"divider.default\">\n\t\t\t\t<div class=\"elementor-widget-container\">\n\t\t\t\t\t\t\t<div class=\"elementor-divider\">\n\t\t\t<span class=\"elementor-divider-separator\">\n\t\t\t\t\t\t<\/span>\n\t\t<\/div>\n\t\t\t\t\t\t<\/div>\n\t\t\t\t<\/div>\n\t\t\t\t<div class=\"elementor-element elementor-element-51e994e elementor-invisible elementor-widget elementor-widget-text-editor\" data-id=\"51e994e\" data-element_type=\"widget\" data-settings=\"{&quot;_animation&quot;:&quot;fadeIn&quot;,&quot;_animation_delay&quot;:400,&quot;ekit_we_effect_on&quot;:&quot;none&quot;}\" data-widget_type=\"text-editor.default\">\n\t\t\t\t<div class=\"elementor-widget-container\">\n\t\t\t\t\t\t\t\t\t<p>LANDU bietet eine Vielzahl von pharmazeutischen Zusatzstoffen an, darunter Celluloseether, Dextrin, Quellst\u00e4rke und magensaftresistente Pulver. Wir arbeiten eng mit unseren Kunden zusammen, um innovative L\u00f6sungen anzubieten. Kontaktieren Sie uns f\u00fcr weitere Produktinformationen.<\/p>\t\t\t\t\t\t\t\t<\/div>\n\t\t\t\t<\/div>\n\t\t\t\t\t<\/div>\n\t\t\t\t<\/div>\n\t\t\t\t<\/div>\n\t\t\t\t\t<\/div>\n\t\t\t\t<\/div>\n\t\t<div class=\"elementor-element elementor-element-285f669 e-flex e-con-boxed e-con e-parent\" data-id=\"285f669\" data-element_type=\"container\" data-settings=\"{&quot;ekit_has_onepagescroll_dot&quot;:&quot;yes&quot;}\">\n\t\t\t\t\t<div class=\"e-con-inner\">\n\t\t<div class=\"elementor-element elementor-element-ce19177 e-con-full e-flex e-con e-child\" data-id=\"ce19177\" data-element_type=\"container\" data-settings=\"{&quot;background_background&quot;:&quot;classic&quot;,&quot;ekit_has_onepagescroll_dot&quot;:&quot;yes&quot;}\">\n\t\t\t\t<div class=\"elementor-element elementor-element-681bbf1 elementor-widget elementor-widget-spacer\" data-id=\"681bbf1\" data-element_type=\"widget\" data-settings=\"{&quot;ekit_we_effect_on&quot;:&quot;none&quot;}\" data-widget_type=\"spacer.default\">\n\t\t\t\t<div class=\"elementor-widget-container\">\n\t\t\t\t\t\t\t<div class=\"elementor-spacer\">\n\t\t\t<div class=\"elementor-spacer-inner\"><\/div>\n\t\t<\/div>\n\t\t\t\t\t\t<\/div>\n\t\t\t\t<\/div>\n\t\t\t\t<\/div>\n\t\t<div class=\"elementor-element elementor-element-7669e9a e-con-full e-flex e-con e-child\" data-id=\"7669e9a\" data-element_type=\"container\" data-settings=\"{&quot;ekit_has_onepagescroll_dot&quot;:&quot;yes&quot;}\">\n\t\t\t\t<div class=\"elementor-element elementor-element-19ba097e ekit-equal-height-disable elementor-widget elementor-widget-elementskit-icon-box\" data-id=\"19ba097e\" data-element_type=\"widget\" data-settings=\"{&quot;ekit_we_effect_on&quot;:&quot;none&quot;}\" data-widget_type=\"elementskit-icon-box.default\">\n\t\t\t\t<div class=\"elementor-widget-container\">\n\t\t\t\t\t<div class=\"ekit-wid-con\" >        <!-- link opening -->\n                <!-- end link opening -->\n\n        <div class=\"elementskit-infobox text-center text- icon-lef-right-aligin elementor-animation-float\">\n                        <div class=\"box-body\">\n                            <h3 class=\"elementskit-info-box-title\">\n                    Hydroxypropylmethylzellulose\uff08HPMC\uff09                <\/h3>\n                        \t\t  \t<p>HPMC ist ein vielseitiges Polymer, das wegen seiner Verdickungs- und Wasserr\u00fcckhalteeigenschaften in Lebensmitteln wie Marmelade verwendet wird.<\/p>\n                                        <div class=\"box-footer disable_hover_button\">\n                    <div class=\"btn-wraper\">\n                                                            <a class=\"elementskit-btn whitespace--normal elementor-animation-float\" href=\"#elementor-action%3Aaction%3Dpopup%3Aopen%26settings%3DeyJpZCI6IjE1MTkiLCJ0b2dnbGUiOmZhbHNlfQ%3D%3D\" target=\"_blank\">\n                                        Mehr erfahren                                         <i aria-hidden=\"true\" class=\"icon icon-arrow-right\"><\/i>                                    <\/a>\n                                                        <\/div>\n                <\/div>\n                    <\/div>\n        \n        \n                <\/div>\n        <\/div>\t\t\t\t<\/div>\n\t\t\t\t<\/div>\n\t\t\t\t<\/div>\n\t\t\t\t\t<\/div>\n\t\t\t\t<\/div>\n\t\t<div class=\"elementor-element elementor-element-c2166ae e-flex e-con-boxed e-con e-parent\" data-id=\"c2166ae\" data-element_type=\"container\" data-settings=\"{&quot;ekit_has_onepagescroll_dot&quot;:&quot;yes&quot;}\">\n\t\t\t\t\t<div class=\"e-con-inner\">\n\t\t<div class=\"elementor-element elementor-element-24507f7 e-con-full e-flex e-con e-child\" data-id=\"24507f7\" data-element_type=\"container\" data-settings=\"{&quot;background_background&quot;:&quot;classic&quot;,&quot;ekit_has_onepagescroll_dot&quot;:&quot;yes&quot;}\">\n\t\t\t\t<div class=\"elementor-element elementor-element-39417f6 elementor-widget elementor-widget-spacer\" data-id=\"39417f6\" data-element_type=\"widget\" data-settings=\"{&quot;ekit_we_effect_on&quot;:&quot;none&quot;}\" data-widget_type=\"spacer.default\">\n\t\t\t\t<div class=\"elementor-widget-container\">\n\t\t\t\t\t\t\t<div class=\"elementor-spacer\">\n\t\t\t<div class=\"elementor-spacer-inner\"><\/div>\n\t\t<\/div>\n\t\t\t\t\t\t<\/div>\n\t\t\t\t<\/div>\n\t\t\t\t<\/div>\n\t\t<div class=\"elementor-element elementor-element-5bb0a57 e-con-full e-flex e-con e-child\" data-id=\"5bb0a57\" data-element_type=\"container\" data-settings=\"{&quot;ekit_has_onepagescroll_dot&quot;:&quot;yes&quot;}\">\n\t\t\t\t<div class=\"elementor-element elementor-element-e059aea ekit-equal-height-disable elementor-widget elementor-widget-elementskit-icon-box\" data-id=\"e059aea\" data-element_type=\"widget\" data-settings=\"{&quot;ekit_we_effect_on&quot;:&quot;none&quot;}\" data-widget_type=\"elementskit-icon-box.default\">\n\t\t\t\t<div class=\"elementor-widget-container\">\n\t\t\t\t\t<div class=\"ekit-wid-con\" >        <!-- link opening -->\n                <!-- end link opening -->\n\n        <div class=\"elementskit-infobox text-center text- icon-lef-right-aligin elementor-animation-float\">\n                        <div class=\"box-body\">\n                            <h3 class=\"elementskit-info-box-title\">\n                    Methylzellulose \uff08MC\uff09                <\/h3>\n                        \t\t  \t<p>MC ist ein geruchloses, wei\u00dfes Pulver, das in hei\u00dfem Wasser dispergiert und sich beim Abk\u00fchlen aufl\u00f6st. Es zeichnet sich durch gute Haftung, Verdickung und Filmbildung aus, was es f\u00fcr Lebensmittel wie Marmelade und So\u00dfen n\u00fctzlich macht.<\/p>\n                                        <div class=\"box-footer disable_hover_button\">\n                    <div class=\"btn-wraper\">\n                                                            <a class=\"elementskit-btn whitespace--normal elementor-animation-float\" href=\"https:\/\/landu-china.com\/de\/produkte\/lebensmittelzusatzstoffe\/lebensmittelechte-methylcellulose-mc\/\" target=\"_blank\">\n                                        Mehr erfahren                                         <i aria-hidden=\"true\" class=\"icon icon-arrow-right\"><\/i>                                    <\/a>\n                                                        <\/div>\n                <\/div>\n                    <\/div>\n        \n        \n                <\/div>\n        <\/div>\t\t\t\t<\/div>\n\t\t\t\t<\/div>\n\t\t\t\t<\/div>\n\t\t\t\t\t<\/div>\n\t\t\t\t<\/div>\n\t\t<div class=\"elementor-element elementor-element-3e628ec e-flex e-con-boxed e-con e-parent\" data-id=\"3e628ec\" data-element_type=\"container\" data-settings=\"{&quot;ekit_has_onepagescroll_dot&quot;:&quot;yes&quot;}\">\n\t\t\t\t\t<div class=\"e-con-inner\">\n\t\t<div class=\"elementor-element elementor-element-c300169 e-con-full e-flex e-con e-child\" data-id=\"c300169\" data-element_type=\"container\" data-settings=\"{&quot;background_background&quot;:&quot;classic&quot;,&quot;ekit_has_onepagescroll_dot&quot;:&quot;yes&quot;}\">\n\t\t\t\t<div class=\"elementor-element elementor-element-1a8fa7c elementor-widget elementor-widget-spacer\" data-id=\"1a8fa7c\" data-element_type=\"widget\" data-settings=\"{&quot;ekit_we_effect_on&quot;:&quot;none&quot;}\" data-widget_type=\"spacer.default\">\n\t\t\t\t<div class=\"elementor-widget-container\">\n\t\t\t\t\t\t\t<div class=\"elementor-spacer\">\n\t\t\t<div class=\"elementor-spacer-inner\"><\/div>\n\t\t<\/div>\n\t\t\t\t\t\t<\/div>\n\t\t\t\t<\/div>\n\t\t\t\t<\/div>\n\t\t<div class=\"elementor-element elementor-element-ce52242 e-con-full e-flex e-con e-child\" data-id=\"ce52242\" data-element_type=\"container\" data-settings=\"{&quot;ekit_has_onepagescroll_dot&quot;:&quot;yes&quot;}\">\n\t\t\t\t<div class=\"elementor-element elementor-element-8bd03fb ekit-equal-height-disable elementor-widget elementor-widget-elementskit-icon-box\" data-id=\"8bd03fb\" data-element_type=\"widget\" data-settings=\"{&quot;ekit_we_effect_on&quot;:&quot;none&quot;}\" data-widget_type=\"elementskit-icon-box.default\">\n\t\t\t\t<div class=\"elementor-widget-container\">\n\t\t\t\t\t<div class=\"ekit-wid-con\" >        <!-- link opening -->\n                <!-- end link opening -->\n\n        <div class=\"elementskit-infobox text-center text- icon-lef-right-aligin elementor-animation-float\">\n                        <div class=\"box-body\">\n                            <h3 class=\"elementskit-info-box-title\">\n                    Hydroxypropylst\u00e4rkeether (HPS)                <\/h3>\n                        \t\t  \t<p>HPS ist ein modifiziertes Pulver auf Pflanzenbasis mit ausgezeichneter L\u00f6slichkeit und Stabilit\u00e4t. Es hat eine niedrigere Verkleisterungstemperatur, verbesserte Viskosit\u00e4t, Gefrier-Tau-Stabilit\u00e4t und Transparenz.<\/p>\n                                        <div class=\"box-footer disable_hover_button\">\n                    <div class=\"btn-wraper\">\n                                                            <a class=\"elementskit-btn whitespace--normal elementor-animation-float\" href=\"https:\/\/landu-china.com\/de\/hydroxypropylstarkeether-hersteller-hps\/\" target=\"_blank\">\n                                        Mehr erfahren                                         <i aria-hidden=\"true\" class=\"icon icon-arrow-right\"><\/i>                                    <\/a>\n                                                        <\/div>\n                <\/div>\n                    <\/div>\n        \n        \n                <\/div>\n        <\/div>\t\t\t\t<\/div>\n\t\t\t\t<\/div>\n\t\t\t\t<\/div>\n\t\t\t\t\t<\/div>\n\t\t\t\t<\/div>\n\t\t<div class=\"elementor-element elementor-element-81591d0 e-flex e-con-boxed e-con e-parent\" data-id=\"81591d0\" data-element_type=\"container\" data-settings=\"{&quot;ekit_has_onepagescroll_dot&quot;:&quot;yes&quot;}\">\n\t\t\t\t\t<div class=\"e-con-inner\">\n\t\t<div class=\"elementor-element elementor-element-24d6db1 e-con-full e-flex e-con e-child\" data-id=\"24d6db1\" data-element_type=\"container\" data-settings=\"{&quot;background_background&quot;:&quot;classic&quot;,&quot;ekit_has_onepagescroll_dot&quot;:&quot;yes&quot;}\">\n\t\t\t\t<div class=\"elementor-element elementor-element-758bc9a elementor-widget elementor-widget-spacer\" data-id=\"758bc9a\" data-element_type=\"widget\" data-settings=\"{&quot;ekit_we_effect_on&quot;:&quot;none&quot;}\" data-widget_type=\"spacer.default\">\n\t\t\t\t<div class=\"elementor-widget-container\">\n\t\t\t\t\t\t\t<div class=\"elementor-spacer\">\n\t\t\t<div class=\"elementor-spacer-inner\"><\/div>\n\t\t<\/div>\n\t\t\t\t\t\t<\/div>\n\t\t\t\t<\/div>\n\t\t\t\t<\/div>\n\t\t<div class=\"elementor-element elementor-element-5ce99a1 e-con-full e-flex e-con e-child\" data-id=\"5ce99a1\" data-element_type=\"container\" data-settings=\"{&quot;ekit_has_onepagescroll_dot&quot;:&quot;yes&quot;}\">\n\t\t\t\t<div class=\"elementor-element elementor-element-47f7771 ekit-equal-height-disable elementor-widget elementor-widget-elementskit-icon-box\" data-id=\"47f7771\" data-element_type=\"widget\" data-settings=\"{&quot;ekit_we_effect_on&quot;:&quot;none&quot;}\" data-widget_type=\"elementskit-icon-box.default\">\n\t\t\t\t<div class=\"elementor-widget-container\">\n\t\t\t\t\t<div class=\"ekit-wid-con\" >        <!-- link opening -->\n                <!-- end link opening -->\n\n        <div class=\"elementskit-infobox text-center text- icon-lef-right-aligin elementor-animation-float\">\n                        <div class=\"box-body\">\n                            <h3 class=\"elementskit-info-box-title\">\n                    Natrium-Carboxymethyl-Zellulose\uff08CMC\uff09                <\/h3>\n                        \t\t  \t<p>CMC ist ein wasserl\u00f6sliches Natriumsalz von Carboxymethylcelluloseether. Es ist ein anionischer Celluloseether, typischerweise ein wei\u00dfes oder cremefarbenes faseriges Pulver oder Granulat, geruchlos, geschmacklos und absorbiert Feuchtigkeit.<\/p>\n                                        <div class=\"box-footer disable_hover_button\">\n                    <div class=\"btn-wraper\">\n                                                            <a class=\"elementskit-btn whitespace--normal elementor-animation-float\" href=\"https:\/\/landu-china.com\/de\/carboxymethylcellulose-hersteller-cmc\/\" target=\"_blank\">\n                                        Mehr erfahren                                         <i aria-hidden=\"true\" class=\"icon icon-arrow-right\"><\/i>                                    <\/a>\n                                                        <\/div>\n                <\/div>\n                    <\/div>\n        \n        \n                <\/div>\n        <\/div>\t\t\t\t<\/div>\n\t\t\t\t<\/div>\n\t\t\t\t<\/div>\n\t\t\t\t\t<\/div>\n\t\t\t\t<\/div>\n\t\t\t\t<\/div>","protected":false},"excerpt":{"rendered":"<p>Frittierte Lebensmittel Frittierte Lebensmittel L\u00f6sungen Frittieren: ein Verfahren, bei dem Hitze und \u00d6l \u00fcbertragen werden, um die gew\u00fcnschte Konsistenz von Lebensmitteln zu erzielen. Frittierte Lebensmittel sind ein wichtiger Bestandteil dieser globalen Tradition. Die Reduzierung des Fettanteils in der Nahrung ist den Verbrauchern wichtig, was zu Forschungen \u00fcber die Minimierung der Fettaufnahme beim Frittieren gef\u00fchrt hat. Die Verwendung von Hydrokolloiden im Teig und die Bildung von Gelen mit Methylcellulose (MC) und Hydroxypropyl [...]<\/p>","protected":false},"author":1,"featured_media":0,"parent":7753,"menu_order":0,"comment_status":"closed","ping_status":"closed","template":"elementor_header_footer","meta":{"footnotes":""},"class_list":["post-8483","page","type-page","status-publish","hentry"],"_links":{"self":[{"href":"https:\/\/landu-china.com\/de\/wp-json\/wp\/v2\/pages\/8483","targetHints":{"allow":["GET"]}}],"collection":[{"href":"https:\/\/landu-china.com\/de\/wp-json\/wp\/v2\/pages"}],"about":[{"href":"https:\/\/landu-china.com\/de\/wp-json\/wp\/v2\/types\/page"}],"author":[{"embeddable":true,"href":"https:\/\/landu-china.com\/de\/wp-json\/wp\/v2\/users\/1"}],"replies":[{"embeddable":true,"href":"https:\/\/landu-china.com\/de\/wp-json\/wp\/v2\/comments?post=8483"}],"version-history":[{"count":29,"href":"https:\/\/landu-china.com\/de\/wp-json\/wp\/v2\/pages\/8483\/revisions"}],"predecessor-version":[{"id":19369,"href":"https:\/\/landu-china.com\/de\/wp-json\/wp\/v2\/pages\/8483\/revisions\/19369"}],"up":[{"embeddable":true,"href":"https:\/\/landu-china.com\/de\/wp-json\/wp\/v2\/pages\/7753"}],"wp:attachment":[{"href":"https:\/\/landu-china.com\/de\/wp-json\/wp\/v2\/media?parent=8483"}],"curies":[{"name":"wp","href":"https:\/\/api.w.org\/{rel}","templated":true}]}}