{"id":3768,"date":"2024-07-29T16:25:43","date_gmt":"2024-07-29T08:25:43","guid":{"rendered":"https:\/\/landu-china.com\/?page_id=3768"},"modified":"2024-12-02T09:47:37","modified_gmt":"2024-12-02T01:47:37","slug":"forderung-der-ziele-fur-nachhaltige-entwicklung","status":"publish","type":"page","link":"https:\/\/landu-china.com\/de\/forderung-der-ziele-fur-nachhaltige-entwicklung\/","title":{"rendered":"Die Ziele f\u00fcr nachhaltige Entwicklung voranbringen"},"content":{"rendered":"<div data-elementor-type=\"wp-page\" data-elementor-id=\"3768\" class=\"elementor elementor-3768\" data-elementor-post-type=\"page\">\n\t\t\t\t<div class=\"elementor-element elementor-element-832e259 e-flex e-con-boxed e-con e-parent\" data-id=\"832e259\" data-element_type=\"container\" data-settings=\"{&quot;background_background&quot;:&quot;classic&quot;,&quot;ekit_has_onepagescroll_dot&quot;:&quot;yes&quot;}\">\n\t\t\t\t\t<div class=\"e-con-inner\">\n\t\t\t\t<div class=\"elementor-element elementor-element-f07d774 elementor-widget__width-initial elementor-widget elementor-widget-heading\" data-id=\"f07d774\" data-element_type=\"widget\" data-settings=\"{&quot;ekit_we_effect_on&quot;:&quot;none&quot;}\" data-widget_type=\"heading.default\">\n\t\t\t\t<div class=\"elementor-widget-container\">\n\t\t\t\t\t<h2 class=\"elementor-heading-title elementor-size-default\">Die Ziele f\u00fcr nachhaltige Entwicklung voranbringen<\/h2>\t\t\t\t<\/div>\n\t\t\t\t<\/div>\n\t\t\t\t<div class=\"elementor-element elementor-element-54592e9 elementor-widget__width-initial elementor-widget elementor-widget-text-editor\" data-id=\"54592e9\" data-element_type=\"widget\" data-settings=\"{&quot;ekit_we_effect_on&quot;:&quot;none&quot;}\" data-widget_type=\"text-editor.default\">\n\t\t\t\t<div class=\"elementor-widget-container\">\n\t\t\t\t\t\t\t\t\t<p>Wir glauben, dass gute Chemie der Schl\u00fcssel zu Wohlstand und Wohlergehen einer nachhaltigen Gesellschaft ist.<\/p>\t\t\t\t\t\t\t\t<\/div>\n\t\t\t\t<\/div>\n\t\t\t\t\t<\/div>\n\t\t\t\t<\/div>\n\t\t<div class=\"elementor-element elementor-element-af21400 e-flex e-con-boxed e-con e-parent\" data-id=\"af21400\" data-element_type=\"container\" data-settings=\"{&quot;ekit_has_onepagescroll_dot&quot;:&quot;yes&quot;}\">\n\t\t\t\t\t<div class=\"e-con-inner\">\n\t\t\t\t<div class=\"elementor-element elementor-element-ee22895 elementor-widget elementor-widget-heading\" data-id=\"ee22895\" data-element_type=\"widget\" data-settings=\"{&quot;ekit_we_effect_on&quot;:&quot;none&quot;}\" data-widget_type=\"heading.default\">\n\t\t\t\t<div class=\"elementor-widget-container\">\n\t\t\t\t\t<h2 class=\"elementor-heading-title elementor-size-default\">Eine ewige Ressource - Nachhaltig bewirtschaftete, nat\u00fcrliche, erneuerbare Materialien<\/h2>\t\t\t\t<\/div>\n\t\t\t\t<\/div>\n\t\t\t\t<div class=\"elementor-element elementor-element-b0428b0 elementor-widget elementor-widget-image\" data-id=\"b0428b0\" data-element_type=\"widget\" data-settings=\"{&quot;ekit_we_effect_on&quot;:&quot;none&quot;}\" data-widget_type=\"image.default\">\n\t\t\t\t<div class=\"elementor-widget-container\">\n\t\t\t\t\t\t\t\t\t\t\t\t\t\t\t<img decoding=\"async\" width=\"55\" height=\"9\" src=\"https:\/\/landu-china.com\/wp-content\/uploads\/2024\/06\/\u8d44\u6e90-1.png\" class=\"attachment-large size-large wp-image-87\" alt=\"\" \/>\t\t\t\t\t\t\t\t\t\t\t\t\t\t\t<\/div>\n\t\t\t\t<\/div>\n\t\t\t\t<div class=\"elementor-element elementor-element-e6c6337 elementor-widget elementor-widget-text-editor\" data-id=\"e6c6337\" data-element_type=\"widget\" data-settings=\"{&quot;ekit_we_effect_on&quot;:&quot;none&quot;}\" data-widget_type=\"text-editor.default\">\n\t\t\t\t<div class=\"elementor-widget-container\">\n\t\t\t\t\t\t\t\t\t<div class=\"elementor-element elementor-element-26d6bf8c elementor-widget__width-initial elementor-widget elementor-widget-text-editor\" data-id=\"26d6bf8c\" data-element_type=\"widget\" data-settings=\"{&quot;ekit_we_effect_on&quot;:&quot;none&quot;}\" data-widget_type=\"text-editor.default\"><div class=\"elementor-widget-container\"><div class=\"elementor-element elementor-element-26d6bf8c elementor-widget__width-initial elementor-widget elementor-widget-text-editor\" data-id=\"26d6bf8c\" data-element_type=\"widget\" data-settings=\"{&quot;ekit_we_effect_on&quot;:&quot;none&quot;}\" data-widget_type=\"text-editor.default\"><div class=\"elementor-widget-container\"><div class=\"elementor-element elementor-element-531d8aa elementor-widget__width-initial elementor-widget elementor-widget-text-editor\" data-id=\"531d8aa\" data-element_type=\"widget\" data-settings=\"{&quot;ekit_we_effect_on&quot;:&quot;none&quot;}\" data-widget_type=\"text-editor.default\"><div class=\"elementor-widget-container\"><p>Die heutige Generation steht vor existenziellen Bedrohungen f\u00fcr unseren Planeten. Klimawandel, nachhaltige Entwicklung und das Engagement f\u00fcr eine sicherere und ges\u00fcndere Welt erfordern neue Wege des Wirtschaftens. Der Sonderbericht der Vereinten Nationen \u00fcber Klimawandel und Land 2019 zeigt, dass Landnutzung und W\u00e4lder eine entscheidende Rolle bei der Erreichung von drei zentralen Zielen spielen:<\/p><\/div><\/div><\/div><\/div><\/div><\/div>\t\t\t\t\t\t\t\t<\/div>\n\t\t\t\t<\/div>\n\t\t\t\t\t<\/div>\n\t\t\t\t<\/div>\n\t\t<div class=\"elementor-element elementor-element-212b9e5 e-grid e-con-boxed e-con e-parent\" data-id=\"212b9e5\" data-element_type=\"container\" data-settings=\"{&quot;ekit_has_onepagescroll_dot&quot;:&quot;yes&quot;}\">\n\t\t\t\t\t<div class=\"e-con-inner\">\n\t\t<div class=\"elementor-element elementor-element-2c8a6cb e-con-full e-flex e-con e-child\" data-id=\"2c8a6cb\" data-element_type=\"container\" data-settings=\"{&quot;ekit_has_onepagescroll_dot&quot;:&quot;yes&quot;}\">\n\t\t\t\t<div class=\"elementor-element elementor-element-b61eeca elementor-widget elementor-widget-image\" data-id=\"b61eeca\" data-element_type=\"widget\" data-settings=\"{&quot;ekit_we_effect_on&quot;:&quot;none&quot;}\" data-widget_type=\"image.default\">\n\t\t\t\t<div class=\"elementor-widget-container\">\n\t\t\t\t\t\t\t\t\t\t\t\t\t\t\t<img fetchpriority=\"high\" decoding=\"async\" width=\"800\" height=\"533\" src=\"https:\/\/landu-china.com\/wp-content\/uploads\/2024\/07\/antarctica-wild-nature-landscape-1024x682.webp\" class=\"attachment-large size-large wp-image-3771\" alt=\"\" srcset=\"https:\/\/landu-china.com\/wp-content\/uploads\/2024\/07\/antarctica-wild-nature-landscape-1024x682.webp 1024w, https:\/\/landu-china.com\/wp-content\/uploads\/2024\/07\/antarctica-wild-nature-landscape-300x200.webp 300w, https:\/\/landu-china.com\/wp-content\/uploads\/2024\/07\/antarctica-wild-nature-landscape-768x512.webp 768w, https:\/\/landu-china.com\/wp-content\/uploads\/2024\/07\/antarctica-wild-nature-landscape-1536x1023.webp 1536w, https:\/\/landu-china.com\/wp-content\/uploads\/2024\/07\/antarctica-wild-nature-landscape.webp 1600w\" sizes=\"(max-width: 800px) 100vw, 800px\" \/>\t\t\t\t\t\t\t\t\t\t\t\t\t\t\t<\/div>\n\t\t\t\t<\/div>\n\t\t\t\t<div class=\"elementor-element elementor-element-688dd42 elementor-widget elementor-widget-heading\" data-id=\"688dd42\" data-element_type=\"widget\" data-settings=\"{&quot;ekit_we_effect_on&quot;:&quot;none&quot;}\" data-widget_type=\"heading.default\">\n\t\t\t\t<div class=\"elementor-widget-container\">\n\t\t\t\t\t<h2 class=\"elementor-heading-title elementor-size-default\">Klima<\/h2>\t\t\t\t<\/div>\n\t\t\t\t<\/div>\n\t\t\t\t<div class=\"elementor-element elementor-element-52a3e87 elementor-widget-divider--view-line elementor-widget elementor-widget-divider\" data-id=\"52a3e87\" data-element_type=\"widget\" data-settings=\"{&quot;ekit_we_effect_on&quot;:&quot;none&quot;}\" data-widget_type=\"divider.default\">\n\t\t\t\t<div class=\"elementor-widget-container\">\n\t\t\t\t\t\t\t<div class=\"elementor-divider\">\n\t\t\t<span class=\"elementor-divider-separator\">\n\t\t\t\t\t\t<\/span>\n\t\t<\/div>\n\t\t\t\t\t\t<\/div>\n\t\t\t\t<\/div>\n\t\t\t\t<div class=\"elementor-element elementor-element-dc779ef elementor-widget elementor-widget-text-editor\" data-id=\"dc779ef\" data-element_type=\"widget\" data-settings=\"{&quot;ekit_we_effect_on&quot;:&quot;none&quot;}\" data-widget_type=\"text-editor.default\">\n\t\t\t\t<div class=\"elementor-widget-container\">\n\t\t\t\t\t\t\t\t\tW\u00e4hrend B\u00e4ume wachsen, absorbieren und speichern sie CO2 aus der Atmosph\u00e4re. Mit zunehmendem Alter nimmt ihre CO2-Bindungsrate ab, so dass sie sich ideal f\u00fcr die Ernte zur Herstellung von Biomasse f\u00fcr nachhaltige Produkte eignen, die erd\u00f6lbasierte Alternativen ersetzen k\u00f6nnen. Einige dieser Produkte, wie z. B. Baumaterialien, wirken weiterhin als Kohlenstoffsenken, indem sie w\u00e4hrend ihrer gesamten Lebensdauer CO2 speichern.\t\t\t\t\t\t\t\t<\/div>\n\t\t\t\t<\/div>\n\t\t\t\t<\/div>\n\t\t<div class=\"elementor-element elementor-element-0078476 e-con-full e-flex e-con e-child\" data-id=\"0078476\" data-element_type=\"container\" data-settings=\"{&quot;ekit_has_onepagescroll_dot&quot;:&quot;yes&quot;}\">\n\t\t\t\t<div class=\"elementor-element elementor-element-1bbb316 elementor-widget elementor-widget-image\" data-id=\"1bbb316\" data-element_type=\"widget\" data-settings=\"{&quot;ekit_we_effect_on&quot;:&quot;none&quot;}\" data-widget_type=\"image.default\">\n\t\t\t\t<div class=\"elementor-widget-container\">\n\t\t\t\t\t\t\t\t\t\t\t\t\t\t\t<img decoding=\"async\" width=\"800\" height=\"533\" src=\"https:\/\/landu-china.com\/wp-content\/uploads\/2024\/10\/aerial-view-of-blue-colored-forest-lake-in-poland-1024x682.jpg\" class=\"attachment-large size-large wp-image-16914\" alt=\"Luftaufnahme eines blau gef\u00e4rbten Waldsees in Polen\" srcset=\"https:\/\/landu-china.com\/wp-content\/uploads\/2024\/10\/aerial-view-of-blue-colored-forest-lake-in-poland-1024x682.jpg 1024w, https:\/\/landu-china.com\/wp-content\/uploads\/2024\/10\/aerial-view-of-blue-colored-forest-lake-in-poland-300x200.jpg 300w, https:\/\/landu-china.com\/wp-content\/uploads\/2024\/10\/aerial-view-of-blue-colored-forest-lake-in-poland-768x512.jpg 768w, https:\/\/landu-china.com\/wp-content\/uploads\/2024\/10\/aerial-view-of-blue-colored-forest-lake-in-poland-1536x1024.jpg 1536w, https:\/\/landu-china.com\/wp-content\/uploads\/2024\/10\/aerial-view-of-blue-colored-forest-lake-in-poland.jpg 2000w\" sizes=\"(max-width: 800px) 100vw, 800px\" \/>\t\t\t\t\t\t\t\t\t\t\t\t\t\t\t<\/div>\n\t\t\t\t<\/div>\n\t\t\t\t<div class=\"elementor-element elementor-element-78117cc elementor-widget elementor-widget-heading\" data-id=\"78117cc\" data-element_type=\"widget\" data-settings=\"{&quot;ekit_we_effect_on&quot;:&quot;none&quot;}\" data-widget_type=\"heading.default\">\n\t\t\t\t<div class=\"elementor-widget-container\">\n\t\t\t\t\t<h2 class=\"elementor-heading-title elementor-size-default\">Biologische Vielfalt<\/h2>\t\t\t\t<\/div>\n\t\t\t\t<\/div>\n\t\t\t\t<div class=\"elementor-element elementor-element-0bc282d elementor-widget-divider--view-line elementor-widget elementor-widget-divider\" data-id=\"0bc282d\" data-element_type=\"widget\" data-settings=\"{&quot;ekit_we_effect_on&quot;:&quot;none&quot;}\" data-widget_type=\"divider.default\">\n\t\t\t\t<div class=\"elementor-widget-container\">\n\t\t\t\t\t\t\t<div class=\"elementor-divider\">\n\t\t\t<span class=\"elementor-divider-separator\">\n\t\t\t\t\t\t<\/span>\n\t\t<\/div>\n\t\t\t\t\t\t<\/div>\n\t\t\t\t<\/div>\n\t\t\t\t<div class=\"elementor-element elementor-element-e152112 elementor-widget elementor-widget-text-editor\" data-id=\"e152112\" data-element_type=\"widget\" data-settings=\"{&quot;ekit_we_effect_on&quot;:&quot;none&quot;}\" data-widget_type=\"text-editor.default\">\n\t\t\t\t<div class=\"elementor-widget-container\">\n\t\t\t\t\t\t\t\t\tW\u00e4lder, die zu den artenreichsten \u00d6kosystemen der Erde geh\u00f6ren, bieten wichtige Ressourcen und Lebensr\u00e4ume f\u00fcr zahlreiche Arten. Au\u00dferdem liefern sie Baumaterialien und Produkte des t\u00e4glichen Bedarfs. Zu einer wirksamen Waldbewirtschaftung geh\u00f6rt es, \u00f6kologisch und kulturell bedeutsame Gebiete zu erhalten und vielf\u00e4ltige Strukturen zu pflegen, um verschiedene Arten zu unterst\u00fctzen und die biologische Vielfalt zu f\u00f6rdern.\t\t\t\t\t\t\t\t<\/div>\n\t\t\t\t<\/div>\n\t\t\t\t<\/div>\n\t\t<div class=\"elementor-element elementor-element-2716e7e e-con-full e-flex e-con e-child\" data-id=\"2716e7e\" data-element_type=\"container\" data-settings=\"{&quot;ekit_has_onepagescroll_dot&quot;:&quot;yes&quot;}\">\n\t\t\t\t<div class=\"elementor-element elementor-element-fd492dd elementor-widget elementor-widget-image\" data-id=\"fd492dd\" data-element_type=\"widget\" data-settings=\"{&quot;ekit_we_effect_on&quot;:&quot;none&quot;}\" data-widget_type=\"image.default\">\n\t\t\t\t<div class=\"elementor-widget-container\">\n\t\t\t\t\t\t\t\t\t\t\t\t\t\t\t<img loading=\"lazy\" decoding=\"async\" width=\"800\" height=\"530\" src=\"https:\/\/landu-china.com\/wp-content\/uploads\/2024\/07\/solar-panels-solar-farms-in-asia-1024x678.webp\" class=\"attachment-large size-large wp-image-3776\" alt=\"\" srcset=\"https:\/\/landu-china.com\/wp-content\/uploads\/2024\/07\/solar-panels-solar-farms-in-asia-1024x678.webp 1024w, https:\/\/landu-china.com\/wp-content\/uploads\/2024\/07\/solar-panels-solar-farms-in-asia-300x199.webp 300w, https:\/\/landu-china.com\/wp-content\/uploads\/2024\/07\/solar-panels-solar-farms-in-asia-768x508.webp 768w, https:\/\/landu-china.com\/wp-content\/uploads\/2024\/07\/solar-panels-solar-farms-in-asia-1536x1017.webp 1536w, https:\/\/landu-china.com\/wp-content\/uploads\/2024\/07\/solar-panels-solar-farms-in-asia.webp 1600w\" sizes=\"(max-width: 800px) 100vw, 800px\" \/>\t\t\t\t\t\t\t\t\t\t\t\t\t\t\t<\/div>\n\t\t\t\t<\/div>\n\t\t\t\t<div class=\"elementor-element elementor-element-6f4c976 elementor-widget elementor-widget-heading\" data-id=\"6f4c976\" data-element_type=\"widget\" data-settings=\"{&quot;ekit_we_effect_on&quot;:&quot;none&quot;}\" data-widget_type=\"heading.default\">\n\t\t\t\t<div class=\"elementor-widget-container\">\n\t\t\t\t\t<h2 class=\"elementor-heading-title elementor-size-default\">Nachwachsender Rohstoff<\/h2>\t\t\t\t<\/div>\n\t\t\t\t<\/div>\n\t\t\t\t<div class=\"elementor-element elementor-element-e78654e elementor-widget-divider--view-line elementor-widget elementor-widget-divider\" data-id=\"e78654e\" data-element_type=\"widget\" data-settings=\"{&quot;ekit_we_effect_on&quot;:&quot;none&quot;}\" data-widget_type=\"divider.default\">\n\t\t\t\t<div class=\"elementor-widget-container\">\n\t\t\t\t\t\t\t<div class=\"elementor-divider\">\n\t\t\t<span class=\"elementor-divider-separator\">\n\t\t\t\t\t\t<\/span>\n\t\t<\/div>\n\t\t\t\t\t\t<\/div>\n\t\t\t\t<\/div>\n\t\t\t\t<div class=\"elementor-element elementor-element-1e35ad2 elementor-widget elementor-widget-text-editor\" data-id=\"1e35ad2\" data-element_type=\"widget\" data-settings=\"{&quot;ekit_we_effect_on&quot;:&quot;none&quot;}\" data-widget_type=\"text-editor.default\">\n\t\t\t\t<div class=\"elementor-widget-container\">\n\t\t\t\t\t\t\t\t\tNachwachsende Rohstoffe, die nachhaltig f\u00fcr eine nat\u00fcrliche oder schnelle Regeneration beschafft werden, sind der Schl\u00fcssel zur \u00f6kologischen Nachhaltigkeit, zur Verringerung der Abh\u00e4ngigkeit von nicht erneuerbaren Ressourcen und zur Unterst\u00fctzung der Bem\u00fchungen um saubere Energie und Kreislaufwirtschaft.\t\t\t\t\t\t\t\t<\/div>\n\t\t\t\t<\/div>\n\t\t\t\t<\/div>\n\t\t\t\t\t<\/div>\n\t\t\t\t<\/div>\n\t\t<div class=\"elementor-element elementor-element-a167ec6 e-grid e-con-boxed e-con e-parent\" data-id=\"a167ec6\" data-element_type=\"container\" data-settings=\"{&quot;ekit_has_onepagescroll_dot&quot;:&quot;yes&quot;}\">\n\t\t\t\t\t<div class=\"e-con-inner\">\n\t\t<div class=\"elementor-element elementor-element-e923f8f e-con-full e-flex e-con e-child\" data-id=\"e923f8f\" data-element_type=\"container\" data-settings=\"{&quot;background_background&quot;:&quot;classic&quot;,&quot;ekit_has_onepagescroll_dot&quot;:&quot;yes&quot;}\">\n\t\t\t\t<div class=\"elementor-element elementor-element-687a5f5 elementor-widget elementor-widget-text-editor\" data-id=\"687a5f5\" data-element_type=\"widget\" data-settings=\"{&quot;ekit_we_effect_on&quot;:&quot;none&quot;}\" data-widget_type=\"text-editor.default\">\n\t\t\t\t<div class=\"elementor-widget-container\">\n\t\t\t\t\t\t\t\t\tF\u00fcr unsere Zellulose aus Baumwolle werden Rohstoffe verwendet, die Energie sparen oder erneuerbare Energien nutzen. LANDU-Zellstoff zeichnet sich durch einen au\u00dfergew\u00f6hnlich niedrigen Kohlenstoff-Fu\u00dfabdruck w\u00e4hrend der Produktion aus und entspricht damit internationalen Standards.\t\t\t\t\t\t\t\t<\/div>\n\t\t\t\t<\/div>\n\t\t\t\t<\/div>\n\t\t<div class=\"elementor-element elementor-element-1267f47 e-con-full e-flex e-con e-child\" data-id=\"1267f47\" data-element_type=\"container\" data-settings=\"{&quot;background_background&quot;:&quot;classic&quot;,&quot;ekit_has_onepagescroll_dot&quot;:&quot;yes&quot;}\">\n\t\t\t\t<\/div>\n\t\t<div class=\"elementor-element elementor-element-f3abacf e-con-full e-flex e-con e-child\" data-id=\"f3abacf\" data-element_type=\"container\" data-settings=\"{&quot;background_background&quot;:&quot;classic&quot;,&quot;ekit_has_onepagescroll_dot&quot;:&quot;yes&quot;}\">\n\t\t\t\t<\/div>\n\t\t<div class=\"elementor-element elementor-element-2160341 e-con-full e-flex e-con e-child\" data-id=\"2160341\" data-element_type=\"container\" data-settings=\"{&quot;background_background&quot;:&quot;classic&quot;,&quot;ekit_has_onepagescroll_dot&quot;:&quot;yes&quot;}\">\n\t\t\t\t<div class=\"elementor-element elementor-element-5ecd47a elementor-widget elementor-widget-text-editor\" data-id=\"5ecd47a\" data-element_type=\"widget\" data-settings=\"{&quot;ekit_we_effect_on&quot;:&quot;none&quot;}\" data-widget_type=\"text-editor.default\">\n\t\t\t\t<div class=\"elementor-widget-container\">\n\t\t\t\t\t\t\t\t\tDurch unser hochgradig integriertes Produktionssystem optimieren wir kontinuierlich unsere Prozesse, um den Materialeinsatz und die Energieeffizienz zu maximieren und so unsere Nachhaltigkeit deutlich zu verbessern.\t\t\t\t\t\t\t\t<\/div>\n\t\t\t\t<\/div>\n\t\t\t\t<\/div>\n\t\t<div class=\"elementor-element elementor-element-9533552 e-con-full e-flex e-con e-child\" data-id=\"9533552\" data-element_type=\"container\" data-settings=\"{&quot;background_background&quot;:&quot;classic&quot;,&quot;ekit_has_onepagescroll_dot&quot;:&quot;yes&quot;}\">\n\t\t\t\t<\/div>\n\t\t<div class=\"elementor-element elementor-element-22628df e-con-full e-flex e-con e-child\" data-id=\"22628df\" data-element_type=\"container\" data-settings=\"{&quot;background_background&quot;:&quot;classic&quot;,&quot;ekit_has_onepagescroll_dot&quot;:&quot;yes&quot;}\">\n\t\t\t\t<div class=\"elementor-element elementor-element-ec3a53a elementor-widget elementor-widget-text-editor\" data-id=\"ec3a53a\" data-element_type=\"widget\" data-settings=\"{&quot;ekit_we_effect_on&quot;:&quot;none&quot;}\" data-widget_type=\"text-editor.default\">\n\t\t\t\t<div class=\"elementor-widget-container\">\n\t\t\t\t\t\t\t\t\tDie Nutzung von Strom aus Wasserkraftwerken unterst\u00fctzt unser Engagement f\u00fcr Nachhaltigkeit und Energieeffizienz. Diese erneuerbare Energiequelle verringert unseren CO2-Fu\u00dfabdruck und unsere Abh\u00e4ngigkeit von fossilen Brennstoffen und steht im Einklang mit unseren Zielen, Prozesse zu optimieren und den Umweltschutz in unserem Produktionssystem zu verbessern.\t\t\t\t\t\t\t\t<\/div>\n\t\t\t\t<\/div>\n\t\t\t\t<\/div>\n\t\t<div class=\"elementor-element elementor-element-eeb3cfc e-con-full e-flex e-con e-child\" data-id=\"eeb3cfc\" data-element_type=\"container\" data-settings=\"{&quot;background_background&quot;:&quot;classic&quot;,&quot;ekit_has_onepagescroll_dot&quot;:&quot;yes&quot;}\">\n\t\t\t\t<div class=\"elementor-element elementor-element-e694364 elementor-widget elementor-widget-text-editor\" data-id=\"e694364\" data-element_type=\"widget\" data-settings=\"{&quot;ekit_we_effect_on&quot;:&quot;none&quot;}\" data-widget_type=\"text-editor.default\">\n\t\t\t\t<div class=\"elementor-widget-container\">\n\t\t\t\t\t\t\t\t\tIn Zukunft wollen wir vollst\u00e4ndig auf Solarenergie umsteigen und damit unserem Engagement f\u00fcr Nachhaltigkeit und die Verringerung unserer Umweltauswirkungen Rechnung tragen. Diese Umstellung wird uns dabei helfen, die Abh\u00e4ngigkeit von nicht erneuerbaren Ressourcen zu minimieren und die Energieeffizienz in unseren Betrieben zu verbessern.\t\t\t\t\t\t\t\t<\/div>\n\t\t\t\t<\/div>\n\t\t\t\t<\/div>\n\t\t<div class=\"elementor-element elementor-element-34178dc e-con-full e-flex e-con e-child\" data-id=\"34178dc\" data-element_type=\"container\" data-settings=\"{&quot;background_background&quot;:&quot;classic&quot;,&quot;ekit_has_onepagescroll_dot&quot;:&quot;yes&quot;}\">\n\t\t\t\t<\/div>\n\t\t\t\t\t<\/div>\n\t\t\t\t<\/div>\n\t\t\t\t<\/div>","protected":false},"excerpt":{"rendered":"<p>F\u00f6rderung der Ziele f\u00fcr eine nachhaltige Entwicklung Wir sind der Meinung, dass gute Chemie der Schl\u00fcssel zu Wohlstand und Wohlergehen einer nachhaltigen Gesellschaft ist. Eine ewige Ressource - Nachhaltig bewirtschaftete, nat\u00fcrliche, erneuerbare Materialien Die heutige Generation steht vor existenziellen Bedrohungen f\u00fcr unseren Planeten. Klimawandel, nachhaltige Entwicklung und das Engagement f\u00fcr eine sicherere und ges\u00fcndere Welt erfordern neue Wege des Wirtschaftens [...]<\/p>","protected":false},"author":1,"featured_media":0,"parent":0,"menu_order":0,"comment_status":"closed","ping_status":"closed","template":"elementor_header_footer","meta":{"footnotes":""},"class_list":["post-3768","page","type-page","status-publish","hentry"],"_links":{"self":[{"href":"https:\/\/landu-china.com\/de\/wp-json\/wp\/v2\/pages\/3768","targetHints":{"allow":["GET"]}}],"collection":[{"href":"https:\/\/landu-china.com\/de\/wp-json\/wp\/v2\/pages"}],"about":[{"href":"https:\/\/landu-china.com\/de\/wp-json\/wp\/v2\/types\/page"}],"author":[{"embeddable":true,"href":"https:\/\/landu-china.com\/de\/wp-json\/wp\/v2\/users\/1"}],"replies":[{"embeddable":true,"href":"https:\/\/landu-china.com\/de\/wp-json\/wp\/v2\/comments?post=3768"}],"version-history":[{"count":16,"href":"https:\/\/landu-china.com\/de\/wp-json\/wp\/v2\/pages\/3768\/revisions"}],"predecessor-version":[{"id":20502,"href":"https:\/\/landu-china.com\/de\/wp-json\/wp\/v2\/pages\/3768\/revisions\/20502"}],"wp:attachment":[{"href":"https:\/\/landu-china.com\/de\/wp-json\/wp\/v2\/media?parent=3768"}],"curies":[{"name":"wp","href":"https:\/\/api.w.org\/{rel}","templated":true}]}}