{"id":13644,"date":"2024-10-21T09:28:21","date_gmt":"2024-10-21T01:28:21","guid":{"rendered":"https:\/\/landu-china.com\/?page_id=13644"},"modified":"2024-11-14T14:37:04","modified_gmt":"2024-11-14T06:37:04","slug":"wohlstand-zur-forderung-von-gesellschaft-und-wirtschaft","status":"publish","type":"page","link":"https:\/\/landu-china.com\/de\/nachhaltigkeit\/wohlstand-zur-forderung-von-gesellschaft-und-wirtschaft\/","title":{"rendered":"Wohlstand: St\u00e4rkung von Gesellschaft und Wirtschaft"},"content":{"rendered":"<div data-elementor-type=\"wp-page\" data-elementor-id=\"13644\" class=\"elementor elementor-13644\" data-elementor-post-type=\"page\">\n\t\t\t\t<div class=\"elementor-element elementor-element-f81d54a e-con-full e-flex e-con e-parent\" data-id=\"f81d54a\" data-element_type=\"container\" data-settings=\"{&quot;background_background&quot;:&quot;classic&quot;,&quot;ekit_has_onepagescroll_dot&quot;:&quot;yes&quot;}\">\n\t\t\t\t<div class=\"elementor-element elementor-element-b3a9adb elementor-widget elementor-widget-heading\" data-id=\"b3a9adb\" data-element_type=\"widget\" data-settings=\"{&quot;ekit_we_effect_on&quot;:&quot;none&quot;}\" data-widget_type=\"heading.default\">\n\t\t\t\t<div class=\"elementor-widget-container\">\n\t\t\t\t\t<h2 class=\"elementor-heading-title elementor-size-default\">Wohlstand: St\u00e4rkung von Gesellschaft und Wirtschaft<\/h2>\t\t\t\t<\/div>\n\t\t\t\t<\/div>\n\t\t\t\t<div class=\"elementor-element elementor-element-833d792 elementor-widget__width-initial elementor-widget elementor-widget-text-editor\" data-id=\"833d792\" data-element_type=\"widget\" data-settings=\"{&quot;ekit_we_effect_on&quot;:&quot;none&quot;}\" data-widget_type=\"text-editor.default\">\n\t\t\t\t<div class=\"elementor-widget-container\">\n\t\t\t\t\t\t\t\t\t<p>LANDU verwendet erneuerbare Materialien zur Herstellung nachhaltiger, innovativer Produkte, die den CO2-Fu\u00dfabdruck reduzieren. Wir arbeiten mit Interessengruppen zusammen, um den Fortschritt voranzutreiben und eine sicherere, nachhaltige Zukunft f\u00fcr alle zu gew\u00e4hrleisten.<\/p>\t\t\t\t\t\t\t\t<\/div>\n\t\t\t\t<\/div>\n\t\t\t\t<\/div>\n\t\t<div class=\"elementor-element elementor-element-b5b884c e-flex e-con-boxed e-con e-parent\" data-id=\"b5b884c\" data-element_type=\"container\" data-settings=\"{&quot;background_background&quot;:&quot;classic&quot;,&quot;ekit_has_onepagescroll_dot&quot;:&quot;yes&quot;}\">\n\t\t\t\t\t<div class=\"e-con-inner\">\n\t\t<div class=\"elementor-element elementor-element-59cbefb e-flex e-con-boxed e-con e-child\" data-id=\"59cbefb\" data-element_type=\"container\" data-settings=\"{&quot;background_background&quot;:&quot;classic&quot;,&quot;ekit_has_onepagescroll_dot&quot;:&quot;yes&quot;}\">\n\t\t\t\t\t<div class=\"e-con-inner\">\n\t\t\t\t<div class=\"elementor-element elementor-element-19944de elementor-widget elementor-widget-image\" data-id=\"19944de\" data-element_type=\"widget\" data-settings=\"{&quot;ekit_we_effect_on&quot;:&quot;none&quot;}\" data-widget_type=\"image.default\">\n\t\t\t\t<div class=\"elementor-widget-container\">\n\t\t\t\t\t\t\t\t\t\t\t\t\t\t\t<img fetchpriority=\"high\" decoding=\"async\" width=\"800\" height=\"530\" src=\"https:\/\/landu-china.com\/wp-content\/uploads\/2024\/06\/people-stand-in-a-circle-on-a-gray-background-1024x678-1.webp\" class=\"attachment-large size-large wp-image-149\" alt=\"\" srcset=\"https:\/\/landu-china.com\/wp-content\/uploads\/2024\/06\/people-stand-in-a-circle-on-a-gray-background-1024x678-1.webp 1024w, https:\/\/landu-china.com\/wp-content\/uploads\/2024\/06\/people-stand-in-a-circle-on-a-gray-background-1024x678-1-300x199.webp 300w, https:\/\/landu-china.com\/wp-content\/uploads\/2024\/06\/people-stand-in-a-circle-on-a-gray-background-1024x678-1-768x509.webp 768w\" sizes=\"(max-width: 800px) 100vw, 800px\" \/>\t\t\t\t\t\t\t\t\t\t\t\t\t\t\t<\/div>\n\t\t\t\t<\/div>\n\t\t\t\t<div class=\"elementor-element elementor-element-f07c876 elementor-widget elementor-widget-heading\" data-id=\"f07c876\" data-element_type=\"widget\" data-settings=\"{&quot;ekit_we_effect_on&quot;:&quot;none&quot;}\" data-widget_type=\"heading.default\">\n\t\t\t\t<div class=\"elementor-widget-container\">\n\t\t\t\t\t<h2 class=\"elementor-heading-title elementor-size-default\">Arbeitspl\u00e4tze und wirtschaftliche Nebeneffekte<\/h2>\t\t\t\t<\/div>\n\t\t\t\t<\/div>\n\t\t\t\t<div class=\"elementor-element elementor-element-11216bf elementor-widget elementor-widget-text-editor\" data-id=\"11216bf\" data-element_type=\"widget\" data-settings=\"{&quot;ekit_we_effect_on&quot;:&quot;none&quot;}\" data-widget_type=\"text-editor.default\">\n\t\t\t\t<div class=\"elementor-widget-container\">\n\t\t\t\t\t\t\t\t\t<p>Als Arbeitgeber, Lieferant, Kunde, Steuerzahler und Partner von Interessengruppen und Freiwilligenorganisationen haben wir einen erheblichen Einfluss auf unsere St\u00e4dte und Regionen, in denen wir t\u00e4tig sind.<\/p>\t\t\t\t\t\t\t\t<\/div>\n\t\t\t\t<\/div>\n\t\t\t\t<div class=\"elementor-element elementor-element-7972af3 elementor-widget elementor-widget-button\" data-id=\"7972af3\" data-element_type=\"widget\" data-settings=\"{&quot;ekit_we_effect_on&quot;:&quot;none&quot;}\" data-widget_type=\"button.default\">\n\t\t\t\t<div class=\"elementor-widget-container\">\n\t\t\t\t\t\t\t\t\t<div class=\"elementor-button-wrapper\">\n\t\t\t\t\t<a class=\"elementor-button elementor-button-link elementor-size-sm\" href=\"https:\/\/landu-china.com\/de\/integritat-in-aktion\/\" target=\"_blank\">\n\t\t\t\t\t\t<span class=\"elementor-button-content-wrapper\">\n\t\t\t\t\t\t<span class=\"elementor-button-icon\">\n\t\t\t\t<svg aria-hidden=\"true\" class=\"e-font-icon-svg e-fas-angle-right\" viewbox=\"0 0 256 512\" xmlns=\"http:\/\/www.w3.org\/2000\/svg\"><path d=\"M224.3 273l-136 136c-9.4 9.4-24.6 9.4-33.9 0l-22.6-22.6c-9.4-9.4-9.4-24.6 0-33.9l96.4-96.4-96.4-96.4c-9.4-9.4-9.4-24.6 0-33.9L54.3 103c9.4-9.4 24.6-9.4 33.9 0l136 136c9.5 9.4 9.5 24.6.1 34z\"><\/path><\/svg>\t\t\t<\/span>\n\t\t\t\t\t\t\t\t\t<span class=\"elementor-button-text\"> Mehr erfahren<\/span>\n\t\t\t\t\t<\/span>\n\t\t\t\t\t<\/a>\n\t\t\t\t<\/div>\n\t\t\t\t\t\t\t\t<\/div>\n\t\t\t\t<\/div>\n\t\t\t\t\t<\/div>\n\t\t\t\t<\/div>\n\t\t<div class=\"elementor-element elementor-element-71ea7e3 e-flex e-con-boxed e-con e-child\" data-id=\"71ea7e3\" data-element_type=\"container\" data-settings=\"{&quot;background_background&quot;:&quot;classic&quot;,&quot;ekit_has_onepagescroll_dot&quot;:&quot;yes&quot;}\">\n\t\t\t\t\t<div class=\"e-con-inner\">\n\t\t\t\t<div class=\"elementor-element elementor-element-c293339 elementor-widget elementor-widget-image\" data-id=\"c293339\" data-element_type=\"widget\" data-settings=\"{&quot;ekit_we_effect_on&quot;:&quot;none&quot;}\" data-widget_type=\"image.default\">\n\t\t\t\t<div class=\"elementor-widget-container\">\n\t\t\t\t\t\t\t\t\t\t\t\t\t\t\t<img decoding=\"async\" width=\"800\" height=\"533\" src=\"https:\/\/landu-china.com\/wp-content\/uploads\/2024\/06\/sponsoring-political-parties-and-community-groups-1024x682-1.webp\" class=\"attachment-large size-large wp-image-151\" alt=\"\" srcset=\"https:\/\/landu-china.com\/wp-content\/uploads\/2024\/06\/sponsoring-political-parties-and-community-groups-1024x682-1.webp 1024w, https:\/\/landu-china.com\/wp-content\/uploads\/2024\/06\/sponsoring-political-parties-and-community-groups-1024x682-1-300x200.webp 300w, https:\/\/landu-china.com\/wp-content\/uploads\/2024\/06\/sponsoring-political-parties-and-community-groups-1024x682-1-768x512.webp 768w\" sizes=\"(max-width: 800px) 100vw, 800px\" \/>\t\t\t\t\t\t\t\t\t\t\t\t\t\t\t<\/div>\n\t\t\t\t<\/div>\n\t\t\t\t<div class=\"elementor-element elementor-element-f7c4108 elementor-widget elementor-widget-heading\" data-id=\"f7c4108\" data-element_type=\"widget\" data-settings=\"{&quot;ekit_we_effect_on&quot;:&quot;none&quot;}\" data-widget_type=\"heading.default\">\n\t\t\t\t<div class=\"elementor-widget-container\">\n\t\t\t\t\t<h2 class=\"elementor-heading-title elementor-size-default\">Patenschaft: Unterst\u00fctzen und Partner werden<\/h2>\t\t\t\t<\/div>\n\t\t\t\t<\/div>\n\t\t\t\t<div class=\"elementor-element elementor-element-aacd7b3 elementor-widget elementor-widget-text-editor\" data-id=\"aacd7b3\" data-element_type=\"widget\" data-settings=\"{&quot;ekit_we_effect_on&quot;:&quot;none&quot;}\" data-widget_type=\"text-editor.default\">\n\t\t\t\t<div class=\"elementor-widget-container\">\n\t\t\t\t\t\t\t\t\t<p>Wir streben danach, dass unsere Unternehmenskultur von einer starken Marktorientierung, kontinuierlicher Innovation und der F\u00e4higkeit, Ver\u00e4nderungen anzunehmen und voranzutreiben, gepr\u00e4gt ist.<\/p>\t\t\t\t\t\t\t\t<\/div>\n\t\t\t\t<\/div>\n\t\t\t\t<div class=\"elementor-element elementor-element-623c2a7 elementor-widget elementor-widget-button\" data-id=\"623c2a7\" data-element_type=\"widget\" data-settings=\"{&quot;ekit_we_effect_on&quot;:&quot;none&quot;}\" data-widget_type=\"button.default\">\n\t\t\t\t<div class=\"elementor-widget-container\">\n\t\t\t\t\t\t\t\t\t<div class=\"elementor-button-wrapper\">\n\t\t\t\t\t<a class=\"elementor-button elementor-button-link elementor-size-sm\" href=\"https:\/\/landu-china.com\/de\/integritat-in-aktion\/\" target=\"_blank\">\n\t\t\t\t\t\t<span class=\"elementor-button-content-wrapper\">\n\t\t\t\t\t\t<span class=\"elementor-button-icon\">\n\t\t\t\t<svg aria-hidden=\"true\" class=\"e-font-icon-svg e-fas-angle-right\" viewbox=\"0 0 256 512\" xmlns=\"http:\/\/www.w3.org\/2000\/svg\"><path d=\"M224.3 273l-136 136c-9.4 9.4-24.6 9.4-33.9 0l-22.6-22.6c-9.4-9.4-9.4-24.6 0-33.9l96.4-96.4-96.4-96.4c-9.4-9.4-9.4-24.6 0-33.9L54.3 103c9.4-9.4 24.6-9.4 33.9 0l136 136c9.5 9.4 9.5 24.6.1 34z\"><\/path><\/svg>\t\t\t<\/span>\n\t\t\t\t\t\t\t\t\t<span class=\"elementor-button-text\"> Mehr erfahren<\/span>\n\t\t\t\t\t<\/span>\n\t\t\t\t\t<\/a>\n\t\t\t\t<\/div>\n\t\t\t\t\t\t\t\t<\/div>\n\t\t\t\t<\/div>\n\t\t\t\t\t<\/div>\n\t\t\t\t<\/div>\n\t\t<div class=\"elementor-element elementor-element-3fcad5e e-flex e-con-boxed e-con e-child\" data-id=\"3fcad5e\" data-element_type=\"container\" data-settings=\"{&quot;background_background&quot;:&quot;classic&quot;,&quot;ekit_has_onepagescroll_dot&quot;:&quot;yes&quot;}\">\n\t\t\t\t\t<div class=\"e-con-inner\">\n\t\t\t\t<div class=\"elementor-element elementor-element-f535dd5 elementor-widget elementor-widget-image\" data-id=\"f535dd5\" data-element_type=\"widget\" data-settings=\"{&quot;ekit_we_effect_on&quot;:&quot;none&quot;}\" data-widget_type=\"image.default\">\n\t\t\t\t<div class=\"elementor-widget-container\">\n\t\t\t\t\t\t\t\t\t\t\t\t\t\t\t<img decoding=\"async\" width=\"800\" height=\"533\" src=\"https:\/\/landu-china.com\/wp-content\/uploads\/2024\/06\/male-high-school-tutor-teaching-high-school-students-wearing-uniforms-in-science-class-1024x682-1.webp\" class=\"attachment-large size-large wp-image-148\" alt=\"\" srcset=\"https:\/\/landu-china.com\/wp-content\/uploads\/2024\/06\/male-high-school-tutor-teaching-high-school-students-wearing-uniforms-in-science-class-1024x682-1.webp 1024w, https:\/\/landu-china.com\/wp-content\/uploads\/2024\/06\/male-high-school-tutor-teaching-high-school-students-wearing-uniforms-in-science-class-1024x682-1-300x200.webp 300w, https:\/\/landu-china.com\/wp-content\/uploads\/2024\/06\/male-high-school-tutor-teaching-high-school-students-wearing-uniforms-in-science-class-1024x682-1-768x512.webp 768w\" sizes=\"(max-width: 800px) 100vw, 800px\" \/>\t\t\t\t\t\t\t\t\t\t\t\t\t\t\t<\/div>\n\t\t\t\t<\/div>\n\t\t\t\t<div class=\"elementor-element elementor-element-3d3685e elementor-widget elementor-widget-heading\" data-id=\"3d3685e\" data-element_type=\"widget\" data-settings=\"{&quot;ekit_we_effect_on&quot;:&quot;none&quot;}\" data-widget_type=\"heading.default\">\n\t\t\t\t<div class=\"elementor-widget-container\">\n\t\t\t\t\t<h2 class=\"elementor-heading-title elementor-size-default\">Zusammenarbeit in der Bildung: Partnerschaften f\u00fcr Wissen\n<\/h2>\t\t\t\t<\/div>\n\t\t\t\t<\/div>\n\t\t\t\t<div class=\"elementor-element elementor-element-c593641 elementor-widget elementor-widget-text-editor\" data-id=\"c593641\" data-element_type=\"widget\" data-settings=\"{&quot;ekit_we_effect_on&quot;:&quot;none&quot;}\" data-widget_type=\"text-editor.default\">\n\t\t\t\t<div class=\"elementor-widget-container\">\n\t\t\t\t\t\t\t\t\t<p>LANDU arbeitet eng mit Schulen und Bildungseinrichtungen zusammen, um Lernm\u00f6glichkeiten und akademische Ergebnisse zu verbessern.<\/p>\t\t\t\t\t\t\t\t<\/div>\n\t\t\t\t<\/div>\n\t\t\t\t<div class=\"elementor-element elementor-element-cd0ae46 elementor-widget elementor-widget-button\" data-id=\"cd0ae46\" data-element_type=\"widget\" data-settings=\"{&quot;ekit_we_effect_on&quot;:&quot;none&quot;}\" data-widget_type=\"button.default\">\n\t\t\t\t<div class=\"elementor-widget-container\">\n\t\t\t\t\t\t\t\t\t<div class=\"elementor-button-wrapper\">\n\t\t\t\t\t<a class=\"elementor-button elementor-button-link elementor-size-sm\" href=\"https:\/\/landu-china.com\/de\/integritat-in-aktion\/\" target=\"_blank\">\n\t\t\t\t\t\t<span class=\"elementor-button-content-wrapper\">\n\t\t\t\t\t\t<span class=\"elementor-button-icon\">\n\t\t\t\t<svg aria-hidden=\"true\" class=\"e-font-icon-svg e-fas-angle-right\" viewbox=\"0 0 256 512\" xmlns=\"http:\/\/www.w3.org\/2000\/svg\"><path d=\"M224.3 273l-136 136c-9.4 9.4-24.6 9.4-33.9 0l-22.6-22.6c-9.4-9.4-9.4-24.6 0-33.9l96.4-96.4-96.4-96.4c-9.4-9.4-9.4-24.6 0-33.9L54.3 103c9.4-9.4 24.6-9.4 33.9 0l136 136c9.5 9.4 9.5 24.6.1 34z\"><\/path><\/svg>\t\t\t<\/span>\n\t\t\t\t\t\t\t\t\t<span class=\"elementor-button-text\"> Mehr erfahren<\/span>\n\t\t\t\t\t<\/span>\n\t\t\t\t\t<\/a>\n\t\t\t\t<\/div>\n\t\t\t\t\t\t\t\t<\/div>\n\t\t\t\t<\/div>\n\t\t\t\t\t<\/div>\n\t\t\t\t<\/div>\n\t\t\t\t\t<\/div>\n\t\t\t\t<\/div>\n\t\t\t\t<\/div>","protected":false},"excerpt":{"rendered":"<p>Wohlstand: F\u00f6rderung von Gesellschaft und Wirtschaft LANDU verwendet erneuerbare Materialien zur Herstellung nachhaltiger, innovativer Produkte, die den CO2-Fu\u00dfabdruck verringern. Wir arbeiten mit Interessengruppen zusammen, um den Fortschritt voranzutreiben und eine sicherere, nachhaltige Zukunft f\u00fcr alle zu gew\u00e4hrleisten. Arbeitspl\u00e4tze und wirtschaftliche Auswirkungen Als Arbeitgeber, Lieferant, Kunde, Steuerzahler und Partner von Interessengruppen und Freiwilligenorganisationen haben wir einen erheblichen Einfluss auf unsere [...]<\/p>","protected":false},"author":1,"featured_media":0,"parent":137,"menu_order":0,"comment_status":"closed","ping_status":"closed","template":"elementor_header_footer","meta":{"footnotes":""},"class_list":["post-13644","page","type-page","status-publish","hentry"],"_links":{"self":[{"href":"https:\/\/landu-china.com\/de\/wp-json\/wp\/v2\/pages\/13644","targetHints":{"allow":["GET"]}}],"collection":[{"href":"https:\/\/landu-china.com\/de\/wp-json\/wp\/v2\/pages"}],"about":[{"href":"https:\/\/landu-china.com\/de\/wp-json\/wp\/v2\/types\/page"}],"author":[{"embeddable":true,"href":"https:\/\/landu-china.com\/de\/wp-json\/wp\/v2\/users\/1"}],"replies":[{"embeddable":true,"href":"https:\/\/landu-china.com\/de\/wp-json\/wp\/v2\/comments?post=13644"}],"version-history":[{"count":16,"href":"https:\/\/landu-china.com\/de\/wp-json\/wp\/v2\/pages\/13644\/revisions"}],"predecessor-version":[{"id":19463,"href":"https:\/\/landu-china.com\/de\/wp-json\/wp\/v2\/pages\/13644\/revisions\/19463"}],"up":[{"embeddable":true,"href":"https:\/\/landu-china.com\/de\/wp-json\/wp\/v2\/pages\/137"}],"wp:attachment":[{"href":"https:\/\/landu-china.com\/de\/wp-json\/wp\/v2\/media?parent=13644"}],"curies":[{"name":"wp","href":"https:\/\/api.w.org\/{rel}","templated":true}]}}